{"id":110631,"date":"2025-09-05T14:18:16","date_gmt":"2025-09-05T12:18:16","guid":{"rendered":"https:\/\/www.bagnoitalia.com\/90x90-cm-hydromassage-cabin-with-turkish-bath-chromotherapy-and-ozone-therapy-cb107.html"},"modified":"2025-09-05T14:19:55","modified_gmt":"2025-09-05T12:19:55","slug":"90x90-cm-hydromassage-cabin-with-turkish-bath-chromotherapy-and-ozone-therapy-cb107","status":"publish","type":"product","link":"https:\/\/www.bagnoitalia.com\/fr\/produit\/90x90-cm-hydromassage-cabin-with-turkish-bath-chromotherapy-and-ozone-therapy-cb107.html","title":{"rendered":"Cabine d&rsquo;hydromassage 90 x 90 cm avec bain turc, chromoth\u00e9rapie et ozonoth\u00e9rapie CB107"},"content":{"rendered":"<p><strong><span style=\"font-size: 14pt;\">Cabine de douche hydromassante 90 x 90 cm avec bain turc CB107<\/span><\/strong><\/p>\n<p><img fetchpriority=\"high\" decoding=\"async\" class=\"alignnone size-full wp-image-99625\" src=\"https:\/\/www.bagnoitalia.it\/wp-content\/uploads\/importante-scarico-non-vincolante-cabina-idromassaggio-box.jpg\" alt=\"\" width=\"812\" height=\"185\" \/><\/p>\n<p>D\u00c9TAILS DU PRODUIT<\/p>\n<p>Cabine d&rsquo;hydromassage semi-circulaire 90 x 90 cm<\/p>\n<p>Hauteur 215 cm<\/p>\n<p>Avec 6 jets d&rsquo;hydromassage<\/p>\n<p>Receveur de douche en r\u00e9sine ABS renforc\u00e9e \u00e0 trois couches<\/p>\n<p>Verre de s\u00e9curit\u00e9 tremp\u00e9 de 6,5 mm<\/p>\n<p>Panneau de commande num\u00e9rique \u00e0 \u00e9cran tactile<\/p>\n<p>Bain turc<\/p>\n<p>Ozonoth\u00e9rapie<\/p>\n<p>Chromoth\u00e9rapie<\/p>\n<p>Radio FM avec haut-parleur<\/p>\n<p>Massage des pieds<\/p>\n<p>Pommeau de douche (sur le toit)<\/p>\n<p>Pommeau de douche lat\u00e9ral<\/p>\n<p>Miroir<\/p>\n<p>\u00c9tag\u00e8re \u00e0 bouteilles<\/p>\n<p>&nbsp;<\/p>\n","protected":false},"excerpt":{"rendered":"<p>Cabine de douche avec 6 jets d&rsquo;hydromassage. \u00c9quip\u00e9e d&rsquo;un receveur de douche, d&rsquo;une pomme de douche et d&rsquo;un \u00e9clairage, d&rsquo;un syst\u00e8me d&rsquo;ozonoth\u00e9rapie, de chromoth\u00e9rapie et de bain turc.<\/p>\n","protected":false},"featured_media":110614,"comment_status":"open","ping_status":"closed","template":"","meta":[],"product_brand":[9924],"product_cat":[9735],"product_tag":[],"class_list":{"0":"post-110631","1":"product","2":"type-product","3":"status-publish","4":"has-post-thumbnail","6":"product_brand-predator-arredo-casa-fr","7":"product_cat-cabine-d-39-hydromassage","9":"first","10":"instock","11":"sale","12":"taxable","13":"shipping-taxable","14":"purchasable","15":"product-type-simple"},"exclude_global_add_ons":[],"addons":[],"yoast_head":"<!-- This site is optimized with the Yoast SEO plugin v26.7 - https:\/\/yoast.com\/wordpress\/plugins\/seo\/ -->\n<title>Cabine d&#039;hydromassage 90 x 90 cm avec bain turc, chromoth\u00e9rapie et ozonoth\u00e9rapie CB107 - Bagno Italia<\/title>\n<meta name=\"robots\" content=\"index, follow, max-snippet:-1, max-image-preview:large, max-video-preview:-1\" \/>\n<link rel=\"canonical\" href=\"https:\/\/www.bagnoitalia.com\/fr\/produit\/90x90-cm-hydromassage-cabin-with-turkish-bath-chromotherapy-and-ozone-therapy-cb107.html\" \/>\n<meta property=\"og:locale\" content=\"fr_FR\" \/>\n<meta property=\"og:type\" content=\"article\" \/>\n<meta property=\"og:title\" content=\"Cabine d&#039;hydromassage 90 x 90 cm avec bain turc, chromoth\u00e9rapie et ozonoth\u00e9rapie CB107 - Bagno Italia\" \/>\n<meta property=\"og:description\" content=\"Cabine de douche avec 6 jets d&#039;hydromassage. \u00c9quip\u00e9e d&#039;un receveur de douche, d&#039;une pomme de douche et d&#039;un \u00e9clairage, d&#039;un syst\u00e8me d&#039;ozonoth\u00e9rapie, de chromoth\u00e9rapie et de bain turc.\" \/>\n<meta property=\"og:url\" content=\"https:\/\/www.bagnoitalia.com\/fr\/produit\/90x90-cm-hydromassage-cabin-with-turkish-bath-chromotherapy-and-ozone-therapy-cb107.html\" \/>\n<meta property=\"og:site_name\" content=\"Bagno Italia\" \/>\n<meta property=\"article:modified_time\" content=\"2025-09-05T12:19:55+00:00\" \/>\n<meta property=\"og:image\" content=\"https:\/\/img.bagnoitalia.com\/wp-content\/uploads\/1-38.jpg\" \/>\n\t<meta property=\"og:image:width\" content=\"591\" \/>\n\t<meta property=\"og:image:height\" content=\"590\" \/>\n\t<meta property=\"og:image:type\" content=\"image\/jpeg\" \/>\n<meta name=\"twitter:card\" content=\"summary_large_image\" \/>\n<meta name=\"twitter:label1\" content=\"Dur\u00e9e de lecture estim\u00e9e\" \/>\n\t<meta name=\"twitter:data1\" content=\"1 minute\" \/>\n<script type=\"application\/ld+json\" class=\"yoast-schema-graph\">{\"@context\":\"https:\/\/schema.org\",\"@graph\":[{\"@type\":\"WebPage\",\"@id\":\"https:\/\/www.bagnoitalia.com\/fr\/produit\/90x90-cm-hydromassage-cabin-with-turkish-bath-chromotherapy-and-ozone-therapy-cb107.html\",\"url\":\"https:\/\/www.bagnoitalia.com\/fr\/produit\/90x90-cm-hydromassage-cabin-with-turkish-bath-chromotherapy-and-ozone-therapy-cb107.html\",\"name\":\"Cabine d'hydromassage 90 x 90 cm avec bain turc, chromoth\u00e9rapie et ozonoth\u00e9rapie CB107 - Bagno Italia\",\"isPartOf\":{\"@id\":\"https:\/\/www.bagnoitalia.com\/fr#website\"},\"primaryImageOfPage\":{\"@id\":\"https:\/\/www.bagnoitalia.com\/fr\/produit\/90x90-cm-hydromassage-cabin-with-turkish-bath-chromotherapy-and-ozone-therapy-cb107.html#primaryimage\"},\"image\":{\"@id\":\"https:\/\/www.bagnoitalia.com\/fr\/produit\/90x90-cm-hydromassage-cabin-with-turkish-bath-chromotherapy-and-ozone-therapy-cb107.html#primaryimage\"},\"thumbnailUrl\":\"https:\/\/img.bagnoitalia.com\/wp-content\/uploads\/1-38.jpg\",\"datePublished\":\"2025-09-05T12:18:16+00:00\",\"dateModified\":\"2025-09-05T12:19:55+00:00\",\"breadcrumb\":{\"@id\":\"https:\/\/www.bagnoitalia.com\/fr\/produit\/90x90-cm-hydromassage-cabin-with-turkish-bath-chromotherapy-and-ozone-therapy-cb107.html#breadcrumb\"},\"inLanguage\":\"fr-FR\",\"potentialAction\":[{\"@type\":\"ReadAction\",\"target\":[\"https:\/\/www.bagnoitalia.com\/fr\/produit\/90x90-cm-hydromassage-cabin-with-turkish-bath-chromotherapy-and-ozone-therapy-cb107.html\"]}]},{\"@type\":\"ImageObject\",\"inLanguage\":\"fr-FR\",\"@id\":\"https:\/\/www.bagnoitalia.com\/fr\/produit\/90x90-cm-hydromassage-cabin-with-turkish-bath-chromotherapy-and-ozone-therapy-cb107.html#primaryimage\",\"url\":\"https:\/\/img.bagnoitalia.com\/wp-content\/uploads\/1-38.jpg\",\"contentUrl\":\"https:\/\/img.bagnoitalia.com\/wp-content\/uploads\/1-38.jpg\",\"width\":591,\"height\":590},{\"@type\":\"BreadcrumbList\",\"@id\":\"https:\/\/www.bagnoitalia.com\/fr\/produit\/90x90-cm-hydromassage-cabin-with-turkish-bath-chromotherapy-and-ozone-therapy-cb107.html#breadcrumb\",\"itemListElement\":[{\"@type\":\"ListItem\",\"position\":1,\"name\":\"Home\",\"item\":\"https:\/\/www.bagnoitalia.com\/fr\"},{\"@type\":\"ListItem\",\"position\":2,\"name\":\"Produits\",\"item\":\"https:\/\/www.bagnoitalia.com\/fr\/shop\"},{\"@type\":\"ListItem\",\"position\":3,\"name\":\"Cabine d&#8217;hydromassage 90 x 90 cm avec bain turc, chromoth\u00e9rapie et ozonoth\u00e9rapie CB107\"}]},{\"@type\":\"WebSite\",\"@id\":\"https:\/\/www.bagnoitalia.com\/fr#website\",\"url\":\"https:\/\/www.bagnoitalia.com\/fr\",\"name\":\"Bagno Italia\",\"description\":\"\",\"publisher\":{\"@id\":\"https:\/\/www.bagnoitalia.com\/fr#organization\"},\"potentialAction\":[{\"@type\":\"SearchAction\",\"target\":{\"@type\":\"EntryPoint\",\"urlTemplate\":\"https:\/\/www.bagnoitalia.com\/fr?s={search_term_string}\"},\"query-input\":{\"@type\":\"PropertyValueSpecification\",\"valueRequired\":true,\"valueName\":\"search_term_string\"}}],\"inLanguage\":\"fr-FR\"},{\"@type\":\"Organization\",\"@id\":\"https:\/\/www.bagnoitalia.com\/fr#organization\",\"name\":\"Bagno Italia\",\"url\":\"https:\/\/www.bagnoitalia.com\/fr\",\"logo\":{\"@type\":\"ImageObject\",\"inLanguage\":\"fr-FR\",\"@id\":\"https:\/\/www.bagnoitalia.com\/fr#\/schema\/logo\/image\/\",\"url\":\"https:\/\/img.bagnoitalia.com\/wp-content\/uploads\/logo-bagnoitalia.webp\",\"contentUrl\":\"https:\/\/img.bagnoitalia.com\/wp-content\/uploads\/logo-bagnoitalia.webp\",\"width\":400,\"height\":70,\"caption\":\"Bagno Italia\"},\"image\":{\"@id\":\"https:\/\/www.bagnoitalia.com\/fr#\/schema\/logo\/image\/\"}}]}<\/script>\n<!-- \/ Yoast SEO plugin. -->","yoast_head_json":{"title":"Cabine d'hydromassage 90 x 90 cm avec bain turc, chromoth\u00e9rapie et ozonoth\u00e9rapie CB107 - Bagno Italia","robots":{"index":"index","follow":"follow","max-snippet":"max-snippet:-1","max-image-preview":"max-image-preview:large","max-video-preview":"max-video-preview:-1"},"canonical":"https:\/\/www.bagnoitalia.com\/fr\/produit\/90x90-cm-hydromassage-cabin-with-turkish-bath-chromotherapy-and-ozone-therapy-cb107.html","og_locale":"fr_FR","og_type":"article","og_title":"Cabine d'hydromassage 90 x 90 cm avec bain turc, chromoth\u00e9rapie et ozonoth\u00e9rapie CB107 - Bagno Italia","og_description":"Cabine de douche avec 6 jets d'hydromassage. \u00c9quip\u00e9e d'un receveur de douche, d'une pomme de douche et d'un \u00e9clairage, d'un syst\u00e8me d'ozonoth\u00e9rapie, de chromoth\u00e9rapie et de bain turc.","og_url":"https:\/\/www.bagnoitalia.com\/fr\/produit\/90x90-cm-hydromassage-cabin-with-turkish-bath-chromotherapy-and-ozone-therapy-cb107.html","og_site_name":"Bagno Italia","article_modified_time":"2025-09-05T12:19:55+00:00","og_image":[{"width":591,"height":590,"url":"https:\/\/img.bagnoitalia.com\/wp-content\/uploads\/1-38.jpg","type":"image\/jpeg"}],"twitter_card":"summary_large_image","twitter_misc":{"Dur\u00e9e de lecture estim\u00e9e":"1 minute"},"schema":{"@context":"https:\/\/schema.org","@graph":[{"@type":"WebPage","@id":"https:\/\/www.bagnoitalia.com\/fr\/produit\/90x90-cm-hydromassage-cabin-with-turkish-bath-chromotherapy-and-ozone-therapy-cb107.html","url":"https:\/\/www.bagnoitalia.com\/fr\/produit\/90x90-cm-hydromassage-cabin-with-turkish-bath-chromotherapy-and-ozone-therapy-cb107.html","name":"Cabine d'hydromassage 90 x 90 cm avec bain turc, chromoth\u00e9rapie et ozonoth\u00e9rapie CB107 - Bagno Italia","isPartOf":{"@id":"https:\/\/www.bagnoitalia.com\/fr#website"},"primaryImageOfPage":{"@id":"https:\/\/www.bagnoitalia.com\/fr\/produit\/90x90-cm-hydromassage-cabin-with-turkish-bath-chromotherapy-and-ozone-therapy-cb107.html#primaryimage"},"image":{"@id":"https:\/\/www.bagnoitalia.com\/fr\/produit\/90x90-cm-hydromassage-cabin-with-turkish-bath-chromotherapy-and-ozone-therapy-cb107.html#primaryimage"},"thumbnailUrl":"https:\/\/img.bagnoitalia.com\/wp-content\/uploads\/1-38.jpg","datePublished":"2025-09-05T12:18:16+00:00","dateModified":"2025-09-05T12:19:55+00:00","breadcrumb":{"@id":"https:\/\/www.bagnoitalia.com\/fr\/produit\/90x90-cm-hydromassage-cabin-with-turkish-bath-chromotherapy-and-ozone-therapy-cb107.html#breadcrumb"},"inLanguage":"fr-FR","potentialAction":[{"@type":"ReadAction","target":["https:\/\/www.bagnoitalia.com\/fr\/produit\/90x90-cm-hydromassage-cabin-with-turkish-bath-chromotherapy-and-ozone-therapy-cb107.html"]}]},{"@type":"ImageObject","inLanguage":"fr-FR","@id":"https:\/\/www.bagnoitalia.com\/fr\/produit\/90x90-cm-hydromassage-cabin-with-turkish-bath-chromotherapy-and-ozone-therapy-cb107.html#primaryimage","url":"https:\/\/img.bagnoitalia.com\/wp-content\/uploads\/1-38.jpg","contentUrl":"https:\/\/img.bagnoitalia.com\/wp-content\/uploads\/1-38.jpg","width":591,"height":590},{"@type":"BreadcrumbList","@id":"https:\/\/www.bagnoitalia.com\/fr\/produit\/90x90-cm-hydromassage-cabin-with-turkish-bath-chromotherapy-and-ozone-therapy-cb107.html#breadcrumb","itemListElement":[{"@type":"ListItem","position":1,"name":"Home","item":"https:\/\/www.bagnoitalia.com\/fr"},{"@type":"ListItem","position":2,"name":"Produits","item":"https:\/\/www.bagnoitalia.com\/fr\/shop"},{"@type":"ListItem","position":3,"name":"Cabine d&#8217;hydromassage 90 x 90 cm avec bain turc, chromoth\u00e9rapie et ozonoth\u00e9rapie CB107"}]},{"@type":"WebSite","@id":"https:\/\/www.bagnoitalia.com\/fr#website","url":"https:\/\/www.bagnoitalia.com\/fr","name":"Bagno Italia","description":"","publisher":{"@id":"https:\/\/www.bagnoitalia.com\/fr#organization"},"potentialAction":[{"@type":"SearchAction","target":{"@type":"EntryPoint","urlTemplate":"https:\/\/www.bagnoitalia.com\/fr?s={search_term_string}"},"query-input":{"@type":"PropertyValueSpecification","valueRequired":true,"valueName":"search_term_string"}}],"inLanguage":"fr-FR"},{"@type":"Organization","@id":"https:\/\/www.bagnoitalia.com\/fr#organization","name":"Bagno Italia","url":"https:\/\/www.bagnoitalia.com\/fr","logo":{"@type":"ImageObject","inLanguage":"fr-FR","@id":"https:\/\/www.bagnoitalia.com\/fr#\/schema\/logo\/image\/","url":"https:\/\/img.bagnoitalia.com\/wp-content\/uploads\/logo-bagnoitalia.webp","contentUrl":"https:\/\/img.bagnoitalia.com\/wp-content\/uploads\/logo-bagnoitalia.webp","width":400,"height":70,"caption":"Bagno Italia"},"image":{"@id":"https:\/\/www.bagnoitalia.com\/fr#\/schema\/logo\/image\/"}}]}},"_links":{"self":[{"href":"https:\/\/www.bagnoitalia.com\/fr\/wp-json\/wp\/v2\/product\/110631","targetHints":{"allow":["GET"]}}],"collection":[{"href":"https:\/\/www.bagnoitalia.com\/fr\/wp-json\/wp\/v2\/product"}],"about":[{"href":"https:\/\/www.bagnoitalia.com\/fr\/wp-json\/wp\/v2\/types\/product"}],"replies":[{"embeddable":true,"href":"https:\/\/www.bagnoitalia.com\/fr\/wp-json\/wp\/v2\/comments?post=110631"}],"version-history":[{"count":2,"href":"https:\/\/www.bagnoitalia.com\/fr\/wp-json\/wp\/v2\/product\/110631\/revisions"}],"predecessor-version":[{"id":110635,"href":"https:\/\/www.bagnoitalia.com\/fr\/wp-json\/wp\/v2\/product\/110631\/revisions\/110635"}],"wp:featuredmedia":[{"embeddable":true,"href":"https:\/\/www.bagnoitalia.com\/fr\/wp-json\/wp\/v2\/media\/110614"}],"wp:attachment":[{"href":"https:\/\/www.bagnoitalia.com\/fr\/wp-json\/wp\/v2\/media?parent=110631"}],"wp:term":[{"taxonomy":"product_brand","embeddable":true,"href":"https:\/\/www.bagnoitalia.com\/fr\/wp-json\/wp\/v2\/product_brand?post=110631"},{"taxonomy":"product_cat","embeddable":true,"href":"https:\/\/www.bagnoitalia.com\/fr\/wp-json\/wp\/v2\/product_cat?post=110631"},{"taxonomy":"product_tag","embeddable":true,"href":"https:\/\/www.bagnoitalia.com\/fr\/wp-json\/wp\/v2\/product_tag?post=110631"}],"curies":[{"name":"wp","href":"https:\/\/api.w.org\/{rel}","templated":true}]}}