{"id":109003,"date":"2025-06-11T15:34:31","date_gmt":"2025-06-11T13:34:31","guid":{"rendered":"https:\/\/www.bagnoitalia.com\/whirlpool-210x160-cm-with-blue-interior-33-jets-heater-and-leds-mp72.html"},"modified":"2025-06-13T14:47:43","modified_gmt":"2025-06-13T12:47:43","slug":"whirlpool-210x160-cm-with-blue-interior-33-jets-heater-and-leds-mp72","status":"publish","type":"product","link":"https:\/\/www.bagnoitalia.com\/fr\/produit\/whirlpool-210x160-cm-with-blue-interior-33-jets-heater-and-leds-mp72.html","title":{"rendered":"Whirlpool 210&#215;160 cm avec int\u00e9rieur bleu 33 jets chauffage et LED MP72"},"content":{"rendered":"<p>Mini-piscine pour 3 personnes avec massage \u00e0 l&rsquo;eau et \u00e0 l&rsquo;air MP72<\/p>\n<p>Bain \u00e0 remous en acrylique, total 33 jets en aluminium, pompe de recirculation, pompe \u00e0 air, pompe \u00e0 remous, panneau de contr\u00f4le Balboa, chauffage Balboa, D\u00e9sinfectant UV, syst\u00e8me de filtration, \u00e9clairage LED, 3 si\u00e8ges (1 lounge).<\/p>\n<p>Housse isotherme incluse.<\/p>\n<p>Poids \u00e0 vide 270 kg, volume d&rsquo;eau 0,95 m3, certifi\u00e9 CE.<\/p>\n<p>Couleur int\u00e9rieure : bleu ;<\/p>\n<p>couleur ext\u00e9rieure : gris.<\/p>\n<p>Dimensions : 2100 x 1600 x 790 mm : 2100 x 1600 x 790 mm<\/p>\n<p>OFFRE : Couverture ISOTHERMAL d&rsquo;une valeur de 380\u20ac en cadeau.<\/p>\n<p>Instructions d&rsquo;installation du spa :<\/p>\n<p>&#8211; remplissage\/vidange inclus au moyen d&rsquo;une vanne de remplissage et de vidange,<\/p>\n<p>&#8211; facile \u00e0 brancher sur le r\u00e9seau \u00e9lectrique gr\u00e2ce \u00e0 une simple prise,<\/p>\n<p>&#8211; s&rsquo;adapte aussi bien aux espaces ferm\u00e9s qu&rsquo;aux espaces ouverts.<\/p>\n<p>La consommation maximale est de 3 kW car il est pr\u00e9vu que si le r\u00e9chauffeur fonctionne, les pompes du bain \u00e0 remous s&rsquo;arr\u00eatent automatiquement et vice versa. Ce r\u00e9glage peut \u00eatre modifi\u00e9 via le panneau de commande.<\/p>\n<p>&nbsp;<\/p>\n<p>MESURES 2100 x 1600 x 790 mm<br \/>\nMAT\u00c9RIAU ACRYLIQUE (r\u00e9sine de verre renforc\u00e9e)<br \/>\nREV\u00caTEMENT EXT\u00c9RIEUR PVC EFFET BOIS<br \/>\nCONDITIONS \u00c9LECTRIQUES 220V\/50HZ<br \/>\nPOMPES D&rsquo;HYDROMASSAGE (2cv) 1<br \/>\nPOMPE D&rsquo;AIR (400w) 1<br \/>\nPOMPE DE RECYCLAGE (0. 35cv) 1<br \/>\nCHAUFFAGE max. 40\u00b0 (3kw) 1 (BALBOA)<br \/>\nDESINFCTANT UV 1<br \/>\nFILTRE 1 FILTRE<br \/>\nBALBOA GS501Z COMPUTERISED CONTROL BOX<br \/>\nLED LIGHTER UNDERGROUND CHROMOTHERAPY 1<br \/>\nHYDROMASSAGE JETS 27<br \/>\nAIR JETS 6<br \/>\nINTERIOR COLOUR BLUE<br \/>\nACRYLIC BASE SI<br \/>\nSEATS 2<br \/>\nLOUNGE 1<br \/>\nHEADREST 3<br \/>\nISOTHERMAL COVER 1<br \/>\nEMPTY WEIGHT 270kg<br \/>\nWATER VOLUME 0. 95 m3<\/p>\n","protected":false},"excerpt":{"rendered":"<p>Mini bain \u00e0 remous avec eau et air, 33 jets, pour 3 personnes, D\u00e9sinfectant UV, chauffage.<\/p>\n","protected":false},"featured_media":108982,"comment_status":"open","ping_status":"closed","template":"","meta":[],"product_brand":[9909],"product_cat":[10069],"product_tag":[],"class_list":{"0":"post-109003","1":"product","2":"type-product","3":"status-publish","4":"has-post-thumbnail","6":"product_brand-puntorelax-fr","7":"product_cat-piscines-exterieures-a-hydromassage","9":"first","10":"instock","11":"sale","12":"taxable","13":"shipping-taxable","14":"purchasable","15":"product-type-simple"},"exclude_global_add_ons":false,"addons":[{"name":"Accessoires","type":"multiple_choice","position":0,"required":true,"title_format":"heading","default":"","description_enable":false,"description":"","placeholder_enable":false,"placeholder":"","display":"select","restrictions_type":"any_text","adjust_price":false,"price":"","price_type":"flat_fee","restrictions":false,"min":"0","max":"0","options":[{"label":"sans \u00e9chelle","price":"","price_type":"quantity_based","image":0,"visibility":true},{"label":"avec \u00e9chelle","price":"229","price_type":"quantity_based","image":0,"visibility":true}],"id":1749656073}],"yoast_head":"<!-- This site is optimized with the Yoast SEO plugin v26.7 - https:\/\/yoast.com\/wordpress\/plugins\/seo\/ -->\n<title>Whirlpool 210x160 cm avec int\u00e9rieur bleu 33 jets chauffage et LED MP72 - Bagno Italia<\/title>\n<meta name=\"robots\" content=\"index, follow, max-snippet:-1, max-image-preview:large, max-video-preview:-1\" \/>\n<link rel=\"canonical\" href=\"https:\/\/www.bagnoitalia.com\/fr\/produit\/whirlpool-210x160-cm-with-blue-interior-33-jets-heater-and-leds-mp72.html\" \/>\n<meta property=\"og:locale\" content=\"fr_FR\" \/>\n<meta property=\"og:type\" content=\"article\" \/>\n<meta property=\"og:title\" content=\"Whirlpool 210x160 cm avec int\u00e9rieur bleu 33 jets chauffage et LED MP72 - Bagno Italia\" \/>\n<meta property=\"og:description\" content=\"Mini bain \u00e0 remous avec eau et air, 33 jets, pour 3 personnes, D\u00e9sinfectant UV, chauffage.\" \/>\n<meta property=\"og:url\" content=\"https:\/\/www.bagnoitalia.com\/fr\/produit\/whirlpool-210x160-cm-with-blue-interior-33-jets-heater-and-leds-mp72.html\" \/>\n<meta property=\"og:site_name\" content=\"Bagno Italia\" \/>\n<meta property=\"article:modified_time\" content=\"2025-06-13T12:47:43+00:00\" \/>\n<meta property=\"og:image\" content=\"https:\/\/img.bagnoitalia.com\/wp-content\/uploads\/1-31.jpg\" \/>\n\t<meta property=\"og:image:width\" content=\"1000\" \/>\n\t<meta property=\"og:image:height\" content=\"1000\" \/>\n\t<meta property=\"og:image:type\" content=\"image\/jpeg\" \/>\n<meta name=\"twitter:card\" content=\"summary_large_image\" \/>\n<meta name=\"twitter:label1\" content=\"Dur\u00e9e de lecture estim\u00e9e\" \/>\n\t<meta name=\"twitter:data1\" content=\"2 minutes\" \/>\n<script type=\"application\/ld+json\" class=\"yoast-schema-graph\">{\"@context\":\"https:\/\/schema.org\",\"@graph\":[{\"@type\":\"WebPage\",\"@id\":\"https:\/\/www.bagnoitalia.com\/fr\/produit\/whirlpool-210x160-cm-with-blue-interior-33-jets-heater-and-leds-mp72.html\",\"url\":\"https:\/\/www.bagnoitalia.com\/fr\/produit\/whirlpool-210x160-cm-with-blue-interior-33-jets-heater-and-leds-mp72.html\",\"name\":\"Whirlpool 210x160 cm avec int\u00e9rieur bleu 33 jets chauffage et LED MP72 - Bagno Italia\",\"isPartOf\":{\"@id\":\"https:\/\/www.bagnoitalia.com\/fr#website\"},\"primaryImageOfPage\":{\"@id\":\"https:\/\/www.bagnoitalia.com\/fr\/produit\/whirlpool-210x160-cm-with-blue-interior-33-jets-heater-and-leds-mp72.html#primaryimage\"},\"image\":{\"@id\":\"https:\/\/www.bagnoitalia.com\/fr\/produit\/whirlpool-210x160-cm-with-blue-interior-33-jets-heater-and-leds-mp72.html#primaryimage\"},\"thumbnailUrl\":\"https:\/\/img.bagnoitalia.com\/wp-content\/uploads\/1-31.jpg\",\"datePublished\":\"2025-06-11T13:34:31+00:00\",\"dateModified\":\"2025-06-13T12:47:43+00:00\",\"breadcrumb\":{\"@id\":\"https:\/\/www.bagnoitalia.com\/fr\/produit\/whirlpool-210x160-cm-with-blue-interior-33-jets-heater-and-leds-mp72.html#breadcrumb\"},\"inLanguage\":\"fr-FR\",\"potentialAction\":[{\"@type\":\"ReadAction\",\"target\":[\"https:\/\/www.bagnoitalia.com\/fr\/produit\/whirlpool-210x160-cm-with-blue-interior-33-jets-heater-and-leds-mp72.html\"]}]},{\"@type\":\"ImageObject\",\"inLanguage\":\"fr-FR\",\"@id\":\"https:\/\/www.bagnoitalia.com\/fr\/produit\/whirlpool-210x160-cm-with-blue-interior-33-jets-heater-and-leds-mp72.html#primaryimage\",\"url\":\"https:\/\/img.bagnoitalia.com\/wp-content\/uploads\/1-31.jpg\",\"contentUrl\":\"https:\/\/img.bagnoitalia.com\/wp-content\/uploads\/1-31.jpg\",\"width\":1000,\"height\":1000},{\"@type\":\"BreadcrumbList\",\"@id\":\"https:\/\/www.bagnoitalia.com\/fr\/produit\/whirlpool-210x160-cm-with-blue-interior-33-jets-heater-and-leds-mp72.html#breadcrumb\",\"itemListElement\":[{\"@type\":\"ListItem\",\"position\":1,\"name\":\"Home\",\"item\":\"https:\/\/www.bagnoitalia.com\/fr\"},{\"@type\":\"ListItem\",\"position\":2,\"name\":\"Produits\",\"item\":\"https:\/\/www.bagnoitalia.com\/fr\/shop\"},{\"@type\":\"ListItem\",\"position\":3,\"name\":\"Whirlpool 210&#215;160 cm avec int\u00e9rieur bleu 33 jets chauffage et LED MP72\"}]},{\"@type\":\"WebSite\",\"@id\":\"https:\/\/www.bagnoitalia.com\/fr#website\",\"url\":\"https:\/\/www.bagnoitalia.com\/fr\",\"name\":\"Bagno Italia\",\"description\":\"\",\"publisher\":{\"@id\":\"https:\/\/www.bagnoitalia.com\/fr#organization\"},\"potentialAction\":[{\"@type\":\"SearchAction\",\"target\":{\"@type\":\"EntryPoint\",\"urlTemplate\":\"https:\/\/www.bagnoitalia.com\/fr?s={search_term_string}\"},\"query-input\":{\"@type\":\"PropertyValueSpecification\",\"valueRequired\":true,\"valueName\":\"search_term_string\"}}],\"inLanguage\":\"fr-FR\"},{\"@type\":\"Organization\",\"@id\":\"https:\/\/www.bagnoitalia.com\/fr#organization\",\"name\":\"Bagno Italia\",\"url\":\"https:\/\/www.bagnoitalia.com\/fr\",\"logo\":{\"@type\":\"ImageObject\",\"inLanguage\":\"fr-FR\",\"@id\":\"https:\/\/www.bagnoitalia.com\/fr#\/schema\/logo\/image\/\",\"url\":\"https:\/\/img.bagnoitalia.com\/wp-content\/uploads\/logo-bagnoitalia.webp\",\"contentUrl\":\"https:\/\/img.bagnoitalia.com\/wp-content\/uploads\/logo-bagnoitalia.webp\",\"width\":400,\"height\":70,\"caption\":\"Bagno Italia\"},\"image\":{\"@id\":\"https:\/\/www.bagnoitalia.com\/fr#\/schema\/logo\/image\/\"}}]}<\/script>\n<!-- \/ Yoast SEO plugin. -->","yoast_head_json":{"title":"Whirlpool 210x160 cm avec int\u00e9rieur bleu 33 jets chauffage et LED MP72 - Bagno Italia","robots":{"index":"index","follow":"follow","max-snippet":"max-snippet:-1","max-image-preview":"max-image-preview:large","max-video-preview":"max-video-preview:-1"},"canonical":"https:\/\/www.bagnoitalia.com\/fr\/produit\/whirlpool-210x160-cm-with-blue-interior-33-jets-heater-and-leds-mp72.html","og_locale":"fr_FR","og_type":"article","og_title":"Whirlpool 210x160 cm avec int\u00e9rieur bleu 33 jets chauffage et LED MP72 - Bagno Italia","og_description":"Mini bain \u00e0 remous avec eau et air, 33 jets, pour 3 personnes, D\u00e9sinfectant UV, chauffage.","og_url":"https:\/\/www.bagnoitalia.com\/fr\/produit\/whirlpool-210x160-cm-with-blue-interior-33-jets-heater-and-leds-mp72.html","og_site_name":"Bagno Italia","article_modified_time":"2025-06-13T12:47:43+00:00","og_image":[{"width":1000,"height":1000,"url":"https:\/\/img.bagnoitalia.com\/wp-content\/uploads\/1-31.jpg","type":"image\/jpeg"}],"twitter_card":"summary_large_image","twitter_misc":{"Dur\u00e9e de lecture estim\u00e9e":"2 minutes"},"schema":{"@context":"https:\/\/schema.org","@graph":[{"@type":"WebPage","@id":"https:\/\/www.bagnoitalia.com\/fr\/produit\/whirlpool-210x160-cm-with-blue-interior-33-jets-heater-and-leds-mp72.html","url":"https:\/\/www.bagnoitalia.com\/fr\/produit\/whirlpool-210x160-cm-with-blue-interior-33-jets-heater-and-leds-mp72.html","name":"Whirlpool 210x160 cm avec int\u00e9rieur bleu 33 jets chauffage et LED MP72 - Bagno Italia","isPartOf":{"@id":"https:\/\/www.bagnoitalia.com\/fr#website"},"primaryImageOfPage":{"@id":"https:\/\/www.bagnoitalia.com\/fr\/produit\/whirlpool-210x160-cm-with-blue-interior-33-jets-heater-and-leds-mp72.html#primaryimage"},"image":{"@id":"https:\/\/www.bagnoitalia.com\/fr\/produit\/whirlpool-210x160-cm-with-blue-interior-33-jets-heater-and-leds-mp72.html#primaryimage"},"thumbnailUrl":"https:\/\/img.bagnoitalia.com\/wp-content\/uploads\/1-31.jpg","datePublished":"2025-06-11T13:34:31+00:00","dateModified":"2025-06-13T12:47:43+00:00","breadcrumb":{"@id":"https:\/\/www.bagnoitalia.com\/fr\/produit\/whirlpool-210x160-cm-with-blue-interior-33-jets-heater-and-leds-mp72.html#breadcrumb"},"inLanguage":"fr-FR","potentialAction":[{"@type":"ReadAction","target":["https:\/\/www.bagnoitalia.com\/fr\/produit\/whirlpool-210x160-cm-with-blue-interior-33-jets-heater-and-leds-mp72.html"]}]},{"@type":"ImageObject","inLanguage":"fr-FR","@id":"https:\/\/www.bagnoitalia.com\/fr\/produit\/whirlpool-210x160-cm-with-blue-interior-33-jets-heater-and-leds-mp72.html#primaryimage","url":"https:\/\/img.bagnoitalia.com\/wp-content\/uploads\/1-31.jpg","contentUrl":"https:\/\/img.bagnoitalia.com\/wp-content\/uploads\/1-31.jpg","width":1000,"height":1000},{"@type":"BreadcrumbList","@id":"https:\/\/www.bagnoitalia.com\/fr\/produit\/whirlpool-210x160-cm-with-blue-interior-33-jets-heater-and-leds-mp72.html#breadcrumb","itemListElement":[{"@type":"ListItem","position":1,"name":"Home","item":"https:\/\/www.bagnoitalia.com\/fr"},{"@type":"ListItem","position":2,"name":"Produits","item":"https:\/\/www.bagnoitalia.com\/fr\/shop"},{"@type":"ListItem","position":3,"name":"Whirlpool 210&#215;160 cm avec int\u00e9rieur bleu 33 jets chauffage et LED MP72"}]},{"@type":"WebSite","@id":"https:\/\/www.bagnoitalia.com\/fr#website","url":"https:\/\/www.bagnoitalia.com\/fr","name":"Bagno Italia","description":"","publisher":{"@id":"https:\/\/www.bagnoitalia.com\/fr#organization"},"potentialAction":[{"@type":"SearchAction","target":{"@type":"EntryPoint","urlTemplate":"https:\/\/www.bagnoitalia.com\/fr?s={search_term_string}"},"query-input":{"@type":"PropertyValueSpecification","valueRequired":true,"valueName":"search_term_string"}}],"inLanguage":"fr-FR"},{"@type":"Organization","@id":"https:\/\/www.bagnoitalia.com\/fr#organization","name":"Bagno Italia","url":"https:\/\/www.bagnoitalia.com\/fr","logo":{"@type":"ImageObject","inLanguage":"fr-FR","@id":"https:\/\/www.bagnoitalia.com\/fr#\/schema\/logo\/image\/","url":"https:\/\/img.bagnoitalia.com\/wp-content\/uploads\/logo-bagnoitalia.webp","contentUrl":"https:\/\/img.bagnoitalia.com\/wp-content\/uploads\/logo-bagnoitalia.webp","width":400,"height":70,"caption":"Bagno Italia"},"image":{"@id":"https:\/\/www.bagnoitalia.com\/fr#\/schema\/logo\/image\/"}}]}},"_links":{"self":[{"href":"https:\/\/www.bagnoitalia.com\/fr\/wp-json\/wp\/v2\/product\/109003","targetHints":{"allow":["GET"]}}],"collection":[{"href":"https:\/\/www.bagnoitalia.com\/fr\/wp-json\/wp\/v2\/product"}],"about":[{"href":"https:\/\/www.bagnoitalia.com\/fr\/wp-json\/wp\/v2\/types\/product"}],"replies":[{"embeddable":true,"href":"https:\/\/www.bagnoitalia.com\/fr\/wp-json\/wp\/v2\/comments?post=109003"}],"version-history":[{"count":3,"href":"https:\/\/www.bagnoitalia.com\/fr\/wp-json\/wp\/v2\/product\/109003\/revisions"}],"predecessor-version":[{"id":109018,"href":"https:\/\/www.bagnoitalia.com\/fr\/wp-json\/wp\/v2\/product\/109003\/revisions\/109018"}],"wp:featuredmedia":[{"embeddable":true,"href":"https:\/\/www.bagnoitalia.com\/fr\/wp-json\/wp\/v2\/media\/108982"}],"wp:attachment":[{"href":"https:\/\/www.bagnoitalia.com\/fr\/wp-json\/wp\/v2\/media?parent=109003"}],"wp:term":[{"taxonomy":"product_brand","embeddable":true,"href":"https:\/\/www.bagnoitalia.com\/fr\/wp-json\/wp\/v2\/product_brand?post=109003"},{"taxonomy":"product_cat","embeddable":true,"href":"https:\/\/www.bagnoitalia.com\/fr\/wp-json\/wp\/v2\/product_cat?post=109003"},{"taxonomy":"product_tag","embeddable":true,"href":"https:\/\/www.bagnoitalia.com\/fr\/wp-json\/wp\/v2\/product_tag?post=109003"}],"curies":[{"name":"wp","href":"https:\/\/api.w.org\/{rel}","templated":true}]}}