{"id":108950,"date":"2025-06-05T16:02:28","date_gmt":"2025-06-05T14:02:28","guid":{"rendered":"https:\/\/www.bagnoitalia.com\/glossy-cream-marble-countertop-washbasin-40-cm-with-or-without-tap-hole-lav109.html"},"modified":"2025-06-05T16:13:49","modified_gmt":"2025-06-05T14:13:49","slug":"glossy-cream-marble-countertop-washbasin-40-cm-with-or-without-tap-hole-lav109","status":"publish","type":"product","link":"https:\/\/www.bagnoitalia.com\/fr\/produit\/glossy-cream-marble-countertop-washbasin-40-cm-with-or-without-tap-hole-lav109.html","title":{"rendered":"Vasque \u00e0 poser en marbre cr\u00e8me brillant 40 cm avec ou sans trou de robinetterie LAV109"},"content":{"rendered":"<p>LAV109&Prime; BASSIN ROND EN MARBRE CR\u00c8ME POLI<\/p>\n<p>&nbsp;<\/p>\n<p>TYPES et MESURES<\/p>\n<p>Sans trou pour robinet : \u00e0 partir de 40x40xH12,5 cm<\/p>\n<p>Avec trou pour robinet : \u00e0 partir de 40x40xH15,5 cm<\/p>\n<p>&nbsp;<\/p>\n<p>CARACT\u00c9RISTIQUES PRINCIPALES<\/p>\n<p>Forme : ronde<\/p>\n<p>Type d&rsquo;installation : comptoir<\/p>\n<p>Mat\u00e9riau : marbre : Marbre<\/p>\n<p>Couleur : cr\u00e8me<\/p>\n<p>Finition : poli<\/p>\n<p>Robinetterie et kit d&rsquo;\u00e9vacuation NON inclus<\/p>\n<p>Vidange s\u00e9lectionnable dans le menu d\u00e9roulant<\/p>\n<p>&nbsp;<\/p>\n<p>&nbsp;<\/p>\n<p>&nbsp;<\/p>\n<p>ATTENTION : Les mat\u00e9riaux d&rsquo;origine naturelle utilis\u00e9s font que chaque produit est unique. Par cons\u00e9quent, la couleur, le grain et la texture peuvent varier par rapport aux photos. \u00c9vitez d&rsquo;utiliser des produits agressifs pour nettoyer le lavabo ; nous recommandons l&rsquo;utilisation de produits adapt\u00e9s au traitement de la pierre naturelle\/marbre.<\/p>\n<p>&nbsp;<\/p>\n<p>&nbsp;<\/p>\n<p>&nbsp;<\/p>\n<p>&nbsp;<\/p>\n<p>&nbsp;<\/p>\n<p>&nbsp;<\/p>\n<p>&nbsp;<\/p>\n<p>LAP-4MC<\/p>\n<p>LAP-415C<\/p>\n","protected":false},"excerpt":{"rendered":"<p>Evier artisanal en marbre de couleur cr\u00e8me avec finition polie, de 40 cm de diam\u00e8tre. Disponible avec ou sans trou pour mitigeur.<\/p>\n","protected":false},"featured_media":108898,"comment_status":"open","ping_status":"closed","template":"","meta":[],"product_brand":[9882],"product_cat":[9699],"product_tag":[],"class_list":{"0":"post-108950","1":"product","2":"type-product","3":"status-publish","4":"has-post-thumbnail","6":"product_brand-deghi-fr","7":"product_cat-vasques-a-poser","9":"first","10":"instock","11":"sale","12":"taxable","13":"shipping-taxable","14":"purchasable","15":"product-type-simple"},"exclude_global_add_ons":false,"addons":[{"name":"Type","type":"multiple_choice","position":0,"required":true,"title_format":"heading","default":"","description_enable":false,"description":"","placeholder_enable":false,"placeholder":"","display":"select","restrictions_type":"any_text","adjust_price":false,"price":"","price_type":"flat_fee","restrictions":false,"min":"0","max":"0","options":[{"label":"Sans trou de robinet","price":"","price_type":"quantity_based","image":0,"visibility":true},{"label":"Avec trou de robinet","price":"20","price_type":"quantity_based","image":0,"visibility":true}],"id":1749139349},{"name":"Drainage","type":"multiple_choice","position":1,"required":true,"title_format":"heading","default":"","description_enable":false,"description":"","placeholder_enable":false,"placeholder":"","display":"select","restrictions_type":"any_text","adjust_price":false,"price":"","price_type":"flat_fee","restrictions":false,"min":"0","max":"0","options":[{"label":"pas de drain","price":"","price_type":"quantity_based","image":0,"visibility":true},{"label":"Vidange chrom\u00e9e","price":"15","price_type":"quantity_based","image":0,"visibility":true},{"label":"Drainage noir","price":"25","price_type":"quantity_based","image":0,"visibility":true}],"id":1749139350}],"yoast_head":"<!-- This site is optimized with the Yoast SEO plugin v26.7 - https:\/\/yoast.com\/wordpress\/plugins\/seo\/ -->\n<title>Vasque \u00e0 poser en marbre cr\u00e8me brillant 40 cm avec ou sans trou de robinetterie LAV109 - Bagno Italia<\/title>\n<meta name=\"robots\" content=\"index, follow, max-snippet:-1, max-image-preview:large, max-video-preview:-1\" \/>\n<link rel=\"canonical\" href=\"https:\/\/www.bagnoitalia.com\/fr\/produit\/glossy-cream-marble-countertop-washbasin-40-cm-with-or-without-tap-hole-lav109.html\" \/>\n<meta property=\"og:locale\" content=\"fr_FR\" \/>\n<meta property=\"og:type\" content=\"article\" \/>\n<meta property=\"og:title\" content=\"Vasque \u00e0 poser en marbre cr\u00e8me brillant 40 cm avec ou sans trou de robinetterie LAV109 - Bagno Italia\" \/>\n<meta property=\"og:description\" content=\"Evier artisanal en marbre de couleur cr\u00e8me avec finition polie, de 40 cm de diam\u00e8tre. Disponible avec ou sans trou pour mitigeur.\" \/>\n<meta property=\"og:url\" content=\"https:\/\/www.bagnoitalia.com\/fr\/produit\/glossy-cream-marble-countertop-washbasin-40-cm-with-or-without-tap-hole-lav109.html\" \/>\n<meta property=\"og:site_name\" content=\"Bagno Italia\" \/>\n<meta property=\"article:modified_time\" content=\"2025-06-05T14:13:49+00:00\" \/>\n<meta property=\"og:image\" content=\"https:\/\/img.bagnoitalia.com\/wp-content\/uploads\/1-30.jpg\" \/>\n\t<meta property=\"og:image:width\" content=\"1000\" \/>\n\t<meta property=\"og:image:height\" content=\"1000\" \/>\n\t<meta property=\"og:image:type\" content=\"image\/jpeg\" \/>\n<meta name=\"twitter:card\" content=\"summary_large_image\" \/>\n<meta name=\"twitter:label1\" content=\"Dur\u00e9e de lecture estim\u00e9e\" \/>\n\t<meta name=\"twitter:data1\" content=\"1 minute\" \/>\n<script type=\"application\/ld+json\" class=\"yoast-schema-graph\">{\"@context\":\"https:\/\/schema.org\",\"@graph\":[{\"@type\":\"WebPage\",\"@id\":\"https:\/\/www.bagnoitalia.com\/fr\/produit\/glossy-cream-marble-countertop-washbasin-40-cm-with-or-without-tap-hole-lav109.html\",\"url\":\"https:\/\/www.bagnoitalia.com\/fr\/produit\/glossy-cream-marble-countertop-washbasin-40-cm-with-or-without-tap-hole-lav109.html\",\"name\":\"Vasque \u00e0 poser en marbre cr\u00e8me brillant 40 cm avec ou sans trou de robinetterie LAV109 - Bagno Italia\",\"isPartOf\":{\"@id\":\"https:\/\/www.bagnoitalia.com\/fr#website\"},\"primaryImageOfPage\":{\"@id\":\"https:\/\/www.bagnoitalia.com\/fr\/produit\/glossy-cream-marble-countertop-washbasin-40-cm-with-or-without-tap-hole-lav109.html#primaryimage\"},\"image\":{\"@id\":\"https:\/\/www.bagnoitalia.com\/fr\/produit\/glossy-cream-marble-countertop-washbasin-40-cm-with-or-without-tap-hole-lav109.html#primaryimage\"},\"thumbnailUrl\":\"https:\/\/img.bagnoitalia.com\/wp-content\/uploads\/1-30.jpg\",\"datePublished\":\"2025-06-05T14:02:28+00:00\",\"dateModified\":\"2025-06-05T14:13:49+00:00\",\"breadcrumb\":{\"@id\":\"https:\/\/www.bagnoitalia.com\/fr\/produit\/glossy-cream-marble-countertop-washbasin-40-cm-with-or-without-tap-hole-lav109.html#breadcrumb\"},\"inLanguage\":\"fr-FR\",\"potentialAction\":[{\"@type\":\"ReadAction\",\"target\":[\"https:\/\/www.bagnoitalia.com\/fr\/produit\/glossy-cream-marble-countertop-washbasin-40-cm-with-or-without-tap-hole-lav109.html\"]}]},{\"@type\":\"ImageObject\",\"inLanguage\":\"fr-FR\",\"@id\":\"https:\/\/www.bagnoitalia.com\/fr\/produit\/glossy-cream-marble-countertop-washbasin-40-cm-with-or-without-tap-hole-lav109.html#primaryimage\",\"url\":\"https:\/\/img.bagnoitalia.com\/wp-content\/uploads\/1-30.jpg\",\"contentUrl\":\"https:\/\/img.bagnoitalia.com\/wp-content\/uploads\/1-30.jpg\",\"width\":1000,\"height\":1000},{\"@type\":\"BreadcrumbList\",\"@id\":\"https:\/\/www.bagnoitalia.com\/fr\/produit\/glossy-cream-marble-countertop-washbasin-40-cm-with-or-without-tap-hole-lav109.html#breadcrumb\",\"itemListElement\":[{\"@type\":\"ListItem\",\"position\":1,\"name\":\"Home\",\"item\":\"https:\/\/www.bagnoitalia.com\/fr\"},{\"@type\":\"ListItem\",\"position\":2,\"name\":\"Produits\",\"item\":\"https:\/\/www.bagnoitalia.com\/fr\/shop\"},{\"@type\":\"ListItem\",\"position\":3,\"name\":\"Vasque \u00e0 poser en marbre cr\u00e8me brillant 40 cm avec ou sans trou de robinetterie LAV109\"}]},{\"@type\":\"WebSite\",\"@id\":\"https:\/\/www.bagnoitalia.com\/fr#website\",\"url\":\"https:\/\/www.bagnoitalia.com\/fr\",\"name\":\"Bagno Italia\",\"description\":\"\",\"publisher\":{\"@id\":\"https:\/\/www.bagnoitalia.com\/fr#organization\"},\"potentialAction\":[{\"@type\":\"SearchAction\",\"target\":{\"@type\":\"EntryPoint\",\"urlTemplate\":\"https:\/\/www.bagnoitalia.com\/fr?s={search_term_string}\"},\"query-input\":{\"@type\":\"PropertyValueSpecification\",\"valueRequired\":true,\"valueName\":\"search_term_string\"}}],\"inLanguage\":\"fr-FR\"},{\"@type\":\"Organization\",\"@id\":\"https:\/\/www.bagnoitalia.com\/fr#organization\",\"name\":\"Bagno Italia\",\"url\":\"https:\/\/www.bagnoitalia.com\/fr\",\"logo\":{\"@type\":\"ImageObject\",\"inLanguage\":\"fr-FR\",\"@id\":\"https:\/\/www.bagnoitalia.com\/fr#\/schema\/logo\/image\/\",\"url\":\"https:\/\/img.bagnoitalia.com\/wp-content\/uploads\/logo-bagnoitalia.webp\",\"contentUrl\":\"https:\/\/img.bagnoitalia.com\/wp-content\/uploads\/logo-bagnoitalia.webp\",\"width\":400,\"height\":70,\"caption\":\"Bagno Italia\"},\"image\":{\"@id\":\"https:\/\/www.bagnoitalia.com\/fr#\/schema\/logo\/image\/\"}}]}<\/script>\n<!-- \/ Yoast SEO plugin. -->","yoast_head_json":{"title":"Vasque \u00e0 poser en marbre cr\u00e8me brillant 40 cm avec ou sans trou de robinetterie LAV109 - Bagno Italia","robots":{"index":"index","follow":"follow","max-snippet":"max-snippet:-1","max-image-preview":"max-image-preview:large","max-video-preview":"max-video-preview:-1"},"canonical":"https:\/\/www.bagnoitalia.com\/fr\/produit\/glossy-cream-marble-countertop-washbasin-40-cm-with-or-without-tap-hole-lav109.html","og_locale":"fr_FR","og_type":"article","og_title":"Vasque \u00e0 poser en marbre cr\u00e8me brillant 40 cm avec ou sans trou de robinetterie LAV109 - Bagno Italia","og_description":"Evier artisanal en marbre de couleur cr\u00e8me avec finition polie, de 40 cm de diam\u00e8tre. Disponible avec ou sans trou pour mitigeur.","og_url":"https:\/\/www.bagnoitalia.com\/fr\/produit\/glossy-cream-marble-countertop-washbasin-40-cm-with-or-without-tap-hole-lav109.html","og_site_name":"Bagno Italia","article_modified_time":"2025-06-05T14:13:49+00:00","og_image":[{"width":1000,"height":1000,"url":"https:\/\/img.bagnoitalia.com\/wp-content\/uploads\/1-30.jpg","type":"image\/jpeg"}],"twitter_card":"summary_large_image","twitter_misc":{"Dur\u00e9e de lecture estim\u00e9e":"1 minute"},"schema":{"@context":"https:\/\/schema.org","@graph":[{"@type":"WebPage","@id":"https:\/\/www.bagnoitalia.com\/fr\/produit\/glossy-cream-marble-countertop-washbasin-40-cm-with-or-without-tap-hole-lav109.html","url":"https:\/\/www.bagnoitalia.com\/fr\/produit\/glossy-cream-marble-countertop-washbasin-40-cm-with-or-without-tap-hole-lav109.html","name":"Vasque \u00e0 poser en marbre cr\u00e8me brillant 40 cm avec ou sans trou de robinetterie LAV109 - Bagno Italia","isPartOf":{"@id":"https:\/\/www.bagnoitalia.com\/fr#website"},"primaryImageOfPage":{"@id":"https:\/\/www.bagnoitalia.com\/fr\/produit\/glossy-cream-marble-countertop-washbasin-40-cm-with-or-without-tap-hole-lav109.html#primaryimage"},"image":{"@id":"https:\/\/www.bagnoitalia.com\/fr\/produit\/glossy-cream-marble-countertop-washbasin-40-cm-with-or-without-tap-hole-lav109.html#primaryimage"},"thumbnailUrl":"https:\/\/img.bagnoitalia.com\/wp-content\/uploads\/1-30.jpg","datePublished":"2025-06-05T14:02:28+00:00","dateModified":"2025-06-05T14:13:49+00:00","breadcrumb":{"@id":"https:\/\/www.bagnoitalia.com\/fr\/produit\/glossy-cream-marble-countertop-washbasin-40-cm-with-or-without-tap-hole-lav109.html#breadcrumb"},"inLanguage":"fr-FR","potentialAction":[{"@type":"ReadAction","target":["https:\/\/www.bagnoitalia.com\/fr\/produit\/glossy-cream-marble-countertop-washbasin-40-cm-with-or-without-tap-hole-lav109.html"]}]},{"@type":"ImageObject","inLanguage":"fr-FR","@id":"https:\/\/www.bagnoitalia.com\/fr\/produit\/glossy-cream-marble-countertop-washbasin-40-cm-with-or-without-tap-hole-lav109.html#primaryimage","url":"https:\/\/img.bagnoitalia.com\/wp-content\/uploads\/1-30.jpg","contentUrl":"https:\/\/img.bagnoitalia.com\/wp-content\/uploads\/1-30.jpg","width":1000,"height":1000},{"@type":"BreadcrumbList","@id":"https:\/\/www.bagnoitalia.com\/fr\/produit\/glossy-cream-marble-countertop-washbasin-40-cm-with-or-without-tap-hole-lav109.html#breadcrumb","itemListElement":[{"@type":"ListItem","position":1,"name":"Home","item":"https:\/\/www.bagnoitalia.com\/fr"},{"@type":"ListItem","position":2,"name":"Produits","item":"https:\/\/www.bagnoitalia.com\/fr\/shop"},{"@type":"ListItem","position":3,"name":"Vasque \u00e0 poser en marbre cr\u00e8me brillant 40 cm avec ou sans trou de robinetterie LAV109"}]},{"@type":"WebSite","@id":"https:\/\/www.bagnoitalia.com\/fr#website","url":"https:\/\/www.bagnoitalia.com\/fr","name":"Bagno Italia","description":"","publisher":{"@id":"https:\/\/www.bagnoitalia.com\/fr#organization"},"potentialAction":[{"@type":"SearchAction","target":{"@type":"EntryPoint","urlTemplate":"https:\/\/www.bagnoitalia.com\/fr?s={search_term_string}"},"query-input":{"@type":"PropertyValueSpecification","valueRequired":true,"valueName":"search_term_string"}}],"inLanguage":"fr-FR"},{"@type":"Organization","@id":"https:\/\/www.bagnoitalia.com\/fr#organization","name":"Bagno Italia","url":"https:\/\/www.bagnoitalia.com\/fr","logo":{"@type":"ImageObject","inLanguage":"fr-FR","@id":"https:\/\/www.bagnoitalia.com\/fr#\/schema\/logo\/image\/","url":"https:\/\/img.bagnoitalia.com\/wp-content\/uploads\/logo-bagnoitalia.webp","contentUrl":"https:\/\/img.bagnoitalia.com\/wp-content\/uploads\/logo-bagnoitalia.webp","width":400,"height":70,"caption":"Bagno Italia"},"image":{"@id":"https:\/\/www.bagnoitalia.com\/fr#\/schema\/logo\/image\/"}}]}},"_links":{"self":[{"href":"https:\/\/www.bagnoitalia.com\/fr\/wp-json\/wp\/v2\/product\/108950","targetHints":{"allow":["GET"]}}],"collection":[{"href":"https:\/\/www.bagnoitalia.com\/fr\/wp-json\/wp\/v2\/product"}],"about":[{"href":"https:\/\/www.bagnoitalia.com\/fr\/wp-json\/wp\/v2\/types\/product"}],"replies":[{"embeddable":true,"href":"https:\/\/www.bagnoitalia.com\/fr\/wp-json\/wp\/v2\/comments?post=108950"}],"version-history":[{"count":2,"href":"https:\/\/www.bagnoitalia.com\/fr\/wp-json\/wp\/v2\/product\/108950\/revisions"}],"predecessor-version":[{"id":108955,"href":"https:\/\/www.bagnoitalia.com\/fr\/wp-json\/wp\/v2\/product\/108950\/revisions\/108955"}],"wp:featuredmedia":[{"embeddable":true,"href":"https:\/\/www.bagnoitalia.com\/fr\/wp-json\/wp\/v2\/media\/108898"}],"wp:attachment":[{"href":"https:\/\/www.bagnoitalia.com\/fr\/wp-json\/wp\/v2\/media?parent=108950"}],"wp:term":[{"taxonomy":"product_brand","embeddable":true,"href":"https:\/\/www.bagnoitalia.com\/fr\/wp-json\/wp\/v2\/product_brand?post=108950"},{"taxonomy":"product_cat","embeddable":true,"href":"https:\/\/www.bagnoitalia.com\/fr\/wp-json\/wp\/v2\/product_cat?post=108950"},{"taxonomy":"product_tag","embeddable":true,"href":"https:\/\/www.bagnoitalia.com\/fr\/wp-json\/wp\/v2\/product_tag?post=108950"}],"curies":[{"name":"wp","href":"https:\/\/api.w.org\/{rel}","templated":true}]}}