{"id":107563,"date":"2025-04-30T15:51:00","date_gmt":"2025-04-30T13:51:00","guid":{"rendered":"https:\/\/www.bagnoitalia.com\/tundra-bathroom-furniture-60-75-or-100-cm-suspended-or-with-feet-2-drawers-5-colours.html"},"modified":"2025-04-30T16:02:36","modified_gmt":"2025-04-30T14:02:36","slug":"tundra-bathroom-furniture-60-75-or-100-cm-suspended-or-with-feet-2-drawers-5-colours","status":"publish","type":"product","link":"https:\/\/www.bagnoitalia.com\/fr\/produit\/tundra-bathroom-furniture-60-75-or-100-cm-suspended-or-with-feet-2-drawers-5-colours.html","title":{"rendered":"Tundra meuble de salle de bain 60, 75 ou 100 cm suspendu ou avec pieds 2 tiroirs 5 couleurs"},"content":{"rendered":"<p>MEUBLES DE SALLE DE BAIN \u00ab TUNDRA \u00bb EN 5 COULEURS<\/p>\n<p>&nbsp;<\/p>\n<p>DIMENSIONS DU MEUBLE<\/p>\n<p>3 longueurs au choix : 60, 75 ou 100 cm S\u00c9LECTIONNER LA TAILLE DANS LE MENU DE VUE D&rsquo;ENSEMBLE<\/p>\n<p>Profondeur : 46 cm<\/p>\n<p>Hauteur (de la base uniquement) : 55 cm<\/p>\n<p>&nbsp;<\/p>\n<p>CARACT\u00c9RISTIQUES DU PRODUIT<\/p>\n<p>Base de lavabo en MDF et rev\u00eatement PVC<\/p>\n<p>Comprend 2 tiroirs \u00e0 fermeture progressive avec glissi\u00e8res m\u00e9talliques, poign\u00e9e chrom\u00e9e et finition int\u00e9rieure en tissu<\/p>\n<p>Lavabo int\u00e9gr\u00e9 blanc brillant, disponible en c\u00e9ramique ou en r\u00e9sine de marbre (s\u00e9lectionner le type dans le menu ci-dessus)<\/p>\n<p>Couleurs disponibles : Blanc mat, Graphite, Bleu p\u00e9trole, Gris nuage, Vert mat<\/p>\n<p>&nbsp;<\/p>\n<p>Dans les menus d\u00e9roulants, vous pouvez \u00e9galement ajouter :<\/p>\n<p>1 paire de pieds en bois massif de 35 cm de haut<\/p>\n<p>1 miroir encadr\u00e9 (dans la m\u00eame couleur que l&rsquo;armoire), avec \u00e9clairage LED p\u00e9riph\u00e9rique, dans un choix de 3 tailles : 59xP4xH90 cm, 73xP4xH90 cm, 98xP4xH90 cm<\/p>\n<p>1 Meuble haut 30xP20xH55 cm avec une porte \u00e0 fermeture progressive, une \u00e9tag\u00e8re en verre, poign\u00e9e chrom\u00e9e, finition int\u00e9rieure en tissu<\/p>\n<p>1 Meuble haut 34xP32xH114 cm avec deux portes, fermeture progressive, deux \u00e9tag\u00e8res en verre et une en bois, poign\u00e9es chrom\u00e9es, finition int\u00e9rieure en tissu<\/p>\n<p>&nbsp;<\/p>\n<p>ATTENTION : VIDANGE, KIT DE VIDANGE ET M\u00c9LANGEURS NON INCLUS DANS LE PRIX<\/p>\n<p>&nbsp;<\/p>\n<p>&nbsp;<\/p>\n<p>&nbsp;<\/p>\n","protected":false},"excerpt":{"rendered":"<p>Meubles de salle de bains modernes, disponibles en blanc mat, graphite, bleu p\u00e9trole, gris nuage, vert mat. Lavabo en deux mat\u00e9riaux au choix : c\u00e9ramique ou marbre-r\u00e9sine. Il est \u00e9galement possible de combiner un meuble mural, un meuble haut et un miroir encadr\u00e9.<\/p>\n","protected":false},"featured_media":107503,"comment_status":"open","ping_status":"closed","template":"","meta":[],"product_brand":[9897],"product_cat":[9715,9719],"product_tag":[],"class_list":{"0":"post-107563","1":"product","2":"type-product","3":"status-publish","4":"has-post-thumbnail","6":"product_brand-baden-haus-fr","7":"product_cat-meubles-de-salle-de-bain-de-40-a-70-cm","8":"product_cat-meubles-de-salle-de-bain-de-71-a-100-cm","10":"first","11":"instock","12":"sale","13":"taxable","14":"shipping-taxable","15":"purchasable","16":"product-type-simple"},"exclude_global_add_ons":false,"addons":[{"name":"Lavabo","type":"multiple_choice","position":0,"required":false,"title_format":"label","default":"","description_enable":false,"description":"","placeholder_enable":false,"placeholder":"","display":"select","restrictions_type":"any_text","adjust_price":false,"price":"","price_type":"flat_fee","restrictions":false,"min":"0","max":"0","options":[{"label":"en c\u00e9ramique","price":"","price_type":"flat_fee","image":0,"visibility":true},{"label":"Marbre en r\u00e9sine","price":"","price_type":"flat_fee","image":0,"visibility":true}],"id":1746028261},{"name":"Dimensions","type":"multiple_choice","position":1,"required":false,"title_format":"label","default":"","description_enable":false,"description":"","placeholder_enable":false,"placeholder":"","display":"select","restrictions_type":"any_text","adjust_price":false,"price":"","price_type":"flat_fee","restrictions":false,"min":"0","max":"0","options":[{"label":"60 cm","price":"","price_type":"flat_fee","image":0,"visibility":true},{"label":"75 cm","price":"71","price_type":"flat_fee","image":0,"visibility":true},{"label":"100 cm","price":"151","price_type":"flat_fee","image":0,"visibility":true}],"id":1746028262},{"name":"Couleur","type":"multiple_choice","position":2,"required":false,"title_format":"label","default":"","description_enable":false,"description":"","placeholder_enable":false,"placeholder":"","display":"select","restrictions_type":"any_text","adjust_price":false,"price":"","price_type":"flat_fee","restrictions":false,"min":"0","max":"0","options":[{"label":"Blanc mat","price":"","price_type":"flat_fee","image":0,"visibility":true},{"label":"Graphite","price":"","price_type":"flat_fee","image":0,"visibility":true},{"label":"Bleu p\u00e9trole","price":"","price_type":"flat_fee","image":0,"visibility":true},{"label":"Gris nuage","price":"","price_type":"flat_fee","image":0,"visibility":true},{"label":"Vert mat","price":"","price_type":"flat_fee","image":0,"visibility":true}],"id":1746028263},{"name":"Pieds","type":"multiple_choice","position":3,"required":false,"title_format":"label","default":"","description_enable":false,"description":"","placeholder_enable":false,"placeholder":"","display":"select","restrictions_type":"any_text","adjust_price":false,"price":"","price_type":"flat_fee","restrictions":false,"min":"0","max":"0","options":[{"label":"Non","price":"","price_type":"flat_fee","image":0,"visibility":true},{"label":"1 paire en bois massif","price":"130","price_type":"flat_fee","image":0,"visibility":true}],"id":1746028264},{"name":"El\u00e9ment mural","type":"multiple_choice","position":4,"required":false,"title_format":"label","default":"","description_enable":false,"description":"","placeholder_enable":false,"placeholder":"","display":"select","restrictions_type":"any_text","adjust_price":false,"price":"","price_type":"flat_fee","restrictions":false,"min":"0","max":"0","options":[{"label":"Non","price":"","price_type":"flat_fee","image":0,"visibility":true},{"label":"1 \u00e9l\u00e9ment mural 30xP20xH55 cm","price":"110","price_type":"flat_fee","image":0,"visibility":true}],"id":1746028265},{"name":"Colonne","type":"multiple_choice","position":5,"required":false,"title_format":"label","default":"","description_enable":false,"description":"","placeholder_enable":false,"placeholder":"","display":"select","restrictions_type":"any_text","adjust_price":false,"price":"","price_type":"flat_fee","restrictions":false,"min":"0","max":"0","options":[{"label":"Non","price":"","price_type":"flat_fee","image":0,"visibility":true},{"label":"1 Colonne 34xP32xH114 cm","price":"250","price_type":"flat_fee","image":0,"visibility":true}],"id":1746028266},{"name":"Miroir","type":"multiple_choice","position":6,"required":false,"title_format":"label","default":"","description_enable":false,"description":"","placeholder_enable":false,"placeholder":"","display":"select","restrictions_type":"any_text","adjust_price":false,"price":"","price_type":"flat_fee","restrictions":false,"min":"0","max":"0","options":[{"label":"Non","price":"","price_type":"flat_fee","image":0,"visibility":true},{"label":"Miroir encadr\u00e9 59xH90 cm","price":"160","price_type":"flat_fee","image":0,"visibility":true},{"label":"Miroir encadr\u00e9 73xH90 cm","price":"185","price_type":"flat_fee","image":0,"visibility":true},{"label":"Miroir encadr\u00e9 98xH90 cm","price":"210","price_type":"flat_fee","image":0,"visibility":true}],"id":1746028267}],"yoast_head":"<!-- This site is optimized with the Yoast SEO plugin v26.7 - https:\/\/yoast.com\/wordpress\/plugins\/seo\/ -->\n<title>Tundra meuble de salle de bain 60, 75 ou 100 cm suspendu ou avec pieds 2 tiroirs 5 couleurs - Bagno Italia<\/title>\n<meta name=\"robots\" content=\"index, follow, max-snippet:-1, max-image-preview:large, max-video-preview:-1\" \/>\n<link rel=\"canonical\" href=\"https:\/\/www.bagnoitalia.com\/fr\/produit\/tundra-bathroom-furniture-60-75-or-100-cm-suspended-or-with-feet-2-drawers-5-colours.html\" \/>\n<meta property=\"og:locale\" content=\"fr_FR\" \/>\n<meta property=\"og:type\" content=\"article\" \/>\n<meta property=\"og:title\" content=\"Tundra meuble de salle de bain 60, 75 ou 100 cm suspendu ou avec pieds 2 tiroirs 5 couleurs - Bagno Italia\" \/>\n<meta property=\"og:description\" content=\"Meubles de salle de bains modernes, disponibles en blanc mat, graphite, bleu p\u00e9trole, gris nuage, vert mat. Lavabo en deux mat\u00e9riaux au choix : c\u00e9ramique ou marbre-r\u00e9sine. Il est \u00e9galement possible de combiner un meuble mural, un meuble haut et un miroir encadr\u00e9.\" \/>\n<meta property=\"og:url\" content=\"https:\/\/www.bagnoitalia.com\/fr\/produit\/tundra-bathroom-furniture-60-75-or-100-cm-suspended-or-with-feet-2-drawers-5-colours.html\" \/>\n<meta property=\"og:site_name\" content=\"Bagno Italia\" \/>\n<meta property=\"article:modified_time\" content=\"2025-04-30T14:02:36+00:00\" \/>\n<meta property=\"og:image\" content=\"https:\/\/img.bagnoitalia.com\/wp-content\/uploads\/1-19.jpg\" \/>\n\t<meta property=\"og:image:width\" content=\"1000\" \/>\n\t<meta property=\"og:image:height\" content=\"1000\" \/>\n\t<meta property=\"og:image:type\" content=\"image\/jpeg\" \/>\n<meta name=\"twitter:card\" content=\"summary_large_image\" \/>\n<meta name=\"twitter:label1\" content=\"Dur\u00e9e de lecture estim\u00e9e\" \/>\n\t<meta name=\"twitter:data1\" content=\"2 minutes\" \/>\n<script type=\"application\/ld+json\" class=\"yoast-schema-graph\">{\"@context\":\"https:\/\/schema.org\",\"@graph\":[{\"@type\":\"WebPage\",\"@id\":\"https:\/\/www.bagnoitalia.com\/fr\/produit\/tundra-bathroom-furniture-60-75-or-100-cm-suspended-or-with-feet-2-drawers-5-colours.html\",\"url\":\"https:\/\/www.bagnoitalia.com\/fr\/produit\/tundra-bathroom-furniture-60-75-or-100-cm-suspended-or-with-feet-2-drawers-5-colours.html\",\"name\":\"Tundra meuble de salle de bain 60, 75 ou 100 cm suspendu ou avec pieds 2 tiroirs 5 couleurs - Bagno Italia\",\"isPartOf\":{\"@id\":\"https:\/\/www.bagnoitalia.com\/fr#website\"},\"primaryImageOfPage\":{\"@id\":\"https:\/\/www.bagnoitalia.com\/fr\/produit\/tundra-bathroom-furniture-60-75-or-100-cm-suspended-or-with-feet-2-drawers-5-colours.html#primaryimage\"},\"image\":{\"@id\":\"https:\/\/www.bagnoitalia.com\/fr\/produit\/tundra-bathroom-furniture-60-75-or-100-cm-suspended-or-with-feet-2-drawers-5-colours.html#primaryimage\"},\"thumbnailUrl\":\"https:\/\/img.bagnoitalia.com\/wp-content\/uploads\/1-19.jpg\",\"datePublished\":\"2025-04-30T13:51:00+00:00\",\"dateModified\":\"2025-04-30T14:02:36+00:00\",\"breadcrumb\":{\"@id\":\"https:\/\/www.bagnoitalia.com\/fr\/produit\/tundra-bathroom-furniture-60-75-or-100-cm-suspended-or-with-feet-2-drawers-5-colours.html#breadcrumb\"},\"inLanguage\":\"fr-FR\",\"potentialAction\":[{\"@type\":\"ReadAction\",\"target\":[\"https:\/\/www.bagnoitalia.com\/fr\/produit\/tundra-bathroom-furniture-60-75-or-100-cm-suspended-or-with-feet-2-drawers-5-colours.html\"]}]},{\"@type\":\"ImageObject\",\"inLanguage\":\"fr-FR\",\"@id\":\"https:\/\/www.bagnoitalia.com\/fr\/produit\/tundra-bathroom-furniture-60-75-or-100-cm-suspended-or-with-feet-2-drawers-5-colours.html#primaryimage\",\"url\":\"https:\/\/img.bagnoitalia.com\/wp-content\/uploads\/1-19.jpg\",\"contentUrl\":\"https:\/\/img.bagnoitalia.com\/wp-content\/uploads\/1-19.jpg\",\"width\":1000,\"height\":1000},{\"@type\":\"BreadcrumbList\",\"@id\":\"https:\/\/www.bagnoitalia.com\/fr\/produit\/tundra-bathroom-furniture-60-75-or-100-cm-suspended-or-with-feet-2-drawers-5-colours.html#breadcrumb\",\"itemListElement\":[{\"@type\":\"ListItem\",\"position\":1,\"name\":\"Home\",\"item\":\"https:\/\/www.bagnoitalia.com\/fr\"},{\"@type\":\"ListItem\",\"position\":2,\"name\":\"Produits\",\"item\":\"https:\/\/www.bagnoitalia.com\/fr\/shop\"},{\"@type\":\"ListItem\",\"position\":3,\"name\":\"Tundra meuble de salle de bain 60, 75 ou 100 cm suspendu ou avec pieds 2 tiroirs 5 couleurs\"}]},{\"@type\":\"WebSite\",\"@id\":\"https:\/\/www.bagnoitalia.com\/fr#website\",\"url\":\"https:\/\/www.bagnoitalia.com\/fr\",\"name\":\"Bagno Italia\",\"description\":\"\",\"publisher\":{\"@id\":\"https:\/\/www.bagnoitalia.com\/fr#organization\"},\"potentialAction\":[{\"@type\":\"SearchAction\",\"target\":{\"@type\":\"EntryPoint\",\"urlTemplate\":\"https:\/\/www.bagnoitalia.com\/fr?s={search_term_string}\"},\"query-input\":{\"@type\":\"PropertyValueSpecification\",\"valueRequired\":true,\"valueName\":\"search_term_string\"}}],\"inLanguage\":\"fr-FR\"},{\"@type\":\"Organization\",\"@id\":\"https:\/\/www.bagnoitalia.com\/fr#organization\",\"name\":\"Bagno Italia\",\"url\":\"https:\/\/www.bagnoitalia.com\/fr\",\"logo\":{\"@type\":\"ImageObject\",\"inLanguage\":\"fr-FR\",\"@id\":\"https:\/\/www.bagnoitalia.com\/fr#\/schema\/logo\/image\/\",\"url\":\"https:\/\/img.bagnoitalia.com\/wp-content\/uploads\/logo-bagnoitalia.webp\",\"contentUrl\":\"https:\/\/img.bagnoitalia.com\/wp-content\/uploads\/logo-bagnoitalia.webp\",\"width\":400,\"height\":70,\"caption\":\"Bagno Italia\"},\"image\":{\"@id\":\"https:\/\/www.bagnoitalia.com\/fr#\/schema\/logo\/image\/\"}}]}<\/script>\n<!-- \/ Yoast SEO plugin. -->","yoast_head_json":{"title":"Tundra meuble de salle de bain 60, 75 ou 100 cm suspendu ou avec pieds 2 tiroirs 5 couleurs - Bagno Italia","robots":{"index":"index","follow":"follow","max-snippet":"max-snippet:-1","max-image-preview":"max-image-preview:large","max-video-preview":"max-video-preview:-1"},"canonical":"https:\/\/www.bagnoitalia.com\/fr\/produit\/tundra-bathroom-furniture-60-75-or-100-cm-suspended-or-with-feet-2-drawers-5-colours.html","og_locale":"fr_FR","og_type":"article","og_title":"Tundra meuble de salle de bain 60, 75 ou 100 cm suspendu ou avec pieds 2 tiroirs 5 couleurs - Bagno Italia","og_description":"Meubles de salle de bains modernes, disponibles en blanc mat, graphite, bleu p\u00e9trole, gris nuage, vert mat. Lavabo en deux mat\u00e9riaux au choix : c\u00e9ramique ou marbre-r\u00e9sine. Il est \u00e9galement possible de combiner un meuble mural, un meuble haut et un miroir encadr\u00e9.","og_url":"https:\/\/www.bagnoitalia.com\/fr\/produit\/tundra-bathroom-furniture-60-75-or-100-cm-suspended-or-with-feet-2-drawers-5-colours.html","og_site_name":"Bagno Italia","article_modified_time":"2025-04-30T14:02:36+00:00","og_image":[{"width":1000,"height":1000,"url":"https:\/\/img.bagnoitalia.com\/wp-content\/uploads\/1-19.jpg","type":"image\/jpeg"}],"twitter_card":"summary_large_image","twitter_misc":{"Dur\u00e9e de lecture estim\u00e9e":"2 minutes"},"schema":{"@context":"https:\/\/schema.org","@graph":[{"@type":"WebPage","@id":"https:\/\/www.bagnoitalia.com\/fr\/produit\/tundra-bathroom-furniture-60-75-or-100-cm-suspended-or-with-feet-2-drawers-5-colours.html","url":"https:\/\/www.bagnoitalia.com\/fr\/produit\/tundra-bathroom-furniture-60-75-or-100-cm-suspended-or-with-feet-2-drawers-5-colours.html","name":"Tundra meuble de salle de bain 60, 75 ou 100 cm suspendu ou avec pieds 2 tiroirs 5 couleurs - Bagno Italia","isPartOf":{"@id":"https:\/\/www.bagnoitalia.com\/fr#website"},"primaryImageOfPage":{"@id":"https:\/\/www.bagnoitalia.com\/fr\/produit\/tundra-bathroom-furniture-60-75-or-100-cm-suspended-or-with-feet-2-drawers-5-colours.html#primaryimage"},"image":{"@id":"https:\/\/www.bagnoitalia.com\/fr\/produit\/tundra-bathroom-furniture-60-75-or-100-cm-suspended-or-with-feet-2-drawers-5-colours.html#primaryimage"},"thumbnailUrl":"https:\/\/img.bagnoitalia.com\/wp-content\/uploads\/1-19.jpg","datePublished":"2025-04-30T13:51:00+00:00","dateModified":"2025-04-30T14:02:36+00:00","breadcrumb":{"@id":"https:\/\/www.bagnoitalia.com\/fr\/produit\/tundra-bathroom-furniture-60-75-or-100-cm-suspended-or-with-feet-2-drawers-5-colours.html#breadcrumb"},"inLanguage":"fr-FR","potentialAction":[{"@type":"ReadAction","target":["https:\/\/www.bagnoitalia.com\/fr\/produit\/tundra-bathroom-furniture-60-75-or-100-cm-suspended-or-with-feet-2-drawers-5-colours.html"]}]},{"@type":"ImageObject","inLanguage":"fr-FR","@id":"https:\/\/www.bagnoitalia.com\/fr\/produit\/tundra-bathroom-furniture-60-75-or-100-cm-suspended-or-with-feet-2-drawers-5-colours.html#primaryimage","url":"https:\/\/img.bagnoitalia.com\/wp-content\/uploads\/1-19.jpg","contentUrl":"https:\/\/img.bagnoitalia.com\/wp-content\/uploads\/1-19.jpg","width":1000,"height":1000},{"@type":"BreadcrumbList","@id":"https:\/\/www.bagnoitalia.com\/fr\/produit\/tundra-bathroom-furniture-60-75-or-100-cm-suspended-or-with-feet-2-drawers-5-colours.html#breadcrumb","itemListElement":[{"@type":"ListItem","position":1,"name":"Home","item":"https:\/\/www.bagnoitalia.com\/fr"},{"@type":"ListItem","position":2,"name":"Produits","item":"https:\/\/www.bagnoitalia.com\/fr\/shop"},{"@type":"ListItem","position":3,"name":"Tundra meuble de salle de bain 60, 75 ou 100 cm suspendu ou avec pieds 2 tiroirs 5 couleurs"}]},{"@type":"WebSite","@id":"https:\/\/www.bagnoitalia.com\/fr#website","url":"https:\/\/www.bagnoitalia.com\/fr","name":"Bagno Italia","description":"","publisher":{"@id":"https:\/\/www.bagnoitalia.com\/fr#organization"},"potentialAction":[{"@type":"SearchAction","target":{"@type":"EntryPoint","urlTemplate":"https:\/\/www.bagnoitalia.com\/fr?s={search_term_string}"},"query-input":{"@type":"PropertyValueSpecification","valueRequired":true,"valueName":"search_term_string"}}],"inLanguage":"fr-FR"},{"@type":"Organization","@id":"https:\/\/www.bagnoitalia.com\/fr#organization","name":"Bagno Italia","url":"https:\/\/www.bagnoitalia.com\/fr","logo":{"@type":"ImageObject","inLanguage":"fr-FR","@id":"https:\/\/www.bagnoitalia.com\/fr#\/schema\/logo\/image\/","url":"https:\/\/img.bagnoitalia.com\/wp-content\/uploads\/logo-bagnoitalia.webp","contentUrl":"https:\/\/img.bagnoitalia.com\/wp-content\/uploads\/logo-bagnoitalia.webp","width":400,"height":70,"caption":"Bagno Italia"},"image":{"@id":"https:\/\/www.bagnoitalia.com\/fr#\/schema\/logo\/image\/"}}]}},"_links":{"self":[{"href":"https:\/\/www.bagnoitalia.com\/fr\/wp-json\/wp\/v2\/product\/107563","targetHints":{"allow":["GET"]}}],"collection":[{"href":"https:\/\/www.bagnoitalia.com\/fr\/wp-json\/wp\/v2\/product"}],"about":[{"href":"https:\/\/www.bagnoitalia.com\/fr\/wp-json\/wp\/v2\/types\/product"}],"replies":[{"embeddable":true,"href":"https:\/\/www.bagnoitalia.com\/fr\/wp-json\/wp\/v2\/comments?post=107563"}],"version-history":[{"count":2,"href":"https:\/\/www.bagnoitalia.com\/fr\/wp-json\/wp\/v2\/product\/107563\/revisions"}],"predecessor-version":[{"id":107571,"href":"https:\/\/www.bagnoitalia.com\/fr\/wp-json\/wp\/v2\/product\/107563\/revisions\/107571"}],"wp:featuredmedia":[{"embeddable":true,"href":"https:\/\/www.bagnoitalia.com\/fr\/wp-json\/wp\/v2\/media\/107503"}],"wp:attachment":[{"href":"https:\/\/www.bagnoitalia.com\/fr\/wp-json\/wp\/v2\/media?parent=107563"}],"wp:term":[{"taxonomy":"product_brand","embeddable":true,"href":"https:\/\/www.bagnoitalia.com\/fr\/wp-json\/wp\/v2\/product_brand?post=107563"},{"taxonomy":"product_cat","embeddable":true,"href":"https:\/\/www.bagnoitalia.com\/fr\/wp-json\/wp\/v2\/product_cat?post=107563"},{"taxonomy":"product_tag","embeddable":true,"href":"https:\/\/www.bagnoitalia.com\/fr\/wp-json\/wp\/v2\/product_tag?post=107563"}],"curies":[{"name":"wp","href":"https:\/\/api.w.org\/{rel}","templated":true}]}}