{"id":106526,"date":"2025-04-14T15:07:54","date_gmt":"2025-04-14T13:07:54","guid":{"rendered":"https:\/\/www.bagnoitalia.com\/mini-whirlpool-210x160-cm-4-5-seats-50-jets-chromotherapy-and-bluetooth-mp70.html"},"modified":"2026-02-02T11:09:11","modified_gmt":"2026-02-02T10:09:11","slug":"mini-whirlpool-210x160-cm-4-5-seats-50-jets-chromotherapy-and-bluetooth-mp70","status":"publish","type":"product","link":"https:\/\/www.bagnoitalia.com\/fr\/produit\/mini-whirlpool-210x160-cm-4-5-seats-50-jets-chromotherapy-and-bluetooth-mp70.html","title":{"rendered":"Mini bain \u00e0 remous 210&#215;160 cm 4-5 places 50 jets chromoth\u00e9rapie et Bluetooth MP70"},"content":{"rendered":"<p>Whirlpool 210&#215;160 cm MP70<\/p>\n<p>&nbsp;<\/p>\n<p>&nbsp;<\/p>\n<p>&nbsp;<\/p>\n<p>&nbsp;<\/p>\n<p>CARACT\u00c9RISTIQUES<\/p>\n<p>Tourbillon ext\u00e9rieur<\/p>\n<p>Dimensions : 210x160xH90 cm<\/p>\n<p>Couleur noir marbr\u00e9<\/p>\n<p>Convient pour 4-5 personnes<\/p>\n<p>50 jets (dont 16 sur le fond, r\u00e9tro-\u00e9clair\u00e9s)<\/p>\n<p>Chromoth\u00e9rapie avec 7 variations de couleurs (avec LED int\u00e9rieures et ext\u00e9rieures)<\/p>\n<p>Haut-parleurs surround<\/p>\n<p>Bluetooth<\/p>\n<p>Ozonoth\u00e9rapie<\/p>\n<p>Chauffage \u00e9co-consommateur de 1,5 kW avec pr\u00e9-filtration et syst\u00e8me anti-gel<\/p>\n<p>Usb<\/p>\n<p>n.4 pompes<\/p>\n<p>n.2 pompes \u00e0 eau de 1,5 CV<br \/>\nn.1 pompe \u00e0 air de 0,5 ch<br \/>\nn.1 pompe de recirculation de 1 CV<\/p>\n<p>Bandes LED p\u00e9rim\u00e9triques + deux bo\u00eetes \u00e0 LED Rgb Innovation Design<\/p>\n<p>Isolation thermique<\/p>\n<p>Capteur \u00e9lectronique de niveau d&rsquo;eau<\/p>\n<p>Robinetterie incluse<\/p>\n<p>Panneau de contr\u00f4le tactile<\/p>\n<p>&nbsp;<\/p>\n<p>&nbsp;<\/p>\n<p>&nbsp;<\/p>\n<p>&nbsp;<\/p>\n<p>MAT\u00c9RIAUX ET AUTRES SP\u00c9CIFICATIONS<\/p>\n<p>Coque en fibre de verre de 2,2 cm<\/p>\n<p>Acrylique de haute qualit\u00e9 r\u00e9sistant aux rayures et dot\u00e9 d&rsquo;une isolation thermique<\/p>\n<p>Cadre en acier<\/p>\n<p>Rev\u00eatement ext\u00e9rieur en r\u00e9sine ABS<\/p>\n<p>Pompe Ecoplus \u00e0 \u00e9conomie d&rsquo;\u00e9nergie<\/p>\n<p>Capacit\u00e9 : 1080 litres<\/p>\n<p>&nbsp;<\/p>\n<p>&nbsp;<\/p>\n<p>&nbsp;<\/p>\n<p>&nbsp;<\/p>\n<p>&nbsp;<\/p>\n","protected":false},"excerpt":{"rendered":"<p>Baignoire ext\u00e9rieure optionnelle compl\u00e8te, au design moderne, pouvant accueillir jusqu&rsquo;\u00e0 5 personnes. Ses fonctions sont les suivantes : ozonoth\u00e9rapie, chromoth\u00e9rapie (avec LED internes et externes), chauffage, 50 jets d&rsquo;hydromassage d&rsquo;air et d&rsquo;eau.<\/p>\n","protected":false},"featured_media":106458,"comment_status":"open","ping_status":"closed","template":"","meta":[],"product_brand":[9924],"product_cat":[10069],"product_tag":[],"class_list":{"0":"post-106526","1":"product","2":"type-product","3":"status-publish","4":"has-post-thumbnail","6":"product_brand-predator-arredo-casa-fr","7":"product_cat-piscines-exterieures-a-hydromassage","9":"first","10":"instock","11":"sale","12":"taxable","13":"shipping-taxable","14":"purchasable","15":"product-type-simple"},"exclude_global_add_ons":false,"addons":[{"name":"Accessoires","type":"multiple_choice","position":0,"required":false,"title_format":"label","default":"","description_enable":false,"description":"","placeholder_enable":false,"placeholder":"","display":"select","restrictions_type":"any_text","adjust_price":false,"price":"","price_type":"flat_fee","restrictions":false,"min":"0","max":"0","options":[{"label":"Non","price":"","price_type":"flat_fee","image":0,"visibility":true},{"label":"avec \u00e9chelle","price":"229","price_type":"flat_fee","image":0,"visibility":true}],"id":1744643275},{"name":"couverture","type":"multiple_choice","position":1,"required":false,"title_format":"heading","default":"","description_enable":false,"description":"","placeholder_enable":false,"placeholder":"","display":"select","restrictions_type":"any_text","adjust_price":false,"price":"","price_type":"flat_fee","restrictions":false,"min":"0","max":"0","options":[{"label":"non","price":"","price_type":"quantity_based","image":0,"visibility":true},{"label":"couverture isotherme","price":"300","price_type":"quantity_based","image":0,"visibility":true}],"id":1770030552}],"yoast_head":"<!-- This site is optimized with the Yoast SEO plugin v26.7 - https:\/\/yoast.com\/wordpress\/plugins\/seo\/ -->\n<title>Mini bain \u00e0 remous 210x160 cm 4-5 places 50 jets chromoth\u00e9rapie et Bluetooth MP70 - Bagno Italia<\/title>\n<meta name=\"robots\" content=\"index, follow, max-snippet:-1, max-image-preview:large, max-video-preview:-1\" \/>\n<link rel=\"canonical\" href=\"https:\/\/www.bagnoitalia.com\/fr\/produit\/mini-whirlpool-210x160-cm-4-5-seats-50-jets-chromotherapy-and-bluetooth-mp70.html\" \/>\n<meta property=\"og:locale\" content=\"fr_FR\" \/>\n<meta property=\"og:type\" content=\"article\" \/>\n<meta property=\"og:title\" content=\"Mini bain \u00e0 remous 210x160 cm 4-5 places 50 jets chromoth\u00e9rapie et Bluetooth MP70 - Bagno Italia\" \/>\n<meta property=\"og:description\" content=\"Baignoire ext\u00e9rieure optionnelle compl\u00e8te, au design moderne, pouvant accueillir jusqu&#039;\u00e0 5 personnes. Ses fonctions sont les suivantes : ozonoth\u00e9rapie, chromoth\u00e9rapie (avec LED internes et externes), chauffage, 50 jets d&#039;hydromassage d&#039;air et d&#039;eau.\" \/>\n<meta property=\"og:url\" content=\"https:\/\/www.bagnoitalia.com\/fr\/produit\/mini-whirlpool-210x160-cm-4-5-seats-50-jets-chromotherapy-and-bluetooth-mp70.html\" \/>\n<meta property=\"og:site_name\" content=\"Bagno Italia\" \/>\n<meta property=\"article:modified_time\" content=\"2026-02-02T10:09:11+00:00\" \/>\n<meta property=\"og:image\" content=\"https:\/\/img.bagnoitalia.com\/wp-content\/uploads\/1-265.webp\" \/>\n\t<meta property=\"og:image:width\" content=\"1500\" \/>\n\t<meta property=\"og:image:height\" content=\"1500\" \/>\n\t<meta property=\"og:image:type\" content=\"image\/webp\" \/>\n<meta name=\"twitter:card\" content=\"summary_large_image\" \/>\n<meta name=\"twitter:label1\" content=\"Dur\u00e9e de lecture estim\u00e9e\" \/>\n\t<meta name=\"twitter:data1\" content=\"1 minute\" \/>\n<script type=\"application\/ld+json\" class=\"yoast-schema-graph\">{\"@context\":\"https:\/\/schema.org\",\"@graph\":[{\"@type\":\"WebPage\",\"@id\":\"https:\/\/www.bagnoitalia.com\/fr\/produit\/mini-whirlpool-210x160-cm-4-5-seats-50-jets-chromotherapy-and-bluetooth-mp70.html\",\"url\":\"https:\/\/www.bagnoitalia.com\/fr\/produit\/mini-whirlpool-210x160-cm-4-5-seats-50-jets-chromotherapy-and-bluetooth-mp70.html\",\"name\":\"Mini bain \u00e0 remous 210x160 cm 4-5 places 50 jets chromoth\u00e9rapie et Bluetooth MP70 - Bagno Italia\",\"isPartOf\":{\"@id\":\"https:\/\/www.bagnoitalia.com\/fr#website\"},\"primaryImageOfPage\":{\"@id\":\"https:\/\/www.bagnoitalia.com\/fr\/produit\/mini-whirlpool-210x160-cm-4-5-seats-50-jets-chromotherapy-and-bluetooth-mp70.html#primaryimage\"},\"image\":{\"@id\":\"https:\/\/www.bagnoitalia.com\/fr\/produit\/mini-whirlpool-210x160-cm-4-5-seats-50-jets-chromotherapy-and-bluetooth-mp70.html#primaryimage\"},\"thumbnailUrl\":\"https:\/\/img.bagnoitalia.com\/wp-content\/uploads\/1-265.webp\",\"datePublished\":\"2025-04-14T13:07:54+00:00\",\"dateModified\":\"2026-02-02T10:09:11+00:00\",\"breadcrumb\":{\"@id\":\"https:\/\/www.bagnoitalia.com\/fr\/produit\/mini-whirlpool-210x160-cm-4-5-seats-50-jets-chromotherapy-and-bluetooth-mp70.html#breadcrumb\"},\"inLanguage\":\"fr-FR\",\"potentialAction\":[{\"@type\":\"ReadAction\",\"target\":[\"https:\/\/www.bagnoitalia.com\/fr\/produit\/mini-whirlpool-210x160-cm-4-5-seats-50-jets-chromotherapy-and-bluetooth-mp70.html\"]}]},{\"@type\":\"ImageObject\",\"inLanguage\":\"fr-FR\",\"@id\":\"https:\/\/www.bagnoitalia.com\/fr\/produit\/mini-whirlpool-210x160-cm-4-5-seats-50-jets-chromotherapy-and-bluetooth-mp70.html#primaryimage\",\"url\":\"https:\/\/img.bagnoitalia.com\/wp-content\/uploads\/1-265.webp\",\"contentUrl\":\"https:\/\/img.bagnoitalia.com\/wp-content\/uploads\/1-265.webp\",\"width\":1500,\"height\":1500},{\"@type\":\"BreadcrumbList\",\"@id\":\"https:\/\/www.bagnoitalia.com\/fr\/produit\/mini-whirlpool-210x160-cm-4-5-seats-50-jets-chromotherapy-and-bluetooth-mp70.html#breadcrumb\",\"itemListElement\":[{\"@type\":\"ListItem\",\"position\":1,\"name\":\"Home\",\"item\":\"https:\/\/www.bagnoitalia.com\/fr\"},{\"@type\":\"ListItem\",\"position\":2,\"name\":\"Produits\",\"item\":\"https:\/\/www.bagnoitalia.com\/fr\/shop\"},{\"@type\":\"ListItem\",\"position\":3,\"name\":\"Mini bain \u00e0 remous 210&#215;160 cm 4-5 places 50 jets chromoth\u00e9rapie et Bluetooth MP70\"}]},{\"@type\":\"WebSite\",\"@id\":\"https:\/\/www.bagnoitalia.com\/fr#website\",\"url\":\"https:\/\/www.bagnoitalia.com\/fr\",\"name\":\"Bagno Italia\",\"description\":\"\",\"publisher\":{\"@id\":\"https:\/\/www.bagnoitalia.com\/fr#organization\"},\"potentialAction\":[{\"@type\":\"SearchAction\",\"target\":{\"@type\":\"EntryPoint\",\"urlTemplate\":\"https:\/\/www.bagnoitalia.com\/fr?s={search_term_string}\"},\"query-input\":{\"@type\":\"PropertyValueSpecification\",\"valueRequired\":true,\"valueName\":\"search_term_string\"}}],\"inLanguage\":\"fr-FR\"},{\"@type\":\"Organization\",\"@id\":\"https:\/\/www.bagnoitalia.com\/fr#organization\",\"name\":\"Bagno Italia\",\"url\":\"https:\/\/www.bagnoitalia.com\/fr\",\"logo\":{\"@type\":\"ImageObject\",\"inLanguage\":\"fr-FR\",\"@id\":\"https:\/\/www.bagnoitalia.com\/fr#\/schema\/logo\/image\/\",\"url\":\"https:\/\/img.bagnoitalia.com\/wp-content\/uploads\/logo-bagnoitalia.webp\",\"contentUrl\":\"https:\/\/img.bagnoitalia.com\/wp-content\/uploads\/logo-bagnoitalia.webp\",\"width\":400,\"height\":70,\"caption\":\"Bagno Italia\"},\"image\":{\"@id\":\"https:\/\/www.bagnoitalia.com\/fr#\/schema\/logo\/image\/\"}}]}<\/script>\n<!-- \/ Yoast SEO plugin. -->","yoast_head_json":{"title":"Mini bain \u00e0 remous 210x160 cm 4-5 places 50 jets chromoth\u00e9rapie et Bluetooth MP70 - Bagno Italia","robots":{"index":"index","follow":"follow","max-snippet":"max-snippet:-1","max-image-preview":"max-image-preview:large","max-video-preview":"max-video-preview:-1"},"canonical":"https:\/\/www.bagnoitalia.com\/fr\/produit\/mini-whirlpool-210x160-cm-4-5-seats-50-jets-chromotherapy-and-bluetooth-mp70.html","og_locale":"fr_FR","og_type":"article","og_title":"Mini bain \u00e0 remous 210x160 cm 4-5 places 50 jets chromoth\u00e9rapie et Bluetooth MP70 - Bagno Italia","og_description":"Baignoire ext\u00e9rieure optionnelle compl\u00e8te, au design moderne, pouvant accueillir jusqu'\u00e0 5 personnes. Ses fonctions sont les suivantes : ozonoth\u00e9rapie, chromoth\u00e9rapie (avec LED internes et externes), chauffage, 50 jets d'hydromassage d'air et d'eau.","og_url":"https:\/\/www.bagnoitalia.com\/fr\/produit\/mini-whirlpool-210x160-cm-4-5-seats-50-jets-chromotherapy-and-bluetooth-mp70.html","og_site_name":"Bagno Italia","article_modified_time":"2026-02-02T10:09:11+00:00","og_image":[{"width":1500,"height":1500,"url":"https:\/\/img.bagnoitalia.com\/wp-content\/uploads\/1-265.webp","type":"image\/webp"}],"twitter_card":"summary_large_image","twitter_misc":{"Dur\u00e9e de lecture estim\u00e9e":"1 minute"},"schema":{"@context":"https:\/\/schema.org","@graph":[{"@type":"WebPage","@id":"https:\/\/www.bagnoitalia.com\/fr\/produit\/mini-whirlpool-210x160-cm-4-5-seats-50-jets-chromotherapy-and-bluetooth-mp70.html","url":"https:\/\/www.bagnoitalia.com\/fr\/produit\/mini-whirlpool-210x160-cm-4-5-seats-50-jets-chromotherapy-and-bluetooth-mp70.html","name":"Mini bain \u00e0 remous 210x160 cm 4-5 places 50 jets chromoth\u00e9rapie et Bluetooth MP70 - Bagno Italia","isPartOf":{"@id":"https:\/\/www.bagnoitalia.com\/fr#website"},"primaryImageOfPage":{"@id":"https:\/\/www.bagnoitalia.com\/fr\/produit\/mini-whirlpool-210x160-cm-4-5-seats-50-jets-chromotherapy-and-bluetooth-mp70.html#primaryimage"},"image":{"@id":"https:\/\/www.bagnoitalia.com\/fr\/produit\/mini-whirlpool-210x160-cm-4-5-seats-50-jets-chromotherapy-and-bluetooth-mp70.html#primaryimage"},"thumbnailUrl":"https:\/\/img.bagnoitalia.com\/wp-content\/uploads\/1-265.webp","datePublished":"2025-04-14T13:07:54+00:00","dateModified":"2026-02-02T10:09:11+00:00","breadcrumb":{"@id":"https:\/\/www.bagnoitalia.com\/fr\/produit\/mini-whirlpool-210x160-cm-4-5-seats-50-jets-chromotherapy-and-bluetooth-mp70.html#breadcrumb"},"inLanguage":"fr-FR","potentialAction":[{"@type":"ReadAction","target":["https:\/\/www.bagnoitalia.com\/fr\/produit\/mini-whirlpool-210x160-cm-4-5-seats-50-jets-chromotherapy-and-bluetooth-mp70.html"]}]},{"@type":"ImageObject","inLanguage":"fr-FR","@id":"https:\/\/www.bagnoitalia.com\/fr\/produit\/mini-whirlpool-210x160-cm-4-5-seats-50-jets-chromotherapy-and-bluetooth-mp70.html#primaryimage","url":"https:\/\/img.bagnoitalia.com\/wp-content\/uploads\/1-265.webp","contentUrl":"https:\/\/img.bagnoitalia.com\/wp-content\/uploads\/1-265.webp","width":1500,"height":1500},{"@type":"BreadcrumbList","@id":"https:\/\/www.bagnoitalia.com\/fr\/produit\/mini-whirlpool-210x160-cm-4-5-seats-50-jets-chromotherapy-and-bluetooth-mp70.html#breadcrumb","itemListElement":[{"@type":"ListItem","position":1,"name":"Home","item":"https:\/\/www.bagnoitalia.com\/fr"},{"@type":"ListItem","position":2,"name":"Produits","item":"https:\/\/www.bagnoitalia.com\/fr\/shop"},{"@type":"ListItem","position":3,"name":"Mini bain \u00e0 remous 210&#215;160 cm 4-5 places 50 jets chromoth\u00e9rapie et Bluetooth MP70"}]},{"@type":"WebSite","@id":"https:\/\/www.bagnoitalia.com\/fr#website","url":"https:\/\/www.bagnoitalia.com\/fr","name":"Bagno Italia","description":"","publisher":{"@id":"https:\/\/www.bagnoitalia.com\/fr#organization"},"potentialAction":[{"@type":"SearchAction","target":{"@type":"EntryPoint","urlTemplate":"https:\/\/www.bagnoitalia.com\/fr?s={search_term_string}"},"query-input":{"@type":"PropertyValueSpecification","valueRequired":true,"valueName":"search_term_string"}}],"inLanguage":"fr-FR"},{"@type":"Organization","@id":"https:\/\/www.bagnoitalia.com\/fr#organization","name":"Bagno Italia","url":"https:\/\/www.bagnoitalia.com\/fr","logo":{"@type":"ImageObject","inLanguage":"fr-FR","@id":"https:\/\/www.bagnoitalia.com\/fr#\/schema\/logo\/image\/","url":"https:\/\/img.bagnoitalia.com\/wp-content\/uploads\/logo-bagnoitalia.webp","contentUrl":"https:\/\/img.bagnoitalia.com\/wp-content\/uploads\/logo-bagnoitalia.webp","width":400,"height":70,"caption":"Bagno Italia"},"image":{"@id":"https:\/\/www.bagnoitalia.com\/fr#\/schema\/logo\/image\/"}}]}},"_links":{"self":[{"href":"https:\/\/www.bagnoitalia.com\/fr\/wp-json\/wp\/v2\/product\/106526","targetHints":{"allow":["GET"]}}],"collection":[{"href":"https:\/\/www.bagnoitalia.com\/fr\/wp-json\/wp\/v2\/product"}],"about":[{"href":"https:\/\/www.bagnoitalia.com\/fr\/wp-json\/wp\/v2\/types\/product"}],"replies":[{"embeddable":true,"href":"https:\/\/www.bagnoitalia.com\/fr\/wp-json\/wp\/v2\/comments?post=106526"}],"version-history":[{"count":2,"href":"https:\/\/www.bagnoitalia.com\/fr\/wp-json\/wp\/v2\/product\/106526\/revisions"}],"predecessor-version":[{"id":106533,"href":"https:\/\/www.bagnoitalia.com\/fr\/wp-json\/wp\/v2\/product\/106526\/revisions\/106533"}],"wp:featuredmedia":[{"embeddable":true,"href":"https:\/\/www.bagnoitalia.com\/fr\/wp-json\/wp\/v2\/media\/106458"}],"wp:attachment":[{"href":"https:\/\/www.bagnoitalia.com\/fr\/wp-json\/wp\/v2\/media?parent=106526"}],"wp:term":[{"taxonomy":"product_brand","embeddable":true,"href":"https:\/\/www.bagnoitalia.com\/fr\/wp-json\/wp\/v2\/product_brand?post=106526"},{"taxonomy":"product_cat","embeddable":true,"href":"https:\/\/www.bagnoitalia.com\/fr\/wp-json\/wp\/v2\/product_cat?post=106526"},{"taxonomy":"product_tag","embeddable":true,"href":"https:\/\/www.bagnoitalia.com\/fr\/wp-json\/wp\/v2\/product_tag?post=106526"}],"curies":[{"name":"wp","href":"https:\/\/api.w.org\/{rel}","templated":true}]}}