{"id":106335,"date":"2025-04-10T14:47:35","date_gmt":"2025-04-10T12:47:35","guid":{"rendered":"https:\/\/www.bagnoitalia.com\/freestanding-washbasin-46xh90-cm-in-cream-stone-with-bush-hammered-satin-finish-lav100.html"},"modified":"2025-04-10T14:50:29","modified_gmt":"2025-04-10T12:50:29","slug":"freestanding-washbasin-46xh90-cm-in-cream-stone-with-bush-hammered-satin-finish-lav100","status":"publish","type":"product","link":"https:\/\/www.bagnoitalia.com\/fr\/produit\/freestanding-washbasin-46xh90-cm-in-cream-stone-with-bush-hammered-satin-finish-lav100.html","title":{"rendered":"Lavabo \u00e0 poser 46xH90 cm en pierre cr\u00e8me avec finition satin\u00e9e bouchard\u00e9e LAV100"},"content":{"rendered":"<p>Lavabo \u00e0 poser en pierre cr\u00e8me 46xH90 cm &lsquo;LAV100<\/p>\n<p>&nbsp;<\/p>\n<p>&nbsp;<\/p>\n<p>&nbsp;<\/p>\n<p>CARACT\u00c9RISTIQUES DU PRODUIT<\/p>\n<p>&nbsp;<\/p>\n<p>Lavabo en forme de calice<\/p>\n<p>A poser (au centre de la pi\u00e8ce)<\/p>\n<p>Diam\u00e8tre ext\u00e9rieur 46 cm<\/p>\n<p>Hauteur ext\u00e9rieure totale 90 cm<\/p>\n<p>Diam\u00e8tre int\u00e9rieur de la vasque 39 cm<\/p>\n<p>Hauteur int\u00e9rieure de la cuve 23 cm<\/p>\n<p>En pierre, couleur cr\u00e8me, avec finition bouchard\u00e9e et satin\u00e9e<\/p>\n<p>SANS trou de trop-plein<\/p>\n<p>SANS trou pour mitigeur<\/p>\n<p>&nbsp;<\/p>\n<p>ATTENTION : ce produit est fabriqu\u00e9 \u00e0 la main et le mat\u00e9riau est d&rsquo;origine naturelle, par cons\u00e9quent la couleur, le grain et la texture peuvent varier par rapport aux photos.<\/p>\n<p>&nbsp;<\/p>\n<p>&nbsp;<\/p>\n<p>&nbsp;<\/p>\n<p>&nbsp;<\/p>\n<p>&nbsp;<\/p>\n<p>&nbsp;<\/p>\n<p>&nbsp;<\/p>\n<p>&nbsp;<\/p>\n<p>&nbsp;<\/p>\n<p>&nbsp;<\/p>\n<p>&nbsp;<\/p>\n<p>&nbsp;<\/p>\n<p>&nbsp;<\/p>\n<p>&nbsp;<\/p>\n<p>&nbsp;<\/p>\n<p>&nbsp;<\/p>\n<p>&nbsp;<\/p>\n<p>&nbsp;<\/p>\n<p>&nbsp;<\/p>\n<p>&nbsp;<\/p>\n<p>&nbsp;<\/p>\n<p>&nbsp;<\/p>\n<p>LAPF-T<\/p>\n<p>&nbsp;<\/p>\n<p>&nbsp;<\/p>\n<p>&nbsp;<\/p>\n","protected":false},"excerpt":{"rendered":"<p>\u00c9vier en forme de gobelet fabriqu\u00e9 \u00e0 la main en pierre de couleur cr\u00e8me avec une finition satin\u00e9e bouchard\u00e9e. Convient pour une installation ind\u00e9pendante.<\/p>\n","protected":false},"featured_media":106295,"comment_status":"open","ping_status":"closed","template":"","meta":[],"product_brand":[9883],"product_cat":[9988],"product_tag":[],"class_list":{"0":"post-106335","1":"product","2":"type-product","3":"status-publish","4":"has-post-thumbnail","6":"product_brand-deghi-de","7":"product_cat-evier-a-poser","9":"first","10":"instock","11":"sale","12":"taxable","13":"shipping-taxable","14":"purchasable","15":"product-type-simple"},"exclude_global_add_ons":[],"addons":[],"yoast_head":"<!-- This site is optimized with the Yoast SEO plugin v26.7 - https:\/\/yoast.com\/wordpress\/plugins\/seo\/ -->\n<title>Lavabo \u00e0 poser 46xH90 cm en pierre cr\u00e8me avec finition satin\u00e9e bouchard\u00e9e LAV100 - Bagno Italia<\/title>\n<meta name=\"robots\" content=\"index, follow, max-snippet:-1, max-image-preview:large, max-video-preview:-1\" \/>\n<link rel=\"canonical\" href=\"https:\/\/www.bagnoitalia.com\/fr\/produit\/freestanding-washbasin-46xh90-cm-in-cream-stone-with-bush-hammered-satin-finish-lav100.html\" \/>\n<meta property=\"og:locale\" content=\"fr_FR\" \/>\n<meta property=\"og:type\" content=\"article\" \/>\n<meta property=\"og:title\" content=\"Lavabo \u00e0 poser 46xH90 cm en pierre cr\u00e8me avec finition satin\u00e9e bouchard\u00e9e LAV100 - Bagno Italia\" \/>\n<meta property=\"og:description\" content=\"\u00c9vier en forme de gobelet fabriqu\u00e9 \u00e0 la main en pierre de couleur cr\u00e8me avec une finition satin\u00e9e bouchard\u00e9e. Convient pour une installation ind\u00e9pendante.\" \/>\n<meta property=\"og:url\" content=\"https:\/\/www.bagnoitalia.com\/fr\/produit\/freestanding-washbasin-46xh90-cm-in-cream-stone-with-bush-hammered-satin-finish-lav100.html\" \/>\n<meta property=\"og:site_name\" content=\"Bagno Italia\" \/>\n<meta property=\"article:modified_time\" content=\"2025-04-10T12:50:29+00:00\" \/>\n<meta property=\"og:image\" content=\"https:\/\/img.bagnoitalia.com\/wp-content\/uploads\/1-261.webp\" \/>\n\t<meta property=\"og:image:width\" content=\"1000\" \/>\n\t<meta property=\"og:image:height\" content=\"1000\" \/>\n\t<meta property=\"og:image:type\" content=\"image\/webp\" \/>\n<meta name=\"twitter:card\" content=\"summary_large_image\" \/>\n<meta name=\"twitter:label1\" content=\"Dur\u00e9e de lecture estim\u00e9e\" \/>\n\t<meta name=\"twitter:data1\" content=\"1 minute\" \/>\n<script type=\"application\/ld+json\" class=\"yoast-schema-graph\">{\"@context\":\"https:\/\/schema.org\",\"@graph\":[{\"@type\":\"WebPage\",\"@id\":\"https:\/\/www.bagnoitalia.com\/fr\/produit\/freestanding-washbasin-46xh90-cm-in-cream-stone-with-bush-hammered-satin-finish-lav100.html\",\"url\":\"https:\/\/www.bagnoitalia.com\/fr\/produit\/freestanding-washbasin-46xh90-cm-in-cream-stone-with-bush-hammered-satin-finish-lav100.html\",\"name\":\"Lavabo \u00e0 poser 46xH90 cm en pierre cr\u00e8me avec finition satin\u00e9e bouchard\u00e9e LAV100 - Bagno Italia\",\"isPartOf\":{\"@id\":\"https:\/\/www.bagnoitalia.com\/fr#website\"},\"primaryImageOfPage\":{\"@id\":\"https:\/\/www.bagnoitalia.com\/fr\/produit\/freestanding-washbasin-46xh90-cm-in-cream-stone-with-bush-hammered-satin-finish-lav100.html#primaryimage\"},\"image\":{\"@id\":\"https:\/\/www.bagnoitalia.com\/fr\/produit\/freestanding-washbasin-46xh90-cm-in-cream-stone-with-bush-hammered-satin-finish-lav100.html#primaryimage\"},\"thumbnailUrl\":\"https:\/\/img.bagnoitalia.com\/wp-content\/uploads\/1-261.webp\",\"datePublished\":\"2025-04-10T12:47:35+00:00\",\"dateModified\":\"2025-04-10T12:50:29+00:00\",\"breadcrumb\":{\"@id\":\"https:\/\/www.bagnoitalia.com\/fr\/produit\/freestanding-washbasin-46xh90-cm-in-cream-stone-with-bush-hammered-satin-finish-lav100.html#breadcrumb\"},\"inLanguage\":\"fr-FR\",\"potentialAction\":[{\"@type\":\"ReadAction\",\"target\":[\"https:\/\/www.bagnoitalia.com\/fr\/produit\/freestanding-washbasin-46xh90-cm-in-cream-stone-with-bush-hammered-satin-finish-lav100.html\"]}]},{\"@type\":\"ImageObject\",\"inLanguage\":\"fr-FR\",\"@id\":\"https:\/\/www.bagnoitalia.com\/fr\/produit\/freestanding-washbasin-46xh90-cm-in-cream-stone-with-bush-hammered-satin-finish-lav100.html#primaryimage\",\"url\":\"https:\/\/img.bagnoitalia.com\/wp-content\/uploads\/1-261.webp\",\"contentUrl\":\"https:\/\/img.bagnoitalia.com\/wp-content\/uploads\/1-261.webp\",\"width\":1000,\"height\":1000},{\"@type\":\"BreadcrumbList\",\"@id\":\"https:\/\/www.bagnoitalia.com\/fr\/produit\/freestanding-washbasin-46xh90-cm-in-cream-stone-with-bush-hammered-satin-finish-lav100.html#breadcrumb\",\"itemListElement\":[{\"@type\":\"ListItem\",\"position\":1,\"name\":\"Home\",\"item\":\"https:\/\/www.bagnoitalia.com\/fr\"},{\"@type\":\"ListItem\",\"position\":2,\"name\":\"Produits\",\"item\":\"https:\/\/www.bagnoitalia.com\/fr\/shop\"},{\"@type\":\"ListItem\",\"position\":3,\"name\":\"Lavabo \u00e0 poser 46xH90 cm en pierre cr\u00e8me avec finition satin\u00e9e bouchard\u00e9e LAV100\"}]},{\"@type\":\"WebSite\",\"@id\":\"https:\/\/www.bagnoitalia.com\/fr#website\",\"url\":\"https:\/\/www.bagnoitalia.com\/fr\",\"name\":\"Bagno Italia\",\"description\":\"\",\"publisher\":{\"@id\":\"https:\/\/www.bagnoitalia.com\/fr#organization\"},\"potentialAction\":[{\"@type\":\"SearchAction\",\"target\":{\"@type\":\"EntryPoint\",\"urlTemplate\":\"https:\/\/www.bagnoitalia.com\/fr?s={search_term_string}\"},\"query-input\":{\"@type\":\"PropertyValueSpecification\",\"valueRequired\":true,\"valueName\":\"search_term_string\"}}],\"inLanguage\":\"fr-FR\"},{\"@type\":\"Organization\",\"@id\":\"https:\/\/www.bagnoitalia.com\/fr#organization\",\"name\":\"Bagno Italia\",\"url\":\"https:\/\/www.bagnoitalia.com\/fr\",\"logo\":{\"@type\":\"ImageObject\",\"inLanguage\":\"fr-FR\",\"@id\":\"https:\/\/www.bagnoitalia.com\/fr#\/schema\/logo\/image\/\",\"url\":\"https:\/\/img.bagnoitalia.com\/wp-content\/uploads\/logo-bagnoitalia.webp\",\"contentUrl\":\"https:\/\/img.bagnoitalia.com\/wp-content\/uploads\/logo-bagnoitalia.webp\",\"width\":400,\"height\":70,\"caption\":\"Bagno Italia\"},\"image\":{\"@id\":\"https:\/\/www.bagnoitalia.com\/fr#\/schema\/logo\/image\/\"}}]}<\/script>\n<!-- \/ Yoast SEO plugin. -->","yoast_head_json":{"title":"Lavabo \u00e0 poser 46xH90 cm en pierre cr\u00e8me avec finition satin\u00e9e bouchard\u00e9e LAV100 - Bagno Italia","robots":{"index":"index","follow":"follow","max-snippet":"max-snippet:-1","max-image-preview":"max-image-preview:large","max-video-preview":"max-video-preview:-1"},"canonical":"https:\/\/www.bagnoitalia.com\/fr\/produit\/freestanding-washbasin-46xh90-cm-in-cream-stone-with-bush-hammered-satin-finish-lav100.html","og_locale":"fr_FR","og_type":"article","og_title":"Lavabo \u00e0 poser 46xH90 cm en pierre cr\u00e8me avec finition satin\u00e9e bouchard\u00e9e LAV100 - Bagno Italia","og_description":"\u00c9vier en forme de gobelet fabriqu\u00e9 \u00e0 la main en pierre de couleur cr\u00e8me avec une finition satin\u00e9e bouchard\u00e9e. Convient pour une installation ind\u00e9pendante.","og_url":"https:\/\/www.bagnoitalia.com\/fr\/produit\/freestanding-washbasin-46xh90-cm-in-cream-stone-with-bush-hammered-satin-finish-lav100.html","og_site_name":"Bagno Italia","article_modified_time":"2025-04-10T12:50:29+00:00","og_image":[{"width":1000,"height":1000,"url":"https:\/\/img.bagnoitalia.com\/wp-content\/uploads\/1-261.webp","type":"image\/webp"}],"twitter_card":"summary_large_image","twitter_misc":{"Dur\u00e9e de lecture estim\u00e9e":"1 minute"},"schema":{"@context":"https:\/\/schema.org","@graph":[{"@type":"WebPage","@id":"https:\/\/www.bagnoitalia.com\/fr\/produit\/freestanding-washbasin-46xh90-cm-in-cream-stone-with-bush-hammered-satin-finish-lav100.html","url":"https:\/\/www.bagnoitalia.com\/fr\/produit\/freestanding-washbasin-46xh90-cm-in-cream-stone-with-bush-hammered-satin-finish-lav100.html","name":"Lavabo \u00e0 poser 46xH90 cm en pierre cr\u00e8me avec finition satin\u00e9e bouchard\u00e9e LAV100 - Bagno Italia","isPartOf":{"@id":"https:\/\/www.bagnoitalia.com\/fr#website"},"primaryImageOfPage":{"@id":"https:\/\/www.bagnoitalia.com\/fr\/produit\/freestanding-washbasin-46xh90-cm-in-cream-stone-with-bush-hammered-satin-finish-lav100.html#primaryimage"},"image":{"@id":"https:\/\/www.bagnoitalia.com\/fr\/produit\/freestanding-washbasin-46xh90-cm-in-cream-stone-with-bush-hammered-satin-finish-lav100.html#primaryimage"},"thumbnailUrl":"https:\/\/img.bagnoitalia.com\/wp-content\/uploads\/1-261.webp","datePublished":"2025-04-10T12:47:35+00:00","dateModified":"2025-04-10T12:50:29+00:00","breadcrumb":{"@id":"https:\/\/www.bagnoitalia.com\/fr\/produit\/freestanding-washbasin-46xh90-cm-in-cream-stone-with-bush-hammered-satin-finish-lav100.html#breadcrumb"},"inLanguage":"fr-FR","potentialAction":[{"@type":"ReadAction","target":["https:\/\/www.bagnoitalia.com\/fr\/produit\/freestanding-washbasin-46xh90-cm-in-cream-stone-with-bush-hammered-satin-finish-lav100.html"]}]},{"@type":"ImageObject","inLanguage":"fr-FR","@id":"https:\/\/www.bagnoitalia.com\/fr\/produit\/freestanding-washbasin-46xh90-cm-in-cream-stone-with-bush-hammered-satin-finish-lav100.html#primaryimage","url":"https:\/\/img.bagnoitalia.com\/wp-content\/uploads\/1-261.webp","contentUrl":"https:\/\/img.bagnoitalia.com\/wp-content\/uploads\/1-261.webp","width":1000,"height":1000},{"@type":"BreadcrumbList","@id":"https:\/\/www.bagnoitalia.com\/fr\/produit\/freestanding-washbasin-46xh90-cm-in-cream-stone-with-bush-hammered-satin-finish-lav100.html#breadcrumb","itemListElement":[{"@type":"ListItem","position":1,"name":"Home","item":"https:\/\/www.bagnoitalia.com\/fr"},{"@type":"ListItem","position":2,"name":"Produits","item":"https:\/\/www.bagnoitalia.com\/fr\/shop"},{"@type":"ListItem","position":3,"name":"Lavabo \u00e0 poser 46xH90 cm en pierre cr\u00e8me avec finition satin\u00e9e bouchard\u00e9e LAV100"}]},{"@type":"WebSite","@id":"https:\/\/www.bagnoitalia.com\/fr#website","url":"https:\/\/www.bagnoitalia.com\/fr","name":"Bagno Italia","description":"","publisher":{"@id":"https:\/\/www.bagnoitalia.com\/fr#organization"},"potentialAction":[{"@type":"SearchAction","target":{"@type":"EntryPoint","urlTemplate":"https:\/\/www.bagnoitalia.com\/fr?s={search_term_string}"},"query-input":{"@type":"PropertyValueSpecification","valueRequired":true,"valueName":"search_term_string"}}],"inLanguage":"fr-FR"},{"@type":"Organization","@id":"https:\/\/www.bagnoitalia.com\/fr#organization","name":"Bagno Italia","url":"https:\/\/www.bagnoitalia.com\/fr","logo":{"@type":"ImageObject","inLanguage":"fr-FR","@id":"https:\/\/www.bagnoitalia.com\/fr#\/schema\/logo\/image\/","url":"https:\/\/img.bagnoitalia.com\/wp-content\/uploads\/logo-bagnoitalia.webp","contentUrl":"https:\/\/img.bagnoitalia.com\/wp-content\/uploads\/logo-bagnoitalia.webp","width":400,"height":70,"caption":"Bagno Italia"},"image":{"@id":"https:\/\/www.bagnoitalia.com\/fr#\/schema\/logo\/image\/"}}]}},"_links":{"self":[{"href":"https:\/\/www.bagnoitalia.com\/fr\/wp-json\/wp\/v2\/product\/106335","targetHints":{"allow":["GET"]}}],"collection":[{"href":"https:\/\/www.bagnoitalia.com\/fr\/wp-json\/wp\/v2\/product"}],"about":[{"href":"https:\/\/www.bagnoitalia.com\/fr\/wp-json\/wp\/v2\/types\/product"}],"replies":[{"embeddable":true,"href":"https:\/\/www.bagnoitalia.com\/fr\/wp-json\/wp\/v2\/comments?post=106335"}],"version-history":[{"count":1,"href":"https:\/\/www.bagnoitalia.com\/fr\/wp-json\/wp\/v2\/product\/106335\/revisions"}],"predecessor-version":[{"id":106340,"href":"https:\/\/www.bagnoitalia.com\/fr\/wp-json\/wp\/v2\/product\/106335\/revisions\/106340"}],"wp:featuredmedia":[{"embeddable":true,"href":"https:\/\/www.bagnoitalia.com\/fr\/wp-json\/wp\/v2\/media\/106295"}],"wp:attachment":[{"href":"https:\/\/www.bagnoitalia.com\/fr\/wp-json\/wp\/v2\/media?parent=106335"}],"wp:term":[{"taxonomy":"product_brand","embeddable":true,"href":"https:\/\/www.bagnoitalia.com\/fr\/wp-json\/wp\/v2\/product_brand?post=106335"},{"taxonomy":"product_cat","embeddable":true,"href":"https:\/\/www.bagnoitalia.com\/fr\/wp-json\/wp\/v2\/product_cat?post=106335"},{"taxonomy":"product_tag","embeddable":true,"href":"https:\/\/www.bagnoitalia.com\/fr\/wp-json\/wp\/v2\/product_tag?post=106335"}],"curies":[{"name":"wp","href":"https:\/\/api.w.org\/{rel}","templated":true}]}}