{"id":106196,"date":"2025-04-09T15:45:02","date_gmt":"2025-04-09T13:45:02","guid":{"rendered":"https:\/\/www.bagnoitalia.com\/freestanding-washbasin-50xh100-cm-in-grey-stone-effect-marble-lav98.html"},"modified":"2025-04-09T15:48:09","modified_gmt":"2025-04-09T13:48:09","slug":"freestanding-washbasin-50xh100-cm-in-grey-stone-effect-marble-lav98","status":"publish","type":"product","link":"https:\/\/www.bagnoitalia.com\/fr\/produit\/freestanding-washbasin-50xh100-cm-in-grey-stone-effect-marble-lav98.html","title":{"rendered":"Lavabo \u00e0 poser 50xH100 cm en marbre gris effet pierre LAV98"},"content":{"rendered":"<p>LAV98&prime; Vasque \u00e0 poser en marbre gris<\/p>\n<p>&nbsp;<\/p>\n<p>&nbsp;<\/p>\n<p>&nbsp;<\/p>\n<p>CARACT\u00c9RISTIQUES<\/p>\n<p>Lavabo au design moderne, forme arrondie<\/p>\n<p>Installation en pose libre (au centre de la pi\u00e8ce)<\/p>\n<p>En marbre gris effet pierre<\/p>\n<p>Avec bords polis<\/p>\n<p>Diam\u00e8tre ext\u00e9rieur 50 cm<\/p>\n<p>Hauteur totale ext\u00e9rieure 100 cm<\/p>\n<p>SANS trous pour le trop-plein et le m\u00e9langeur<\/p>\n<p>&nbsp;<\/p>\n<p>ATTENTION : ce produit est fabriqu\u00e9 \u00e0 la main et le mat\u00e9riau est d&rsquo;origine naturelle, par cons\u00e9quent la couleur, le grain et la texture peuvent varier par rapport aux photos.<\/p>\n<p>&nbsp;<\/p>\n<p>&nbsp;<\/p>\n<p>&nbsp;<\/p>\n<p>&nbsp;<\/p>\n<p>&nbsp;<\/p>\n<p>&nbsp;<\/p>\n<p>&nbsp;<\/p>\n<p>&nbsp;<\/p>\n<p>&nbsp;<\/p>\n<p>&nbsp;<\/p>\n<p>&nbsp;<\/p>\n<p>&nbsp;<\/p>\n<p>&nbsp;<\/p>\n<p>&nbsp;<\/p>\n<p>&nbsp;<\/p>\n<p>&nbsp;<\/p>\n<p>&nbsp;<\/p>\n<p>&nbsp;<\/p>\n<p>&nbsp;<\/p>\n<p>&nbsp;<\/p>\n<p>&nbsp;<\/p>\n<p>&nbsp;<\/p>\n<p>LAP51G<\/p>\n<p>&nbsp;<\/p>\n<p>&nbsp;<\/p>\n","protected":false},"excerpt":{"rendered":"<p>Lavabo en marbre fabriqu\u00e9 \u00e0 la main, au design rond et moderne, de couleur gris effet pierre. Convient pour une installation au centre de la pi\u00e8ce.<\/p>\n","protected":false},"featured_media":106160,"comment_status":"open","ping_status":"closed","template":"","meta":[],"product_brand":[5006],"product_cat":[9988],"product_tag":[],"class_list":{"0":"post-106196","1":"product","2":"type-product","3":"status-publish","4":"has-post-thumbnail","6":"product_brand-deghi","7":"product_cat-evier-a-poser","9":"first","10":"instock","11":"sale","12":"taxable","13":"shipping-taxable","14":"purchasable","15":"product-type-simple"},"exclude_global_add_ons":[],"addons":[],"yoast_head":"<!-- This site is optimized with the Yoast SEO plugin v26.7 - https:\/\/yoast.com\/wordpress\/plugins\/seo\/ -->\n<title>Lavabo \u00e0 poser 50xH100 cm en marbre gris effet pierre LAV98 - Bagno Italia<\/title>\n<meta name=\"robots\" content=\"index, follow, max-snippet:-1, max-image-preview:large, max-video-preview:-1\" \/>\n<link rel=\"canonical\" href=\"https:\/\/www.bagnoitalia.com\/fr\/produit\/freestanding-washbasin-50xh100-cm-in-grey-stone-effect-marble-lav98.html\" \/>\n<meta property=\"og:locale\" content=\"fr_FR\" \/>\n<meta property=\"og:type\" content=\"article\" \/>\n<meta property=\"og:title\" content=\"Lavabo \u00e0 poser 50xH100 cm en marbre gris effet pierre LAV98 - Bagno Italia\" \/>\n<meta property=\"og:description\" content=\"Lavabo en marbre fabriqu\u00e9 \u00e0 la main, au design rond et moderne, de couleur gris effet pierre. Convient pour une installation au centre de la pi\u00e8ce.\" \/>\n<meta property=\"og:url\" content=\"https:\/\/www.bagnoitalia.com\/fr\/produit\/freestanding-washbasin-50xh100-cm-in-grey-stone-effect-marble-lav98.html\" \/>\n<meta property=\"og:site_name\" content=\"Bagno Italia\" \/>\n<meta property=\"article:modified_time\" content=\"2025-04-09T13:48:09+00:00\" \/>\n<meta property=\"og:image\" content=\"https:\/\/img.bagnoitalia.com\/wp-content\/uploads\/1-258.webp\" \/>\n\t<meta property=\"og:image:width\" content=\"1000\" \/>\n\t<meta property=\"og:image:height\" content=\"1000\" \/>\n\t<meta property=\"og:image:type\" content=\"image\/webp\" \/>\n<meta name=\"twitter:card\" content=\"summary_large_image\" \/>\n<meta name=\"twitter:label1\" content=\"Dur\u00e9e de lecture estim\u00e9e\" \/>\n\t<meta name=\"twitter:data1\" content=\"1 minute\" \/>\n<script type=\"application\/ld+json\" class=\"yoast-schema-graph\">{\"@context\":\"https:\/\/schema.org\",\"@graph\":[{\"@type\":\"WebPage\",\"@id\":\"https:\/\/www.bagnoitalia.com\/fr\/produit\/freestanding-washbasin-50xh100-cm-in-grey-stone-effect-marble-lav98.html\",\"url\":\"https:\/\/www.bagnoitalia.com\/fr\/produit\/freestanding-washbasin-50xh100-cm-in-grey-stone-effect-marble-lav98.html\",\"name\":\"Lavabo \u00e0 poser 50xH100 cm en marbre gris effet pierre LAV98 - Bagno Italia\",\"isPartOf\":{\"@id\":\"https:\/\/www.bagnoitalia.com\/fr#website\"},\"primaryImageOfPage\":{\"@id\":\"https:\/\/www.bagnoitalia.com\/fr\/produit\/freestanding-washbasin-50xh100-cm-in-grey-stone-effect-marble-lav98.html#primaryimage\"},\"image\":{\"@id\":\"https:\/\/www.bagnoitalia.com\/fr\/produit\/freestanding-washbasin-50xh100-cm-in-grey-stone-effect-marble-lav98.html#primaryimage\"},\"thumbnailUrl\":\"https:\/\/img.bagnoitalia.com\/wp-content\/uploads\/1-258.webp\",\"datePublished\":\"2025-04-09T13:45:02+00:00\",\"dateModified\":\"2025-04-09T13:48:09+00:00\",\"breadcrumb\":{\"@id\":\"https:\/\/www.bagnoitalia.com\/fr\/produit\/freestanding-washbasin-50xh100-cm-in-grey-stone-effect-marble-lav98.html#breadcrumb\"},\"inLanguage\":\"fr-FR\",\"potentialAction\":[{\"@type\":\"ReadAction\",\"target\":[\"https:\/\/www.bagnoitalia.com\/fr\/produit\/freestanding-washbasin-50xh100-cm-in-grey-stone-effect-marble-lav98.html\"]}]},{\"@type\":\"ImageObject\",\"inLanguage\":\"fr-FR\",\"@id\":\"https:\/\/www.bagnoitalia.com\/fr\/produit\/freestanding-washbasin-50xh100-cm-in-grey-stone-effect-marble-lav98.html#primaryimage\",\"url\":\"https:\/\/img.bagnoitalia.com\/wp-content\/uploads\/1-258.webp\",\"contentUrl\":\"https:\/\/img.bagnoitalia.com\/wp-content\/uploads\/1-258.webp\",\"width\":1000,\"height\":1000},{\"@type\":\"BreadcrumbList\",\"@id\":\"https:\/\/www.bagnoitalia.com\/fr\/produit\/freestanding-washbasin-50xh100-cm-in-grey-stone-effect-marble-lav98.html#breadcrumb\",\"itemListElement\":[{\"@type\":\"ListItem\",\"position\":1,\"name\":\"Home\",\"item\":\"https:\/\/www.bagnoitalia.com\/fr\"},{\"@type\":\"ListItem\",\"position\":2,\"name\":\"Produits\",\"item\":\"https:\/\/www.bagnoitalia.com\/fr\/shop\"},{\"@type\":\"ListItem\",\"position\":3,\"name\":\"Lavabo \u00e0 poser 50xH100 cm en marbre gris effet pierre LAV98\"}]},{\"@type\":\"WebSite\",\"@id\":\"https:\/\/www.bagnoitalia.com\/fr#website\",\"url\":\"https:\/\/www.bagnoitalia.com\/fr\",\"name\":\"Bagno Italia\",\"description\":\"\",\"publisher\":{\"@id\":\"https:\/\/www.bagnoitalia.com\/fr#organization\"},\"potentialAction\":[{\"@type\":\"SearchAction\",\"target\":{\"@type\":\"EntryPoint\",\"urlTemplate\":\"https:\/\/www.bagnoitalia.com\/fr?s={search_term_string}\"},\"query-input\":{\"@type\":\"PropertyValueSpecification\",\"valueRequired\":true,\"valueName\":\"search_term_string\"}}],\"inLanguage\":\"fr-FR\"},{\"@type\":\"Organization\",\"@id\":\"https:\/\/www.bagnoitalia.com\/fr#organization\",\"name\":\"Bagno Italia\",\"url\":\"https:\/\/www.bagnoitalia.com\/fr\",\"logo\":{\"@type\":\"ImageObject\",\"inLanguage\":\"fr-FR\",\"@id\":\"https:\/\/www.bagnoitalia.com\/fr#\/schema\/logo\/image\/\",\"url\":\"https:\/\/img.bagnoitalia.com\/wp-content\/uploads\/logo-bagnoitalia.webp\",\"contentUrl\":\"https:\/\/img.bagnoitalia.com\/wp-content\/uploads\/logo-bagnoitalia.webp\",\"width\":400,\"height\":70,\"caption\":\"Bagno Italia\"},\"image\":{\"@id\":\"https:\/\/www.bagnoitalia.com\/fr#\/schema\/logo\/image\/\"}}]}<\/script>\n<!-- \/ Yoast SEO plugin. -->","yoast_head_json":{"title":"Lavabo \u00e0 poser 50xH100 cm en marbre gris effet pierre LAV98 - Bagno Italia","robots":{"index":"index","follow":"follow","max-snippet":"max-snippet:-1","max-image-preview":"max-image-preview:large","max-video-preview":"max-video-preview:-1"},"canonical":"https:\/\/www.bagnoitalia.com\/fr\/produit\/freestanding-washbasin-50xh100-cm-in-grey-stone-effect-marble-lav98.html","og_locale":"fr_FR","og_type":"article","og_title":"Lavabo \u00e0 poser 50xH100 cm en marbre gris effet pierre LAV98 - Bagno Italia","og_description":"Lavabo en marbre fabriqu\u00e9 \u00e0 la main, au design rond et moderne, de couleur gris effet pierre. Convient pour une installation au centre de la pi\u00e8ce.","og_url":"https:\/\/www.bagnoitalia.com\/fr\/produit\/freestanding-washbasin-50xh100-cm-in-grey-stone-effect-marble-lav98.html","og_site_name":"Bagno Italia","article_modified_time":"2025-04-09T13:48:09+00:00","og_image":[{"width":1000,"height":1000,"url":"https:\/\/img.bagnoitalia.com\/wp-content\/uploads\/1-258.webp","type":"image\/webp"}],"twitter_card":"summary_large_image","twitter_misc":{"Dur\u00e9e de lecture estim\u00e9e":"1 minute"},"schema":{"@context":"https:\/\/schema.org","@graph":[{"@type":"WebPage","@id":"https:\/\/www.bagnoitalia.com\/fr\/produit\/freestanding-washbasin-50xh100-cm-in-grey-stone-effect-marble-lav98.html","url":"https:\/\/www.bagnoitalia.com\/fr\/produit\/freestanding-washbasin-50xh100-cm-in-grey-stone-effect-marble-lav98.html","name":"Lavabo \u00e0 poser 50xH100 cm en marbre gris effet pierre LAV98 - Bagno Italia","isPartOf":{"@id":"https:\/\/www.bagnoitalia.com\/fr#website"},"primaryImageOfPage":{"@id":"https:\/\/www.bagnoitalia.com\/fr\/produit\/freestanding-washbasin-50xh100-cm-in-grey-stone-effect-marble-lav98.html#primaryimage"},"image":{"@id":"https:\/\/www.bagnoitalia.com\/fr\/produit\/freestanding-washbasin-50xh100-cm-in-grey-stone-effect-marble-lav98.html#primaryimage"},"thumbnailUrl":"https:\/\/img.bagnoitalia.com\/wp-content\/uploads\/1-258.webp","datePublished":"2025-04-09T13:45:02+00:00","dateModified":"2025-04-09T13:48:09+00:00","breadcrumb":{"@id":"https:\/\/www.bagnoitalia.com\/fr\/produit\/freestanding-washbasin-50xh100-cm-in-grey-stone-effect-marble-lav98.html#breadcrumb"},"inLanguage":"fr-FR","potentialAction":[{"@type":"ReadAction","target":["https:\/\/www.bagnoitalia.com\/fr\/produit\/freestanding-washbasin-50xh100-cm-in-grey-stone-effect-marble-lav98.html"]}]},{"@type":"ImageObject","inLanguage":"fr-FR","@id":"https:\/\/www.bagnoitalia.com\/fr\/produit\/freestanding-washbasin-50xh100-cm-in-grey-stone-effect-marble-lav98.html#primaryimage","url":"https:\/\/img.bagnoitalia.com\/wp-content\/uploads\/1-258.webp","contentUrl":"https:\/\/img.bagnoitalia.com\/wp-content\/uploads\/1-258.webp","width":1000,"height":1000},{"@type":"BreadcrumbList","@id":"https:\/\/www.bagnoitalia.com\/fr\/produit\/freestanding-washbasin-50xh100-cm-in-grey-stone-effect-marble-lav98.html#breadcrumb","itemListElement":[{"@type":"ListItem","position":1,"name":"Home","item":"https:\/\/www.bagnoitalia.com\/fr"},{"@type":"ListItem","position":2,"name":"Produits","item":"https:\/\/www.bagnoitalia.com\/fr\/shop"},{"@type":"ListItem","position":3,"name":"Lavabo \u00e0 poser 50xH100 cm en marbre gris effet pierre LAV98"}]},{"@type":"WebSite","@id":"https:\/\/www.bagnoitalia.com\/fr#website","url":"https:\/\/www.bagnoitalia.com\/fr","name":"Bagno Italia","description":"","publisher":{"@id":"https:\/\/www.bagnoitalia.com\/fr#organization"},"potentialAction":[{"@type":"SearchAction","target":{"@type":"EntryPoint","urlTemplate":"https:\/\/www.bagnoitalia.com\/fr?s={search_term_string}"},"query-input":{"@type":"PropertyValueSpecification","valueRequired":true,"valueName":"search_term_string"}}],"inLanguage":"fr-FR"},{"@type":"Organization","@id":"https:\/\/www.bagnoitalia.com\/fr#organization","name":"Bagno Italia","url":"https:\/\/www.bagnoitalia.com\/fr","logo":{"@type":"ImageObject","inLanguage":"fr-FR","@id":"https:\/\/www.bagnoitalia.com\/fr#\/schema\/logo\/image\/","url":"https:\/\/img.bagnoitalia.com\/wp-content\/uploads\/logo-bagnoitalia.webp","contentUrl":"https:\/\/img.bagnoitalia.com\/wp-content\/uploads\/logo-bagnoitalia.webp","width":400,"height":70,"caption":"Bagno Italia"},"image":{"@id":"https:\/\/www.bagnoitalia.com\/fr#\/schema\/logo\/image\/"}}]}},"_links":{"self":[{"href":"https:\/\/www.bagnoitalia.com\/fr\/wp-json\/wp\/v2\/product\/106196","targetHints":{"allow":["GET"]}}],"collection":[{"href":"https:\/\/www.bagnoitalia.com\/fr\/wp-json\/wp\/v2\/product"}],"about":[{"href":"https:\/\/www.bagnoitalia.com\/fr\/wp-json\/wp\/v2\/types\/product"}],"replies":[{"embeddable":true,"href":"https:\/\/www.bagnoitalia.com\/fr\/wp-json\/wp\/v2\/comments?post=106196"}],"version-history":[{"count":1,"href":"https:\/\/www.bagnoitalia.com\/fr\/wp-json\/wp\/v2\/product\/106196\/revisions"}],"predecessor-version":[{"id":106201,"href":"https:\/\/www.bagnoitalia.com\/fr\/wp-json\/wp\/v2\/product\/106196\/revisions\/106201"}],"wp:featuredmedia":[{"embeddable":true,"href":"https:\/\/www.bagnoitalia.com\/fr\/wp-json\/wp\/v2\/media\/106160"}],"wp:attachment":[{"href":"https:\/\/www.bagnoitalia.com\/fr\/wp-json\/wp\/v2\/media?parent=106196"}],"wp:term":[{"taxonomy":"product_brand","embeddable":true,"href":"https:\/\/www.bagnoitalia.com\/fr\/wp-json\/wp\/v2\/product_brand?post=106196"},{"taxonomy":"product_cat","embeddable":true,"href":"https:\/\/www.bagnoitalia.com\/fr\/wp-json\/wp\/v2\/product_cat?post=106196"},{"taxonomy":"product_tag","embeddable":true,"href":"https:\/\/www.bagnoitalia.com\/fr\/wp-json\/wp\/v2\/product_tag?post=106196"}],"curies":[{"name":"wp","href":"https:\/\/api.w.org\/{rel}","templated":true}]}}