{"id":106104,"date":"2025-04-09T15:11:51","date_gmt":"2025-04-09T13:11:51","guid":{"rendered":"https:\/\/www.bagnoitalia.com\/40-5xh85-cm-freestanding-washbasin-in-high-gloss-white-ceramic-lav96.html"},"modified":"2025-04-09T15:14:52","modified_gmt":"2025-04-09T13:14:52","slug":"40-5xh85-cm-freestanding-washbasin-in-high-gloss-white-ceramic-lav96","status":"publish","type":"product","link":"https:\/\/www.bagnoitalia.com\/fr\/produit\/40-5xh85-cm-freestanding-washbasin-in-high-gloss-white-ceramic-lav96.html","title":{"rendered":"40.5xH85 cm lavabo \u00e0 poser en c\u00e9ramique blanche brillante LAV96"},"content":{"rendered":"<p>Lavabo &lsquo;amphora&rsquo; \u00e0 poser &lsquo;LAV96<\/p>\n<p>&nbsp;<\/p>\n<p>&nbsp;<\/p>\n<p>&nbsp;<\/p>\n<p>D\u00c9TAILS DU PRODUIT<\/p>\n<p>Lavabo rond \u00e0 poser (au centre de la pi\u00e8ce)<\/p>\n<p>Mat\u00e9riau : c\u00e9ramique<\/p>\n<p>Couleur : blanc<\/p>\n<p>Finition : poli<\/p>\n<p>Diam\u00e8tre ext\u00e9rieur 40,5 cm<\/p>\n<p>Hauteur totale ext\u00e9rieure 85 cm<\/p>\n<p>Hauteur int\u00e9rieure de la cuve 13 cm<\/p>\n<p>Diam\u00e8tre int\u00e9rieur de la vasque 40,5 cm<\/p>\n<p>NB : le lavabo est d\u00e9pourvu de trous (il n&rsquo;a donc ni trou de trop-plein ni trou pour un m\u00e9langeur).<\/p>\n<p>&nbsp;<\/p>\n<p>&nbsp;<\/p>\n<p>&nbsp;<\/p>\n<p>&nbsp;<\/p>\n<p>&nbsp;<\/p>\n<p>&nbsp;<\/p>\n<p>&nbsp;<\/p>\n<p>&nbsp;<\/p>\n<p>&nbsp;<\/p>\n<p>&nbsp;<\/p>\n<p>&nbsp;<\/p>\n<p>&nbsp;<\/p>\n<p>&nbsp;<\/p>\n<p>&nbsp;<\/p>\n<p>&nbsp;<\/p>\n<p>&nbsp;<\/p>\n<p>&nbsp;<\/p>\n<p>&nbsp;<\/p>\n<p>&nbsp;<\/p>\n<p>&nbsp;<\/p>\n<p>&nbsp;<\/p>\n<p>&nbsp;<\/p>\n<p>&nbsp;<\/p>\n<p>&nbsp;<\/p>\n<p>&nbsp;<\/p>\n<p>&nbsp;<\/p>\n<p>&nbsp;<\/p>\n<p>LALF04040S00BI<\/p>\n<p>&nbsp;<\/p>\n<p>&nbsp;<\/p>\n","protected":false},"excerpt":{"rendered":"<p>\u00c9vier en forme d&rsquo;amphore, \u00e0 installer au centre de la pi\u00e8ce. R\u00e9alis\u00e9 en c\u00e9ramique blanche avec finition polie.<\/p>\n","protected":false},"featured_media":106096,"comment_status":"open","ping_status":"closed","template":"","meta":[],"product_brand":[5006],"product_cat":[9988],"product_tag":[],"class_list":{"0":"post-106104","1":"product","2":"type-product","3":"status-publish","4":"has-post-thumbnail","6":"product_brand-deghi","7":"product_cat-evier-a-poser","9":"first","10":"instock","11":"sale","12":"taxable","13":"shipping-taxable","14":"purchasable","15":"product-type-simple"},"exclude_global_add_ons":[],"addons":[],"yoast_head":"<!-- This site is optimized with the Yoast SEO plugin v26.7 - https:\/\/yoast.com\/wordpress\/plugins\/seo\/ -->\n<title>40.5xH85 cm lavabo \u00e0 poser en c\u00e9ramique blanche brillante LAV96 - Bagno Italia<\/title>\n<meta name=\"robots\" content=\"index, follow, max-snippet:-1, max-image-preview:large, max-video-preview:-1\" \/>\n<link rel=\"canonical\" href=\"https:\/\/www.bagnoitalia.com\/fr\/produit\/40-5xh85-cm-freestanding-washbasin-in-high-gloss-white-ceramic-lav96.html\" \/>\n<meta property=\"og:locale\" content=\"fr_FR\" \/>\n<meta property=\"og:type\" content=\"article\" \/>\n<meta property=\"og:title\" content=\"40.5xH85 cm lavabo \u00e0 poser en c\u00e9ramique blanche brillante LAV96 - Bagno Italia\" \/>\n<meta property=\"og:description\" content=\"\u00c9vier en forme d&#039;amphore, \u00e0 installer au centre de la pi\u00e8ce. R\u00e9alis\u00e9 en c\u00e9ramique blanche avec finition polie.\" \/>\n<meta property=\"og:url\" content=\"https:\/\/www.bagnoitalia.com\/fr\/produit\/40-5xh85-cm-freestanding-washbasin-in-high-gloss-white-ceramic-lav96.html\" \/>\n<meta property=\"og:site_name\" content=\"Bagno Italia\" \/>\n<meta property=\"article:modified_time\" content=\"2025-04-09T13:14:52+00:00\" \/>\n<meta property=\"og:image\" content=\"https:\/\/img.bagnoitalia.com\/wp-content\/uploads\/1-256.webp\" \/>\n\t<meta property=\"og:image:width\" content=\"1000\" \/>\n\t<meta property=\"og:image:height\" content=\"1000\" \/>\n\t<meta property=\"og:image:type\" content=\"image\/webp\" \/>\n<meta name=\"twitter:card\" content=\"summary_large_image\" \/>\n<meta name=\"twitter:label1\" content=\"Dur\u00e9e de lecture estim\u00e9e\" \/>\n\t<meta name=\"twitter:data1\" content=\"1 minute\" \/>\n<script type=\"application\/ld+json\" class=\"yoast-schema-graph\">{\"@context\":\"https:\/\/schema.org\",\"@graph\":[{\"@type\":\"WebPage\",\"@id\":\"https:\/\/www.bagnoitalia.com\/fr\/produit\/40-5xh85-cm-freestanding-washbasin-in-high-gloss-white-ceramic-lav96.html\",\"url\":\"https:\/\/www.bagnoitalia.com\/fr\/produit\/40-5xh85-cm-freestanding-washbasin-in-high-gloss-white-ceramic-lav96.html\",\"name\":\"40.5xH85 cm lavabo \u00e0 poser en c\u00e9ramique blanche brillante LAV96 - Bagno Italia\",\"isPartOf\":{\"@id\":\"https:\/\/www.bagnoitalia.com\/fr#website\"},\"primaryImageOfPage\":{\"@id\":\"https:\/\/www.bagnoitalia.com\/fr\/produit\/40-5xh85-cm-freestanding-washbasin-in-high-gloss-white-ceramic-lav96.html#primaryimage\"},\"image\":{\"@id\":\"https:\/\/www.bagnoitalia.com\/fr\/produit\/40-5xh85-cm-freestanding-washbasin-in-high-gloss-white-ceramic-lav96.html#primaryimage\"},\"thumbnailUrl\":\"https:\/\/img.bagnoitalia.com\/wp-content\/uploads\/1-256.webp\",\"datePublished\":\"2025-04-09T13:11:51+00:00\",\"dateModified\":\"2025-04-09T13:14:52+00:00\",\"breadcrumb\":{\"@id\":\"https:\/\/www.bagnoitalia.com\/fr\/produit\/40-5xh85-cm-freestanding-washbasin-in-high-gloss-white-ceramic-lav96.html#breadcrumb\"},\"inLanguage\":\"fr-FR\",\"potentialAction\":[{\"@type\":\"ReadAction\",\"target\":[\"https:\/\/www.bagnoitalia.com\/fr\/produit\/40-5xh85-cm-freestanding-washbasin-in-high-gloss-white-ceramic-lav96.html\"]}]},{\"@type\":\"ImageObject\",\"inLanguage\":\"fr-FR\",\"@id\":\"https:\/\/www.bagnoitalia.com\/fr\/produit\/40-5xh85-cm-freestanding-washbasin-in-high-gloss-white-ceramic-lav96.html#primaryimage\",\"url\":\"https:\/\/img.bagnoitalia.com\/wp-content\/uploads\/1-256.webp\",\"contentUrl\":\"https:\/\/img.bagnoitalia.com\/wp-content\/uploads\/1-256.webp\",\"width\":1000,\"height\":1000},{\"@type\":\"BreadcrumbList\",\"@id\":\"https:\/\/www.bagnoitalia.com\/fr\/produit\/40-5xh85-cm-freestanding-washbasin-in-high-gloss-white-ceramic-lav96.html#breadcrumb\",\"itemListElement\":[{\"@type\":\"ListItem\",\"position\":1,\"name\":\"Home\",\"item\":\"https:\/\/www.bagnoitalia.com\/fr\"},{\"@type\":\"ListItem\",\"position\":2,\"name\":\"Produits\",\"item\":\"https:\/\/www.bagnoitalia.com\/fr\/shop\"},{\"@type\":\"ListItem\",\"position\":3,\"name\":\"40.5xH85 cm lavabo \u00e0 poser en c\u00e9ramique blanche brillante LAV96\"}]},{\"@type\":\"WebSite\",\"@id\":\"https:\/\/www.bagnoitalia.com\/fr#website\",\"url\":\"https:\/\/www.bagnoitalia.com\/fr\",\"name\":\"Bagno Italia\",\"description\":\"\",\"publisher\":{\"@id\":\"https:\/\/www.bagnoitalia.com\/fr#organization\"},\"potentialAction\":[{\"@type\":\"SearchAction\",\"target\":{\"@type\":\"EntryPoint\",\"urlTemplate\":\"https:\/\/www.bagnoitalia.com\/fr?s={search_term_string}\"},\"query-input\":{\"@type\":\"PropertyValueSpecification\",\"valueRequired\":true,\"valueName\":\"search_term_string\"}}],\"inLanguage\":\"fr-FR\"},{\"@type\":\"Organization\",\"@id\":\"https:\/\/www.bagnoitalia.com\/fr#organization\",\"name\":\"Bagno Italia\",\"url\":\"https:\/\/www.bagnoitalia.com\/fr\",\"logo\":{\"@type\":\"ImageObject\",\"inLanguage\":\"fr-FR\",\"@id\":\"https:\/\/www.bagnoitalia.com\/fr#\/schema\/logo\/image\/\",\"url\":\"https:\/\/img.bagnoitalia.com\/wp-content\/uploads\/logo-bagnoitalia.webp\",\"contentUrl\":\"https:\/\/img.bagnoitalia.com\/wp-content\/uploads\/logo-bagnoitalia.webp\",\"width\":400,\"height\":70,\"caption\":\"Bagno Italia\"},\"image\":{\"@id\":\"https:\/\/www.bagnoitalia.com\/fr#\/schema\/logo\/image\/\"}}]}<\/script>\n<!-- \/ Yoast SEO plugin. -->","yoast_head_json":{"title":"40.5xH85 cm lavabo \u00e0 poser en c\u00e9ramique blanche brillante LAV96 - Bagno Italia","robots":{"index":"index","follow":"follow","max-snippet":"max-snippet:-1","max-image-preview":"max-image-preview:large","max-video-preview":"max-video-preview:-1"},"canonical":"https:\/\/www.bagnoitalia.com\/fr\/produit\/40-5xh85-cm-freestanding-washbasin-in-high-gloss-white-ceramic-lav96.html","og_locale":"fr_FR","og_type":"article","og_title":"40.5xH85 cm lavabo \u00e0 poser en c\u00e9ramique blanche brillante LAV96 - Bagno Italia","og_description":"\u00c9vier en forme d'amphore, \u00e0 installer au centre de la pi\u00e8ce. R\u00e9alis\u00e9 en c\u00e9ramique blanche avec finition polie.","og_url":"https:\/\/www.bagnoitalia.com\/fr\/produit\/40-5xh85-cm-freestanding-washbasin-in-high-gloss-white-ceramic-lav96.html","og_site_name":"Bagno Italia","article_modified_time":"2025-04-09T13:14:52+00:00","og_image":[{"width":1000,"height":1000,"url":"https:\/\/img.bagnoitalia.com\/wp-content\/uploads\/1-256.webp","type":"image\/webp"}],"twitter_card":"summary_large_image","twitter_misc":{"Dur\u00e9e de lecture estim\u00e9e":"1 minute"},"schema":{"@context":"https:\/\/schema.org","@graph":[{"@type":"WebPage","@id":"https:\/\/www.bagnoitalia.com\/fr\/produit\/40-5xh85-cm-freestanding-washbasin-in-high-gloss-white-ceramic-lav96.html","url":"https:\/\/www.bagnoitalia.com\/fr\/produit\/40-5xh85-cm-freestanding-washbasin-in-high-gloss-white-ceramic-lav96.html","name":"40.5xH85 cm lavabo \u00e0 poser en c\u00e9ramique blanche brillante LAV96 - Bagno Italia","isPartOf":{"@id":"https:\/\/www.bagnoitalia.com\/fr#website"},"primaryImageOfPage":{"@id":"https:\/\/www.bagnoitalia.com\/fr\/produit\/40-5xh85-cm-freestanding-washbasin-in-high-gloss-white-ceramic-lav96.html#primaryimage"},"image":{"@id":"https:\/\/www.bagnoitalia.com\/fr\/produit\/40-5xh85-cm-freestanding-washbasin-in-high-gloss-white-ceramic-lav96.html#primaryimage"},"thumbnailUrl":"https:\/\/img.bagnoitalia.com\/wp-content\/uploads\/1-256.webp","datePublished":"2025-04-09T13:11:51+00:00","dateModified":"2025-04-09T13:14:52+00:00","breadcrumb":{"@id":"https:\/\/www.bagnoitalia.com\/fr\/produit\/40-5xh85-cm-freestanding-washbasin-in-high-gloss-white-ceramic-lav96.html#breadcrumb"},"inLanguage":"fr-FR","potentialAction":[{"@type":"ReadAction","target":["https:\/\/www.bagnoitalia.com\/fr\/produit\/40-5xh85-cm-freestanding-washbasin-in-high-gloss-white-ceramic-lav96.html"]}]},{"@type":"ImageObject","inLanguage":"fr-FR","@id":"https:\/\/www.bagnoitalia.com\/fr\/produit\/40-5xh85-cm-freestanding-washbasin-in-high-gloss-white-ceramic-lav96.html#primaryimage","url":"https:\/\/img.bagnoitalia.com\/wp-content\/uploads\/1-256.webp","contentUrl":"https:\/\/img.bagnoitalia.com\/wp-content\/uploads\/1-256.webp","width":1000,"height":1000},{"@type":"BreadcrumbList","@id":"https:\/\/www.bagnoitalia.com\/fr\/produit\/40-5xh85-cm-freestanding-washbasin-in-high-gloss-white-ceramic-lav96.html#breadcrumb","itemListElement":[{"@type":"ListItem","position":1,"name":"Home","item":"https:\/\/www.bagnoitalia.com\/fr"},{"@type":"ListItem","position":2,"name":"Produits","item":"https:\/\/www.bagnoitalia.com\/fr\/shop"},{"@type":"ListItem","position":3,"name":"40.5xH85 cm lavabo \u00e0 poser en c\u00e9ramique blanche brillante LAV96"}]},{"@type":"WebSite","@id":"https:\/\/www.bagnoitalia.com\/fr#website","url":"https:\/\/www.bagnoitalia.com\/fr","name":"Bagno Italia","description":"","publisher":{"@id":"https:\/\/www.bagnoitalia.com\/fr#organization"},"potentialAction":[{"@type":"SearchAction","target":{"@type":"EntryPoint","urlTemplate":"https:\/\/www.bagnoitalia.com\/fr?s={search_term_string}"},"query-input":{"@type":"PropertyValueSpecification","valueRequired":true,"valueName":"search_term_string"}}],"inLanguage":"fr-FR"},{"@type":"Organization","@id":"https:\/\/www.bagnoitalia.com\/fr#organization","name":"Bagno Italia","url":"https:\/\/www.bagnoitalia.com\/fr","logo":{"@type":"ImageObject","inLanguage":"fr-FR","@id":"https:\/\/www.bagnoitalia.com\/fr#\/schema\/logo\/image\/","url":"https:\/\/img.bagnoitalia.com\/wp-content\/uploads\/logo-bagnoitalia.webp","contentUrl":"https:\/\/img.bagnoitalia.com\/wp-content\/uploads\/logo-bagnoitalia.webp","width":400,"height":70,"caption":"Bagno Italia"},"image":{"@id":"https:\/\/www.bagnoitalia.com\/fr#\/schema\/logo\/image\/"}}]}},"_links":{"self":[{"href":"https:\/\/www.bagnoitalia.com\/fr\/wp-json\/wp\/v2\/product\/106104","targetHints":{"allow":["GET"]}}],"collection":[{"href":"https:\/\/www.bagnoitalia.com\/fr\/wp-json\/wp\/v2\/product"}],"about":[{"href":"https:\/\/www.bagnoitalia.com\/fr\/wp-json\/wp\/v2\/types\/product"}],"replies":[{"embeddable":true,"href":"https:\/\/www.bagnoitalia.com\/fr\/wp-json\/wp\/v2\/comments?post=106104"}],"version-history":[{"count":1,"href":"https:\/\/www.bagnoitalia.com\/fr\/wp-json\/wp\/v2\/product\/106104\/revisions"}],"predecessor-version":[{"id":106109,"href":"https:\/\/www.bagnoitalia.com\/fr\/wp-json\/wp\/v2\/product\/106104\/revisions\/106109"}],"wp:featuredmedia":[{"embeddable":true,"href":"https:\/\/www.bagnoitalia.com\/fr\/wp-json\/wp\/v2\/media\/106096"}],"wp:attachment":[{"href":"https:\/\/www.bagnoitalia.com\/fr\/wp-json\/wp\/v2\/media?parent=106104"}],"wp:term":[{"taxonomy":"product_brand","embeddable":true,"href":"https:\/\/www.bagnoitalia.com\/fr\/wp-json\/wp\/v2\/product_brand?post=106104"},{"taxonomy":"product_cat","embeddable":true,"href":"https:\/\/www.bagnoitalia.com\/fr\/wp-json\/wp\/v2\/product_cat?post=106104"},{"taxonomy":"product_tag","embeddable":true,"href":"https:\/\/www.bagnoitalia.com\/fr\/wp-json\/wp\/v2\/product_tag?post=106104"}],"curies":[{"name":"wp","href":"https:\/\/api.w.org\/{rel}","templated":true}]}}