{"id":105716,"date":"2025-03-31T15:12:57","date_gmt":"2025-03-31T13:12:57","guid":{"rendered":"https:\/\/www.bagnoitalia.com\/120-cm-ariete3-wall-hung-bathroom-furniture-with-washbasin-top-drawers-and-doors-or-compartments.html"},"modified":"2025-03-31T15:19:25","modified_gmt":"2025-03-31T13:19:25","slug":"120-cm-ariete3-wall-hung-bathroom-furniture-with-washbasin-top-drawers-and-doors-or-compartments","status":"publish","type":"product","link":"https:\/\/www.bagnoitalia.com\/fr\/produit\/120-cm-ariete3-wall-hung-bathroom-furniture-with-washbasin-top-drawers-and-doors-or-compartments.html","title":{"rendered":"120 cm Ariete3 meuble de salle de bains suspendu avec plan vasque, tiroirs et portes ou compartiments"},"content":{"rendered":"<p>Meuble de salle de bains &lsquo;Ariete3&rsquo; de 120 cm avec plan de travail et miroir<\/p>\n<p>&nbsp;<\/p>\n<p>CARACT\u00c9RISTIQUES PRINCIPALES<\/p>\n<p>Meuble de salle de bains moderne de 120 cm \u00e0 suspendre<\/p>\n<p>Meuble de base en deux types au choix<\/p>\n<p>avec 2 tiroirs centraux et 4 compartiments lat\u00e9raux ouverts<br \/>\navec 2 tiroirs centraux et 2 portes lat\u00e9rales<\/p>\n<p>5 coloris disponibles<\/p>\n<p>blanc mat<br \/>\nch\u00eane<br \/>\nnoyer<br \/>\nch\u00eane bleu<br \/>\nnoir mat<\/p>\n<p>S\u00c9LECTIONNEZ LE TYPE ET LA COULEUR DANS LE MENU D\u00c9ROULANT CI-DESSUS<\/p>\n<p>Miroir r\u00e9versible Filolucido 70&#215;110 cm<\/p>\n<p>Plan vasque en r\u00e9sine blanc mat<\/p>\n<p>Disposition du trou de robinetterie<\/p>\n<p>Avec trou de trop-plein<\/p>\n<p>Meuble bas en bois plaqu\u00e9<\/p>\n<p>Ouverture tiroir\/porte : rainure<\/p>\n<p>Fermeture tiroir\/porte : soft-close<\/p>\n<p>Profondeur : cm 45,2<\/p>\n<p>Hauteur : cm 54<\/p>\n<p>&nbsp;<\/p>\n<p>NB : robinets, bonde et vidange NON inclus dans le prix<\/p>\n<p>&nbsp;<\/p>\n<p>En utilisant le menu d\u00e9roulant, il est \u00e9galement possible d&rsquo;ajouter l&rsquo;applique LED (chrom\u00e9e ou noire) et la colonne suspendue assortie de 30xD24xH140 cm.<\/p>\n<p>&nbsp;<\/p>\n<p>&nbsp;<\/p>\n<p>&nbsp;<\/p>\n<p>&nbsp;<\/p>\n<p>&nbsp;<\/p>\n<p>&nbsp;<\/p>\n<p>&nbsp;<\/p>\n<p>&nbsp;<\/p>\n<p>&nbsp;<\/p>\n<p>&nbsp;<\/p>\n<p>&nbsp;<\/p>\n<p>&nbsp;<\/p>\n<p>&nbsp;<\/p>\n<p>&nbsp;<\/p>\n<p>&nbsp;<\/p>\n<p>&nbsp;<\/p>\n<p>&nbsp;<\/p>\n<p>&nbsp;<\/p>\n<p>&nbsp;<\/p>\n<p>Anami<\/p>\n<p>&nbsp;<\/p>\n<p>&nbsp;<\/p>\n","protected":false},"excerpt":{"rendered":"<p>Meuble moderne disponible en 5 couleurs : noir, ch\u00eane bleu, ch\u00eane, noyer, blanc. La base centrale comporte 2 tiroirs, tandis que sur les c\u00f4t\u00e9s, vous pouvez choisir entre 2 portes ou 4 compartiments ouverts (2 \u00e0 droite et 2 \u00e0 gauche). Le plan de lavabo en r\u00e9sine blanc mat et le miroir sont inclus dans le prix. Il est \u00e9galement possible de combiner une colonne suspendue et un spot LED pour le miroir.<\/p>\n","protected":false},"featured_media":105636,"comment_status":"open","ping_status":"closed","template":"","meta":[],"product_brand":[9884],"product_cat":[9723],"product_tag":[],"class_list":{"0":"post-105716","1":"product","2":"type-product","3":"status-publish","4":"has-post-thumbnail","6":"product_brand-deghi-es","7":"product_cat-meubles-de-salle-de-bain-de-101-a-220-cm","9":"first","10":"instock","11":"sale","12":"taxable","13":"shipping-taxable","14":"purchasable","15":"product-type-simple"},"exclude_global_add_ons":false,"addons":[{"name":"Type","type":"multiple_choice","position":0,"required":false,"title_format":"label","default":"","description_enable":false,"description":"","placeholder_enable":false,"placeholder":"","display":"select","restrictions_type":"any_text","adjust_price":false,"price":"","price_type":"flat_fee","restrictions":false,"min":"0","max":"0","options":[{"label":"blanc mat avec compartiments ouverts","price":"","price_type":"flat_fee","image":0,"visibility":true},{"label":"noir mat avec compartiments ouverts","price":"","price_type":"flat_fee","image":0,"visibility":true},{"label":"Non disponible - ch\u00eane avec compartiments ouverts","price":"","price_type":"flat_fee","image":0,"visibility":true},{"label":"noyer avec compartiments ouverts","price":"","price_type":"flat_fee","image":0,"visibility":true},{"label":"ch\u00eane-bleu avec compartiments ouverts","price":"","price_type":"flat_fee","image":0,"visibility":true},{"label":"blanc mat avec portes","price":"170","price_type":"flat_fee","image":0,"visibility":true},{"label":"noir mat avec portes","price":"170","price_type":"flat_fee","image":0,"visibility":true},{"label":"ch\u00eane avec portes","price":"170","price_type":"flat_fee","image":0,"visibility":true},{"label":"noyer avec portes","price":"170","price_type":"flat_fee","image":0,"visibility":true},{"label":"ch\u00eane-bleu avec Portes","price":"170","price_type":"flat_fee","image":0,"visibility":true}],"id":1743433978},{"name":"Colonne","type":"multiple_choice","position":1,"required":false,"title_format":"label","default":"","description_enable":false,"description":"","placeholder_enable":false,"placeholder":"","display":"select","restrictions_type":"any_text","adjust_price":false,"price":"","price_type":"flat_fee","restrictions":false,"min":"0","max":"0","options":[{"label":"Non","price":"","price_type":"flat_fee","image":0,"visibility":true},{"label":"1 Colonne 30xP24xH140 cm","price":"319","price_type":"flat_fee","image":0,"visibility":true}],"id":1743433979},{"name":"Applique","type":"multiple_choice","position":2,"required":false,"title_format":"label","default":"","description_enable":false,"description":"","placeholder_enable":false,"placeholder":"","display":"select","restrictions_type":"any_text","adjust_price":false,"price":"","price_type":"flat_fee","restrictions":false,"min":"0","max":"0","options":[{"label":"Non","price":"","price_type":"flat_fee","image":0,"visibility":true},{"label":"Spot led chrom\u00e9","price":"20","price_type":"flat_fee","image":0,"visibility":true},{"label":"Spot \u00e0 led noir mat","price":"25","price_type":"flat_fee","image":0,"visibility":true}],"id":1743433980}],"yoast_head":"<!-- This site is optimized with the Yoast SEO plugin v26.7 - https:\/\/yoast.com\/wordpress\/plugins\/seo\/ -->\n<title>120 cm Ariete3 meuble de salle de bains suspendu avec plan vasque, tiroirs et portes ou compartiments - Bagno Italia<\/title>\n<meta name=\"robots\" content=\"index, follow, max-snippet:-1, max-image-preview:large, max-video-preview:-1\" \/>\n<link rel=\"canonical\" href=\"https:\/\/www.bagnoitalia.com\/fr\/produit\/120-cm-ariete3-wall-hung-bathroom-furniture-with-washbasin-top-drawers-and-doors-or-compartments.html\" \/>\n<meta property=\"og:locale\" content=\"fr_FR\" \/>\n<meta property=\"og:type\" content=\"article\" \/>\n<meta property=\"og:title\" content=\"120 cm Ariete3 meuble de salle de bains suspendu avec plan vasque, tiroirs et portes ou compartiments - Bagno Italia\" \/>\n<meta property=\"og:description\" content=\"Meuble moderne disponible en 5 couleurs : noir, ch\u00eane bleu, ch\u00eane, noyer, blanc. La base centrale comporte 2 tiroirs, tandis que sur les c\u00f4t\u00e9s, vous pouvez choisir entre 2 portes ou 4 compartiments ouverts (2 \u00e0 droite et 2 \u00e0 gauche). Le plan de lavabo en r\u00e9sine blanc mat et le miroir sont inclus dans le prix. Il est \u00e9galement possible de combiner une colonne suspendue et un spot LED pour le miroir.\" \/>\n<meta property=\"og:url\" content=\"https:\/\/www.bagnoitalia.com\/fr\/produit\/120-cm-ariete3-wall-hung-bathroom-furniture-with-washbasin-top-drawers-and-doors-or-compartments.html\" \/>\n<meta property=\"og:site_name\" content=\"Bagno Italia\" \/>\n<meta property=\"article:modified_time\" content=\"2025-03-31T13:19:25+00:00\" \/>\n<meta property=\"og:image\" content=\"https:\/\/img.bagnoitalia.com\/wp-content\/uploads\/1-250.webp\" \/>\n\t<meta property=\"og:image:width\" content=\"1000\" \/>\n\t<meta property=\"og:image:height\" content=\"1000\" \/>\n\t<meta property=\"og:image:type\" content=\"image\/webp\" \/>\n<meta name=\"twitter:card\" content=\"summary_large_image\" \/>\n<meta name=\"twitter:label1\" content=\"Dur\u00e9e de lecture estim\u00e9e\" \/>\n\t<meta name=\"twitter:data1\" content=\"1 minute\" \/>\n<script type=\"application\/ld+json\" class=\"yoast-schema-graph\">{\"@context\":\"https:\/\/schema.org\",\"@graph\":[{\"@type\":\"WebPage\",\"@id\":\"https:\/\/www.bagnoitalia.com\/fr\/produit\/120-cm-ariete3-wall-hung-bathroom-furniture-with-washbasin-top-drawers-and-doors-or-compartments.html\",\"url\":\"https:\/\/www.bagnoitalia.com\/fr\/produit\/120-cm-ariete3-wall-hung-bathroom-furniture-with-washbasin-top-drawers-and-doors-or-compartments.html\",\"name\":\"120 cm Ariete3 meuble de salle de bains suspendu avec plan vasque, tiroirs et portes ou compartiments - Bagno Italia\",\"isPartOf\":{\"@id\":\"https:\/\/www.bagnoitalia.com\/fr#website\"},\"primaryImageOfPage\":{\"@id\":\"https:\/\/www.bagnoitalia.com\/fr\/produit\/120-cm-ariete3-wall-hung-bathroom-furniture-with-washbasin-top-drawers-and-doors-or-compartments.html#primaryimage\"},\"image\":{\"@id\":\"https:\/\/www.bagnoitalia.com\/fr\/produit\/120-cm-ariete3-wall-hung-bathroom-furniture-with-washbasin-top-drawers-and-doors-or-compartments.html#primaryimage\"},\"thumbnailUrl\":\"https:\/\/img.bagnoitalia.com\/wp-content\/uploads\/1-250.webp\",\"datePublished\":\"2025-03-31T13:12:57+00:00\",\"dateModified\":\"2025-03-31T13:19:25+00:00\",\"breadcrumb\":{\"@id\":\"https:\/\/www.bagnoitalia.com\/fr\/produit\/120-cm-ariete3-wall-hung-bathroom-furniture-with-washbasin-top-drawers-and-doors-or-compartments.html#breadcrumb\"},\"inLanguage\":\"fr-FR\",\"potentialAction\":[{\"@type\":\"ReadAction\",\"target\":[\"https:\/\/www.bagnoitalia.com\/fr\/produit\/120-cm-ariete3-wall-hung-bathroom-furniture-with-washbasin-top-drawers-and-doors-or-compartments.html\"]}]},{\"@type\":\"ImageObject\",\"inLanguage\":\"fr-FR\",\"@id\":\"https:\/\/www.bagnoitalia.com\/fr\/produit\/120-cm-ariete3-wall-hung-bathroom-furniture-with-washbasin-top-drawers-and-doors-or-compartments.html#primaryimage\",\"url\":\"https:\/\/img.bagnoitalia.com\/wp-content\/uploads\/1-250.webp\",\"contentUrl\":\"https:\/\/img.bagnoitalia.com\/wp-content\/uploads\/1-250.webp\",\"width\":1000,\"height\":1000},{\"@type\":\"BreadcrumbList\",\"@id\":\"https:\/\/www.bagnoitalia.com\/fr\/produit\/120-cm-ariete3-wall-hung-bathroom-furniture-with-washbasin-top-drawers-and-doors-or-compartments.html#breadcrumb\",\"itemListElement\":[{\"@type\":\"ListItem\",\"position\":1,\"name\":\"Home\",\"item\":\"https:\/\/www.bagnoitalia.com\/fr\"},{\"@type\":\"ListItem\",\"position\":2,\"name\":\"Produits\",\"item\":\"https:\/\/www.bagnoitalia.com\/fr\/shop\"},{\"@type\":\"ListItem\",\"position\":3,\"name\":\"120 cm Ariete3 meuble de salle de bains suspendu avec plan vasque, tiroirs et portes ou compartiments\"}]},{\"@type\":\"WebSite\",\"@id\":\"https:\/\/www.bagnoitalia.com\/fr#website\",\"url\":\"https:\/\/www.bagnoitalia.com\/fr\",\"name\":\"Bagno Italia\",\"description\":\"\",\"publisher\":{\"@id\":\"https:\/\/www.bagnoitalia.com\/fr#organization\"},\"potentialAction\":[{\"@type\":\"SearchAction\",\"target\":{\"@type\":\"EntryPoint\",\"urlTemplate\":\"https:\/\/www.bagnoitalia.com\/fr?s={search_term_string}\"},\"query-input\":{\"@type\":\"PropertyValueSpecification\",\"valueRequired\":true,\"valueName\":\"search_term_string\"}}],\"inLanguage\":\"fr-FR\"},{\"@type\":\"Organization\",\"@id\":\"https:\/\/www.bagnoitalia.com\/fr#organization\",\"name\":\"Bagno Italia\",\"url\":\"https:\/\/www.bagnoitalia.com\/fr\",\"logo\":{\"@type\":\"ImageObject\",\"inLanguage\":\"fr-FR\",\"@id\":\"https:\/\/www.bagnoitalia.com\/fr#\/schema\/logo\/image\/\",\"url\":\"https:\/\/img.bagnoitalia.com\/wp-content\/uploads\/logo-bagnoitalia.webp\",\"contentUrl\":\"https:\/\/img.bagnoitalia.com\/wp-content\/uploads\/logo-bagnoitalia.webp\",\"width\":400,\"height\":70,\"caption\":\"Bagno Italia\"},\"image\":{\"@id\":\"https:\/\/www.bagnoitalia.com\/fr#\/schema\/logo\/image\/\"}}]}<\/script>\n<!-- \/ Yoast SEO plugin. -->","yoast_head_json":{"title":"120 cm Ariete3 meuble de salle de bains suspendu avec plan vasque, tiroirs et portes ou compartiments - Bagno Italia","robots":{"index":"index","follow":"follow","max-snippet":"max-snippet:-1","max-image-preview":"max-image-preview:large","max-video-preview":"max-video-preview:-1"},"canonical":"https:\/\/www.bagnoitalia.com\/fr\/produit\/120-cm-ariete3-wall-hung-bathroom-furniture-with-washbasin-top-drawers-and-doors-or-compartments.html","og_locale":"fr_FR","og_type":"article","og_title":"120 cm Ariete3 meuble de salle de bains suspendu avec plan vasque, tiroirs et portes ou compartiments - Bagno Italia","og_description":"Meuble moderne disponible en 5 couleurs : noir, ch\u00eane bleu, ch\u00eane, noyer, blanc. La base centrale comporte 2 tiroirs, tandis que sur les c\u00f4t\u00e9s, vous pouvez choisir entre 2 portes ou 4 compartiments ouverts (2 \u00e0 droite et 2 \u00e0 gauche). Le plan de lavabo en r\u00e9sine blanc mat et le miroir sont inclus dans le prix. Il est \u00e9galement possible de combiner une colonne suspendue et un spot LED pour le miroir.","og_url":"https:\/\/www.bagnoitalia.com\/fr\/produit\/120-cm-ariete3-wall-hung-bathroom-furniture-with-washbasin-top-drawers-and-doors-or-compartments.html","og_site_name":"Bagno Italia","article_modified_time":"2025-03-31T13:19:25+00:00","og_image":[{"width":1000,"height":1000,"url":"https:\/\/img.bagnoitalia.com\/wp-content\/uploads\/1-250.webp","type":"image\/webp"}],"twitter_card":"summary_large_image","twitter_misc":{"Dur\u00e9e de lecture estim\u00e9e":"1 minute"},"schema":{"@context":"https:\/\/schema.org","@graph":[{"@type":"WebPage","@id":"https:\/\/www.bagnoitalia.com\/fr\/produit\/120-cm-ariete3-wall-hung-bathroom-furniture-with-washbasin-top-drawers-and-doors-or-compartments.html","url":"https:\/\/www.bagnoitalia.com\/fr\/produit\/120-cm-ariete3-wall-hung-bathroom-furniture-with-washbasin-top-drawers-and-doors-or-compartments.html","name":"120 cm Ariete3 meuble de salle de bains suspendu avec plan vasque, tiroirs et portes ou compartiments - Bagno Italia","isPartOf":{"@id":"https:\/\/www.bagnoitalia.com\/fr#website"},"primaryImageOfPage":{"@id":"https:\/\/www.bagnoitalia.com\/fr\/produit\/120-cm-ariete3-wall-hung-bathroom-furniture-with-washbasin-top-drawers-and-doors-or-compartments.html#primaryimage"},"image":{"@id":"https:\/\/www.bagnoitalia.com\/fr\/produit\/120-cm-ariete3-wall-hung-bathroom-furniture-with-washbasin-top-drawers-and-doors-or-compartments.html#primaryimage"},"thumbnailUrl":"https:\/\/img.bagnoitalia.com\/wp-content\/uploads\/1-250.webp","datePublished":"2025-03-31T13:12:57+00:00","dateModified":"2025-03-31T13:19:25+00:00","breadcrumb":{"@id":"https:\/\/www.bagnoitalia.com\/fr\/produit\/120-cm-ariete3-wall-hung-bathroom-furniture-with-washbasin-top-drawers-and-doors-or-compartments.html#breadcrumb"},"inLanguage":"fr-FR","potentialAction":[{"@type":"ReadAction","target":["https:\/\/www.bagnoitalia.com\/fr\/produit\/120-cm-ariete3-wall-hung-bathroom-furniture-with-washbasin-top-drawers-and-doors-or-compartments.html"]}]},{"@type":"ImageObject","inLanguage":"fr-FR","@id":"https:\/\/www.bagnoitalia.com\/fr\/produit\/120-cm-ariete3-wall-hung-bathroom-furniture-with-washbasin-top-drawers-and-doors-or-compartments.html#primaryimage","url":"https:\/\/img.bagnoitalia.com\/wp-content\/uploads\/1-250.webp","contentUrl":"https:\/\/img.bagnoitalia.com\/wp-content\/uploads\/1-250.webp","width":1000,"height":1000},{"@type":"BreadcrumbList","@id":"https:\/\/www.bagnoitalia.com\/fr\/produit\/120-cm-ariete3-wall-hung-bathroom-furniture-with-washbasin-top-drawers-and-doors-or-compartments.html#breadcrumb","itemListElement":[{"@type":"ListItem","position":1,"name":"Home","item":"https:\/\/www.bagnoitalia.com\/fr"},{"@type":"ListItem","position":2,"name":"Produits","item":"https:\/\/www.bagnoitalia.com\/fr\/shop"},{"@type":"ListItem","position":3,"name":"120 cm Ariete3 meuble de salle de bains suspendu avec plan vasque, tiroirs et portes ou compartiments"}]},{"@type":"WebSite","@id":"https:\/\/www.bagnoitalia.com\/fr#website","url":"https:\/\/www.bagnoitalia.com\/fr","name":"Bagno Italia","description":"","publisher":{"@id":"https:\/\/www.bagnoitalia.com\/fr#organization"},"potentialAction":[{"@type":"SearchAction","target":{"@type":"EntryPoint","urlTemplate":"https:\/\/www.bagnoitalia.com\/fr?s={search_term_string}"},"query-input":{"@type":"PropertyValueSpecification","valueRequired":true,"valueName":"search_term_string"}}],"inLanguage":"fr-FR"},{"@type":"Organization","@id":"https:\/\/www.bagnoitalia.com\/fr#organization","name":"Bagno Italia","url":"https:\/\/www.bagnoitalia.com\/fr","logo":{"@type":"ImageObject","inLanguage":"fr-FR","@id":"https:\/\/www.bagnoitalia.com\/fr#\/schema\/logo\/image\/","url":"https:\/\/img.bagnoitalia.com\/wp-content\/uploads\/logo-bagnoitalia.webp","contentUrl":"https:\/\/img.bagnoitalia.com\/wp-content\/uploads\/logo-bagnoitalia.webp","width":400,"height":70,"caption":"Bagno Italia"},"image":{"@id":"https:\/\/www.bagnoitalia.com\/fr#\/schema\/logo\/image\/"}}]}},"_links":{"self":[{"href":"https:\/\/www.bagnoitalia.com\/fr\/wp-json\/wp\/v2\/product\/105716","targetHints":{"allow":["GET"]}}],"collection":[{"href":"https:\/\/www.bagnoitalia.com\/fr\/wp-json\/wp\/v2\/product"}],"about":[{"href":"https:\/\/www.bagnoitalia.com\/fr\/wp-json\/wp\/v2\/types\/product"}],"replies":[{"embeddable":true,"href":"https:\/\/www.bagnoitalia.com\/fr\/wp-json\/wp\/v2\/comments?post=105716"}],"version-history":[{"count":2,"href":"https:\/\/www.bagnoitalia.com\/fr\/wp-json\/wp\/v2\/product\/105716\/revisions"}],"predecessor-version":[{"id":105724,"href":"https:\/\/www.bagnoitalia.com\/fr\/wp-json\/wp\/v2\/product\/105716\/revisions\/105724"}],"wp:featuredmedia":[{"embeddable":true,"href":"https:\/\/www.bagnoitalia.com\/fr\/wp-json\/wp\/v2\/media\/105636"}],"wp:attachment":[{"href":"https:\/\/www.bagnoitalia.com\/fr\/wp-json\/wp\/v2\/media?parent=105716"}],"wp:term":[{"taxonomy":"product_brand","embeddable":true,"href":"https:\/\/www.bagnoitalia.com\/fr\/wp-json\/wp\/v2\/product_brand?post=105716"},{"taxonomy":"product_cat","embeddable":true,"href":"https:\/\/www.bagnoitalia.com\/fr\/wp-json\/wp\/v2\/product_cat?post=105716"},{"taxonomy":"product_tag","embeddable":true,"href":"https:\/\/www.bagnoitalia.com\/fr\/wp-json\/wp\/v2\/product_tag?post=105716"}],"curies":[{"name":"wp","href":"https:\/\/api.w.org\/{rel}","templated":true}]}}