{"id":105556,"date":"2025-03-28T11:31:31","date_gmt":"2025-03-28T10:31:31","guid":{"rendered":"https:\/\/www.bagnoitalia.com\/luke3-vanity-unit-90-100-or-110-cm-for-countertop-washbasins-with-drawers-and-compartments-or-door-or-dressing-table.html"},"modified":"2025-03-28T11:40:15","modified_gmt":"2025-03-28T10:40:15","slug":"luke3-vanity-unit-90-100-or-110-cm-for-countertop-washbasins-with-drawers-and-compartments-or-door-or-dressing-table","status":"publish","type":"product","link":"https:\/\/www.bagnoitalia.com\/fr\/produit\/luke3-vanity-unit-90-100-or-110-cm-for-countertop-washbasins-with-drawers-and-compartments-or-door-or-dressing-table.html","title":{"rendered":"Luke3 meuble sous-vasque 90, 100 ou 110 cm pour lavabos \u00e0 poser avec tiroirs et compartiments ou porte ou coiffeuse"},"content":{"rendered":"<p>El\u00e9ment bas de lavabo \u00ab LUKE3 \u00bb avec porte\/tiroir\/baignoire R\u00c9VERSIBLE<\/p>\n<p>&nbsp;<\/p>\n<p>&nbsp;<\/p>\n<p>&nbsp;<\/p>\n<p>&nbsp;<\/p>\n<p>TYPES et MESURES<\/p>\n<p>Meuble de salle de bain disponible en 3 longueurs :<\/p>\n<p>90cm<br \/>\n100cm<br \/>\n110cm<\/p>\n<p>Types disponibles<\/p>\n<p>avec 2 tiroirs + 2 compartiments ouverts<br \/>\navec 2 tiroirs + 1 porte<br \/>\navec 2 tiroirs + 1 porte<\/p>\n<p>8 couleurs disponibles<\/p>\n<p>blanc<br \/>\nnoir<br \/>\nch\u00eane<br \/>\nnoyer<br \/>\nblanc avec plateau en ch\u00eane<br \/>\nbleu avec dessus en ch\u00eane<br \/>\nnoir avec dessus en ch\u00eane<br \/>\nnoyer avec plateau en ch\u00eane<\/p>\n<p>&nbsp;<\/p>\n<p>S\u00c9LECTIONNEZ LE TYPE ET LA COULEUR DANS LE MENU D\u00c9ROULANT CI-DESSUS<\/p>\n<p>&nbsp;<\/p>\n<p>ATTENTION : le lavabo et la robinetterie ne sont PAS inclus dans le prix.<\/p>\n<p>Cliquez ici pour voir les lavabos de comptoir assortis<\/p>\n<p>&nbsp;<\/p>\n<p>CARACT\u00c9RISTIQUES<\/p>\n<p>Meuble bas pour salle de bains moderne, adapt\u00e9 \u00e0 une vasque \u00e0 poser (non incluse)<\/p>\n<p>Installation suspendue<\/p>\n<p>R\u00e9versible<\/p>\n<p>Miroir rond filolucido de 70 cm de diam\u00e8tre<\/p>\n<p>Tiroirs et porte sans poign\u00e9e (ouverture par rainure)<\/p>\n<p>Fermeture lente (soft-close)<\/p>\n<p>Structure en bois m\u00e9lamin\u00e9<\/p>\n<p>&nbsp;<\/p>\n<p>&nbsp;<\/p>\n<p>&nbsp;<\/p>\n<p>&nbsp;<\/p>\n<p>En utilisant le menu d\u00e9roulant, il est \u00e9galement possible d&rsquo;ajouter la colonne suspendue assortie de 30xD24xH140 cm.<\/p>\n<p>&nbsp;<\/p>\n<p>&nbsp;<\/p>\n<p>&nbsp;<\/p>\n<p>&nbsp;<\/p>\n<p>&nbsp;<\/p>\n<p>&nbsp;<\/p>\n<p>&nbsp;<\/p>\n<p>&nbsp;<\/p>\n<p>&nbsp;<\/p>\n<p>&nbsp;<\/p>\n<p>&nbsp;<\/p>\n<p>&nbsp;<\/p>\n<p>&nbsp;<\/p>\n<p>&nbsp;<\/p>\n<p>&nbsp;<\/p>\n<p>&nbsp;<\/p>\n<p>&nbsp;<\/p>\n<p>&nbsp;<\/p>\n<p>&nbsp;<\/p>\n<p>&nbsp;<\/p>\n<p>&nbsp;<\/p>\n<p>&nbsp;<\/p>\n<p>&nbsp;<\/p>\n<p>&nbsp;<\/p>\n<p>&nbsp;<\/p>\n<p>&nbsp;<\/p>\n<p>&nbsp;<\/p>\n<p>Anami<\/p>\n<p>&nbsp;<\/p>\n<p>&nbsp;<\/p>\n","protected":false},"excerpt":{"rendered":"<p>Meuble de salle de bains moderne pour installation suspendue, base de lavabo \u00e0 poser avec miroir rond. Disponible en trois tailles, choix de couleurs : blanc, noir, ch\u00eane, noyer, blanc avec plan en ch\u00eane, bleu avec plan en ch\u00eane, noir avec plan en ch\u00eane, noyer avec plan en ch\u00eane. Compos\u00e9 de 2 tiroirs avec porte ou de 2 compartiments ouverts ou d&rsquo;une coiffeuse. Le lavabo n&rsquo;est PAS inclus.<\/p>\n","protected":false},"featured_media":105396,"comment_status":"open","ping_status":"closed","template":"","meta":[],"product_brand":[9884],"product_cat":[9719,9723],"product_tag":[],"class_list":{"0":"post-105556","1":"product","2":"type-product","3":"status-publish","4":"has-post-thumbnail","6":"product_brand-deghi-es","7":"product_cat-meubles-de-salle-de-bain-de-71-a-100-cm","8":"product_cat-meubles-de-salle-de-bain-de-101-a-220-cm","10":"first","11":"instock","12":"sale","13":"taxable","14":"shipping-taxable","15":"purchasable","16":"product-type-simple"},"exclude_global_add_ons":false,"addons":[{"name":"Type","type":"multiple_choice","position":0,"required":false,"title_format":"label","default":"","description_enable":false,"description":"","placeholder_enable":false,"placeholder":"","display":"select","restrictions_type":"any_text","adjust_price":false,"price":"","price_type":"flat_fee","restrictions":false,"min":"0","max":"0","options":[{"label":"90 cm avec compartiments ouverts","price":"","price_type":"flat_fee","image":0,"visibility":true},{"label":"90 cm avec porte","price":"110","price_type":"flat_fee","image":0,"visibility":true},{"label":"90 cm avec coiffeuse","price":"210","price_type":"flat_fee","image":0,"visibility":true},{"label":"100 cm avec compartiments ouverts","price":"50","price_type":"flat_fee","image":0,"visibility":true},{"label":"100 cm avec porte","price":"170","price_type":"flat_fee","image":0,"visibility":true},{"label":"100 cm avec toilettes","price":"240","price_type":"flat_fee","image":0,"visibility":true},{"label":"110 cm avec compartiments ouverts","price":"180","price_type":"flat_fee","image":0,"visibility":true},{"label":"110 cm avec porte","price":"240","price_type":"flat_fee","image":0,"visibility":true},{"label":"110 cm avec coiffeuse","price":"340","price_type":"flat_fee","image":0,"visibility":true}],"id":1743161492},{"name":"Couleur","type":"multiple_choice","position":1,"required":false,"title_format":"label","default":"","description_enable":false,"description":"","placeholder_enable":false,"placeholder":"","display":"select","restrictions_type":"any_text","adjust_price":false,"price":"","price_type":"flat_fee","restrictions":false,"min":"0","max":"0","options":[{"label":"blanc mat","price":"","price_type":"flat_fee","image":0,"visibility":true},{"label":"noir mat","price":"","price_type":"flat_fee","image":0,"visibility":true},{"label":"ch\u00eane","price":"","price_type":"flat_fee","image":0,"visibility":true},{"label":"noyer","price":"","price_type":"flat_fee","image":0,"visibility":true},{"label":"noyer avec plateau en ch\u00eane","price":"","price_type":"flat_fee","image":0,"visibility":true},{"label":"noir avec plateau en ch\u00eane","price":"","price_type":"flat_fee","image":0,"visibility":true},{"label":"bleu avec plateau en ch\u00eane","price":"","price_type":"flat_fee","image":0,"visibility":true},{"label":"blanc avec plateau en ch\u00eane","price":"","price_type":"flat_fee","image":0,"visibility":true}],"id":1743161493},{"name":"Colonne","type":"multiple_choice","position":2,"required":false,"title_format":"label","default":"","description_enable":false,"description":"","placeholder_enable":false,"placeholder":"","display":"select","restrictions_type":"any_text","adjust_price":false,"price":"","price_type":"flat_fee","restrictions":false,"min":"0","max":"0","options":[{"label":"Non","price":"","price_type":"flat_fee","image":0,"visibility":true},{"label":"1 Colonne 30xP24xH140 cm","price":"319","price_type":"flat_fee","image":0,"visibility":true}],"id":1743161494}],"yoast_head":"<!-- This site is optimized with the Yoast SEO plugin v26.7 - https:\/\/yoast.com\/wordpress\/plugins\/seo\/ -->\n<title>Luke3 meuble sous-vasque 90, 100 ou 110 cm pour lavabos \u00e0 poser avec tiroirs et compartiments ou porte ou coiffeuse - Bagno Italia<\/title>\n<meta name=\"robots\" content=\"index, follow, max-snippet:-1, max-image-preview:large, max-video-preview:-1\" \/>\n<link rel=\"canonical\" href=\"https:\/\/www.bagnoitalia.com\/fr\/produit\/luke3-vanity-unit-90-100-or-110-cm-for-countertop-washbasins-with-drawers-and-compartments-or-door-or-dressing-table.html\" \/>\n<meta property=\"og:locale\" content=\"fr_FR\" \/>\n<meta property=\"og:type\" content=\"article\" \/>\n<meta property=\"og:title\" content=\"Luke3 meuble sous-vasque 90, 100 ou 110 cm pour lavabos \u00e0 poser avec tiroirs et compartiments ou porte ou coiffeuse - Bagno Italia\" \/>\n<meta property=\"og:description\" content=\"Meuble de salle de bains moderne pour installation suspendue, base de lavabo \u00e0 poser avec miroir rond. Disponible en trois tailles, choix de couleurs : blanc, noir, ch\u00eane, noyer, blanc avec plan en ch\u00eane, bleu avec plan en ch\u00eane, noir avec plan en ch\u00eane, noyer avec plan en ch\u00eane. Compos\u00e9 de 2 tiroirs avec porte ou de 2 compartiments ouverts ou d&#039;une coiffeuse. Le lavabo n&#039;est PAS inclus.\" \/>\n<meta property=\"og:url\" content=\"https:\/\/www.bagnoitalia.com\/fr\/produit\/luke3-vanity-unit-90-100-or-110-cm-for-countertop-washbasins-with-drawers-and-compartments-or-door-or-dressing-table.html\" \/>\n<meta property=\"og:site_name\" content=\"Bagno Italia\" \/>\n<meta property=\"article:modified_time\" content=\"2025-03-28T10:40:15+00:00\" \/>\n<meta property=\"og:image\" content=\"https:\/\/img.bagnoitalia.com\/wp-content\/uploads\/1-248.webp\" \/>\n\t<meta property=\"og:image:width\" content=\"1000\" \/>\n\t<meta property=\"og:image:height\" content=\"1000\" \/>\n\t<meta property=\"og:image:type\" content=\"image\/webp\" \/>\n<meta name=\"twitter:card\" content=\"summary_large_image\" \/>\n<meta name=\"twitter:label1\" content=\"Dur\u00e9e de lecture estim\u00e9e\" \/>\n\t<meta name=\"twitter:data1\" content=\"1 minute\" \/>\n<script type=\"application\/ld+json\" class=\"yoast-schema-graph\">{\"@context\":\"https:\/\/schema.org\",\"@graph\":[{\"@type\":\"WebPage\",\"@id\":\"https:\/\/www.bagnoitalia.com\/fr\/produit\/luke3-vanity-unit-90-100-or-110-cm-for-countertop-washbasins-with-drawers-and-compartments-or-door-or-dressing-table.html\",\"url\":\"https:\/\/www.bagnoitalia.com\/fr\/produit\/luke3-vanity-unit-90-100-or-110-cm-for-countertop-washbasins-with-drawers-and-compartments-or-door-or-dressing-table.html\",\"name\":\"Luke3 meuble sous-vasque 90, 100 ou 110 cm pour lavabos \u00e0 poser avec tiroirs et compartiments ou porte ou coiffeuse - Bagno Italia\",\"isPartOf\":{\"@id\":\"https:\/\/www.bagnoitalia.com\/fr#website\"},\"primaryImageOfPage\":{\"@id\":\"https:\/\/www.bagnoitalia.com\/fr\/produit\/luke3-vanity-unit-90-100-or-110-cm-for-countertop-washbasins-with-drawers-and-compartments-or-door-or-dressing-table.html#primaryimage\"},\"image\":{\"@id\":\"https:\/\/www.bagnoitalia.com\/fr\/produit\/luke3-vanity-unit-90-100-or-110-cm-for-countertop-washbasins-with-drawers-and-compartments-or-door-or-dressing-table.html#primaryimage\"},\"thumbnailUrl\":\"https:\/\/img.bagnoitalia.com\/wp-content\/uploads\/1-248.webp\",\"datePublished\":\"2025-03-28T10:31:31+00:00\",\"dateModified\":\"2025-03-28T10:40:15+00:00\",\"breadcrumb\":{\"@id\":\"https:\/\/www.bagnoitalia.com\/fr\/produit\/luke3-vanity-unit-90-100-or-110-cm-for-countertop-washbasins-with-drawers-and-compartments-or-door-or-dressing-table.html#breadcrumb\"},\"inLanguage\":\"fr-FR\",\"potentialAction\":[{\"@type\":\"ReadAction\",\"target\":[\"https:\/\/www.bagnoitalia.com\/fr\/produit\/luke3-vanity-unit-90-100-or-110-cm-for-countertop-washbasins-with-drawers-and-compartments-or-door-or-dressing-table.html\"]}]},{\"@type\":\"ImageObject\",\"inLanguage\":\"fr-FR\",\"@id\":\"https:\/\/www.bagnoitalia.com\/fr\/produit\/luke3-vanity-unit-90-100-or-110-cm-for-countertop-washbasins-with-drawers-and-compartments-or-door-or-dressing-table.html#primaryimage\",\"url\":\"https:\/\/img.bagnoitalia.com\/wp-content\/uploads\/1-248.webp\",\"contentUrl\":\"https:\/\/img.bagnoitalia.com\/wp-content\/uploads\/1-248.webp\",\"width\":1000,\"height\":1000},{\"@type\":\"BreadcrumbList\",\"@id\":\"https:\/\/www.bagnoitalia.com\/fr\/produit\/luke3-vanity-unit-90-100-or-110-cm-for-countertop-washbasins-with-drawers-and-compartments-or-door-or-dressing-table.html#breadcrumb\",\"itemListElement\":[{\"@type\":\"ListItem\",\"position\":1,\"name\":\"Home\",\"item\":\"https:\/\/www.bagnoitalia.com\/fr\"},{\"@type\":\"ListItem\",\"position\":2,\"name\":\"Produits\",\"item\":\"https:\/\/www.bagnoitalia.com\/fr\/shop\"},{\"@type\":\"ListItem\",\"position\":3,\"name\":\"Luke3 meuble sous-vasque 90, 100 ou 110 cm pour lavabos \u00e0 poser avec tiroirs et compartiments ou porte ou coiffeuse\"}]},{\"@type\":\"WebSite\",\"@id\":\"https:\/\/www.bagnoitalia.com\/fr#website\",\"url\":\"https:\/\/www.bagnoitalia.com\/fr\",\"name\":\"Bagno Italia\",\"description\":\"\",\"publisher\":{\"@id\":\"https:\/\/www.bagnoitalia.com\/fr#organization\"},\"potentialAction\":[{\"@type\":\"SearchAction\",\"target\":{\"@type\":\"EntryPoint\",\"urlTemplate\":\"https:\/\/www.bagnoitalia.com\/fr?s={search_term_string}\"},\"query-input\":{\"@type\":\"PropertyValueSpecification\",\"valueRequired\":true,\"valueName\":\"search_term_string\"}}],\"inLanguage\":\"fr-FR\"},{\"@type\":\"Organization\",\"@id\":\"https:\/\/www.bagnoitalia.com\/fr#organization\",\"name\":\"Bagno Italia\",\"url\":\"https:\/\/www.bagnoitalia.com\/fr\",\"logo\":{\"@type\":\"ImageObject\",\"inLanguage\":\"fr-FR\",\"@id\":\"https:\/\/www.bagnoitalia.com\/fr#\/schema\/logo\/image\/\",\"url\":\"https:\/\/img.bagnoitalia.com\/wp-content\/uploads\/logo-bagnoitalia.webp\",\"contentUrl\":\"https:\/\/img.bagnoitalia.com\/wp-content\/uploads\/logo-bagnoitalia.webp\",\"width\":400,\"height\":70,\"caption\":\"Bagno Italia\"},\"image\":{\"@id\":\"https:\/\/www.bagnoitalia.com\/fr#\/schema\/logo\/image\/\"}}]}<\/script>\n<!-- \/ Yoast SEO plugin. -->","yoast_head_json":{"title":"Luke3 meuble sous-vasque 90, 100 ou 110 cm pour lavabos \u00e0 poser avec tiroirs et compartiments ou porte ou coiffeuse - Bagno Italia","robots":{"index":"index","follow":"follow","max-snippet":"max-snippet:-1","max-image-preview":"max-image-preview:large","max-video-preview":"max-video-preview:-1"},"canonical":"https:\/\/www.bagnoitalia.com\/fr\/produit\/luke3-vanity-unit-90-100-or-110-cm-for-countertop-washbasins-with-drawers-and-compartments-or-door-or-dressing-table.html","og_locale":"fr_FR","og_type":"article","og_title":"Luke3 meuble sous-vasque 90, 100 ou 110 cm pour lavabos \u00e0 poser avec tiroirs et compartiments ou porte ou coiffeuse - Bagno Italia","og_description":"Meuble de salle de bains moderne pour installation suspendue, base de lavabo \u00e0 poser avec miroir rond. Disponible en trois tailles, choix de couleurs : blanc, noir, ch\u00eane, noyer, blanc avec plan en ch\u00eane, bleu avec plan en ch\u00eane, noir avec plan en ch\u00eane, noyer avec plan en ch\u00eane. Compos\u00e9 de 2 tiroirs avec porte ou de 2 compartiments ouverts ou d'une coiffeuse. Le lavabo n'est PAS inclus.","og_url":"https:\/\/www.bagnoitalia.com\/fr\/produit\/luke3-vanity-unit-90-100-or-110-cm-for-countertop-washbasins-with-drawers-and-compartments-or-door-or-dressing-table.html","og_site_name":"Bagno Italia","article_modified_time":"2025-03-28T10:40:15+00:00","og_image":[{"width":1000,"height":1000,"url":"https:\/\/img.bagnoitalia.com\/wp-content\/uploads\/1-248.webp","type":"image\/webp"}],"twitter_card":"summary_large_image","twitter_misc":{"Dur\u00e9e de lecture estim\u00e9e":"1 minute"},"schema":{"@context":"https:\/\/schema.org","@graph":[{"@type":"WebPage","@id":"https:\/\/www.bagnoitalia.com\/fr\/produit\/luke3-vanity-unit-90-100-or-110-cm-for-countertop-washbasins-with-drawers-and-compartments-or-door-or-dressing-table.html","url":"https:\/\/www.bagnoitalia.com\/fr\/produit\/luke3-vanity-unit-90-100-or-110-cm-for-countertop-washbasins-with-drawers-and-compartments-or-door-or-dressing-table.html","name":"Luke3 meuble sous-vasque 90, 100 ou 110 cm pour lavabos \u00e0 poser avec tiroirs et compartiments ou porte ou coiffeuse - Bagno Italia","isPartOf":{"@id":"https:\/\/www.bagnoitalia.com\/fr#website"},"primaryImageOfPage":{"@id":"https:\/\/www.bagnoitalia.com\/fr\/produit\/luke3-vanity-unit-90-100-or-110-cm-for-countertop-washbasins-with-drawers-and-compartments-or-door-or-dressing-table.html#primaryimage"},"image":{"@id":"https:\/\/www.bagnoitalia.com\/fr\/produit\/luke3-vanity-unit-90-100-or-110-cm-for-countertop-washbasins-with-drawers-and-compartments-or-door-or-dressing-table.html#primaryimage"},"thumbnailUrl":"https:\/\/img.bagnoitalia.com\/wp-content\/uploads\/1-248.webp","datePublished":"2025-03-28T10:31:31+00:00","dateModified":"2025-03-28T10:40:15+00:00","breadcrumb":{"@id":"https:\/\/www.bagnoitalia.com\/fr\/produit\/luke3-vanity-unit-90-100-or-110-cm-for-countertop-washbasins-with-drawers-and-compartments-or-door-or-dressing-table.html#breadcrumb"},"inLanguage":"fr-FR","potentialAction":[{"@type":"ReadAction","target":["https:\/\/www.bagnoitalia.com\/fr\/produit\/luke3-vanity-unit-90-100-or-110-cm-for-countertop-washbasins-with-drawers-and-compartments-or-door-or-dressing-table.html"]}]},{"@type":"ImageObject","inLanguage":"fr-FR","@id":"https:\/\/www.bagnoitalia.com\/fr\/produit\/luke3-vanity-unit-90-100-or-110-cm-for-countertop-washbasins-with-drawers-and-compartments-or-door-or-dressing-table.html#primaryimage","url":"https:\/\/img.bagnoitalia.com\/wp-content\/uploads\/1-248.webp","contentUrl":"https:\/\/img.bagnoitalia.com\/wp-content\/uploads\/1-248.webp","width":1000,"height":1000},{"@type":"BreadcrumbList","@id":"https:\/\/www.bagnoitalia.com\/fr\/produit\/luke3-vanity-unit-90-100-or-110-cm-for-countertop-washbasins-with-drawers-and-compartments-or-door-or-dressing-table.html#breadcrumb","itemListElement":[{"@type":"ListItem","position":1,"name":"Home","item":"https:\/\/www.bagnoitalia.com\/fr"},{"@type":"ListItem","position":2,"name":"Produits","item":"https:\/\/www.bagnoitalia.com\/fr\/shop"},{"@type":"ListItem","position":3,"name":"Luke3 meuble sous-vasque 90, 100 ou 110 cm pour lavabos \u00e0 poser avec tiroirs et compartiments ou porte ou coiffeuse"}]},{"@type":"WebSite","@id":"https:\/\/www.bagnoitalia.com\/fr#website","url":"https:\/\/www.bagnoitalia.com\/fr","name":"Bagno Italia","description":"","publisher":{"@id":"https:\/\/www.bagnoitalia.com\/fr#organization"},"potentialAction":[{"@type":"SearchAction","target":{"@type":"EntryPoint","urlTemplate":"https:\/\/www.bagnoitalia.com\/fr?s={search_term_string}"},"query-input":{"@type":"PropertyValueSpecification","valueRequired":true,"valueName":"search_term_string"}}],"inLanguage":"fr-FR"},{"@type":"Organization","@id":"https:\/\/www.bagnoitalia.com\/fr#organization","name":"Bagno Italia","url":"https:\/\/www.bagnoitalia.com\/fr","logo":{"@type":"ImageObject","inLanguage":"fr-FR","@id":"https:\/\/www.bagnoitalia.com\/fr#\/schema\/logo\/image\/","url":"https:\/\/img.bagnoitalia.com\/wp-content\/uploads\/logo-bagnoitalia.webp","contentUrl":"https:\/\/img.bagnoitalia.com\/wp-content\/uploads\/logo-bagnoitalia.webp","width":400,"height":70,"caption":"Bagno Italia"},"image":{"@id":"https:\/\/www.bagnoitalia.com\/fr#\/schema\/logo\/image\/"}}]}},"_links":{"self":[{"href":"https:\/\/www.bagnoitalia.com\/fr\/wp-json\/wp\/v2\/product\/105556","targetHints":{"allow":["GET"]}}],"collection":[{"href":"https:\/\/www.bagnoitalia.com\/fr\/wp-json\/wp\/v2\/product"}],"about":[{"href":"https:\/\/www.bagnoitalia.com\/fr\/wp-json\/wp\/v2\/types\/product"}],"replies":[{"embeddable":true,"href":"https:\/\/www.bagnoitalia.com\/fr\/wp-json\/wp\/v2\/comments?post=105556"}],"version-history":[{"count":2,"href":"https:\/\/www.bagnoitalia.com\/fr\/wp-json\/wp\/v2\/product\/105556\/revisions"}],"predecessor-version":[{"id":105564,"href":"https:\/\/www.bagnoitalia.com\/fr\/wp-json\/wp\/v2\/product\/105556\/revisions\/105564"}],"wp:featuredmedia":[{"embeddable":true,"href":"https:\/\/www.bagnoitalia.com\/fr\/wp-json\/wp\/v2\/media\/105396"}],"wp:attachment":[{"href":"https:\/\/www.bagnoitalia.com\/fr\/wp-json\/wp\/v2\/media?parent=105556"}],"wp:term":[{"taxonomy":"product_brand","embeddable":true,"href":"https:\/\/www.bagnoitalia.com\/fr\/wp-json\/wp\/v2\/product_brand?post=105556"},{"taxonomy":"product_cat","embeddable":true,"href":"https:\/\/www.bagnoitalia.com\/fr\/wp-json\/wp\/v2\/product_cat?post=105556"},{"taxonomy":"product_tag","embeddable":true,"href":"https:\/\/www.bagnoitalia.com\/fr\/wp-json\/wp\/v2\/product_tag?post=105556"}],"curies":[{"name":"wp","href":"https:\/\/api.w.org\/{rel}","templated":true}]}}