{"id":105378,"date":"2025-03-26T15:50:05","date_gmt":"2025-03-26T14:50:05","guid":{"rendered":"https:\/\/www.bagnoitalia.com\/base-unit-for-double-washbasin-luke2-120-or-140-cm-in-9-colours-4-drawers-mirror-included.html"},"modified":"2025-03-26T15:56:52","modified_gmt":"2025-03-26T14:56:52","slug":"base-unit-for-double-washbasin-luke2-120-or-140-cm-in-9-colours-4-drawers-mirror-included","status":"publish","type":"product","link":"https:\/\/www.bagnoitalia.com\/fr\/produit\/base-unit-for-double-washbasin-luke2-120-or-140-cm-in-9-colours-4-drawers-mirror-included.html","title":{"rendered":"Meuble bas pour double lavabo Luke2 120 ou 140 cm en 9 couleurs 4 tiroirs miroir inclus"},"content":{"rendered":"<p>Luke2&prime; meuble sous-lavabo 120 ou 140 cm<\/p>\n<p>&nbsp;<\/p>\n<p>&nbsp;<\/p>\n<p>&nbsp;<\/p>\n<p>&nbsp;<\/p>\n<p>PRINCIPALES CARACT\u00c9RISTIQUES DU PRODUIT<\/p>\n<p>Meuble bas de salle de bains moderne, adapt\u00e9 aux lavabos \u00e0 poser<\/p>\n<p>Installation suspendue<\/p>\n<p>Compos\u00e9 de 4 tiroirs<\/p>\n<p>Types disponibles<\/p>\n<p>120cm blanc mat avec miroir RECTANGULAIRE 70x110cm<br \/>\n120cm noir mat avec miroir RECTANGULAIRE 70x110cm<br \/>\n120cm noyer avec miroir RECTANGULAIRE 70x110cm<br \/>\n120cm bleu mat avec miroir RECTANGULAIRE 70x110cm<br \/>\n120cm ch\u00eane avec 2 miroirs OVAL 50&#215;100 cm<br \/>\n120cm blanc mat avec plateau en ch\u00eane et 2 miroirs OVAL 50&#215;100 cm<br \/>\n120cm bleu mat avec plateau en ch\u00eane et 2 miroirs OVAL 50&#215;100 cm<br \/>\n120cm noir mat avec plateau en ch\u00eane et 2 miroirs OVAL 50&#215;100 cm<br \/>\n120cm noyer avec plateau en ch\u00eane et 2 miroirs OVAL 50&#215;100 cm<br \/>\n140cm blanc mat avec miroir RECTANGULAIRE 70x120cm<br \/>\n140cm noir mat avec miroir RECTANGULAIRE 70x120cm<br \/>\n140 cm noyer avec miroir RECTANGULAIRE 70x120cm<br \/>\n140cm bleu mat avec miroir RECTANGULAIRE 70x120cm<br \/>\n140cm ch\u00eane avec 2 miroirs OVAL 50&#215;100 cm<br \/>\n140cm blanc mat avec plateau en ch\u00eane et 2 miroirs OVAL 50&#215;100 cm<br \/>\n140cm bleu mat avec plateau en ch\u00eane et 2 miroirs OVAL 50&#215;100 cm<br \/>\n140cm noir mat avec plateau en ch\u00eane et 2 miroirs OVAL 50&#215;100 cm<br \/>\n140cm noyer avec plateau en ch\u00eane et 2 miroirs OVAL 50&#215;100 cm<\/p>\n<p>S\u00c9LECTIONNEZ DANS LE MENU D\u00c9ROULANT CI-DESSUS LE TYPE DE MIROIR<\/p>\n<p>ATTENTION : les lavabos et les robinets ne sont pas inclus dans le prix.<\/p>\n<p>Cliquez ici pour voir les lavabos \u00e0 poser assortis<\/p>\n<p>Miroir filolucido et r\u00e9versible<\/p>\n<p>Installation suspendue<\/p>\n<p>Tiroirs sans poign\u00e9e (ouverture par rainure)<\/p>\n<p>Fermeture lente (soft-close)<\/p>\n<p>Structure en bois m\u00e9lamin\u00e9<\/p>\n<p>La colonne n&rsquo;est pas incluse dans le prix, elle peut \u00eatre ajout\u00e9e en utilisant le menu d\u00e9roulant (dimensions 30xD24xH140 cm)<\/p>\n<p>&nbsp;<\/p>\n<p>&nbsp;<\/p>\n<p>&nbsp;<\/p>\n<p>&nbsp;<\/p>\n<p>&nbsp;<\/p>\n<p>&nbsp;<\/p>\n<p>&nbsp;<\/p>\n<p>&nbsp;<\/p>\n<p>&nbsp;<\/p>\n<p>&nbsp;<\/p>\n<p>&nbsp;<\/p>\n<p>&nbsp;<\/p>\n<p>&nbsp;<\/p>\n<p>&nbsp;<\/p>\n<p>&nbsp;<\/p>\n<p>&nbsp;<\/p>\n<p>&nbsp;<\/p>\n<p>&nbsp;<\/p>\n<p>&nbsp;<\/p>\n<p>&nbsp;<\/p>\n<p>&nbsp;<\/p>\n<p>&nbsp;<\/p>\n<p>&nbsp;<\/p>\n<p>&nbsp;<\/p>\n<p>&nbsp;<\/p>\n<p>&nbsp;<\/p>\n<p>&nbsp;<\/p>\n<p>Anami<\/p>\n<p>&nbsp;<\/p>\n<p>&nbsp;<\/p>\n","protected":false},"excerpt":{"rendered":"<p>Meuble de salle de bains moderne pour installation suspendue, id\u00e9al pour 2 lavabos \u00e0 poser. Couleurs au choix : blanc, noir, ch\u00eane, bleu, noyer, blanc avec plan en ch\u00eane, bleu avec plan en ch\u00eane, noir avec plan en ch\u00eane, noyer avec plan en ch\u00eane. Compos\u00e9 de 4 tiroirs, avec double miroir ovale pour les meubles avec dessus en ch\u00eane, et un miroir rectangulaire pour les autres meubles. Les lavabos ne sont pas inclus.<\/p>\n<p>&nbsp;<\/p>\n","protected":false},"featured_media":105314,"comment_status":"open","ping_status":"closed","template":"","meta":[],"product_brand":[9883],"product_cat":[9703],"product_tag":[],"class_list":{"0":"post-105378","1":"product","2":"type-product","3":"status-publish","4":"has-post-thumbnail","6":"product_brand-deghi-de","7":"product_cat-meuble-de-salle-de-bain-avec-double-vasque","9":"first","10":"instock","11":"sale","12":"taxable","13":"shipping-taxable","14":"purchasable","15":"product-type-simple"},"exclude_global_add_ons":false,"addons":[{"name":"Type","type":"multiple_choice","position":0,"required":false,"title_format":"label","default":"","description_enable":false,"description":"","placeholder_enable":false,"placeholder":"","display":"select","restrictions_type":"any_text","adjust_price":false,"price":"","price_type":"flat_fee","restrictions":false,"min":"0","max":"0","options":[{"label":"120 cm blanc mat","price":"","price_type":"flat_fee","image":0,"visibility":true},{"label":"120 cm noir mat","price":"","price_type":"flat_fee","image":0,"visibility":true},{"label":"120 cm noyer","price":"","price_type":"flat_fee","image":0,"visibility":true},{"label":"120 cm bleu mat","price":"","price_type":"flat_fee","image":0,"visibility":true},{"label":"120 cm ch\u00eane","price":"","price_type":"flat_fee","image":0,"visibility":true},{"label":"120 cm ch\u00eane-blanc","price":"","price_type":"flat_fee","image":0,"visibility":true},{"label":"120 cm bleu poudre","price":"","price_type":"flat_fee","image":0,"visibility":true},{"label":"120 cm noir-poussi\u00e8re","price":"","price_type":"flat_fee","image":0,"visibility":true},{"label":"120 cm noyer-poussi\u00e8re","price":"","price_type":"flat_fee","image":0,"visibility":true},{"label":"140 cm blanc mat","price":"60","price_type":"flat_fee","image":0,"visibility":true},{"label":"140 cm noir mat","price":"60","price_type":"flat_fee","image":0,"visibility":true},{"label":"140 cm noyer","price":"60","price_type":"flat_fee","image":0,"visibility":true},{"label":"140 cm bleu mat","price":"60","price_type":"flat_fee","image":0,"visibility":true},{"label":"140 cm ch\u00eane","price":"60","price_type":"flat_fee","image":0,"visibility":true},{"label":"140 cm ch\u00eane-blanc","price":"60","price_type":"flat_fee","image":0,"visibility":true},{"label":"140 cm bleu poudre","price":"60","price_type":"flat_fee","image":0,"visibility":true},{"label":"140 cm noir-poussi\u00e8re","price":"60","price_type":"flat_fee","image":0,"visibility":true},{"label":"140 cm de poussi\u00e8re de noyer","price":"60","price_type":"flat_fee","image":0,"visibility":true}],"id":1743004207},{"name":"Colonne","type":"multiple_choice","position":1,"required":false,"title_format":"label","default":"","description_enable":false,"description":"","placeholder_enable":false,"placeholder":"","display":"select","restrictions_type":"any_text","adjust_price":false,"price":"","price_type":"flat_fee","restrictions":false,"min":"0","max":"0","options":[{"label":"Non","price":"","price_type":"flat_fee","image":0,"visibility":true},{"label":"1 Colonne 30xP24xH140 cm","price":"319","price_type":"flat_fee","image":0,"visibility":true}],"id":1743004208}],"yoast_head":"<!-- This site is optimized with the Yoast SEO plugin v26.7 - https:\/\/yoast.com\/wordpress\/plugins\/seo\/ -->\n<title>Meuble bas pour double lavabo Luke2 120 ou 140 cm en 9 couleurs 4 tiroirs miroir inclus - Bagno Italia<\/title>\n<meta name=\"robots\" content=\"index, follow, max-snippet:-1, max-image-preview:large, max-video-preview:-1\" \/>\n<link rel=\"canonical\" href=\"https:\/\/www.bagnoitalia.com\/fr\/produit\/base-unit-for-double-washbasin-luke2-120-or-140-cm-in-9-colours-4-drawers-mirror-included.html\" \/>\n<meta property=\"og:locale\" content=\"fr_FR\" \/>\n<meta property=\"og:type\" content=\"article\" \/>\n<meta property=\"og:title\" content=\"Meuble bas pour double lavabo Luke2 120 ou 140 cm en 9 couleurs 4 tiroirs miroir inclus - Bagno Italia\" \/>\n<meta property=\"og:description\" content=\"Meuble de salle de bains moderne pour installation suspendue, id\u00e9al pour 2 lavabos \u00e0 poser. Couleurs au choix : blanc, noir, ch\u00eane, bleu, noyer, blanc avec plan en ch\u00eane, bleu avec plan en ch\u00eane, noir avec plan en ch\u00eane, noyer avec plan en ch\u00eane. Compos\u00e9 de 4 tiroirs, avec double miroir ovale pour les meubles avec dessus en ch\u00eane, et un miroir rectangulaire pour les autres meubles. Les lavabos ne sont pas inclus.  &nbsp;\" \/>\n<meta property=\"og:url\" content=\"https:\/\/www.bagnoitalia.com\/fr\/produit\/base-unit-for-double-washbasin-luke2-120-or-140-cm-in-9-colours-4-drawers-mirror-included.html\" \/>\n<meta property=\"og:site_name\" content=\"Bagno Italia\" \/>\n<meta property=\"article:modified_time\" content=\"2025-03-26T14:56:52+00:00\" \/>\n<meta property=\"og:image\" content=\"https:\/\/img.bagnoitalia.com\/wp-content\/uploads\/1-247.webp\" \/>\n\t<meta property=\"og:image:width\" content=\"1000\" \/>\n\t<meta property=\"og:image:height\" content=\"1000\" \/>\n\t<meta property=\"og:image:type\" content=\"image\/webp\" \/>\n<meta name=\"twitter:card\" content=\"summary_large_image\" \/>\n<meta name=\"twitter:label1\" content=\"Dur\u00e9e de lecture estim\u00e9e\" \/>\n\t<meta name=\"twitter:data1\" content=\"2 minutes\" \/>\n<script type=\"application\/ld+json\" class=\"yoast-schema-graph\">{\"@context\":\"https:\/\/schema.org\",\"@graph\":[{\"@type\":\"WebPage\",\"@id\":\"https:\/\/www.bagnoitalia.com\/fr\/produit\/base-unit-for-double-washbasin-luke2-120-or-140-cm-in-9-colours-4-drawers-mirror-included.html\",\"url\":\"https:\/\/www.bagnoitalia.com\/fr\/produit\/base-unit-for-double-washbasin-luke2-120-or-140-cm-in-9-colours-4-drawers-mirror-included.html\",\"name\":\"Meuble bas pour double lavabo Luke2 120 ou 140 cm en 9 couleurs 4 tiroirs miroir inclus - Bagno Italia\",\"isPartOf\":{\"@id\":\"https:\/\/www.bagnoitalia.com\/fr#website\"},\"primaryImageOfPage\":{\"@id\":\"https:\/\/www.bagnoitalia.com\/fr\/produit\/base-unit-for-double-washbasin-luke2-120-or-140-cm-in-9-colours-4-drawers-mirror-included.html#primaryimage\"},\"image\":{\"@id\":\"https:\/\/www.bagnoitalia.com\/fr\/produit\/base-unit-for-double-washbasin-luke2-120-or-140-cm-in-9-colours-4-drawers-mirror-included.html#primaryimage\"},\"thumbnailUrl\":\"https:\/\/img.bagnoitalia.com\/wp-content\/uploads\/1-247.webp\",\"datePublished\":\"2025-03-26T14:50:05+00:00\",\"dateModified\":\"2025-03-26T14:56:52+00:00\",\"breadcrumb\":{\"@id\":\"https:\/\/www.bagnoitalia.com\/fr\/produit\/base-unit-for-double-washbasin-luke2-120-or-140-cm-in-9-colours-4-drawers-mirror-included.html#breadcrumb\"},\"inLanguage\":\"fr-FR\",\"potentialAction\":[{\"@type\":\"ReadAction\",\"target\":[\"https:\/\/www.bagnoitalia.com\/fr\/produit\/base-unit-for-double-washbasin-luke2-120-or-140-cm-in-9-colours-4-drawers-mirror-included.html\"]}]},{\"@type\":\"ImageObject\",\"inLanguage\":\"fr-FR\",\"@id\":\"https:\/\/www.bagnoitalia.com\/fr\/produit\/base-unit-for-double-washbasin-luke2-120-or-140-cm-in-9-colours-4-drawers-mirror-included.html#primaryimage\",\"url\":\"https:\/\/img.bagnoitalia.com\/wp-content\/uploads\/1-247.webp\",\"contentUrl\":\"https:\/\/img.bagnoitalia.com\/wp-content\/uploads\/1-247.webp\",\"width\":1000,\"height\":1000},{\"@type\":\"BreadcrumbList\",\"@id\":\"https:\/\/www.bagnoitalia.com\/fr\/produit\/base-unit-for-double-washbasin-luke2-120-or-140-cm-in-9-colours-4-drawers-mirror-included.html#breadcrumb\",\"itemListElement\":[{\"@type\":\"ListItem\",\"position\":1,\"name\":\"Home\",\"item\":\"https:\/\/www.bagnoitalia.com\/fr\"},{\"@type\":\"ListItem\",\"position\":2,\"name\":\"Produits\",\"item\":\"https:\/\/www.bagnoitalia.com\/fr\/shop\"},{\"@type\":\"ListItem\",\"position\":3,\"name\":\"Meuble bas pour double lavabo Luke2 120 ou 140 cm en 9 couleurs 4 tiroirs miroir inclus\"}]},{\"@type\":\"WebSite\",\"@id\":\"https:\/\/www.bagnoitalia.com\/fr#website\",\"url\":\"https:\/\/www.bagnoitalia.com\/fr\",\"name\":\"Bagno Italia\",\"description\":\"\",\"publisher\":{\"@id\":\"https:\/\/www.bagnoitalia.com\/fr#organization\"},\"potentialAction\":[{\"@type\":\"SearchAction\",\"target\":{\"@type\":\"EntryPoint\",\"urlTemplate\":\"https:\/\/www.bagnoitalia.com\/fr?s={search_term_string}\"},\"query-input\":{\"@type\":\"PropertyValueSpecification\",\"valueRequired\":true,\"valueName\":\"search_term_string\"}}],\"inLanguage\":\"fr-FR\"},{\"@type\":\"Organization\",\"@id\":\"https:\/\/www.bagnoitalia.com\/fr#organization\",\"name\":\"Bagno Italia\",\"url\":\"https:\/\/www.bagnoitalia.com\/fr\",\"logo\":{\"@type\":\"ImageObject\",\"inLanguage\":\"fr-FR\",\"@id\":\"https:\/\/www.bagnoitalia.com\/fr#\/schema\/logo\/image\/\",\"url\":\"https:\/\/img.bagnoitalia.com\/wp-content\/uploads\/logo-bagnoitalia.webp\",\"contentUrl\":\"https:\/\/img.bagnoitalia.com\/wp-content\/uploads\/logo-bagnoitalia.webp\",\"width\":400,\"height\":70,\"caption\":\"Bagno Italia\"},\"image\":{\"@id\":\"https:\/\/www.bagnoitalia.com\/fr#\/schema\/logo\/image\/\"}}]}<\/script>\n<!-- \/ Yoast SEO plugin. -->","yoast_head_json":{"title":"Meuble bas pour double lavabo Luke2 120 ou 140 cm en 9 couleurs 4 tiroirs miroir inclus - Bagno Italia","robots":{"index":"index","follow":"follow","max-snippet":"max-snippet:-1","max-image-preview":"max-image-preview:large","max-video-preview":"max-video-preview:-1"},"canonical":"https:\/\/www.bagnoitalia.com\/fr\/produit\/base-unit-for-double-washbasin-luke2-120-or-140-cm-in-9-colours-4-drawers-mirror-included.html","og_locale":"fr_FR","og_type":"article","og_title":"Meuble bas pour double lavabo Luke2 120 ou 140 cm en 9 couleurs 4 tiroirs miroir inclus - Bagno Italia","og_description":"Meuble de salle de bains moderne pour installation suspendue, id\u00e9al pour 2 lavabos \u00e0 poser. Couleurs au choix : blanc, noir, ch\u00eane, bleu, noyer, blanc avec plan en ch\u00eane, bleu avec plan en ch\u00eane, noir avec plan en ch\u00eane, noyer avec plan en ch\u00eane. Compos\u00e9 de 4 tiroirs, avec double miroir ovale pour les meubles avec dessus en ch\u00eane, et un miroir rectangulaire pour les autres meubles. Les lavabos ne sont pas inclus.  &nbsp;","og_url":"https:\/\/www.bagnoitalia.com\/fr\/produit\/base-unit-for-double-washbasin-luke2-120-or-140-cm-in-9-colours-4-drawers-mirror-included.html","og_site_name":"Bagno Italia","article_modified_time":"2025-03-26T14:56:52+00:00","og_image":[{"width":1000,"height":1000,"url":"https:\/\/img.bagnoitalia.com\/wp-content\/uploads\/1-247.webp","type":"image\/webp"}],"twitter_card":"summary_large_image","twitter_misc":{"Dur\u00e9e de lecture estim\u00e9e":"2 minutes"},"schema":{"@context":"https:\/\/schema.org","@graph":[{"@type":"WebPage","@id":"https:\/\/www.bagnoitalia.com\/fr\/produit\/base-unit-for-double-washbasin-luke2-120-or-140-cm-in-9-colours-4-drawers-mirror-included.html","url":"https:\/\/www.bagnoitalia.com\/fr\/produit\/base-unit-for-double-washbasin-luke2-120-or-140-cm-in-9-colours-4-drawers-mirror-included.html","name":"Meuble bas pour double lavabo Luke2 120 ou 140 cm en 9 couleurs 4 tiroirs miroir inclus - Bagno Italia","isPartOf":{"@id":"https:\/\/www.bagnoitalia.com\/fr#website"},"primaryImageOfPage":{"@id":"https:\/\/www.bagnoitalia.com\/fr\/produit\/base-unit-for-double-washbasin-luke2-120-or-140-cm-in-9-colours-4-drawers-mirror-included.html#primaryimage"},"image":{"@id":"https:\/\/www.bagnoitalia.com\/fr\/produit\/base-unit-for-double-washbasin-luke2-120-or-140-cm-in-9-colours-4-drawers-mirror-included.html#primaryimage"},"thumbnailUrl":"https:\/\/img.bagnoitalia.com\/wp-content\/uploads\/1-247.webp","datePublished":"2025-03-26T14:50:05+00:00","dateModified":"2025-03-26T14:56:52+00:00","breadcrumb":{"@id":"https:\/\/www.bagnoitalia.com\/fr\/produit\/base-unit-for-double-washbasin-luke2-120-or-140-cm-in-9-colours-4-drawers-mirror-included.html#breadcrumb"},"inLanguage":"fr-FR","potentialAction":[{"@type":"ReadAction","target":["https:\/\/www.bagnoitalia.com\/fr\/produit\/base-unit-for-double-washbasin-luke2-120-or-140-cm-in-9-colours-4-drawers-mirror-included.html"]}]},{"@type":"ImageObject","inLanguage":"fr-FR","@id":"https:\/\/www.bagnoitalia.com\/fr\/produit\/base-unit-for-double-washbasin-luke2-120-or-140-cm-in-9-colours-4-drawers-mirror-included.html#primaryimage","url":"https:\/\/img.bagnoitalia.com\/wp-content\/uploads\/1-247.webp","contentUrl":"https:\/\/img.bagnoitalia.com\/wp-content\/uploads\/1-247.webp","width":1000,"height":1000},{"@type":"BreadcrumbList","@id":"https:\/\/www.bagnoitalia.com\/fr\/produit\/base-unit-for-double-washbasin-luke2-120-or-140-cm-in-9-colours-4-drawers-mirror-included.html#breadcrumb","itemListElement":[{"@type":"ListItem","position":1,"name":"Home","item":"https:\/\/www.bagnoitalia.com\/fr"},{"@type":"ListItem","position":2,"name":"Produits","item":"https:\/\/www.bagnoitalia.com\/fr\/shop"},{"@type":"ListItem","position":3,"name":"Meuble bas pour double lavabo Luke2 120 ou 140 cm en 9 couleurs 4 tiroirs miroir inclus"}]},{"@type":"WebSite","@id":"https:\/\/www.bagnoitalia.com\/fr#website","url":"https:\/\/www.bagnoitalia.com\/fr","name":"Bagno Italia","description":"","publisher":{"@id":"https:\/\/www.bagnoitalia.com\/fr#organization"},"potentialAction":[{"@type":"SearchAction","target":{"@type":"EntryPoint","urlTemplate":"https:\/\/www.bagnoitalia.com\/fr?s={search_term_string}"},"query-input":{"@type":"PropertyValueSpecification","valueRequired":true,"valueName":"search_term_string"}}],"inLanguage":"fr-FR"},{"@type":"Organization","@id":"https:\/\/www.bagnoitalia.com\/fr#organization","name":"Bagno Italia","url":"https:\/\/www.bagnoitalia.com\/fr","logo":{"@type":"ImageObject","inLanguage":"fr-FR","@id":"https:\/\/www.bagnoitalia.com\/fr#\/schema\/logo\/image\/","url":"https:\/\/img.bagnoitalia.com\/wp-content\/uploads\/logo-bagnoitalia.webp","contentUrl":"https:\/\/img.bagnoitalia.com\/wp-content\/uploads\/logo-bagnoitalia.webp","width":400,"height":70,"caption":"Bagno Italia"},"image":{"@id":"https:\/\/www.bagnoitalia.com\/fr#\/schema\/logo\/image\/"}}]}},"_links":{"self":[{"href":"https:\/\/www.bagnoitalia.com\/fr\/wp-json\/wp\/v2\/product\/105378","targetHints":{"allow":["GET"]}}],"collection":[{"href":"https:\/\/www.bagnoitalia.com\/fr\/wp-json\/wp\/v2\/product"}],"about":[{"href":"https:\/\/www.bagnoitalia.com\/fr\/wp-json\/wp\/v2\/types\/product"}],"replies":[{"embeddable":true,"href":"https:\/\/www.bagnoitalia.com\/fr\/wp-json\/wp\/v2\/comments?post=105378"}],"version-history":[{"count":2,"href":"https:\/\/www.bagnoitalia.com\/fr\/wp-json\/wp\/v2\/product\/105378\/revisions"}],"predecessor-version":[{"id":105386,"href":"https:\/\/www.bagnoitalia.com\/fr\/wp-json\/wp\/v2\/product\/105378\/revisions\/105386"}],"wp:featuredmedia":[{"embeddable":true,"href":"https:\/\/www.bagnoitalia.com\/fr\/wp-json\/wp\/v2\/media\/105314"}],"wp:attachment":[{"href":"https:\/\/www.bagnoitalia.com\/fr\/wp-json\/wp\/v2\/media?parent=105378"}],"wp:term":[{"taxonomy":"product_brand","embeddable":true,"href":"https:\/\/www.bagnoitalia.com\/fr\/wp-json\/wp\/v2\/product_brand?post=105378"},{"taxonomy":"product_cat","embeddable":true,"href":"https:\/\/www.bagnoitalia.com\/fr\/wp-json\/wp\/v2\/product_cat?post=105378"},{"taxonomy":"product_tag","embeddable":true,"href":"https:\/\/www.bagnoitalia.com\/fr\/wp-json\/wp\/v2\/product_tag?post=105378"}],"curies":[{"name":"wp","href":"https:\/\/api.w.org\/{rel}","templated":true}]}}