{"id":105209,"date":"2025-03-25T14:55:49","date_gmt":"2025-03-25T13:55:49","guid":{"rendered":"https:\/\/www.bagnoitalia.com\/finnish-outdoor-sauna-128x120-cm-for-1-2-persons-sn097.html"},"modified":"2026-04-24T10:28:21","modified_gmt":"2026-04-24T08:28:21","slug":"finnish-outdoor-sauna-128x120-cm-for-1-2-persons-sn097","status":"publish","type":"product","link":"https:\/\/www.bagnoitalia.com\/fr\/produit\/finnish-outdoor-sauna-128x120-cm-for-1-2-persons-sn097.html","title":{"rendered":"Sauna finlandais ext\u00e9rieur 128&#215;120 cm pour 1-2 personnes SN097"},"content":{"rendered":"<p>SAUNA FINLANDAIS &lsquo;SN097&rsquo;<\/p>\n<p>&nbsp;<\/p>\n<p>D\u00c9TAILS DU PRODUIT<\/p>\n<p>Sauna finlandais d&rsquo;ext\u00e9rieur<\/p>\n<p>Id\u00e9al pour 1 ou 2 personnes<\/p>\n<p>Complet avec :<\/p>\n<p>Po\u00eale avec pierres<br \/>\nSeau avec louche<br \/>\nThermom\u00e8tre<br \/>\nSablier<\/p>\n<p>Dimensions ext\u00e9rieures : 128.2x120xH194 cm<\/p>\n<p>Dimensions int\u00e9rieures : 112,6&#215;93,8xH176,6 cm<\/p>\n<p>Dimensions de la base : environ 128&#215;120 cm<\/p>\n<p>Parois : 3,8 cm d&rsquo;\u00e9paisseur<\/p>\n<p>n.2 Si\u00e8ges :<\/p>\n<p>sup\u00e9rieur env. 112,6&#215;45 cm<br \/>\ninf\u00e9rieur : environ 107&#215;22 cm<\/p>\n<p>Structure en bois d&rsquo;\u00e9pic\u00e9a<\/p>\n<p>Verre de 6 mm<\/p>\n<p>Toit en asphalte avec une charge de neige d&rsquo;environ 150 kg\/m\u00b2.<\/p>\n<p>Po\u00eale de 3,6 kW<\/p>\n<p>Temp\u00e9rature maximale : 70-90\u00b0C<\/p>\n<p>Tension d&rsquo;alimentation : 220 V<\/p>\n<p>Disposition pour l&rsquo;\u00e9clairage du sauna (douille E27, ampoule non incluse)<\/p>\n<p>&nbsp;<\/p>\n<p>&nbsp;<\/p>\n<p>&nbsp;<\/p>\n<p>&nbsp;<\/p>\n<p>&nbsp;<\/p>\n<p>&nbsp;<\/p>\n<p>&nbsp;<\/p>\n<p>&nbsp;<\/p>\n<p>&nbsp;<\/p>\n<p>&nbsp;<\/p>\n<p>&nbsp;<\/p>\n<p>&nbsp;<\/p>\n<p>&nbsp;<\/p>\n<p>&nbsp;<\/p>\n<p>&nbsp;<\/p>\n<p>&nbsp;<\/p>\n<p>&nbsp;<\/p>\n<p>&nbsp;<\/p>\n<p>&nbsp;<\/p>\n<p>&nbsp;<\/p>\n<p>&nbsp;<\/p>\n<p>&nbsp;<\/p>\n<p>F60120<\/p>\n<p>&nbsp;<\/p>\n<p>&nbsp;<\/p>\n","protected":false},"excerpt":{"rendered":"<p>Cabane en bois d&rsquo;\u00e9pic\u00e9a avec po\u00eale et pierres pour sauna finlandais. Id\u00e9al pour 1 \u00e0 2 personnes. Peut \u00eatre install\u00e9e \u00e0 l&rsquo;ext\u00e9rieur.<\/p>\n","protected":false},"featured_media":117475,"comment_status":"open","ping_status":"closed","template":"","meta":[],"product_brand":[9942],"product_cat":[9731],"product_tag":[],"class_list":{"0":"post-105209","1":"product","2":"type-product","3":"status-publish","4":"has-post-thumbnail","6":"product_brand-sanotechnik-italia-fr","7":"product_cat-sauna-finlandais","9":"first","10":"instock","11":"sale","12":"taxable","13":"shipping-taxable","14":"purchasable","15":"product-type-simple"},"exclude_global_add_ons":[],"addons":[],"yoast_head":"<!-- This site is optimized with the Yoast SEO plugin v26.7 - https:\/\/yoast.com\/wordpress\/plugins\/seo\/ -->\n<title>Sauna finlandais ext\u00e9rieur 128x120 cm pour 1-2 personnes SN097 - Bagno Italia<\/title>\n<meta name=\"robots\" content=\"index, follow, max-snippet:-1, max-image-preview:large, max-video-preview:-1\" \/>\n<link rel=\"canonical\" href=\"https:\/\/www.bagnoitalia.com\/fr\/produit\/finnish-outdoor-sauna-128x120-cm-for-1-2-persons-sn097.html\" \/>\n<meta property=\"og:locale\" content=\"fr_FR\" \/>\n<meta property=\"og:type\" content=\"article\" \/>\n<meta property=\"og:title\" content=\"Sauna finlandais ext\u00e9rieur 128x120 cm pour 1-2 personnes SN097 - Bagno Italia\" \/>\n<meta property=\"og:description\" content=\"Cabane en bois d&#039;\u00e9pic\u00e9a avec po\u00eale et pierres pour sauna finlandais. Id\u00e9al pour 1 \u00e0 2 personnes. Peut \u00eatre install\u00e9e \u00e0 l&#039;ext\u00e9rieur.\" \/>\n<meta property=\"og:url\" content=\"https:\/\/www.bagnoitalia.com\/fr\/produit\/finnish-outdoor-sauna-128x120-cm-for-1-2-persons-sn097.html\" \/>\n<meta property=\"og:site_name\" content=\"Bagno Italia\" \/>\n<meta property=\"article:modified_time\" content=\"2026-04-24T08:28:21+00:00\" \/>\n<meta property=\"og:image\" content=\"https:\/\/img.bagnoitalia.com\/wp-content\/uploads\/1-245.webp\" \/>\n\t<meta property=\"og:image:width\" content=\"999\" \/>\n\t<meta property=\"og:image:height\" content=\"1000\" \/>\n\t<meta property=\"og:image:type\" content=\"image\/webp\" \/>\n<meta name=\"twitter:card\" content=\"summary_large_image\" \/>\n<meta name=\"twitter:label1\" content=\"Dur\u00e9e de lecture estim\u00e9e\" \/>\n\t<meta name=\"twitter:data1\" content=\"1 minute\" \/>\n<script type=\"application\/ld+json\" class=\"yoast-schema-graph\">{\"@context\":\"https:\/\/schema.org\",\"@graph\":[{\"@type\":\"WebPage\",\"@id\":\"https:\/\/www.bagnoitalia.com\/fr\/produit\/finnish-outdoor-sauna-128x120-cm-for-1-2-persons-sn097.html\",\"url\":\"https:\/\/www.bagnoitalia.com\/fr\/produit\/finnish-outdoor-sauna-128x120-cm-for-1-2-persons-sn097.html\",\"name\":\"Sauna finlandais ext\u00e9rieur 128x120 cm pour 1-2 personnes SN097 - Bagno Italia\",\"isPartOf\":{\"@id\":\"https:\/\/www.bagnoitalia.com\/fr#website\"},\"primaryImageOfPage\":{\"@id\":\"https:\/\/www.bagnoitalia.com\/fr\/produit\/finnish-outdoor-sauna-128x120-cm-for-1-2-persons-sn097.html#primaryimage\"},\"image\":{\"@id\":\"https:\/\/www.bagnoitalia.com\/fr\/produit\/finnish-outdoor-sauna-128x120-cm-for-1-2-persons-sn097.html#primaryimage\"},\"thumbnailUrl\":\"https:\/\/img.bagnoitalia.com\/wp-content\/uploads\/sauna-finlandese-128x120-cm-da-esterno-botte-dettaglio.jpg\",\"datePublished\":\"2025-03-25T13:55:49+00:00\",\"dateModified\":\"2026-04-24T08:28:21+00:00\",\"breadcrumb\":{\"@id\":\"https:\/\/www.bagnoitalia.com\/fr\/produit\/finnish-outdoor-sauna-128x120-cm-for-1-2-persons-sn097.html#breadcrumb\"},\"inLanguage\":\"fr-FR\",\"potentialAction\":[{\"@type\":\"ReadAction\",\"target\":[\"https:\/\/www.bagnoitalia.com\/fr\/produit\/finnish-outdoor-sauna-128x120-cm-for-1-2-persons-sn097.html\"]}]},{\"@type\":\"ImageObject\",\"inLanguage\":\"fr-FR\",\"@id\":\"https:\/\/www.bagnoitalia.com\/fr\/produit\/finnish-outdoor-sauna-128x120-cm-for-1-2-persons-sn097.html#primaryimage\",\"url\":\"https:\/\/img.bagnoitalia.com\/wp-content\/uploads\/sauna-finlandese-128x120-cm-da-esterno-botte-dettaglio.jpg\",\"contentUrl\":\"https:\/\/img.bagnoitalia.com\/wp-content\/uploads\/sauna-finlandese-128x120-cm-da-esterno-botte-dettaglio.jpg\",\"width\":1000,\"height\":1000},{\"@type\":\"BreadcrumbList\",\"@id\":\"https:\/\/www.bagnoitalia.com\/fr\/produit\/finnish-outdoor-sauna-128x120-cm-for-1-2-persons-sn097.html#breadcrumb\",\"itemListElement\":[{\"@type\":\"ListItem\",\"position\":1,\"name\":\"Home\",\"item\":\"https:\/\/www.bagnoitalia.com\/fr\"},{\"@type\":\"ListItem\",\"position\":2,\"name\":\"Produits\",\"item\":\"https:\/\/www.bagnoitalia.com\/fr\/shop\"},{\"@type\":\"ListItem\",\"position\":3,\"name\":\"Sauna finlandais ext\u00e9rieur 128&#215;120 cm pour 1-2 personnes SN097\"}]},{\"@type\":\"WebSite\",\"@id\":\"https:\/\/www.bagnoitalia.com\/fr#website\",\"url\":\"https:\/\/www.bagnoitalia.com\/fr\",\"name\":\"Bagno Italia\",\"description\":\"\",\"publisher\":{\"@id\":\"https:\/\/www.bagnoitalia.com\/fr#organization\"},\"potentialAction\":[{\"@type\":\"SearchAction\",\"target\":{\"@type\":\"EntryPoint\",\"urlTemplate\":\"https:\/\/www.bagnoitalia.com\/fr?s={search_term_string}\"},\"query-input\":{\"@type\":\"PropertyValueSpecification\",\"valueRequired\":true,\"valueName\":\"search_term_string\"}}],\"inLanguage\":\"fr-FR\"},{\"@type\":\"Organization\",\"@id\":\"https:\/\/www.bagnoitalia.com\/fr#organization\",\"name\":\"Bagno Italia\",\"url\":\"https:\/\/www.bagnoitalia.com\/fr\",\"logo\":{\"@type\":\"ImageObject\",\"inLanguage\":\"fr-FR\",\"@id\":\"https:\/\/www.bagnoitalia.com\/fr#\/schema\/logo\/image\/\",\"url\":\"https:\/\/img.bagnoitalia.com\/wp-content\/uploads\/logo-bagnoitalia.webp\",\"contentUrl\":\"https:\/\/img.bagnoitalia.com\/wp-content\/uploads\/logo-bagnoitalia.webp\",\"width\":400,\"height\":70,\"caption\":\"Bagno Italia\"},\"image\":{\"@id\":\"https:\/\/www.bagnoitalia.com\/fr#\/schema\/logo\/image\/\"}}]}<\/script>\n<!-- \/ Yoast SEO plugin. -->","yoast_head_json":{"title":"Sauna finlandais ext\u00e9rieur 128x120 cm pour 1-2 personnes SN097 - Bagno Italia","robots":{"index":"index","follow":"follow","max-snippet":"max-snippet:-1","max-image-preview":"max-image-preview:large","max-video-preview":"max-video-preview:-1"},"canonical":"https:\/\/www.bagnoitalia.com\/fr\/produit\/finnish-outdoor-sauna-128x120-cm-for-1-2-persons-sn097.html","og_locale":"fr_FR","og_type":"article","og_title":"Sauna finlandais ext\u00e9rieur 128x120 cm pour 1-2 personnes SN097 - Bagno Italia","og_description":"Cabane en bois d'\u00e9pic\u00e9a avec po\u00eale et pierres pour sauna finlandais. Id\u00e9al pour 1 \u00e0 2 personnes. Peut \u00eatre install\u00e9e \u00e0 l'ext\u00e9rieur.","og_url":"https:\/\/www.bagnoitalia.com\/fr\/produit\/finnish-outdoor-sauna-128x120-cm-for-1-2-persons-sn097.html","og_site_name":"Bagno Italia","article_modified_time":"2026-04-24T08:28:21+00:00","og_image":[{"width":999,"height":1000,"url":"https:\/\/img.bagnoitalia.com\/wp-content\/uploads\/1-245.webp","type":"image\/webp"}],"twitter_card":"summary_large_image","twitter_misc":{"Dur\u00e9e de lecture estim\u00e9e":"1 minute"},"schema":{"@context":"https:\/\/schema.org","@graph":[{"@type":"WebPage","@id":"https:\/\/www.bagnoitalia.com\/fr\/produit\/finnish-outdoor-sauna-128x120-cm-for-1-2-persons-sn097.html","url":"https:\/\/www.bagnoitalia.com\/fr\/produit\/finnish-outdoor-sauna-128x120-cm-for-1-2-persons-sn097.html","name":"Sauna finlandais ext\u00e9rieur 128x120 cm pour 1-2 personnes SN097 - Bagno Italia","isPartOf":{"@id":"https:\/\/www.bagnoitalia.com\/fr#website"},"primaryImageOfPage":{"@id":"https:\/\/www.bagnoitalia.com\/fr\/produit\/finnish-outdoor-sauna-128x120-cm-for-1-2-persons-sn097.html#primaryimage"},"image":{"@id":"https:\/\/www.bagnoitalia.com\/fr\/produit\/finnish-outdoor-sauna-128x120-cm-for-1-2-persons-sn097.html#primaryimage"},"thumbnailUrl":"https:\/\/img.bagnoitalia.com\/wp-content\/uploads\/sauna-finlandese-128x120-cm-da-esterno-botte-dettaglio.jpg","datePublished":"2025-03-25T13:55:49+00:00","dateModified":"2026-04-24T08:28:21+00:00","breadcrumb":{"@id":"https:\/\/www.bagnoitalia.com\/fr\/produit\/finnish-outdoor-sauna-128x120-cm-for-1-2-persons-sn097.html#breadcrumb"},"inLanguage":"fr-FR","potentialAction":[{"@type":"ReadAction","target":["https:\/\/www.bagnoitalia.com\/fr\/produit\/finnish-outdoor-sauna-128x120-cm-for-1-2-persons-sn097.html"]}]},{"@type":"ImageObject","inLanguage":"fr-FR","@id":"https:\/\/www.bagnoitalia.com\/fr\/produit\/finnish-outdoor-sauna-128x120-cm-for-1-2-persons-sn097.html#primaryimage","url":"https:\/\/img.bagnoitalia.com\/wp-content\/uploads\/sauna-finlandese-128x120-cm-da-esterno-botte-dettaglio.jpg","contentUrl":"https:\/\/img.bagnoitalia.com\/wp-content\/uploads\/sauna-finlandese-128x120-cm-da-esterno-botte-dettaglio.jpg","width":1000,"height":1000},{"@type":"BreadcrumbList","@id":"https:\/\/www.bagnoitalia.com\/fr\/produit\/finnish-outdoor-sauna-128x120-cm-for-1-2-persons-sn097.html#breadcrumb","itemListElement":[{"@type":"ListItem","position":1,"name":"Home","item":"https:\/\/www.bagnoitalia.com\/fr"},{"@type":"ListItem","position":2,"name":"Produits","item":"https:\/\/www.bagnoitalia.com\/fr\/shop"},{"@type":"ListItem","position":3,"name":"Sauna finlandais ext\u00e9rieur 128&#215;120 cm pour 1-2 personnes SN097"}]},{"@type":"WebSite","@id":"https:\/\/www.bagnoitalia.com\/fr#website","url":"https:\/\/www.bagnoitalia.com\/fr","name":"Bagno Italia","description":"","publisher":{"@id":"https:\/\/www.bagnoitalia.com\/fr#organization"},"potentialAction":[{"@type":"SearchAction","target":{"@type":"EntryPoint","urlTemplate":"https:\/\/www.bagnoitalia.com\/fr?s={search_term_string}"},"query-input":{"@type":"PropertyValueSpecification","valueRequired":true,"valueName":"search_term_string"}}],"inLanguage":"fr-FR"},{"@type":"Organization","@id":"https:\/\/www.bagnoitalia.com\/fr#organization","name":"Bagno Italia","url":"https:\/\/www.bagnoitalia.com\/fr","logo":{"@type":"ImageObject","inLanguage":"fr-FR","@id":"https:\/\/www.bagnoitalia.com\/fr#\/schema\/logo\/image\/","url":"https:\/\/img.bagnoitalia.com\/wp-content\/uploads\/logo-bagnoitalia.webp","contentUrl":"https:\/\/img.bagnoitalia.com\/wp-content\/uploads\/logo-bagnoitalia.webp","width":400,"height":70,"caption":"Bagno Italia"},"image":{"@id":"https:\/\/www.bagnoitalia.com\/fr#\/schema\/logo\/image\/"}}]}},"_links":{"self":[{"href":"https:\/\/www.bagnoitalia.com\/fr\/wp-json\/wp\/v2\/product\/105209","targetHints":{"allow":["GET"]}}],"collection":[{"href":"https:\/\/www.bagnoitalia.com\/fr\/wp-json\/wp\/v2\/product"}],"about":[{"href":"https:\/\/www.bagnoitalia.com\/fr\/wp-json\/wp\/v2\/types\/product"}],"replies":[{"embeddable":true,"href":"https:\/\/www.bagnoitalia.com\/fr\/wp-json\/wp\/v2\/comments?post=105209"}],"version-history":[{"count":3,"href":"https:\/\/www.bagnoitalia.com\/fr\/wp-json\/wp\/v2\/product\/105209\/revisions"}],"predecessor-version":[{"id":117456,"href":"https:\/\/www.bagnoitalia.com\/fr\/wp-json\/wp\/v2\/product\/105209\/revisions\/117456"}],"wp:featuredmedia":[{"embeddable":true,"href":"https:\/\/www.bagnoitalia.com\/fr\/wp-json\/wp\/v2\/media\/117475"}],"wp:attachment":[{"href":"https:\/\/www.bagnoitalia.com\/fr\/wp-json\/wp\/v2\/media?parent=105209"}],"wp:term":[{"taxonomy":"product_brand","embeddable":true,"href":"https:\/\/www.bagnoitalia.com\/fr\/wp-json\/wp\/v2\/product_brand?post=105209"},{"taxonomy":"product_cat","embeddable":true,"href":"https:\/\/www.bagnoitalia.com\/fr\/wp-json\/wp\/v2\/product_cat?post=105209"},{"taxonomy":"product_tag","embeddable":true,"href":"https:\/\/www.bagnoitalia.com\/fr\/wp-json\/wp\/v2\/product_tag?post=105209"}],"curies":[{"name":"wp","href":"https:\/\/api.w.org\/{rel}","templated":true}]}}