{"id":104359,"date":"2025-03-18T16:34:07","date_gmt":"2025-03-18T15:34:07","guid":{"rendered":"https:\/\/www.bagnoitalia.com\/ariete-60-or-70-cm-wall-mounted-bathroom-unit-2-drawers-with-washbasin-top-and-mirror.html"},"modified":"2025-03-19T15:35:24","modified_gmt":"2025-03-19T14:35:24","slug":"ariete-60-or-70-cm-wall-mounted-bathroom-unit-2-drawers-with-washbasin-top-and-mirror","status":"publish","type":"product","link":"https:\/\/www.bagnoitalia.com\/fr\/produit\/ariete-60-or-70-cm-wall-mounted-bathroom-unit-2-drawers-with-washbasin-top-and-mirror.html","title":{"rendered":"Ariete 60 ou 70 cm meuble de salle de bain mural 2 tiroirs avec plan vasque et miroir"},"content":{"rendered":"<p>Meuble de salle de bains &lsquo;Ariete&rsquo; de 60 ou 70 cm avec plan vasque<\/p>\n<p>&nbsp;<\/p>\n<p>&nbsp;<\/p>\n<p>&nbsp;<\/p>\n<p>&nbsp;<\/p>\n<p>CARACT\u00c9RISTIQUES PRINCIPALES<\/p>\n<p>Meuble de salle de bain moderne avec 2 tiroirs, disponible \u00e0 partir de :<\/p>\n<p>60 cm<br \/>\n70 cm<\/p>\n<p>Couleurs disponibles :<\/p>\n<p>bleu satin\u00e9<br \/>\nch\u00eane<br \/>\nnoyer<br \/>\nnoir mat<br \/>\nblanc mat<\/p>\n<p>S\u00c9LECTIONNEZ LA TAILLE ET LA COULEUR DANS LE MENU D\u00c9ROULANT CI-DESSUS<\/p>\n<p>Miroir rond Filolucido \u00d8 70 cm<\/p>\n<p>Lavabo en r\u00e9sine blanc mat<\/p>\n<p>Pr\u00e9disposition pour trou de robinetterie<\/p>\n<p>Avec trou de trop-plein<\/p>\n<p>Base en bois plaqu\u00e9<\/p>\n<p>Installation suspendue<\/p>\n<p>Ouverture du tiroir : rainure<\/p>\n<p>Fermeture du tiroir : soft-close<\/p>\n<p>Profondeur : 45 cm<\/p>\n<p>Hauteur : cm 54<\/p>\n<p>&nbsp;<\/p>\n<p>NB : les robinets, le vidage et l&rsquo;\u00e9vacuation ne sont pas inclus dans le prix.<\/p>\n<p>&nbsp;<\/p>\n<p>En utilisant le menu d\u00e9roulant, il est \u00e9galement possible d&rsquo;ajouter le meuble haut mural assorti de 30xD24xH140 cm.<\/p>\n<p>&nbsp;<\/p>\n<p>&nbsp;<\/p>\n<p>&nbsp;<\/p>\n<p>&nbsp;<\/p>\n<p>&nbsp;<\/p>\n<p>&nbsp;<\/p>\n<p>&nbsp;<\/p>\n<p>&nbsp;<\/p>\n<p>&nbsp;<\/p>\n<p>&nbsp;<\/p>\n<p>&nbsp;<\/p>\n<p>&nbsp;<\/p>\n<p>&nbsp;<\/p>\n<p>&nbsp;<\/p>\n<p>&nbsp;<\/p>\n<p>&nbsp;<\/p>\n<p>&nbsp;<\/p>\n<p>&nbsp;<\/p>\n<p>&nbsp;<\/p>\n<p>Anami<\/p>\n<p>&nbsp;<\/p>\n<p>&nbsp;<\/p>\n","protected":false},"excerpt":{"rendered":"<p>Meuble moderne pour installation suspendue, compos\u00e9 de 2 tiroirs, disponible en 2 tailles. La base est disponible en diff\u00e9rentes couleurs : blanc, noir, bleu, ch\u00eane, noyer. Le prix comprend un lavabo en r\u00e9sine blanc mat et un miroir rond. Il est \u00e9galement possible de combiner une colonne suspendue.<\/p>\n","protected":false},"featured_media":104303,"comment_status":"open","ping_status":"closed","template":"","meta":[],"product_brand":[9882],"product_cat":[9715],"product_tag":[],"class_list":{"0":"post-104359","1":"product","2":"type-product","3":"status-publish","4":"has-post-thumbnail","6":"product_brand-deghi-fr","7":"product_cat-meubles-de-salle-de-bain-de-40-a-70-cm","9":"first","10":"instock","11":"sale","12":"taxable","13":"shipping-taxable","14":"purchasable","15":"product-type-simple"},"exclude_global_add_ons":false,"addons":[{"name":"Type","type":"multiple_choice","position":0,"required":false,"title_format":"label","default":"","description_enable":false,"description":"","placeholder_enable":false,"placeholder":"","display":"select","restrictions_type":"any_text","adjust_price":false,"price":"","price_type":"flat_fee","restrictions":false,"min":"0","max":"0","options":[{"label":"60 cm noir mat","price":"","price_type":"flat_fee","image":0,"visibility":true},{"label":"60 cm ch\u00eane","price":"","price_type":"flat_fee","image":0,"visibility":true},{"label":"60 cm blanc mat","price":"","price_type":"flat_fee","image":0,"visibility":true},{"label":"60 cm bleu satin\u00e9","price":"","price_type":"flat_fee","image":0,"visibility":true},{"label":"60 cm noyer","price":"","price_type":"flat_fee","image":0,"visibility":true},{"label":"70 cm noir mat","price":"30","price_type":"flat_fee","image":0,"visibility":true},{"label":"70 cm ch\u00eane","price":"30","price_type":"flat_fee","image":0,"visibility":true},{"label":"70 cm blanc mat","price":"30","price_type":"flat_fee","image":0,"visibility":true},{"label":"70 cm bleu satin\u00e9","price":"30","price_type":"flat_fee","image":0,"visibility":true},{"label":"70 cm noyer","price":"30","price_type":"flat_fee","image":0,"visibility":true}],"id":1742315648},{"name":"Colonne","type":"multiple_choice","position":1,"required":false,"title_format":"label","default":"","description_enable":false,"description":"","placeholder_enable":false,"placeholder":"","display":"select","restrictions_type":"any_text","adjust_price":false,"price":"","price_type":"flat_fee","restrictions":false,"min":"0","max":"0","options":[{"label":"Non","price":"","price_type":"flat_fee","image":0,"visibility":true},{"label":"1 Colonne 30xP24xH140 cm","price":"319","price_type":"flat_fee","image":0,"visibility":true}],"id":1742315649}],"yoast_head":"<!-- This site is optimized with the Yoast SEO plugin v26.7 - https:\/\/yoast.com\/wordpress\/plugins\/seo\/ -->\n<title>Ariete 60 ou 70 cm meuble de salle de bain mural 2 tiroirs avec plan vasque et miroir - Bagno Italia<\/title>\n<meta name=\"robots\" content=\"index, follow, max-snippet:-1, max-image-preview:large, max-video-preview:-1\" \/>\n<link rel=\"canonical\" href=\"https:\/\/www.bagnoitalia.com\/fr\/produit\/ariete-60-or-70-cm-wall-mounted-bathroom-unit-2-drawers-with-washbasin-top-and-mirror.html\" \/>\n<meta property=\"og:locale\" content=\"fr_FR\" \/>\n<meta property=\"og:type\" content=\"article\" \/>\n<meta property=\"og:title\" content=\"Ariete 60 ou 70 cm meuble de salle de bain mural 2 tiroirs avec plan vasque et miroir - Bagno Italia\" \/>\n<meta property=\"og:description\" content=\"Meuble moderne pour installation suspendue, compos\u00e9 de 2 tiroirs, disponible en 2 tailles. La base est disponible en diff\u00e9rentes couleurs : blanc, noir, bleu, ch\u00eane, noyer. Le prix comprend un lavabo en r\u00e9sine blanc mat et un miroir rond. Il est \u00e9galement possible de combiner une colonne suspendue.\" \/>\n<meta property=\"og:url\" content=\"https:\/\/www.bagnoitalia.com\/fr\/produit\/ariete-60-or-70-cm-wall-mounted-bathroom-unit-2-drawers-with-washbasin-top-and-mirror.html\" \/>\n<meta property=\"og:site_name\" content=\"Bagno Italia\" \/>\n<meta property=\"article:modified_time\" content=\"2025-03-19T14:35:24+00:00\" \/>\n<meta property=\"og:image\" content=\"https:\/\/img.bagnoitalia.com\/wp-content\/uploads\/1-235.webp\" \/>\n\t<meta property=\"og:image:width\" content=\"1000\" \/>\n\t<meta property=\"og:image:height\" content=\"1000\" \/>\n\t<meta property=\"og:image:type\" content=\"image\/webp\" \/>\n<meta name=\"twitter:card\" content=\"summary_large_image\" \/>\n<meta name=\"twitter:label1\" content=\"Dur\u00e9e de lecture estim\u00e9e\" \/>\n\t<meta name=\"twitter:data1\" content=\"1 minute\" \/>\n<script type=\"application\/ld+json\" class=\"yoast-schema-graph\">{\"@context\":\"https:\/\/schema.org\",\"@graph\":[{\"@type\":\"WebPage\",\"@id\":\"https:\/\/www.bagnoitalia.com\/fr\/produit\/ariete-60-or-70-cm-wall-mounted-bathroom-unit-2-drawers-with-washbasin-top-and-mirror.html\",\"url\":\"https:\/\/www.bagnoitalia.com\/fr\/produit\/ariete-60-or-70-cm-wall-mounted-bathroom-unit-2-drawers-with-washbasin-top-and-mirror.html\",\"name\":\"Ariete 60 ou 70 cm meuble de salle de bain mural 2 tiroirs avec plan vasque et miroir - Bagno Italia\",\"isPartOf\":{\"@id\":\"https:\/\/www.bagnoitalia.com\/fr#website\"},\"primaryImageOfPage\":{\"@id\":\"https:\/\/www.bagnoitalia.com\/fr\/produit\/ariete-60-or-70-cm-wall-mounted-bathroom-unit-2-drawers-with-washbasin-top-and-mirror.html#primaryimage\"},\"image\":{\"@id\":\"https:\/\/www.bagnoitalia.com\/fr\/produit\/ariete-60-or-70-cm-wall-mounted-bathroom-unit-2-drawers-with-washbasin-top-and-mirror.html#primaryimage\"},\"thumbnailUrl\":\"https:\/\/img.bagnoitalia.com\/wp-content\/uploads\/1-235.webp\",\"datePublished\":\"2025-03-18T15:34:07+00:00\",\"dateModified\":\"2025-03-19T14:35:24+00:00\",\"breadcrumb\":{\"@id\":\"https:\/\/www.bagnoitalia.com\/fr\/produit\/ariete-60-or-70-cm-wall-mounted-bathroom-unit-2-drawers-with-washbasin-top-and-mirror.html#breadcrumb\"},\"inLanguage\":\"fr-FR\",\"potentialAction\":[{\"@type\":\"ReadAction\",\"target\":[\"https:\/\/www.bagnoitalia.com\/fr\/produit\/ariete-60-or-70-cm-wall-mounted-bathroom-unit-2-drawers-with-washbasin-top-and-mirror.html\"]}]},{\"@type\":\"ImageObject\",\"inLanguage\":\"fr-FR\",\"@id\":\"https:\/\/www.bagnoitalia.com\/fr\/produit\/ariete-60-or-70-cm-wall-mounted-bathroom-unit-2-drawers-with-washbasin-top-and-mirror.html#primaryimage\",\"url\":\"https:\/\/img.bagnoitalia.com\/wp-content\/uploads\/1-235.webp\",\"contentUrl\":\"https:\/\/img.bagnoitalia.com\/wp-content\/uploads\/1-235.webp\",\"width\":1000,\"height\":1000},{\"@type\":\"BreadcrumbList\",\"@id\":\"https:\/\/www.bagnoitalia.com\/fr\/produit\/ariete-60-or-70-cm-wall-mounted-bathroom-unit-2-drawers-with-washbasin-top-and-mirror.html#breadcrumb\",\"itemListElement\":[{\"@type\":\"ListItem\",\"position\":1,\"name\":\"Home\",\"item\":\"https:\/\/www.bagnoitalia.com\/fr\"},{\"@type\":\"ListItem\",\"position\":2,\"name\":\"Produits\",\"item\":\"https:\/\/www.bagnoitalia.com\/fr\/shop\"},{\"@type\":\"ListItem\",\"position\":3,\"name\":\"Ariete 60 ou 70 cm meuble de salle de bain mural 2 tiroirs avec plan vasque et miroir\"}]},{\"@type\":\"WebSite\",\"@id\":\"https:\/\/www.bagnoitalia.com\/fr#website\",\"url\":\"https:\/\/www.bagnoitalia.com\/fr\",\"name\":\"Bagno Italia\",\"description\":\"\",\"publisher\":{\"@id\":\"https:\/\/www.bagnoitalia.com\/fr#organization\"},\"potentialAction\":[{\"@type\":\"SearchAction\",\"target\":{\"@type\":\"EntryPoint\",\"urlTemplate\":\"https:\/\/www.bagnoitalia.com\/fr?s={search_term_string}\"},\"query-input\":{\"@type\":\"PropertyValueSpecification\",\"valueRequired\":true,\"valueName\":\"search_term_string\"}}],\"inLanguage\":\"fr-FR\"},{\"@type\":\"Organization\",\"@id\":\"https:\/\/www.bagnoitalia.com\/fr#organization\",\"name\":\"Bagno Italia\",\"url\":\"https:\/\/www.bagnoitalia.com\/fr\",\"logo\":{\"@type\":\"ImageObject\",\"inLanguage\":\"fr-FR\",\"@id\":\"https:\/\/www.bagnoitalia.com\/fr#\/schema\/logo\/image\/\",\"url\":\"https:\/\/img.bagnoitalia.com\/wp-content\/uploads\/logo-bagnoitalia.webp\",\"contentUrl\":\"https:\/\/img.bagnoitalia.com\/wp-content\/uploads\/logo-bagnoitalia.webp\",\"width\":400,\"height\":70,\"caption\":\"Bagno Italia\"},\"image\":{\"@id\":\"https:\/\/www.bagnoitalia.com\/fr#\/schema\/logo\/image\/\"}}]}<\/script>\n<!-- \/ Yoast SEO plugin. -->","yoast_head_json":{"title":"Ariete 60 ou 70 cm meuble de salle de bain mural 2 tiroirs avec plan vasque et miroir - Bagno Italia","robots":{"index":"index","follow":"follow","max-snippet":"max-snippet:-1","max-image-preview":"max-image-preview:large","max-video-preview":"max-video-preview:-1"},"canonical":"https:\/\/www.bagnoitalia.com\/fr\/produit\/ariete-60-or-70-cm-wall-mounted-bathroom-unit-2-drawers-with-washbasin-top-and-mirror.html","og_locale":"fr_FR","og_type":"article","og_title":"Ariete 60 ou 70 cm meuble de salle de bain mural 2 tiroirs avec plan vasque et miroir - Bagno Italia","og_description":"Meuble moderne pour installation suspendue, compos\u00e9 de 2 tiroirs, disponible en 2 tailles. La base est disponible en diff\u00e9rentes couleurs : blanc, noir, bleu, ch\u00eane, noyer. Le prix comprend un lavabo en r\u00e9sine blanc mat et un miroir rond. Il est \u00e9galement possible de combiner une colonne suspendue.","og_url":"https:\/\/www.bagnoitalia.com\/fr\/produit\/ariete-60-or-70-cm-wall-mounted-bathroom-unit-2-drawers-with-washbasin-top-and-mirror.html","og_site_name":"Bagno Italia","article_modified_time":"2025-03-19T14:35:24+00:00","og_image":[{"width":1000,"height":1000,"url":"https:\/\/img.bagnoitalia.com\/wp-content\/uploads\/1-235.webp","type":"image\/webp"}],"twitter_card":"summary_large_image","twitter_misc":{"Dur\u00e9e de lecture estim\u00e9e":"1 minute"},"schema":{"@context":"https:\/\/schema.org","@graph":[{"@type":"WebPage","@id":"https:\/\/www.bagnoitalia.com\/fr\/produit\/ariete-60-or-70-cm-wall-mounted-bathroom-unit-2-drawers-with-washbasin-top-and-mirror.html","url":"https:\/\/www.bagnoitalia.com\/fr\/produit\/ariete-60-or-70-cm-wall-mounted-bathroom-unit-2-drawers-with-washbasin-top-and-mirror.html","name":"Ariete 60 ou 70 cm meuble de salle de bain mural 2 tiroirs avec plan vasque et miroir - Bagno Italia","isPartOf":{"@id":"https:\/\/www.bagnoitalia.com\/fr#website"},"primaryImageOfPage":{"@id":"https:\/\/www.bagnoitalia.com\/fr\/produit\/ariete-60-or-70-cm-wall-mounted-bathroom-unit-2-drawers-with-washbasin-top-and-mirror.html#primaryimage"},"image":{"@id":"https:\/\/www.bagnoitalia.com\/fr\/produit\/ariete-60-or-70-cm-wall-mounted-bathroom-unit-2-drawers-with-washbasin-top-and-mirror.html#primaryimage"},"thumbnailUrl":"https:\/\/img.bagnoitalia.com\/wp-content\/uploads\/1-235.webp","datePublished":"2025-03-18T15:34:07+00:00","dateModified":"2025-03-19T14:35:24+00:00","breadcrumb":{"@id":"https:\/\/www.bagnoitalia.com\/fr\/produit\/ariete-60-or-70-cm-wall-mounted-bathroom-unit-2-drawers-with-washbasin-top-and-mirror.html#breadcrumb"},"inLanguage":"fr-FR","potentialAction":[{"@type":"ReadAction","target":["https:\/\/www.bagnoitalia.com\/fr\/produit\/ariete-60-or-70-cm-wall-mounted-bathroom-unit-2-drawers-with-washbasin-top-and-mirror.html"]}]},{"@type":"ImageObject","inLanguage":"fr-FR","@id":"https:\/\/www.bagnoitalia.com\/fr\/produit\/ariete-60-or-70-cm-wall-mounted-bathroom-unit-2-drawers-with-washbasin-top-and-mirror.html#primaryimage","url":"https:\/\/img.bagnoitalia.com\/wp-content\/uploads\/1-235.webp","contentUrl":"https:\/\/img.bagnoitalia.com\/wp-content\/uploads\/1-235.webp","width":1000,"height":1000},{"@type":"BreadcrumbList","@id":"https:\/\/www.bagnoitalia.com\/fr\/produit\/ariete-60-or-70-cm-wall-mounted-bathroom-unit-2-drawers-with-washbasin-top-and-mirror.html#breadcrumb","itemListElement":[{"@type":"ListItem","position":1,"name":"Home","item":"https:\/\/www.bagnoitalia.com\/fr"},{"@type":"ListItem","position":2,"name":"Produits","item":"https:\/\/www.bagnoitalia.com\/fr\/shop"},{"@type":"ListItem","position":3,"name":"Ariete 60 ou 70 cm meuble de salle de bain mural 2 tiroirs avec plan vasque et miroir"}]},{"@type":"WebSite","@id":"https:\/\/www.bagnoitalia.com\/fr#website","url":"https:\/\/www.bagnoitalia.com\/fr","name":"Bagno Italia","description":"","publisher":{"@id":"https:\/\/www.bagnoitalia.com\/fr#organization"},"potentialAction":[{"@type":"SearchAction","target":{"@type":"EntryPoint","urlTemplate":"https:\/\/www.bagnoitalia.com\/fr?s={search_term_string}"},"query-input":{"@type":"PropertyValueSpecification","valueRequired":true,"valueName":"search_term_string"}}],"inLanguage":"fr-FR"},{"@type":"Organization","@id":"https:\/\/www.bagnoitalia.com\/fr#organization","name":"Bagno Italia","url":"https:\/\/www.bagnoitalia.com\/fr","logo":{"@type":"ImageObject","inLanguage":"fr-FR","@id":"https:\/\/www.bagnoitalia.com\/fr#\/schema\/logo\/image\/","url":"https:\/\/img.bagnoitalia.com\/wp-content\/uploads\/logo-bagnoitalia.webp","contentUrl":"https:\/\/img.bagnoitalia.com\/wp-content\/uploads\/logo-bagnoitalia.webp","width":400,"height":70,"caption":"Bagno Italia"},"image":{"@id":"https:\/\/www.bagnoitalia.com\/fr#\/schema\/logo\/image\/"}}]}},"_links":{"self":[{"href":"https:\/\/www.bagnoitalia.com\/fr\/wp-json\/wp\/v2\/product\/104359","targetHints":{"allow":["GET"]}}],"collection":[{"href":"https:\/\/www.bagnoitalia.com\/fr\/wp-json\/wp\/v2\/product"}],"about":[{"href":"https:\/\/www.bagnoitalia.com\/fr\/wp-json\/wp\/v2\/types\/product"}],"replies":[{"embeddable":true,"href":"https:\/\/www.bagnoitalia.com\/fr\/wp-json\/wp\/v2\/comments?post=104359"}],"version-history":[{"count":3,"href":"https:\/\/www.bagnoitalia.com\/fr\/wp-json\/wp\/v2\/product\/104359\/revisions"}],"predecessor-version":[{"id":104456,"href":"https:\/\/www.bagnoitalia.com\/fr\/wp-json\/wp\/v2\/product\/104359\/revisions\/104456"}],"wp:featuredmedia":[{"embeddable":true,"href":"https:\/\/www.bagnoitalia.com\/fr\/wp-json\/wp\/v2\/media\/104303"}],"wp:attachment":[{"href":"https:\/\/www.bagnoitalia.com\/fr\/wp-json\/wp\/v2\/media?parent=104359"}],"wp:term":[{"taxonomy":"product_brand","embeddable":true,"href":"https:\/\/www.bagnoitalia.com\/fr\/wp-json\/wp\/v2\/product_brand?post=104359"},{"taxonomy":"product_cat","embeddable":true,"href":"https:\/\/www.bagnoitalia.com\/fr\/wp-json\/wp\/v2\/product_cat?post=104359"},{"taxonomy":"product_tag","embeddable":true,"href":"https:\/\/www.bagnoitalia.com\/fr\/wp-json\/wp\/v2\/product_tag?post=104359"}],"curies":[{"name":"wp","href":"https:\/\/api.w.org\/{rel}","templated":true}]}}