{"id":104291,"date":"2025-03-18T16:06:36","date_gmt":"2025-03-18T15:06:36","guid":{"rendered":"https:\/\/www.bagnoitalia.com\/naomi3-bathroom-furniture-60-80-100-or-120-cm-oak-or-walnut-with-black-washbasin-mirror-included.html"},"modified":"2025-12-19T11:23:07","modified_gmt":"2025-12-19T10:23:07","slug":"naomi3-bathroom-furniture-60-80-100-or-120-cm-oak-or-walnut-with-black-washbasin-mirror-included","status":"publish","type":"product","link":"https:\/\/www.bagnoitalia.com\/fr\/produit\/naomi3-bathroom-furniture-60-80-100-or-120-cm-oak-or-walnut-with-black-washbasin-mirror-included.html","title":{"rendered":"Naomi3 meuble de salle de bain 60, 80, 100 ou 120 cm ch\u00eane ou noyer avec vasque noire miroir inclus"},"content":{"rendered":"<p>Armoire de toilette NAOMI3&prime; avec vasque noire<\/p>\n<p>&nbsp;<\/p>\n<p>&nbsp;<\/p>\n<p>&nbsp;<\/p>\n<p>&nbsp;<\/p>\n<p>TYPOLOGIE<\/p>\n<p>Dimensions disponibles :<\/p>\n<p>60 cm avec un lavabo, deux tiroirs et miroir 60&#215;75 cm<br \/>\n80 cm avec un lavabo, deux tiroirs et un miroir 70&#215;80 cm<br \/>\n100 cm avec un lavabo, deux tiroirs et miroir 70&#215;100 cm<br \/>\n120 cm avec double lavabo, quatre tiroirs et miroir 70&#215;110 cm<\/p>\n<p>Couleurs disponibles :<\/p>\n<p>ch\u00eane<br \/>\nnoyer<\/p>\n<p>S\u00c9LECTIONNEZ LA TAILLE ET LA COULEUR DANS LE MENU D\u00c9ROULANT CI-DESSUS<\/p>\n<p>&nbsp;<\/p>\n<p>CARACT\u00c9RISTIQUES<\/p>\n<p>Meuble de salle de bains moderne avec tiroirs<\/p>\n<p>Vasque en porcelaine noire mate<\/p>\n<p>avec trou de robinetterie<\/p>\n<p>avec trou de trop-plein<\/p>\n<p>Miroir rectangulaire r\u00e9versible en filolucido<\/p>\n<p>Base en bois plaqu\u00e9<\/p>\n<p>Installation suspendue<\/p>\n<p>Ouverture du tiroir : rainure<\/p>\n<p>Fermeture du tiroir : soft-close<\/p>\n<p>Profondeur : 46 cm<\/p>\n<p>Hauteur : cm 54<\/p>\n<p>&nbsp;<\/p>\n<p>NB : robinets, bonde et vidange NON inclus dans le prix<\/p>\n<p>&nbsp;<\/p>\n<p>En utilisant le menu d\u00e9roulant, il est \u00e9galement possible d&rsquo;ajouter l&rsquo;applique LED (chrom\u00e9e ou noire) et la colonne suspendue assortie de 30xD24xH140 cm.<\/p>\n<p>&nbsp;<\/p>\n<p>&nbsp;<\/p>\n<p>&nbsp;<\/p>\n<p>&nbsp;<\/p>\n<p>&nbsp;<\/p>\n<p>&nbsp;<\/p>\n<p>&nbsp;<\/p>\n<p>&nbsp;<\/p>\n<p>&nbsp;<\/p>\n<p>&nbsp;<\/p>\n<p>&nbsp;<\/p>\n<p>&nbsp;<\/p>\n<p>&nbsp;<\/p>\n<p>&nbsp;<\/p>\n<p>&nbsp;<\/p>\n<p>&nbsp;<\/p>\n<p>&nbsp;<\/p>\n<p>&nbsp;<\/p>\n<p>&nbsp;<\/p>\n<p>Anami<\/p>\n<p>&nbsp;<\/p>\n<p>&nbsp;<\/p>\n","protected":false},"excerpt":{"rendered":"<p>Meuble moderne pour installation suspendue, dot\u00e9 d&rsquo;un lavabo noir mat. Disponible en diff\u00e9rentes tailles, \u00e9galement en double lavabo. Base en deux couleurs au choix : ch\u00eane ou noyer. Le miroir est inclus dans le prix.<\/p>\n","protected":false},"featured_media":104191,"comment_status":"open","ping_status":"closed","template":"","meta":[],"product_brand":[9882],"product_cat":[9715,9719,9703],"product_tag":[],"class_list":{"0":"post-104291","1":"product","2":"type-product","3":"status-publish","4":"has-post-thumbnail","6":"product_brand-deghi-fr","7":"product_cat-meubles-de-salle-de-bain-de-40-a-70-cm","8":"product_cat-meubles-de-salle-de-bain-de-71-a-100-cm","9":"product_cat-meuble-de-salle-de-bain-avec-double-vasque","11":"first","12":"instock","13":"sale","14":"taxable","15":"shipping-taxable","16":"purchasable","17":"product-type-simple"},"exclude_global_add_ons":false,"addons":[{"name":"Type","type":"multiple_choice","position":0,"required":false,"title_format":"label","default":"","description_enable":false,"description":"","placeholder_enable":false,"placeholder":"","display":"select","restrictions_type":"any_text","adjust_price":false,"price":"","price_type":"flat_fee","restrictions":false,"min":"0","max":"0","options":[{"label":"(Pas disponible) 60 cm ch\u00eane","price":"","price_type":"flat_fee","image":0,"visibility":true},{"label":"(Pas disponible) 60 cm noyer","price":"","price_type":"flat_fee","image":0,"visibility":true},{"label":"80 cm ch\u00eane","price":"90","price_type":"flat_fee","image":0,"visibility":true},{"label":"80 cm noyer","price":"90","price_type":"flat_fee","image":0,"visibility":true},{"label":"100 cm ch\u00eane","price":"170","price_type":"flat_fee","image":0,"visibility":true},{"label":"100 cm noyer","price":"170","price_type":"flat_fee","image":0,"visibility":true},{"label":"(Pas disponible) 120 cm ch\u00eane - double vasque","price":"530","price_type":"flat_fee","image":0,"visibility":true},{"label":"(Pas disponible) 120 cm noyer - double vasque","price":"530","price_type":"flat_fee","image":0,"visibility":true}],"id":1742313997},{"name":"Colonne","type":"multiple_choice","position":1,"required":false,"title_format":"label","default":"","description_enable":false,"description":"","placeholder_enable":false,"placeholder":"","display":"select","restrictions_type":"any_text","adjust_price":false,"price":"","price_type":"flat_fee","restrictions":false,"min":"0","max":"0","options":[{"label":"Non","price":"","price_type":"flat_fee","image":0,"visibility":true},{"label":"1 Colonne 30xP24xH140 cm","price":"319","price_type":"flat_fee","image":0,"visibility":true}],"id":1742313998},{"name":"Applique","type":"multiple_choice","position":2,"required":false,"title_format":"label","default":"","description_enable":false,"description":"","placeholder_enable":false,"placeholder":"","display":"select","restrictions_type":"any_text","adjust_price":false,"price":"","price_type":"flat_fee","restrictions":false,"min":"0","max":"0","options":[{"label":"non","price":"","price_type":"flat_fee","image":0,"visibility":true},{"label":"Spot \u00e0 led chrom\u00e9","price":"20","price_type":"flat_fee","image":0,"visibility":true},{"label":"Spot \u00e0 led noir mat","price":"25","price_type":"flat_fee","image":0,"visibility":true}],"id":1742313999}],"yoast_head":"<!-- This site is optimized with the Yoast SEO plugin v26.7 - https:\/\/yoast.com\/wordpress\/plugins\/seo\/ -->\n<title>Naomi3 meuble de salle de bain 60, 80, 100 ou 120 cm ch\u00eane ou noyer avec vasque noire miroir inclus - Bagno Italia<\/title>\n<meta name=\"robots\" content=\"index, follow, max-snippet:-1, max-image-preview:large, max-video-preview:-1\" \/>\n<link rel=\"canonical\" href=\"https:\/\/www.bagnoitalia.com\/fr\/produit\/naomi3-bathroom-furniture-60-80-100-or-120-cm-oak-or-walnut-with-black-washbasin-mirror-included.html\" \/>\n<meta property=\"og:locale\" content=\"fr_FR\" \/>\n<meta property=\"og:type\" content=\"article\" \/>\n<meta property=\"og:title\" content=\"Naomi3 meuble de salle de bain 60, 80, 100 ou 120 cm ch\u00eane ou noyer avec vasque noire miroir inclus - Bagno Italia\" \/>\n<meta property=\"og:description\" content=\"Meuble moderne pour installation suspendue, dot\u00e9 d&#039;un lavabo noir mat. Disponible en diff\u00e9rentes tailles, \u00e9galement en double lavabo. Base en deux couleurs au choix : ch\u00eane ou noyer. Le miroir est inclus dans le prix.\" \/>\n<meta property=\"og:url\" content=\"https:\/\/www.bagnoitalia.com\/fr\/produit\/naomi3-bathroom-furniture-60-80-100-or-120-cm-oak-or-walnut-with-black-washbasin-mirror-included.html\" \/>\n<meta property=\"og:site_name\" content=\"Bagno Italia\" \/>\n<meta property=\"article:modified_time\" content=\"2025-12-19T10:23:07+00:00\" \/>\n<meta property=\"og:image\" content=\"https:\/\/img.bagnoitalia.com\/wp-content\/uploads\/1-234.webp\" \/>\n\t<meta property=\"og:image:width\" content=\"1000\" \/>\n\t<meta property=\"og:image:height\" content=\"1000\" \/>\n\t<meta property=\"og:image:type\" content=\"image\/webp\" \/>\n<meta name=\"twitter:card\" content=\"summary_large_image\" \/>\n<meta name=\"twitter:label1\" content=\"Dur\u00e9e de lecture estim\u00e9e\" \/>\n\t<meta name=\"twitter:data1\" content=\"1 minute\" \/>\n<script type=\"application\/ld+json\" class=\"yoast-schema-graph\">{\"@context\":\"https:\/\/schema.org\",\"@graph\":[{\"@type\":\"WebPage\",\"@id\":\"https:\/\/www.bagnoitalia.com\/fr\/produit\/naomi3-bathroom-furniture-60-80-100-or-120-cm-oak-or-walnut-with-black-washbasin-mirror-included.html\",\"url\":\"https:\/\/www.bagnoitalia.com\/fr\/produit\/naomi3-bathroom-furniture-60-80-100-or-120-cm-oak-or-walnut-with-black-washbasin-mirror-included.html\",\"name\":\"Naomi3 meuble de salle de bain 60, 80, 100 ou 120 cm ch\u00eane ou noyer avec vasque noire miroir inclus - Bagno Italia\",\"isPartOf\":{\"@id\":\"https:\/\/www.bagnoitalia.com\/fr#website\"},\"primaryImageOfPage\":{\"@id\":\"https:\/\/www.bagnoitalia.com\/fr\/produit\/naomi3-bathroom-furniture-60-80-100-or-120-cm-oak-or-walnut-with-black-washbasin-mirror-included.html#primaryimage\"},\"image\":{\"@id\":\"https:\/\/www.bagnoitalia.com\/fr\/produit\/naomi3-bathroom-furniture-60-80-100-or-120-cm-oak-or-walnut-with-black-washbasin-mirror-included.html#primaryimage\"},\"thumbnailUrl\":\"https:\/\/img.bagnoitalia.com\/wp-content\/uploads\/1-234.webp\",\"datePublished\":\"2025-03-18T15:06:36+00:00\",\"dateModified\":\"2025-12-19T10:23:07+00:00\",\"breadcrumb\":{\"@id\":\"https:\/\/www.bagnoitalia.com\/fr\/produit\/naomi3-bathroom-furniture-60-80-100-or-120-cm-oak-or-walnut-with-black-washbasin-mirror-included.html#breadcrumb\"},\"inLanguage\":\"fr-FR\",\"potentialAction\":[{\"@type\":\"ReadAction\",\"target\":[\"https:\/\/www.bagnoitalia.com\/fr\/produit\/naomi3-bathroom-furniture-60-80-100-or-120-cm-oak-or-walnut-with-black-washbasin-mirror-included.html\"]}]},{\"@type\":\"ImageObject\",\"inLanguage\":\"fr-FR\",\"@id\":\"https:\/\/www.bagnoitalia.com\/fr\/produit\/naomi3-bathroom-furniture-60-80-100-or-120-cm-oak-or-walnut-with-black-washbasin-mirror-included.html#primaryimage\",\"url\":\"https:\/\/img.bagnoitalia.com\/wp-content\/uploads\/1-234.webp\",\"contentUrl\":\"https:\/\/img.bagnoitalia.com\/wp-content\/uploads\/1-234.webp\",\"width\":1000,\"height\":1000},{\"@type\":\"BreadcrumbList\",\"@id\":\"https:\/\/www.bagnoitalia.com\/fr\/produit\/naomi3-bathroom-furniture-60-80-100-or-120-cm-oak-or-walnut-with-black-washbasin-mirror-included.html#breadcrumb\",\"itemListElement\":[{\"@type\":\"ListItem\",\"position\":1,\"name\":\"Home\",\"item\":\"https:\/\/www.bagnoitalia.com\/fr\"},{\"@type\":\"ListItem\",\"position\":2,\"name\":\"Produits\",\"item\":\"https:\/\/www.bagnoitalia.com\/fr\/shop\"},{\"@type\":\"ListItem\",\"position\":3,\"name\":\"Naomi3 meuble de salle de bain 60, 80, 100 ou 120 cm ch\u00eane ou noyer avec vasque noire miroir inclus\"}]},{\"@type\":\"WebSite\",\"@id\":\"https:\/\/www.bagnoitalia.com\/fr#website\",\"url\":\"https:\/\/www.bagnoitalia.com\/fr\",\"name\":\"Bagno Italia\",\"description\":\"\",\"publisher\":{\"@id\":\"https:\/\/www.bagnoitalia.com\/fr#organization\"},\"potentialAction\":[{\"@type\":\"SearchAction\",\"target\":{\"@type\":\"EntryPoint\",\"urlTemplate\":\"https:\/\/www.bagnoitalia.com\/fr?s={search_term_string}\"},\"query-input\":{\"@type\":\"PropertyValueSpecification\",\"valueRequired\":true,\"valueName\":\"search_term_string\"}}],\"inLanguage\":\"fr-FR\"},{\"@type\":\"Organization\",\"@id\":\"https:\/\/www.bagnoitalia.com\/fr#organization\",\"name\":\"Bagno Italia\",\"url\":\"https:\/\/www.bagnoitalia.com\/fr\",\"logo\":{\"@type\":\"ImageObject\",\"inLanguage\":\"fr-FR\",\"@id\":\"https:\/\/www.bagnoitalia.com\/fr#\/schema\/logo\/image\/\",\"url\":\"https:\/\/img.bagnoitalia.com\/wp-content\/uploads\/logo-bagnoitalia.webp\",\"contentUrl\":\"https:\/\/img.bagnoitalia.com\/wp-content\/uploads\/logo-bagnoitalia.webp\",\"width\":400,\"height\":70,\"caption\":\"Bagno Italia\"},\"image\":{\"@id\":\"https:\/\/www.bagnoitalia.com\/fr#\/schema\/logo\/image\/\"}}]}<\/script>\n<!-- \/ Yoast SEO plugin. -->","yoast_head_json":{"title":"Naomi3 meuble de salle de bain 60, 80, 100 ou 120 cm ch\u00eane ou noyer avec vasque noire miroir inclus - Bagno Italia","robots":{"index":"index","follow":"follow","max-snippet":"max-snippet:-1","max-image-preview":"max-image-preview:large","max-video-preview":"max-video-preview:-1"},"canonical":"https:\/\/www.bagnoitalia.com\/fr\/produit\/naomi3-bathroom-furniture-60-80-100-or-120-cm-oak-or-walnut-with-black-washbasin-mirror-included.html","og_locale":"fr_FR","og_type":"article","og_title":"Naomi3 meuble de salle de bain 60, 80, 100 ou 120 cm ch\u00eane ou noyer avec vasque noire miroir inclus - Bagno Italia","og_description":"Meuble moderne pour installation suspendue, dot\u00e9 d'un lavabo noir mat. Disponible en diff\u00e9rentes tailles, \u00e9galement en double lavabo. Base en deux couleurs au choix : ch\u00eane ou noyer. Le miroir est inclus dans le prix.","og_url":"https:\/\/www.bagnoitalia.com\/fr\/produit\/naomi3-bathroom-furniture-60-80-100-or-120-cm-oak-or-walnut-with-black-washbasin-mirror-included.html","og_site_name":"Bagno Italia","article_modified_time":"2025-12-19T10:23:07+00:00","og_image":[{"width":1000,"height":1000,"url":"https:\/\/img.bagnoitalia.com\/wp-content\/uploads\/1-234.webp","type":"image\/webp"}],"twitter_card":"summary_large_image","twitter_misc":{"Dur\u00e9e de lecture estim\u00e9e":"1 minute"},"schema":{"@context":"https:\/\/schema.org","@graph":[{"@type":"WebPage","@id":"https:\/\/www.bagnoitalia.com\/fr\/produit\/naomi3-bathroom-furniture-60-80-100-or-120-cm-oak-or-walnut-with-black-washbasin-mirror-included.html","url":"https:\/\/www.bagnoitalia.com\/fr\/produit\/naomi3-bathroom-furniture-60-80-100-or-120-cm-oak-or-walnut-with-black-washbasin-mirror-included.html","name":"Naomi3 meuble de salle de bain 60, 80, 100 ou 120 cm ch\u00eane ou noyer avec vasque noire miroir inclus - Bagno Italia","isPartOf":{"@id":"https:\/\/www.bagnoitalia.com\/fr#website"},"primaryImageOfPage":{"@id":"https:\/\/www.bagnoitalia.com\/fr\/produit\/naomi3-bathroom-furniture-60-80-100-or-120-cm-oak-or-walnut-with-black-washbasin-mirror-included.html#primaryimage"},"image":{"@id":"https:\/\/www.bagnoitalia.com\/fr\/produit\/naomi3-bathroom-furniture-60-80-100-or-120-cm-oak-or-walnut-with-black-washbasin-mirror-included.html#primaryimage"},"thumbnailUrl":"https:\/\/img.bagnoitalia.com\/wp-content\/uploads\/1-234.webp","datePublished":"2025-03-18T15:06:36+00:00","dateModified":"2025-12-19T10:23:07+00:00","breadcrumb":{"@id":"https:\/\/www.bagnoitalia.com\/fr\/produit\/naomi3-bathroom-furniture-60-80-100-or-120-cm-oak-or-walnut-with-black-washbasin-mirror-included.html#breadcrumb"},"inLanguage":"fr-FR","potentialAction":[{"@type":"ReadAction","target":["https:\/\/www.bagnoitalia.com\/fr\/produit\/naomi3-bathroom-furniture-60-80-100-or-120-cm-oak-or-walnut-with-black-washbasin-mirror-included.html"]}]},{"@type":"ImageObject","inLanguage":"fr-FR","@id":"https:\/\/www.bagnoitalia.com\/fr\/produit\/naomi3-bathroom-furniture-60-80-100-or-120-cm-oak-or-walnut-with-black-washbasin-mirror-included.html#primaryimage","url":"https:\/\/img.bagnoitalia.com\/wp-content\/uploads\/1-234.webp","contentUrl":"https:\/\/img.bagnoitalia.com\/wp-content\/uploads\/1-234.webp","width":1000,"height":1000},{"@type":"BreadcrumbList","@id":"https:\/\/www.bagnoitalia.com\/fr\/produit\/naomi3-bathroom-furniture-60-80-100-or-120-cm-oak-or-walnut-with-black-washbasin-mirror-included.html#breadcrumb","itemListElement":[{"@type":"ListItem","position":1,"name":"Home","item":"https:\/\/www.bagnoitalia.com\/fr"},{"@type":"ListItem","position":2,"name":"Produits","item":"https:\/\/www.bagnoitalia.com\/fr\/shop"},{"@type":"ListItem","position":3,"name":"Naomi3 meuble de salle de bain 60, 80, 100 ou 120 cm ch\u00eane ou noyer avec vasque noire miroir inclus"}]},{"@type":"WebSite","@id":"https:\/\/www.bagnoitalia.com\/fr#website","url":"https:\/\/www.bagnoitalia.com\/fr","name":"Bagno Italia","description":"","publisher":{"@id":"https:\/\/www.bagnoitalia.com\/fr#organization"},"potentialAction":[{"@type":"SearchAction","target":{"@type":"EntryPoint","urlTemplate":"https:\/\/www.bagnoitalia.com\/fr?s={search_term_string}"},"query-input":{"@type":"PropertyValueSpecification","valueRequired":true,"valueName":"search_term_string"}}],"inLanguage":"fr-FR"},{"@type":"Organization","@id":"https:\/\/www.bagnoitalia.com\/fr#organization","name":"Bagno Italia","url":"https:\/\/www.bagnoitalia.com\/fr","logo":{"@type":"ImageObject","inLanguage":"fr-FR","@id":"https:\/\/www.bagnoitalia.com\/fr#\/schema\/logo\/image\/","url":"https:\/\/img.bagnoitalia.com\/wp-content\/uploads\/logo-bagnoitalia.webp","contentUrl":"https:\/\/img.bagnoitalia.com\/wp-content\/uploads\/logo-bagnoitalia.webp","width":400,"height":70,"caption":"Bagno Italia"},"image":{"@id":"https:\/\/www.bagnoitalia.com\/fr#\/schema\/logo\/image\/"}}]}},"_links":{"self":[{"href":"https:\/\/www.bagnoitalia.com\/fr\/wp-json\/wp\/v2\/product\/104291","targetHints":{"allow":["GET"]}}],"collection":[{"href":"https:\/\/www.bagnoitalia.com\/fr\/wp-json\/wp\/v2\/product"}],"about":[{"href":"https:\/\/www.bagnoitalia.com\/fr\/wp-json\/wp\/v2\/types\/product"}],"replies":[{"embeddable":true,"href":"https:\/\/www.bagnoitalia.com\/fr\/wp-json\/wp\/v2\/comments?post=104291"}],"version-history":[{"count":3,"href":"https:\/\/www.bagnoitalia.com\/fr\/wp-json\/wp\/v2\/product\/104291\/revisions"}],"predecessor-version":[{"id":104452,"href":"https:\/\/www.bagnoitalia.com\/fr\/wp-json\/wp\/v2\/product\/104291\/revisions\/104452"}],"wp:featuredmedia":[{"embeddable":true,"href":"https:\/\/www.bagnoitalia.com\/fr\/wp-json\/wp\/v2\/media\/104191"}],"wp:attachment":[{"href":"https:\/\/www.bagnoitalia.com\/fr\/wp-json\/wp\/v2\/media?parent=104291"}],"wp:term":[{"taxonomy":"product_brand","embeddable":true,"href":"https:\/\/www.bagnoitalia.com\/fr\/wp-json\/wp\/v2\/product_brand?post=104291"},{"taxonomy":"product_cat","embeddable":true,"href":"https:\/\/www.bagnoitalia.com\/fr\/wp-json\/wp\/v2\/product_cat?post=104291"},{"taxonomy":"product_tag","embeddable":true,"href":"https:\/\/www.bagnoitalia.com\/fr\/wp-json\/wp\/v2\/product_tag?post=104291"}],"curies":[{"name":"wp","href":"https:\/\/api.w.org\/{rel}","templated":true}]}}