{"id":104013,"date":"2025-03-14T15:36:22","date_gmt":"2025-03-14T14:36:22","guid":{"rendered":"https:\/\/www.bagnoitalia.com\/freestanding-bathtub-170x80-cm-rectangular-white-modern-vs168.html"},"modified":"2025-03-14T15:39:08","modified_gmt":"2025-03-14T14:39:08","slug":"freestanding-bathtub-170x80-cm-rectangular-white-modern-vs168","status":"publish","type":"product","link":"https:\/\/www.bagnoitalia.com\/fr\/produit\/freestanding-bathtub-170x80-cm-rectangular-white-modern-vs168.html","title":{"rendered":"Baignoire autoportante 170&#215;80 cm rectangulaire blanc moderne VS168"},"content":{"rendered":"<p>&nbsp;<\/p>\n<p>170x80cm baignoire rectangulaire autoportante &lsquo;VS168<\/p>\n<p>&nbsp;<\/p>\n<p>&nbsp;<\/p>\n<p>&nbsp;<\/p>\n<p>&nbsp;<\/p>\n<p>CARACT\u00c9RISTIQUES PRINCIPALES DU PRODUIT<\/p>\n<p>&nbsp;<\/p>\n<p>Baignoire autoportante<\/p>\n<p>Forme : rectangulaire<\/p>\n<p>Dimensions : 170xD80xH58,5 cm : 170xD80xH58,5 cm<\/p>\n<p>Convient pour une installation au centre de la pi\u00e8ce<\/p>\n<p>Fabriqu\u00e9e en acrylique \u00e0 double paroi<\/p>\n<p>Couleur : blanc<\/p>\n<p>Complet avec vidange et trop-plein<\/p>\n<p>Capacit\u00e9 : 252 litres<\/p>\n<p>&nbsp;<\/p>\n<p>&nbsp;<\/p>\n<p>&nbsp;<\/p>\n<p>&nbsp;<\/p>\n<p>NB : la robinetterie n&rsquo;est pas incluse dans le prix, il est possible d&rsquo;ajouter un mitigeur de colonne parmi ceux propos\u00e9s dans le menu d\u00e9roulant ci-dessus.<\/p>\n<p>&nbsp;<\/p>\n<p>&nbsp;<\/p>\n<p>&nbsp;<\/p>\n<p>&nbsp;<\/p>\n<p>&nbsp;<\/p>\n<p>&nbsp;<\/p>\n<p>&nbsp;<\/p>\n<p>&nbsp;<\/p>\n<p>&nbsp;<\/p>\n<p>&nbsp;<\/p>\n<p>&nbsp;<\/p>\n<p>&nbsp;<\/p>\n<p>&nbsp;<\/p>\n<p>&nbsp;<\/p>\n<p>&nbsp;<\/p>\n<p>&nbsp;<\/p>\n<p>&nbsp;<\/p>\n<p>&nbsp;<\/p>\n<p>&nbsp;<\/p>\n<p>&nbsp;<\/p>\n<p>&nbsp;<\/p>\n<p>&nbsp;<\/p>\n<p>&nbsp;<\/p>\n<p>&nbsp;<\/p>\n<p>G9029<\/p>\n<p>&nbsp;<\/p>\n<p>&nbsp;<\/p>\n","protected":false},"excerpt":{"rendered":"<p>Baignoire rectangulaire, adapt\u00e9e \u00e0 une installation en \u00eelot. Fabriqu\u00e9e en acrylique blanc double couche. Il est \u00e9galement possible d&rsquo;ajouter une robinetterie \u00e0 colonne, disponible en diff\u00e9rents types.<\/p>\n","protected":false},"featured_media":103985,"comment_status":"open","ping_status":"closed","template":"","meta":[],"product_brand":[9942],"product_cat":[9839],"product_tag":[],"class_list":{"0":"post-104013","1":"product","2":"type-product","3":"status-publish","4":"has-post-thumbnail","6":"product_brand-sanotechnik-italia-fr","7":"product_cat-baignoires-a-poser","9":"first","10":"instock","11":"sale","12":"taxable","13":"shipping-taxable","14":"purchasable","15":"product-type-simple"},"exclude_global_add_ons":false,"addons":[{"name":"M\u00e9langeur","type":"multiple_choice","position":0,"required":false,"title_format":"label","default":"","description_enable":false,"description":"","placeholder_enable":false,"placeholder":"","display":"select","restrictions_type":"any_text","adjust_price":false,"price":"","price_type":"flat_fee","restrictions":false,"min":"0","max":"0","options":[{"label":"Non","price":"","price_type":"flat_fee","image":0,"visibility":true},{"label":"GL03","price":"279","price_type":"flat_fee","image":0,"visibility":true},{"label":"GL04 - noir mat","price":"319","price_type":"flat_fee","image":0,"visibility":true},{"label":"GL02","price":"279","price_type":"flat_fee","image":0,"visibility":true},{"label":"GL016","price":"279","price_type":"flat_fee","image":0,"visibility":true}],"id":1741966583}],"yoast_head":"<!-- This site is optimized with the Yoast SEO plugin v26.7 - https:\/\/yoast.com\/wordpress\/plugins\/seo\/ -->\n<title>Baignoire autoportante 170x80 cm rectangulaire blanc moderne VS168 - Bagno Italia<\/title>\n<meta name=\"robots\" content=\"index, follow, max-snippet:-1, max-image-preview:large, max-video-preview:-1\" \/>\n<link rel=\"canonical\" href=\"https:\/\/www.bagnoitalia.com\/fr\/produit\/freestanding-bathtub-170x80-cm-rectangular-white-modern-vs168.html\" \/>\n<meta property=\"og:locale\" content=\"fr_FR\" \/>\n<meta property=\"og:type\" content=\"article\" \/>\n<meta property=\"og:title\" content=\"Baignoire autoportante 170x80 cm rectangulaire blanc moderne VS168 - Bagno Italia\" \/>\n<meta property=\"og:description\" content=\"Baignoire rectangulaire, adapt\u00e9e \u00e0 une installation en \u00eelot. Fabriqu\u00e9e en acrylique blanc double couche. Il est \u00e9galement possible d&#039;ajouter une robinetterie \u00e0 colonne, disponible en diff\u00e9rents types.\" \/>\n<meta property=\"og:url\" content=\"https:\/\/www.bagnoitalia.com\/fr\/produit\/freestanding-bathtub-170x80-cm-rectangular-white-modern-vs168.html\" \/>\n<meta property=\"og:site_name\" content=\"Bagno Italia\" \/>\n<meta property=\"article:modified_time\" content=\"2025-03-14T14:39:08+00:00\" \/>\n<meta property=\"og:image\" content=\"https:\/\/img.bagnoitalia.com\/wp-content\/uploads\/1-231.webp\" \/>\n\t<meta property=\"og:image:width\" content=\"1000\" \/>\n\t<meta property=\"og:image:height\" content=\"1000\" \/>\n\t<meta property=\"og:image:type\" content=\"image\/webp\" \/>\n<meta name=\"twitter:card\" content=\"summary_large_image\" \/>\n<meta name=\"twitter:label1\" content=\"Dur\u00e9e de lecture estim\u00e9e\" \/>\n\t<meta name=\"twitter:data1\" content=\"1 minute\" \/>\n<script type=\"application\/ld+json\" class=\"yoast-schema-graph\">{\"@context\":\"https:\/\/schema.org\",\"@graph\":[{\"@type\":\"WebPage\",\"@id\":\"https:\/\/www.bagnoitalia.com\/fr\/produit\/freestanding-bathtub-170x80-cm-rectangular-white-modern-vs168.html\",\"url\":\"https:\/\/www.bagnoitalia.com\/fr\/produit\/freestanding-bathtub-170x80-cm-rectangular-white-modern-vs168.html\",\"name\":\"Baignoire autoportante 170x80 cm rectangulaire blanc moderne VS168 - Bagno Italia\",\"isPartOf\":{\"@id\":\"https:\/\/www.bagnoitalia.com\/fr#website\"},\"primaryImageOfPage\":{\"@id\":\"https:\/\/www.bagnoitalia.com\/fr\/produit\/freestanding-bathtub-170x80-cm-rectangular-white-modern-vs168.html#primaryimage\"},\"image\":{\"@id\":\"https:\/\/www.bagnoitalia.com\/fr\/produit\/freestanding-bathtub-170x80-cm-rectangular-white-modern-vs168.html#primaryimage\"},\"thumbnailUrl\":\"https:\/\/img.bagnoitalia.com\/wp-content\/uploads\/1-231.webp\",\"datePublished\":\"2025-03-14T14:36:22+00:00\",\"dateModified\":\"2025-03-14T14:39:08+00:00\",\"breadcrumb\":{\"@id\":\"https:\/\/www.bagnoitalia.com\/fr\/produit\/freestanding-bathtub-170x80-cm-rectangular-white-modern-vs168.html#breadcrumb\"},\"inLanguage\":\"fr-FR\",\"potentialAction\":[{\"@type\":\"ReadAction\",\"target\":[\"https:\/\/www.bagnoitalia.com\/fr\/produit\/freestanding-bathtub-170x80-cm-rectangular-white-modern-vs168.html\"]}]},{\"@type\":\"ImageObject\",\"inLanguage\":\"fr-FR\",\"@id\":\"https:\/\/www.bagnoitalia.com\/fr\/produit\/freestanding-bathtub-170x80-cm-rectangular-white-modern-vs168.html#primaryimage\",\"url\":\"https:\/\/img.bagnoitalia.com\/wp-content\/uploads\/1-231.webp\",\"contentUrl\":\"https:\/\/img.bagnoitalia.com\/wp-content\/uploads\/1-231.webp\",\"width\":1000,\"height\":1000},{\"@type\":\"BreadcrumbList\",\"@id\":\"https:\/\/www.bagnoitalia.com\/fr\/produit\/freestanding-bathtub-170x80-cm-rectangular-white-modern-vs168.html#breadcrumb\",\"itemListElement\":[{\"@type\":\"ListItem\",\"position\":1,\"name\":\"Home\",\"item\":\"https:\/\/www.bagnoitalia.com\/fr\"},{\"@type\":\"ListItem\",\"position\":2,\"name\":\"Produits\",\"item\":\"https:\/\/www.bagnoitalia.com\/fr\/shop\"},{\"@type\":\"ListItem\",\"position\":3,\"name\":\"Baignoire autoportante 170&#215;80 cm rectangulaire blanc moderne VS168\"}]},{\"@type\":\"WebSite\",\"@id\":\"https:\/\/www.bagnoitalia.com\/fr#website\",\"url\":\"https:\/\/www.bagnoitalia.com\/fr\",\"name\":\"Bagno Italia\",\"description\":\"\",\"publisher\":{\"@id\":\"https:\/\/www.bagnoitalia.com\/fr#organization\"},\"potentialAction\":[{\"@type\":\"SearchAction\",\"target\":{\"@type\":\"EntryPoint\",\"urlTemplate\":\"https:\/\/www.bagnoitalia.com\/fr?s={search_term_string}\"},\"query-input\":{\"@type\":\"PropertyValueSpecification\",\"valueRequired\":true,\"valueName\":\"search_term_string\"}}],\"inLanguage\":\"fr-FR\"},{\"@type\":\"Organization\",\"@id\":\"https:\/\/www.bagnoitalia.com\/fr#organization\",\"name\":\"Bagno Italia\",\"url\":\"https:\/\/www.bagnoitalia.com\/fr\",\"logo\":{\"@type\":\"ImageObject\",\"inLanguage\":\"fr-FR\",\"@id\":\"https:\/\/www.bagnoitalia.com\/fr#\/schema\/logo\/image\/\",\"url\":\"https:\/\/img.bagnoitalia.com\/wp-content\/uploads\/logo-bagnoitalia.webp\",\"contentUrl\":\"https:\/\/img.bagnoitalia.com\/wp-content\/uploads\/logo-bagnoitalia.webp\",\"width\":400,\"height\":70,\"caption\":\"Bagno Italia\"},\"image\":{\"@id\":\"https:\/\/www.bagnoitalia.com\/fr#\/schema\/logo\/image\/\"}}]}<\/script>\n<!-- \/ Yoast SEO plugin. -->","yoast_head_json":{"title":"Baignoire autoportante 170x80 cm rectangulaire blanc moderne VS168 - Bagno Italia","robots":{"index":"index","follow":"follow","max-snippet":"max-snippet:-1","max-image-preview":"max-image-preview:large","max-video-preview":"max-video-preview:-1"},"canonical":"https:\/\/www.bagnoitalia.com\/fr\/produit\/freestanding-bathtub-170x80-cm-rectangular-white-modern-vs168.html","og_locale":"fr_FR","og_type":"article","og_title":"Baignoire autoportante 170x80 cm rectangulaire blanc moderne VS168 - Bagno Italia","og_description":"Baignoire rectangulaire, adapt\u00e9e \u00e0 une installation en \u00eelot. Fabriqu\u00e9e en acrylique blanc double couche. Il est \u00e9galement possible d'ajouter une robinetterie \u00e0 colonne, disponible en diff\u00e9rents types.","og_url":"https:\/\/www.bagnoitalia.com\/fr\/produit\/freestanding-bathtub-170x80-cm-rectangular-white-modern-vs168.html","og_site_name":"Bagno Italia","article_modified_time":"2025-03-14T14:39:08+00:00","og_image":[{"width":1000,"height":1000,"url":"https:\/\/img.bagnoitalia.com\/wp-content\/uploads\/1-231.webp","type":"image\/webp"}],"twitter_card":"summary_large_image","twitter_misc":{"Dur\u00e9e de lecture estim\u00e9e":"1 minute"},"schema":{"@context":"https:\/\/schema.org","@graph":[{"@type":"WebPage","@id":"https:\/\/www.bagnoitalia.com\/fr\/produit\/freestanding-bathtub-170x80-cm-rectangular-white-modern-vs168.html","url":"https:\/\/www.bagnoitalia.com\/fr\/produit\/freestanding-bathtub-170x80-cm-rectangular-white-modern-vs168.html","name":"Baignoire autoportante 170x80 cm rectangulaire blanc moderne VS168 - Bagno Italia","isPartOf":{"@id":"https:\/\/www.bagnoitalia.com\/fr#website"},"primaryImageOfPage":{"@id":"https:\/\/www.bagnoitalia.com\/fr\/produit\/freestanding-bathtub-170x80-cm-rectangular-white-modern-vs168.html#primaryimage"},"image":{"@id":"https:\/\/www.bagnoitalia.com\/fr\/produit\/freestanding-bathtub-170x80-cm-rectangular-white-modern-vs168.html#primaryimage"},"thumbnailUrl":"https:\/\/img.bagnoitalia.com\/wp-content\/uploads\/1-231.webp","datePublished":"2025-03-14T14:36:22+00:00","dateModified":"2025-03-14T14:39:08+00:00","breadcrumb":{"@id":"https:\/\/www.bagnoitalia.com\/fr\/produit\/freestanding-bathtub-170x80-cm-rectangular-white-modern-vs168.html#breadcrumb"},"inLanguage":"fr-FR","potentialAction":[{"@type":"ReadAction","target":["https:\/\/www.bagnoitalia.com\/fr\/produit\/freestanding-bathtub-170x80-cm-rectangular-white-modern-vs168.html"]}]},{"@type":"ImageObject","inLanguage":"fr-FR","@id":"https:\/\/www.bagnoitalia.com\/fr\/produit\/freestanding-bathtub-170x80-cm-rectangular-white-modern-vs168.html#primaryimage","url":"https:\/\/img.bagnoitalia.com\/wp-content\/uploads\/1-231.webp","contentUrl":"https:\/\/img.bagnoitalia.com\/wp-content\/uploads\/1-231.webp","width":1000,"height":1000},{"@type":"BreadcrumbList","@id":"https:\/\/www.bagnoitalia.com\/fr\/produit\/freestanding-bathtub-170x80-cm-rectangular-white-modern-vs168.html#breadcrumb","itemListElement":[{"@type":"ListItem","position":1,"name":"Home","item":"https:\/\/www.bagnoitalia.com\/fr"},{"@type":"ListItem","position":2,"name":"Produits","item":"https:\/\/www.bagnoitalia.com\/fr\/shop"},{"@type":"ListItem","position":3,"name":"Baignoire autoportante 170&#215;80 cm rectangulaire blanc moderne VS168"}]},{"@type":"WebSite","@id":"https:\/\/www.bagnoitalia.com\/fr#website","url":"https:\/\/www.bagnoitalia.com\/fr","name":"Bagno Italia","description":"","publisher":{"@id":"https:\/\/www.bagnoitalia.com\/fr#organization"},"potentialAction":[{"@type":"SearchAction","target":{"@type":"EntryPoint","urlTemplate":"https:\/\/www.bagnoitalia.com\/fr?s={search_term_string}"},"query-input":{"@type":"PropertyValueSpecification","valueRequired":true,"valueName":"search_term_string"}}],"inLanguage":"fr-FR"},{"@type":"Organization","@id":"https:\/\/www.bagnoitalia.com\/fr#organization","name":"Bagno Italia","url":"https:\/\/www.bagnoitalia.com\/fr","logo":{"@type":"ImageObject","inLanguage":"fr-FR","@id":"https:\/\/www.bagnoitalia.com\/fr#\/schema\/logo\/image\/","url":"https:\/\/img.bagnoitalia.com\/wp-content\/uploads\/logo-bagnoitalia.webp","contentUrl":"https:\/\/img.bagnoitalia.com\/wp-content\/uploads\/logo-bagnoitalia.webp","width":400,"height":70,"caption":"Bagno Italia"},"image":{"@id":"https:\/\/www.bagnoitalia.com\/fr#\/schema\/logo\/image\/"}}]}},"_links":{"self":[{"href":"https:\/\/www.bagnoitalia.com\/fr\/wp-json\/wp\/v2\/product\/104013","targetHints":{"allow":["GET"]}}],"collection":[{"href":"https:\/\/www.bagnoitalia.com\/fr\/wp-json\/wp\/v2\/product"}],"about":[{"href":"https:\/\/www.bagnoitalia.com\/fr\/wp-json\/wp\/v2\/types\/product"}],"replies":[{"embeddable":true,"href":"https:\/\/www.bagnoitalia.com\/fr\/wp-json\/wp\/v2\/comments?post=104013"}],"version-history":[{"count":1,"href":"https:\/\/www.bagnoitalia.com\/fr\/wp-json\/wp\/v2\/product\/104013\/revisions"}],"predecessor-version":[{"id":104018,"href":"https:\/\/www.bagnoitalia.com\/fr\/wp-json\/wp\/v2\/product\/104013\/revisions\/104018"}],"wp:featuredmedia":[{"embeddable":true,"href":"https:\/\/www.bagnoitalia.com\/fr\/wp-json\/wp\/v2\/media\/103985"}],"wp:attachment":[{"href":"https:\/\/www.bagnoitalia.com\/fr\/wp-json\/wp\/v2\/media?parent=104013"}],"wp:term":[{"taxonomy":"product_brand","embeddable":true,"href":"https:\/\/www.bagnoitalia.com\/fr\/wp-json\/wp\/v2\/product_brand?post=104013"},{"taxonomy":"product_cat","embeddable":true,"href":"https:\/\/www.bagnoitalia.com\/fr\/wp-json\/wp\/v2\/product_cat?post=104013"},{"taxonomy":"product_tag","embeddable":true,"href":"https:\/\/www.bagnoitalia.com\/fr\/wp-json\/wp\/v2\/product_tag?post=104013"}],"curies":[{"name":"wp","href":"https:\/\/api.w.org\/{rel}","templated":true}]}}