{"id":103770,"date":"2025-03-11T14:57:47","date_gmt":"2025-03-11T13:57:47","guid":{"rendered":"https:\/\/www.bagnoitalia.com\/whirlpool-tub-170x80-cm-30-air-and-water-jets-bluetooth-heater-and-led-vs163.html"},"modified":"2025-05-13T10:25:14","modified_gmt":"2025-05-13T08:25:14","slug":"whirlpool-tub-170x80-cm-30-air-and-water-jets-bluetooth-heater-and-led-vs163","status":"publish","type":"product","link":"https:\/\/www.bagnoitalia.com\/fr\/produit\/whirlpool-tub-170x80-cm-30-air-and-water-jets-bluetooth-heater-and-led-vs163.html","title":{"rendered":"Baignoire baln\u00e9o 170&#215;80 cm 30 jets d&rsquo;air et d&rsquo;eau bluetooth chauffage et Led VS163"},"content":{"rendered":"<p>Baignoire d&rsquo;hydromassage &lsquo;VS163&rsquo; 170x80cm compl\u00e8te en option<\/p>\n<p>&nbsp;<\/p>\n<p>&nbsp;<\/p>\n<p>&nbsp;<\/p>\n<p>&nbsp;<\/p>\n<p>CARACT\u00c9RISTIQUES<\/p>\n<p>Baignoire d&rsquo;hydromassage rectangulaire<\/p>\n<p>Dimensions : 170x80xH60 cm : 170x80xH60 cm<\/p>\n<p>n.30 jets totaux<\/p>\n<p>16 jets d&rsquo;eau<br \/>\n14 jets d&rsquo;air sur le fond de la baignoire, r\u00e9tro-\u00e9clair\u00e9s (AIR-LED)<\/p>\n<p>Connexion Bluetooth<\/p>\n<p>Ozonoth\u00e9rapie<\/p>\n<p>Chauffage thermostatique<\/p>\n<p>Chromoth\u00e9rapie (avec LED \u00e0 l&rsquo;int\u00e9rieur et \u00e0 l&rsquo;ext\u00e9rieur de la baignoire)<\/p>\n<p>Robinetterie<\/p>\n<p>Ecran de contr\u00f4le tactile LED<\/p>\n<p>Radio avec haut-parleurs surround<\/p>\n<p>2 coussins d&rsquo;appui-t\u00eate<\/p>\n<p>Cadre en acier<\/p>\n<p>Panneaux acryliques \u00e0 4 couches<\/p>\n<p>Paroi lat\u00e9rale en verre tremp\u00e9 de 8 mm<\/p>\n<p>Pompe \u00e0 eau de 1,5 CV<\/p>\n<p>Pompe \u00e0 air 0,25 Hp<\/p>\n<p>Sauveteur \u00e9lectrique inclus<\/p>\n<p>Tuyauterie renforc\u00e9e pour la circulation de l&rsquo;eau<\/p>\n<p>Contr\u00f4leur pour l&rsquo;eau chaude \/ froide<\/p>\n<p>&nbsp;<\/p>\n<p>&nbsp;<\/p>\n<p>&nbsp;<\/p>\n<p>&nbsp;<\/p>\n<p>&nbsp;<\/p>\n<p>&nbsp;<\/p>\n<p>&nbsp;<\/p>\n","protected":false},"excerpt":{"rendered":"<p>Baignoire baln\u00e9o compl\u00e8te \u00e9quip\u00e9e d&rsquo;un double bassin d&rsquo;air et d&rsquo;une pompe baln\u00e9o pour un total de 30 jets : 14 jets de fond, \u00e0 air, r\u00e9tro-\u00e9clair\u00e9s et 16 jets d&rsquo;eau. Ses fonctions incluent la connexion Bluetooth, la chromoth\u00e9rapie, le chauffage et l&rsquo;ozonoth\u00e9rapie.<\/p>\n","protected":false},"featured_media":103738,"comment_status":"open","ping_status":"closed","template":"","meta":[],"product_brand":[9924],"product_cat":[9707,9743],"product_tag":[],"class_list":{"0":"post-103770","1":"product","2":"type-product","3":"status-publish","4":"has-post-thumbnail","6":"product_brand-predator-arredo-casa-fr","7":"product_cat-baignoire-balneo","8":"product_cat-piscines-d-39-hydromassage","10":"first","11":"instock","12":"sale","13":"taxable","14":"shipping-taxable","15":"purchasable","16":"product-type-simple"},"exclude_global_add_ons":[],"addons":[],"yoast_head":"<!-- This site is optimized with the Yoast SEO plugin v26.7 - https:\/\/yoast.com\/wordpress\/plugins\/seo\/ -->\n<title>Baignoire baln\u00e9o 170x80 cm 30 jets d&#039;air et d&#039;eau bluetooth chauffage et Led VS163 - Bagno Italia<\/title>\n<meta name=\"robots\" content=\"index, follow, max-snippet:-1, max-image-preview:large, max-video-preview:-1\" \/>\n<link rel=\"canonical\" href=\"https:\/\/www.bagnoitalia.com\/fr\/produit\/whirlpool-tub-170x80-cm-30-air-and-water-jets-bluetooth-heater-and-led-vs163.html\" \/>\n<meta property=\"og:locale\" content=\"fr_FR\" \/>\n<meta property=\"og:type\" content=\"article\" \/>\n<meta property=\"og:title\" content=\"Baignoire baln\u00e9o 170x80 cm 30 jets d&#039;air et d&#039;eau bluetooth chauffage et Led VS163 - Bagno Italia\" \/>\n<meta property=\"og:description\" content=\"Baignoire baln\u00e9o compl\u00e8te \u00e9quip\u00e9e d&#039;un double bassin d&#039;air et d&#039;une pompe baln\u00e9o pour un total de 30 jets : 14 jets de fond, \u00e0 air, r\u00e9tro-\u00e9clair\u00e9s et 16 jets d&#039;eau. Ses fonctions incluent la connexion Bluetooth, la chromoth\u00e9rapie, le chauffage et l&#039;ozonoth\u00e9rapie.\" \/>\n<meta property=\"og:url\" content=\"https:\/\/www.bagnoitalia.com\/fr\/produit\/whirlpool-tub-170x80-cm-30-air-and-water-jets-bluetooth-heater-and-led-vs163.html\" \/>\n<meta property=\"og:site_name\" content=\"Bagno Italia\" \/>\n<meta property=\"article:modified_time\" content=\"2025-05-13T08:25:14+00:00\" \/>\n<meta property=\"og:image\" content=\"https:\/\/img.bagnoitalia.com\/wp-content\/uploads\/1-225.webp\" \/>\n\t<meta property=\"og:image:width\" content=\"627\" \/>\n\t<meta property=\"og:image:height\" content=\"628\" \/>\n\t<meta property=\"og:image:type\" content=\"image\/webp\" \/>\n<meta name=\"twitter:card\" content=\"summary_large_image\" \/>\n<meta name=\"twitter:label1\" content=\"Dur\u00e9e de lecture estim\u00e9e\" \/>\n\t<meta name=\"twitter:data1\" content=\"1 minute\" \/>\n<script type=\"application\/ld+json\" class=\"yoast-schema-graph\">{\"@context\":\"https:\/\/schema.org\",\"@graph\":[{\"@type\":\"WebPage\",\"@id\":\"https:\/\/www.bagnoitalia.com\/fr\/produit\/whirlpool-tub-170x80-cm-30-air-and-water-jets-bluetooth-heater-and-led-vs163.html\",\"url\":\"https:\/\/www.bagnoitalia.com\/fr\/produit\/whirlpool-tub-170x80-cm-30-air-and-water-jets-bluetooth-heater-and-led-vs163.html\",\"name\":\"Baignoire baln\u00e9o 170x80 cm 30 jets d'air et d'eau bluetooth chauffage et Led VS163 - Bagno Italia\",\"isPartOf\":{\"@id\":\"https:\/\/www.bagnoitalia.com\/fr#website\"},\"primaryImageOfPage\":{\"@id\":\"https:\/\/www.bagnoitalia.com\/fr\/produit\/whirlpool-tub-170x80-cm-30-air-and-water-jets-bluetooth-heater-and-led-vs163.html#primaryimage\"},\"image\":{\"@id\":\"https:\/\/www.bagnoitalia.com\/fr\/produit\/whirlpool-tub-170x80-cm-30-air-and-water-jets-bluetooth-heater-and-led-vs163.html#primaryimage\"},\"thumbnailUrl\":\"https:\/\/img.bagnoitalia.com\/wp-content\/uploads\/1-225.webp\",\"datePublished\":\"2025-03-11T13:57:47+00:00\",\"dateModified\":\"2025-05-13T08:25:14+00:00\",\"breadcrumb\":{\"@id\":\"https:\/\/www.bagnoitalia.com\/fr\/produit\/whirlpool-tub-170x80-cm-30-air-and-water-jets-bluetooth-heater-and-led-vs163.html#breadcrumb\"},\"inLanguage\":\"fr-FR\",\"potentialAction\":[{\"@type\":\"ReadAction\",\"target\":[\"https:\/\/www.bagnoitalia.com\/fr\/produit\/whirlpool-tub-170x80-cm-30-air-and-water-jets-bluetooth-heater-and-led-vs163.html\"]}]},{\"@type\":\"ImageObject\",\"inLanguage\":\"fr-FR\",\"@id\":\"https:\/\/www.bagnoitalia.com\/fr\/produit\/whirlpool-tub-170x80-cm-30-air-and-water-jets-bluetooth-heater-and-led-vs163.html#primaryimage\",\"url\":\"https:\/\/img.bagnoitalia.com\/wp-content\/uploads\/1-225.webp\",\"contentUrl\":\"https:\/\/img.bagnoitalia.com\/wp-content\/uploads\/1-225.webp\",\"width\":627,\"height\":628},{\"@type\":\"BreadcrumbList\",\"@id\":\"https:\/\/www.bagnoitalia.com\/fr\/produit\/whirlpool-tub-170x80-cm-30-air-and-water-jets-bluetooth-heater-and-led-vs163.html#breadcrumb\",\"itemListElement\":[{\"@type\":\"ListItem\",\"position\":1,\"name\":\"Home\",\"item\":\"https:\/\/www.bagnoitalia.com\/fr\"},{\"@type\":\"ListItem\",\"position\":2,\"name\":\"Produits\",\"item\":\"https:\/\/www.bagnoitalia.com\/fr\/shop\"},{\"@type\":\"ListItem\",\"position\":3,\"name\":\"Baignoire baln\u00e9o 170&#215;80 cm 30 jets d&#8217;air et d&#8217;eau bluetooth chauffage et Led VS163\"}]},{\"@type\":\"WebSite\",\"@id\":\"https:\/\/www.bagnoitalia.com\/fr#website\",\"url\":\"https:\/\/www.bagnoitalia.com\/fr\",\"name\":\"Bagno Italia\",\"description\":\"\",\"publisher\":{\"@id\":\"https:\/\/www.bagnoitalia.com\/fr#organization\"},\"potentialAction\":[{\"@type\":\"SearchAction\",\"target\":{\"@type\":\"EntryPoint\",\"urlTemplate\":\"https:\/\/www.bagnoitalia.com\/fr?s={search_term_string}\"},\"query-input\":{\"@type\":\"PropertyValueSpecification\",\"valueRequired\":true,\"valueName\":\"search_term_string\"}}],\"inLanguage\":\"fr-FR\"},{\"@type\":\"Organization\",\"@id\":\"https:\/\/www.bagnoitalia.com\/fr#organization\",\"name\":\"Bagno Italia\",\"url\":\"https:\/\/www.bagnoitalia.com\/fr\",\"logo\":{\"@type\":\"ImageObject\",\"inLanguage\":\"fr-FR\",\"@id\":\"https:\/\/www.bagnoitalia.com\/fr#\/schema\/logo\/image\/\",\"url\":\"https:\/\/img.bagnoitalia.com\/wp-content\/uploads\/logo-bagnoitalia.webp\",\"contentUrl\":\"https:\/\/img.bagnoitalia.com\/wp-content\/uploads\/logo-bagnoitalia.webp\",\"width\":400,\"height\":70,\"caption\":\"Bagno Italia\"},\"image\":{\"@id\":\"https:\/\/www.bagnoitalia.com\/fr#\/schema\/logo\/image\/\"}}]}<\/script>\n<!-- \/ Yoast SEO plugin. -->","yoast_head_json":{"title":"Baignoire baln\u00e9o 170x80 cm 30 jets d'air et d'eau bluetooth chauffage et Led VS163 - Bagno Italia","robots":{"index":"index","follow":"follow","max-snippet":"max-snippet:-1","max-image-preview":"max-image-preview:large","max-video-preview":"max-video-preview:-1"},"canonical":"https:\/\/www.bagnoitalia.com\/fr\/produit\/whirlpool-tub-170x80-cm-30-air-and-water-jets-bluetooth-heater-and-led-vs163.html","og_locale":"fr_FR","og_type":"article","og_title":"Baignoire baln\u00e9o 170x80 cm 30 jets d'air et d'eau bluetooth chauffage et Led VS163 - Bagno Italia","og_description":"Baignoire baln\u00e9o compl\u00e8te \u00e9quip\u00e9e d'un double bassin d'air et d'une pompe baln\u00e9o pour un total de 30 jets : 14 jets de fond, \u00e0 air, r\u00e9tro-\u00e9clair\u00e9s et 16 jets d'eau. Ses fonctions incluent la connexion Bluetooth, la chromoth\u00e9rapie, le chauffage et l'ozonoth\u00e9rapie.","og_url":"https:\/\/www.bagnoitalia.com\/fr\/produit\/whirlpool-tub-170x80-cm-30-air-and-water-jets-bluetooth-heater-and-led-vs163.html","og_site_name":"Bagno Italia","article_modified_time":"2025-05-13T08:25:14+00:00","og_image":[{"width":627,"height":628,"url":"https:\/\/img.bagnoitalia.com\/wp-content\/uploads\/1-225.webp","type":"image\/webp"}],"twitter_card":"summary_large_image","twitter_misc":{"Dur\u00e9e de lecture estim\u00e9e":"1 minute"},"schema":{"@context":"https:\/\/schema.org","@graph":[{"@type":"WebPage","@id":"https:\/\/www.bagnoitalia.com\/fr\/produit\/whirlpool-tub-170x80-cm-30-air-and-water-jets-bluetooth-heater-and-led-vs163.html","url":"https:\/\/www.bagnoitalia.com\/fr\/produit\/whirlpool-tub-170x80-cm-30-air-and-water-jets-bluetooth-heater-and-led-vs163.html","name":"Baignoire baln\u00e9o 170x80 cm 30 jets d'air et d'eau bluetooth chauffage et Led VS163 - Bagno Italia","isPartOf":{"@id":"https:\/\/www.bagnoitalia.com\/fr#website"},"primaryImageOfPage":{"@id":"https:\/\/www.bagnoitalia.com\/fr\/produit\/whirlpool-tub-170x80-cm-30-air-and-water-jets-bluetooth-heater-and-led-vs163.html#primaryimage"},"image":{"@id":"https:\/\/www.bagnoitalia.com\/fr\/produit\/whirlpool-tub-170x80-cm-30-air-and-water-jets-bluetooth-heater-and-led-vs163.html#primaryimage"},"thumbnailUrl":"https:\/\/img.bagnoitalia.com\/wp-content\/uploads\/1-225.webp","datePublished":"2025-03-11T13:57:47+00:00","dateModified":"2025-05-13T08:25:14+00:00","breadcrumb":{"@id":"https:\/\/www.bagnoitalia.com\/fr\/produit\/whirlpool-tub-170x80-cm-30-air-and-water-jets-bluetooth-heater-and-led-vs163.html#breadcrumb"},"inLanguage":"fr-FR","potentialAction":[{"@type":"ReadAction","target":["https:\/\/www.bagnoitalia.com\/fr\/produit\/whirlpool-tub-170x80-cm-30-air-and-water-jets-bluetooth-heater-and-led-vs163.html"]}]},{"@type":"ImageObject","inLanguage":"fr-FR","@id":"https:\/\/www.bagnoitalia.com\/fr\/produit\/whirlpool-tub-170x80-cm-30-air-and-water-jets-bluetooth-heater-and-led-vs163.html#primaryimage","url":"https:\/\/img.bagnoitalia.com\/wp-content\/uploads\/1-225.webp","contentUrl":"https:\/\/img.bagnoitalia.com\/wp-content\/uploads\/1-225.webp","width":627,"height":628},{"@type":"BreadcrumbList","@id":"https:\/\/www.bagnoitalia.com\/fr\/produit\/whirlpool-tub-170x80-cm-30-air-and-water-jets-bluetooth-heater-and-led-vs163.html#breadcrumb","itemListElement":[{"@type":"ListItem","position":1,"name":"Home","item":"https:\/\/www.bagnoitalia.com\/fr"},{"@type":"ListItem","position":2,"name":"Produits","item":"https:\/\/www.bagnoitalia.com\/fr\/shop"},{"@type":"ListItem","position":3,"name":"Baignoire baln\u00e9o 170&#215;80 cm 30 jets d&#8217;air et d&#8217;eau bluetooth chauffage et Led VS163"}]},{"@type":"WebSite","@id":"https:\/\/www.bagnoitalia.com\/fr#website","url":"https:\/\/www.bagnoitalia.com\/fr","name":"Bagno Italia","description":"","publisher":{"@id":"https:\/\/www.bagnoitalia.com\/fr#organization"},"potentialAction":[{"@type":"SearchAction","target":{"@type":"EntryPoint","urlTemplate":"https:\/\/www.bagnoitalia.com\/fr?s={search_term_string}"},"query-input":{"@type":"PropertyValueSpecification","valueRequired":true,"valueName":"search_term_string"}}],"inLanguage":"fr-FR"},{"@type":"Organization","@id":"https:\/\/www.bagnoitalia.com\/fr#organization","name":"Bagno Italia","url":"https:\/\/www.bagnoitalia.com\/fr","logo":{"@type":"ImageObject","inLanguage":"fr-FR","@id":"https:\/\/www.bagnoitalia.com\/fr#\/schema\/logo\/image\/","url":"https:\/\/img.bagnoitalia.com\/wp-content\/uploads\/logo-bagnoitalia.webp","contentUrl":"https:\/\/img.bagnoitalia.com\/wp-content\/uploads\/logo-bagnoitalia.webp","width":400,"height":70,"caption":"Bagno Italia"},"image":{"@id":"https:\/\/www.bagnoitalia.com\/fr#\/schema\/logo\/image\/"}}]}},"_links":{"self":[{"href":"https:\/\/www.bagnoitalia.com\/fr\/wp-json\/wp\/v2\/product\/103770","targetHints":{"allow":["GET"]}}],"collection":[{"href":"https:\/\/www.bagnoitalia.com\/fr\/wp-json\/wp\/v2\/product"}],"about":[{"href":"https:\/\/www.bagnoitalia.com\/fr\/wp-json\/wp\/v2\/types\/product"}],"replies":[{"embeddable":true,"href":"https:\/\/www.bagnoitalia.com\/fr\/wp-json\/wp\/v2\/comments?post=103770"}],"version-history":[{"count":2,"href":"https:\/\/www.bagnoitalia.com\/fr\/wp-json\/wp\/v2\/product\/103770\/revisions"}],"predecessor-version":[{"id":107620,"href":"https:\/\/www.bagnoitalia.com\/fr\/wp-json\/wp\/v2\/product\/103770\/revisions\/107620"}],"wp:featuredmedia":[{"embeddable":true,"href":"https:\/\/www.bagnoitalia.com\/fr\/wp-json\/wp\/v2\/media\/103738"}],"wp:attachment":[{"href":"https:\/\/www.bagnoitalia.com\/fr\/wp-json\/wp\/v2\/media?parent=103770"}],"wp:term":[{"taxonomy":"product_brand","embeddable":true,"href":"https:\/\/www.bagnoitalia.com\/fr\/wp-json\/wp\/v2\/product_brand?post=103770"},{"taxonomy":"product_cat","embeddable":true,"href":"https:\/\/www.bagnoitalia.com\/fr\/wp-json\/wp\/v2\/product_cat?post=103770"},{"taxonomy":"product_tag","embeddable":true,"href":"https:\/\/www.bagnoitalia.com\/fr\/wp-json\/wp\/v2\/product_tag?post=103770"}],"curies":[{"name":"wp","href":"https:\/\/api.w.org\/{rel}","templated":true}]}}