{"id":103417,"date":"2025-03-03T15:59:23","date_gmt":"2025-03-03T14:59:23","guid":{"rendered":"https:\/\/www.bagnoitalia.com\/whirlpool-180x160-cm-with-18-ozone-therapy-jets-and-led-mp67.html"},"modified":"2025-03-03T16:01:49","modified_gmt":"2025-03-03T15:01:49","slug":"whirlpool-180x160-cm-with-18-ozone-therapy-jets-and-led-mp67","status":"publish","type":"product","link":"https:\/\/www.bagnoitalia.com\/fr\/produit\/whirlpool-180x160-cm-with-18-ozone-therapy-jets-and-led-mp67.html","title":{"rendered":"Baignoire baln\u00e9o 180&#215;160 cm avec 18 jets d&rsquo;ozonoth\u00e9rapie et LED MP67"},"content":{"rendered":"<p>&nbsp;<\/p>\n<p>PISCINE HYDROMASSAGE 180x160cm &lsquo;MP67<\/p>\n<p>&nbsp;<\/p>\n<p>CARACT\u00c9RISTIQUES ET FONCTIONS DU PRODUIT<\/p>\n<p>Baignoire d&rsquo;ext\u00e9rieur \u00e0 remous, pour 4 personnes<\/p>\n<p>Forme rectangulaire<\/p>\n<p>Dimensions : 180xD160xH76 cm : 180xD160xH76 cm<\/p>\n<p>18 jets d&rsquo;hydromassage<\/p>\n<p>2 coussins d&rsquo;appui-t\u00eate<\/p>\n<p>Ecran de contr\u00f4le<\/p>\n<p>Eclairage LED<\/p>\n<p>Ozonoth\u00e9rapie<\/p>\n<p>Filtre \u00e0 cartouche<\/p>\n<p>Housse incluse<\/p>\n<p>NB : l&rsquo;\u00e9chelle n&rsquo;est pas incluse dans l&rsquo;offre.<\/p>\n<p>&nbsp;<\/p>\n<p>CONSOMMATION ET D\u00c9TAILS TECHNIQUES<\/p>\n<p>Capacit\u00e9 : 700 litres<\/p>\n<p>Cadre en aluminium<\/p>\n<p>Poids : 240 kg<\/p>\n<p>Puissance totale : 3,52 kW<\/p>\n<p>Puissance de la pompe \u00e0 eau : 1,52 kW<\/p>\n<p>Puissance du chauffage : 2 kW<\/p>\n<p>Tension d&rsquo;alimentation : 220 &#8211; 240V 50Hz<\/p>\n<p>&nbsp;<\/p>\n<p>&nbsp;<\/p>\n<p>&nbsp;<\/p>\n<p>&nbsp;<\/p>\n<p>&nbsp;<\/p>\n<p>&nbsp;<\/p>\n<p>&nbsp;<\/p>\n<p>&nbsp;<\/p>\n<p>&nbsp;<\/p>\n<p>&nbsp;<\/p>\n<p>&nbsp;<\/p>\n<p>&nbsp;<\/p>\n<p>&nbsp;<\/p>\n<p>&nbsp;<\/p>\n<p>&nbsp;<\/p>\n<p>&nbsp;<\/p>\n<p>&nbsp;<\/p>\n<p>&nbsp;<\/p>\n<p>&nbsp;<\/p>\n<p>&nbsp;<\/p>\n<p>&nbsp;<\/p>\n<p>&nbsp;<\/p>\n<p>SPA60<\/p>\n<p>&nbsp;<\/p>\n<p>&nbsp;<\/p>\n","protected":false},"excerpt":{"rendered":"<p>Baignoire d&rsquo;ext\u00e9rieur multifonctionnelle, rectangulaire, pouvant accueillir jusqu&rsquo;\u00e0 4 personnes. Avec couvercle, coussins d&rsquo;appui-t\u00eate, 18 jets d&rsquo;hydromassage, g\u00e9n\u00e9rateur d&rsquo;ozone, chauffage, \u00e9clairage LED.<\/p>\n","protected":false},"featured_media":103397,"comment_status":"open","ping_status":"closed","template":"","meta":[],"product_brand":[9942],"product_cat":[10069],"product_tag":[],"class_list":{"0":"post-103417","1":"product","2":"type-product","3":"status-publish","4":"has-post-thumbnail","6":"product_brand-sanotechnik-italia-fr","7":"product_cat-piscines-exterieures-a-hydromassage","9":"first","10":"instock","11":"sale","12":"taxable","13":"shipping-taxable","14":"purchasable","15":"product-type-simple"},"exclude_global_add_ons":[],"addons":[],"yoast_head":"<!-- This site is optimized with the Yoast SEO plugin v26.7 - https:\/\/yoast.com\/wordpress\/plugins\/seo\/ -->\n<title>Baignoire baln\u00e9o 180x160 cm avec 18 jets d&#039;ozonoth\u00e9rapie et LED MP67 - Bagno Italia<\/title>\n<meta name=\"robots\" content=\"index, follow, max-snippet:-1, max-image-preview:large, max-video-preview:-1\" \/>\n<link rel=\"canonical\" href=\"https:\/\/www.bagnoitalia.com\/fr\/produit\/whirlpool-180x160-cm-with-18-ozone-therapy-jets-and-led-mp67.html\" \/>\n<meta property=\"og:locale\" content=\"fr_FR\" \/>\n<meta property=\"og:type\" content=\"article\" \/>\n<meta property=\"og:title\" content=\"Baignoire baln\u00e9o 180x160 cm avec 18 jets d&#039;ozonoth\u00e9rapie et LED MP67 - Bagno Italia\" \/>\n<meta property=\"og:description\" content=\"Baignoire d&#039;ext\u00e9rieur multifonctionnelle, rectangulaire, pouvant accueillir jusqu&#039;\u00e0 4 personnes. Avec couvercle, coussins d&#039;appui-t\u00eate, 18 jets d&#039;hydromassage, g\u00e9n\u00e9rateur d&#039;ozone, chauffage, \u00e9clairage LED.\" \/>\n<meta property=\"og:url\" content=\"https:\/\/www.bagnoitalia.com\/fr\/produit\/whirlpool-180x160-cm-with-18-ozone-therapy-jets-and-led-mp67.html\" \/>\n<meta property=\"og:site_name\" content=\"Bagno Italia\" \/>\n<meta property=\"article:modified_time\" content=\"2025-03-03T15:01:49+00:00\" \/>\n<meta property=\"og:image\" content=\"https:\/\/img.bagnoitalia.com\/wp-content\/uploads\/1-216.webp\" \/>\n\t<meta property=\"og:image:width\" content=\"1000\" \/>\n\t<meta property=\"og:image:height\" content=\"1000\" \/>\n\t<meta property=\"og:image:type\" content=\"image\/webp\" \/>\n<meta name=\"twitter:card\" content=\"summary_large_image\" \/>\n<meta name=\"twitter:label1\" content=\"Dur\u00e9e de lecture estim\u00e9e\" \/>\n\t<meta name=\"twitter:data1\" content=\"1 minute\" \/>\n<script type=\"application\/ld+json\" class=\"yoast-schema-graph\">{\"@context\":\"https:\/\/schema.org\",\"@graph\":[{\"@type\":\"WebPage\",\"@id\":\"https:\/\/www.bagnoitalia.com\/fr\/produit\/whirlpool-180x160-cm-with-18-ozone-therapy-jets-and-led-mp67.html\",\"url\":\"https:\/\/www.bagnoitalia.com\/fr\/produit\/whirlpool-180x160-cm-with-18-ozone-therapy-jets-and-led-mp67.html\",\"name\":\"Baignoire baln\u00e9o 180x160 cm avec 18 jets d'ozonoth\u00e9rapie et LED MP67 - Bagno Italia\",\"isPartOf\":{\"@id\":\"https:\/\/www.bagnoitalia.com\/fr#website\"},\"primaryImageOfPage\":{\"@id\":\"https:\/\/www.bagnoitalia.com\/fr\/produit\/whirlpool-180x160-cm-with-18-ozone-therapy-jets-and-led-mp67.html#primaryimage\"},\"image\":{\"@id\":\"https:\/\/www.bagnoitalia.com\/fr\/produit\/whirlpool-180x160-cm-with-18-ozone-therapy-jets-and-led-mp67.html#primaryimage\"},\"thumbnailUrl\":\"https:\/\/img.bagnoitalia.com\/wp-content\/uploads\/1-216.webp\",\"datePublished\":\"2025-03-03T14:59:23+00:00\",\"dateModified\":\"2025-03-03T15:01:49+00:00\",\"breadcrumb\":{\"@id\":\"https:\/\/www.bagnoitalia.com\/fr\/produit\/whirlpool-180x160-cm-with-18-ozone-therapy-jets-and-led-mp67.html#breadcrumb\"},\"inLanguage\":\"fr-FR\",\"potentialAction\":[{\"@type\":\"ReadAction\",\"target\":[\"https:\/\/www.bagnoitalia.com\/fr\/produit\/whirlpool-180x160-cm-with-18-ozone-therapy-jets-and-led-mp67.html\"]}]},{\"@type\":\"ImageObject\",\"inLanguage\":\"fr-FR\",\"@id\":\"https:\/\/www.bagnoitalia.com\/fr\/produit\/whirlpool-180x160-cm-with-18-ozone-therapy-jets-and-led-mp67.html#primaryimage\",\"url\":\"https:\/\/img.bagnoitalia.com\/wp-content\/uploads\/1-216.webp\",\"contentUrl\":\"https:\/\/img.bagnoitalia.com\/wp-content\/uploads\/1-216.webp\",\"width\":1000,\"height\":1000},{\"@type\":\"BreadcrumbList\",\"@id\":\"https:\/\/www.bagnoitalia.com\/fr\/produit\/whirlpool-180x160-cm-with-18-ozone-therapy-jets-and-led-mp67.html#breadcrumb\",\"itemListElement\":[{\"@type\":\"ListItem\",\"position\":1,\"name\":\"Home\",\"item\":\"https:\/\/www.bagnoitalia.com\/fr\"},{\"@type\":\"ListItem\",\"position\":2,\"name\":\"Produits\",\"item\":\"https:\/\/www.bagnoitalia.com\/fr\/shop\"},{\"@type\":\"ListItem\",\"position\":3,\"name\":\"Baignoire baln\u00e9o 180&#215;160 cm avec 18 jets d&#8217;ozonoth\u00e9rapie et LED MP67\"}]},{\"@type\":\"WebSite\",\"@id\":\"https:\/\/www.bagnoitalia.com\/fr#website\",\"url\":\"https:\/\/www.bagnoitalia.com\/fr\",\"name\":\"Bagno Italia\",\"description\":\"\",\"publisher\":{\"@id\":\"https:\/\/www.bagnoitalia.com\/fr#organization\"},\"potentialAction\":[{\"@type\":\"SearchAction\",\"target\":{\"@type\":\"EntryPoint\",\"urlTemplate\":\"https:\/\/www.bagnoitalia.com\/fr?s={search_term_string}\"},\"query-input\":{\"@type\":\"PropertyValueSpecification\",\"valueRequired\":true,\"valueName\":\"search_term_string\"}}],\"inLanguage\":\"fr-FR\"},{\"@type\":\"Organization\",\"@id\":\"https:\/\/www.bagnoitalia.com\/fr#organization\",\"name\":\"Bagno Italia\",\"url\":\"https:\/\/www.bagnoitalia.com\/fr\",\"logo\":{\"@type\":\"ImageObject\",\"inLanguage\":\"fr-FR\",\"@id\":\"https:\/\/www.bagnoitalia.com\/fr#\/schema\/logo\/image\/\",\"url\":\"https:\/\/img.bagnoitalia.com\/wp-content\/uploads\/logo-bagnoitalia.webp\",\"contentUrl\":\"https:\/\/img.bagnoitalia.com\/wp-content\/uploads\/logo-bagnoitalia.webp\",\"width\":400,\"height\":70,\"caption\":\"Bagno Italia\"},\"image\":{\"@id\":\"https:\/\/www.bagnoitalia.com\/fr#\/schema\/logo\/image\/\"}}]}<\/script>\n<!-- \/ Yoast SEO plugin. -->","yoast_head_json":{"title":"Baignoire baln\u00e9o 180x160 cm avec 18 jets d'ozonoth\u00e9rapie et LED MP67 - Bagno Italia","robots":{"index":"index","follow":"follow","max-snippet":"max-snippet:-1","max-image-preview":"max-image-preview:large","max-video-preview":"max-video-preview:-1"},"canonical":"https:\/\/www.bagnoitalia.com\/fr\/produit\/whirlpool-180x160-cm-with-18-ozone-therapy-jets-and-led-mp67.html","og_locale":"fr_FR","og_type":"article","og_title":"Baignoire baln\u00e9o 180x160 cm avec 18 jets d'ozonoth\u00e9rapie et LED MP67 - Bagno Italia","og_description":"Baignoire d'ext\u00e9rieur multifonctionnelle, rectangulaire, pouvant accueillir jusqu'\u00e0 4 personnes. Avec couvercle, coussins d'appui-t\u00eate, 18 jets d'hydromassage, g\u00e9n\u00e9rateur d'ozone, chauffage, \u00e9clairage LED.","og_url":"https:\/\/www.bagnoitalia.com\/fr\/produit\/whirlpool-180x160-cm-with-18-ozone-therapy-jets-and-led-mp67.html","og_site_name":"Bagno Italia","article_modified_time":"2025-03-03T15:01:49+00:00","og_image":[{"width":1000,"height":1000,"url":"https:\/\/img.bagnoitalia.com\/wp-content\/uploads\/1-216.webp","type":"image\/webp"}],"twitter_card":"summary_large_image","twitter_misc":{"Dur\u00e9e de lecture estim\u00e9e":"1 minute"},"schema":{"@context":"https:\/\/schema.org","@graph":[{"@type":"WebPage","@id":"https:\/\/www.bagnoitalia.com\/fr\/produit\/whirlpool-180x160-cm-with-18-ozone-therapy-jets-and-led-mp67.html","url":"https:\/\/www.bagnoitalia.com\/fr\/produit\/whirlpool-180x160-cm-with-18-ozone-therapy-jets-and-led-mp67.html","name":"Baignoire baln\u00e9o 180x160 cm avec 18 jets d'ozonoth\u00e9rapie et LED MP67 - Bagno Italia","isPartOf":{"@id":"https:\/\/www.bagnoitalia.com\/fr#website"},"primaryImageOfPage":{"@id":"https:\/\/www.bagnoitalia.com\/fr\/produit\/whirlpool-180x160-cm-with-18-ozone-therapy-jets-and-led-mp67.html#primaryimage"},"image":{"@id":"https:\/\/www.bagnoitalia.com\/fr\/produit\/whirlpool-180x160-cm-with-18-ozone-therapy-jets-and-led-mp67.html#primaryimage"},"thumbnailUrl":"https:\/\/img.bagnoitalia.com\/wp-content\/uploads\/1-216.webp","datePublished":"2025-03-03T14:59:23+00:00","dateModified":"2025-03-03T15:01:49+00:00","breadcrumb":{"@id":"https:\/\/www.bagnoitalia.com\/fr\/produit\/whirlpool-180x160-cm-with-18-ozone-therapy-jets-and-led-mp67.html#breadcrumb"},"inLanguage":"fr-FR","potentialAction":[{"@type":"ReadAction","target":["https:\/\/www.bagnoitalia.com\/fr\/produit\/whirlpool-180x160-cm-with-18-ozone-therapy-jets-and-led-mp67.html"]}]},{"@type":"ImageObject","inLanguage":"fr-FR","@id":"https:\/\/www.bagnoitalia.com\/fr\/produit\/whirlpool-180x160-cm-with-18-ozone-therapy-jets-and-led-mp67.html#primaryimage","url":"https:\/\/img.bagnoitalia.com\/wp-content\/uploads\/1-216.webp","contentUrl":"https:\/\/img.bagnoitalia.com\/wp-content\/uploads\/1-216.webp","width":1000,"height":1000},{"@type":"BreadcrumbList","@id":"https:\/\/www.bagnoitalia.com\/fr\/produit\/whirlpool-180x160-cm-with-18-ozone-therapy-jets-and-led-mp67.html#breadcrumb","itemListElement":[{"@type":"ListItem","position":1,"name":"Home","item":"https:\/\/www.bagnoitalia.com\/fr"},{"@type":"ListItem","position":2,"name":"Produits","item":"https:\/\/www.bagnoitalia.com\/fr\/shop"},{"@type":"ListItem","position":3,"name":"Baignoire baln\u00e9o 180&#215;160 cm avec 18 jets d&#8217;ozonoth\u00e9rapie et LED MP67"}]},{"@type":"WebSite","@id":"https:\/\/www.bagnoitalia.com\/fr#website","url":"https:\/\/www.bagnoitalia.com\/fr","name":"Bagno Italia","description":"","publisher":{"@id":"https:\/\/www.bagnoitalia.com\/fr#organization"},"potentialAction":[{"@type":"SearchAction","target":{"@type":"EntryPoint","urlTemplate":"https:\/\/www.bagnoitalia.com\/fr?s={search_term_string}"},"query-input":{"@type":"PropertyValueSpecification","valueRequired":true,"valueName":"search_term_string"}}],"inLanguage":"fr-FR"},{"@type":"Organization","@id":"https:\/\/www.bagnoitalia.com\/fr#organization","name":"Bagno Italia","url":"https:\/\/www.bagnoitalia.com\/fr","logo":{"@type":"ImageObject","inLanguage":"fr-FR","@id":"https:\/\/www.bagnoitalia.com\/fr#\/schema\/logo\/image\/","url":"https:\/\/img.bagnoitalia.com\/wp-content\/uploads\/logo-bagnoitalia.webp","contentUrl":"https:\/\/img.bagnoitalia.com\/wp-content\/uploads\/logo-bagnoitalia.webp","width":400,"height":70,"caption":"Bagno Italia"},"image":{"@id":"https:\/\/www.bagnoitalia.com\/fr#\/schema\/logo\/image\/"}}]}},"_links":{"self":[{"href":"https:\/\/www.bagnoitalia.com\/fr\/wp-json\/wp\/v2\/product\/103417","targetHints":{"allow":["GET"]}}],"collection":[{"href":"https:\/\/www.bagnoitalia.com\/fr\/wp-json\/wp\/v2\/product"}],"about":[{"href":"https:\/\/www.bagnoitalia.com\/fr\/wp-json\/wp\/v2\/types\/product"}],"replies":[{"embeddable":true,"href":"https:\/\/www.bagnoitalia.com\/fr\/wp-json\/wp\/v2\/comments?post=103417"}],"version-history":[{"count":1,"href":"https:\/\/www.bagnoitalia.com\/fr\/wp-json\/wp\/v2\/product\/103417\/revisions"}],"predecessor-version":[{"id":103422,"href":"https:\/\/www.bagnoitalia.com\/fr\/wp-json\/wp\/v2\/product\/103417\/revisions\/103422"}],"wp:featuredmedia":[{"embeddable":true,"href":"https:\/\/www.bagnoitalia.com\/fr\/wp-json\/wp\/v2\/media\/103397"}],"wp:attachment":[{"href":"https:\/\/www.bagnoitalia.com\/fr\/wp-json\/wp\/v2\/media?parent=103417"}],"wp:term":[{"taxonomy":"product_brand","embeddable":true,"href":"https:\/\/www.bagnoitalia.com\/fr\/wp-json\/wp\/v2\/product_brand?post=103417"},{"taxonomy":"product_cat","embeddable":true,"href":"https:\/\/www.bagnoitalia.com\/fr\/wp-json\/wp\/v2\/product_cat?post=103417"},{"taxonomy":"product_tag","embeddable":true,"href":"https:\/\/www.bagnoitalia.com\/fr\/wp-json\/wp\/v2\/product_tag?post=103417"}],"curies":[{"name":"wp","href":"https:\/\/api.w.org\/{rel}","templated":true}]}}