{"id":103389,"date":"2025-03-03T15:17:15","date_gmt":"2025-03-03T14:17:15","guid":{"rendered":"https:\/\/www.bagnoitalia.com\/infrared-sauna-150x150-cm-2-seater-radiant-carbon-and-full-spectrum-sn094.html"},"modified":"2025-03-03T15:19:20","modified_gmt":"2025-03-03T14:19:20","slug":"infrared-sauna-150x150-cm-2-seater-radiant-carbon-and-full-spectrum-sn094","status":"publish","type":"product","link":"https:\/\/www.bagnoitalia.com\/fr\/produit\/infrared-sauna-150x150-cm-2-seater-radiant-carbon-and-full-spectrum-sn094.html","title":{"rendered":"Sauna infrarouge 150&#215;150 cm 2 places carbone radiant et spectre complet SN094"},"content":{"rendered":"<p>SAUNA INFRAROUGE 150x150cm \u00ab SN094<\/p>\n<p>&nbsp;<\/p>\n<p>CARACT\u00c9RISTIQUES DU PRODUIT<\/p>\n<p>Sauna infrarouge pour 2 personnes<\/p>\n<p>Dimensions : 150x150xH195cm 150x150xH195cm<\/p>\n<p>n.3 radiateurs \u00e0 spectre complet (dont 2 r\u00e9glables)<\/p>\n<p>n.7 plaques chauffantes en carbone<\/p>\n<p>n.2 si\u00e8ges d&rsquo;environ 64&#215;45 cm (dont 1 ergonomique)<\/p>\n<p>Chromoth\u00e9rapie, avec LED \u00e0 7 variations de couleurs<\/p>\n<p>Ecran de contr\u00f4le<\/p>\n<p>Lecteur MP3<\/p>\n<p>Radio<\/p>\n<p>2 haut-parleurs<\/p>\n<p>Bluetooth<\/p>\n<p>Cadre en bois de colombier<\/p>\n<p>Verre de 8 mm<\/p>\n<p>Puissance : environ 2550 W<\/p>\n<p>Tension d&rsquo;alimentation : 220-240 V<\/p>\n<p>&nbsp;<\/p>\n<p>&nbsp;<\/p>\n<p>&nbsp;<\/p>\n<p>&nbsp;<\/p>\n<p>&nbsp;<\/p>\n<p>&nbsp;<\/p>\n<p>&nbsp;<\/p>\n<p>&nbsp;<\/p>\n<p>&nbsp;<\/p>\n<p>&nbsp;<\/p>\n<p>&nbsp;<\/p>\n<p>&nbsp;<\/p>\n<p>&nbsp;<\/p>\n<p>&nbsp;<\/p>\n<p>&nbsp;<\/p>\n<p>&nbsp;<\/p>\n<p>&nbsp;<\/p>\n<p>&nbsp;<\/p>\n<p>&nbsp;<\/p>\n<p>&nbsp;<\/p>\n<p>&nbsp;<\/p>\n<p>&nbsp;<\/p>\n<p>&nbsp;<\/p>\n<p>&nbsp;<\/p>\n<p>&nbsp;<\/p>\n<p>&nbsp;<\/p>\n<p>&nbsp;<\/p>\n<p>&nbsp;<\/p>\n<p>&nbsp;<\/p>\n<p>&nbsp;<\/p>\n<p>&nbsp;<\/p>\n<p>J11150<\/p>\n<p>&nbsp;<\/p>\n<p>&nbsp;<\/p>\n","protected":false},"excerpt":{"rendered":"<p>Sauna avec rayonnement infrarouge, pour deux personnes, \u00e9quip\u00e9 de LED pour la chromoth\u00e9rapie, lecteur MP3, radio avec connexion USB A, AUX, SD et haut-parleurs.<\/p>\n","protected":false},"featured_media":109952,"comment_status":"open","ping_status":"closed","template":"","meta":[],"product_brand":[9942],"product_cat":[9751],"product_tag":[],"class_list":{"0":"post-103389","1":"product","2":"type-product","3":"status-publish","4":"has-post-thumbnail","6":"product_brand-sanotechnik-italia-fr","7":"product_cat-saunas-infrarouges","9":"first","10":"instock","11":"sale","12":"taxable","13":"shipping-taxable","14":"purchasable","15":"product-type-simple"},"exclude_global_add_ons":[],"addons":[],"yoast_head":"<!-- This site is optimized with the Yoast SEO plugin v26.7 - https:\/\/yoast.com\/wordpress\/plugins\/seo\/ -->\n<title>Sauna infrarouge 150x150 cm 2 places carbone radiant et spectre complet SN094 - Bagno Italia<\/title>\n<meta name=\"robots\" content=\"index, follow, max-snippet:-1, max-image-preview:large, max-video-preview:-1\" \/>\n<link rel=\"canonical\" href=\"https:\/\/www.bagnoitalia.com\/fr\/produit\/infrared-sauna-150x150-cm-2-seater-radiant-carbon-and-full-spectrum-sn094.html\" \/>\n<meta property=\"og:locale\" content=\"fr_FR\" \/>\n<meta property=\"og:type\" content=\"article\" \/>\n<meta property=\"og:title\" content=\"Sauna infrarouge 150x150 cm 2 places carbone radiant et spectre complet SN094 - Bagno Italia\" \/>\n<meta property=\"og:description\" content=\"Sauna avec rayonnement infrarouge, pour deux personnes, \u00e9quip\u00e9 de LED pour la chromoth\u00e9rapie, lecteur MP3, radio avec connexion USB A, AUX, SD et haut-parleurs.\" \/>\n<meta property=\"og:url\" content=\"https:\/\/www.bagnoitalia.com\/fr\/produit\/infrared-sauna-150x150-cm-2-seater-radiant-carbon-and-full-spectrum-sn094.html\" \/>\n<meta property=\"og:site_name\" content=\"Bagno Italia\" \/>\n<meta property=\"article:modified_time\" content=\"2025-03-03T14:19:20+00:00\" \/>\n<meta property=\"og:image\" content=\"https:\/\/img.bagnoitalia.com\/wp-content\/uploads\/1-215.webp\" \/>\n\t<meta property=\"og:image:width\" content=\"1000\" \/>\n\t<meta property=\"og:image:height\" content=\"1000\" \/>\n\t<meta property=\"og:image:type\" content=\"image\/webp\" \/>\n<meta name=\"twitter:card\" content=\"summary_large_image\" \/>\n<meta name=\"twitter:label1\" content=\"Dur\u00e9e de lecture estim\u00e9e\" \/>\n\t<meta name=\"twitter:data1\" content=\"1 minute\" \/>\n<script type=\"application\/ld+json\" class=\"yoast-schema-graph\">{\"@context\":\"https:\/\/schema.org\",\"@graph\":[{\"@type\":\"WebPage\",\"@id\":\"https:\/\/www.bagnoitalia.com\/fr\/produit\/infrared-sauna-150x150-cm-2-seater-radiant-carbon-and-full-spectrum-sn094.html\",\"url\":\"https:\/\/www.bagnoitalia.com\/fr\/produit\/infrared-sauna-150x150-cm-2-seater-radiant-carbon-and-full-spectrum-sn094.html\",\"name\":\"Sauna infrarouge 150x150 cm 2 places carbone radiant et spectre complet SN094 - Bagno Italia\",\"isPartOf\":{\"@id\":\"https:\/\/www.bagnoitalia.com\/fr#website\"},\"primaryImageOfPage\":{\"@id\":\"https:\/\/www.bagnoitalia.com\/fr\/produit\/infrared-sauna-150x150-cm-2-seater-radiant-carbon-and-full-spectrum-sn094.html#primaryimage\"},\"image\":{\"@id\":\"https:\/\/www.bagnoitalia.com\/fr\/produit\/infrared-sauna-150x150-cm-2-seater-radiant-carbon-and-full-spectrum-sn094.html#primaryimage\"},\"thumbnailUrl\":\"https:\/\/img.bagnoitalia.com\/wp-content\/uploads\/sauna-infrarossi-150x150-cm-full-spectrum-sn094-luci.jpg\",\"datePublished\":\"2025-03-03T14:17:15+00:00\",\"dateModified\":\"2025-03-03T14:19:20+00:00\",\"breadcrumb\":{\"@id\":\"https:\/\/www.bagnoitalia.com\/fr\/produit\/infrared-sauna-150x150-cm-2-seater-radiant-carbon-and-full-spectrum-sn094.html#breadcrumb\"},\"inLanguage\":\"fr-FR\",\"potentialAction\":[{\"@type\":\"ReadAction\",\"target\":[\"https:\/\/www.bagnoitalia.com\/fr\/produit\/infrared-sauna-150x150-cm-2-seater-radiant-carbon-and-full-spectrum-sn094.html\"]}]},{\"@type\":\"ImageObject\",\"inLanguage\":\"fr-FR\",\"@id\":\"https:\/\/www.bagnoitalia.com\/fr\/produit\/infrared-sauna-150x150-cm-2-seater-radiant-carbon-and-full-spectrum-sn094.html#primaryimage\",\"url\":\"https:\/\/img.bagnoitalia.com\/wp-content\/uploads\/sauna-infrarossi-150x150-cm-full-spectrum-sn094-luci.jpg\",\"contentUrl\":\"https:\/\/img.bagnoitalia.com\/wp-content\/uploads\/sauna-infrarossi-150x150-cm-full-spectrum-sn094-luci.jpg\",\"width\":1000,\"height\":1000},{\"@type\":\"BreadcrumbList\",\"@id\":\"https:\/\/www.bagnoitalia.com\/fr\/produit\/infrared-sauna-150x150-cm-2-seater-radiant-carbon-and-full-spectrum-sn094.html#breadcrumb\",\"itemListElement\":[{\"@type\":\"ListItem\",\"position\":1,\"name\":\"Home\",\"item\":\"https:\/\/www.bagnoitalia.com\/fr\"},{\"@type\":\"ListItem\",\"position\":2,\"name\":\"Produits\",\"item\":\"https:\/\/www.bagnoitalia.com\/fr\/shop\"},{\"@type\":\"ListItem\",\"position\":3,\"name\":\"Sauna infrarouge 150&#215;150 cm 2 places carbone radiant et spectre complet SN094\"}]},{\"@type\":\"WebSite\",\"@id\":\"https:\/\/www.bagnoitalia.com\/fr#website\",\"url\":\"https:\/\/www.bagnoitalia.com\/fr\",\"name\":\"Bagno Italia\",\"description\":\"\",\"publisher\":{\"@id\":\"https:\/\/www.bagnoitalia.com\/fr#organization\"},\"potentialAction\":[{\"@type\":\"SearchAction\",\"target\":{\"@type\":\"EntryPoint\",\"urlTemplate\":\"https:\/\/www.bagnoitalia.com\/fr?s={search_term_string}\"},\"query-input\":{\"@type\":\"PropertyValueSpecification\",\"valueRequired\":true,\"valueName\":\"search_term_string\"}}],\"inLanguage\":\"fr-FR\"},{\"@type\":\"Organization\",\"@id\":\"https:\/\/www.bagnoitalia.com\/fr#organization\",\"name\":\"Bagno Italia\",\"url\":\"https:\/\/www.bagnoitalia.com\/fr\",\"logo\":{\"@type\":\"ImageObject\",\"inLanguage\":\"fr-FR\",\"@id\":\"https:\/\/www.bagnoitalia.com\/fr#\/schema\/logo\/image\/\",\"url\":\"https:\/\/img.bagnoitalia.com\/wp-content\/uploads\/logo-bagnoitalia.webp\",\"contentUrl\":\"https:\/\/img.bagnoitalia.com\/wp-content\/uploads\/logo-bagnoitalia.webp\",\"width\":400,\"height\":70,\"caption\":\"Bagno Italia\"},\"image\":{\"@id\":\"https:\/\/www.bagnoitalia.com\/fr#\/schema\/logo\/image\/\"}}]}<\/script>\n<!-- \/ Yoast SEO plugin. -->","yoast_head_json":{"title":"Sauna infrarouge 150x150 cm 2 places carbone radiant et spectre complet SN094 - Bagno Italia","robots":{"index":"index","follow":"follow","max-snippet":"max-snippet:-1","max-image-preview":"max-image-preview:large","max-video-preview":"max-video-preview:-1"},"canonical":"https:\/\/www.bagnoitalia.com\/fr\/produit\/infrared-sauna-150x150-cm-2-seater-radiant-carbon-and-full-spectrum-sn094.html","og_locale":"fr_FR","og_type":"article","og_title":"Sauna infrarouge 150x150 cm 2 places carbone radiant et spectre complet SN094 - Bagno Italia","og_description":"Sauna avec rayonnement infrarouge, pour deux personnes, \u00e9quip\u00e9 de LED pour la chromoth\u00e9rapie, lecteur MP3, radio avec connexion USB A, AUX, SD et haut-parleurs.","og_url":"https:\/\/www.bagnoitalia.com\/fr\/produit\/infrared-sauna-150x150-cm-2-seater-radiant-carbon-and-full-spectrum-sn094.html","og_site_name":"Bagno Italia","article_modified_time":"2025-03-03T14:19:20+00:00","og_image":[{"width":1000,"height":1000,"url":"https:\/\/img.bagnoitalia.com\/wp-content\/uploads\/1-215.webp","type":"image\/webp"}],"twitter_card":"summary_large_image","twitter_misc":{"Dur\u00e9e de lecture estim\u00e9e":"1 minute"},"schema":{"@context":"https:\/\/schema.org","@graph":[{"@type":"WebPage","@id":"https:\/\/www.bagnoitalia.com\/fr\/produit\/infrared-sauna-150x150-cm-2-seater-radiant-carbon-and-full-spectrum-sn094.html","url":"https:\/\/www.bagnoitalia.com\/fr\/produit\/infrared-sauna-150x150-cm-2-seater-radiant-carbon-and-full-spectrum-sn094.html","name":"Sauna infrarouge 150x150 cm 2 places carbone radiant et spectre complet SN094 - Bagno Italia","isPartOf":{"@id":"https:\/\/www.bagnoitalia.com\/fr#website"},"primaryImageOfPage":{"@id":"https:\/\/www.bagnoitalia.com\/fr\/produit\/infrared-sauna-150x150-cm-2-seater-radiant-carbon-and-full-spectrum-sn094.html#primaryimage"},"image":{"@id":"https:\/\/www.bagnoitalia.com\/fr\/produit\/infrared-sauna-150x150-cm-2-seater-radiant-carbon-and-full-spectrum-sn094.html#primaryimage"},"thumbnailUrl":"https:\/\/img.bagnoitalia.com\/wp-content\/uploads\/sauna-infrarossi-150x150-cm-full-spectrum-sn094-luci.jpg","datePublished":"2025-03-03T14:17:15+00:00","dateModified":"2025-03-03T14:19:20+00:00","breadcrumb":{"@id":"https:\/\/www.bagnoitalia.com\/fr\/produit\/infrared-sauna-150x150-cm-2-seater-radiant-carbon-and-full-spectrum-sn094.html#breadcrumb"},"inLanguage":"fr-FR","potentialAction":[{"@type":"ReadAction","target":["https:\/\/www.bagnoitalia.com\/fr\/produit\/infrared-sauna-150x150-cm-2-seater-radiant-carbon-and-full-spectrum-sn094.html"]}]},{"@type":"ImageObject","inLanguage":"fr-FR","@id":"https:\/\/www.bagnoitalia.com\/fr\/produit\/infrared-sauna-150x150-cm-2-seater-radiant-carbon-and-full-spectrum-sn094.html#primaryimage","url":"https:\/\/img.bagnoitalia.com\/wp-content\/uploads\/sauna-infrarossi-150x150-cm-full-spectrum-sn094-luci.jpg","contentUrl":"https:\/\/img.bagnoitalia.com\/wp-content\/uploads\/sauna-infrarossi-150x150-cm-full-spectrum-sn094-luci.jpg","width":1000,"height":1000},{"@type":"BreadcrumbList","@id":"https:\/\/www.bagnoitalia.com\/fr\/produit\/infrared-sauna-150x150-cm-2-seater-radiant-carbon-and-full-spectrum-sn094.html#breadcrumb","itemListElement":[{"@type":"ListItem","position":1,"name":"Home","item":"https:\/\/www.bagnoitalia.com\/fr"},{"@type":"ListItem","position":2,"name":"Produits","item":"https:\/\/www.bagnoitalia.com\/fr\/shop"},{"@type":"ListItem","position":3,"name":"Sauna infrarouge 150&#215;150 cm 2 places carbone radiant et spectre complet SN094"}]},{"@type":"WebSite","@id":"https:\/\/www.bagnoitalia.com\/fr#website","url":"https:\/\/www.bagnoitalia.com\/fr","name":"Bagno Italia","description":"","publisher":{"@id":"https:\/\/www.bagnoitalia.com\/fr#organization"},"potentialAction":[{"@type":"SearchAction","target":{"@type":"EntryPoint","urlTemplate":"https:\/\/www.bagnoitalia.com\/fr?s={search_term_string}"},"query-input":{"@type":"PropertyValueSpecification","valueRequired":true,"valueName":"search_term_string"}}],"inLanguage":"fr-FR"},{"@type":"Organization","@id":"https:\/\/www.bagnoitalia.com\/fr#organization","name":"Bagno Italia","url":"https:\/\/www.bagnoitalia.com\/fr","logo":{"@type":"ImageObject","inLanguage":"fr-FR","@id":"https:\/\/www.bagnoitalia.com\/fr#\/schema\/logo\/image\/","url":"https:\/\/img.bagnoitalia.com\/wp-content\/uploads\/logo-bagnoitalia.webp","contentUrl":"https:\/\/img.bagnoitalia.com\/wp-content\/uploads\/logo-bagnoitalia.webp","width":400,"height":70,"caption":"Bagno Italia"},"image":{"@id":"https:\/\/www.bagnoitalia.com\/fr#\/schema\/logo\/image\/"}}]}},"_links":{"self":[{"href":"https:\/\/www.bagnoitalia.com\/fr\/wp-json\/wp\/v2\/product\/103389","targetHints":{"allow":["GET"]}}],"collection":[{"href":"https:\/\/www.bagnoitalia.com\/fr\/wp-json\/wp\/v2\/product"}],"about":[{"href":"https:\/\/www.bagnoitalia.com\/fr\/wp-json\/wp\/v2\/types\/product"}],"replies":[{"embeddable":true,"href":"https:\/\/www.bagnoitalia.com\/fr\/wp-json\/wp\/v2\/comments?post=103389"}],"version-history":[{"count":1,"href":"https:\/\/www.bagnoitalia.com\/fr\/wp-json\/wp\/v2\/product\/103389\/revisions"}],"predecessor-version":[{"id":103394,"href":"https:\/\/www.bagnoitalia.com\/fr\/wp-json\/wp\/v2\/product\/103389\/revisions\/103394"}],"wp:featuredmedia":[{"embeddable":true,"href":"https:\/\/www.bagnoitalia.com\/fr\/wp-json\/wp\/v2\/media\/109952"}],"wp:attachment":[{"href":"https:\/\/www.bagnoitalia.com\/fr\/wp-json\/wp\/v2\/media?parent=103389"}],"wp:term":[{"taxonomy":"product_brand","embeddable":true,"href":"https:\/\/www.bagnoitalia.com\/fr\/wp-json\/wp\/v2\/product_brand?post=103389"},{"taxonomy":"product_cat","embeddable":true,"href":"https:\/\/www.bagnoitalia.com\/fr\/wp-json\/wp\/v2\/product_cat?post=103389"},{"taxonomy":"product_tag","embeddable":true,"href":"https:\/\/www.bagnoitalia.com\/fr\/wp-json\/wp\/v2\/product_tag?post=103389"}],"curies":[{"name":"wp","href":"https:\/\/api.w.org\/{rel}","templated":true}]}}