{"id":103235,"date":"2025-02-27T16:58:59","date_gmt":"2025-02-27T15:58:59","guid":{"rendered":"https:\/\/www.bagnoitalia.com\/square-hydromassage-shower-enclosure-90x90-cm-with-quick-assembly-quick-line-cb101.html"},"modified":"2025-02-27T17:01:41","modified_gmt":"2025-02-27T16:01:41","slug":"square-hydromassage-shower-enclosure-90x90-cm-with-quick-assembly-quick-line-cb101","status":"publish","type":"product","link":"https:\/\/www.bagnoitalia.com\/fr\/produit\/square-hydromassage-shower-enclosure-90x90-cm-with-quick-assembly-quick-line-cb101.html","title":{"rendered":"Cabine de douche hydromassante carr\u00e9e 90&#215;90 cm avec montage rapide quick line CB101"},"content":{"rendered":"<p>Bo\u00eete de bain bouillonnant \u00e0 ligne rapide carr\u00e9e CB101<\/p>\n<p>&nbsp;<\/p>\n<p>&nbsp;<\/p>\n<p>&nbsp;<\/p>\n<p>D\u00c9TAILS DU PRODUIT<\/p>\n<p>&nbsp;<\/p>\n<p>Cabine de douche hydromassante carr\u00e9e<\/p>\n<p>Dimensions : 90x90xH215 90x90xH215<\/p>\n<p>Avec un hydrojet<\/p>\n<p>Porte et partie fixe en verre de s\u00e9curit\u00e9 de 5mm<\/p>\n<p>Panneau arri\u00e8re en verre noir de 4mm<\/p>\n<p>Receveur de douche en acrylique de 14 cm<\/p>\n<p>Ecran de contr\u00f4le tactile<\/p>\n<p>Toit en verre avec \u00e9clairage LED, ventilateur et haut-parleur<\/p>\n<p>Douche de t\u00eate et douche lat\u00e9rale<\/p>\n<p>Radio<\/p>\n<p>Porte coulissante<\/p>\n<p>Profil\u00e9s en aluminium chrom\u00e9<\/p>\n<p>Poign\u00e9es en ABS chrom\u00e9<\/p>\n<p>Tablette porte-bouteilles<\/p>\n<p>Syst\u00e8me d&rsquo;assemblage rapide Quick-Line<\/p>\n<p>&nbsp;<\/p>\n<p>Installation rapide en 5 minutes, syst\u00e8me innovant Quick-Line, vid\u00e9o :<\/p>\n<div class=\"video-container\"><iframe title=\"Montaggio rapido cabina idromassaggio Bagno Italia sistema Quick Line\" width=\"1170\" height=\"658\" src=\"https:\/\/www.youtube.com\/embed\/t6U-M3CwurE?feature=oembed\" frameborder=\"0\" allow=\"accelerometer; autoplay; clipboard-write; encrypted-media; gyroscope; picture-in-picture; web-share\" referrerpolicy=\"strict-origin-when-cross-origin\" allowfullscreen><\/iframe><\/div>\n<p>&nbsp;<\/p>\n<p>&nbsp;<\/p>\n<p>&nbsp;<\/p>\n<p>&nbsp;<\/p>\n<p>&nbsp;<\/p>\n<p>&nbsp;<\/p>\n<p>&nbsp;<\/p>\n<p>&nbsp;<\/p>\n<p>&nbsp;<\/p>\n<p>CL21<\/p>\n<p>&nbsp;<\/p>\n","protected":false},"excerpt":{"rendered":"<p>Cabine hydromassante avec bac de douche en acrylique et jet de massage sur la colonne de douche. \u00c9quip\u00e9e d&rsquo;un \u00e9cran de contr\u00f4le tactile avec radio, haut-parleurs et syst\u00e8me de ventilation.<\/p>\n","protected":false},"featured_media":103191,"comment_status":"open","ping_status":"closed","template":"","meta":[],"product_brand":[9942],"product_cat":[9735],"product_tag":[],"class_list":{"0":"post-103235","1":"product","2":"type-product","3":"status-publish","4":"has-post-thumbnail","6":"product_brand-sanotechnik-italia-fr","7":"product_cat-cabine-d-39-hydromassage","9":"first","10":"instock","11":"sale","12":"taxable","13":"shipping-taxable","14":"purchasable","15":"product-type-simple"},"exclude_global_add_ons":[],"addons":[],"yoast_head":"<!-- This site is optimized with the Yoast SEO plugin v26.7 - https:\/\/yoast.com\/wordpress\/plugins\/seo\/ -->\n<title>Cabine de douche hydromassante carr\u00e9e 90x90 cm avec montage rapide quick line CB101 - Bagno Italia<\/title>\n<meta name=\"robots\" content=\"index, follow, max-snippet:-1, max-image-preview:large, max-video-preview:-1\" \/>\n<link rel=\"canonical\" href=\"https:\/\/www.bagnoitalia.com\/fr\/produit\/square-hydromassage-shower-enclosure-90x90-cm-with-quick-assembly-quick-line-cb101.html\" \/>\n<meta property=\"og:locale\" content=\"fr_FR\" \/>\n<meta property=\"og:type\" content=\"article\" \/>\n<meta property=\"og:title\" content=\"Cabine de douche hydromassante carr\u00e9e 90x90 cm avec montage rapide quick line CB101 - Bagno Italia\" \/>\n<meta property=\"og:description\" content=\"Cabine hydromassante avec bac de douche en acrylique et jet de massage sur la colonne de douche. \u00c9quip\u00e9e d&#039;un \u00e9cran de contr\u00f4le tactile avec radio, haut-parleurs et syst\u00e8me de ventilation.\" \/>\n<meta property=\"og:url\" content=\"https:\/\/www.bagnoitalia.com\/fr\/produit\/square-hydromassage-shower-enclosure-90x90-cm-with-quick-assembly-quick-line-cb101.html\" \/>\n<meta property=\"og:site_name\" content=\"Bagno Italia\" \/>\n<meta property=\"article:modified_time\" content=\"2025-02-27T16:01:41+00:00\" \/>\n<meta property=\"og:image\" content=\"https:\/\/img.bagnoitalia.com\/wp-content\/uploads\/1-212.webp\" \/>\n\t<meta property=\"og:image:width\" content=\"1000\" \/>\n\t<meta property=\"og:image:height\" content=\"1000\" \/>\n\t<meta property=\"og:image:type\" content=\"image\/webp\" \/>\n<meta name=\"twitter:card\" content=\"summary_large_image\" \/>\n<meta name=\"twitter:label1\" content=\"Dur\u00e9e de lecture estim\u00e9e\" \/>\n\t<meta name=\"twitter:data1\" content=\"1 minute\" \/>\n<script type=\"application\/ld+json\" class=\"yoast-schema-graph\">{\"@context\":\"https:\/\/schema.org\",\"@graph\":[{\"@type\":\"WebPage\",\"@id\":\"https:\/\/www.bagnoitalia.com\/fr\/produit\/square-hydromassage-shower-enclosure-90x90-cm-with-quick-assembly-quick-line-cb101.html\",\"url\":\"https:\/\/www.bagnoitalia.com\/fr\/produit\/square-hydromassage-shower-enclosure-90x90-cm-with-quick-assembly-quick-line-cb101.html\",\"name\":\"Cabine de douche hydromassante carr\u00e9e 90x90 cm avec montage rapide quick line CB101 - Bagno Italia\",\"isPartOf\":{\"@id\":\"https:\/\/www.bagnoitalia.com\/fr#website\"},\"primaryImageOfPage\":{\"@id\":\"https:\/\/www.bagnoitalia.com\/fr\/produit\/square-hydromassage-shower-enclosure-90x90-cm-with-quick-assembly-quick-line-cb101.html#primaryimage\"},\"image\":{\"@id\":\"https:\/\/www.bagnoitalia.com\/fr\/produit\/square-hydromassage-shower-enclosure-90x90-cm-with-quick-assembly-quick-line-cb101.html#primaryimage\"},\"thumbnailUrl\":\"https:\/\/img.bagnoitalia.com\/wp-content\/uploads\/1-212.webp\",\"datePublished\":\"2025-02-27T15:58:59+00:00\",\"dateModified\":\"2025-02-27T16:01:41+00:00\",\"breadcrumb\":{\"@id\":\"https:\/\/www.bagnoitalia.com\/fr\/produit\/square-hydromassage-shower-enclosure-90x90-cm-with-quick-assembly-quick-line-cb101.html#breadcrumb\"},\"inLanguage\":\"fr-FR\",\"potentialAction\":[{\"@type\":\"ReadAction\",\"target\":[\"https:\/\/www.bagnoitalia.com\/fr\/produit\/square-hydromassage-shower-enclosure-90x90-cm-with-quick-assembly-quick-line-cb101.html\"]}]},{\"@type\":\"ImageObject\",\"inLanguage\":\"fr-FR\",\"@id\":\"https:\/\/www.bagnoitalia.com\/fr\/produit\/square-hydromassage-shower-enclosure-90x90-cm-with-quick-assembly-quick-line-cb101.html#primaryimage\",\"url\":\"https:\/\/img.bagnoitalia.com\/wp-content\/uploads\/1-212.webp\",\"contentUrl\":\"https:\/\/img.bagnoitalia.com\/wp-content\/uploads\/1-212.webp\",\"width\":1000,\"height\":1000},{\"@type\":\"BreadcrumbList\",\"@id\":\"https:\/\/www.bagnoitalia.com\/fr\/produit\/square-hydromassage-shower-enclosure-90x90-cm-with-quick-assembly-quick-line-cb101.html#breadcrumb\",\"itemListElement\":[{\"@type\":\"ListItem\",\"position\":1,\"name\":\"Home\",\"item\":\"https:\/\/www.bagnoitalia.com\/fr\"},{\"@type\":\"ListItem\",\"position\":2,\"name\":\"Produits\",\"item\":\"https:\/\/www.bagnoitalia.com\/fr\/shop\"},{\"@type\":\"ListItem\",\"position\":3,\"name\":\"Cabine de douche hydromassante carr\u00e9e 90&#215;90 cm avec montage rapide quick line CB101\"}]},{\"@type\":\"WebSite\",\"@id\":\"https:\/\/www.bagnoitalia.com\/fr#website\",\"url\":\"https:\/\/www.bagnoitalia.com\/fr\",\"name\":\"Bagno Italia\",\"description\":\"\",\"publisher\":{\"@id\":\"https:\/\/www.bagnoitalia.com\/fr#organization\"},\"potentialAction\":[{\"@type\":\"SearchAction\",\"target\":{\"@type\":\"EntryPoint\",\"urlTemplate\":\"https:\/\/www.bagnoitalia.com\/fr?s={search_term_string}\"},\"query-input\":{\"@type\":\"PropertyValueSpecification\",\"valueRequired\":true,\"valueName\":\"search_term_string\"}}],\"inLanguage\":\"fr-FR\"},{\"@type\":\"Organization\",\"@id\":\"https:\/\/www.bagnoitalia.com\/fr#organization\",\"name\":\"Bagno Italia\",\"url\":\"https:\/\/www.bagnoitalia.com\/fr\",\"logo\":{\"@type\":\"ImageObject\",\"inLanguage\":\"fr-FR\",\"@id\":\"https:\/\/www.bagnoitalia.com\/fr#\/schema\/logo\/image\/\",\"url\":\"https:\/\/img.bagnoitalia.com\/wp-content\/uploads\/logo-bagnoitalia.webp\",\"contentUrl\":\"https:\/\/img.bagnoitalia.com\/wp-content\/uploads\/logo-bagnoitalia.webp\",\"width\":400,\"height\":70,\"caption\":\"Bagno Italia\"},\"image\":{\"@id\":\"https:\/\/www.bagnoitalia.com\/fr#\/schema\/logo\/image\/\"}}]}<\/script>\n<!-- \/ Yoast SEO plugin. -->","yoast_head_json":{"title":"Cabine de douche hydromassante carr\u00e9e 90x90 cm avec montage rapide quick line CB101 - Bagno Italia","robots":{"index":"index","follow":"follow","max-snippet":"max-snippet:-1","max-image-preview":"max-image-preview:large","max-video-preview":"max-video-preview:-1"},"canonical":"https:\/\/www.bagnoitalia.com\/fr\/produit\/square-hydromassage-shower-enclosure-90x90-cm-with-quick-assembly-quick-line-cb101.html","og_locale":"fr_FR","og_type":"article","og_title":"Cabine de douche hydromassante carr\u00e9e 90x90 cm avec montage rapide quick line CB101 - Bagno Italia","og_description":"Cabine hydromassante avec bac de douche en acrylique et jet de massage sur la colonne de douche. \u00c9quip\u00e9e d'un \u00e9cran de contr\u00f4le tactile avec radio, haut-parleurs et syst\u00e8me de ventilation.","og_url":"https:\/\/www.bagnoitalia.com\/fr\/produit\/square-hydromassage-shower-enclosure-90x90-cm-with-quick-assembly-quick-line-cb101.html","og_site_name":"Bagno Italia","article_modified_time":"2025-02-27T16:01:41+00:00","og_image":[{"width":1000,"height":1000,"url":"https:\/\/img.bagnoitalia.com\/wp-content\/uploads\/1-212.webp","type":"image\/webp"}],"twitter_card":"summary_large_image","twitter_misc":{"Dur\u00e9e de lecture estim\u00e9e":"1 minute"},"schema":{"@context":"https:\/\/schema.org","@graph":[{"@type":"WebPage","@id":"https:\/\/www.bagnoitalia.com\/fr\/produit\/square-hydromassage-shower-enclosure-90x90-cm-with-quick-assembly-quick-line-cb101.html","url":"https:\/\/www.bagnoitalia.com\/fr\/produit\/square-hydromassage-shower-enclosure-90x90-cm-with-quick-assembly-quick-line-cb101.html","name":"Cabine de douche hydromassante carr\u00e9e 90x90 cm avec montage rapide quick line CB101 - Bagno Italia","isPartOf":{"@id":"https:\/\/www.bagnoitalia.com\/fr#website"},"primaryImageOfPage":{"@id":"https:\/\/www.bagnoitalia.com\/fr\/produit\/square-hydromassage-shower-enclosure-90x90-cm-with-quick-assembly-quick-line-cb101.html#primaryimage"},"image":{"@id":"https:\/\/www.bagnoitalia.com\/fr\/produit\/square-hydromassage-shower-enclosure-90x90-cm-with-quick-assembly-quick-line-cb101.html#primaryimage"},"thumbnailUrl":"https:\/\/img.bagnoitalia.com\/wp-content\/uploads\/1-212.webp","datePublished":"2025-02-27T15:58:59+00:00","dateModified":"2025-02-27T16:01:41+00:00","breadcrumb":{"@id":"https:\/\/www.bagnoitalia.com\/fr\/produit\/square-hydromassage-shower-enclosure-90x90-cm-with-quick-assembly-quick-line-cb101.html#breadcrumb"},"inLanguage":"fr-FR","potentialAction":[{"@type":"ReadAction","target":["https:\/\/www.bagnoitalia.com\/fr\/produit\/square-hydromassage-shower-enclosure-90x90-cm-with-quick-assembly-quick-line-cb101.html"]}]},{"@type":"ImageObject","inLanguage":"fr-FR","@id":"https:\/\/www.bagnoitalia.com\/fr\/produit\/square-hydromassage-shower-enclosure-90x90-cm-with-quick-assembly-quick-line-cb101.html#primaryimage","url":"https:\/\/img.bagnoitalia.com\/wp-content\/uploads\/1-212.webp","contentUrl":"https:\/\/img.bagnoitalia.com\/wp-content\/uploads\/1-212.webp","width":1000,"height":1000},{"@type":"BreadcrumbList","@id":"https:\/\/www.bagnoitalia.com\/fr\/produit\/square-hydromassage-shower-enclosure-90x90-cm-with-quick-assembly-quick-line-cb101.html#breadcrumb","itemListElement":[{"@type":"ListItem","position":1,"name":"Home","item":"https:\/\/www.bagnoitalia.com\/fr"},{"@type":"ListItem","position":2,"name":"Produits","item":"https:\/\/www.bagnoitalia.com\/fr\/shop"},{"@type":"ListItem","position":3,"name":"Cabine de douche hydromassante carr\u00e9e 90&#215;90 cm avec montage rapide quick line CB101"}]},{"@type":"WebSite","@id":"https:\/\/www.bagnoitalia.com\/fr#website","url":"https:\/\/www.bagnoitalia.com\/fr","name":"Bagno Italia","description":"","publisher":{"@id":"https:\/\/www.bagnoitalia.com\/fr#organization"},"potentialAction":[{"@type":"SearchAction","target":{"@type":"EntryPoint","urlTemplate":"https:\/\/www.bagnoitalia.com\/fr?s={search_term_string}"},"query-input":{"@type":"PropertyValueSpecification","valueRequired":true,"valueName":"search_term_string"}}],"inLanguage":"fr-FR"},{"@type":"Organization","@id":"https:\/\/www.bagnoitalia.com\/fr#organization","name":"Bagno Italia","url":"https:\/\/www.bagnoitalia.com\/fr","logo":{"@type":"ImageObject","inLanguage":"fr-FR","@id":"https:\/\/www.bagnoitalia.com\/fr#\/schema\/logo\/image\/","url":"https:\/\/img.bagnoitalia.com\/wp-content\/uploads\/logo-bagnoitalia.webp","contentUrl":"https:\/\/img.bagnoitalia.com\/wp-content\/uploads\/logo-bagnoitalia.webp","width":400,"height":70,"caption":"Bagno Italia"},"image":{"@id":"https:\/\/www.bagnoitalia.com\/fr#\/schema\/logo\/image\/"}}]}},"_links":{"self":[{"href":"https:\/\/www.bagnoitalia.com\/fr\/wp-json\/wp\/v2\/product\/103235","targetHints":{"allow":["GET"]}}],"collection":[{"href":"https:\/\/www.bagnoitalia.com\/fr\/wp-json\/wp\/v2\/product"}],"about":[{"href":"https:\/\/www.bagnoitalia.com\/fr\/wp-json\/wp\/v2\/types\/product"}],"replies":[{"embeddable":true,"href":"https:\/\/www.bagnoitalia.com\/fr\/wp-json\/wp\/v2\/comments?post=103235"}],"version-history":[{"count":1,"href":"https:\/\/www.bagnoitalia.com\/fr\/wp-json\/wp\/v2\/product\/103235\/revisions"}],"predecessor-version":[{"id":103240,"href":"https:\/\/www.bagnoitalia.com\/fr\/wp-json\/wp\/v2\/product\/103235\/revisions\/103240"}],"wp:featuredmedia":[{"embeddable":true,"href":"https:\/\/www.bagnoitalia.com\/fr\/wp-json\/wp\/v2\/media\/103191"}],"wp:attachment":[{"href":"https:\/\/www.bagnoitalia.com\/fr\/wp-json\/wp\/v2\/media?parent=103235"}],"wp:term":[{"taxonomy":"product_brand","embeddable":true,"href":"https:\/\/www.bagnoitalia.com\/fr\/wp-json\/wp\/v2\/product_brand?post=103235"},{"taxonomy":"product_cat","embeddable":true,"href":"https:\/\/www.bagnoitalia.com\/fr\/wp-json\/wp\/v2\/product_cat?post=103235"},{"taxonomy":"product_tag","embeddable":true,"href":"https:\/\/www.bagnoitalia.com\/fr\/wp-json\/wp\/v2\/product_tag?post=103235"}],"curies":[{"name":"wp","href":"https:\/\/api.w.org\/{rel}","templated":true}]}}