{"id":103143,"date":"2025-02-27T15:44:36","date_gmt":"2025-02-27T14:44:36","guid":{"rendered":"https:\/\/www.bagnoitalia.com\/6-person-outdoor-finnish-barrel-sauna-189x220-cm-sn092.html"},"modified":"2025-10-01T10:56:47","modified_gmt":"2025-10-01T08:56:47","slug":"6-person-outdoor-finnish-barrel-sauna-189x220-cm-sn092","status":"publish","type":"product","link":"https:\/\/www.bagnoitalia.com\/fr\/produit\/6-person-outdoor-finnish-barrel-sauna-189x220-cm-sn092.html","title":{"rendered":"Sauna finlandais ext\u00e9rieur 6 personnes 189&#215;220 cm SN092"},"content":{"rendered":"<p>SAUNA FINLANDAISE 6 places &lsquo;SN092<\/p>\n<p>&nbsp;<\/p>\n<p>caract\u00e9ristiques et accessoires inclus<\/p>\n<p>Sauna ext\u00e9rieur, pour 6 personnes<\/p>\n<p>Type de sauna : Finlandais<\/p>\n<p>Forme : en tonneau<\/p>\n<p>Avec 2 trous d&rsquo;a\u00e9ration, pour une circulation optimale de l&rsquo;air<\/p>\n<p>Fourni avec :<\/p>\n<p>&#8211; R\u00e9chaud avec pierres<\/p>\n<p>&#8211; Seau avec louche<\/p>\n<p>&#8211; Thermom\u00e8tre<\/p>\n<p>&#8211; Sablier<\/p>\n<p>&nbsp;<\/p>\n<p>&nbsp;<\/p>\n<p>&nbsp;<\/p>\n<p>&nbsp;<\/p>\n<p>DIMENSIONS ET SP\u00c9CIFICATIONS TECHNIQUES<\/p>\n<p>Dimensions ext\u00e9rieures : 189xD220xH191,5 cm<\/p>\n<p>Dimensions int\u00e9rieures : 176,8xP193,8xH176,8 cm<\/p>\n<p>Dimensions de la base : environ 135&#215;190 cm<\/p>\n<p>Parois de 3,8 cm d&rsquo;\u00e9paisseur<\/p>\n<p>n.2 si\u00e8ges 193,5&#215;48 cm<\/p>\n<p>Structure en bois d&rsquo;\u00e9pic\u00e9a<\/p>\n<p>Verre de 6 mm<\/p>\n<p>Toit en asphalte<\/p>\n<p>Po\u00eale de 8 kW<\/p>\n<p>Temp\u00e9rature maximale : 70-90\u00b0C<\/p>\n<p>Charge de neige sur le toit : environ 150 kg\/m2<\/p>\n<p>Angle d&rsquo;ouverture de la porte : 180<\/p>\n<p>Tension d&rsquo;alimentation 220V+380V<\/p>\n<p>&nbsp;<\/p>\n<p>&nbsp;<\/p>\n<p>&nbsp;<\/p>\n<p>&nbsp;<\/p>\n<p>&nbsp;<\/p>\n<p>&nbsp;<\/p>\n<p>&nbsp;<\/p>\n<p>&nbsp;<\/p>\n<p>&nbsp;<\/p>\n<p>&nbsp;<\/p>\n<p>&nbsp;<\/p>\n<p>&nbsp;<\/p>\n<p>&nbsp;<\/p>\n<p>&nbsp;<\/p>\n<p>&nbsp;<\/p>\n<p>&nbsp;<\/p>\n<p>&nbsp;<\/p>\n<p>&nbsp;<\/p>\n<p>&nbsp;<\/p>\n<p>&nbsp;<\/p>\n<p>&nbsp;<\/p>\n<p>&nbsp;<\/p>\n<p>F50220<\/p>\n<p>&nbsp;<\/p>\n<p>&nbsp;<\/p>\n","protected":false},"excerpt":{"rendered":"<p>Sauna finlandais en forme de tonneau, pour 6 personnes. Fabriqu\u00e9 en bois de sapin, il comprend : po\u00eale avec pierres, thermom\u00e8tre, sablier et seau avec louche.<\/p>\n","protected":false},"featured_media":115759,"comment_status":"open","ping_status":"closed","template":"","meta":[],"product_brand":[9942],"product_cat":[9731],"product_tag":[],"class_list":{"0":"post-103143","1":"product","2":"type-product","3":"status-publish","4":"has-post-thumbnail","6":"product_brand-sanotechnik-italia-fr","7":"product_cat-sauna-finlandais","9":"first","10":"instock","11":"sale","12":"taxable","13":"shipping-taxable","14":"purchasable","15":"product-type-simple"},"exclude_global_add_ons":[],"addons":[],"yoast_head":"<!-- This site is optimized with the Yoast SEO plugin v26.7 - https:\/\/yoast.com\/wordpress\/plugins\/seo\/ -->\n<title>Sauna finlandais ext\u00e9rieur 6 personnes 189x220 cm SN092 - Bagno Italia<\/title>\n<meta name=\"robots\" content=\"index, follow, max-snippet:-1, max-image-preview:large, max-video-preview:-1\" \/>\n<link rel=\"canonical\" href=\"https:\/\/www.bagnoitalia.com\/fr\/produit\/6-person-outdoor-finnish-barrel-sauna-189x220-cm-sn092.html\" \/>\n<meta property=\"og:locale\" content=\"fr_FR\" \/>\n<meta property=\"og:type\" content=\"article\" \/>\n<meta property=\"og:title\" content=\"Sauna finlandais ext\u00e9rieur 6 personnes 189x220 cm SN092 - Bagno Italia\" \/>\n<meta property=\"og:description\" content=\"Sauna finlandais en forme de tonneau, pour 6 personnes. Fabriqu\u00e9 en bois de sapin, il comprend : po\u00eale avec pierres, thermom\u00e8tre, sablier et seau avec louche.\" \/>\n<meta property=\"og:url\" content=\"https:\/\/www.bagnoitalia.com\/fr\/produit\/6-person-outdoor-finnish-barrel-sauna-189x220-cm-sn092.html\" \/>\n<meta property=\"og:site_name\" content=\"Bagno Italia\" \/>\n<meta property=\"article:modified_time\" content=\"2025-10-01T08:56:47+00:00\" \/>\n<meta property=\"og:image\" content=\"https:\/\/img.bagnoitalia.com\/wp-content\/uploads\/1-210.webp\" \/>\n\t<meta property=\"og:image:width\" content=\"1000\" \/>\n\t<meta property=\"og:image:height\" content=\"1000\" \/>\n\t<meta property=\"og:image:type\" content=\"image\/webp\" \/>\n<meta name=\"twitter:card\" content=\"summary_large_image\" \/>\n<meta name=\"twitter:label1\" content=\"Dur\u00e9e de lecture estim\u00e9e\" \/>\n\t<meta name=\"twitter:data1\" content=\"1 minute\" \/>\n<script type=\"application\/ld+json\" class=\"yoast-schema-graph\">{\"@context\":\"https:\/\/schema.org\",\"@graph\":[{\"@type\":\"WebPage\",\"@id\":\"https:\/\/www.bagnoitalia.com\/fr\/produit\/6-person-outdoor-finnish-barrel-sauna-189x220-cm-sn092.html\",\"url\":\"https:\/\/www.bagnoitalia.com\/fr\/produit\/6-person-outdoor-finnish-barrel-sauna-189x220-cm-sn092.html\",\"name\":\"Sauna finlandais ext\u00e9rieur 6 personnes 189x220 cm SN092 - Bagno Italia\",\"isPartOf\":{\"@id\":\"https:\/\/www.bagnoitalia.com\/fr#website\"},\"primaryImageOfPage\":{\"@id\":\"https:\/\/www.bagnoitalia.com\/fr\/produit\/6-person-outdoor-finnish-barrel-sauna-189x220-cm-sn092.html#primaryimage\"},\"image\":{\"@id\":\"https:\/\/www.bagnoitalia.com\/fr\/produit\/6-person-outdoor-finnish-barrel-sauna-189x220-cm-sn092.html#primaryimage\"},\"thumbnailUrl\":\"https:\/\/img.bagnoitalia.com\/wp-content\/uploads\/sauna-finlandese-botte-189x220-cm-sn092-dettagli.jpg\",\"datePublished\":\"2025-02-27T14:44:36+00:00\",\"dateModified\":\"2025-10-01T08:56:47+00:00\",\"breadcrumb\":{\"@id\":\"https:\/\/www.bagnoitalia.com\/fr\/produit\/6-person-outdoor-finnish-barrel-sauna-189x220-cm-sn092.html#breadcrumb\"},\"inLanguage\":\"fr-FR\",\"potentialAction\":[{\"@type\":\"ReadAction\",\"target\":[\"https:\/\/www.bagnoitalia.com\/fr\/produit\/6-person-outdoor-finnish-barrel-sauna-189x220-cm-sn092.html\"]}]},{\"@type\":\"ImageObject\",\"inLanguage\":\"fr-FR\",\"@id\":\"https:\/\/www.bagnoitalia.com\/fr\/produit\/6-person-outdoor-finnish-barrel-sauna-189x220-cm-sn092.html#primaryimage\",\"url\":\"https:\/\/img.bagnoitalia.com\/wp-content\/uploads\/sauna-finlandese-botte-189x220-cm-sn092-dettagli.jpg\",\"contentUrl\":\"https:\/\/img.bagnoitalia.com\/wp-content\/uploads\/sauna-finlandese-botte-189x220-cm-sn092-dettagli.jpg\",\"width\":999,\"height\":1000},{\"@type\":\"BreadcrumbList\",\"@id\":\"https:\/\/www.bagnoitalia.com\/fr\/produit\/6-person-outdoor-finnish-barrel-sauna-189x220-cm-sn092.html#breadcrumb\",\"itemListElement\":[{\"@type\":\"ListItem\",\"position\":1,\"name\":\"Home\",\"item\":\"https:\/\/www.bagnoitalia.com\/fr\"},{\"@type\":\"ListItem\",\"position\":2,\"name\":\"Produits\",\"item\":\"https:\/\/www.bagnoitalia.com\/fr\/shop\"},{\"@type\":\"ListItem\",\"position\":3,\"name\":\"Sauna finlandais ext\u00e9rieur 6 personnes 189&#215;220 cm SN092\"}]},{\"@type\":\"WebSite\",\"@id\":\"https:\/\/www.bagnoitalia.com\/fr#website\",\"url\":\"https:\/\/www.bagnoitalia.com\/fr\",\"name\":\"Bagno Italia\",\"description\":\"\",\"publisher\":{\"@id\":\"https:\/\/www.bagnoitalia.com\/fr#organization\"},\"potentialAction\":[{\"@type\":\"SearchAction\",\"target\":{\"@type\":\"EntryPoint\",\"urlTemplate\":\"https:\/\/www.bagnoitalia.com\/fr?s={search_term_string}\"},\"query-input\":{\"@type\":\"PropertyValueSpecification\",\"valueRequired\":true,\"valueName\":\"search_term_string\"}}],\"inLanguage\":\"fr-FR\"},{\"@type\":\"Organization\",\"@id\":\"https:\/\/www.bagnoitalia.com\/fr#organization\",\"name\":\"Bagno Italia\",\"url\":\"https:\/\/www.bagnoitalia.com\/fr\",\"logo\":{\"@type\":\"ImageObject\",\"inLanguage\":\"fr-FR\",\"@id\":\"https:\/\/www.bagnoitalia.com\/fr#\/schema\/logo\/image\/\",\"url\":\"https:\/\/img.bagnoitalia.com\/wp-content\/uploads\/logo-bagnoitalia.webp\",\"contentUrl\":\"https:\/\/img.bagnoitalia.com\/wp-content\/uploads\/logo-bagnoitalia.webp\",\"width\":400,\"height\":70,\"caption\":\"Bagno Italia\"},\"image\":{\"@id\":\"https:\/\/www.bagnoitalia.com\/fr#\/schema\/logo\/image\/\"}}]}<\/script>\n<!-- \/ Yoast SEO plugin. -->","yoast_head_json":{"title":"Sauna finlandais ext\u00e9rieur 6 personnes 189x220 cm SN092 - Bagno Italia","robots":{"index":"index","follow":"follow","max-snippet":"max-snippet:-1","max-image-preview":"max-image-preview:large","max-video-preview":"max-video-preview:-1"},"canonical":"https:\/\/www.bagnoitalia.com\/fr\/produit\/6-person-outdoor-finnish-barrel-sauna-189x220-cm-sn092.html","og_locale":"fr_FR","og_type":"article","og_title":"Sauna finlandais ext\u00e9rieur 6 personnes 189x220 cm SN092 - Bagno Italia","og_description":"Sauna finlandais en forme de tonneau, pour 6 personnes. Fabriqu\u00e9 en bois de sapin, il comprend : po\u00eale avec pierres, thermom\u00e8tre, sablier et seau avec louche.","og_url":"https:\/\/www.bagnoitalia.com\/fr\/produit\/6-person-outdoor-finnish-barrel-sauna-189x220-cm-sn092.html","og_site_name":"Bagno Italia","article_modified_time":"2025-10-01T08:56:47+00:00","og_image":[{"width":1000,"height":1000,"url":"https:\/\/img.bagnoitalia.com\/wp-content\/uploads\/1-210.webp","type":"image\/webp"}],"twitter_card":"summary_large_image","twitter_misc":{"Dur\u00e9e de lecture estim\u00e9e":"1 minute"},"schema":{"@context":"https:\/\/schema.org","@graph":[{"@type":"WebPage","@id":"https:\/\/www.bagnoitalia.com\/fr\/produit\/6-person-outdoor-finnish-barrel-sauna-189x220-cm-sn092.html","url":"https:\/\/www.bagnoitalia.com\/fr\/produit\/6-person-outdoor-finnish-barrel-sauna-189x220-cm-sn092.html","name":"Sauna finlandais ext\u00e9rieur 6 personnes 189x220 cm SN092 - Bagno Italia","isPartOf":{"@id":"https:\/\/www.bagnoitalia.com\/fr#website"},"primaryImageOfPage":{"@id":"https:\/\/www.bagnoitalia.com\/fr\/produit\/6-person-outdoor-finnish-barrel-sauna-189x220-cm-sn092.html#primaryimage"},"image":{"@id":"https:\/\/www.bagnoitalia.com\/fr\/produit\/6-person-outdoor-finnish-barrel-sauna-189x220-cm-sn092.html#primaryimage"},"thumbnailUrl":"https:\/\/img.bagnoitalia.com\/wp-content\/uploads\/sauna-finlandese-botte-189x220-cm-sn092-dettagli.jpg","datePublished":"2025-02-27T14:44:36+00:00","dateModified":"2025-10-01T08:56:47+00:00","breadcrumb":{"@id":"https:\/\/www.bagnoitalia.com\/fr\/produit\/6-person-outdoor-finnish-barrel-sauna-189x220-cm-sn092.html#breadcrumb"},"inLanguage":"fr-FR","potentialAction":[{"@type":"ReadAction","target":["https:\/\/www.bagnoitalia.com\/fr\/produit\/6-person-outdoor-finnish-barrel-sauna-189x220-cm-sn092.html"]}]},{"@type":"ImageObject","inLanguage":"fr-FR","@id":"https:\/\/www.bagnoitalia.com\/fr\/produit\/6-person-outdoor-finnish-barrel-sauna-189x220-cm-sn092.html#primaryimage","url":"https:\/\/img.bagnoitalia.com\/wp-content\/uploads\/sauna-finlandese-botte-189x220-cm-sn092-dettagli.jpg","contentUrl":"https:\/\/img.bagnoitalia.com\/wp-content\/uploads\/sauna-finlandese-botte-189x220-cm-sn092-dettagli.jpg","width":999,"height":1000},{"@type":"BreadcrumbList","@id":"https:\/\/www.bagnoitalia.com\/fr\/produit\/6-person-outdoor-finnish-barrel-sauna-189x220-cm-sn092.html#breadcrumb","itemListElement":[{"@type":"ListItem","position":1,"name":"Home","item":"https:\/\/www.bagnoitalia.com\/fr"},{"@type":"ListItem","position":2,"name":"Produits","item":"https:\/\/www.bagnoitalia.com\/fr\/shop"},{"@type":"ListItem","position":3,"name":"Sauna finlandais ext\u00e9rieur 6 personnes 189&#215;220 cm SN092"}]},{"@type":"WebSite","@id":"https:\/\/www.bagnoitalia.com\/fr#website","url":"https:\/\/www.bagnoitalia.com\/fr","name":"Bagno Italia","description":"","publisher":{"@id":"https:\/\/www.bagnoitalia.com\/fr#organization"},"potentialAction":[{"@type":"SearchAction","target":{"@type":"EntryPoint","urlTemplate":"https:\/\/www.bagnoitalia.com\/fr?s={search_term_string}"},"query-input":{"@type":"PropertyValueSpecification","valueRequired":true,"valueName":"search_term_string"}}],"inLanguage":"fr-FR"},{"@type":"Organization","@id":"https:\/\/www.bagnoitalia.com\/fr#organization","name":"Bagno Italia","url":"https:\/\/www.bagnoitalia.com\/fr","logo":{"@type":"ImageObject","inLanguage":"fr-FR","@id":"https:\/\/www.bagnoitalia.com\/fr#\/schema\/logo\/image\/","url":"https:\/\/img.bagnoitalia.com\/wp-content\/uploads\/logo-bagnoitalia.webp","contentUrl":"https:\/\/img.bagnoitalia.com\/wp-content\/uploads\/logo-bagnoitalia.webp","width":400,"height":70,"caption":"Bagno Italia"},"image":{"@id":"https:\/\/www.bagnoitalia.com\/fr#\/schema\/logo\/image\/"}}]}},"_links":{"self":[{"href":"https:\/\/www.bagnoitalia.com\/fr\/wp-json\/wp\/v2\/product\/103143","targetHints":{"allow":["GET"]}}],"collection":[{"href":"https:\/\/www.bagnoitalia.com\/fr\/wp-json\/wp\/v2\/product"}],"about":[{"href":"https:\/\/www.bagnoitalia.com\/fr\/wp-json\/wp\/v2\/types\/product"}],"replies":[{"embeddable":true,"href":"https:\/\/www.bagnoitalia.com\/fr\/wp-json\/wp\/v2\/comments?post=103143"}],"version-history":[{"count":3,"href":"https:\/\/www.bagnoitalia.com\/fr\/wp-json\/wp\/v2\/product\/103143\/revisions"}],"predecessor-version":[{"id":112158,"href":"https:\/\/www.bagnoitalia.com\/fr\/wp-json\/wp\/v2\/product\/103143\/revisions\/112158"}],"wp:featuredmedia":[{"embeddable":true,"href":"https:\/\/www.bagnoitalia.com\/fr\/wp-json\/wp\/v2\/media\/115759"}],"wp:attachment":[{"href":"https:\/\/www.bagnoitalia.com\/fr\/wp-json\/wp\/v2\/media?parent=103143"}],"wp:term":[{"taxonomy":"product_brand","embeddable":true,"href":"https:\/\/www.bagnoitalia.com\/fr\/wp-json\/wp\/v2\/product_brand?post=103143"},{"taxonomy":"product_cat","embeddable":true,"href":"https:\/\/www.bagnoitalia.com\/fr\/wp-json\/wp\/v2\/product_cat?post=103143"},{"taxonomy":"product_tag","embeddable":true,"href":"https:\/\/www.bagnoitalia.com\/fr\/wp-json\/wp\/v2\/product_tag?post=103143"}],"curies":[{"name":"wp","href":"https:\/\/api.w.org\/{rel}","templated":true}]}}