{"id":103094,"date":"2025-02-27T15:34:05","date_gmt":"2025-02-27T14:34:05","guid":{"rendered":"https:\/\/www.bagnoitalia.com\/finnish-2-seater-outdoor-sauna-189x120-cm-barrel-shaped-sn091.html"},"modified":"2026-01-19T16:02:41","modified_gmt":"2026-01-19T15:02:41","slug":"finnish-2-seater-outdoor-sauna-189x120-cm-barrel-shaped-sn091","status":"publish","type":"product","link":"https:\/\/www.bagnoitalia.com\/fr\/produit\/finnish-2-seater-outdoor-sauna-189x120-cm-barrel-shaped-sn091.html","title":{"rendered":"Sauna finlandais ext\u00e9rieur 2 places 189&#215;120 cm en forme de tonneau SN091"},"content":{"rendered":"<p>SAUNA FINLANDAISE 2 places \u00ab tonneau \u00bb \u00ab SN091<\/p>\n<p>&nbsp;<\/p>\n<p>D\u00c9TAILS DU PRODUIT<\/p>\n<p>Sauna de type finlandais avec structure en forme de tonneau<\/p>\n<p>Pour installation \u00e0 l&rsquo;ext\u00e9rieur<\/p>\n<p>Convient pour deux personnes<\/p>\n<p>Dimensions ext\u00e9rieures : <span lang=\"EN-US\">189<\/span>x120x191,5 cm<\/p>\n<p>Epaisseur des parois : 3,8 cm<\/p>\n<p>n.2 Si\u00e8ges de 93,5&#215;48 cm<\/p>\n<p>Complet avec :<\/p>\n<p>&#8211; R\u00e9chaud avec pierres<\/p>\n<p>&#8211; Seau avec louche<\/p>\n<p>&#8211; Thermom\u00e8tre<\/p>\n<p>&#8211; Sablier<\/p>\n<p>&#8211; 2 trous d&rsquo;a\u00e9ration (pour une circulation optimale de l&rsquo;air)<\/p>\n<p>Cadre en bois d&rsquo;\u00e9pic\u00e9a<\/p>\n<p>Verre de 6 mm<\/p>\n<p>Toit en asphalte<\/p>\n<p>Po\u00eale de 3,6 kW<\/p>\n<p>Temp\u00e9rature maximale : 70-90\u00b0C<\/p>\n<p>Charge de neige sur le toit : environ 150 kg\/m2<\/p>\n<p>Angle d&rsquo;ouverture de la porte : 180<\/p>\n<p>Tension d&rsquo;alimentation 220V+380V<\/p>\n<p>&nbsp;<\/p>\n<p>&nbsp;<\/p>\n<p>&nbsp;<\/p>\n<p>&nbsp;<\/p>\n<p>&nbsp;<\/p>\n<p>&nbsp;<\/p>\n<p>&nbsp;<\/p>\n<p>&nbsp;<\/p>\n<p>&nbsp;<\/p>\n<p>&nbsp;<\/p>\n<p>&nbsp;<\/p>\n<p>&nbsp;<\/p>\n<p>&nbsp;<\/p>\n<p>&nbsp;<\/p>\n<p>&nbsp;<\/p>\n<p>F50120<\/p>\n<p>&nbsp;<\/p>\n","protected":false},"excerpt":{"rendered":"<p>Sauna de type finlandais, caract\u00e9ris\u00e9 par une structure en forme de tonneau. Fabriqu\u00e9 en bois d&rsquo;\u00e9pic\u00e9a, il convient pour deux personnes. Complet avec po\u00eale \u00e0 pierres, seau avec louche, thermom\u00e8tre et sablier.<\/p>\n","protected":false},"featured_media":115649,"comment_status":"open","ping_status":"closed","template":"","meta":[],"product_brand":[9942],"product_cat":[9731],"product_tag":[],"class_list":{"0":"post-103094","1":"product","2":"type-product","3":"status-publish","4":"has-post-thumbnail","6":"product_brand-sanotechnik-italia-fr","7":"product_cat-sauna-finlandais","9":"first","10":"instock","11":"sale","12":"taxable","13":"shipping-taxable","14":"purchasable","15":"product-type-simple"},"exclude_global_add_ons":[],"addons":[],"yoast_head":"<!-- This site is optimized with the Yoast SEO plugin v26.7 - https:\/\/yoast.com\/wordpress\/plugins\/seo\/ -->\n<title>Sauna finlandais ext\u00e9rieur 2 places 189x120 cm en forme de tonneau SN091 - Bagno Italia<\/title>\n<meta name=\"robots\" content=\"index, follow, max-snippet:-1, max-image-preview:large, max-video-preview:-1\" \/>\n<link rel=\"canonical\" href=\"https:\/\/www.bagnoitalia.com\/fr\/produit\/finnish-2-seater-outdoor-sauna-189x120-cm-barrel-shaped-sn091.html\" \/>\n<meta property=\"og:locale\" content=\"fr_FR\" \/>\n<meta property=\"og:type\" content=\"article\" \/>\n<meta property=\"og:title\" content=\"Sauna finlandais ext\u00e9rieur 2 places 189x120 cm en forme de tonneau SN091 - Bagno Italia\" \/>\n<meta property=\"og:description\" content=\"Sauna de type finlandais, caract\u00e9ris\u00e9 par une structure en forme de tonneau. Fabriqu\u00e9 en bois d&#039;\u00e9pic\u00e9a, il convient pour deux personnes. Complet avec po\u00eale \u00e0 pierres, seau avec louche, thermom\u00e8tre et sablier.\" \/>\n<meta property=\"og:url\" content=\"https:\/\/www.bagnoitalia.com\/fr\/produit\/finnish-2-seater-outdoor-sauna-189x120-cm-barrel-shaped-sn091.html\" \/>\n<meta property=\"og:site_name\" content=\"Bagno Italia\" \/>\n<meta property=\"article:modified_time\" content=\"2026-01-19T15:02:41+00:00\" \/>\n<meta property=\"og:image\" content=\"https:\/\/img.bagnoitalia.com\/wp-content\/uploads\/1-209.webp\" \/>\n\t<meta property=\"og:image:width\" content=\"1000\" \/>\n\t<meta property=\"og:image:height\" content=\"1000\" \/>\n\t<meta property=\"og:image:type\" content=\"image\/webp\" \/>\n<meta name=\"twitter:card\" content=\"summary_large_image\" \/>\n<meta name=\"twitter:label1\" content=\"Dur\u00e9e de lecture estim\u00e9e\" \/>\n\t<meta name=\"twitter:data1\" content=\"1 minute\" \/>\n<script type=\"application\/ld+json\" class=\"yoast-schema-graph\">{\"@context\":\"https:\/\/schema.org\",\"@graph\":[{\"@type\":\"WebPage\",\"@id\":\"https:\/\/www.bagnoitalia.com\/fr\/produit\/finnish-2-seater-outdoor-sauna-189x120-cm-barrel-shaped-sn091.html\",\"url\":\"https:\/\/www.bagnoitalia.com\/fr\/produit\/finnish-2-seater-outdoor-sauna-189x120-cm-barrel-shaped-sn091.html\",\"name\":\"Sauna finlandais ext\u00e9rieur 2 places 189x120 cm en forme de tonneau SN091 - Bagno Italia\",\"isPartOf\":{\"@id\":\"https:\/\/www.bagnoitalia.com\/fr#website\"},\"primaryImageOfPage\":{\"@id\":\"https:\/\/www.bagnoitalia.com\/fr\/produit\/finnish-2-seater-outdoor-sauna-189x120-cm-barrel-shaped-sn091.html#primaryimage\"},\"image\":{\"@id\":\"https:\/\/www.bagnoitalia.com\/fr\/produit\/finnish-2-seater-outdoor-sauna-189x120-cm-barrel-shaped-sn091.html#primaryimage\"},\"thumbnailUrl\":\"https:\/\/img.bagnoitalia.com\/wp-content\/uploads\/sauna-finlandese-esterno-189x120-cm-botte-sn091.jpg\",\"datePublished\":\"2025-02-27T14:34:05+00:00\",\"dateModified\":\"2026-01-19T15:02:41+00:00\",\"breadcrumb\":{\"@id\":\"https:\/\/www.bagnoitalia.com\/fr\/produit\/finnish-2-seater-outdoor-sauna-189x120-cm-barrel-shaped-sn091.html#breadcrumb\"},\"inLanguage\":\"fr-FR\",\"potentialAction\":[{\"@type\":\"ReadAction\",\"target\":[\"https:\/\/www.bagnoitalia.com\/fr\/produit\/finnish-2-seater-outdoor-sauna-189x120-cm-barrel-shaped-sn091.html\"]}]},{\"@type\":\"ImageObject\",\"inLanguage\":\"fr-FR\",\"@id\":\"https:\/\/www.bagnoitalia.com\/fr\/produit\/finnish-2-seater-outdoor-sauna-189x120-cm-barrel-shaped-sn091.html#primaryimage\",\"url\":\"https:\/\/img.bagnoitalia.com\/wp-content\/uploads\/sauna-finlandese-esterno-189x120-cm-botte-sn091.jpg\",\"contentUrl\":\"https:\/\/img.bagnoitalia.com\/wp-content\/uploads\/sauna-finlandese-esterno-189x120-cm-botte-sn091.jpg\",\"width\":1000,\"height\":1000},{\"@type\":\"BreadcrumbList\",\"@id\":\"https:\/\/www.bagnoitalia.com\/fr\/produit\/finnish-2-seater-outdoor-sauna-189x120-cm-barrel-shaped-sn091.html#breadcrumb\",\"itemListElement\":[{\"@type\":\"ListItem\",\"position\":1,\"name\":\"Home\",\"item\":\"https:\/\/www.bagnoitalia.com\/fr\"},{\"@type\":\"ListItem\",\"position\":2,\"name\":\"Produits\",\"item\":\"https:\/\/www.bagnoitalia.com\/fr\/shop\"},{\"@type\":\"ListItem\",\"position\":3,\"name\":\"Sauna finlandais ext\u00e9rieur 2 places 189&#215;120 cm en forme de tonneau SN091\"}]},{\"@type\":\"WebSite\",\"@id\":\"https:\/\/www.bagnoitalia.com\/fr#website\",\"url\":\"https:\/\/www.bagnoitalia.com\/fr\",\"name\":\"Bagno Italia\",\"description\":\"\",\"publisher\":{\"@id\":\"https:\/\/www.bagnoitalia.com\/fr#organization\"},\"potentialAction\":[{\"@type\":\"SearchAction\",\"target\":{\"@type\":\"EntryPoint\",\"urlTemplate\":\"https:\/\/www.bagnoitalia.com\/fr?s={search_term_string}\"},\"query-input\":{\"@type\":\"PropertyValueSpecification\",\"valueRequired\":true,\"valueName\":\"search_term_string\"}}],\"inLanguage\":\"fr-FR\"},{\"@type\":\"Organization\",\"@id\":\"https:\/\/www.bagnoitalia.com\/fr#organization\",\"name\":\"Bagno Italia\",\"url\":\"https:\/\/www.bagnoitalia.com\/fr\",\"logo\":{\"@type\":\"ImageObject\",\"inLanguage\":\"fr-FR\",\"@id\":\"https:\/\/www.bagnoitalia.com\/fr#\/schema\/logo\/image\/\",\"url\":\"https:\/\/img.bagnoitalia.com\/wp-content\/uploads\/logo-bagnoitalia.webp\",\"contentUrl\":\"https:\/\/img.bagnoitalia.com\/wp-content\/uploads\/logo-bagnoitalia.webp\",\"width\":400,\"height\":70,\"caption\":\"Bagno Italia\"},\"image\":{\"@id\":\"https:\/\/www.bagnoitalia.com\/fr#\/schema\/logo\/image\/\"}}]}<\/script>\n<!-- \/ Yoast SEO plugin. -->","yoast_head_json":{"title":"Sauna finlandais ext\u00e9rieur 2 places 189x120 cm en forme de tonneau SN091 - Bagno Italia","robots":{"index":"index","follow":"follow","max-snippet":"max-snippet:-1","max-image-preview":"max-image-preview:large","max-video-preview":"max-video-preview:-1"},"canonical":"https:\/\/www.bagnoitalia.com\/fr\/produit\/finnish-2-seater-outdoor-sauna-189x120-cm-barrel-shaped-sn091.html","og_locale":"fr_FR","og_type":"article","og_title":"Sauna finlandais ext\u00e9rieur 2 places 189x120 cm en forme de tonneau SN091 - Bagno Italia","og_description":"Sauna de type finlandais, caract\u00e9ris\u00e9 par une structure en forme de tonneau. Fabriqu\u00e9 en bois d'\u00e9pic\u00e9a, il convient pour deux personnes. Complet avec po\u00eale \u00e0 pierres, seau avec louche, thermom\u00e8tre et sablier.","og_url":"https:\/\/www.bagnoitalia.com\/fr\/produit\/finnish-2-seater-outdoor-sauna-189x120-cm-barrel-shaped-sn091.html","og_site_name":"Bagno Italia","article_modified_time":"2026-01-19T15:02:41+00:00","og_image":[{"width":1000,"height":1000,"url":"https:\/\/img.bagnoitalia.com\/wp-content\/uploads\/1-209.webp","type":"image\/webp"}],"twitter_card":"summary_large_image","twitter_misc":{"Dur\u00e9e de lecture estim\u00e9e":"1 minute"},"schema":{"@context":"https:\/\/schema.org","@graph":[{"@type":"WebPage","@id":"https:\/\/www.bagnoitalia.com\/fr\/produit\/finnish-2-seater-outdoor-sauna-189x120-cm-barrel-shaped-sn091.html","url":"https:\/\/www.bagnoitalia.com\/fr\/produit\/finnish-2-seater-outdoor-sauna-189x120-cm-barrel-shaped-sn091.html","name":"Sauna finlandais ext\u00e9rieur 2 places 189x120 cm en forme de tonneau SN091 - Bagno Italia","isPartOf":{"@id":"https:\/\/www.bagnoitalia.com\/fr#website"},"primaryImageOfPage":{"@id":"https:\/\/www.bagnoitalia.com\/fr\/produit\/finnish-2-seater-outdoor-sauna-189x120-cm-barrel-shaped-sn091.html#primaryimage"},"image":{"@id":"https:\/\/www.bagnoitalia.com\/fr\/produit\/finnish-2-seater-outdoor-sauna-189x120-cm-barrel-shaped-sn091.html#primaryimage"},"thumbnailUrl":"https:\/\/img.bagnoitalia.com\/wp-content\/uploads\/sauna-finlandese-esterno-189x120-cm-botte-sn091.jpg","datePublished":"2025-02-27T14:34:05+00:00","dateModified":"2026-01-19T15:02:41+00:00","breadcrumb":{"@id":"https:\/\/www.bagnoitalia.com\/fr\/produit\/finnish-2-seater-outdoor-sauna-189x120-cm-barrel-shaped-sn091.html#breadcrumb"},"inLanguage":"fr-FR","potentialAction":[{"@type":"ReadAction","target":["https:\/\/www.bagnoitalia.com\/fr\/produit\/finnish-2-seater-outdoor-sauna-189x120-cm-barrel-shaped-sn091.html"]}]},{"@type":"ImageObject","inLanguage":"fr-FR","@id":"https:\/\/www.bagnoitalia.com\/fr\/produit\/finnish-2-seater-outdoor-sauna-189x120-cm-barrel-shaped-sn091.html#primaryimage","url":"https:\/\/img.bagnoitalia.com\/wp-content\/uploads\/sauna-finlandese-esterno-189x120-cm-botte-sn091.jpg","contentUrl":"https:\/\/img.bagnoitalia.com\/wp-content\/uploads\/sauna-finlandese-esterno-189x120-cm-botte-sn091.jpg","width":1000,"height":1000},{"@type":"BreadcrumbList","@id":"https:\/\/www.bagnoitalia.com\/fr\/produit\/finnish-2-seater-outdoor-sauna-189x120-cm-barrel-shaped-sn091.html#breadcrumb","itemListElement":[{"@type":"ListItem","position":1,"name":"Home","item":"https:\/\/www.bagnoitalia.com\/fr"},{"@type":"ListItem","position":2,"name":"Produits","item":"https:\/\/www.bagnoitalia.com\/fr\/shop"},{"@type":"ListItem","position":3,"name":"Sauna finlandais ext\u00e9rieur 2 places 189&#215;120 cm en forme de tonneau SN091"}]},{"@type":"WebSite","@id":"https:\/\/www.bagnoitalia.com\/fr#website","url":"https:\/\/www.bagnoitalia.com\/fr","name":"Bagno Italia","description":"","publisher":{"@id":"https:\/\/www.bagnoitalia.com\/fr#organization"},"potentialAction":[{"@type":"SearchAction","target":{"@type":"EntryPoint","urlTemplate":"https:\/\/www.bagnoitalia.com\/fr?s={search_term_string}"},"query-input":{"@type":"PropertyValueSpecification","valueRequired":true,"valueName":"search_term_string"}}],"inLanguage":"fr-FR"},{"@type":"Organization","@id":"https:\/\/www.bagnoitalia.com\/fr#organization","name":"Bagno Italia","url":"https:\/\/www.bagnoitalia.com\/fr","logo":{"@type":"ImageObject","inLanguage":"fr-FR","@id":"https:\/\/www.bagnoitalia.com\/fr#\/schema\/logo\/image\/","url":"https:\/\/img.bagnoitalia.com\/wp-content\/uploads\/logo-bagnoitalia.webp","contentUrl":"https:\/\/img.bagnoitalia.com\/wp-content\/uploads\/logo-bagnoitalia.webp","width":400,"height":70,"caption":"Bagno Italia"},"image":{"@id":"https:\/\/www.bagnoitalia.com\/fr#\/schema\/logo\/image\/"}}]}},"_links":{"self":[{"href":"https:\/\/www.bagnoitalia.com\/fr\/wp-json\/wp\/v2\/product\/103094","targetHints":{"allow":["GET"]}}],"collection":[{"href":"https:\/\/www.bagnoitalia.com\/fr\/wp-json\/wp\/v2\/product"}],"about":[{"href":"https:\/\/www.bagnoitalia.com\/fr\/wp-json\/wp\/v2\/types\/product"}],"replies":[{"embeddable":true,"href":"https:\/\/www.bagnoitalia.com\/fr\/wp-json\/wp\/v2\/comments?post=103094"}],"version-history":[{"count":5,"href":"https:\/\/www.bagnoitalia.com\/fr\/wp-json\/wp\/v2\/product\/103094\/revisions"}],"predecessor-version":[{"id":115012,"href":"https:\/\/www.bagnoitalia.com\/fr\/wp-json\/wp\/v2\/product\/103094\/revisions\/115012"}],"wp:featuredmedia":[{"embeddable":true,"href":"https:\/\/www.bagnoitalia.com\/fr\/wp-json\/wp\/v2\/media\/115649"}],"wp:attachment":[{"href":"https:\/\/www.bagnoitalia.com\/fr\/wp-json\/wp\/v2\/media?parent=103094"}],"wp:term":[{"taxonomy":"product_brand","embeddable":true,"href":"https:\/\/www.bagnoitalia.com\/fr\/wp-json\/wp\/v2\/product_brand?post=103094"},{"taxonomy":"product_cat","embeddable":true,"href":"https:\/\/www.bagnoitalia.com\/fr\/wp-json\/wp\/v2\/product_cat?post=103094"},{"taxonomy":"product_tag","embeddable":true,"href":"https:\/\/www.bagnoitalia.com\/fr\/wp-json\/wp\/v2\/product_tag?post=103094"}],"curies":[{"name":"wp","href":"https:\/\/api.w.org\/{rel}","templated":true}]}}