{"id":103033,"date":"2025-02-26T16:12:02","date_gmt":"2025-02-26T15:12:02","guid":{"rendered":"https:\/\/www.bagnoitalia.com\/finnish-outdoor-sauna-310x230-cm-for-6-persons-with-changing-room-sn089.html"},"modified":"2025-02-26T16:14:10","modified_gmt":"2025-02-26T15:14:10","slug":"finnish-outdoor-sauna-310x230-cm-for-6-persons-with-changing-room-sn089","status":"publish","type":"product","link":"https:\/\/www.bagnoitalia.com\/fr\/produit\/finnish-outdoor-sauna-310x230-cm-for-6-persons-with-changing-room-sn089.html","title":{"rendered":"Sauna finlandais ext\u00e9rieur 310&#215;230 cm pour 6 personnes avec vestiaire SN089"},"content":{"rendered":"<p>SAUNA FINLANDAISE 6 places avec vestiaire &lsquo;SN089<\/p>\n<p>&nbsp;<\/p>\n<p>CARACT\u00c9RISTIQUES PRINCIPALES<\/p>\n<p>Sauna finlandais d&rsquo;ext\u00e9rieur, complet avec vestiaire<\/p>\n<p>6 places<\/p>\n<p>Dimensions ext\u00e9rieures : 310xD230xH219,5 cm<\/p>\n<p>Dimensions int\u00e9rieures<\/p>\n<p>Sauna : 172.4&#215;202.4xH201.4 cm<br \/>\nVestiaire : 106,2&#215;202,4xH201,4 cm<\/p>\n<p>Base : 290&#215;210 cm<\/p>\n<p>Epaisseur de la paroi : 3,8 cm<\/p>\n<p>Dimensions des si\u00e8ges :<\/p>\n<p>Haut : gauche 202,2&#215;56 cm ; droite 116,2&#215;56 cm<br \/>\nBas : 202,2&#215;30 cm<br \/>\nVestiaire : 106&#215;40 cm<\/p>\n<p>Po\u00eale de 8 kW<\/p>\n<p>Accessoires inclus :<\/p>\n<p>Seau avec louche<br \/>\nThermom\u00e8tre<br \/>\nSablier<\/p>\n<p>Cadre en bois d&rsquo;\u00e9pic\u00e9a trait\u00e9 thermiquement<\/p>\n<p>Verre de 6 mm<\/p>\n<p>Toit en asphalte<\/p>\n<p>Angle d&rsquo;ouverture de la porte : 180\u00b0.<\/p>\n<p>Tension d&rsquo;alimentation 220V+380V<\/p>\n<p>&nbsp;<\/p>\n<p>&nbsp;<\/p>\n<p>&nbsp;<\/p>\n<p>&nbsp;<\/p>\n<p>&nbsp;<\/p>\n<p>&nbsp;<\/p>\n<p>&nbsp;<\/p>\n<p>&nbsp;<\/p>\n<p>&nbsp;<\/p>\n<p>&nbsp;<\/p>\n<p>&nbsp;<\/p>\n<p>&nbsp;<\/p>\n<p>&nbsp;<\/p>\n<p>&nbsp;<\/p>\n<p>&nbsp;<\/p>\n<p>&nbsp;<\/p>\n<p>&nbsp;<\/p>\n<p>&nbsp;<\/p>\n<p>&nbsp;<\/p>\n<p>&nbsp;<\/p>\n<p>&nbsp;<\/p>\n<p>&nbsp;<\/p>\n<p>F30310<\/p>\n<p>&nbsp;<\/p>\n<p>&nbsp;<\/p>\n","protected":false},"excerpt":{"rendered":"<p>Sauna finlandais pour installation ext\u00e9rieure, en bois de sapin trait\u00e9 thermiquement. Convient pour 6 personnes, avec vestiaire.<\/p>\n","protected":false},"featured_media":103017,"comment_status":"open","ping_status":"closed","template":"","meta":[],"product_brand":[5030],"product_cat":[9731],"product_tag":[],"class_list":{"0":"post-103033","1":"product","2":"type-product","3":"status-publish","4":"has-post-thumbnail","6":"product_brand-sanotechnik-italia","7":"product_cat-sauna-finlandais","9":"first","10":"instock","11":"sale","12":"taxable","13":"shipping-taxable","14":"purchasable","15":"product-type-simple"},"exclude_global_add_ons":[],"addons":[],"yoast_head":"<!-- This site is optimized with the Yoast SEO plugin v26.7 - https:\/\/yoast.com\/wordpress\/plugins\/seo\/ -->\n<title>Sauna finlandais ext\u00e9rieur 310x230 cm pour 6 personnes avec vestiaire SN089 - Bagno Italia<\/title>\n<meta name=\"robots\" content=\"index, follow, max-snippet:-1, max-image-preview:large, max-video-preview:-1\" \/>\n<link rel=\"canonical\" href=\"https:\/\/www.bagnoitalia.com\/fr\/produit\/finnish-outdoor-sauna-310x230-cm-for-6-persons-with-changing-room-sn089.html\" \/>\n<meta property=\"og:locale\" content=\"fr_FR\" \/>\n<meta property=\"og:type\" content=\"article\" \/>\n<meta property=\"og:title\" content=\"Sauna finlandais ext\u00e9rieur 310x230 cm pour 6 personnes avec vestiaire SN089 - Bagno Italia\" \/>\n<meta property=\"og:description\" content=\"Sauna finlandais pour installation ext\u00e9rieure, en bois de sapin trait\u00e9 thermiquement. Convient pour 6 personnes, avec vestiaire.\" \/>\n<meta property=\"og:url\" content=\"https:\/\/www.bagnoitalia.com\/fr\/produit\/finnish-outdoor-sauna-310x230-cm-for-6-persons-with-changing-room-sn089.html\" \/>\n<meta property=\"og:site_name\" content=\"Bagno Italia\" \/>\n<meta property=\"article:modified_time\" content=\"2025-02-26T15:14:10+00:00\" \/>\n<meta property=\"og:image\" content=\"https:\/\/img.bagnoitalia.com\/wp-content\/uploads\/1-207.webp\" \/>\n\t<meta property=\"og:image:width\" content=\"999\" \/>\n\t<meta property=\"og:image:height\" content=\"1000\" \/>\n\t<meta property=\"og:image:type\" content=\"image\/webp\" \/>\n<meta name=\"twitter:card\" content=\"summary_large_image\" \/>\n<meta name=\"twitter:label1\" content=\"Dur\u00e9e de lecture estim\u00e9e\" \/>\n\t<meta name=\"twitter:data1\" content=\"1 minute\" \/>\n<script type=\"application\/ld+json\" class=\"yoast-schema-graph\">{\"@context\":\"https:\/\/schema.org\",\"@graph\":[{\"@type\":\"WebPage\",\"@id\":\"https:\/\/www.bagnoitalia.com\/fr\/produit\/finnish-outdoor-sauna-310x230-cm-for-6-persons-with-changing-room-sn089.html\",\"url\":\"https:\/\/www.bagnoitalia.com\/fr\/produit\/finnish-outdoor-sauna-310x230-cm-for-6-persons-with-changing-room-sn089.html\",\"name\":\"Sauna finlandais ext\u00e9rieur 310x230 cm pour 6 personnes avec vestiaire SN089 - Bagno Italia\",\"isPartOf\":{\"@id\":\"https:\/\/www.bagnoitalia.com\/fr#website\"},\"primaryImageOfPage\":{\"@id\":\"https:\/\/www.bagnoitalia.com\/fr\/produit\/finnish-outdoor-sauna-310x230-cm-for-6-persons-with-changing-room-sn089.html#primaryimage\"},\"image\":{\"@id\":\"https:\/\/www.bagnoitalia.com\/fr\/produit\/finnish-outdoor-sauna-310x230-cm-for-6-persons-with-changing-room-sn089.html#primaryimage\"},\"thumbnailUrl\":\"https:\/\/img.bagnoitalia.com\/wp-content\/uploads\/1-207.webp\",\"datePublished\":\"2025-02-26T15:12:02+00:00\",\"dateModified\":\"2025-02-26T15:14:10+00:00\",\"breadcrumb\":{\"@id\":\"https:\/\/www.bagnoitalia.com\/fr\/produit\/finnish-outdoor-sauna-310x230-cm-for-6-persons-with-changing-room-sn089.html#breadcrumb\"},\"inLanguage\":\"fr-FR\",\"potentialAction\":[{\"@type\":\"ReadAction\",\"target\":[\"https:\/\/www.bagnoitalia.com\/fr\/produit\/finnish-outdoor-sauna-310x230-cm-for-6-persons-with-changing-room-sn089.html\"]}]},{\"@type\":\"ImageObject\",\"inLanguage\":\"fr-FR\",\"@id\":\"https:\/\/www.bagnoitalia.com\/fr\/produit\/finnish-outdoor-sauna-310x230-cm-for-6-persons-with-changing-room-sn089.html#primaryimage\",\"url\":\"https:\/\/img.bagnoitalia.com\/wp-content\/uploads\/1-207.webp\",\"contentUrl\":\"https:\/\/img.bagnoitalia.com\/wp-content\/uploads\/1-207.webp\",\"width\":999,\"height\":1000},{\"@type\":\"BreadcrumbList\",\"@id\":\"https:\/\/www.bagnoitalia.com\/fr\/produit\/finnish-outdoor-sauna-310x230-cm-for-6-persons-with-changing-room-sn089.html#breadcrumb\",\"itemListElement\":[{\"@type\":\"ListItem\",\"position\":1,\"name\":\"Home\",\"item\":\"https:\/\/www.bagnoitalia.com\/fr\"},{\"@type\":\"ListItem\",\"position\":2,\"name\":\"Produits\",\"item\":\"https:\/\/www.bagnoitalia.com\/fr\/shop\"},{\"@type\":\"ListItem\",\"position\":3,\"name\":\"Sauna finlandais ext\u00e9rieur 310&#215;230 cm pour 6 personnes avec vestiaire SN089\"}]},{\"@type\":\"WebSite\",\"@id\":\"https:\/\/www.bagnoitalia.com\/fr#website\",\"url\":\"https:\/\/www.bagnoitalia.com\/fr\",\"name\":\"Bagno Italia\",\"description\":\"\",\"publisher\":{\"@id\":\"https:\/\/www.bagnoitalia.com\/fr#organization\"},\"potentialAction\":[{\"@type\":\"SearchAction\",\"target\":{\"@type\":\"EntryPoint\",\"urlTemplate\":\"https:\/\/www.bagnoitalia.com\/fr?s={search_term_string}\"},\"query-input\":{\"@type\":\"PropertyValueSpecification\",\"valueRequired\":true,\"valueName\":\"search_term_string\"}}],\"inLanguage\":\"fr-FR\"},{\"@type\":\"Organization\",\"@id\":\"https:\/\/www.bagnoitalia.com\/fr#organization\",\"name\":\"Bagno Italia\",\"url\":\"https:\/\/www.bagnoitalia.com\/fr\",\"logo\":{\"@type\":\"ImageObject\",\"inLanguage\":\"fr-FR\",\"@id\":\"https:\/\/www.bagnoitalia.com\/fr#\/schema\/logo\/image\/\",\"url\":\"https:\/\/img.bagnoitalia.com\/wp-content\/uploads\/logo-bagnoitalia.webp\",\"contentUrl\":\"https:\/\/img.bagnoitalia.com\/wp-content\/uploads\/logo-bagnoitalia.webp\",\"width\":400,\"height\":70,\"caption\":\"Bagno Italia\"},\"image\":{\"@id\":\"https:\/\/www.bagnoitalia.com\/fr#\/schema\/logo\/image\/\"}}]}<\/script>\n<!-- \/ Yoast SEO plugin. -->","yoast_head_json":{"title":"Sauna finlandais ext\u00e9rieur 310x230 cm pour 6 personnes avec vestiaire SN089 - Bagno Italia","robots":{"index":"index","follow":"follow","max-snippet":"max-snippet:-1","max-image-preview":"max-image-preview:large","max-video-preview":"max-video-preview:-1"},"canonical":"https:\/\/www.bagnoitalia.com\/fr\/produit\/finnish-outdoor-sauna-310x230-cm-for-6-persons-with-changing-room-sn089.html","og_locale":"fr_FR","og_type":"article","og_title":"Sauna finlandais ext\u00e9rieur 310x230 cm pour 6 personnes avec vestiaire SN089 - Bagno Italia","og_description":"Sauna finlandais pour installation ext\u00e9rieure, en bois de sapin trait\u00e9 thermiquement. Convient pour 6 personnes, avec vestiaire.","og_url":"https:\/\/www.bagnoitalia.com\/fr\/produit\/finnish-outdoor-sauna-310x230-cm-for-6-persons-with-changing-room-sn089.html","og_site_name":"Bagno Italia","article_modified_time":"2025-02-26T15:14:10+00:00","og_image":[{"width":999,"height":1000,"url":"https:\/\/img.bagnoitalia.com\/wp-content\/uploads\/1-207.webp","type":"image\/webp"}],"twitter_card":"summary_large_image","twitter_misc":{"Dur\u00e9e de lecture estim\u00e9e":"1 minute"},"schema":{"@context":"https:\/\/schema.org","@graph":[{"@type":"WebPage","@id":"https:\/\/www.bagnoitalia.com\/fr\/produit\/finnish-outdoor-sauna-310x230-cm-for-6-persons-with-changing-room-sn089.html","url":"https:\/\/www.bagnoitalia.com\/fr\/produit\/finnish-outdoor-sauna-310x230-cm-for-6-persons-with-changing-room-sn089.html","name":"Sauna finlandais ext\u00e9rieur 310x230 cm pour 6 personnes avec vestiaire SN089 - Bagno Italia","isPartOf":{"@id":"https:\/\/www.bagnoitalia.com\/fr#website"},"primaryImageOfPage":{"@id":"https:\/\/www.bagnoitalia.com\/fr\/produit\/finnish-outdoor-sauna-310x230-cm-for-6-persons-with-changing-room-sn089.html#primaryimage"},"image":{"@id":"https:\/\/www.bagnoitalia.com\/fr\/produit\/finnish-outdoor-sauna-310x230-cm-for-6-persons-with-changing-room-sn089.html#primaryimage"},"thumbnailUrl":"https:\/\/img.bagnoitalia.com\/wp-content\/uploads\/1-207.webp","datePublished":"2025-02-26T15:12:02+00:00","dateModified":"2025-02-26T15:14:10+00:00","breadcrumb":{"@id":"https:\/\/www.bagnoitalia.com\/fr\/produit\/finnish-outdoor-sauna-310x230-cm-for-6-persons-with-changing-room-sn089.html#breadcrumb"},"inLanguage":"fr-FR","potentialAction":[{"@type":"ReadAction","target":["https:\/\/www.bagnoitalia.com\/fr\/produit\/finnish-outdoor-sauna-310x230-cm-for-6-persons-with-changing-room-sn089.html"]}]},{"@type":"ImageObject","inLanguage":"fr-FR","@id":"https:\/\/www.bagnoitalia.com\/fr\/produit\/finnish-outdoor-sauna-310x230-cm-for-6-persons-with-changing-room-sn089.html#primaryimage","url":"https:\/\/img.bagnoitalia.com\/wp-content\/uploads\/1-207.webp","contentUrl":"https:\/\/img.bagnoitalia.com\/wp-content\/uploads\/1-207.webp","width":999,"height":1000},{"@type":"BreadcrumbList","@id":"https:\/\/www.bagnoitalia.com\/fr\/produit\/finnish-outdoor-sauna-310x230-cm-for-6-persons-with-changing-room-sn089.html#breadcrumb","itemListElement":[{"@type":"ListItem","position":1,"name":"Home","item":"https:\/\/www.bagnoitalia.com\/fr"},{"@type":"ListItem","position":2,"name":"Produits","item":"https:\/\/www.bagnoitalia.com\/fr\/shop"},{"@type":"ListItem","position":3,"name":"Sauna finlandais ext\u00e9rieur 310&#215;230 cm pour 6 personnes avec vestiaire SN089"}]},{"@type":"WebSite","@id":"https:\/\/www.bagnoitalia.com\/fr#website","url":"https:\/\/www.bagnoitalia.com\/fr","name":"Bagno Italia","description":"","publisher":{"@id":"https:\/\/www.bagnoitalia.com\/fr#organization"},"potentialAction":[{"@type":"SearchAction","target":{"@type":"EntryPoint","urlTemplate":"https:\/\/www.bagnoitalia.com\/fr?s={search_term_string}"},"query-input":{"@type":"PropertyValueSpecification","valueRequired":true,"valueName":"search_term_string"}}],"inLanguage":"fr-FR"},{"@type":"Organization","@id":"https:\/\/www.bagnoitalia.com\/fr#organization","name":"Bagno Italia","url":"https:\/\/www.bagnoitalia.com\/fr","logo":{"@type":"ImageObject","inLanguage":"fr-FR","@id":"https:\/\/www.bagnoitalia.com\/fr#\/schema\/logo\/image\/","url":"https:\/\/img.bagnoitalia.com\/wp-content\/uploads\/logo-bagnoitalia.webp","contentUrl":"https:\/\/img.bagnoitalia.com\/wp-content\/uploads\/logo-bagnoitalia.webp","width":400,"height":70,"caption":"Bagno Italia"},"image":{"@id":"https:\/\/www.bagnoitalia.com\/fr#\/schema\/logo\/image\/"}}]}},"_links":{"self":[{"href":"https:\/\/www.bagnoitalia.com\/fr\/wp-json\/wp\/v2\/product\/103033","targetHints":{"allow":["GET"]}}],"collection":[{"href":"https:\/\/www.bagnoitalia.com\/fr\/wp-json\/wp\/v2\/product"}],"about":[{"href":"https:\/\/www.bagnoitalia.com\/fr\/wp-json\/wp\/v2\/types\/product"}],"replies":[{"embeddable":true,"href":"https:\/\/www.bagnoitalia.com\/fr\/wp-json\/wp\/v2\/comments?post=103033"}],"version-history":[{"count":1,"href":"https:\/\/www.bagnoitalia.com\/fr\/wp-json\/wp\/v2\/product\/103033\/revisions"}],"predecessor-version":[{"id":103038,"href":"https:\/\/www.bagnoitalia.com\/fr\/wp-json\/wp\/v2\/product\/103033\/revisions\/103038"}],"wp:featuredmedia":[{"embeddable":true,"href":"https:\/\/www.bagnoitalia.com\/fr\/wp-json\/wp\/v2\/media\/103017"}],"wp:attachment":[{"href":"https:\/\/www.bagnoitalia.com\/fr\/wp-json\/wp\/v2\/media?parent=103033"}],"wp:term":[{"taxonomy":"product_brand","embeddable":true,"href":"https:\/\/www.bagnoitalia.com\/fr\/wp-json\/wp\/v2\/product_brand?post=103033"},{"taxonomy":"product_cat","embeddable":true,"href":"https:\/\/www.bagnoitalia.com\/fr\/wp-json\/wp\/v2\/product_cat?post=103033"},{"taxonomy":"product_tag","embeddable":true,"href":"https:\/\/www.bagnoitalia.com\/fr\/wp-json\/wp\/v2\/product_tag?post=103033"}],"curies":[{"name":"wp","href":"https:\/\/api.w.org\/{rel}","templated":true}]}}