{"id":102706,"date":"2025-02-21T16:46:15","date_gmt":"2025-02-21T15:46:15","guid":{"rendered":"https:\/\/www.bagnoitalia.com\/whirlpool-cabin-160x90-cm-with-white-or-black-bottom-and-quick-assembly-quick-line-cb098.html"},"modified":"2026-04-07T12:07:05","modified_gmt":"2026-04-07T10:07:05","slug":"whirlpool-cabin-160x90-cm-with-white-or-black-bottom-and-quick-assembly-quick-line-cb098","status":"publish","type":"product","link":"https:\/\/www.bagnoitalia.com\/fr\/produit\/whirlpool-cabin-160x90-cm-with-white-or-black-bottom-and-quick-assembly-quick-line-cb098.html","title":{"rendered":"Cabine Whirlpool 160&#215;90 cm avec fond blanc ou noir et montage rapide quick line CB098"},"content":{"rendered":"<p>Cabine de douche Quick-line CB098<\/p>\n<p>&nbsp;<\/p>\n<p>&nbsp;<\/p>\n<p>&nbsp;<\/p>\n<p>TYPES DISPONIBLES<\/p>\n<p>Cabine d&rsquo;hydromassage disponible avec<\/p>\n<p>verre arri\u00e8re blanc et profil\u00e9s en aluminium noir mat<br \/>\nVerre arri\u00e8re noir et profil\u00e9s en aluminium chrom\u00e9<\/p>\n<p>S\u00e9lectionner le type dans le menu ci-dessus<\/p>\n<p>&nbsp;<\/p>\n<p>CARACT\u00c9RISTIQUES PRINCIPALES<\/p>\n<p>Cabine de douche \u00e9quip\u00e9e d&rsquo;un jet de massage<\/p>\n<p>Dimensions ext\u00e9rieures : 160xD90xH215 cm<\/p>\n<p>Hauteur du receveur de douche : 14 cm<\/p>\n<p>Avec double porte coulissante de 5 mm avec poign\u00e9es en ABS (de la m\u00eame couleur que les profil\u00e9s)<\/p>\n<p>Panneau de commande \u00e0 \u00e9cran tactile avec radio<\/p>\n<p>Toit en verre avec gargouille, \u00e9clairage LED, ventilateur et haut-parleurs<\/p>\n<p>Douche lat\u00e9rale<\/p>\n<p>Tablette porte-bouteilles<\/p>\n<p>Syst\u00e8me d&rsquo;assemblage rapide Quick-Line<\/p>\n<p>&nbsp;<\/p>\n<p>Installation rapide en 5 minutes du syst\u00e8me innovant Quick-Line, vid\u00e9o :<\/p>\n<div class=\"video-container\"><iframe title=\"Montaggio rapido cabina idromassaggio Bagno Italia sistema Quick Line\" width=\"1170\" height=\"658\" src=\"https:\/\/www.youtube.com\/embed\/t6U-M3CwurE?feature=oembed\" frameborder=\"0\" allow=\"accelerometer; autoplay; clipboard-write; encrypted-media; gyroscope; picture-in-picture; web-share\" referrerpolicy=\"strict-origin-when-cross-origin\" allowfullscreen><\/iframe><\/div>\n<p>&nbsp;<\/p>\n<p>&nbsp;<\/p>\n<p>&nbsp;<\/p>\n<p>&nbsp;<\/p>\n<p>&nbsp;<\/p>\n<p>&nbsp;<\/p>\n<p>&nbsp;<\/p>\n<p>&nbsp;<\/p>\n<p>&nbsp;<\/p>\n<p>&nbsp;<\/p>\n<p>&nbsp;<\/p>\n<p>&nbsp;<\/p>\n<p>&nbsp;<\/p>\n<p>CL23<br \/>\nCL23B<\/p>\n<p>&nbsp;<\/p>\n<p>&nbsp;<\/p>\n","protected":false},"excerpt":{"rendered":"<p>Cabine de douche 160x90xH215 cm avec un jet d&rsquo;hydromassage, disponible en deux versions : avec vitre arri\u00e8re blanche et profil\u00e9s en aluminium noir mat ou avec vitre arri\u00e8re noire et profil\u00e9s en aluminium chrom\u00e9. Compl\u00e8te avec receveur de douche, \u00e9clairage LED, radio et haut-parleurs.<\/p>\n","protected":false},"featured_media":102642,"comment_status":"open","ping_status":"closed","template":"","meta":[],"product_brand":[9942],"product_cat":[9735],"product_tag":[],"class_list":{"0":"post-102706","1":"product","2":"type-product","3":"status-publish","4":"has-post-thumbnail","6":"product_brand-sanotechnik-italia-fr","7":"product_cat-cabine-d-39-hydromassage","9":"first","10":"instock","11":"sale","12":"taxable","13":"shipping-taxable","14":"purchasable","15":"product-type-simple"},"exclude_global_add_ons":false,"addons":[{"name":"Type","type":"multiple_choice","position":0,"required":false,"title_format":"label","default":"","description_enable":false,"description":"","placeholder_enable":false,"placeholder":"","display":"select","restrictions_type":"any_text","adjust_price":false,"price":"","price_type":"flat_fee","restrictions":false,"min":"0","max":"0","options":[{"label":"(Disponible mi-mai) avec vitre arri\u00e8re noire","price":"","price_type":"flat_fee","image":0,"visibility":true},{"label":"(Disponible mi-mai) avec vitre arri\u00e8re blanche","price":"20","price_type":"flat_fee","image":0,"visibility":true}],"id":1740156376}],"yoast_head":"<!-- This site is optimized with the Yoast SEO plugin v26.7 - https:\/\/yoast.com\/wordpress\/plugins\/seo\/ -->\n<title>Cabine Whirlpool 160x90 cm avec fond blanc ou noir et montage rapide quick line CB098 - Bagno Italia<\/title>\n<meta name=\"robots\" content=\"index, follow, max-snippet:-1, max-image-preview:large, max-video-preview:-1\" \/>\n<link rel=\"canonical\" href=\"https:\/\/www.bagnoitalia.com\/fr\/produit\/whirlpool-cabin-160x90-cm-with-white-or-black-bottom-and-quick-assembly-quick-line-cb098.html\" \/>\n<meta property=\"og:locale\" content=\"fr_FR\" \/>\n<meta property=\"og:type\" content=\"article\" \/>\n<meta property=\"og:title\" content=\"Cabine Whirlpool 160x90 cm avec fond blanc ou noir et montage rapide quick line CB098 - Bagno Italia\" \/>\n<meta property=\"og:description\" content=\"Cabine de douche 160x90xH215 cm avec un jet d&#039;hydromassage, disponible en deux versions : avec vitre arri\u00e8re blanche et profil\u00e9s en aluminium noir mat ou avec vitre arri\u00e8re noire et profil\u00e9s en aluminium chrom\u00e9. Compl\u00e8te avec receveur de douche, \u00e9clairage LED, radio et haut-parleurs.\" \/>\n<meta property=\"og:url\" content=\"https:\/\/www.bagnoitalia.com\/fr\/produit\/whirlpool-cabin-160x90-cm-with-white-or-black-bottom-and-quick-assembly-quick-line-cb098.html\" \/>\n<meta property=\"og:site_name\" content=\"Bagno Italia\" \/>\n<meta property=\"article:modified_time\" content=\"2026-04-07T10:07:05+00:00\" \/>\n<meta property=\"og:image\" content=\"https:\/\/img.bagnoitalia.com\/wp-content\/uploads\/1-191.webp\" \/>\n\t<meta property=\"og:image:width\" content=\"1000\" \/>\n\t<meta property=\"og:image:height\" content=\"1000\" \/>\n\t<meta property=\"og:image:type\" content=\"image\/webp\" \/>\n<meta name=\"twitter:card\" content=\"summary_large_image\" \/>\n<meta name=\"twitter:label1\" content=\"Dur\u00e9e de lecture estim\u00e9e\" \/>\n\t<meta name=\"twitter:data1\" content=\"1 minute\" \/>\n<script type=\"application\/ld+json\" class=\"yoast-schema-graph\">{\"@context\":\"https:\/\/schema.org\",\"@graph\":[{\"@type\":\"WebPage\",\"@id\":\"https:\/\/www.bagnoitalia.com\/fr\/produit\/whirlpool-cabin-160x90-cm-with-white-or-black-bottom-and-quick-assembly-quick-line-cb098.html\",\"url\":\"https:\/\/www.bagnoitalia.com\/fr\/produit\/whirlpool-cabin-160x90-cm-with-white-or-black-bottom-and-quick-assembly-quick-line-cb098.html\",\"name\":\"Cabine Whirlpool 160x90 cm avec fond blanc ou noir et montage rapide quick line CB098 - Bagno Italia\",\"isPartOf\":{\"@id\":\"https:\/\/www.bagnoitalia.com\/fr#website\"},\"primaryImageOfPage\":{\"@id\":\"https:\/\/www.bagnoitalia.com\/fr\/produit\/whirlpool-cabin-160x90-cm-with-white-or-black-bottom-and-quick-assembly-quick-line-cb098.html#primaryimage\"},\"image\":{\"@id\":\"https:\/\/www.bagnoitalia.com\/fr\/produit\/whirlpool-cabin-160x90-cm-with-white-or-black-bottom-and-quick-assembly-quick-line-cb098.html#primaryimage\"},\"thumbnailUrl\":\"https:\/\/img.bagnoitalia.com\/wp-content\/uploads\/1-191.webp\",\"datePublished\":\"2025-02-21T15:46:15+00:00\",\"dateModified\":\"2026-04-07T10:07:05+00:00\",\"breadcrumb\":{\"@id\":\"https:\/\/www.bagnoitalia.com\/fr\/produit\/whirlpool-cabin-160x90-cm-with-white-or-black-bottom-and-quick-assembly-quick-line-cb098.html#breadcrumb\"},\"inLanguage\":\"fr-FR\",\"potentialAction\":[{\"@type\":\"ReadAction\",\"target\":[\"https:\/\/www.bagnoitalia.com\/fr\/produit\/whirlpool-cabin-160x90-cm-with-white-or-black-bottom-and-quick-assembly-quick-line-cb098.html\"]}]},{\"@type\":\"ImageObject\",\"inLanguage\":\"fr-FR\",\"@id\":\"https:\/\/www.bagnoitalia.com\/fr\/produit\/whirlpool-cabin-160x90-cm-with-white-or-black-bottom-and-quick-assembly-quick-line-cb098.html#primaryimage\",\"url\":\"https:\/\/img.bagnoitalia.com\/wp-content\/uploads\/1-191.webp\",\"contentUrl\":\"https:\/\/img.bagnoitalia.com\/wp-content\/uploads\/1-191.webp\",\"width\":1000,\"height\":1000},{\"@type\":\"BreadcrumbList\",\"@id\":\"https:\/\/www.bagnoitalia.com\/fr\/produit\/whirlpool-cabin-160x90-cm-with-white-or-black-bottom-and-quick-assembly-quick-line-cb098.html#breadcrumb\",\"itemListElement\":[{\"@type\":\"ListItem\",\"position\":1,\"name\":\"Home\",\"item\":\"https:\/\/www.bagnoitalia.com\/fr\"},{\"@type\":\"ListItem\",\"position\":2,\"name\":\"Produits\",\"item\":\"https:\/\/www.bagnoitalia.com\/fr\/shop\"},{\"@type\":\"ListItem\",\"position\":3,\"name\":\"Cabine Whirlpool 160&#215;90 cm avec fond blanc ou noir et montage rapide quick line CB098\"}]},{\"@type\":\"WebSite\",\"@id\":\"https:\/\/www.bagnoitalia.com\/fr#website\",\"url\":\"https:\/\/www.bagnoitalia.com\/fr\",\"name\":\"Bagno Italia\",\"description\":\"\",\"publisher\":{\"@id\":\"https:\/\/www.bagnoitalia.com\/fr#organization\"},\"potentialAction\":[{\"@type\":\"SearchAction\",\"target\":{\"@type\":\"EntryPoint\",\"urlTemplate\":\"https:\/\/www.bagnoitalia.com\/fr?s={search_term_string}\"},\"query-input\":{\"@type\":\"PropertyValueSpecification\",\"valueRequired\":true,\"valueName\":\"search_term_string\"}}],\"inLanguage\":\"fr-FR\"},{\"@type\":\"Organization\",\"@id\":\"https:\/\/www.bagnoitalia.com\/fr#organization\",\"name\":\"Bagno Italia\",\"url\":\"https:\/\/www.bagnoitalia.com\/fr\",\"logo\":{\"@type\":\"ImageObject\",\"inLanguage\":\"fr-FR\",\"@id\":\"https:\/\/www.bagnoitalia.com\/fr#\/schema\/logo\/image\/\",\"url\":\"https:\/\/img.bagnoitalia.com\/wp-content\/uploads\/logo-bagnoitalia.webp\",\"contentUrl\":\"https:\/\/img.bagnoitalia.com\/wp-content\/uploads\/logo-bagnoitalia.webp\",\"width\":400,\"height\":70,\"caption\":\"Bagno Italia\"},\"image\":{\"@id\":\"https:\/\/www.bagnoitalia.com\/fr#\/schema\/logo\/image\/\"}}]}<\/script>\n<!-- \/ Yoast SEO plugin. -->","yoast_head_json":{"title":"Cabine Whirlpool 160x90 cm avec fond blanc ou noir et montage rapide quick line CB098 - Bagno Italia","robots":{"index":"index","follow":"follow","max-snippet":"max-snippet:-1","max-image-preview":"max-image-preview:large","max-video-preview":"max-video-preview:-1"},"canonical":"https:\/\/www.bagnoitalia.com\/fr\/produit\/whirlpool-cabin-160x90-cm-with-white-or-black-bottom-and-quick-assembly-quick-line-cb098.html","og_locale":"fr_FR","og_type":"article","og_title":"Cabine Whirlpool 160x90 cm avec fond blanc ou noir et montage rapide quick line CB098 - Bagno Italia","og_description":"Cabine de douche 160x90xH215 cm avec un jet d'hydromassage, disponible en deux versions : avec vitre arri\u00e8re blanche et profil\u00e9s en aluminium noir mat ou avec vitre arri\u00e8re noire et profil\u00e9s en aluminium chrom\u00e9. Compl\u00e8te avec receveur de douche, \u00e9clairage LED, radio et haut-parleurs.","og_url":"https:\/\/www.bagnoitalia.com\/fr\/produit\/whirlpool-cabin-160x90-cm-with-white-or-black-bottom-and-quick-assembly-quick-line-cb098.html","og_site_name":"Bagno Italia","article_modified_time":"2026-04-07T10:07:05+00:00","og_image":[{"width":1000,"height":1000,"url":"https:\/\/img.bagnoitalia.com\/wp-content\/uploads\/1-191.webp","type":"image\/webp"}],"twitter_card":"summary_large_image","twitter_misc":{"Dur\u00e9e de lecture estim\u00e9e":"1 minute"},"schema":{"@context":"https:\/\/schema.org","@graph":[{"@type":"WebPage","@id":"https:\/\/www.bagnoitalia.com\/fr\/produit\/whirlpool-cabin-160x90-cm-with-white-or-black-bottom-and-quick-assembly-quick-line-cb098.html","url":"https:\/\/www.bagnoitalia.com\/fr\/produit\/whirlpool-cabin-160x90-cm-with-white-or-black-bottom-and-quick-assembly-quick-line-cb098.html","name":"Cabine Whirlpool 160x90 cm avec fond blanc ou noir et montage rapide quick line CB098 - Bagno Italia","isPartOf":{"@id":"https:\/\/www.bagnoitalia.com\/fr#website"},"primaryImageOfPage":{"@id":"https:\/\/www.bagnoitalia.com\/fr\/produit\/whirlpool-cabin-160x90-cm-with-white-or-black-bottom-and-quick-assembly-quick-line-cb098.html#primaryimage"},"image":{"@id":"https:\/\/www.bagnoitalia.com\/fr\/produit\/whirlpool-cabin-160x90-cm-with-white-or-black-bottom-and-quick-assembly-quick-line-cb098.html#primaryimage"},"thumbnailUrl":"https:\/\/img.bagnoitalia.com\/wp-content\/uploads\/1-191.webp","datePublished":"2025-02-21T15:46:15+00:00","dateModified":"2026-04-07T10:07:05+00:00","breadcrumb":{"@id":"https:\/\/www.bagnoitalia.com\/fr\/produit\/whirlpool-cabin-160x90-cm-with-white-or-black-bottom-and-quick-assembly-quick-line-cb098.html#breadcrumb"},"inLanguage":"fr-FR","potentialAction":[{"@type":"ReadAction","target":["https:\/\/www.bagnoitalia.com\/fr\/produit\/whirlpool-cabin-160x90-cm-with-white-or-black-bottom-and-quick-assembly-quick-line-cb098.html"]}]},{"@type":"ImageObject","inLanguage":"fr-FR","@id":"https:\/\/www.bagnoitalia.com\/fr\/produit\/whirlpool-cabin-160x90-cm-with-white-or-black-bottom-and-quick-assembly-quick-line-cb098.html#primaryimage","url":"https:\/\/img.bagnoitalia.com\/wp-content\/uploads\/1-191.webp","contentUrl":"https:\/\/img.bagnoitalia.com\/wp-content\/uploads\/1-191.webp","width":1000,"height":1000},{"@type":"BreadcrumbList","@id":"https:\/\/www.bagnoitalia.com\/fr\/produit\/whirlpool-cabin-160x90-cm-with-white-or-black-bottom-and-quick-assembly-quick-line-cb098.html#breadcrumb","itemListElement":[{"@type":"ListItem","position":1,"name":"Home","item":"https:\/\/www.bagnoitalia.com\/fr"},{"@type":"ListItem","position":2,"name":"Produits","item":"https:\/\/www.bagnoitalia.com\/fr\/shop"},{"@type":"ListItem","position":3,"name":"Cabine Whirlpool 160&#215;90 cm avec fond blanc ou noir et montage rapide quick line CB098"}]},{"@type":"WebSite","@id":"https:\/\/www.bagnoitalia.com\/fr#website","url":"https:\/\/www.bagnoitalia.com\/fr","name":"Bagno Italia","description":"","publisher":{"@id":"https:\/\/www.bagnoitalia.com\/fr#organization"},"potentialAction":[{"@type":"SearchAction","target":{"@type":"EntryPoint","urlTemplate":"https:\/\/www.bagnoitalia.com\/fr?s={search_term_string}"},"query-input":{"@type":"PropertyValueSpecification","valueRequired":true,"valueName":"search_term_string"}}],"inLanguage":"fr-FR"},{"@type":"Organization","@id":"https:\/\/www.bagnoitalia.com\/fr#organization","name":"Bagno Italia","url":"https:\/\/www.bagnoitalia.com\/fr","logo":{"@type":"ImageObject","inLanguage":"fr-FR","@id":"https:\/\/www.bagnoitalia.com\/fr#\/schema\/logo\/image\/","url":"https:\/\/img.bagnoitalia.com\/wp-content\/uploads\/logo-bagnoitalia.webp","contentUrl":"https:\/\/img.bagnoitalia.com\/wp-content\/uploads\/logo-bagnoitalia.webp","width":400,"height":70,"caption":"Bagno Italia"},"image":{"@id":"https:\/\/www.bagnoitalia.com\/fr#\/schema\/logo\/image\/"}}]}},"_links":{"self":[{"href":"https:\/\/www.bagnoitalia.com\/fr\/wp-json\/wp\/v2\/product\/102706","targetHints":{"allow":["GET"]}}],"collection":[{"href":"https:\/\/www.bagnoitalia.com\/fr\/wp-json\/wp\/v2\/product"}],"about":[{"href":"https:\/\/www.bagnoitalia.com\/fr\/wp-json\/wp\/v2\/types\/product"}],"replies":[{"embeddable":true,"href":"https:\/\/www.bagnoitalia.com\/fr\/wp-json\/wp\/v2\/comments?post=102706"}],"version-history":[{"count":2,"href":"https:\/\/www.bagnoitalia.com\/fr\/wp-json\/wp\/v2\/product\/102706\/revisions"}],"predecessor-version":[{"id":109984,"href":"https:\/\/www.bagnoitalia.com\/fr\/wp-json\/wp\/v2\/product\/102706\/revisions\/109984"}],"wp:featuredmedia":[{"embeddable":true,"href":"https:\/\/www.bagnoitalia.com\/fr\/wp-json\/wp\/v2\/media\/102642"}],"wp:attachment":[{"href":"https:\/\/www.bagnoitalia.com\/fr\/wp-json\/wp\/v2\/media?parent=102706"}],"wp:term":[{"taxonomy":"product_brand","embeddable":true,"href":"https:\/\/www.bagnoitalia.com\/fr\/wp-json\/wp\/v2\/product_brand?post=102706"},{"taxonomy":"product_cat","embeddable":true,"href":"https:\/\/www.bagnoitalia.com\/fr\/wp-json\/wp\/v2\/product_cat?post=102706"},{"taxonomy":"product_tag","embeddable":true,"href":"https:\/\/www.bagnoitalia.com\/fr\/wp-json\/wp\/v2\/product_tag?post=102706"}],"curies":[{"name":"wp","href":"https:\/\/api.w.org\/{rel}","templated":true}]}}