{"id":102599,"date":"2025-02-19T15:30:29","date_gmt":"2025-02-19T14:30:29","guid":{"rendered":"https:\/\/www.bagnoitalia.com\/ultra-slim-102x24-cm-oak-shoe-cabinet-with-white-flap-and-hinged-doors-bm146.html"},"modified":"2025-02-19T15:32:38","modified_gmt":"2025-02-19T14:32:38","slug":"ultra-slim-102x24-cm-oak-shoe-cabinet-with-white-flap-and-hinged-doors-bm146","status":"publish","type":"product","link":"https:\/\/www.bagnoitalia.com\/fr\/produit\/ultra-slim-102x24-cm-oak-shoe-cabinet-with-white-flap-and-hinged-doors-bm146.html","title":{"rendered":"Meuble \u00e0 chaussures ultra-mince 102&#215;24 cm en ch\u00eane avec rabat blanc et portes battantes BM146"},"content":{"rendered":"<p>\u00c9TAG\u00c8RE \u00c0 CHAUSSURES ULTRASLIM CH\u00caNE-BLANC \u00ab BM146<\/p>\n<p>&nbsp;<\/p>\n<p>&nbsp;<\/p>\n<p>&nbsp;<\/p>\n<p>&nbsp;<\/p>\n<p>D\u00c9TAILS DU PRODUIT<\/p>\n<p>Meuble \u00e0 chaussures de : 102xD24xH125 cm<\/p>\n<p>Compos\u00e9 de :<\/p>\n<p>3 portes \u00e0 rabat avec poign\u00e9es<br \/>\n1 porte battante avec poign\u00e9e<\/p>\n<p>Avec structure d&rsquo;\u00e9tag\u00e8res \u00e0 chaussures<\/p>\n<p>Couleur : ch\u00eane avec portes blanches<\/p>\n<p>Facile \u00e0 assembler et \u00e0 nettoyer<\/p>\n<p>Structure en bois plaqu\u00e9<\/p>\n<p>Panneau arri\u00e8re en MDF<\/p>\n<p>&nbsp;<\/p>\n<p>&nbsp;<\/p>\n<p>&nbsp;<\/p>\n<p>&nbsp;<\/p>\n<p>&nbsp;<\/p>\n<p>&nbsp;<\/p>\n<p>&nbsp;<\/p>\n<p>&nbsp;<\/p>\n<p>&nbsp;<\/p>\n<p>&nbsp;<\/p>\n<p>&nbsp;<\/p>\n<p>&nbsp;<\/p>\n<p>&nbsp;<\/p>\n<p>&nbsp;<\/p>\n<p>&nbsp;<\/p>\n<p>&nbsp;<\/p>\n<p>&nbsp;<\/p>\n<p>&nbsp;<\/p>\n<p>&nbsp;<\/p>\n<p>&nbsp;<\/p>\n<p>&nbsp;<\/p>\n<p>&nbsp;<\/p>\n<p>&nbsp;<\/p>\n<p>&nbsp;<\/p>\n<p>&nbsp;<\/p>\n<p>&nbsp;<\/p>\n<p>&nbsp;<\/p>\n<p>&nbsp;<\/p>\n<p>93353<\/p>\n<p>&nbsp;<\/p>\n","protected":false},"excerpt":{"rendered":"<p>Meuble \u00e0 chaussures pratique, compos\u00e9 de 3 portes avec ouverture \u00e0 rabat et d&rsquo;une porte lat\u00e9rale avec ouverture \u00e0 charni\u00e8re. Bicolore, avec cadre couleur ch\u00eane et fa\u00e7ades blanches.<\/p>\n","protected":false},"featured_media":102595,"comment_status":"open","ping_status":"closed","template":"","meta":[],"product_brand":[10113],"product_cat":[9787,9771,9663],"product_tag":[],"class_list":{"0":"post-102599","1":"product","2":"type-product","3":"status-publish","4":"has-post-thumbnail","6":"product_brand-antonio-capaldo","7":"product_cat-meubles","8":"product_cat-mobilier-d-interieur","9":"product_cat-complements-economiques","11":"first","12":"instock","13":"sale","14":"taxable","15":"shipping-taxable","16":"purchasable","17":"product-type-simple"},"exclude_global_add_ons":[],"addons":[],"yoast_head":"<!-- This site is optimized with the Yoast SEO plugin v26.7 - https:\/\/yoast.com\/wordpress\/plugins\/seo\/ -->\n<title>Meuble \u00e0 chaussures ultra-mince 102x24 cm en ch\u00eane avec rabat blanc et portes battantes BM146 - Bagno Italia<\/title>\n<meta name=\"robots\" content=\"index, follow, max-snippet:-1, max-image-preview:large, max-video-preview:-1\" \/>\n<link rel=\"canonical\" href=\"https:\/\/www.bagnoitalia.com\/fr\/produit\/ultra-slim-102x24-cm-oak-shoe-cabinet-with-white-flap-and-hinged-doors-bm146.html\" \/>\n<meta property=\"og:locale\" content=\"fr_FR\" \/>\n<meta property=\"og:type\" content=\"article\" \/>\n<meta property=\"og:title\" content=\"Meuble \u00e0 chaussures ultra-mince 102x24 cm en ch\u00eane avec rabat blanc et portes battantes BM146 - Bagno Italia\" \/>\n<meta property=\"og:description\" content=\"Meuble \u00e0 chaussures pratique, compos\u00e9 de 3 portes avec ouverture \u00e0 rabat et d&#039;une porte lat\u00e9rale avec ouverture \u00e0 charni\u00e8re. Bicolore, avec cadre couleur ch\u00eane et fa\u00e7ades blanches.\" \/>\n<meta property=\"og:url\" content=\"https:\/\/www.bagnoitalia.com\/fr\/produit\/ultra-slim-102x24-cm-oak-shoe-cabinet-with-white-flap-and-hinged-doors-bm146.html\" \/>\n<meta property=\"og:site_name\" content=\"Bagno Italia\" \/>\n<meta property=\"article:modified_time\" content=\"2025-02-19T14:32:38+00:00\" \/>\n<meta property=\"og:image\" content=\"https:\/\/img.bagnoitalia.com\/wp-content\/uploads\/1-188.webp\" \/>\n\t<meta property=\"og:image:width\" content=\"800\" \/>\n\t<meta property=\"og:image:height\" content=\"800\" \/>\n\t<meta property=\"og:image:type\" content=\"image\/webp\" \/>\n<meta name=\"twitter:card\" content=\"summary_large_image\" \/>\n<meta name=\"twitter:label1\" content=\"Dur\u00e9e de lecture estim\u00e9e\" \/>\n\t<meta name=\"twitter:data1\" content=\"1 minute\" \/>\n<script type=\"application\/ld+json\" class=\"yoast-schema-graph\">{\"@context\":\"https:\/\/schema.org\",\"@graph\":[{\"@type\":\"WebPage\",\"@id\":\"https:\/\/www.bagnoitalia.com\/fr\/produit\/ultra-slim-102x24-cm-oak-shoe-cabinet-with-white-flap-and-hinged-doors-bm146.html\",\"url\":\"https:\/\/www.bagnoitalia.com\/fr\/produit\/ultra-slim-102x24-cm-oak-shoe-cabinet-with-white-flap-and-hinged-doors-bm146.html\",\"name\":\"Meuble \u00e0 chaussures ultra-mince 102x24 cm en ch\u00eane avec rabat blanc et portes battantes BM146 - Bagno Italia\",\"isPartOf\":{\"@id\":\"https:\/\/www.bagnoitalia.com\/fr#website\"},\"primaryImageOfPage\":{\"@id\":\"https:\/\/www.bagnoitalia.com\/fr\/produit\/ultra-slim-102x24-cm-oak-shoe-cabinet-with-white-flap-and-hinged-doors-bm146.html#primaryimage\"},\"image\":{\"@id\":\"https:\/\/www.bagnoitalia.com\/fr\/produit\/ultra-slim-102x24-cm-oak-shoe-cabinet-with-white-flap-and-hinged-doors-bm146.html#primaryimage\"},\"thumbnailUrl\":\"https:\/\/img.bagnoitalia.com\/wp-content\/uploads\/1-188.webp\",\"datePublished\":\"2025-02-19T14:30:29+00:00\",\"dateModified\":\"2025-02-19T14:32:38+00:00\",\"breadcrumb\":{\"@id\":\"https:\/\/www.bagnoitalia.com\/fr\/produit\/ultra-slim-102x24-cm-oak-shoe-cabinet-with-white-flap-and-hinged-doors-bm146.html#breadcrumb\"},\"inLanguage\":\"fr-FR\",\"potentialAction\":[{\"@type\":\"ReadAction\",\"target\":[\"https:\/\/www.bagnoitalia.com\/fr\/produit\/ultra-slim-102x24-cm-oak-shoe-cabinet-with-white-flap-and-hinged-doors-bm146.html\"]}]},{\"@type\":\"ImageObject\",\"inLanguage\":\"fr-FR\",\"@id\":\"https:\/\/www.bagnoitalia.com\/fr\/produit\/ultra-slim-102x24-cm-oak-shoe-cabinet-with-white-flap-and-hinged-doors-bm146.html#primaryimage\",\"url\":\"https:\/\/img.bagnoitalia.com\/wp-content\/uploads\/1-188.webp\",\"contentUrl\":\"https:\/\/img.bagnoitalia.com\/wp-content\/uploads\/1-188.webp\",\"width\":800,\"height\":800},{\"@type\":\"BreadcrumbList\",\"@id\":\"https:\/\/www.bagnoitalia.com\/fr\/produit\/ultra-slim-102x24-cm-oak-shoe-cabinet-with-white-flap-and-hinged-doors-bm146.html#breadcrumb\",\"itemListElement\":[{\"@type\":\"ListItem\",\"position\":1,\"name\":\"Home\",\"item\":\"https:\/\/www.bagnoitalia.com\/fr\"},{\"@type\":\"ListItem\",\"position\":2,\"name\":\"Produits\",\"item\":\"https:\/\/www.bagnoitalia.com\/fr\/shop\"},{\"@type\":\"ListItem\",\"position\":3,\"name\":\"Meuble \u00e0 chaussures ultra-mince 102&#215;24 cm en ch\u00eane avec rabat blanc et portes battantes BM146\"}]},{\"@type\":\"WebSite\",\"@id\":\"https:\/\/www.bagnoitalia.com\/fr#website\",\"url\":\"https:\/\/www.bagnoitalia.com\/fr\",\"name\":\"Bagno Italia\",\"description\":\"\",\"publisher\":{\"@id\":\"https:\/\/www.bagnoitalia.com\/fr#organization\"},\"potentialAction\":[{\"@type\":\"SearchAction\",\"target\":{\"@type\":\"EntryPoint\",\"urlTemplate\":\"https:\/\/www.bagnoitalia.com\/fr?s={search_term_string}\"},\"query-input\":{\"@type\":\"PropertyValueSpecification\",\"valueRequired\":true,\"valueName\":\"search_term_string\"}}],\"inLanguage\":\"fr-FR\"},{\"@type\":\"Organization\",\"@id\":\"https:\/\/www.bagnoitalia.com\/fr#organization\",\"name\":\"Bagno Italia\",\"url\":\"https:\/\/www.bagnoitalia.com\/fr\",\"logo\":{\"@type\":\"ImageObject\",\"inLanguage\":\"fr-FR\",\"@id\":\"https:\/\/www.bagnoitalia.com\/fr#\/schema\/logo\/image\/\",\"url\":\"https:\/\/img.bagnoitalia.com\/wp-content\/uploads\/logo-bagnoitalia.webp\",\"contentUrl\":\"https:\/\/img.bagnoitalia.com\/wp-content\/uploads\/logo-bagnoitalia.webp\",\"width\":400,\"height\":70,\"caption\":\"Bagno Italia\"},\"image\":{\"@id\":\"https:\/\/www.bagnoitalia.com\/fr#\/schema\/logo\/image\/\"}}]}<\/script>\n<!-- \/ Yoast SEO plugin. -->","yoast_head_json":{"title":"Meuble \u00e0 chaussures ultra-mince 102x24 cm en ch\u00eane avec rabat blanc et portes battantes BM146 - Bagno Italia","robots":{"index":"index","follow":"follow","max-snippet":"max-snippet:-1","max-image-preview":"max-image-preview:large","max-video-preview":"max-video-preview:-1"},"canonical":"https:\/\/www.bagnoitalia.com\/fr\/produit\/ultra-slim-102x24-cm-oak-shoe-cabinet-with-white-flap-and-hinged-doors-bm146.html","og_locale":"fr_FR","og_type":"article","og_title":"Meuble \u00e0 chaussures ultra-mince 102x24 cm en ch\u00eane avec rabat blanc et portes battantes BM146 - Bagno Italia","og_description":"Meuble \u00e0 chaussures pratique, compos\u00e9 de 3 portes avec ouverture \u00e0 rabat et d'une porte lat\u00e9rale avec ouverture \u00e0 charni\u00e8re. Bicolore, avec cadre couleur ch\u00eane et fa\u00e7ades blanches.","og_url":"https:\/\/www.bagnoitalia.com\/fr\/produit\/ultra-slim-102x24-cm-oak-shoe-cabinet-with-white-flap-and-hinged-doors-bm146.html","og_site_name":"Bagno Italia","article_modified_time":"2025-02-19T14:32:38+00:00","og_image":[{"width":800,"height":800,"url":"https:\/\/img.bagnoitalia.com\/wp-content\/uploads\/1-188.webp","type":"image\/webp"}],"twitter_card":"summary_large_image","twitter_misc":{"Dur\u00e9e de lecture estim\u00e9e":"1 minute"},"schema":{"@context":"https:\/\/schema.org","@graph":[{"@type":"WebPage","@id":"https:\/\/www.bagnoitalia.com\/fr\/produit\/ultra-slim-102x24-cm-oak-shoe-cabinet-with-white-flap-and-hinged-doors-bm146.html","url":"https:\/\/www.bagnoitalia.com\/fr\/produit\/ultra-slim-102x24-cm-oak-shoe-cabinet-with-white-flap-and-hinged-doors-bm146.html","name":"Meuble \u00e0 chaussures ultra-mince 102x24 cm en ch\u00eane avec rabat blanc et portes battantes BM146 - Bagno Italia","isPartOf":{"@id":"https:\/\/www.bagnoitalia.com\/fr#website"},"primaryImageOfPage":{"@id":"https:\/\/www.bagnoitalia.com\/fr\/produit\/ultra-slim-102x24-cm-oak-shoe-cabinet-with-white-flap-and-hinged-doors-bm146.html#primaryimage"},"image":{"@id":"https:\/\/www.bagnoitalia.com\/fr\/produit\/ultra-slim-102x24-cm-oak-shoe-cabinet-with-white-flap-and-hinged-doors-bm146.html#primaryimage"},"thumbnailUrl":"https:\/\/img.bagnoitalia.com\/wp-content\/uploads\/1-188.webp","datePublished":"2025-02-19T14:30:29+00:00","dateModified":"2025-02-19T14:32:38+00:00","breadcrumb":{"@id":"https:\/\/www.bagnoitalia.com\/fr\/produit\/ultra-slim-102x24-cm-oak-shoe-cabinet-with-white-flap-and-hinged-doors-bm146.html#breadcrumb"},"inLanguage":"fr-FR","potentialAction":[{"@type":"ReadAction","target":["https:\/\/www.bagnoitalia.com\/fr\/produit\/ultra-slim-102x24-cm-oak-shoe-cabinet-with-white-flap-and-hinged-doors-bm146.html"]}]},{"@type":"ImageObject","inLanguage":"fr-FR","@id":"https:\/\/www.bagnoitalia.com\/fr\/produit\/ultra-slim-102x24-cm-oak-shoe-cabinet-with-white-flap-and-hinged-doors-bm146.html#primaryimage","url":"https:\/\/img.bagnoitalia.com\/wp-content\/uploads\/1-188.webp","contentUrl":"https:\/\/img.bagnoitalia.com\/wp-content\/uploads\/1-188.webp","width":800,"height":800},{"@type":"BreadcrumbList","@id":"https:\/\/www.bagnoitalia.com\/fr\/produit\/ultra-slim-102x24-cm-oak-shoe-cabinet-with-white-flap-and-hinged-doors-bm146.html#breadcrumb","itemListElement":[{"@type":"ListItem","position":1,"name":"Home","item":"https:\/\/www.bagnoitalia.com\/fr"},{"@type":"ListItem","position":2,"name":"Produits","item":"https:\/\/www.bagnoitalia.com\/fr\/shop"},{"@type":"ListItem","position":3,"name":"Meuble \u00e0 chaussures ultra-mince 102&#215;24 cm en ch\u00eane avec rabat blanc et portes battantes BM146"}]},{"@type":"WebSite","@id":"https:\/\/www.bagnoitalia.com\/fr#website","url":"https:\/\/www.bagnoitalia.com\/fr","name":"Bagno Italia","description":"","publisher":{"@id":"https:\/\/www.bagnoitalia.com\/fr#organization"},"potentialAction":[{"@type":"SearchAction","target":{"@type":"EntryPoint","urlTemplate":"https:\/\/www.bagnoitalia.com\/fr?s={search_term_string}"},"query-input":{"@type":"PropertyValueSpecification","valueRequired":true,"valueName":"search_term_string"}}],"inLanguage":"fr-FR"},{"@type":"Organization","@id":"https:\/\/www.bagnoitalia.com\/fr#organization","name":"Bagno Italia","url":"https:\/\/www.bagnoitalia.com\/fr","logo":{"@type":"ImageObject","inLanguage":"fr-FR","@id":"https:\/\/www.bagnoitalia.com\/fr#\/schema\/logo\/image\/","url":"https:\/\/img.bagnoitalia.com\/wp-content\/uploads\/logo-bagnoitalia.webp","contentUrl":"https:\/\/img.bagnoitalia.com\/wp-content\/uploads\/logo-bagnoitalia.webp","width":400,"height":70,"caption":"Bagno Italia"},"image":{"@id":"https:\/\/www.bagnoitalia.com\/fr#\/schema\/logo\/image\/"}}]}},"_links":{"self":[{"href":"https:\/\/www.bagnoitalia.com\/fr\/wp-json\/wp\/v2\/product\/102599","targetHints":{"allow":["GET"]}}],"collection":[{"href":"https:\/\/www.bagnoitalia.com\/fr\/wp-json\/wp\/v2\/product"}],"about":[{"href":"https:\/\/www.bagnoitalia.com\/fr\/wp-json\/wp\/v2\/types\/product"}],"replies":[{"embeddable":true,"href":"https:\/\/www.bagnoitalia.com\/fr\/wp-json\/wp\/v2\/comments?post=102599"}],"version-history":[{"count":1,"href":"https:\/\/www.bagnoitalia.com\/fr\/wp-json\/wp\/v2\/product\/102599\/revisions"}],"predecessor-version":[{"id":102604,"href":"https:\/\/www.bagnoitalia.com\/fr\/wp-json\/wp\/v2\/product\/102599\/revisions\/102604"}],"wp:featuredmedia":[{"embeddable":true,"href":"https:\/\/www.bagnoitalia.com\/fr\/wp-json\/wp\/v2\/media\/102595"}],"wp:attachment":[{"href":"https:\/\/www.bagnoitalia.com\/fr\/wp-json\/wp\/v2\/media?parent=102599"}],"wp:term":[{"taxonomy":"product_brand","embeddable":true,"href":"https:\/\/www.bagnoitalia.com\/fr\/wp-json\/wp\/v2\/product_brand?post=102599"},{"taxonomy":"product_cat","embeddable":true,"href":"https:\/\/www.bagnoitalia.com\/fr\/wp-json\/wp\/v2\/product_cat?post=102599"},{"taxonomy":"product_tag","embeddable":true,"href":"https:\/\/www.bagnoitalia.com\/fr\/wp-json\/wp\/v2\/product_tag?post=102599"}],"curies":[{"name":"wp","href":"https:\/\/api.w.org\/{rel}","templated":true}]}}