{"id":102303,"date":"2025-02-13T15:36:19","date_gmt":"2025-02-13T14:36:19","guid":{"rendered":"https:\/\/www.bagnoitalia.com\/whirlpool-tub-145x145-cm-34-jets-bluetooth-chromotherapy-and-waterfall-vs159.html"},"modified":"2025-02-13T15:38:11","modified_gmt":"2025-02-13T14:38:11","slug":"whirlpool-tub-145x145-cm-34-jets-bluetooth-chromotherapy-and-waterfall-vs159","status":"publish","type":"product","link":"https:\/\/www.bagnoitalia.com\/fr\/produit\/whirlpool-tub-145x145-cm-34-jets-bluetooth-chromotherapy-and-waterfall-vs159.html","title":{"rendered":"Baignoire baln\u00e9o 145&#215;145 cm 34 jets chromoth\u00e9rapie bluetooth et cascade VS159"},"content":{"rendered":"<p>BASSIN HYDROMASSAGE 145x145cm &lsquo;VS159<\/p>\n<p>&nbsp;<\/p>\n<p>CARACT\u00c9RISTIQUES PRINCIPALES<\/p>\n<p>Baignoire compl\u00e8te en option, 145x145xH66 cm<\/p>\n<p>Peut \u00e9galement \u00eatre install\u00e9e au milieu de la pi\u00e8ce (elle est habill\u00e9e sur tous les c\u00f4t\u00e9s)<\/p>\n<p>Double pompe d&rsquo;hydromassage, \u00e0 eau (2 Hp) et \u00e0 air (0,50 Hp)<\/p>\n<p>34 buses d&rsquo;hydromassage<\/p>\n<p>16 jets d&rsquo;air \u00e0 LED positionn\u00e9s sur le fond de la baignoire (airled)<br \/>\n18 jets (6 grands et 12 petits) Jets d&rsquo;eau positionn\u00e9s sur les c\u00f4t\u00e9s de la baignoire<\/p>\n<p>Cascade sculpt\u00e9e \u00e0 360\u00b0 (sur toute la circonf\u00e9rence int\u00e9rieure de la baignoire)<\/p>\n<p>Commande tactile PC int\u00e9gr\u00e9e et enti\u00e8rement cach\u00e9e avec capteur tactile infrarouge<\/p>\n<p>Bluetooth<\/p>\n<p>Boutons en acier r\u00e9tro\u00e9clair\u00e9s et dissimul\u00e9s (avec levage pneumatique)<\/p>\n<p>Chromoth\u00e9rapie (avec LED \u00e0 l&rsquo;int\u00e9rieur et \u00e0 l&rsquo;ext\u00e9rieur de la baignoire)<\/p>\n<p>Chauffage thermostatique<\/p>\n<p>Ozonoth\u00e9rapie<\/p>\n<p>Radio avec haut-parleurs surround<\/p>\n<p>n.2 coussins d&rsquo;appui-t\u00eate<\/p>\n<p>Cadre en acier<\/p>\n<p>Panneaux acryliques \u00e0 4 couches<\/p>\n<p>&nbsp;<\/p>\n<p>&nbsp;<\/p>\n<p>&nbsp;<\/p>\n<p>&nbsp;<\/p>\n<p>&nbsp;<\/p>\n<p>&nbsp;<\/p>\n<p>&nbsp;<\/p>\n<p>&nbsp;<\/p>\n<p>&nbsp;<\/p>\n<p>&nbsp;<\/p>\n<p>&nbsp;<\/p>\n<p>&nbsp;<\/p>\n<p>&nbsp;<\/p>\n<p>&nbsp;<\/p>\n","protected":false},"excerpt":{"rendered":"<p>Baignoire d&rsquo;hydromassage compl\u00e8te en option, qui peut \u00e9galement \u00eatre plac\u00e9e au centre de la pi\u00e8ce. Avec 16 jets d&rsquo;air Led, 18 jets d&rsquo;eau, chromoth\u00e9rapie (lumi\u00e8res Led internes et externes), chauffage thermostatique, g\u00e9n\u00e9rateur d&rsquo;ozone, cascade sculpt\u00e9e \u00e0 360\u00b0, robinetterie cach\u00e9e, ordinateur tactile enti\u00e8rement cach\u00e9 avec connexion bluetooth.<\/p>\n","protected":false},"featured_media":102259,"comment_status":"open","ping_status":"closed","template":"","meta":[],"product_brand":[9924],"product_cat":[9707,9743],"product_tag":[],"class_list":{"0":"post-102303","1":"product","2":"type-product","3":"status-publish","4":"has-post-thumbnail","6":"product_brand-predator-arredo-casa-fr","7":"product_cat-baignoire-balneo","8":"product_cat-piscines-d-39-hydromassage","10":"first","11":"instock","12":"sale","13":"taxable","14":"shipping-taxable","15":"purchasable","16":"product-type-simple"},"exclude_global_add_ons":[],"addons":[],"yoast_head":"<!-- This site is optimized with the Yoast SEO plugin v26.7 - https:\/\/yoast.com\/wordpress\/plugins\/seo\/ -->\n<title>Baignoire baln\u00e9o 145x145 cm 34 jets chromoth\u00e9rapie bluetooth et cascade VS159 - Bagno Italia<\/title>\n<meta name=\"robots\" content=\"index, follow, max-snippet:-1, max-image-preview:large, max-video-preview:-1\" \/>\n<link rel=\"canonical\" href=\"https:\/\/www.bagnoitalia.com\/fr\/produit\/whirlpool-tub-145x145-cm-34-jets-bluetooth-chromotherapy-and-waterfall-vs159.html\" \/>\n<meta property=\"og:locale\" content=\"fr_FR\" \/>\n<meta property=\"og:type\" content=\"article\" \/>\n<meta property=\"og:title\" content=\"Baignoire baln\u00e9o 145x145 cm 34 jets chromoth\u00e9rapie bluetooth et cascade VS159 - Bagno Italia\" \/>\n<meta property=\"og:description\" content=\"Baignoire d&#039;hydromassage compl\u00e8te en option, qui peut \u00e9galement \u00eatre plac\u00e9e au centre de la pi\u00e8ce. Avec 16 jets d&#039;air Led, 18 jets d&#039;eau, chromoth\u00e9rapie (lumi\u00e8res Led internes et externes), chauffage thermostatique, g\u00e9n\u00e9rateur d&#039;ozone, cascade sculpt\u00e9e \u00e0 360\u00b0, robinetterie cach\u00e9e, ordinateur tactile enti\u00e8rement cach\u00e9 avec connexion bluetooth.\" \/>\n<meta property=\"og:url\" content=\"https:\/\/www.bagnoitalia.com\/fr\/produit\/whirlpool-tub-145x145-cm-34-jets-bluetooth-chromotherapy-and-waterfall-vs159.html\" \/>\n<meta property=\"og:site_name\" content=\"Bagno Italia\" \/>\n<meta property=\"article:modified_time\" content=\"2025-02-13T14:38:11+00:00\" \/>\n<meta property=\"og:image\" content=\"https:\/\/img.bagnoitalia.com\/wp-content\/uploads\/1-176.webp\" \/>\n\t<meta property=\"og:image:width\" content=\"1000\" \/>\n\t<meta property=\"og:image:height\" content=\"1000\" \/>\n\t<meta property=\"og:image:type\" content=\"image\/webp\" \/>\n<meta name=\"twitter:card\" content=\"summary_large_image\" \/>\n<meta name=\"twitter:label1\" content=\"Dur\u00e9e de lecture estim\u00e9e\" \/>\n\t<meta name=\"twitter:data1\" content=\"1 minute\" \/>\n<script type=\"application\/ld+json\" class=\"yoast-schema-graph\">{\"@context\":\"https:\/\/schema.org\",\"@graph\":[{\"@type\":\"WebPage\",\"@id\":\"https:\/\/www.bagnoitalia.com\/fr\/produit\/whirlpool-tub-145x145-cm-34-jets-bluetooth-chromotherapy-and-waterfall-vs159.html\",\"url\":\"https:\/\/www.bagnoitalia.com\/fr\/produit\/whirlpool-tub-145x145-cm-34-jets-bluetooth-chromotherapy-and-waterfall-vs159.html\",\"name\":\"Baignoire baln\u00e9o 145x145 cm 34 jets chromoth\u00e9rapie bluetooth et cascade VS159 - Bagno Italia\",\"isPartOf\":{\"@id\":\"https:\/\/www.bagnoitalia.com\/fr#website\"},\"primaryImageOfPage\":{\"@id\":\"https:\/\/www.bagnoitalia.com\/fr\/produit\/whirlpool-tub-145x145-cm-34-jets-bluetooth-chromotherapy-and-waterfall-vs159.html#primaryimage\"},\"image\":{\"@id\":\"https:\/\/www.bagnoitalia.com\/fr\/produit\/whirlpool-tub-145x145-cm-34-jets-bluetooth-chromotherapy-and-waterfall-vs159.html#primaryimage\"},\"thumbnailUrl\":\"https:\/\/img.bagnoitalia.com\/wp-content\/uploads\/1-176.webp\",\"datePublished\":\"2025-02-13T14:36:19+00:00\",\"dateModified\":\"2025-02-13T14:38:11+00:00\",\"breadcrumb\":{\"@id\":\"https:\/\/www.bagnoitalia.com\/fr\/produit\/whirlpool-tub-145x145-cm-34-jets-bluetooth-chromotherapy-and-waterfall-vs159.html#breadcrumb\"},\"inLanguage\":\"fr-FR\",\"potentialAction\":[{\"@type\":\"ReadAction\",\"target\":[\"https:\/\/www.bagnoitalia.com\/fr\/produit\/whirlpool-tub-145x145-cm-34-jets-bluetooth-chromotherapy-and-waterfall-vs159.html\"]}]},{\"@type\":\"ImageObject\",\"inLanguage\":\"fr-FR\",\"@id\":\"https:\/\/www.bagnoitalia.com\/fr\/produit\/whirlpool-tub-145x145-cm-34-jets-bluetooth-chromotherapy-and-waterfall-vs159.html#primaryimage\",\"url\":\"https:\/\/img.bagnoitalia.com\/wp-content\/uploads\/1-176.webp\",\"contentUrl\":\"https:\/\/img.bagnoitalia.com\/wp-content\/uploads\/1-176.webp\",\"width\":1000,\"height\":1000},{\"@type\":\"BreadcrumbList\",\"@id\":\"https:\/\/www.bagnoitalia.com\/fr\/produit\/whirlpool-tub-145x145-cm-34-jets-bluetooth-chromotherapy-and-waterfall-vs159.html#breadcrumb\",\"itemListElement\":[{\"@type\":\"ListItem\",\"position\":1,\"name\":\"Home\",\"item\":\"https:\/\/www.bagnoitalia.com\/fr\"},{\"@type\":\"ListItem\",\"position\":2,\"name\":\"Produits\",\"item\":\"https:\/\/www.bagnoitalia.com\/fr\/shop\"},{\"@type\":\"ListItem\",\"position\":3,\"name\":\"Baignoire baln\u00e9o 145&#215;145 cm 34 jets chromoth\u00e9rapie bluetooth et cascade VS159\"}]},{\"@type\":\"WebSite\",\"@id\":\"https:\/\/www.bagnoitalia.com\/fr#website\",\"url\":\"https:\/\/www.bagnoitalia.com\/fr\",\"name\":\"Bagno Italia\",\"description\":\"\",\"publisher\":{\"@id\":\"https:\/\/www.bagnoitalia.com\/fr#organization\"},\"potentialAction\":[{\"@type\":\"SearchAction\",\"target\":{\"@type\":\"EntryPoint\",\"urlTemplate\":\"https:\/\/www.bagnoitalia.com\/fr?s={search_term_string}\"},\"query-input\":{\"@type\":\"PropertyValueSpecification\",\"valueRequired\":true,\"valueName\":\"search_term_string\"}}],\"inLanguage\":\"fr-FR\"},{\"@type\":\"Organization\",\"@id\":\"https:\/\/www.bagnoitalia.com\/fr#organization\",\"name\":\"Bagno Italia\",\"url\":\"https:\/\/www.bagnoitalia.com\/fr\",\"logo\":{\"@type\":\"ImageObject\",\"inLanguage\":\"fr-FR\",\"@id\":\"https:\/\/www.bagnoitalia.com\/fr#\/schema\/logo\/image\/\",\"url\":\"https:\/\/img.bagnoitalia.com\/wp-content\/uploads\/logo-bagnoitalia.webp\",\"contentUrl\":\"https:\/\/img.bagnoitalia.com\/wp-content\/uploads\/logo-bagnoitalia.webp\",\"width\":400,\"height\":70,\"caption\":\"Bagno Italia\"},\"image\":{\"@id\":\"https:\/\/www.bagnoitalia.com\/fr#\/schema\/logo\/image\/\"}}]}<\/script>\n<!-- \/ Yoast SEO plugin. -->","yoast_head_json":{"title":"Baignoire baln\u00e9o 145x145 cm 34 jets chromoth\u00e9rapie bluetooth et cascade VS159 - Bagno Italia","robots":{"index":"index","follow":"follow","max-snippet":"max-snippet:-1","max-image-preview":"max-image-preview:large","max-video-preview":"max-video-preview:-1"},"canonical":"https:\/\/www.bagnoitalia.com\/fr\/produit\/whirlpool-tub-145x145-cm-34-jets-bluetooth-chromotherapy-and-waterfall-vs159.html","og_locale":"fr_FR","og_type":"article","og_title":"Baignoire baln\u00e9o 145x145 cm 34 jets chromoth\u00e9rapie bluetooth et cascade VS159 - Bagno Italia","og_description":"Baignoire d'hydromassage compl\u00e8te en option, qui peut \u00e9galement \u00eatre plac\u00e9e au centre de la pi\u00e8ce. Avec 16 jets d'air Led, 18 jets d'eau, chromoth\u00e9rapie (lumi\u00e8res Led internes et externes), chauffage thermostatique, g\u00e9n\u00e9rateur d'ozone, cascade sculpt\u00e9e \u00e0 360\u00b0, robinetterie cach\u00e9e, ordinateur tactile enti\u00e8rement cach\u00e9 avec connexion bluetooth.","og_url":"https:\/\/www.bagnoitalia.com\/fr\/produit\/whirlpool-tub-145x145-cm-34-jets-bluetooth-chromotherapy-and-waterfall-vs159.html","og_site_name":"Bagno Italia","article_modified_time":"2025-02-13T14:38:11+00:00","og_image":[{"width":1000,"height":1000,"url":"https:\/\/img.bagnoitalia.com\/wp-content\/uploads\/1-176.webp","type":"image\/webp"}],"twitter_card":"summary_large_image","twitter_misc":{"Dur\u00e9e de lecture estim\u00e9e":"1 minute"},"schema":{"@context":"https:\/\/schema.org","@graph":[{"@type":"WebPage","@id":"https:\/\/www.bagnoitalia.com\/fr\/produit\/whirlpool-tub-145x145-cm-34-jets-bluetooth-chromotherapy-and-waterfall-vs159.html","url":"https:\/\/www.bagnoitalia.com\/fr\/produit\/whirlpool-tub-145x145-cm-34-jets-bluetooth-chromotherapy-and-waterfall-vs159.html","name":"Baignoire baln\u00e9o 145x145 cm 34 jets chromoth\u00e9rapie bluetooth et cascade VS159 - Bagno Italia","isPartOf":{"@id":"https:\/\/www.bagnoitalia.com\/fr#website"},"primaryImageOfPage":{"@id":"https:\/\/www.bagnoitalia.com\/fr\/produit\/whirlpool-tub-145x145-cm-34-jets-bluetooth-chromotherapy-and-waterfall-vs159.html#primaryimage"},"image":{"@id":"https:\/\/www.bagnoitalia.com\/fr\/produit\/whirlpool-tub-145x145-cm-34-jets-bluetooth-chromotherapy-and-waterfall-vs159.html#primaryimage"},"thumbnailUrl":"https:\/\/img.bagnoitalia.com\/wp-content\/uploads\/1-176.webp","datePublished":"2025-02-13T14:36:19+00:00","dateModified":"2025-02-13T14:38:11+00:00","breadcrumb":{"@id":"https:\/\/www.bagnoitalia.com\/fr\/produit\/whirlpool-tub-145x145-cm-34-jets-bluetooth-chromotherapy-and-waterfall-vs159.html#breadcrumb"},"inLanguage":"fr-FR","potentialAction":[{"@type":"ReadAction","target":["https:\/\/www.bagnoitalia.com\/fr\/produit\/whirlpool-tub-145x145-cm-34-jets-bluetooth-chromotherapy-and-waterfall-vs159.html"]}]},{"@type":"ImageObject","inLanguage":"fr-FR","@id":"https:\/\/www.bagnoitalia.com\/fr\/produit\/whirlpool-tub-145x145-cm-34-jets-bluetooth-chromotherapy-and-waterfall-vs159.html#primaryimage","url":"https:\/\/img.bagnoitalia.com\/wp-content\/uploads\/1-176.webp","contentUrl":"https:\/\/img.bagnoitalia.com\/wp-content\/uploads\/1-176.webp","width":1000,"height":1000},{"@type":"BreadcrumbList","@id":"https:\/\/www.bagnoitalia.com\/fr\/produit\/whirlpool-tub-145x145-cm-34-jets-bluetooth-chromotherapy-and-waterfall-vs159.html#breadcrumb","itemListElement":[{"@type":"ListItem","position":1,"name":"Home","item":"https:\/\/www.bagnoitalia.com\/fr"},{"@type":"ListItem","position":2,"name":"Produits","item":"https:\/\/www.bagnoitalia.com\/fr\/shop"},{"@type":"ListItem","position":3,"name":"Baignoire baln\u00e9o 145&#215;145 cm 34 jets chromoth\u00e9rapie bluetooth et cascade VS159"}]},{"@type":"WebSite","@id":"https:\/\/www.bagnoitalia.com\/fr#website","url":"https:\/\/www.bagnoitalia.com\/fr","name":"Bagno Italia","description":"","publisher":{"@id":"https:\/\/www.bagnoitalia.com\/fr#organization"},"potentialAction":[{"@type":"SearchAction","target":{"@type":"EntryPoint","urlTemplate":"https:\/\/www.bagnoitalia.com\/fr?s={search_term_string}"},"query-input":{"@type":"PropertyValueSpecification","valueRequired":true,"valueName":"search_term_string"}}],"inLanguage":"fr-FR"},{"@type":"Organization","@id":"https:\/\/www.bagnoitalia.com\/fr#organization","name":"Bagno Italia","url":"https:\/\/www.bagnoitalia.com\/fr","logo":{"@type":"ImageObject","inLanguage":"fr-FR","@id":"https:\/\/www.bagnoitalia.com\/fr#\/schema\/logo\/image\/","url":"https:\/\/img.bagnoitalia.com\/wp-content\/uploads\/logo-bagnoitalia.webp","contentUrl":"https:\/\/img.bagnoitalia.com\/wp-content\/uploads\/logo-bagnoitalia.webp","width":400,"height":70,"caption":"Bagno Italia"},"image":{"@id":"https:\/\/www.bagnoitalia.com\/fr#\/schema\/logo\/image\/"}}]}},"_links":{"self":[{"href":"https:\/\/www.bagnoitalia.com\/fr\/wp-json\/wp\/v2\/product\/102303","targetHints":{"allow":["GET"]}}],"collection":[{"href":"https:\/\/www.bagnoitalia.com\/fr\/wp-json\/wp\/v2\/product"}],"about":[{"href":"https:\/\/www.bagnoitalia.com\/fr\/wp-json\/wp\/v2\/types\/product"}],"replies":[{"embeddable":true,"href":"https:\/\/www.bagnoitalia.com\/fr\/wp-json\/wp\/v2\/comments?post=102303"}],"version-history":[{"count":1,"href":"https:\/\/www.bagnoitalia.com\/fr\/wp-json\/wp\/v2\/product\/102303\/revisions"}],"predecessor-version":[{"id":102308,"href":"https:\/\/www.bagnoitalia.com\/fr\/wp-json\/wp\/v2\/product\/102303\/revisions\/102308"}],"wp:featuredmedia":[{"embeddable":true,"href":"https:\/\/www.bagnoitalia.com\/fr\/wp-json\/wp\/v2\/media\/102259"}],"wp:attachment":[{"href":"https:\/\/www.bagnoitalia.com\/fr\/wp-json\/wp\/v2\/media?parent=102303"}],"wp:term":[{"taxonomy":"product_brand","embeddable":true,"href":"https:\/\/www.bagnoitalia.com\/fr\/wp-json\/wp\/v2\/product_brand?post=102303"},{"taxonomy":"product_cat","embeddable":true,"href":"https:\/\/www.bagnoitalia.com\/fr\/wp-json\/wp\/v2\/product_cat?post=102303"},{"taxonomy":"product_tag","embeddable":true,"href":"https:\/\/www.bagnoitalia.com\/fr\/wp-json\/wp\/v2\/product_tag?post=102303"}],"curies":[{"name":"wp","href":"https:\/\/api.w.org\/{rel}","templated":true}]}}