{"id":102251,"date":"2025-02-13T14:30:38","date_gmt":"2025-02-13T13:30:38","guid":{"rendered":"https:\/\/www.bagnoitalia.com\/whirlpool-tub-190x150-cm-4-seats-with-50-jets-double-waterfall-led-and-bluetooth-vs158.html"},"modified":"2025-02-13T14:32:30","modified_gmt":"2025-02-13T13:32:30","slug":"whirlpool-tub-190x150-cm-4-seats-with-50-jets-double-waterfall-led-and-bluetooth-vs158","status":"publish","type":"product","link":"https:\/\/www.bagnoitalia.com\/fr\/produit\/whirlpool-tub-190x150-cm-4-seats-with-50-jets-double-waterfall-led-and-bluetooth-vs158.html","title":{"rendered":"Baignoire baln\u00e9o 190&#215;150 cm 4 places avec 50 jets double cascade led et bluetooth VS158"},"content":{"rendered":"<p>Baignoire d&rsquo;hydromassage \u00ab VS158 \u00bb 190x150cm<\/p>\n<p>&nbsp;<\/p>\n<p>CARACT\u00c9RISTIQUES DU PRODUIT<\/p>\n<p>Baignoire compl\u00e8te en option, pouvant \u00e9galement \u00eatre install\u00e9e au centre de la pi\u00e8ce (elle est habill\u00e9e sur les 4 c\u00f4t\u00e9s).<\/p>\n<p>Dimensions 190xD150xH70 cm, pour 4 personnes<\/p>\n<p>Double pompe d&rsquo;hydromassage, eau (2 Hp) et air (0,50 Hp)<\/p>\n<p>n.50 jets au total<\/p>\n<p>n.20 jets d&rsquo;AIR LED positionn\u00e9s sur le fond de la baignoire (airled)<br \/>\n24 petits jets d&rsquo;eau plac\u00e9s sous les appuis-t\u00eate<br \/>\n6 grands jets d&rsquo;eau positionn\u00e9s sur les c\u00f4t\u00e9s de la piscine<\/p>\n<p>n.2 cascades sculpt\u00e9es et r\u00e9tro-\u00e9clair\u00e9es 2 cascades sculpt\u00e9es et r\u00e9tro-\u00e9clair\u00e9es<\/p>\n<p>Panneau de commande thermique full-touch avec connexion Bluetooth<\/p>\n<p>Chromoth\u00e9rapie (avec LED \u00e0 l&rsquo;int\u00e9rieur et \u00e0 l&rsquo;ext\u00e9rieur de la baignoire)<\/p>\n<p>Chauffage thermostatique<\/p>\n<p>Ozonoth\u00e9rapie<\/p>\n<p>Robinetterie en acier<\/p>\n<p>Radio avec haut-parleurs surround<\/p>\n<p>Coussins d&rsquo;appui-t\u00eate n.4<\/p>\n<p>Cadre en acier<\/p>\n<p>Plateau en marbre noir \u00e9toil\u00e9<\/p>\n<p>Rev\u00eatement en fibre de verre effet bois<\/p>\n<p>&nbsp;<\/p>\n<p>&nbsp;<\/p>\n<p>&nbsp;<\/p>\n<p>&nbsp;<\/p>\n<p>&nbsp;<\/p>\n<p>&nbsp;<\/p>\n<p>&nbsp;<\/p>\n<p>&nbsp;<\/p>\n<p>&nbsp;<\/p>\n","protected":false},"excerpt":{"rendered":"<p>Une baignoire compl\u00e8te en option, avec un plateau en marbre et des panneaux en fibre de verre \u00e0 effet bois, qui peut \u00e9galement \u00eatre plac\u00e9e au milieu de la pi\u00e8ce. Elle est \u00e9quip\u00e9e de 50 jets d&rsquo;air et d&rsquo;eau, d&rsquo;un syst\u00e8me de chromoth\u00e9rapie (avec lumi\u00e8res LED internes et externes), d&rsquo;un \u00e9cran de contr\u00f4le tactile, d&rsquo;un syst\u00e8me d&rsquo;ozonoth\u00e9rapie, d&rsquo;un chauffage thermostatique et de pas moins de 2 cascades sculpt\u00e9es et r\u00e9tro\u00e9clair\u00e9es.<\/p>\n<p>&nbsp;<\/p>\n","protected":false},"featured_media":109363,"comment_status":"open","ping_status":"closed","template":"","meta":[],"product_brand":[9924],"product_cat":[9707,9743],"product_tag":[],"class_list":{"0":"post-102251","1":"product","2":"type-product","3":"status-publish","4":"has-post-thumbnail","6":"product_brand-predator-arredo-casa-fr","7":"product_cat-baignoire-balneo","8":"product_cat-piscines-d-39-hydromassage","10":"first","11":"instock","12":"sale","13":"taxable","14":"shipping-taxable","15":"purchasable","16":"product-type-simple"},"exclude_global_add_ons":[],"addons":[],"yoast_head":"<!-- This site is optimized with the Yoast SEO plugin v26.7 - https:\/\/yoast.com\/wordpress\/plugins\/seo\/ -->\n<title>Baignoire baln\u00e9o 190x150 cm 4 places avec 50 jets double cascade led et bluetooth VS158 - Bagno Italia<\/title>\n<meta name=\"robots\" content=\"index, follow, max-snippet:-1, max-image-preview:large, max-video-preview:-1\" \/>\n<link rel=\"canonical\" href=\"https:\/\/www.bagnoitalia.com\/fr\/produit\/whirlpool-tub-190x150-cm-4-seats-with-50-jets-double-waterfall-led-and-bluetooth-vs158.html\" \/>\n<meta property=\"og:locale\" content=\"fr_FR\" \/>\n<meta property=\"og:type\" content=\"article\" \/>\n<meta property=\"og:title\" content=\"Baignoire baln\u00e9o 190x150 cm 4 places avec 50 jets double cascade led et bluetooth VS158 - Bagno Italia\" \/>\n<meta property=\"og:description\" content=\"Une baignoire compl\u00e8te en option, avec un plateau en marbre et des panneaux en fibre de verre \u00e0 effet bois, qui peut \u00e9galement \u00eatre plac\u00e9e au milieu de la pi\u00e8ce. Elle est \u00e9quip\u00e9e de 50 jets d&#039;air et d&#039;eau, d&#039;un syst\u00e8me de chromoth\u00e9rapie (avec lumi\u00e8res LED internes et externes), d&#039;un \u00e9cran de contr\u00f4le tactile, d&#039;un syst\u00e8me d&#039;ozonoth\u00e9rapie, d&#039;un chauffage thermostatique et de pas moins de 2 cascades sculpt\u00e9es et r\u00e9tro\u00e9clair\u00e9es.  &nbsp;\" \/>\n<meta property=\"og:url\" content=\"https:\/\/www.bagnoitalia.com\/fr\/produit\/whirlpool-tub-190x150-cm-4-seats-with-50-jets-double-waterfall-led-and-bluetooth-vs158.html\" \/>\n<meta property=\"og:site_name\" content=\"Bagno Italia\" \/>\n<meta property=\"article:modified_time\" content=\"2025-02-13T13:32:30+00:00\" \/>\n<meta property=\"og:image\" content=\"https:\/\/img.bagnoitalia.com\/wp-content\/uploads\/1-175.webp\" \/>\n\t<meta property=\"og:image:width\" content=\"1000\" \/>\n\t<meta property=\"og:image:height\" content=\"1000\" \/>\n\t<meta property=\"og:image:type\" content=\"image\/webp\" \/>\n<meta name=\"twitter:card\" content=\"summary_large_image\" \/>\n<meta name=\"twitter:label1\" content=\"Dur\u00e9e de lecture estim\u00e9e\" \/>\n\t<meta name=\"twitter:data1\" content=\"1 minute\" \/>\n<script type=\"application\/ld+json\" class=\"yoast-schema-graph\">{\"@context\":\"https:\/\/schema.org\",\"@graph\":[{\"@type\":\"WebPage\",\"@id\":\"https:\/\/www.bagnoitalia.com\/fr\/produit\/whirlpool-tub-190x150-cm-4-seats-with-50-jets-double-waterfall-led-and-bluetooth-vs158.html\",\"url\":\"https:\/\/www.bagnoitalia.com\/fr\/produit\/whirlpool-tub-190x150-cm-4-seats-with-50-jets-double-waterfall-led-and-bluetooth-vs158.html\",\"name\":\"Baignoire baln\u00e9o 190x150 cm 4 places avec 50 jets double cascade led et bluetooth VS158 - Bagno Italia\",\"isPartOf\":{\"@id\":\"https:\/\/www.bagnoitalia.com\/fr#website\"},\"primaryImageOfPage\":{\"@id\":\"https:\/\/www.bagnoitalia.com\/fr\/produit\/whirlpool-tub-190x150-cm-4-seats-with-50-jets-double-waterfall-led-and-bluetooth-vs158.html#primaryimage\"},\"image\":{\"@id\":\"https:\/\/www.bagnoitalia.com\/fr\/produit\/whirlpool-tub-190x150-cm-4-seats-with-50-jets-double-waterfall-led-and-bluetooth-vs158.html#primaryimage\"},\"thumbnailUrl\":\"https:\/\/img.bagnoitalia.com\/wp-content\/uploads\/vasca-idromassaggio-190x150-cm-4-posti-led-e-bluetooth.jpg\",\"datePublished\":\"2025-02-13T13:30:38+00:00\",\"dateModified\":\"2025-02-13T13:32:30+00:00\",\"breadcrumb\":{\"@id\":\"https:\/\/www.bagnoitalia.com\/fr\/produit\/whirlpool-tub-190x150-cm-4-seats-with-50-jets-double-waterfall-led-and-bluetooth-vs158.html#breadcrumb\"},\"inLanguage\":\"fr-FR\",\"potentialAction\":[{\"@type\":\"ReadAction\",\"target\":[\"https:\/\/www.bagnoitalia.com\/fr\/produit\/whirlpool-tub-190x150-cm-4-seats-with-50-jets-double-waterfall-led-and-bluetooth-vs158.html\"]}]},{\"@type\":\"ImageObject\",\"inLanguage\":\"fr-FR\",\"@id\":\"https:\/\/www.bagnoitalia.com\/fr\/produit\/whirlpool-tub-190x150-cm-4-seats-with-50-jets-double-waterfall-led-and-bluetooth-vs158.html#primaryimage\",\"url\":\"https:\/\/img.bagnoitalia.com\/wp-content\/uploads\/vasca-idromassaggio-190x150-cm-4-posti-led-e-bluetooth.jpg\",\"contentUrl\":\"https:\/\/img.bagnoitalia.com\/wp-content\/uploads\/vasca-idromassaggio-190x150-cm-4-posti-led-e-bluetooth.jpg\",\"width\":1000,\"height\":1000},{\"@type\":\"BreadcrumbList\",\"@id\":\"https:\/\/www.bagnoitalia.com\/fr\/produit\/whirlpool-tub-190x150-cm-4-seats-with-50-jets-double-waterfall-led-and-bluetooth-vs158.html#breadcrumb\",\"itemListElement\":[{\"@type\":\"ListItem\",\"position\":1,\"name\":\"Home\",\"item\":\"https:\/\/www.bagnoitalia.com\/fr\"},{\"@type\":\"ListItem\",\"position\":2,\"name\":\"Produits\",\"item\":\"https:\/\/www.bagnoitalia.com\/fr\/shop\"},{\"@type\":\"ListItem\",\"position\":3,\"name\":\"Baignoire baln\u00e9o 190&#215;150 cm 4 places avec 50 jets double cascade led et bluetooth VS158\"}]},{\"@type\":\"WebSite\",\"@id\":\"https:\/\/www.bagnoitalia.com\/fr#website\",\"url\":\"https:\/\/www.bagnoitalia.com\/fr\",\"name\":\"Bagno Italia\",\"description\":\"\",\"publisher\":{\"@id\":\"https:\/\/www.bagnoitalia.com\/fr#organization\"},\"potentialAction\":[{\"@type\":\"SearchAction\",\"target\":{\"@type\":\"EntryPoint\",\"urlTemplate\":\"https:\/\/www.bagnoitalia.com\/fr?s={search_term_string}\"},\"query-input\":{\"@type\":\"PropertyValueSpecification\",\"valueRequired\":true,\"valueName\":\"search_term_string\"}}],\"inLanguage\":\"fr-FR\"},{\"@type\":\"Organization\",\"@id\":\"https:\/\/www.bagnoitalia.com\/fr#organization\",\"name\":\"Bagno Italia\",\"url\":\"https:\/\/www.bagnoitalia.com\/fr\",\"logo\":{\"@type\":\"ImageObject\",\"inLanguage\":\"fr-FR\",\"@id\":\"https:\/\/www.bagnoitalia.com\/fr#\/schema\/logo\/image\/\",\"url\":\"https:\/\/img.bagnoitalia.com\/wp-content\/uploads\/logo-bagnoitalia.webp\",\"contentUrl\":\"https:\/\/img.bagnoitalia.com\/wp-content\/uploads\/logo-bagnoitalia.webp\",\"width\":400,\"height\":70,\"caption\":\"Bagno Italia\"},\"image\":{\"@id\":\"https:\/\/www.bagnoitalia.com\/fr#\/schema\/logo\/image\/\"}}]}<\/script>\n<!-- \/ Yoast SEO plugin. -->","yoast_head_json":{"title":"Baignoire baln\u00e9o 190x150 cm 4 places avec 50 jets double cascade led et bluetooth VS158 - Bagno Italia","robots":{"index":"index","follow":"follow","max-snippet":"max-snippet:-1","max-image-preview":"max-image-preview:large","max-video-preview":"max-video-preview:-1"},"canonical":"https:\/\/www.bagnoitalia.com\/fr\/produit\/whirlpool-tub-190x150-cm-4-seats-with-50-jets-double-waterfall-led-and-bluetooth-vs158.html","og_locale":"fr_FR","og_type":"article","og_title":"Baignoire baln\u00e9o 190x150 cm 4 places avec 50 jets double cascade led et bluetooth VS158 - Bagno Italia","og_description":"Une baignoire compl\u00e8te en option, avec un plateau en marbre et des panneaux en fibre de verre \u00e0 effet bois, qui peut \u00e9galement \u00eatre plac\u00e9e au milieu de la pi\u00e8ce. Elle est \u00e9quip\u00e9e de 50 jets d'air et d'eau, d'un syst\u00e8me de chromoth\u00e9rapie (avec lumi\u00e8res LED internes et externes), d'un \u00e9cran de contr\u00f4le tactile, d'un syst\u00e8me d'ozonoth\u00e9rapie, d'un chauffage thermostatique et de pas moins de 2 cascades sculpt\u00e9es et r\u00e9tro\u00e9clair\u00e9es.  &nbsp;","og_url":"https:\/\/www.bagnoitalia.com\/fr\/produit\/whirlpool-tub-190x150-cm-4-seats-with-50-jets-double-waterfall-led-and-bluetooth-vs158.html","og_site_name":"Bagno Italia","article_modified_time":"2025-02-13T13:32:30+00:00","og_image":[{"width":1000,"height":1000,"url":"https:\/\/img.bagnoitalia.com\/wp-content\/uploads\/1-175.webp","type":"image\/webp"}],"twitter_card":"summary_large_image","twitter_misc":{"Dur\u00e9e de lecture estim\u00e9e":"1 minute"},"schema":{"@context":"https:\/\/schema.org","@graph":[{"@type":"WebPage","@id":"https:\/\/www.bagnoitalia.com\/fr\/produit\/whirlpool-tub-190x150-cm-4-seats-with-50-jets-double-waterfall-led-and-bluetooth-vs158.html","url":"https:\/\/www.bagnoitalia.com\/fr\/produit\/whirlpool-tub-190x150-cm-4-seats-with-50-jets-double-waterfall-led-and-bluetooth-vs158.html","name":"Baignoire baln\u00e9o 190x150 cm 4 places avec 50 jets double cascade led et bluetooth VS158 - Bagno Italia","isPartOf":{"@id":"https:\/\/www.bagnoitalia.com\/fr#website"},"primaryImageOfPage":{"@id":"https:\/\/www.bagnoitalia.com\/fr\/produit\/whirlpool-tub-190x150-cm-4-seats-with-50-jets-double-waterfall-led-and-bluetooth-vs158.html#primaryimage"},"image":{"@id":"https:\/\/www.bagnoitalia.com\/fr\/produit\/whirlpool-tub-190x150-cm-4-seats-with-50-jets-double-waterfall-led-and-bluetooth-vs158.html#primaryimage"},"thumbnailUrl":"https:\/\/img.bagnoitalia.com\/wp-content\/uploads\/vasca-idromassaggio-190x150-cm-4-posti-led-e-bluetooth.jpg","datePublished":"2025-02-13T13:30:38+00:00","dateModified":"2025-02-13T13:32:30+00:00","breadcrumb":{"@id":"https:\/\/www.bagnoitalia.com\/fr\/produit\/whirlpool-tub-190x150-cm-4-seats-with-50-jets-double-waterfall-led-and-bluetooth-vs158.html#breadcrumb"},"inLanguage":"fr-FR","potentialAction":[{"@type":"ReadAction","target":["https:\/\/www.bagnoitalia.com\/fr\/produit\/whirlpool-tub-190x150-cm-4-seats-with-50-jets-double-waterfall-led-and-bluetooth-vs158.html"]}]},{"@type":"ImageObject","inLanguage":"fr-FR","@id":"https:\/\/www.bagnoitalia.com\/fr\/produit\/whirlpool-tub-190x150-cm-4-seats-with-50-jets-double-waterfall-led-and-bluetooth-vs158.html#primaryimage","url":"https:\/\/img.bagnoitalia.com\/wp-content\/uploads\/vasca-idromassaggio-190x150-cm-4-posti-led-e-bluetooth.jpg","contentUrl":"https:\/\/img.bagnoitalia.com\/wp-content\/uploads\/vasca-idromassaggio-190x150-cm-4-posti-led-e-bluetooth.jpg","width":1000,"height":1000},{"@type":"BreadcrumbList","@id":"https:\/\/www.bagnoitalia.com\/fr\/produit\/whirlpool-tub-190x150-cm-4-seats-with-50-jets-double-waterfall-led-and-bluetooth-vs158.html#breadcrumb","itemListElement":[{"@type":"ListItem","position":1,"name":"Home","item":"https:\/\/www.bagnoitalia.com\/fr"},{"@type":"ListItem","position":2,"name":"Produits","item":"https:\/\/www.bagnoitalia.com\/fr\/shop"},{"@type":"ListItem","position":3,"name":"Baignoire baln\u00e9o 190&#215;150 cm 4 places avec 50 jets double cascade led et bluetooth VS158"}]},{"@type":"WebSite","@id":"https:\/\/www.bagnoitalia.com\/fr#website","url":"https:\/\/www.bagnoitalia.com\/fr","name":"Bagno Italia","description":"","publisher":{"@id":"https:\/\/www.bagnoitalia.com\/fr#organization"},"potentialAction":[{"@type":"SearchAction","target":{"@type":"EntryPoint","urlTemplate":"https:\/\/www.bagnoitalia.com\/fr?s={search_term_string}"},"query-input":{"@type":"PropertyValueSpecification","valueRequired":true,"valueName":"search_term_string"}}],"inLanguage":"fr-FR"},{"@type":"Organization","@id":"https:\/\/www.bagnoitalia.com\/fr#organization","name":"Bagno Italia","url":"https:\/\/www.bagnoitalia.com\/fr","logo":{"@type":"ImageObject","inLanguage":"fr-FR","@id":"https:\/\/www.bagnoitalia.com\/fr#\/schema\/logo\/image\/","url":"https:\/\/img.bagnoitalia.com\/wp-content\/uploads\/logo-bagnoitalia.webp","contentUrl":"https:\/\/img.bagnoitalia.com\/wp-content\/uploads\/logo-bagnoitalia.webp","width":400,"height":70,"caption":"Bagno Italia"},"image":{"@id":"https:\/\/www.bagnoitalia.com\/fr#\/schema\/logo\/image\/"}}]}},"_links":{"self":[{"href":"https:\/\/www.bagnoitalia.com\/fr\/wp-json\/wp\/v2\/product\/102251","targetHints":{"allow":["GET"]}}],"collection":[{"href":"https:\/\/www.bagnoitalia.com\/fr\/wp-json\/wp\/v2\/product"}],"about":[{"href":"https:\/\/www.bagnoitalia.com\/fr\/wp-json\/wp\/v2\/types\/product"}],"replies":[{"embeddable":true,"href":"https:\/\/www.bagnoitalia.com\/fr\/wp-json\/wp\/v2\/comments?post=102251"}],"version-history":[{"count":1,"href":"https:\/\/www.bagnoitalia.com\/fr\/wp-json\/wp\/v2\/product\/102251\/revisions"}],"predecessor-version":[{"id":102256,"href":"https:\/\/www.bagnoitalia.com\/fr\/wp-json\/wp\/v2\/product\/102251\/revisions\/102256"}],"wp:featuredmedia":[{"embeddable":true,"href":"https:\/\/www.bagnoitalia.com\/fr\/wp-json\/wp\/v2\/media\/109363"}],"wp:attachment":[{"href":"https:\/\/www.bagnoitalia.com\/fr\/wp-json\/wp\/v2\/media?parent=102251"}],"wp:term":[{"taxonomy":"product_brand","embeddable":true,"href":"https:\/\/www.bagnoitalia.com\/fr\/wp-json\/wp\/v2\/product_brand?post=102251"},{"taxonomy":"product_cat","embeddable":true,"href":"https:\/\/www.bagnoitalia.com\/fr\/wp-json\/wp\/v2\/product_cat?post=102251"},{"taxonomy":"product_tag","embeddable":true,"href":"https:\/\/www.bagnoitalia.com\/fr\/wp-json\/wp\/v2\/product_tag?post=102251"}],"curies":[{"name":"wp","href":"https:\/\/api.w.org\/{rel}","templated":true}]}}