{"id":102127,"date":"2025-02-12T16:50:24","date_gmt":"2025-02-12T15:50:24","guid":{"rendered":"https:\/\/www.bagnoitalia.com\/whirlpool-bath-180x110-cm-right-or-left-50-jets-chromotherapy-and-bluetooth-vs156.html"},"modified":"2025-12-15T14:08:31","modified_gmt":"2025-12-15T13:08:31","slug":"whirlpool-bath-180x110-cm-right-or-left-50-jets-chromotherapy-and-bluetooth-vs156","status":"publish","type":"product","link":"https:\/\/www.bagnoitalia.com\/fr\/produit\/whirlpool-bath-180x110-cm-right-or-left-50-jets-chromotherapy-and-bluetooth-vs156.html","title":{"rendered":"Baignoire baln\u00e9o 180&#215;110 cm droite ou gauche 50 jets chromoth\u00e9rapie et bluetooth VS156"},"content":{"rendered":"<p>BASSIN D&rsquo;HYDROMASSAGE 180x110cm &lsquo;VS156<\/p>\n<p>&nbsp;<\/p>\n<p>SP\u00c9CIFICATIONS DU PRODUIT<\/p>\n<p>Baignoire d&rsquo;angle pour deux personnes<\/p>\n<p>Disponible en version DROITE ou GAUCHE (s\u00e9lectionner la version dans le menu d\u00e9roulant ci-dessus)<\/p>\n<p>Dimensions 180xD110xH63 cm<\/p>\n<p>Avec cascade sculpt\u00e9e et r\u00e9tro-\u00e9clair\u00e9e<\/p>\n<p>Verre acrylique pur incassable de 16 mm d&rsquo;\u00e9paisseur<\/p>\n<p>Double pompe d&rsquo;hydromassage (1,5 Hp eau et 0,50 Hp air)<\/p>\n<p>50 jets, dont<\/p>\n<p>20 jets LED AIR positionn\u00e9s au fond de la baignoire (airled)<br \/>\n24 petits jets d&rsquo;eau plac\u00e9s sous les appuis-t\u00eate<br \/>\n6 grands jets d&rsquo;eau positionn\u00e9s sur le c\u00f4t\u00e9 de la baignoire<\/p>\n<p>Connexion Bluetooth<\/p>\n<p>Chromoth\u00e9rapie (avec LED \u00e0 l&rsquo;int\u00e9rieur et \u00e0 l&rsquo;ext\u00e9rieur de la baignoire)<\/p>\n<p>Chauffage thermostatique<\/p>\n<p>Ozonoth\u00e9rapie<\/p>\n<p>Panneau de contr\u00f4le thermique tactile<\/p>\n<p>Radio avec haut-parleurs surround<\/p>\n<p>2 coussins d&rsquo;appui-t\u00eate<\/p>\n<p>Robinets avec affichage num\u00e9rique de la temp\u00e9rature<\/p>\n<p>Cadre en acier<\/p>\n<p>Panneaux acryliques \u00e0 4 couches<\/p>\n<p>&nbsp;<\/p>\n<p>&nbsp;<\/p>\n<p>&nbsp;<\/p>\n<p>&nbsp;<\/p>\n<p>&nbsp;<\/p>\n<p>&nbsp;<\/p>\n<p>&nbsp;<\/p>\n<p>&nbsp;<\/p>\n<p>&nbsp;<\/p>\n","protected":false},"excerpt":{"rendered":"<p>Baignoire compl\u00e8te au design unique et moderne. Avec 20 jets d&rsquo;air LED et 30 jets d&rsquo;eau, \u00e9clairage LED interne et externe, \u00e9cran de contr\u00f4le tactile, cascade sculpt\u00e9e, th\u00e9rapie \u00e0 l&rsquo;ozone, chauffage thermostatique. Disponible en version gauche ou droite.<\/p>\n","protected":false},"featured_media":102075,"comment_status":"open","ping_status":"closed","template":"","meta":[],"product_brand":[9924],"product_cat":[9707,9743],"product_tag":[],"class_list":{"0":"post-102127","1":"product","2":"type-product","3":"status-publish","4":"has-post-thumbnail","6":"product_brand-predator-arredo-casa-fr","7":"product_cat-baignoire-balneo","8":"product_cat-piscines-d-39-hydromassage","10":"first","11":"instock","12":"sale","13":"taxable","14":"shipping-taxable","15":"purchasable","16":"product-type-simple"},"exclude_global_add_ons":false,"addons":[{"name":"Version","type":"multiple_choice","position":0,"required":false,"title_format":"label","default":"","description_enable":false,"description":"","placeholder_enable":false,"placeholder":"","display":"select","restrictions_type":"any_text","adjust_price":false,"price":"","price_type":"flat_fee","restrictions":false,"min":"0","max":"0","options":[{"label":"\u00e0 droite","price":"","price_type":"flat_fee","image":0,"visibility":true},{"label":"gauche","price":"","price_type":"flat_fee","image":0,"visibility":true}],"id":1739379025}],"yoast_head":"<!-- This site is optimized with the Yoast SEO plugin v26.7 - https:\/\/yoast.com\/wordpress\/plugins\/seo\/ -->\n<title>Baignoire baln\u00e9o 180x110 cm droite ou gauche 50 jets chromoth\u00e9rapie et bluetooth VS156 - Bagno Italia<\/title>\n<meta name=\"robots\" content=\"index, follow, max-snippet:-1, max-image-preview:large, max-video-preview:-1\" \/>\n<link rel=\"canonical\" href=\"https:\/\/www.bagnoitalia.com\/fr\/produit\/whirlpool-bath-180x110-cm-right-or-left-50-jets-chromotherapy-and-bluetooth-vs156.html\" \/>\n<meta property=\"og:locale\" content=\"fr_FR\" \/>\n<meta property=\"og:type\" content=\"article\" \/>\n<meta property=\"og:title\" content=\"Baignoire baln\u00e9o 180x110 cm droite ou gauche 50 jets chromoth\u00e9rapie et bluetooth VS156 - Bagno Italia\" \/>\n<meta property=\"og:description\" content=\"Baignoire compl\u00e8te au design unique et moderne. Avec 20 jets d&#039;air LED et 30 jets d&#039;eau, \u00e9clairage LED interne et externe, \u00e9cran de contr\u00f4le tactile, cascade sculpt\u00e9e, th\u00e9rapie \u00e0 l&#039;ozone, chauffage thermostatique. Disponible en version gauche ou droite.\" \/>\n<meta property=\"og:url\" content=\"https:\/\/www.bagnoitalia.com\/fr\/produit\/whirlpool-bath-180x110-cm-right-or-left-50-jets-chromotherapy-and-bluetooth-vs156.html\" \/>\n<meta property=\"og:site_name\" content=\"Bagno Italia\" \/>\n<meta property=\"article:modified_time\" content=\"2025-12-15T13:08:31+00:00\" \/>\n<meta property=\"og:image\" content=\"https:\/\/img.bagnoitalia.com\/wp-content\/uploads\/1-173.webp\" \/>\n\t<meta property=\"og:image:width\" content=\"1000\" \/>\n\t<meta property=\"og:image:height\" content=\"1000\" \/>\n\t<meta property=\"og:image:type\" content=\"image\/webp\" \/>\n<meta name=\"twitter:card\" content=\"summary_large_image\" \/>\n<meta name=\"twitter:label1\" content=\"Dur\u00e9e de lecture estim\u00e9e\" \/>\n\t<meta name=\"twitter:data1\" content=\"1 minute\" \/>\n<script type=\"application\/ld+json\" class=\"yoast-schema-graph\">{\"@context\":\"https:\/\/schema.org\",\"@graph\":[{\"@type\":\"WebPage\",\"@id\":\"https:\/\/www.bagnoitalia.com\/fr\/produit\/whirlpool-bath-180x110-cm-right-or-left-50-jets-chromotherapy-and-bluetooth-vs156.html\",\"url\":\"https:\/\/www.bagnoitalia.com\/fr\/produit\/whirlpool-bath-180x110-cm-right-or-left-50-jets-chromotherapy-and-bluetooth-vs156.html\",\"name\":\"Baignoire baln\u00e9o 180x110 cm droite ou gauche 50 jets chromoth\u00e9rapie et bluetooth VS156 - Bagno Italia\",\"isPartOf\":{\"@id\":\"https:\/\/www.bagnoitalia.com\/fr#website\"},\"primaryImageOfPage\":{\"@id\":\"https:\/\/www.bagnoitalia.com\/fr\/produit\/whirlpool-bath-180x110-cm-right-or-left-50-jets-chromotherapy-and-bluetooth-vs156.html#primaryimage\"},\"image\":{\"@id\":\"https:\/\/www.bagnoitalia.com\/fr\/produit\/whirlpool-bath-180x110-cm-right-or-left-50-jets-chromotherapy-and-bluetooth-vs156.html#primaryimage\"},\"thumbnailUrl\":\"https:\/\/img.bagnoitalia.com\/wp-content\/uploads\/1-173.webp\",\"datePublished\":\"2025-02-12T15:50:24+00:00\",\"dateModified\":\"2025-12-15T13:08:31+00:00\",\"breadcrumb\":{\"@id\":\"https:\/\/www.bagnoitalia.com\/fr\/produit\/whirlpool-bath-180x110-cm-right-or-left-50-jets-chromotherapy-and-bluetooth-vs156.html#breadcrumb\"},\"inLanguage\":\"fr-FR\",\"potentialAction\":[{\"@type\":\"ReadAction\",\"target\":[\"https:\/\/www.bagnoitalia.com\/fr\/produit\/whirlpool-bath-180x110-cm-right-or-left-50-jets-chromotherapy-and-bluetooth-vs156.html\"]}]},{\"@type\":\"ImageObject\",\"inLanguage\":\"fr-FR\",\"@id\":\"https:\/\/www.bagnoitalia.com\/fr\/produit\/whirlpool-bath-180x110-cm-right-or-left-50-jets-chromotherapy-and-bluetooth-vs156.html#primaryimage\",\"url\":\"https:\/\/img.bagnoitalia.com\/wp-content\/uploads\/1-173.webp\",\"contentUrl\":\"https:\/\/img.bagnoitalia.com\/wp-content\/uploads\/1-173.webp\",\"width\":1000,\"height\":1000},{\"@type\":\"BreadcrumbList\",\"@id\":\"https:\/\/www.bagnoitalia.com\/fr\/produit\/whirlpool-bath-180x110-cm-right-or-left-50-jets-chromotherapy-and-bluetooth-vs156.html#breadcrumb\",\"itemListElement\":[{\"@type\":\"ListItem\",\"position\":1,\"name\":\"Home\",\"item\":\"https:\/\/www.bagnoitalia.com\/fr\"},{\"@type\":\"ListItem\",\"position\":2,\"name\":\"Produits\",\"item\":\"https:\/\/www.bagnoitalia.com\/fr\/shop\"},{\"@type\":\"ListItem\",\"position\":3,\"name\":\"Baignoire baln\u00e9o 180&#215;110 cm droite ou gauche 50 jets chromoth\u00e9rapie et bluetooth VS156\"}]},{\"@type\":\"WebSite\",\"@id\":\"https:\/\/www.bagnoitalia.com\/fr#website\",\"url\":\"https:\/\/www.bagnoitalia.com\/fr\",\"name\":\"Bagno Italia\",\"description\":\"\",\"publisher\":{\"@id\":\"https:\/\/www.bagnoitalia.com\/fr#organization\"},\"potentialAction\":[{\"@type\":\"SearchAction\",\"target\":{\"@type\":\"EntryPoint\",\"urlTemplate\":\"https:\/\/www.bagnoitalia.com\/fr?s={search_term_string}\"},\"query-input\":{\"@type\":\"PropertyValueSpecification\",\"valueRequired\":true,\"valueName\":\"search_term_string\"}}],\"inLanguage\":\"fr-FR\"},{\"@type\":\"Organization\",\"@id\":\"https:\/\/www.bagnoitalia.com\/fr#organization\",\"name\":\"Bagno Italia\",\"url\":\"https:\/\/www.bagnoitalia.com\/fr\",\"logo\":{\"@type\":\"ImageObject\",\"inLanguage\":\"fr-FR\",\"@id\":\"https:\/\/www.bagnoitalia.com\/fr#\/schema\/logo\/image\/\",\"url\":\"https:\/\/img.bagnoitalia.com\/wp-content\/uploads\/logo-bagnoitalia.webp\",\"contentUrl\":\"https:\/\/img.bagnoitalia.com\/wp-content\/uploads\/logo-bagnoitalia.webp\",\"width\":400,\"height\":70,\"caption\":\"Bagno Italia\"},\"image\":{\"@id\":\"https:\/\/www.bagnoitalia.com\/fr#\/schema\/logo\/image\/\"}}]}<\/script>\n<!-- \/ Yoast SEO plugin. -->","yoast_head_json":{"title":"Baignoire baln\u00e9o 180x110 cm droite ou gauche 50 jets chromoth\u00e9rapie et bluetooth VS156 - Bagno Italia","robots":{"index":"index","follow":"follow","max-snippet":"max-snippet:-1","max-image-preview":"max-image-preview:large","max-video-preview":"max-video-preview:-1"},"canonical":"https:\/\/www.bagnoitalia.com\/fr\/produit\/whirlpool-bath-180x110-cm-right-or-left-50-jets-chromotherapy-and-bluetooth-vs156.html","og_locale":"fr_FR","og_type":"article","og_title":"Baignoire baln\u00e9o 180x110 cm droite ou gauche 50 jets chromoth\u00e9rapie et bluetooth VS156 - Bagno Italia","og_description":"Baignoire compl\u00e8te au design unique et moderne. Avec 20 jets d'air LED et 30 jets d'eau, \u00e9clairage LED interne et externe, \u00e9cran de contr\u00f4le tactile, cascade sculpt\u00e9e, th\u00e9rapie \u00e0 l'ozone, chauffage thermostatique. Disponible en version gauche ou droite.","og_url":"https:\/\/www.bagnoitalia.com\/fr\/produit\/whirlpool-bath-180x110-cm-right-or-left-50-jets-chromotherapy-and-bluetooth-vs156.html","og_site_name":"Bagno Italia","article_modified_time":"2025-12-15T13:08:31+00:00","og_image":[{"width":1000,"height":1000,"url":"https:\/\/img.bagnoitalia.com\/wp-content\/uploads\/1-173.webp","type":"image\/webp"}],"twitter_card":"summary_large_image","twitter_misc":{"Dur\u00e9e de lecture estim\u00e9e":"1 minute"},"schema":{"@context":"https:\/\/schema.org","@graph":[{"@type":"WebPage","@id":"https:\/\/www.bagnoitalia.com\/fr\/produit\/whirlpool-bath-180x110-cm-right-or-left-50-jets-chromotherapy-and-bluetooth-vs156.html","url":"https:\/\/www.bagnoitalia.com\/fr\/produit\/whirlpool-bath-180x110-cm-right-or-left-50-jets-chromotherapy-and-bluetooth-vs156.html","name":"Baignoire baln\u00e9o 180x110 cm droite ou gauche 50 jets chromoth\u00e9rapie et bluetooth VS156 - Bagno Italia","isPartOf":{"@id":"https:\/\/www.bagnoitalia.com\/fr#website"},"primaryImageOfPage":{"@id":"https:\/\/www.bagnoitalia.com\/fr\/produit\/whirlpool-bath-180x110-cm-right-or-left-50-jets-chromotherapy-and-bluetooth-vs156.html#primaryimage"},"image":{"@id":"https:\/\/www.bagnoitalia.com\/fr\/produit\/whirlpool-bath-180x110-cm-right-or-left-50-jets-chromotherapy-and-bluetooth-vs156.html#primaryimage"},"thumbnailUrl":"https:\/\/img.bagnoitalia.com\/wp-content\/uploads\/1-173.webp","datePublished":"2025-02-12T15:50:24+00:00","dateModified":"2025-12-15T13:08:31+00:00","breadcrumb":{"@id":"https:\/\/www.bagnoitalia.com\/fr\/produit\/whirlpool-bath-180x110-cm-right-or-left-50-jets-chromotherapy-and-bluetooth-vs156.html#breadcrumb"},"inLanguage":"fr-FR","potentialAction":[{"@type":"ReadAction","target":["https:\/\/www.bagnoitalia.com\/fr\/produit\/whirlpool-bath-180x110-cm-right-or-left-50-jets-chromotherapy-and-bluetooth-vs156.html"]}]},{"@type":"ImageObject","inLanguage":"fr-FR","@id":"https:\/\/www.bagnoitalia.com\/fr\/produit\/whirlpool-bath-180x110-cm-right-or-left-50-jets-chromotherapy-and-bluetooth-vs156.html#primaryimage","url":"https:\/\/img.bagnoitalia.com\/wp-content\/uploads\/1-173.webp","contentUrl":"https:\/\/img.bagnoitalia.com\/wp-content\/uploads\/1-173.webp","width":1000,"height":1000},{"@type":"BreadcrumbList","@id":"https:\/\/www.bagnoitalia.com\/fr\/produit\/whirlpool-bath-180x110-cm-right-or-left-50-jets-chromotherapy-and-bluetooth-vs156.html#breadcrumb","itemListElement":[{"@type":"ListItem","position":1,"name":"Home","item":"https:\/\/www.bagnoitalia.com\/fr"},{"@type":"ListItem","position":2,"name":"Produits","item":"https:\/\/www.bagnoitalia.com\/fr\/shop"},{"@type":"ListItem","position":3,"name":"Baignoire baln\u00e9o 180&#215;110 cm droite ou gauche 50 jets chromoth\u00e9rapie et bluetooth VS156"}]},{"@type":"WebSite","@id":"https:\/\/www.bagnoitalia.com\/fr#website","url":"https:\/\/www.bagnoitalia.com\/fr","name":"Bagno Italia","description":"","publisher":{"@id":"https:\/\/www.bagnoitalia.com\/fr#organization"},"potentialAction":[{"@type":"SearchAction","target":{"@type":"EntryPoint","urlTemplate":"https:\/\/www.bagnoitalia.com\/fr?s={search_term_string}"},"query-input":{"@type":"PropertyValueSpecification","valueRequired":true,"valueName":"search_term_string"}}],"inLanguage":"fr-FR"},{"@type":"Organization","@id":"https:\/\/www.bagnoitalia.com\/fr#organization","name":"Bagno Italia","url":"https:\/\/www.bagnoitalia.com\/fr","logo":{"@type":"ImageObject","inLanguage":"fr-FR","@id":"https:\/\/www.bagnoitalia.com\/fr#\/schema\/logo\/image\/","url":"https:\/\/img.bagnoitalia.com\/wp-content\/uploads\/logo-bagnoitalia.webp","contentUrl":"https:\/\/img.bagnoitalia.com\/wp-content\/uploads\/logo-bagnoitalia.webp","width":400,"height":70,"caption":"Bagno Italia"},"image":{"@id":"https:\/\/www.bagnoitalia.com\/fr#\/schema\/logo\/image\/"}}]}},"_links":{"self":[{"href":"https:\/\/www.bagnoitalia.com\/fr\/wp-json\/wp\/v2\/product\/102127","targetHints":{"allow":["GET"]}}],"collection":[{"href":"https:\/\/www.bagnoitalia.com\/fr\/wp-json\/wp\/v2\/product"}],"about":[{"href":"https:\/\/www.bagnoitalia.com\/fr\/wp-json\/wp\/v2\/types\/product"}],"replies":[{"embeddable":true,"href":"https:\/\/www.bagnoitalia.com\/fr\/wp-json\/wp\/v2\/comments?post=102127"}],"version-history":[{"count":3,"href":"https:\/\/www.bagnoitalia.com\/fr\/wp-json\/wp\/v2\/product\/102127\/revisions"}],"predecessor-version":[{"id":115172,"href":"https:\/\/www.bagnoitalia.com\/fr\/wp-json\/wp\/v2\/product\/102127\/revisions\/115172"}],"wp:featuredmedia":[{"embeddable":true,"href":"https:\/\/www.bagnoitalia.com\/fr\/wp-json\/wp\/v2\/media\/102075"}],"wp:attachment":[{"href":"https:\/\/www.bagnoitalia.com\/fr\/wp-json\/wp\/v2\/media?parent=102127"}],"wp:term":[{"taxonomy":"product_brand","embeddable":true,"href":"https:\/\/www.bagnoitalia.com\/fr\/wp-json\/wp\/v2\/product_brand?post=102127"},{"taxonomy":"product_cat","embeddable":true,"href":"https:\/\/www.bagnoitalia.com\/fr\/wp-json\/wp\/v2\/product_cat?post=102127"},{"taxonomy":"product_tag","embeddable":true,"href":"https:\/\/www.bagnoitalia.com\/fr\/wp-json\/wp\/v2\/product_tag?post=102127"}],"curies":[{"name":"wp","href":"https:\/\/api.w.org\/{rel}","templated":true}]}}