{"id":101920,"date":"2025-02-11T16:49:34","date_gmt":"2025-02-11T15:49:34","guid":{"rendered":"https:\/\/www.bagnoitalia.com\/whirlpool-bath-180x120-cm-with-wooden-top-41-jets-chromotherapy-and-bluetooth-vs154.html"},"modified":"2025-07-21T17:14:58","modified_gmt":"2025-07-21T15:14:58","slug":"whirlpool-bath-180x120-cm-with-wooden-top-41-jets-chromotherapy-and-bluetooth-vs154","status":"publish","type":"product","link":"https:\/\/www.bagnoitalia.com\/fr\/produit\/whirlpool-bath-180x120-cm-with-wooden-top-41-jets-chromotherapy-and-bluetooth-vs154.html","title":{"rendered":"Baignoire baln\u00e9o 180&#215;120 cm avec plan en bois 41 jets chromoth\u00e9rapie et bluetooth VS154"},"content":{"rendered":"<p>BASSIN HYDROMASSAGE 180x120cm TOP WOOD &lsquo;VS154<\/p>\n<p>&nbsp;<\/p>\n<p>CARACT\u00c9RISTIQUES DU PRODUIT<\/p>\n<p>Baignoire compl\u00e8te en option disponible avec plateau en bois et panneaux blancs ou enti\u00e8rement en bois<\/p>\n<p>Dimensions 180xD120xH60 cm, 2-4 places assises<\/p>\n<p>Double pompe d&rsquo;hydromassage, pour un total de 41 jets, dont<\/p>\n<p>20 jets AIR positionn\u00e9s sur le fond de la baignoire<br \/>\n21 jets d&rsquo;EAU plac\u00e9s sous les appuis-t\u00eate et sur les c\u00f4t\u00e9s de la baignoire<\/p>\n<p>Cascade sculpt\u00e9e sur le c\u00f4t\u00e9 de la baignoire<\/p>\n<p>Robinetterie avec m\u00e9langeur cascade<\/p>\n<p>Connexion Bluetooth<\/p>\n<p>Chromoth\u00e9rapie (avec LED \u00e0 l&rsquo;int\u00e9rieur et \u00e0 l&rsquo;ext\u00e9rieur de la baignoire)<\/p>\n<p>Chauffage thermostatique<\/p>\n<p>Ozonoth\u00e9rapie<\/p>\n<p>Panneau de commande \u00e0 \u00e9cran tactile LED<\/p>\n<p>Radio avec haut-parleurs surround<\/p>\n<p>2 coussins d&rsquo;appui-t\u00eate<\/p>\n<p>Cadre en acier<\/p>\n<p>N. 3 Panneaux acryliques \u00e0 4 couches<\/p>\n<p>Dessus en bois massif<\/p>\n<p>Pompe \u00e0 eau 1,5 Hp<\/p>\n<p>Pompe \u00e0 air 0,25 Hp<\/p>\n<p>&nbsp;<\/p>\n<p>&nbsp;<\/p>\n<p>&nbsp;<\/p>\n<p>&nbsp;<\/p>\n<p>&nbsp;<\/p>\n","protected":false},"excerpt":{"rendered":"<p>Baignoire compl\u00e8te en option, pour 2-4 personnes, avec un plan en bois. Compl\u00e8te avec : double pompe d&rsquo;hydromassage (air et eau), 2 appuis-t\u00eate, lumi\u00e8res LED pour chromoth\u00e9rapie, th\u00e9rapie \u00e0 l&rsquo;ozone, connexion Bluetooth, chauffage \u00e9lectrique, chute d&rsquo;eau sculpt\u00e9e.<\/p>\n","protected":false},"featured_media":109689,"comment_status":"open","ping_status":"closed","template":"","meta":[],"product_brand":[9924],"product_cat":[9707,9743],"product_tag":[],"class_list":{"0":"post-101920","1":"product","2":"type-product","3":"status-publish","4":"has-post-thumbnail","6":"product_brand-predator-arredo-casa-fr","7":"product_cat-baignoire-balneo","8":"product_cat-piscines-d-39-hydromassage","10":"first","11":"instock","12":"sale","13":"taxable","14":"shipping-taxable","15":"purchasable","16":"product-type-simple"},"exclude_global_add_ons":false,"addons":[{"name":"couleur","type":"multiple_choice","position":0,"required":true,"title_format":"heading","default":"","description_enable":false,"description":"","placeholder_enable":false,"placeholder":"","display":"select","restrictions_type":"any_text","adjust_price":false,"price":"","price_type":"flat_fee","restrictions":false,"min":"0","max":"0","options":[{"label":"avec panneaux blancs et plateau en bois","price":"","price_type":"quantity_based","image":0,"visibility":true},{"label":"enti\u00e8rement en bois","price":"190","price_type":"quantity_based","image":0,"visibility":true}],"id":1753118099}],"yoast_head":"<!-- This site is optimized with the Yoast SEO plugin v26.7 - https:\/\/yoast.com\/wordpress\/plugins\/seo\/ -->\n<title>Baignoire baln\u00e9o 180x120 cm avec plan en bois 41 jets chromoth\u00e9rapie et bluetooth VS154 - Bagno Italia<\/title>\n<meta name=\"robots\" content=\"index, follow, max-snippet:-1, max-image-preview:large, max-video-preview:-1\" \/>\n<link rel=\"canonical\" href=\"https:\/\/www.bagnoitalia.com\/fr\/produit\/whirlpool-bath-180x120-cm-with-wooden-top-41-jets-chromotherapy-and-bluetooth-vs154.html\" \/>\n<meta property=\"og:locale\" content=\"fr_FR\" \/>\n<meta property=\"og:type\" content=\"article\" \/>\n<meta property=\"og:title\" content=\"Baignoire baln\u00e9o 180x120 cm avec plan en bois 41 jets chromoth\u00e9rapie et bluetooth VS154 - Bagno Italia\" \/>\n<meta property=\"og:description\" content=\"Baignoire compl\u00e8te en option, pour 2-4 personnes, avec un plan en bois. Compl\u00e8te avec : double pompe d&#039;hydromassage (air et eau), 2 appuis-t\u00eate, lumi\u00e8res LED pour chromoth\u00e9rapie, th\u00e9rapie \u00e0 l&#039;ozone, connexion Bluetooth, chauffage \u00e9lectrique, chute d&#039;eau sculpt\u00e9e.\" \/>\n<meta property=\"og:url\" content=\"https:\/\/www.bagnoitalia.com\/fr\/produit\/whirlpool-bath-180x120-cm-with-wooden-top-41-jets-chromotherapy-and-bluetooth-vs154.html\" \/>\n<meta property=\"og:site_name\" content=\"Bagno Italia\" \/>\n<meta property=\"article:modified_time\" content=\"2025-07-21T15:14:58+00:00\" \/>\n<meta property=\"og:image\" content=\"https:\/\/img.bagnoitalia.com\/wp-content\/uploads\/1-170.webp\" \/>\n\t<meta property=\"og:image:width\" content=\"772\" \/>\n\t<meta property=\"og:image:height\" content=\"772\" \/>\n\t<meta property=\"og:image:type\" content=\"image\/webp\" \/>\n<meta name=\"twitter:card\" content=\"summary_large_image\" \/>\n<meta name=\"twitter:label1\" content=\"Dur\u00e9e de lecture estim\u00e9e\" \/>\n\t<meta name=\"twitter:data1\" content=\"1 minute\" \/>\n<script type=\"application\/ld+json\" class=\"yoast-schema-graph\">{\"@context\":\"https:\/\/schema.org\",\"@graph\":[{\"@type\":\"WebPage\",\"@id\":\"https:\/\/www.bagnoitalia.com\/fr\/produit\/whirlpool-bath-180x120-cm-with-wooden-top-41-jets-chromotherapy-and-bluetooth-vs154.html\",\"url\":\"https:\/\/www.bagnoitalia.com\/fr\/produit\/whirlpool-bath-180x120-cm-with-wooden-top-41-jets-chromotherapy-and-bluetooth-vs154.html\",\"name\":\"Baignoire baln\u00e9o 180x120 cm avec plan en bois 41 jets chromoth\u00e9rapie et bluetooth VS154 - Bagno Italia\",\"isPartOf\":{\"@id\":\"https:\/\/www.bagnoitalia.com\/fr#website\"},\"primaryImageOfPage\":{\"@id\":\"https:\/\/www.bagnoitalia.com\/fr\/produit\/whirlpool-bath-180x120-cm-with-wooden-top-41-jets-chromotherapy-and-bluetooth-vs154.html#primaryimage\"},\"image\":{\"@id\":\"https:\/\/www.bagnoitalia.com\/fr\/produit\/whirlpool-bath-180x120-cm-with-wooden-top-41-jets-chromotherapy-and-bluetooth-vs154.html#primaryimage\"},\"thumbnailUrl\":\"https:\/\/img.bagnoitalia.com\/wp-content\/uploads\/vasca-idromassaggio-180x120-cm-vs154-wood.jpg\",\"datePublished\":\"2025-02-11T15:49:34+00:00\",\"dateModified\":\"2025-07-21T15:14:58+00:00\",\"breadcrumb\":{\"@id\":\"https:\/\/www.bagnoitalia.com\/fr\/produit\/whirlpool-bath-180x120-cm-with-wooden-top-41-jets-chromotherapy-and-bluetooth-vs154.html#breadcrumb\"},\"inLanguage\":\"fr-FR\",\"potentialAction\":[{\"@type\":\"ReadAction\",\"target\":[\"https:\/\/www.bagnoitalia.com\/fr\/produit\/whirlpool-bath-180x120-cm-with-wooden-top-41-jets-chromotherapy-and-bluetooth-vs154.html\"]}]},{\"@type\":\"ImageObject\",\"inLanguage\":\"fr-FR\",\"@id\":\"https:\/\/www.bagnoitalia.com\/fr\/produit\/whirlpool-bath-180x120-cm-with-wooden-top-41-jets-chromotherapy-and-bluetooth-vs154.html#primaryimage\",\"url\":\"https:\/\/img.bagnoitalia.com\/wp-content\/uploads\/vasca-idromassaggio-180x120-cm-vs154-wood.jpg\",\"contentUrl\":\"https:\/\/img.bagnoitalia.com\/wp-content\/uploads\/vasca-idromassaggio-180x120-cm-vs154-wood.jpg\",\"width\":1000,\"height\":1000},{\"@type\":\"BreadcrumbList\",\"@id\":\"https:\/\/www.bagnoitalia.com\/fr\/produit\/whirlpool-bath-180x120-cm-with-wooden-top-41-jets-chromotherapy-and-bluetooth-vs154.html#breadcrumb\",\"itemListElement\":[{\"@type\":\"ListItem\",\"position\":1,\"name\":\"Home\",\"item\":\"https:\/\/www.bagnoitalia.com\/fr\"},{\"@type\":\"ListItem\",\"position\":2,\"name\":\"Produits\",\"item\":\"https:\/\/www.bagnoitalia.com\/fr\/shop\"},{\"@type\":\"ListItem\",\"position\":3,\"name\":\"Baignoire baln\u00e9o 180&#215;120 cm avec plan en bois 41 jets chromoth\u00e9rapie et bluetooth VS154\"}]},{\"@type\":\"WebSite\",\"@id\":\"https:\/\/www.bagnoitalia.com\/fr#website\",\"url\":\"https:\/\/www.bagnoitalia.com\/fr\",\"name\":\"Bagno Italia\",\"description\":\"\",\"publisher\":{\"@id\":\"https:\/\/www.bagnoitalia.com\/fr#organization\"},\"potentialAction\":[{\"@type\":\"SearchAction\",\"target\":{\"@type\":\"EntryPoint\",\"urlTemplate\":\"https:\/\/www.bagnoitalia.com\/fr?s={search_term_string}\"},\"query-input\":{\"@type\":\"PropertyValueSpecification\",\"valueRequired\":true,\"valueName\":\"search_term_string\"}}],\"inLanguage\":\"fr-FR\"},{\"@type\":\"Organization\",\"@id\":\"https:\/\/www.bagnoitalia.com\/fr#organization\",\"name\":\"Bagno Italia\",\"url\":\"https:\/\/www.bagnoitalia.com\/fr\",\"logo\":{\"@type\":\"ImageObject\",\"inLanguage\":\"fr-FR\",\"@id\":\"https:\/\/www.bagnoitalia.com\/fr#\/schema\/logo\/image\/\",\"url\":\"https:\/\/img.bagnoitalia.com\/wp-content\/uploads\/logo-bagnoitalia.webp\",\"contentUrl\":\"https:\/\/img.bagnoitalia.com\/wp-content\/uploads\/logo-bagnoitalia.webp\",\"width\":400,\"height\":70,\"caption\":\"Bagno Italia\"},\"image\":{\"@id\":\"https:\/\/www.bagnoitalia.com\/fr#\/schema\/logo\/image\/\"}}]}<\/script>\n<!-- \/ Yoast SEO plugin. -->","yoast_head_json":{"title":"Baignoire baln\u00e9o 180x120 cm avec plan en bois 41 jets chromoth\u00e9rapie et bluetooth VS154 - Bagno Italia","robots":{"index":"index","follow":"follow","max-snippet":"max-snippet:-1","max-image-preview":"max-image-preview:large","max-video-preview":"max-video-preview:-1"},"canonical":"https:\/\/www.bagnoitalia.com\/fr\/produit\/whirlpool-bath-180x120-cm-with-wooden-top-41-jets-chromotherapy-and-bluetooth-vs154.html","og_locale":"fr_FR","og_type":"article","og_title":"Baignoire baln\u00e9o 180x120 cm avec plan en bois 41 jets chromoth\u00e9rapie et bluetooth VS154 - Bagno Italia","og_description":"Baignoire compl\u00e8te en option, pour 2-4 personnes, avec un plan en bois. Compl\u00e8te avec : double pompe d'hydromassage (air et eau), 2 appuis-t\u00eate, lumi\u00e8res LED pour chromoth\u00e9rapie, th\u00e9rapie \u00e0 l'ozone, connexion Bluetooth, chauffage \u00e9lectrique, chute d'eau sculpt\u00e9e.","og_url":"https:\/\/www.bagnoitalia.com\/fr\/produit\/whirlpool-bath-180x120-cm-with-wooden-top-41-jets-chromotherapy-and-bluetooth-vs154.html","og_site_name":"Bagno Italia","article_modified_time":"2025-07-21T15:14:58+00:00","og_image":[{"width":772,"height":772,"url":"https:\/\/img.bagnoitalia.com\/wp-content\/uploads\/1-170.webp","type":"image\/webp"}],"twitter_card":"summary_large_image","twitter_misc":{"Dur\u00e9e de lecture estim\u00e9e":"1 minute"},"schema":{"@context":"https:\/\/schema.org","@graph":[{"@type":"WebPage","@id":"https:\/\/www.bagnoitalia.com\/fr\/produit\/whirlpool-bath-180x120-cm-with-wooden-top-41-jets-chromotherapy-and-bluetooth-vs154.html","url":"https:\/\/www.bagnoitalia.com\/fr\/produit\/whirlpool-bath-180x120-cm-with-wooden-top-41-jets-chromotherapy-and-bluetooth-vs154.html","name":"Baignoire baln\u00e9o 180x120 cm avec plan en bois 41 jets chromoth\u00e9rapie et bluetooth VS154 - Bagno Italia","isPartOf":{"@id":"https:\/\/www.bagnoitalia.com\/fr#website"},"primaryImageOfPage":{"@id":"https:\/\/www.bagnoitalia.com\/fr\/produit\/whirlpool-bath-180x120-cm-with-wooden-top-41-jets-chromotherapy-and-bluetooth-vs154.html#primaryimage"},"image":{"@id":"https:\/\/www.bagnoitalia.com\/fr\/produit\/whirlpool-bath-180x120-cm-with-wooden-top-41-jets-chromotherapy-and-bluetooth-vs154.html#primaryimage"},"thumbnailUrl":"https:\/\/img.bagnoitalia.com\/wp-content\/uploads\/vasca-idromassaggio-180x120-cm-vs154-wood.jpg","datePublished":"2025-02-11T15:49:34+00:00","dateModified":"2025-07-21T15:14:58+00:00","breadcrumb":{"@id":"https:\/\/www.bagnoitalia.com\/fr\/produit\/whirlpool-bath-180x120-cm-with-wooden-top-41-jets-chromotherapy-and-bluetooth-vs154.html#breadcrumb"},"inLanguage":"fr-FR","potentialAction":[{"@type":"ReadAction","target":["https:\/\/www.bagnoitalia.com\/fr\/produit\/whirlpool-bath-180x120-cm-with-wooden-top-41-jets-chromotherapy-and-bluetooth-vs154.html"]}]},{"@type":"ImageObject","inLanguage":"fr-FR","@id":"https:\/\/www.bagnoitalia.com\/fr\/produit\/whirlpool-bath-180x120-cm-with-wooden-top-41-jets-chromotherapy-and-bluetooth-vs154.html#primaryimage","url":"https:\/\/img.bagnoitalia.com\/wp-content\/uploads\/vasca-idromassaggio-180x120-cm-vs154-wood.jpg","contentUrl":"https:\/\/img.bagnoitalia.com\/wp-content\/uploads\/vasca-idromassaggio-180x120-cm-vs154-wood.jpg","width":1000,"height":1000},{"@type":"BreadcrumbList","@id":"https:\/\/www.bagnoitalia.com\/fr\/produit\/whirlpool-bath-180x120-cm-with-wooden-top-41-jets-chromotherapy-and-bluetooth-vs154.html#breadcrumb","itemListElement":[{"@type":"ListItem","position":1,"name":"Home","item":"https:\/\/www.bagnoitalia.com\/fr"},{"@type":"ListItem","position":2,"name":"Produits","item":"https:\/\/www.bagnoitalia.com\/fr\/shop"},{"@type":"ListItem","position":3,"name":"Baignoire baln\u00e9o 180&#215;120 cm avec plan en bois 41 jets chromoth\u00e9rapie et bluetooth VS154"}]},{"@type":"WebSite","@id":"https:\/\/www.bagnoitalia.com\/fr#website","url":"https:\/\/www.bagnoitalia.com\/fr","name":"Bagno Italia","description":"","publisher":{"@id":"https:\/\/www.bagnoitalia.com\/fr#organization"},"potentialAction":[{"@type":"SearchAction","target":{"@type":"EntryPoint","urlTemplate":"https:\/\/www.bagnoitalia.com\/fr?s={search_term_string}"},"query-input":{"@type":"PropertyValueSpecification","valueRequired":true,"valueName":"search_term_string"}}],"inLanguage":"fr-FR"},{"@type":"Organization","@id":"https:\/\/www.bagnoitalia.com\/fr#organization","name":"Bagno Italia","url":"https:\/\/www.bagnoitalia.com\/fr","logo":{"@type":"ImageObject","inLanguage":"fr-FR","@id":"https:\/\/www.bagnoitalia.com\/fr#\/schema\/logo\/image\/","url":"https:\/\/img.bagnoitalia.com\/wp-content\/uploads\/logo-bagnoitalia.webp","contentUrl":"https:\/\/img.bagnoitalia.com\/wp-content\/uploads\/logo-bagnoitalia.webp","width":400,"height":70,"caption":"Bagno Italia"},"image":{"@id":"https:\/\/www.bagnoitalia.com\/fr#\/schema\/logo\/image\/"}}]}},"_links":{"self":[{"href":"https:\/\/www.bagnoitalia.com\/fr\/wp-json\/wp\/v2\/product\/101920","targetHints":{"allow":["GET"]}}],"collection":[{"href":"https:\/\/www.bagnoitalia.com\/fr\/wp-json\/wp\/v2\/product"}],"about":[{"href":"https:\/\/www.bagnoitalia.com\/fr\/wp-json\/wp\/v2\/types\/product"}],"replies":[{"embeddable":true,"href":"https:\/\/www.bagnoitalia.com\/fr\/wp-json\/wp\/v2\/comments?post=101920"}],"version-history":[{"count":4,"href":"https:\/\/www.bagnoitalia.com\/fr\/wp-json\/wp\/v2\/product\/101920\/revisions"}],"predecessor-version":[{"id":109684,"href":"https:\/\/www.bagnoitalia.com\/fr\/wp-json\/wp\/v2\/product\/101920\/revisions\/109684"}],"wp:featuredmedia":[{"embeddable":true,"href":"https:\/\/www.bagnoitalia.com\/fr\/wp-json\/wp\/v2\/media\/109689"}],"wp:attachment":[{"href":"https:\/\/www.bagnoitalia.com\/fr\/wp-json\/wp\/v2\/media?parent=101920"}],"wp:term":[{"taxonomy":"product_brand","embeddable":true,"href":"https:\/\/www.bagnoitalia.com\/fr\/wp-json\/wp\/v2\/product_brand?post=101920"},{"taxonomy":"product_cat","embeddable":true,"href":"https:\/\/www.bagnoitalia.com\/fr\/wp-json\/wp\/v2\/product_cat?post=101920"},{"taxonomy":"product_tag","embeddable":true,"href":"https:\/\/www.bagnoitalia.com\/fr\/wp-json\/wp\/v2\/product_tag?post=101920"}],"curies":[{"name":"wp","href":"https:\/\/api.w.org\/{rel}","templated":true}]}}