{"id":101586,"date":"2025-01-24T09:44:07","date_gmt":"2025-01-24T08:44:07","guid":{"rendered":"https:\/\/www.bagnoitalia.com\/two-coloured-white-cement-desk-110x48xh77-cm-with-1-door-1-drawer-and-2-open-compartments-tl047.html"},"modified":"2025-01-24T09:46:05","modified_gmt":"2025-01-24T08:46:05","slug":"two-coloured-white-cement-desk-110x48xh77-cm-with-1-door-1-drawer-and-2-open-compartments-tl047","status":"publish","type":"product","link":"https:\/\/www.bagnoitalia.com\/fr\/produit\/two-coloured-white-cement-desk-110x48xh77-cm-with-1-door-1-drawer-and-2-open-compartments-tl047.html","title":{"rendered":"Bureau bicolore en ciment blanc 110x48xH77 cm avec 1 porte, 1 tiroir et 2 compartiments ouverts TL047"},"content":{"rendered":"<p>Bureau bicolore &lsquo;TL047&rsquo; 110x48cm<\/p>\n<p>&nbsp;<\/p>\n<p>&nbsp;<\/p>\n<p>&nbsp;<\/p>\n<p>&nbsp;<\/p>\n<p>D\u00c9TAILS DU PRODUIT<\/p>\n<p>Bureau 110xP48xH77 cm<\/p>\n<p>Convient pour les bureaux, les \u00e9tudes, les chambres, les jeux.<\/p>\n<p>Compos\u00e9 d&rsquo;un tiroir, d&rsquo;une porte et de deux \u00e9tag\u00e8res ouvertes.<\/p>\n<p>Couleur de la structure : ciment<\/p>\n<p>Couleur de la fa\u00e7ade de la porte et du tiroir : blanc<\/p>\n<p>Sans poign\u00e9e, l&rsquo;ouverture de la porte et du tiroir est facilit\u00e9e par une rainure<\/p>\n<p>Equip\u00e9 d&rsquo;un panneau arri\u00e8re<\/p>\n<p>Structure en bois m\u00e9lamin\u00e9<\/p>\n<p>Facile \u00e0 monter et \u00e0 nettoyer<\/p>\n<p>&nbsp;<\/p>\n<p>&nbsp;<\/p>\n<p>&nbsp;<\/p>\n<p>&nbsp;<\/p>\n<p>&nbsp;<\/p>\n<p>&nbsp;<\/p>\n<p>&nbsp;<\/p>\n<p>&nbsp;<\/p>\n<p>&nbsp;<\/p>\n<p>&nbsp;<\/p>\n<p>&nbsp;<\/p>\n<p>&nbsp;<\/p>\n<p>&nbsp;<\/p>\n<p>&nbsp;<\/p>\n<p>&nbsp;<\/p>\n<p>&nbsp;<\/p>\n<p>&nbsp;<\/p>\n<p>&nbsp;<\/p>\n<p>&nbsp;<\/p>\n<p>75944<\/p>\n<p>&nbsp;<\/p>\n<p>&nbsp;<\/p>\n<p>&nbsp;<\/p>\n","protected":false},"excerpt":{"rendered":"<p>Table basse moderne comprenant deux compartiments ouverts pratiques, un tiroir et une porte. Fabriqu\u00e9e avec un cadre gris ciment et des fa\u00e7ades de porte et de tiroir blanches. Id\u00e9ale pour les salons, les chambres \u00e0 coucher mais aussi les bureaux.<\/p>\n","protected":false},"featured_media":101578,"comment_status":"open","ping_status":"closed","template":"","meta":[],"product_brand":[10113],"product_cat":[9997],"product_tag":[],"class_list":{"0":"post-101586","1":"product","2":"type-product","3":"status-publish","4":"has-post-thumbnail","6":"product_brand-antonio-capaldo","7":"product_cat-bureaux","9":"first","10":"instock","11":"sale","12":"taxable","13":"shipping-taxable","14":"purchasable","15":"product-type-simple"},"exclude_global_add_ons":[],"addons":[],"yoast_head":"<!-- This site is optimized with the Yoast SEO plugin v26.7 - https:\/\/yoast.com\/wordpress\/plugins\/seo\/ -->\n<title>Bureau bicolore en ciment blanc 110x48xH77 cm avec 1 porte, 1 tiroir et 2 compartiments ouverts TL047 - Bagno Italia<\/title>\n<meta name=\"robots\" content=\"index, follow, max-snippet:-1, max-image-preview:large, max-video-preview:-1\" \/>\n<link rel=\"canonical\" href=\"https:\/\/www.bagnoitalia.com\/fr\/produit\/two-coloured-white-cement-desk-110x48xh77-cm-with-1-door-1-drawer-and-2-open-compartments-tl047.html\" \/>\n<meta property=\"og:locale\" content=\"fr_FR\" \/>\n<meta property=\"og:type\" content=\"article\" \/>\n<meta property=\"og:title\" content=\"Bureau bicolore en ciment blanc 110x48xH77 cm avec 1 porte, 1 tiroir et 2 compartiments ouverts TL047 - Bagno Italia\" \/>\n<meta property=\"og:description\" content=\"Table basse moderne comprenant deux compartiments ouverts pratiques, un tiroir et une porte. Fabriqu\u00e9e avec un cadre gris ciment et des fa\u00e7ades de porte et de tiroir blanches. Id\u00e9ale pour les salons, les chambres \u00e0 coucher mais aussi les bureaux.\" \/>\n<meta property=\"og:url\" content=\"https:\/\/www.bagnoitalia.com\/fr\/produit\/two-coloured-white-cement-desk-110x48xh77-cm-with-1-door-1-drawer-and-2-open-compartments-tl047.html\" \/>\n<meta property=\"og:site_name\" content=\"Bagno Italia\" \/>\n<meta property=\"article:modified_time\" content=\"2025-01-24T08:46:05+00:00\" \/>\n<meta property=\"og:image\" content=\"https:\/\/img.bagnoitalia.com\/wp-content\/uploads\/1-161.webp\" \/>\n\t<meta property=\"og:image:width\" content=\"600\" \/>\n\t<meta property=\"og:image:height\" content=\"600\" \/>\n\t<meta property=\"og:image:type\" content=\"image\/webp\" \/>\n<meta name=\"twitter:card\" content=\"summary_large_image\" \/>\n<meta name=\"twitter:label1\" content=\"Dur\u00e9e de lecture estim\u00e9e\" \/>\n\t<meta name=\"twitter:data1\" content=\"1 minute\" \/>\n<script type=\"application\/ld+json\" class=\"yoast-schema-graph\">{\"@context\":\"https:\/\/schema.org\",\"@graph\":[{\"@type\":\"WebPage\",\"@id\":\"https:\/\/www.bagnoitalia.com\/fr\/produit\/two-coloured-white-cement-desk-110x48xh77-cm-with-1-door-1-drawer-and-2-open-compartments-tl047.html\",\"url\":\"https:\/\/www.bagnoitalia.com\/fr\/produit\/two-coloured-white-cement-desk-110x48xh77-cm-with-1-door-1-drawer-and-2-open-compartments-tl047.html\",\"name\":\"Bureau bicolore en ciment blanc 110x48xH77 cm avec 1 porte, 1 tiroir et 2 compartiments ouverts TL047 - Bagno Italia\",\"isPartOf\":{\"@id\":\"https:\/\/www.bagnoitalia.com\/fr#website\"},\"primaryImageOfPage\":{\"@id\":\"https:\/\/www.bagnoitalia.com\/fr\/produit\/two-coloured-white-cement-desk-110x48xh77-cm-with-1-door-1-drawer-and-2-open-compartments-tl047.html#primaryimage\"},\"image\":{\"@id\":\"https:\/\/www.bagnoitalia.com\/fr\/produit\/two-coloured-white-cement-desk-110x48xh77-cm-with-1-door-1-drawer-and-2-open-compartments-tl047.html#primaryimage\"},\"thumbnailUrl\":\"https:\/\/img.bagnoitalia.com\/wp-content\/uploads\/1-161.webp\",\"datePublished\":\"2025-01-24T08:44:07+00:00\",\"dateModified\":\"2025-01-24T08:46:05+00:00\",\"breadcrumb\":{\"@id\":\"https:\/\/www.bagnoitalia.com\/fr\/produit\/two-coloured-white-cement-desk-110x48xh77-cm-with-1-door-1-drawer-and-2-open-compartments-tl047.html#breadcrumb\"},\"inLanguage\":\"fr-FR\",\"potentialAction\":[{\"@type\":\"ReadAction\",\"target\":[\"https:\/\/www.bagnoitalia.com\/fr\/produit\/two-coloured-white-cement-desk-110x48xh77-cm-with-1-door-1-drawer-and-2-open-compartments-tl047.html\"]}]},{\"@type\":\"ImageObject\",\"inLanguage\":\"fr-FR\",\"@id\":\"https:\/\/www.bagnoitalia.com\/fr\/produit\/two-coloured-white-cement-desk-110x48xh77-cm-with-1-door-1-drawer-and-2-open-compartments-tl047.html#primaryimage\",\"url\":\"https:\/\/img.bagnoitalia.com\/wp-content\/uploads\/1-161.webp\",\"contentUrl\":\"https:\/\/img.bagnoitalia.com\/wp-content\/uploads\/1-161.webp\",\"width\":600,\"height\":600},{\"@type\":\"BreadcrumbList\",\"@id\":\"https:\/\/www.bagnoitalia.com\/fr\/produit\/two-coloured-white-cement-desk-110x48xh77-cm-with-1-door-1-drawer-and-2-open-compartments-tl047.html#breadcrumb\",\"itemListElement\":[{\"@type\":\"ListItem\",\"position\":1,\"name\":\"Home\",\"item\":\"https:\/\/www.bagnoitalia.com\/fr\"},{\"@type\":\"ListItem\",\"position\":2,\"name\":\"Produits\",\"item\":\"https:\/\/www.bagnoitalia.com\/fr\/shop\"},{\"@type\":\"ListItem\",\"position\":3,\"name\":\"Bureau bicolore en ciment blanc 110x48xH77 cm avec 1 porte, 1 tiroir et 2 compartiments ouverts TL047\"}]},{\"@type\":\"WebSite\",\"@id\":\"https:\/\/www.bagnoitalia.com\/fr#website\",\"url\":\"https:\/\/www.bagnoitalia.com\/fr\",\"name\":\"Bagno Italia\",\"description\":\"\",\"publisher\":{\"@id\":\"https:\/\/www.bagnoitalia.com\/fr#organization\"},\"potentialAction\":[{\"@type\":\"SearchAction\",\"target\":{\"@type\":\"EntryPoint\",\"urlTemplate\":\"https:\/\/www.bagnoitalia.com\/fr?s={search_term_string}\"},\"query-input\":{\"@type\":\"PropertyValueSpecification\",\"valueRequired\":true,\"valueName\":\"search_term_string\"}}],\"inLanguage\":\"fr-FR\"},{\"@type\":\"Organization\",\"@id\":\"https:\/\/www.bagnoitalia.com\/fr#organization\",\"name\":\"Bagno Italia\",\"url\":\"https:\/\/www.bagnoitalia.com\/fr\",\"logo\":{\"@type\":\"ImageObject\",\"inLanguage\":\"fr-FR\",\"@id\":\"https:\/\/www.bagnoitalia.com\/fr#\/schema\/logo\/image\/\",\"url\":\"https:\/\/img.bagnoitalia.com\/wp-content\/uploads\/logo-bagnoitalia.webp\",\"contentUrl\":\"https:\/\/img.bagnoitalia.com\/wp-content\/uploads\/logo-bagnoitalia.webp\",\"width\":400,\"height\":70,\"caption\":\"Bagno Italia\"},\"image\":{\"@id\":\"https:\/\/www.bagnoitalia.com\/fr#\/schema\/logo\/image\/\"}}]}<\/script>\n<!-- \/ Yoast SEO plugin. -->","yoast_head_json":{"title":"Bureau bicolore en ciment blanc 110x48xH77 cm avec 1 porte, 1 tiroir et 2 compartiments ouverts TL047 - Bagno Italia","robots":{"index":"index","follow":"follow","max-snippet":"max-snippet:-1","max-image-preview":"max-image-preview:large","max-video-preview":"max-video-preview:-1"},"canonical":"https:\/\/www.bagnoitalia.com\/fr\/produit\/two-coloured-white-cement-desk-110x48xh77-cm-with-1-door-1-drawer-and-2-open-compartments-tl047.html","og_locale":"fr_FR","og_type":"article","og_title":"Bureau bicolore en ciment blanc 110x48xH77 cm avec 1 porte, 1 tiroir et 2 compartiments ouverts TL047 - Bagno Italia","og_description":"Table basse moderne comprenant deux compartiments ouverts pratiques, un tiroir et une porte. Fabriqu\u00e9e avec un cadre gris ciment et des fa\u00e7ades de porte et de tiroir blanches. Id\u00e9ale pour les salons, les chambres \u00e0 coucher mais aussi les bureaux.","og_url":"https:\/\/www.bagnoitalia.com\/fr\/produit\/two-coloured-white-cement-desk-110x48xh77-cm-with-1-door-1-drawer-and-2-open-compartments-tl047.html","og_site_name":"Bagno Italia","article_modified_time":"2025-01-24T08:46:05+00:00","og_image":[{"width":600,"height":600,"url":"https:\/\/img.bagnoitalia.com\/wp-content\/uploads\/1-161.webp","type":"image\/webp"}],"twitter_card":"summary_large_image","twitter_misc":{"Dur\u00e9e de lecture estim\u00e9e":"1 minute"},"schema":{"@context":"https:\/\/schema.org","@graph":[{"@type":"WebPage","@id":"https:\/\/www.bagnoitalia.com\/fr\/produit\/two-coloured-white-cement-desk-110x48xh77-cm-with-1-door-1-drawer-and-2-open-compartments-tl047.html","url":"https:\/\/www.bagnoitalia.com\/fr\/produit\/two-coloured-white-cement-desk-110x48xh77-cm-with-1-door-1-drawer-and-2-open-compartments-tl047.html","name":"Bureau bicolore en ciment blanc 110x48xH77 cm avec 1 porte, 1 tiroir et 2 compartiments ouverts TL047 - Bagno Italia","isPartOf":{"@id":"https:\/\/www.bagnoitalia.com\/fr#website"},"primaryImageOfPage":{"@id":"https:\/\/www.bagnoitalia.com\/fr\/produit\/two-coloured-white-cement-desk-110x48xh77-cm-with-1-door-1-drawer-and-2-open-compartments-tl047.html#primaryimage"},"image":{"@id":"https:\/\/www.bagnoitalia.com\/fr\/produit\/two-coloured-white-cement-desk-110x48xh77-cm-with-1-door-1-drawer-and-2-open-compartments-tl047.html#primaryimage"},"thumbnailUrl":"https:\/\/img.bagnoitalia.com\/wp-content\/uploads\/1-161.webp","datePublished":"2025-01-24T08:44:07+00:00","dateModified":"2025-01-24T08:46:05+00:00","breadcrumb":{"@id":"https:\/\/www.bagnoitalia.com\/fr\/produit\/two-coloured-white-cement-desk-110x48xh77-cm-with-1-door-1-drawer-and-2-open-compartments-tl047.html#breadcrumb"},"inLanguage":"fr-FR","potentialAction":[{"@type":"ReadAction","target":["https:\/\/www.bagnoitalia.com\/fr\/produit\/two-coloured-white-cement-desk-110x48xh77-cm-with-1-door-1-drawer-and-2-open-compartments-tl047.html"]}]},{"@type":"ImageObject","inLanguage":"fr-FR","@id":"https:\/\/www.bagnoitalia.com\/fr\/produit\/two-coloured-white-cement-desk-110x48xh77-cm-with-1-door-1-drawer-and-2-open-compartments-tl047.html#primaryimage","url":"https:\/\/img.bagnoitalia.com\/wp-content\/uploads\/1-161.webp","contentUrl":"https:\/\/img.bagnoitalia.com\/wp-content\/uploads\/1-161.webp","width":600,"height":600},{"@type":"BreadcrumbList","@id":"https:\/\/www.bagnoitalia.com\/fr\/produit\/two-coloured-white-cement-desk-110x48xh77-cm-with-1-door-1-drawer-and-2-open-compartments-tl047.html#breadcrumb","itemListElement":[{"@type":"ListItem","position":1,"name":"Home","item":"https:\/\/www.bagnoitalia.com\/fr"},{"@type":"ListItem","position":2,"name":"Produits","item":"https:\/\/www.bagnoitalia.com\/fr\/shop"},{"@type":"ListItem","position":3,"name":"Bureau bicolore en ciment blanc 110x48xH77 cm avec 1 porte, 1 tiroir et 2 compartiments ouverts TL047"}]},{"@type":"WebSite","@id":"https:\/\/www.bagnoitalia.com\/fr#website","url":"https:\/\/www.bagnoitalia.com\/fr","name":"Bagno Italia","description":"","publisher":{"@id":"https:\/\/www.bagnoitalia.com\/fr#organization"},"potentialAction":[{"@type":"SearchAction","target":{"@type":"EntryPoint","urlTemplate":"https:\/\/www.bagnoitalia.com\/fr?s={search_term_string}"},"query-input":{"@type":"PropertyValueSpecification","valueRequired":true,"valueName":"search_term_string"}}],"inLanguage":"fr-FR"},{"@type":"Organization","@id":"https:\/\/www.bagnoitalia.com\/fr#organization","name":"Bagno Italia","url":"https:\/\/www.bagnoitalia.com\/fr","logo":{"@type":"ImageObject","inLanguage":"fr-FR","@id":"https:\/\/www.bagnoitalia.com\/fr#\/schema\/logo\/image\/","url":"https:\/\/img.bagnoitalia.com\/wp-content\/uploads\/logo-bagnoitalia.webp","contentUrl":"https:\/\/img.bagnoitalia.com\/wp-content\/uploads\/logo-bagnoitalia.webp","width":400,"height":70,"caption":"Bagno Italia"},"image":{"@id":"https:\/\/www.bagnoitalia.com\/fr#\/schema\/logo\/image\/"}}]}},"_links":{"self":[{"href":"https:\/\/www.bagnoitalia.com\/fr\/wp-json\/wp\/v2\/product\/101586","targetHints":{"allow":["GET"]}}],"collection":[{"href":"https:\/\/www.bagnoitalia.com\/fr\/wp-json\/wp\/v2\/product"}],"about":[{"href":"https:\/\/www.bagnoitalia.com\/fr\/wp-json\/wp\/v2\/types\/product"}],"replies":[{"embeddable":true,"href":"https:\/\/www.bagnoitalia.com\/fr\/wp-json\/wp\/v2\/comments?post=101586"}],"version-history":[{"count":1,"href":"https:\/\/www.bagnoitalia.com\/fr\/wp-json\/wp\/v2\/product\/101586\/revisions"}],"predecessor-version":[{"id":101591,"href":"https:\/\/www.bagnoitalia.com\/fr\/wp-json\/wp\/v2\/product\/101586\/revisions\/101591"}],"wp:featuredmedia":[{"embeddable":true,"href":"https:\/\/www.bagnoitalia.com\/fr\/wp-json\/wp\/v2\/media\/101578"}],"wp:attachment":[{"href":"https:\/\/www.bagnoitalia.com\/fr\/wp-json\/wp\/v2\/media?parent=101586"}],"wp:term":[{"taxonomy":"product_brand","embeddable":true,"href":"https:\/\/www.bagnoitalia.com\/fr\/wp-json\/wp\/v2\/product_brand?post=101586"},{"taxonomy":"product_cat","embeddable":true,"href":"https:\/\/www.bagnoitalia.com\/fr\/wp-json\/wp\/v2\/product_cat?post=101586"},{"taxonomy":"product_tag","embeddable":true,"href":"https:\/\/www.bagnoitalia.com\/fr\/wp-json\/wp\/v2\/product_tag?post=101586"}],"curies":[{"name":"wp","href":"https:\/\/api.w.org\/{rel}","templated":true}]}}