{"id":101437,"date":"2025-01-23T14:57:31","date_gmt":"2025-01-23T13:57:31","guid":{"rendered":"https:\/\/www.bagnoitalia.com\/120x80-or-150x80-cm-desk-also-available-with-corner-tl041.html"},"modified":"2025-01-23T15:01:01","modified_gmt":"2025-01-23T14:01:01","slug":"120x80-or-150x80-cm-desk-also-available-with-corner-tl041","status":"publish","type":"product","link":"https:\/\/www.bagnoitalia.com\/fr\/produit\/120x80-or-150x80-cm-desk-also-available-with-corner-tl041.html","title":{"rendered":"Bureau 120&#215;80 ou 150&#215;80 cm \u00e9galement disponible avec coin TL041"},"content":{"rendered":"<p>TL041&prime; Bureau d&rsquo;\u00e9criture 120 ou 150 cm avec ou sans angle<\/p>\n<p>&nbsp;<\/p>\n<p>&nbsp;<\/p>\n<p>&nbsp;<\/p>\n<p>&nbsp;<\/p>\n<p>D\u00c9TAILS DU PRODUIT<\/p>\n<p>Table de bureau convenant aux bureaux ou aux chambres<\/p>\n<p>Hauteur : 74cm<\/p>\n<p>Profondeur : 80cm<\/p>\n<p>Longueur disponible \u00e0 partir de : 120cm ou 150cm, s\u00e9lectionner la taille dans le menu ci-dessus<\/p>\n<p>Il est possible d&rsquo;ajouter un coin de 80&#215;80 cm (avec pied central en m\u00e9tal) en s\u00e9lectionnant cette option dans le menu ci-dessus.<\/p>\n<p>Couleur : ch\u00eane avec pieds blancs<\/p>\n<p>Structure en bois m\u00e9lamin\u00e9<\/p>\n<p>Facile \u00e0 monter et \u00e0 nettoyer<\/p>\n<p>&nbsp;<\/p>\n<p>&nbsp;<\/p>\n<p>&nbsp;<\/p>\n<p>&nbsp;<\/p>\n<p>&nbsp;<\/p>\n<p>&nbsp;<\/p>\n<p>&nbsp;<\/p>\n<p>&nbsp;<\/p>\n<p>&nbsp;<\/p>\n<p>&nbsp;<\/p>\n<p>&nbsp;<\/p>\n<p>&nbsp;<\/p>\n<p>&nbsp;<\/p>\n<p>&nbsp;<\/p>\n<p>&nbsp;<\/p>\n<p>94876<br \/>\n94877<br \/>\n94878<\/p>\n<p>&nbsp;<\/p>\n<p>&nbsp;<\/p>\n<p>&nbsp;<\/p>\n","protected":false},"excerpt":{"rendered":"<p>Table de bureau moderne en deux tailles, 120 ou 150 cm, avec la possibilit\u00e9 d&rsquo;ajouter un coin suppl\u00e9mentaire de 80 cm. En bois, rev\u00eatement m\u00e9lamin\u00e9 couleur ch\u00eane et pieds blancs.<\/p>\n","protected":false},"featured_media":101420,"comment_status":"open","ping_status":"closed","template":"","meta":[],"product_brand":[10113],"product_cat":[9997],"product_tag":[],"class_list":{"0":"post-101437","1":"product","2":"type-product","3":"status-publish","4":"has-post-thumbnail","6":"product_brand-antonio-capaldo","7":"product_cat-bureaux","9":"first","10":"instock","11":"sale","12":"taxable","13":"shipping-taxable","14":"purchasable","15":"product-type-simple"},"exclude_global_add_ons":false,"addons":[{"name":"Dimensions","type":"multiple_choice","position":0,"required":false,"title_format":"label","default":"","description_enable":false,"description":"","placeholder_enable":false,"placeholder":"","display":"select","restrictions_type":"any_text","adjust_price":false,"price":"","price_type":"flat_fee","restrictions":false,"min":"0","max":"0","options":[{"label":"120x80 cm","price":"","price_type":"flat_fee","image":0,"visibility":true},{"label":"non disponible - 150x80 cm","price":"10","price_type":"flat_fee","image":0,"visibility":true}],"id":1737644252},{"name":"Coin","type":"multiple_choice","position":1,"required":false,"title_format":"label","default":"","description_enable":false,"description":"","placeholder_enable":false,"placeholder":"","display":"select","restrictions_type":"any_text","adjust_price":false,"price":"","price_type":"flat_fee","restrictions":false,"min":"0","max":"0","options":[{"label":"Non","price":"","price_type":"flat_fee","image":0,"visibility":true},{"label":"Coin suppl\u00e9mentaire de 80x80 cm","price":"99","price_type":"flat_fee","image":0,"visibility":true}],"id":1737644253}],"yoast_head":"<!-- This site is optimized with the Yoast SEO plugin v26.7 - https:\/\/yoast.com\/wordpress\/plugins\/seo\/ -->\n<title>Bureau 120x80 ou 150x80 cm \u00e9galement disponible avec coin TL041 - Bagno Italia<\/title>\n<meta name=\"robots\" content=\"index, follow, max-snippet:-1, max-image-preview:large, max-video-preview:-1\" \/>\n<link rel=\"canonical\" href=\"https:\/\/www.bagnoitalia.com\/fr\/produit\/120x80-or-150x80-cm-desk-also-available-with-corner-tl041.html\" \/>\n<meta property=\"og:locale\" content=\"fr_FR\" \/>\n<meta property=\"og:type\" content=\"article\" \/>\n<meta property=\"og:title\" content=\"Bureau 120x80 ou 150x80 cm \u00e9galement disponible avec coin TL041 - Bagno Italia\" \/>\n<meta property=\"og:description\" content=\"Table de bureau moderne en deux tailles, 120 ou 150 cm, avec la possibilit\u00e9 d&#039;ajouter un coin suppl\u00e9mentaire de 80 cm. En bois, rev\u00eatement m\u00e9lamin\u00e9 couleur ch\u00eane et pieds blancs.\" \/>\n<meta property=\"og:url\" content=\"https:\/\/www.bagnoitalia.com\/fr\/produit\/120x80-or-150x80-cm-desk-also-available-with-corner-tl041.html\" \/>\n<meta property=\"og:site_name\" content=\"Bagno Italia\" \/>\n<meta property=\"article:modified_time\" content=\"2025-01-23T14:01:01+00:00\" \/>\n<meta property=\"og:image\" content=\"https:\/\/img.bagnoitalia.com\/wp-content\/uploads\/1-153.webp\" \/>\n\t<meta property=\"og:image:width\" content=\"1000\" \/>\n\t<meta property=\"og:image:height\" content=\"1000\" \/>\n\t<meta property=\"og:image:type\" content=\"image\/webp\" \/>\n<meta name=\"twitter:card\" content=\"summary_large_image\" \/>\n<meta name=\"twitter:label1\" content=\"Dur\u00e9e de lecture estim\u00e9e\" \/>\n\t<meta name=\"twitter:data1\" content=\"1 minute\" \/>\n<script type=\"application\/ld+json\" class=\"yoast-schema-graph\">{\"@context\":\"https:\/\/schema.org\",\"@graph\":[{\"@type\":\"WebPage\",\"@id\":\"https:\/\/www.bagnoitalia.com\/fr\/produit\/120x80-or-150x80-cm-desk-also-available-with-corner-tl041.html\",\"url\":\"https:\/\/www.bagnoitalia.com\/fr\/produit\/120x80-or-150x80-cm-desk-also-available-with-corner-tl041.html\",\"name\":\"Bureau 120x80 ou 150x80 cm \u00e9galement disponible avec coin TL041 - Bagno Italia\",\"isPartOf\":{\"@id\":\"https:\/\/www.bagnoitalia.com\/fr#website\"},\"primaryImageOfPage\":{\"@id\":\"https:\/\/www.bagnoitalia.com\/fr\/produit\/120x80-or-150x80-cm-desk-also-available-with-corner-tl041.html#primaryimage\"},\"image\":{\"@id\":\"https:\/\/www.bagnoitalia.com\/fr\/produit\/120x80-or-150x80-cm-desk-also-available-with-corner-tl041.html#primaryimage\"},\"thumbnailUrl\":\"https:\/\/img.bagnoitalia.com\/wp-content\/uploads\/1-153.webp\",\"datePublished\":\"2025-01-23T13:57:31+00:00\",\"dateModified\":\"2025-01-23T14:01:01+00:00\",\"breadcrumb\":{\"@id\":\"https:\/\/www.bagnoitalia.com\/fr\/produit\/120x80-or-150x80-cm-desk-also-available-with-corner-tl041.html#breadcrumb\"},\"inLanguage\":\"fr-FR\",\"potentialAction\":[{\"@type\":\"ReadAction\",\"target\":[\"https:\/\/www.bagnoitalia.com\/fr\/produit\/120x80-or-150x80-cm-desk-also-available-with-corner-tl041.html\"]}]},{\"@type\":\"ImageObject\",\"inLanguage\":\"fr-FR\",\"@id\":\"https:\/\/www.bagnoitalia.com\/fr\/produit\/120x80-or-150x80-cm-desk-also-available-with-corner-tl041.html#primaryimage\",\"url\":\"https:\/\/img.bagnoitalia.com\/wp-content\/uploads\/1-153.webp\",\"contentUrl\":\"https:\/\/img.bagnoitalia.com\/wp-content\/uploads\/1-153.webp\",\"width\":1000,\"height\":1000},{\"@type\":\"BreadcrumbList\",\"@id\":\"https:\/\/www.bagnoitalia.com\/fr\/produit\/120x80-or-150x80-cm-desk-also-available-with-corner-tl041.html#breadcrumb\",\"itemListElement\":[{\"@type\":\"ListItem\",\"position\":1,\"name\":\"Home\",\"item\":\"https:\/\/www.bagnoitalia.com\/fr\"},{\"@type\":\"ListItem\",\"position\":2,\"name\":\"Produits\",\"item\":\"https:\/\/www.bagnoitalia.com\/fr\/shop\"},{\"@type\":\"ListItem\",\"position\":3,\"name\":\"Bureau 120&#215;80 ou 150&#215;80 cm \u00e9galement disponible avec coin TL041\"}]},{\"@type\":\"WebSite\",\"@id\":\"https:\/\/www.bagnoitalia.com\/fr#website\",\"url\":\"https:\/\/www.bagnoitalia.com\/fr\",\"name\":\"Bagno Italia\",\"description\":\"\",\"publisher\":{\"@id\":\"https:\/\/www.bagnoitalia.com\/fr#organization\"},\"potentialAction\":[{\"@type\":\"SearchAction\",\"target\":{\"@type\":\"EntryPoint\",\"urlTemplate\":\"https:\/\/www.bagnoitalia.com\/fr?s={search_term_string}\"},\"query-input\":{\"@type\":\"PropertyValueSpecification\",\"valueRequired\":true,\"valueName\":\"search_term_string\"}}],\"inLanguage\":\"fr-FR\"},{\"@type\":\"Organization\",\"@id\":\"https:\/\/www.bagnoitalia.com\/fr#organization\",\"name\":\"Bagno Italia\",\"url\":\"https:\/\/www.bagnoitalia.com\/fr\",\"logo\":{\"@type\":\"ImageObject\",\"inLanguage\":\"fr-FR\",\"@id\":\"https:\/\/www.bagnoitalia.com\/fr#\/schema\/logo\/image\/\",\"url\":\"https:\/\/img.bagnoitalia.com\/wp-content\/uploads\/logo-bagnoitalia.webp\",\"contentUrl\":\"https:\/\/img.bagnoitalia.com\/wp-content\/uploads\/logo-bagnoitalia.webp\",\"width\":400,\"height\":70,\"caption\":\"Bagno Italia\"},\"image\":{\"@id\":\"https:\/\/www.bagnoitalia.com\/fr#\/schema\/logo\/image\/\"}}]}<\/script>\n<!-- \/ Yoast SEO plugin. -->","yoast_head_json":{"title":"Bureau 120x80 ou 150x80 cm \u00e9galement disponible avec coin TL041 - Bagno Italia","robots":{"index":"index","follow":"follow","max-snippet":"max-snippet:-1","max-image-preview":"max-image-preview:large","max-video-preview":"max-video-preview:-1"},"canonical":"https:\/\/www.bagnoitalia.com\/fr\/produit\/120x80-or-150x80-cm-desk-also-available-with-corner-tl041.html","og_locale":"fr_FR","og_type":"article","og_title":"Bureau 120x80 ou 150x80 cm \u00e9galement disponible avec coin TL041 - Bagno Italia","og_description":"Table de bureau moderne en deux tailles, 120 ou 150 cm, avec la possibilit\u00e9 d'ajouter un coin suppl\u00e9mentaire de 80 cm. En bois, rev\u00eatement m\u00e9lamin\u00e9 couleur ch\u00eane et pieds blancs.","og_url":"https:\/\/www.bagnoitalia.com\/fr\/produit\/120x80-or-150x80-cm-desk-also-available-with-corner-tl041.html","og_site_name":"Bagno Italia","article_modified_time":"2025-01-23T14:01:01+00:00","og_image":[{"width":1000,"height":1000,"url":"https:\/\/img.bagnoitalia.com\/wp-content\/uploads\/1-153.webp","type":"image\/webp"}],"twitter_card":"summary_large_image","twitter_misc":{"Dur\u00e9e de lecture estim\u00e9e":"1 minute"},"schema":{"@context":"https:\/\/schema.org","@graph":[{"@type":"WebPage","@id":"https:\/\/www.bagnoitalia.com\/fr\/produit\/120x80-or-150x80-cm-desk-also-available-with-corner-tl041.html","url":"https:\/\/www.bagnoitalia.com\/fr\/produit\/120x80-or-150x80-cm-desk-also-available-with-corner-tl041.html","name":"Bureau 120x80 ou 150x80 cm \u00e9galement disponible avec coin TL041 - Bagno Italia","isPartOf":{"@id":"https:\/\/www.bagnoitalia.com\/fr#website"},"primaryImageOfPage":{"@id":"https:\/\/www.bagnoitalia.com\/fr\/produit\/120x80-or-150x80-cm-desk-also-available-with-corner-tl041.html#primaryimage"},"image":{"@id":"https:\/\/www.bagnoitalia.com\/fr\/produit\/120x80-or-150x80-cm-desk-also-available-with-corner-tl041.html#primaryimage"},"thumbnailUrl":"https:\/\/img.bagnoitalia.com\/wp-content\/uploads\/1-153.webp","datePublished":"2025-01-23T13:57:31+00:00","dateModified":"2025-01-23T14:01:01+00:00","breadcrumb":{"@id":"https:\/\/www.bagnoitalia.com\/fr\/produit\/120x80-or-150x80-cm-desk-also-available-with-corner-tl041.html#breadcrumb"},"inLanguage":"fr-FR","potentialAction":[{"@type":"ReadAction","target":["https:\/\/www.bagnoitalia.com\/fr\/produit\/120x80-or-150x80-cm-desk-also-available-with-corner-tl041.html"]}]},{"@type":"ImageObject","inLanguage":"fr-FR","@id":"https:\/\/www.bagnoitalia.com\/fr\/produit\/120x80-or-150x80-cm-desk-also-available-with-corner-tl041.html#primaryimage","url":"https:\/\/img.bagnoitalia.com\/wp-content\/uploads\/1-153.webp","contentUrl":"https:\/\/img.bagnoitalia.com\/wp-content\/uploads\/1-153.webp","width":1000,"height":1000},{"@type":"BreadcrumbList","@id":"https:\/\/www.bagnoitalia.com\/fr\/produit\/120x80-or-150x80-cm-desk-also-available-with-corner-tl041.html#breadcrumb","itemListElement":[{"@type":"ListItem","position":1,"name":"Home","item":"https:\/\/www.bagnoitalia.com\/fr"},{"@type":"ListItem","position":2,"name":"Produits","item":"https:\/\/www.bagnoitalia.com\/fr\/shop"},{"@type":"ListItem","position":3,"name":"Bureau 120&#215;80 ou 150&#215;80 cm \u00e9galement disponible avec coin TL041"}]},{"@type":"WebSite","@id":"https:\/\/www.bagnoitalia.com\/fr#website","url":"https:\/\/www.bagnoitalia.com\/fr","name":"Bagno Italia","description":"","publisher":{"@id":"https:\/\/www.bagnoitalia.com\/fr#organization"},"potentialAction":[{"@type":"SearchAction","target":{"@type":"EntryPoint","urlTemplate":"https:\/\/www.bagnoitalia.com\/fr?s={search_term_string}"},"query-input":{"@type":"PropertyValueSpecification","valueRequired":true,"valueName":"search_term_string"}}],"inLanguage":"fr-FR"},{"@type":"Organization","@id":"https:\/\/www.bagnoitalia.com\/fr#organization","name":"Bagno Italia","url":"https:\/\/www.bagnoitalia.com\/fr","logo":{"@type":"ImageObject","inLanguage":"fr-FR","@id":"https:\/\/www.bagnoitalia.com\/fr#\/schema\/logo\/image\/","url":"https:\/\/img.bagnoitalia.com\/wp-content\/uploads\/logo-bagnoitalia.webp","contentUrl":"https:\/\/img.bagnoitalia.com\/wp-content\/uploads\/logo-bagnoitalia.webp","width":400,"height":70,"caption":"Bagno Italia"},"image":{"@id":"https:\/\/www.bagnoitalia.com\/fr#\/schema\/logo\/image\/"}}]}},"_links":{"self":[{"href":"https:\/\/www.bagnoitalia.com\/fr\/wp-json\/wp\/v2\/product\/101437","targetHints":{"allow":["GET"]}}],"collection":[{"href":"https:\/\/www.bagnoitalia.com\/fr\/wp-json\/wp\/v2\/product"}],"about":[{"href":"https:\/\/www.bagnoitalia.com\/fr\/wp-json\/wp\/v2\/types\/product"}],"replies":[{"embeddable":true,"href":"https:\/\/www.bagnoitalia.com\/fr\/wp-json\/wp\/v2\/comments?post=101437"}],"version-history":[{"count":1,"href":"https:\/\/www.bagnoitalia.com\/fr\/wp-json\/wp\/v2\/product\/101437\/revisions"}],"predecessor-version":[{"id":101442,"href":"https:\/\/www.bagnoitalia.com\/fr\/wp-json\/wp\/v2\/product\/101437\/revisions\/101442"}],"wp:featuredmedia":[{"embeddable":true,"href":"https:\/\/www.bagnoitalia.com\/fr\/wp-json\/wp\/v2\/media\/101420"}],"wp:attachment":[{"href":"https:\/\/www.bagnoitalia.com\/fr\/wp-json\/wp\/v2\/media?parent=101437"}],"wp:term":[{"taxonomy":"product_brand","embeddable":true,"href":"https:\/\/www.bagnoitalia.com\/fr\/wp-json\/wp\/v2\/product_brand?post=101437"},{"taxonomy":"product_cat","embeddable":true,"href":"https:\/\/www.bagnoitalia.com\/fr\/wp-json\/wp\/v2\/product_cat?post=101437"},{"taxonomy":"product_tag","embeddable":true,"href":"https:\/\/www.bagnoitalia.com\/fr\/wp-json\/wp\/v2\/product_tag?post=101437"}],"curies":[{"name":"wp","href":"https:\/\/api.w.org\/{rel}","templated":true}]}}