{"id":100868,"date":"2025-01-15T16:40:09","date_gmt":"2025-01-15T15:40:09","guid":{"rendered":"https:\/\/www.bagnoitalia.com\/99x39-cm-chest-of-drawers-with-4-or-5-drawers-two-coloured-white-oak-bm122.html"},"modified":"2025-01-15T16:43:19","modified_gmt":"2025-01-15T15:43:19","slug":"99x39-cm-chest-of-drawers-with-4-or-5-drawers-two-coloured-white-oak-bm122","status":"publish","type":"product","link":"https:\/\/www.bagnoitalia.com\/fr\/produit\/99x39-cm-chest-of-drawers-with-4-or-5-drawers-two-coloured-white-oak-bm122.html","title":{"rendered":"99&#215;39 cm commode 4 ou 5 tiroirs bicolore blanc-ch\u00eane BM122"},"content":{"rendered":"<p>COMMODE BLANC-ORANGE AVEC PIEDS &lsquo;BM122<\/p>\n<p>&nbsp;<\/p>\n<p>&nbsp;<\/p>\n<p>&nbsp;<\/p>\n<p>TYPES DISPONIBLES<\/p>\n<p>Commode disponible \u00e0 partir de :<\/p>\n<p>99xD39xH81 cm avec 4 tiroirs (2 petits + 2 grands)<br \/>\n99xD39xH100 cm avec 5 tiroirs (2 petits + 3 grands)<\/p>\n<p>S\u00e9lectionnez le type dans le menu d\u00e9roulant ci-dessus<\/p>\n<p>&nbsp;<\/p>\n<p>CARACT\u00c9RISTIQUES<\/p>\n<p>Commode moderne, id\u00e9ale pour les chambres \u00e0 coucher ou les salons<\/p>\n<p>Ouverture par poign\u00e9e d\u00e9coup\u00e9e<\/p>\n<p>Structure en bois m\u00e9lamin\u00e9<\/p>\n<p>Facile \u00e0 assembler et \u00e0 nettoyer<\/p>\n<p>D\u00e9tails des couleurs<\/p>\n<p>structure blanche<br \/>\npieds en ch\u00eane<br \/>\npetits tiroirs sup\u00e9rieurs en ch\u00eane<br \/>\ngrands tiroirs blancs<\/p>\n<p>&nbsp;<\/p>\n<p>&nbsp;<\/p>\n<p>&nbsp;<\/p>\n<p>&nbsp;<\/p>\n<p>&nbsp;<\/p>\n<p>&nbsp;<\/p>\n<p>&nbsp;<\/p>\n<p>&nbsp;<\/p>\n<p>&nbsp;<\/p>\n<p>&nbsp;<\/p>\n<p>&nbsp;<\/p>\n<p>&nbsp;<\/p>\n<p>&nbsp;<\/p>\n<p>&nbsp;<\/p>\n<p>&nbsp;<\/p>\n<p>7910<br \/>\n793<\/p>\n<p>&nbsp;<\/p>\n<p>&nbsp;<\/p>\n<p>&nbsp;<\/p>\n","protected":false},"excerpt":{"rendered":"<p>Meuble moderne, pour la chambre \u00e0 coucher ou le salon, disponible en deux versions : avec 4 tiroirs (2 grands et 2 petits) ou avec 5 tiroirs (3 grands et 2 petits). Bicolore, avec pieds et 2 petits tiroirs sup\u00e9rieurs en couleur ch\u00eane et le reste de la structure en blanc.<\/p>\n","protected":false},"featured_media":100848,"comment_status":"open","ping_status":"closed","template":"","meta":[],"product_brand":[],"product_cat":[9787,9771],"product_tag":[],"class_list":{"0":"post-100868","1":"product","2":"type-product","3":"status-publish","4":"has-post-thumbnail","6":"product_cat-meubles","7":"product_cat-mobilier-d-interieur","9":"first","10":"instock","11":"sale","12":"taxable","13":"shipping-taxable","14":"purchasable","15":"product-type-simple"},"exclude_global_add_ons":false,"addons":[{"name":"Type","type":"multiple_choice","position":0,"required":false,"title_format":"label","default":"","description_enable":false,"description":"","placeholder_enable":false,"placeholder":"","display":"select","restrictions_type":"any_text","adjust_price":false,"price":"","price_type":"flat_fee","restrictions":false,"min":"0","max":"0","options":[{"label":"99x39xH81 cm avec 4 tiroirs","price":"","price_type":"flat_fee","image":0,"visibility":true},{"label":"99x39xH100 cm avec 5 tiroirs","price":"20","price_type":"flat_fee","image":0,"visibility":true}],"id":1736959210}],"yoast_head":"<!-- This site is optimized with the Yoast SEO plugin v26.7 - https:\/\/yoast.com\/wordpress\/plugins\/seo\/ -->\n<title>99x39 cm commode 4 ou 5 tiroirs bicolore blanc-ch\u00eane BM122 - Bagno Italia<\/title>\n<meta name=\"robots\" content=\"index, follow, max-snippet:-1, max-image-preview:large, max-video-preview:-1\" \/>\n<link rel=\"canonical\" href=\"https:\/\/www.bagnoitalia.com\/fr\/produit\/99x39-cm-chest-of-drawers-with-4-or-5-drawers-two-coloured-white-oak-bm122.html\" \/>\n<meta property=\"og:locale\" content=\"fr_FR\" \/>\n<meta property=\"og:type\" content=\"article\" \/>\n<meta property=\"og:title\" content=\"99x39 cm commode 4 ou 5 tiroirs bicolore blanc-ch\u00eane BM122 - Bagno Italia\" \/>\n<meta property=\"og:description\" content=\"Meuble moderne, pour la chambre \u00e0 coucher ou le salon, disponible en deux versions : avec 4 tiroirs (2 grands et 2 petits) ou avec 5 tiroirs (3 grands et 2 petits). Bicolore, avec pieds et 2 petits tiroirs sup\u00e9rieurs en couleur ch\u00eane et le reste de la structure en blanc.\" \/>\n<meta property=\"og:url\" content=\"https:\/\/www.bagnoitalia.com\/fr\/produit\/99x39-cm-chest-of-drawers-with-4-or-5-drawers-two-coloured-white-oak-bm122.html\" \/>\n<meta property=\"og:site_name\" content=\"Bagno Italia\" \/>\n<meta property=\"article:modified_time\" content=\"2025-01-15T15:43:19+00:00\" \/>\n<meta property=\"og:image\" content=\"https:\/\/img.bagnoitalia.com\/wp-content\/uploads\/1-136.webp\" \/>\n\t<meta property=\"og:image:width\" content=\"1000\" \/>\n\t<meta property=\"og:image:height\" content=\"1000\" \/>\n\t<meta property=\"og:image:type\" content=\"image\/webp\" \/>\n<meta name=\"twitter:card\" content=\"summary_large_image\" \/>\n<meta name=\"twitter:label1\" content=\"Dur\u00e9e de lecture estim\u00e9e\" \/>\n\t<meta name=\"twitter:data1\" content=\"1 minute\" \/>\n<script type=\"application\/ld+json\" class=\"yoast-schema-graph\">{\"@context\":\"https:\/\/schema.org\",\"@graph\":[{\"@type\":\"WebPage\",\"@id\":\"https:\/\/www.bagnoitalia.com\/fr\/produit\/99x39-cm-chest-of-drawers-with-4-or-5-drawers-two-coloured-white-oak-bm122.html\",\"url\":\"https:\/\/www.bagnoitalia.com\/fr\/produit\/99x39-cm-chest-of-drawers-with-4-or-5-drawers-two-coloured-white-oak-bm122.html\",\"name\":\"99x39 cm commode 4 ou 5 tiroirs bicolore blanc-ch\u00eane BM122 - Bagno Italia\",\"isPartOf\":{\"@id\":\"https:\/\/www.bagnoitalia.com\/fr#website\"},\"primaryImageOfPage\":{\"@id\":\"https:\/\/www.bagnoitalia.com\/fr\/produit\/99x39-cm-chest-of-drawers-with-4-or-5-drawers-two-coloured-white-oak-bm122.html#primaryimage\"},\"image\":{\"@id\":\"https:\/\/www.bagnoitalia.com\/fr\/produit\/99x39-cm-chest-of-drawers-with-4-or-5-drawers-two-coloured-white-oak-bm122.html#primaryimage\"},\"thumbnailUrl\":\"https:\/\/img.bagnoitalia.com\/wp-content\/uploads\/1-136.webp\",\"datePublished\":\"2025-01-15T15:40:09+00:00\",\"dateModified\":\"2025-01-15T15:43:19+00:00\",\"breadcrumb\":{\"@id\":\"https:\/\/www.bagnoitalia.com\/fr\/produit\/99x39-cm-chest-of-drawers-with-4-or-5-drawers-two-coloured-white-oak-bm122.html#breadcrumb\"},\"inLanguage\":\"fr-FR\",\"potentialAction\":[{\"@type\":\"ReadAction\",\"target\":[\"https:\/\/www.bagnoitalia.com\/fr\/produit\/99x39-cm-chest-of-drawers-with-4-or-5-drawers-two-coloured-white-oak-bm122.html\"]}]},{\"@type\":\"ImageObject\",\"inLanguage\":\"fr-FR\",\"@id\":\"https:\/\/www.bagnoitalia.com\/fr\/produit\/99x39-cm-chest-of-drawers-with-4-or-5-drawers-two-coloured-white-oak-bm122.html#primaryimage\",\"url\":\"https:\/\/img.bagnoitalia.com\/wp-content\/uploads\/1-136.webp\",\"contentUrl\":\"https:\/\/img.bagnoitalia.com\/wp-content\/uploads\/1-136.webp\",\"width\":1000,\"height\":1000},{\"@type\":\"BreadcrumbList\",\"@id\":\"https:\/\/www.bagnoitalia.com\/fr\/produit\/99x39-cm-chest-of-drawers-with-4-or-5-drawers-two-coloured-white-oak-bm122.html#breadcrumb\",\"itemListElement\":[{\"@type\":\"ListItem\",\"position\":1,\"name\":\"Home\",\"item\":\"https:\/\/www.bagnoitalia.com\/fr\"},{\"@type\":\"ListItem\",\"position\":2,\"name\":\"Produits\",\"item\":\"https:\/\/www.bagnoitalia.com\/fr\/shop\"},{\"@type\":\"ListItem\",\"position\":3,\"name\":\"99&#215;39 cm commode 4 ou 5 tiroirs bicolore blanc-ch\u00eane BM122\"}]},{\"@type\":\"WebSite\",\"@id\":\"https:\/\/www.bagnoitalia.com\/fr#website\",\"url\":\"https:\/\/www.bagnoitalia.com\/fr\",\"name\":\"Bagno Italia\",\"description\":\"\",\"publisher\":{\"@id\":\"https:\/\/www.bagnoitalia.com\/fr#organization\"},\"potentialAction\":[{\"@type\":\"SearchAction\",\"target\":{\"@type\":\"EntryPoint\",\"urlTemplate\":\"https:\/\/www.bagnoitalia.com\/fr?s={search_term_string}\"},\"query-input\":{\"@type\":\"PropertyValueSpecification\",\"valueRequired\":true,\"valueName\":\"search_term_string\"}}],\"inLanguage\":\"fr-FR\"},{\"@type\":\"Organization\",\"@id\":\"https:\/\/www.bagnoitalia.com\/fr#organization\",\"name\":\"Bagno Italia\",\"url\":\"https:\/\/www.bagnoitalia.com\/fr\",\"logo\":{\"@type\":\"ImageObject\",\"inLanguage\":\"fr-FR\",\"@id\":\"https:\/\/www.bagnoitalia.com\/fr#\/schema\/logo\/image\/\",\"url\":\"https:\/\/img.bagnoitalia.com\/wp-content\/uploads\/logo-bagnoitalia.webp\",\"contentUrl\":\"https:\/\/img.bagnoitalia.com\/wp-content\/uploads\/logo-bagnoitalia.webp\",\"width\":400,\"height\":70,\"caption\":\"Bagno Italia\"},\"image\":{\"@id\":\"https:\/\/www.bagnoitalia.com\/fr#\/schema\/logo\/image\/\"}}]}<\/script>\n<!-- \/ Yoast SEO plugin. -->","yoast_head_json":{"title":"99x39 cm commode 4 ou 5 tiroirs bicolore blanc-ch\u00eane BM122 - Bagno Italia","robots":{"index":"index","follow":"follow","max-snippet":"max-snippet:-1","max-image-preview":"max-image-preview:large","max-video-preview":"max-video-preview:-1"},"canonical":"https:\/\/www.bagnoitalia.com\/fr\/produit\/99x39-cm-chest-of-drawers-with-4-or-5-drawers-two-coloured-white-oak-bm122.html","og_locale":"fr_FR","og_type":"article","og_title":"99x39 cm commode 4 ou 5 tiroirs bicolore blanc-ch\u00eane BM122 - Bagno Italia","og_description":"Meuble moderne, pour la chambre \u00e0 coucher ou le salon, disponible en deux versions : avec 4 tiroirs (2 grands et 2 petits) ou avec 5 tiroirs (3 grands et 2 petits). Bicolore, avec pieds et 2 petits tiroirs sup\u00e9rieurs en couleur ch\u00eane et le reste de la structure en blanc.","og_url":"https:\/\/www.bagnoitalia.com\/fr\/produit\/99x39-cm-chest-of-drawers-with-4-or-5-drawers-two-coloured-white-oak-bm122.html","og_site_name":"Bagno Italia","article_modified_time":"2025-01-15T15:43:19+00:00","og_image":[{"width":1000,"height":1000,"url":"https:\/\/img.bagnoitalia.com\/wp-content\/uploads\/1-136.webp","type":"image\/webp"}],"twitter_card":"summary_large_image","twitter_misc":{"Dur\u00e9e de lecture estim\u00e9e":"1 minute"},"schema":{"@context":"https:\/\/schema.org","@graph":[{"@type":"WebPage","@id":"https:\/\/www.bagnoitalia.com\/fr\/produit\/99x39-cm-chest-of-drawers-with-4-or-5-drawers-two-coloured-white-oak-bm122.html","url":"https:\/\/www.bagnoitalia.com\/fr\/produit\/99x39-cm-chest-of-drawers-with-4-or-5-drawers-two-coloured-white-oak-bm122.html","name":"99x39 cm commode 4 ou 5 tiroirs bicolore blanc-ch\u00eane BM122 - Bagno Italia","isPartOf":{"@id":"https:\/\/www.bagnoitalia.com\/fr#website"},"primaryImageOfPage":{"@id":"https:\/\/www.bagnoitalia.com\/fr\/produit\/99x39-cm-chest-of-drawers-with-4-or-5-drawers-two-coloured-white-oak-bm122.html#primaryimage"},"image":{"@id":"https:\/\/www.bagnoitalia.com\/fr\/produit\/99x39-cm-chest-of-drawers-with-4-or-5-drawers-two-coloured-white-oak-bm122.html#primaryimage"},"thumbnailUrl":"https:\/\/img.bagnoitalia.com\/wp-content\/uploads\/1-136.webp","datePublished":"2025-01-15T15:40:09+00:00","dateModified":"2025-01-15T15:43:19+00:00","breadcrumb":{"@id":"https:\/\/www.bagnoitalia.com\/fr\/produit\/99x39-cm-chest-of-drawers-with-4-or-5-drawers-two-coloured-white-oak-bm122.html#breadcrumb"},"inLanguage":"fr-FR","potentialAction":[{"@type":"ReadAction","target":["https:\/\/www.bagnoitalia.com\/fr\/produit\/99x39-cm-chest-of-drawers-with-4-or-5-drawers-two-coloured-white-oak-bm122.html"]}]},{"@type":"ImageObject","inLanguage":"fr-FR","@id":"https:\/\/www.bagnoitalia.com\/fr\/produit\/99x39-cm-chest-of-drawers-with-4-or-5-drawers-two-coloured-white-oak-bm122.html#primaryimage","url":"https:\/\/img.bagnoitalia.com\/wp-content\/uploads\/1-136.webp","contentUrl":"https:\/\/img.bagnoitalia.com\/wp-content\/uploads\/1-136.webp","width":1000,"height":1000},{"@type":"BreadcrumbList","@id":"https:\/\/www.bagnoitalia.com\/fr\/produit\/99x39-cm-chest-of-drawers-with-4-or-5-drawers-two-coloured-white-oak-bm122.html#breadcrumb","itemListElement":[{"@type":"ListItem","position":1,"name":"Home","item":"https:\/\/www.bagnoitalia.com\/fr"},{"@type":"ListItem","position":2,"name":"Produits","item":"https:\/\/www.bagnoitalia.com\/fr\/shop"},{"@type":"ListItem","position":3,"name":"99&#215;39 cm commode 4 ou 5 tiroirs bicolore blanc-ch\u00eane BM122"}]},{"@type":"WebSite","@id":"https:\/\/www.bagnoitalia.com\/fr#website","url":"https:\/\/www.bagnoitalia.com\/fr","name":"Bagno Italia","description":"","publisher":{"@id":"https:\/\/www.bagnoitalia.com\/fr#organization"},"potentialAction":[{"@type":"SearchAction","target":{"@type":"EntryPoint","urlTemplate":"https:\/\/www.bagnoitalia.com\/fr?s={search_term_string}"},"query-input":{"@type":"PropertyValueSpecification","valueRequired":true,"valueName":"search_term_string"}}],"inLanguage":"fr-FR"},{"@type":"Organization","@id":"https:\/\/www.bagnoitalia.com\/fr#organization","name":"Bagno Italia","url":"https:\/\/www.bagnoitalia.com\/fr","logo":{"@type":"ImageObject","inLanguage":"fr-FR","@id":"https:\/\/www.bagnoitalia.com\/fr#\/schema\/logo\/image\/","url":"https:\/\/img.bagnoitalia.com\/wp-content\/uploads\/logo-bagnoitalia.webp","contentUrl":"https:\/\/img.bagnoitalia.com\/wp-content\/uploads\/logo-bagnoitalia.webp","width":400,"height":70,"caption":"Bagno Italia"},"image":{"@id":"https:\/\/www.bagnoitalia.com\/fr#\/schema\/logo\/image\/"}}]}},"_links":{"self":[{"href":"https:\/\/www.bagnoitalia.com\/fr\/wp-json\/wp\/v2\/product\/100868","targetHints":{"allow":["GET"]}}],"collection":[{"href":"https:\/\/www.bagnoitalia.com\/fr\/wp-json\/wp\/v2\/product"}],"about":[{"href":"https:\/\/www.bagnoitalia.com\/fr\/wp-json\/wp\/v2\/types\/product"}],"replies":[{"embeddable":true,"href":"https:\/\/www.bagnoitalia.com\/fr\/wp-json\/wp\/v2\/comments?post=100868"}],"version-history":[{"count":1,"href":"https:\/\/www.bagnoitalia.com\/fr\/wp-json\/wp\/v2\/product\/100868\/revisions"}],"predecessor-version":[{"id":100873,"href":"https:\/\/www.bagnoitalia.com\/fr\/wp-json\/wp\/v2\/product\/100868\/revisions\/100873"}],"wp:featuredmedia":[{"embeddable":true,"href":"https:\/\/www.bagnoitalia.com\/fr\/wp-json\/wp\/v2\/media\/100848"}],"wp:attachment":[{"href":"https:\/\/www.bagnoitalia.com\/fr\/wp-json\/wp\/v2\/media?parent=100868"}],"wp:term":[{"taxonomy":"product_brand","embeddable":true,"href":"https:\/\/www.bagnoitalia.com\/fr\/wp-json\/wp\/v2\/product_brand?post=100868"},{"taxonomy":"product_cat","embeddable":true,"href":"https:\/\/www.bagnoitalia.com\/fr\/wp-json\/wp\/v2\/product_cat?post=100868"},{"taxonomy":"product_tag","embeddable":true,"href":"https:\/\/www.bagnoitalia.com\/fr\/wp-json\/wp\/v2\/product_tag?post=100868"}],"curies":[{"name":"wp","href":"https:\/\/api.w.org\/{rel}","templated":true}]}}