{"id":100752,"date":"2025-01-15T14:46:39","date_gmt":"2025-01-15T13:46:39","guid":{"rendered":"https:\/\/www.bagnoitalia.com\/chest-of-drawers-77-5x40xh95-cm-white-with-4-drawers-and-brown-feet-bm117.html"},"modified":"2025-01-15T14:48:57","modified_gmt":"2025-01-15T13:48:57","slug":"chest-of-drawers-77-5x40xh95-cm-white-with-4-drawers-and-brown-feet-bm117","status":"publish","type":"product","link":"https:\/\/www.bagnoitalia.com\/fr\/produit\/chest-of-drawers-77-5x40xh95-cm-white-with-4-drawers-and-brown-feet-bm117.html","title":{"rendered":"Commode 77.5x40xH95 cm blanche avec 4 tiroirs et pieds marron BM117"},"content":{"rendered":"<p>MOUSTIQUAIRE BLANC avec 4 TIROIRS et pieds &lsquo;BM117&rsquo;.<\/p>\n<p>&nbsp;<\/p>\n<p>&nbsp;<\/p>\n<p>&nbsp;<\/p>\n<p>CARACT\u00c9RISTIQUES<\/p>\n<p>Commode id\u00e9ale pour les chambres \u00e0 coucher<\/p>\n<p>Dimensions : 77,5xD40xH95 cm : 77,5xD40xH95 cm<\/p>\n<p>Couleur :<\/p>\n<p>structure et tiroirs blancs<br \/>\nboutons blancs<br \/>\npieds marron<\/p>\n<p>\u00c9quip\u00e9 de 4 tiroirs, chacun avec 2 boutons sph\u00e9riques<\/p>\n<p>Dimensions int\u00e9rieures des tiroirs : 71xD35xH10 cm<\/p>\n<p>Structure en bois m\u00e9lamin\u00e9<\/p>\n<p>Panneau arri\u00e8re en Mdf<\/p>\n<p>Tiroirs en mdf<\/p>\n<p>Chants en pvc<\/p>\n<p>Pieds en ABS<\/p>\n<p>Facile \u00e0 assembler et \u00e0 nettoyer<\/p>\n<p>Poids maximum support\u00e9 par tiroir 5 Kg<\/p>\n<p>Poids total maximum support\u00e9 30 Kg<\/p>\n<p>&nbsp;<\/p>\n<p>&nbsp;<\/p>\n<p>&nbsp;<\/p>\n<p>&nbsp;<\/p>\n<p>&nbsp;<\/p>\n<p>&nbsp;<\/p>\n<p>&nbsp;<\/p>\n<p>&nbsp;<\/p>\n<p>&nbsp;<\/p>\n<p>&nbsp;<\/p>\n<p>&nbsp;<\/p>\n<p>&nbsp;<\/p>\n<p>&nbsp;<\/p>\n<p>&nbsp;<\/p>\n<p>&nbsp;<\/p>\n<p>12326<\/p>\n<p>&nbsp;<\/p>\n<p>&nbsp;<\/p>\n<p>&nbsp;<\/p>\n","protected":false},"excerpt":{"rendered":"<p>Meuble de chambre \u00e0 coucher compos\u00e9 de 4 tiroirs, avec boutons ronds. Enti\u00e8rement en blanc, avec des pieds en abs de couleur marron.<\/p>\n","protected":false},"featured_media":100744,"comment_status":"open","ping_status":"closed","template":"","meta":[],"product_brand":[10113],"product_cat":[9787,9771],"product_tag":[],"class_list":{"0":"post-100752","1":"product","2":"type-product","3":"status-publish","4":"has-post-thumbnail","6":"product_brand-antonio-capaldo","7":"product_cat-meubles","8":"product_cat-mobilier-d-interieur","10":"first","11":"instock","12":"sale","13":"taxable","14":"shipping-taxable","15":"purchasable","16":"product-type-simple"},"exclude_global_add_ons":[],"addons":[],"yoast_head":"<!-- This site is optimized with the Yoast SEO plugin v26.7 - https:\/\/yoast.com\/wordpress\/plugins\/seo\/ -->\n<title>Commode 77.5x40xH95 cm blanche avec 4 tiroirs et pieds marron BM117 - Bagno Italia<\/title>\n<meta name=\"robots\" content=\"index, follow, max-snippet:-1, max-image-preview:large, max-video-preview:-1\" \/>\n<link rel=\"canonical\" href=\"https:\/\/www.bagnoitalia.com\/fr\/produit\/chest-of-drawers-77-5x40xh95-cm-white-with-4-drawers-and-brown-feet-bm117.html\" \/>\n<meta property=\"og:locale\" content=\"fr_FR\" \/>\n<meta property=\"og:type\" content=\"article\" \/>\n<meta property=\"og:title\" content=\"Commode 77.5x40xH95 cm blanche avec 4 tiroirs et pieds marron BM117 - Bagno Italia\" \/>\n<meta property=\"og:description\" content=\"Meuble de chambre \u00e0 coucher compos\u00e9 de 4 tiroirs, avec boutons ronds. Enti\u00e8rement en blanc, avec des pieds en abs de couleur marron.\" \/>\n<meta property=\"og:url\" content=\"https:\/\/www.bagnoitalia.com\/fr\/produit\/chest-of-drawers-77-5x40xh95-cm-white-with-4-drawers-and-brown-feet-bm117.html\" \/>\n<meta property=\"og:site_name\" content=\"Bagno Italia\" \/>\n<meta property=\"article:modified_time\" content=\"2025-01-15T13:48:57+00:00\" \/>\n<meta property=\"og:image\" content=\"https:\/\/img.bagnoitalia.com\/wp-content\/uploads\/1-131.webp\" \/>\n\t<meta property=\"og:image:width\" content=\"600\" \/>\n\t<meta property=\"og:image:height\" content=\"600\" \/>\n\t<meta property=\"og:image:type\" content=\"image\/webp\" \/>\n<meta name=\"twitter:card\" content=\"summary_large_image\" \/>\n<meta name=\"twitter:label1\" content=\"Dur\u00e9e de lecture estim\u00e9e\" \/>\n\t<meta name=\"twitter:data1\" content=\"1 minute\" \/>\n<script type=\"application\/ld+json\" class=\"yoast-schema-graph\">{\"@context\":\"https:\/\/schema.org\",\"@graph\":[{\"@type\":\"WebPage\",\"@id\":\"https:\/\/www.bagnoitalia.com\/fr\/produit\/chest-of-drawers-77-5x40xh95-cm-white-with-4-drawers-and-brown-feet-bm117.html\",\"url\":\"https:\/\/www.bagnoitalia.com\/fr\/produit\/chest-of-drawers-77-5x40xh95-cm-white-with-4-drawers-and-brown-feet-bm117.html\",\"name\":\"Commode 77.5x40xH95 cm blanche avec 4 tiroirs et pieds marron BM117 - Bagno Italia\",\"isPartOf\":{\"@id\":\"https:\/\/www.bagnoitalia.com\/fr#website\"},\"primaryImageOfPage\":{\"@id\":\"https:\/\/www.bagnoitalia.com\/fr\/produit\/chest-of-drawers-77-5x40xh95-cm-white-with-4-drawers-and-brown-feet-bm117.html#primaryimage\"},\"image\":{\"@id\":\"https:\/\/www.bagnoitalia.com\/fr\/produit\/chest-of-drawers-77-5x40xh95-cm-white-with-4-drawers-and-brown-feet-bm117.html#primaryimage\"},\"thumbnailUrl\":\"https:\/\/img.bagnoitalia.com\/wp-content\/uploads\/1-131.webp\",\"datePublished\":\"2025-01-15T13:46:39+00:00\",\"dateModified\":\"2025-01-15T13:48:57+00:00\",\"breadcrumb\":{\"@id\":\"https:\/\/www.bagnoitalia.com\/fr\/produit\/chest-of-drawers-77-5x40xh95-cm-white-with-4-drawers-and-brown-feet-bm117.html#breadcrumb\"},\"inLanguage\":\"fr-FR\",\"potentialAction\":[{\"@type\":\"ReadAction\",\"target\":[\"https:\/\/www.bagnoitalia.com\/fr\/produit\/chest-of-drawers-77-5x40xh95-cm-white-with-4-drawers-and-brown-feet-bm117.html\"]}]},{\"@type\":\"ImageObject\",\"inLanguage\":\"fr-FR\",\"@id\":\"https:\/\/www.bagnoitalia.com\/fr\/produit\/chest-of-drawers-77-5x40xh95-cm-white-with-4-drawers-and-brown-feet-bm117.html#primaryimage\",\"url\":\"https:\/\/img.bagnoitalia.com\/wp-content\/uploads\/1-131.webp\",\"contentUrl\":\"https:\/\/img.bagnoitalia.com\/wp-content\/uploads\/1-131.webp\",\"width\":600,\"height\":600},{\"@type\":\"BreadcrumbList\",\"@id\":\"https:\/\/www.bagnoitalia.com\/fr\/produit\/chest-of-drawers-77-5x40xh95-cm-white-with-4-drawers-and-brown-feet-bm117.html#breadcrumb\",\"itemListElement\":[{\"@type\":\"ListItem\",\"position\":1,\"name\":\"Home\",\"item\":\"https:\/\/www.bagnoitalia.com\/fr\"},{\"@type\":\"ListItem\",\"position\":2,\"name\":\"Produits\",\"item\":\"https:\/\/www.bagnoitalia.com\/fr\/shop\"},{\"@type\":\"ListItem\",\"position\":3,\"name\":\"Commode 77.5x40xH95 cm blanche avec 4 tiroirs et pieds marron BM117\"}]},{\"@type\":\"WebSite\",\"@id\":\"https:\/\/www.bagnoitalia.com\/fr#website\",\"url\":\"https:\/\/www.bagnoitalia.com\/fr\",\"name\":\"Bagno Italia\",\"description\":\"\",\"publisher\":{\"@id\":\"https:\/\/www.bagnoitalia.com\/fr#organization\"},\"potentialAction\":[{\"@type\":\"SearchAction\",\"target\":{\"@type\":\"EntryPoint\",\"urlTemplate\":\"https:\/\/www.bagnoitalia.com\/fr?s={search_term_string}\"},\"query-input\":{\"@type\":\"PropertyValueSpecification\",\"valueRequired\":true,\"valueName\":\"search_term_string\"}}],\"inLanguage\":\"fr-FR\"},{\"@type\":\"Organization\",\"@id\":\"https:\/\/www.bagnoitalia.com\/fr#organization\",\"name\":\"Bagno Italia\",\"url\":\"https:\/\/www.bagnoitalia.com\/fr\",\"logo\":{\"@type\":\"ImageObject\",\"inLanguage\":\"fr-FR\",\"@id\":\"https:\/\/www.bagnoitalia.com\/fr#\/schema\/logo\/image\/\",\"url\":\"https:\/\/img.bagnoitalia.com\/wp-content\/uploads\/logo-bagnoitalia.webp\",\"contentUrl\":\"https:\/\/img.bagnoitalia.com\/wp-content\/uploads\/logo-bagnoitalia.webp\",\"width\":400,\"height\":70,\"caption\":\"Bagno Italia\"},\"image\":{\"@id\":\"https:\/\/www.bagnoitalia.com\/fr#\/schema\/logo\/image\/\"}}]}<\/script>\n<!-- \/ Yoast SEO plugin. -->","yoast_head_json":{"title":"Commode 77.5x40xH95 cm blanche avec 4 tiroirs et pieds marron BM117 - Bagno Italia","robots":{"index":"index","follow":"follow","max-snippet":"max-snippet:-1","max-image-preview":"max-image-preview:large","max-video-preview":"max-video-preview:-1"},"canonical":"https:\/\/www.bagnoitalia.com\/fr\/produit\/chest-of-drawers-77-5x40xh95-cm-white-with-4-drawers-and-brown-feet-bm117.html","og_locale":"fr_FR","og_type":"article","og_title":"Commode 77.5x40xH95 cm blanche avec 4 tiroirs et pieds marron BM117 - Bagno Italia","og_description":"Meuble de chambre \u00e0 coucher compos\u00e9 de 4 tiroirs, avec boutons ronds. Enti\u00e8rement en blanc, avec des pieds en abs de couleur marron.","og_url":"https:\/\/www.bagnoitalia.com\/fr\/produit\/chest-of-drawers-77-5x40xh95-cm-white-with-4-drawers-and-brown-feet-bm117.html","og_site_name":"Bagno Italia","article_modified_time":"2025-01-15T13:48:57+00:00","og_image":[{"width":600,"height":600,"url":"https:\/\/img.bagnoitalia.com\/wp-content\/uploads\/1-131.webp","type":"image\/webp"}],"twitter_card":"summary_large_image","twitter_misc":{"Dur\u00e9e de lecture estim\u00e9e":"1 minute"},"schema":{"@context":"https:\/\/schema.org","@graph":[{"@type":"WebPage","@id":"https:\/\/www.bagnoitalia.com\/fr\/produit\/chest-of-drawers-77-5x40xh95-cm-white-with-4-drawers-and-brown-feet-bm117.html","url":"https:\/\/www.bagnoitalia.com\/fr\/produit\/chest-of-drawers-77-5x40xh95-cm-white-with-4-drawers-and-brown-feet-bm117.html","name":"Commode 77.5x40xH95 cm blanche avec 4 tiroirs et pieds marron BM117 - Bagno Italia","isPartOf":{"@id":"https:\/\/www.bagnoitalia.com\/fr#website"},"primaryImageOfPage":{"@id":"https:\/\/www.bagnoitalia.com\/fr\/produit\/chest-of-drawers-77-5x40xh95-cm-white-with-4-drawers-and-brown-feet-bm117.html#primaryimage"},"image":{"@id":"https:\/\/www.bagnoitalia.com\/fr\/produit\/chest-of-drawers-77-5x40xh95-cm-white-with-4-drawers-and-brown-feet-bm117.html#primaryimage"},"thumbnailUrl":"https:\/\/img.bagnoitalia.com\/wp-content\/uploads\/1-131.webp","datePublished":"2025-01-15T13:46:39+00:00","dateModified":"2025-01-15T13:48:57+00:00","breadcrumb":{"@id":"https:\/\/www.bagnoitalia.com\/fr\/produit\/chest-of-drawers-77-5x40xh95-cm-white-with-4-drawers-and-brown-feet-bm117.html#breadcrumb"},"inLanguage":"fr-FR","potentialAction":[{"@type":"ReadAction","target":["https:\/\/www.bagnoitalia.com\/fr\/produit\/chest-of-drawers-77-5x40xh95-cm-white-with-4-drawers-and-brown-feet-bm117.html"]}]},{"@type":"ImageObject","inLanguage":"fr-FR","@id":"https:\/\/www.bagnoitalia.com\/fr\/produit\/chest-of-drawers-77-5x40xh95-cm-white-with-4-drawers-and-brown-feet-bm117.html#primaryimage","url":"https:\/\/img.bagnoitalia.com\/wp-content\/uploads\/1-131.webp","contentUrl":"https:\/\/img.bagnoitalia.com\/wp-content\/uploads\/1-131.webp","width":600,"height":600},{"@type":"BreadcrumbList","@id":"https:\/\/www.bagnoitalia.com\/fr\/produit\/chest-of-drawers-77-5x40xh95-cm-white-with-4-drawers-and-brown-feet-bm117.html#breadcrumb","itemListElement":[{"@type":"ListItem","position":1,"name":"Home","item":"https:\/\/www.bagnoitalia.com\/fr"},{"@type":"ListItem","position":2,"name":"Produits","item":"https:\/\/www.bagnoitalia.com\/fr\/shop"},{"@type":"ListItem","position":3,"name":"Commode 77.5x40xH95 cm blanche avec 4 tiroirs et pieds marron BM117"}]},{"@type":"WebSite","@id":"https:\/\/www.bagnoitalia.com\/fr#website","url":"https:\/\/www.bagnoitalia.com\/fr","name":"Bagno Italia","description":"","publisher":{"@id":"https:\/\/www.bagnoitalia.com\/fr#organization"},"potentialAction":[{"@type":"SearchAction","target":{"@type":"EntryPoint","urlTemplate":"https:\/\/www.bagnoitalia.com\/fr?s={search_term_string}"},"query-input":{"@type":"PropertyValueSpecification","valueRequired":true,"valueName":"search_term_string"}}],"inLanguage":"fr-FR"},{"@type":"Organization","@id":"https:\/\/www.bagnoitalia.com\/fr#organization","name":"Bagno Italia","url":"https:\/\/www.bagnoitalia.com\/fr","logo":{"@type":"ImageObject","inLanguage":"fr-FR","@id":"https:\/\/www.bagnoitalia.com\/fr#\/schema\/logo\/image\/","url":"https:\/\/img.bagnoitalia.com\/wp-content\/uploads\/logo-bagnoitalia.webp","contentUrl":"https:\/\/img.bagnoitalia.com\/wp-content\/uploads\/logo-bagnoitalia.webp","width":400,"height":70,"caption":"Bagno Italia"},"image":{"@id":"https:\/\/www.bagnoitalia.com\/fr#\/schema\/logo\/image\/"}}]}},"_links":{"self":[{"href":"https:\/\/www.bagnoitalia.com\/fr\/wp-json\/wp\/v2\/product\/100752","targetHints":{"allow":["GET"]}}],"collection":[{"href":"https:\/\/www.bagnoitalia.com\/fr\/wp-json\/wp\/v2\/product"}],"about":[{"href":"https:\/\/www.bagnoitalia.com\/fr\/wp-json\/wp\/v2\/types\/product"}],"replies":[{"embeddable":true,"href":"https:\/\/www.bagnoitalia.com\/fr\/wp-json\/wp\/v2\/comments?post=100752"}],"version-history":[{"count":1,"href":"https:\/\/www.bagnoitalia.com\/fr\/wp-json\/wp\/v2\/product\/100752\/revisions"}],"predecessor-version":[{"id":100757,"href":"https:\/\/www.bagnoitalia.com\/fr\/wp-json\/wp\/v2\/product\/100752\/revisions\/100757"}],"wp:featuredmedia":[{"embeddable":true,"href":"https:\/\/www.bagnoitalia.com\/fr\/wp-json\/wp\/v2\/media\/100744"}],"wp:attachment":[{"href":"https:\/\/www.bagnoitalia.com\/fr\/wp-json\/wp\/v2\/media?parent=100752"}],"wp:term":[{"taxonomy":"product_brand","embeddable":true,"href":"https:\/\/www.bagnoitalia.com\/fr\/wp-json\/wp\/v2\/product_brand?post=100752"},{"taxonomy":"product_cat","embeddable":true,"href":"https:\/\/www.bagnoitalia.com\/fr\/wp-json\/wp\/v2\/product_cat?post=100752"},{"taxonomy":"product_tag","embeddable":true,"href":"https:\/\/www.bagnoitalia.com\/fr\/wp-json\/wp\/v2\/product_tag?post=100752"}],"curies":[{"name":"wp","href":"https:\/\/api.w.org\/{rel}","templated":true}]}}