{"id":76761,"date":"2006-10-11T03:10:59","date_gmt":"2006-10-11T01:10:59","guid":{"rendered":"https:\/\/www.bagnoitalia.com\/frais-de-livraison"},"modified":"2006-10-11T03:10:59","modified_gmt":"2006-10-11T01:10:59","slug":"frais-de-livraison","status":"publish","type":"page","link":"https:\/\/www.bagnoitalia.com\/fr\/frais-de-livraison","title":{"rendered":"Frais de livraison"},"content":{"rendered":"<h3>70% des produits pr\u00e9sents sur notre site web sont pr\u00eats \u00e0 \u00eatre livr\u00e9s Les d\u00e9lais d&rsquo;exp\u00e9dition peuvent \u00eatre affich\u00e9s sur la page de chaque produit individuel.<\/h3>\n<p>Nous exp\u00e9dions dans toute l&rsquo;Europe, pour conna\u00eetre les frais d&rsquo;exp\u00e9dition, veuillez envoyer un email \u00e0 <a href=\"mailto:info@bagnoitalia.it\">info@bagnoitalia.it<\/a> en indiquant le Pays et le\/s produit\/s qui vous int\u00e9ressent; les frais d&rsquo;exp\u00e9dition sont gratuits en Italie (m\u00eame si vous retirez les marchandises &nbsp;chez le transporteur &nbsp;&nbsp;seulement en Italie)<\/p>\n<p><strong>Livraison gratuite pour les commandes d\u00e9passant 49,90 Euro * en Italie ou retirant votre merchandise&nbsp; chez le transporteur &nbsp;seulement en Italie<\/strong><\/p>\n<p><strong>&nbsp;<\/strong><\/p>\n<p>Vous pouvez \u00e9galement choisir l\u2018enl\u00e8vement \u00e0 l&rsquo;entrep\u00f4t du transporteur TNT<\/p>\n<p><strong><a href=\"https:\/\/ssl.microsofttranslator.com\/bv.aspx?from=&amp;to=fr&amp;a=www.tnt.it\">www.tnt.it<\/a><\/strong><strong>&nbsp;&lt;&#8212;cliquez ici pour voir la liste des d\u00e9p\u00f4ts<\/strong><\/p>\n<p><strong>&nbsp;<\/strong><\/p>\n<p>Les livraisons sont effectu\u00e9es au Rez de Chauss\u00e9e , le livreur n&rsquo;effectue pas la livraison \u00e0 l&rsquo;\u00e9tage (c.-\u00e0-d. \u00e0 l&rsquo;int\u00e9rieur de la maison)<\/p>\n<p><strong>ATTENTION<\/strong>: d\u00e8s que vous recevez la marchandise, veuillez contr\u00f4ler, s\u2019il vous plait,&nbsp; que les emballages sont en bon etat et si &nbsp;vous constatez une anomalie, une boite cass\u00e9e ou caboss\u00e9e, veuillez le notifier sur le bon de livraison, en \u00e9crivant \u201cre\u00e7u n\u00b0 x collis avec un trou \/ carton \u00e9cras\u00e9 \/ ouvert ou l\u2019anomalie trouv\u00e9e. (il ne suffit pas d\u2019\u00e9crire simplement \u201caccept\u00e9 sous reserves\u201d s\u2019il y a des anomalies;&nbsp; l\u2019absence de cette specification ne nous permettra pas de remplacer le(s) coli(s) contest\u00e9(s) (s&rsquo;il n&rsquo;est pas possible de voir les paquets, parce que, par exemple, vous les recevez \u00e0 l&rsquo;int\u00e9rieur d&rsquo;une caisse en bois ou apparemment parfait, veuillez \u00e9crire \u201caccept\u00e9 sous reserves\u201d sur le bon de livraison)<\/p>\n<p>Si les colis sont apparemment parfaits (ce qui doit \u00eatre d\u00e9montr\u00e9e par l&rsquo;envoi de documents photographiques), mais apr\u00e8s avoir ouvert les bo\u00eetes, vous constatez des bris, vous devez le signaler le jour m\u00eame o\u00f9 vous recevez les marchandises par email ou par t\u00e9l\u00e9phone au num\u00e9ros 393,7383930 393,7383930.<\/p>\n<p>M\u00eame dans ce cas, il est necessaire de signer avec r\u00e9serve de contr\u00f4le afin d\u2019engager une procedure d\u2019assurance.<\/p>\n<p><strong>Enl\u00e8vement \u00e0 notre si\u00e8ge<\/strong><\/p>\n<p>Il est possible d\u2019enl\u00e8ver les marchandises dans notre entrep\u00f4t apr\u00e8s acceptation par t\u00e9l\u00e9phone .<\/p>\n<p><strong>Emballage<\/strong><\/p>\n<p>BagnoItalia garantit le plus grand professionnalisme dans l&#8217;emballage du produit, garantissant le risque minimum de recevoir les marchandises endommag\u00e9es, \u00e9tant donn\u00e9 que les paquets sont plac\u00e9s sur une palette encelophanis\u00e9e.<\/p>\n","protected":false},"excerpt":{"rendered":"<p>70% des produits pr\u00e9sents sur notre site web sont pr\u00eats \u00e0 \u00eatre livr\u00e9s Les d\u00e9lais d&rsquo;exp\u00e9dition peuvent \u00eatre affich\u00e9s sur la page de chaque produit individuel. Nous exp\u00e9dions dans toute l&rsquo;Europe, pour conna\u00eetre les frais d&rsquo;exp\u00e9dition, veuillez envoyer un email \u00e0 info@bagnoitalia.it en indiquant le Pays et le\/s produit\/s qui vous int\u00e9ressent; les frais d&rsquo;exp\u00e9dition [&hellip;]<\/p>\n","protected":false},"author":1,"featured_media":0,"parent":0,"menu_order":8,"comment_status":"closed","ping_status":"closed","template":"","meta":{"footnotes":""},"categories":[5041],"tags":[],"class_list":["post-76761","page","type-page","status-publish","hentry","category-base-2"],"yoast_head":"<!-- This site is optimized with the Yoast SEO plugin v26.7 - https:\/\/yoast.com\/wordpress\/plugins\/seo\/ -->\n<title>Frais de livraison - Bagno Italia<\/title>\n<meta name=\"robots\" content=\"index, follow, max-snippet:-1, max-image-preview:large, max-video-preview:-1\" \/>\n<link rel=\"canonical\" href=\"https:\/\/www.bagnoitalia.com\/fr\/frais-de-livraison\" \/>\n<meta property=\"og:locale\" content=\"fr_FR\" \/>\n<meta property=\"og:type\" content=\"article\" \/>\n<meta property=\"og:title\" content=\"Frais de livraison - Bagno Italia\" \/>\n<meta property=\"og:description\" content=\"70% des produits pr\u00e9sents sur notre site web sont pr\u00eats \u00e0 \u00eatre livr\u00e9s Les d\u00e9lais d&rsquo;exp\u00e9dition peuvent \u00eatre affich\u00e9s sur la page de chaque produit individuel. Nous exp\u00e9dions dans toute l&rsquo;Europe, pour conna\u00eetre les frais d&rsquo;exp\u00e9dition, veuillez envoyer un email \u00e0 info@bagnoitalia.it en indiquant le Pays et le\/s produit\/s qui vous int\u00e9ressent; les frais d&rsquo;exp\u00e9dition [&hellip;]\" \/>\n<meta property=\"og:url\" content=\"https:\/\/www.bagnoitalia.com\/fr\/frais-de-livraison\" \/>\n<meta property=\"og:site_name\" content=\"Bagno Italia\" \/>\n<meta name=\"twitter:card\" content=\"summary_large_image\" \/>\n<meta name=\"twitter:label1\" content=\"Dur\u00e9e de lecture estim\u00e9e\" \/>\n\t<meta name=\"twitter:data1\" content=\"2 minutes\" \/>\n<script type=\"application\/ld+json\" class=\"yoast-schema-graph\">{\"@context\":\"https:\/\/schema.org\",\"@graph\":[{\"@type\":\"WebPage\",\"@id\":\"https:\/\/www.bagnoitalia.com\/fr\/frais-de-livraison\",\"url\":\"https:\/\/www.bagnoitalia.com\/fr\/frais-de-livraison\",\"name\":\"Frais de livraison - Bagno Italia\",\"isPartOf\":{\"@id\":\"https:\/\/www.bagnoitalia.com\/fr#website\"},\"datePublished\":\"2006-10-11T01:10:59+00:00\",\"breadcrumb\":{\"@id\":\"https:\/\/www.bagnoitalia.com\/fr\/frais-de-livraison#breadcrumb\"},\"inLanguage\":\"fr-FR\",\"potentialAction\":[{\"@type\":\"ReadAction\",\"target\":[\"https:\/\/www.bagnoitalia.com\/fr\/frais-de-livraison\"]}]},{\"@type\":\"BreadcrumbList\",\"@id\":\"https:\/\/www.bagnoitalia.com\/fr\/frais-de-livraison#breadcrumb\",\"itemListElement\":[{\"@type\":\"ListItem\",\"position\":1,\"name\":\"Home\",\"item\":\"https:\/\/www.bagnoitalia.com\/fr\"},{\"@type\":\"ListItem\",\"position\":2,\"name\":\"Frais de livraison\"}]},{\"@type\":\"WebSite\",\"@id\":\"https:\/\/www.bagnoitalia.com\/fr#website\",\"url\":\"https:\/\/www.bagnoitalia.com\/fr\",\"name\":\"Bagno Italia\",\"description\":\"\",\"publisher\":{\"@id\":\"https:\/\/www.bagnoitalia.com\/fr#organization\"},\"potentialAction\":[{\"@type\":\"SearchAction\",\"target\":{\"@type\":\"EntryPoint\",\"urlTemplate\":\"https:\/\/www.bagnoitalia.com\/fr?s={search_term_string}\"},\"query-input\":{\"@type\":\"PropertyValueSpecification\",\"valueRequired\":true,\"valueName\":\"search_term_string\"}}],\"inLanguage\":\"fr-FR\"},{\"@type\":\"Organization\",\"@id\":\"https:\/\/www.bagnoitalia.com\/fr#organization\",\"name\":\"Bagno Italia\",\"url\":\"https:\/\/www.bagnoitalia.com\/fr\",\"logo\":{\"@type\":\"ImageObject\",\"inLanguage\":\"fr-FR\",\"@id\":\"https:\/\/www.bagnoitalia.com\/fr#\/schema\/logo\/image\/\",\"url\":\"https:\/\/img.bagnoitalia.com\/wp-content\/uploads\/logo-bagnoitalia.webp\",\"contentUrl\":\"https:\/\/img.bagnoitalia.com\/wp-content\/uploads\/logo-bagnoitalia.webp\",\"width\":400,\"height\":70,\"caption\":\"Bagno Italia\"},\"image\":{\"@id\":\"https:\/\/www.bagnoitalia.com\/fr#\/schema\/logo\/image\/\"}}]}<\/script>\n<!-- \/ Yoast SEO plugin. -->","yoast_head_json":{"title":"Frais de livraison - Bagno Italia","robots":{"index":"index","follow":"follow","max-snippet":"max-snippet:-1","max-image-preview":"max-image-preview:large","max-video-preview":"max-video-preview:-1"},"canonical":"https:\/\/www.bagnoitalia.com\/fr\/frais-de-livraison","og_locale":"fr_FR","og_type":"article","og_title":"Frais de livraison - Bagno Italia","og_description":"70% des produits pr\u00e9sents sur notre site web sont pr\u00eats \u00e0 \u00eatre livr\u00e9s Les d\u00e9lais d&rsquo;exp\u00e9dition peuvent \u00eatre affich\u00e9s sur la page de chaque produit individuel. Nous exp\u00e9dions dans toute l&rsquo;Europe, pour conna\u00eetre les frais d&rsquo;exp\u00e9dition, veuillez envoyer un email \u00e0 info@bagnoitalia.it en indiquant le Pays et le\/s produit\/s qui vous int\u00e9ressent; les frais d&rsquo;exp\u00e9dition [&hellip;]","og_url":"https:\/\/www.bagnoitalia.com\/fr\/frais-de-livraison","og_site_name":"Bagno Italia","twitter_card":"summary_large_image","twitter_misc":{"Dur\u00e9e de lecture estim\u00e9e":"2 minutes"},"schema":{"@context":"https:\/\/schema.org","@graph":[{"@type":"WebPage","@id":"https:\/\/www.bagnoitalia.com\/fr\/frais-de-livraison","url":"https:\/\/www.bagnoitalia.com\/fr\/frais-de-livraison","name":"Frais de livraison - Bagno Italia","isPartOf":{"@id":"https:\/\/www.bagnoitalia.com\/fr#website"},"datePublished":"2006-10-11T01:10:59+00:00","breadcrumb":{"@id":"https:\/\/www.bagnoitalia.com\/fr\/frais-de-livraison#breadcrumb"},"inLanguage":"fr-FR","potentialAction":[{"@type":"ReadAction","target":["https:\/\/www.bagnoitalia.com\/fr\/frais-de-livraison"]}]},{"@type":"BreadcrumbList","@id":"https:\/\/www.bagnoitalia.com\/fr\/frais-de-livraison#breadcrumb","itemListElement":[{"@type":"ListItem","position":1,"name":"Home","item":"https:\/\/www.bagnoitalia.com\/fr"},{"@type":"ListItem","position":2,"name":"Frais de livraison"}]},{"@type":"WebSite","@id":"https:\/\/www.bagnoitalia.com\/fr#website","url":"https:\/\/www.bagnoitalia.com\/fr","name":"Bagno Italia","description":"","publisher":{"@id":"https:\/\/www.bagnoitalia.com\/fr#organization"},"potentialAction":[{"@type":"SearchAction","target":{"@type":"EntryPoint","urlTemplate":"https:\/\/www.bagnoitalia.com\/fr?s={search_term_string}"},"query-input":{"@type":"PropertyValueSpecification","valueRequired":true,"valueName":"search_term_string"}}],"inLanguage":"fr-FR"},{"@type":"Organization","@id":"https:\/\/www.bagnoitalia.com\/fr#organization","name":"Bagno Italia","url":"https:\/\/www.bagnoitalia.com\/fr","logo":{"@type":"ImageObject","inLanguage":"fr-FR","@id":"https:\/\/www.bagnoitalia.com\/fr#\/schema\/logo\/image\/","url":"https:\/\/img.bagnoitalia.com\/wp-content\/uploads\/logo-bagnoitalia.webp","contentUrl":"https:\/\/img.bagnoitalia.com\/wp-content\/uploads\/logo-bagnoitalia.webp","width":400,"height":70,"caption":"Bagno Italia"},"image":{"@id":"https:\/\/www.bagnoitalia.com\/fr#\/schema\/logo\/image\/"}}]}},"_links":{"self":[{"href":"https:\/\/www.bagnoitalia.com\/fr\/wp-json\/wp\/v2\/pages\/76761","targetHints":{"allow":["GET"]}}],"collection":[{"href":"https:\/\/www.bagnoitalia.com\/fr\/wp-json\/wp\/v2\/pages"}],"about":[{"href":"https:\/\/www.bagnoitalia.com\/fr\/wp-json\/wp\/v2\/types\/page"}],"author":[{"embeddable":true,"href":"https:\/\/www.bagnoitalia.com\/fr\/wp-json\/wp\/v2\/users\/1"}],"replies":[{"embeddable":true,"href":"https:\/\/www.bagnoitalia.com\/fr\/wp-json\/wp\/v2\/comments?post=76761"}],"version-history":[{"count":0,"href":"https:\/\/www.bagnoitalia.com\/fr\/wp-json\/wp\/v2\/pages\/76761\/revisions"}],"wp:attachment":[{"href":"https:\/\/www.bagnoitalia.com\/fr\/wp-json\/wp\/v2\/media?parent=76761"}],"wp:term":[{"taxonomy":"category","embeddable":true,"href":"https:\/\/www.bagnoitalia.com\/fr\/wp-json\/wp\/v2\/categories?post=76761"},{"taxonomy":"post_tag","embeddable":true,"href":"https:\/\/www.bagnoitalia.com\/fr\/wp-json\/wp\/v2\/tags?post=76761"}],"curies":[{"name":"wp","href":"https:\/\/api.w.org\/{rel}","templated":true}]}}