{"id":76759,"date":"2006-10-11T01:15:36","date_gmt":"2006-10-10T23:15:36","guid":{"rendered":"https:\/\/www.bagnoitalia.com\/a-propos"},"modified":"2006-10-11T01:15:36","modified_gmt":"2006-10-10T23:15:36","slug":"a-propos","status":"publish","type":"page","link":"https:\/\/www.bagnoitalia.com\/fr\/a-propos","title":{"rendered":"\u00c0 propos"},"content":{"rendered":"<p>&nbsp;<\/p>\n<\/p>\n<h3>Bagno Italia<\/h3>\n<p>Est une soci\u00e9t\u00e9 sp\u00e9cialis\u00e9e dans la vente en ligne, via son site Internet, de meubles de salle de bains, cabines de douche hydromassantes, baignoires, appareils sanitaires, m\u00e9langeurs, avec trente ans d&rsquo;exp\u00e9rience.<\/p>\n<p>Sur notre site Web, vous pouvez rechercher, choisir et acheter en s\u00e9curit\u00e9, des produits de marque et de haute qualit\u00e9, au meilleur prix, sans sortir de chez vous. Tous nos produits peuvent \u00e9galement \u00eatre vus dans nos entrep\u00f4ts, sur demande d\u2019un rendez vous par telephone.<\/p>\n<p>&nbsp;<\/p>\n<h3>Les meilleurs produits<\/h3>\n<p>Sur le site de Bagno Italia, vous trouverez des meubles et des accessoires de divers types : classique, moderne ou traditionnel. Une large gamme de produits qui s\u2019accompagne d\u2019une politique de vente pr\u00e9cise: toujours garantir a ses clients le plus grand s\u00e8rieux.<\/p>\n<p>&nbsp;<\/p>\n<h3>Prix d\u2019usine et pas seulement&#8230;<\/h3>\n<p>Bagno Italia ne vend pas seulement des meubles de salle de bain, des accessoires modernes ou classique, etc\u2026 \u00e0 prix d&rsquo;usine, il fournit \u00e9galement l&rsquo;assistance pr\u00e9\/post-vente, l&rsquo;expertise professionnelle et beaucoup d&rsquo;autres services, le tout , gratuitement, et offre sur tous les produits la garantie de remboursement.<\/p>\n<p>&nbsp;<\/p>\n<h3>Rapidement \u00e0 la maison<\/h3>\n<p>Bagno Italia g\u00e8re une grande quantit\u00e9 de commandes quotidiennes, mais son organisation &nbsp;lui permet de traiter vos demandes dans les plus brefs d\u00e9lais.<\/p>\n<p>Gr\u00e2ce \u00e0 la recherche constante des meilleurs partenaires logistiques, Bagno Italia est \u00e9galement capable de livrer vos achats \u00e0 n&rsquo;importe quelle adresse en France, dans les temps moyen de 7 jours ouvrables!<\/p>\n<p>Vous pouvez aussi r\u00e9cup\u00e9rer la marchandise de l\u2019Agence TNT la plus proche de chez vous.<\/p>\n<p>&nbsp;<\/p>\n<h3>Paiements s\u00e9curis\u00e9s<\/h3>\n<p>Avec Bagno Italia vos achats sont TOUJOURS prot\u00e9g\u00e9s, tout mode de paiement que vous choisissez: carte pr\u00e9pay\u00e9e ou carte de credit, virement anticip\u00e9 ou PayPal.<\/p>\n<p>Les transactions en ligne avec PayPal sont faites directement sur le site Web de la Banque, via un Serveur S\u00e9curis\u00e9 qui utilise le syst\u00e8me de s\u00e9curit\u00e9 SSL, qui signifie \u00abSecure Socket Layer\u00bb. Personne, pas m\u00eame bagnoitalia, ne peut prendre connaissance des codes de carte de cr\u00e9dit utilis\u00e9s par ses clients.<\/p>\n<p>Pour ceux qui pr\u00e9f\u00e8rent un paiement par virement, BagnoItalia enverra le produit lorsque le paiement sera encaiss\u00e9.<\/p>\n<p>&nbsp;<\/p>\n<h3>Respect de la vie priv\u00e9e<\/h3>\n<p>Sur Bagno Italia il est obligatoire de s&rsquo;inscrire afin de faire un achat, pour garantir un niveau de s\u00e9curit\u00e9 plus \u00e9lev\u00e9.<\/p>\n<p>Gr\u00e2ce \u00e0 l\u2019adh\u00e9sion correcte et compl\u00e8te aux r\u00e9glementations en vigueur sur le traitement des donn\u00e9es \u00e0 caract\u00e8re personnel, Bagno Italia vous garantit un respect total de votre vie priv\u00e9e, vous donnant la certitude que vos informations personnelles ne sont pas utilis\u00e9es pour quelque raison que ce soit, sans votre autorisation explicite et sp\u00e9cifique.<\/p>\n<p>&nbsp;<\/p>\n<h3>Nous travaillons pour vous<\/h3>\n<p>BagnoItalia a rendu les achats en ligne encore plus simple, avec un site toujours plus facile \u00e0 naviguer, explorer et rechercher le produit qui fait vraiment pour vous, plein de services pour vous informer et vous orienter vers le produit dont vous avez besoin, pour vous faire Gagnez du temps et de l&rsquo;argent: syst\u00e8mes de recherche guid\u00e9s, nouvelles et informations sur les fabricants.<\/p>\n<p>&nbsp;<\/p>\n<h4>Bon s\u00e9jour sur BagnoItalia!<\/h4>\n","protected":false},"excerpt":{"rendered":"<p>&nbsp; Bagno Italia Est une soci\u00e9t\u00e9 sp\u00e9cialis\u00e9e dans la vente en ligne, via son site Internet, de meubles de salle de bains, cabines de douche hydromassantes, baignoires, appareils sanitaires, m\u00e9langeurs, avec trente ans d&rsquo;exp\u00e9rience. Sur notre site Web, vous pouvez rechercher, choisir et acheter en s\u00e9curit\u00e9, des produits de marque et de haute qualit\u00e9, au [&hellip;]<\/p>\n","protected":false},"author":1,"featured_media":37598,"parent":0,"menu_order":4,"comment_status":"closed","ping_status":"closed","template":"","meta":{"footnotes":""},"categories":[5041],"tags":[],"class_list":["post-76759","page","type-page","status-publish","has-post-thumbnail","hentry","category-base-2"],"yoast_head":"<!-- This site is optimized with the Yoast SEO plugin v26.7 - https:\/\/yoast.com\/wordpress\/plugins\/seo\/ -->\n<title>\u00c0 propos - Bagno Italia<\/title>\n<meta name=\"robots\" content=\"index, follow, max-snippet:-1, max-image-preview:large, max-video-preview:-1\" \/>\n<link rel=\"canonical\" href=\"https:\/\/www.bagnoitalia.com\/fr\/a-propos\" \/>\n<meta property=\"og:locale\" content=\"fr_FR\" \/>\n<meta property=\"og:type\" content=\"article\" \/>\n<meta property=\"og:title\" content=\"\u00c0 propos - Bagno Italia\" \/>\n<meta property=\"og:description\" content=\"&nbsp; Bagno Italia Est une soci\u00e9t\u00e9 sp\u00e9cialis\u00e9e dans la vente en ligne, via son site Internet, de meubles de salle de bains, cabines de douche hydromassantes, baignoires, appareils sanitaires, m\u00e9langeurs, avec trente ans d&rsquo;exp\u00e9rience. Sur notre site Web, vous pouvez rechercher, choisir et acheter en s\u00e9curit\u00e9, des produits de marque et de haute qualit\u00e9, au [&hellip;]\" \/>\n<meta property=\"og:url\" content=\"https:\/\/www.bagnoitalia.com\/fr\/a-propos\" \/>\n<meta property=\"og:site_name\" content=\"Bagno Italia\" \/>\n<meta property=\"og:image\" content=\"https:\/\/img.bagnoitalia.com\/wp-content\/uploads\/virtuemart\/product\/azienda1.jpg\" \/>\n\t<meta property=\"og:image:width\" content=\"577\" \/>\n\t<meta property=\"og:image:height\" content=\"417\" \/>\n\t<meta property=\"og:image:type\" content=\"image\/jpeg\" \/>\n<meta name=\"twitter:card\" content=\"summary_large_image\" \/>\n<meta name=\"twitter:label1\" content=\"Dur\u00e9e de lecture estim\u00e9e\" \/>\n\t<meta name=\"twitter:data1\" content=\"3 minutes\" \/>\n<script type=\"application\/ld+json\" class=\"yoast-schema-graph\">{\"@context\":\"https:\/\/schema.org\",\"@graph\":[{\"@type\":\"WebPage\",\"@id\":\"https:\/\/www.bagnoitalia.com\/fr\/a-propos\",\"url\":\"https:\/\/www.bagnoitalia.com\/fr\/a-propos\",\"name\":\"\u00c0 propos - Bagno Italia\",\"isPartOf\":{\"@id\":\"https:\/\/www.bagnoitalia.com\/fr#website\"},\"primaryImageOfPage\":{\"@id\":\"https:\/\/www.bagnoitalia.com\/fr\/a-propos#primaryimage\"},\"image\":{\"@id\":\"https:\/\/www.bagnoitalia.com\/fr\/a-propos#primaryimage\"},\"thumbnailUrl\":\"https:\/\/img.bagnoitalia.com\/wp-content\/uploads\/virtuemart\/product\/azienda1.jpg\",\"datePublished\":\"2006-10-10T23:15:36+00:00\",\"breadcrumb\":{\"@id\":\"https:\/\/www.bagnoitalia.com\/fr\/a-propos#breadcrumb\"},\"inLanguage\":\"fr-FR\",\"potentialAction\":[{\"@type\":\"ReadAction\",\"target\":[\"https:\/\/www.bagnoitalia.com\/fr\/a-propos\"]}]},{\"@type\":\"ImageObject\",\"inLanguage\":\"fr-FR\",\"@id\":\"https:\/\/www.bagnoitalia.com\/fr\/a-propos#primaryimage\",\"url\":\"https:\/\/img.bagnoitalia.com\/wp-content\/uploads\/virtuemart\/product\/azienda1.jpg\",\"contentUrl\":\"https:\/\/img.bagnoitalia.com\/wp-content\/uploads\/virtuemart\/product\/azienda1.jpg\",\"width\":577,\"height\":417},{\"@type\":\"BreadcrumbList\",\"@id\":\"https:\/\/www.bagnoitalia.com\/fr\/a-propos#breadcrumb\",\"itemListElement\":[{\"@type\":\"ListItem\",\"position\":1,\"name\":\"Home\",\"item\":\"https:\/\/www.bagnoitalia.com\/fr\"},{\"@type\":\"ListItem\",\"position\":2,\"name\":\"\u00c0 propos\"}]},{\"@type\":\"WebSite\",\"@id\":\"https:\/\/www.bagnoitalia.com\/fr#website\",\"url\":\"https:\/\/www.bagnoitalia.com\/fr\",\"name\":\"Bagno Italia\",\"description\":\"\",\"publisher\":{\"@id\":\"https:\/\/www.bagnoitalia.com\/fr#organization\"},\"potentialAction\":[{\"@type\":\"SearchAction\",\"target\":{\"@type\":\"EntryPoint\",\"urlTemplate\":\"https:\/\/www.bagnoitalia.com\/fr?s={search_term_string}\"},\"query-input\":{\"@type\":\"PropertyValueSpecification\",\"valueRequired\":true,\"valueName\":\"search_term_string\"}}],\"inLanguage\":\"fr-FR\"},{\"@type\":\"Organization\",\"@id\":\"https:\/\/www.bagnoitalia.com\/fr#organization\",\"name\":\"Bagno Italia\",\"url\":\"https:\/\/www.bagnoitalia.com\/fr\",\"logo\":{\"@type\":\"ImageObject\",\"inLanguage\":\"fr-FR\",\"@id\":\"https:\/\/www.bagnoitalia.com\/fr#\/schema\/logo\/image\/\",\"url\":\"https:\/\/img.bagnoitalia.com\/wp-content\/uploads\/logo-bagnoitalia.webp\",\"contentUrl\":\"https:\/\/img.bagnoitalia.com\/wp-content\/uploads\/logo-bagnoitalia.webp\",\"width\":400,\"height\":70,\"caption\":\"Bagno Italia\"},\"image\":{\"@id\":\"https:\/\/www.bagnoitalia.com\/fr#\/schema\/logo\/image\/\"}}]}<\/script>\n<!-- \/ Yoast SEO plugin. -->","yoast_head_json":{"title":"\u00c0 propos - Bagno Italia","robots":{"index":"index","follow":"follow","max-snippet":"max-snippet:-1","max-image-preview":"max-image-preview:large","max-video-preview":"max-video-preview:-1"},"canonical":"https:\/\/www.bagnoitalia.com\/fr\/a-propos","og_locale":"fr_FR","og_type":"article","og_title":"\u00c0 propos - Bagno Italia","og_description":"&nbsp; Bagno Italia Est une soci\u00e9t\u00e9 sp\u00e9cialis\u00e9e dans la vente en ligne, via son site Internet, de meubles de salle de bains, cabines de douche hydromassantes, baignoires, appareils sanitaires, m\u00e9langeurs, avec trente ans d&rsquo;exp\u00e9rience. Sur notre site Web, vous pouvez rechercher, choisir et acheter en s\u00e9curit\u00e9, des produits de marque et de haute qualit\u00e9, au [&hellip;]","og_url":"https:\/\/www.bagnoitalia.com\/fr\/a-propos","og_site_name":"Bagno Italia","og_image":[{"width":577,"height":417,"url":"https:\/\/img.bagnoitalia.com\/wp-content\/uploads\/virtuemart\/product\/azienda1.jpg","type":"image\/jpeg"}],"twitter_card":"summary_large_image","twitter_misc":{"Dur\u00e9e de lecture estim\u00e9e":"3 minutes"},"schema":{"@context":"https:\/\/schema.org","@graph":[{"@type":"WebPage","@id":"https:\/\/www.bagnoitalia.com\/fr\/a-propos","url":"https:\/\/www.bagnoitalia.com\/fr\/a-propos","name":"\u00c0 propos - Bagno Italia","isPartOf":{"@id":"https:\/\/www.bagnoitalia.com\/fr#website"},"primaryImageOfPage":{"@id":"https:\/\/www.bagnoitalia.com\/fr\/a-propos#primaryimage"},"image":{"@id":"https:\/\/www.bagnoitalia.com\/fr\/a-propos#primaryimage"},"thumbnailUrl":"https:\/\/img.bagnoitalia.com\/wp-content\/uploads\/virtuemart\/product\/azienda1.jpg","datePublished":"2006-10-10T23:15:36+00:00","breadcrumb":{"@id":"https:\/\/www.bagnoitalia.com\/fr\/a-propos#breadcrumb"},"inLanguage":"fr-FR","potentialAction":[{"@type":"ReadAction","target":["https:\/\/www.bagnoitalia.com\/fr\/a-propos"]}]},{"@type":"ImageObject","inLanguage":"fr-FR","@id":"https:\/\/www.bagnoitalia.com\/fr\/a-propos#primaryimage","url":"https:\/\/img.bagnoitalia.com\/wp-content\/uploads\/virtuemart\/product\/azienda1.jpg","contentUrl":"https:\/\/img.bagnoitalia.com\/wp-content\/uploads\/virtuemart\/product\/azienda1.jpg","width":577,"height":417},{"@type":"BreadcrumbList","@id":"https:\/\/www.bagnoitalia.com\/fr\/a-propos#breadcrumb","itemListElement":[{"@type":"ListItem","position":1,"name":"Home","item":"https:\/\/www.bagnoitalia.com\/fr"},{"@type":"ListItem","position":2,"name":"\u00c0 propos"}]},{"@type":"WebSite","@id":"https:\/\/www.bagnoitalia.com\/fr#website","url":"https:\/\/www.bagnoitalia.com\/fr","name":"Bagno Italia","description":"","publisher":{"@id":"https:\/\/www.bagnoitalia.com\/fr#organization"},"potentialAction":[{"@type":"SearchAction","target":{"@type":"EntryPoint","urlTemplate":"https:\/\/www.bagnoitalia.com\/fr?s={search_term_string}"},"query-input":{"@type":"PropertyValueSpecification","valueRequired":true,"valueName":"search_term_string"}}],"inLanguage":"fr-FR"},{"@type":"Organization","@id":"https:\/\/www.bagnoitalia.com\/fr#organization","name":"Bagno Italia","url":"https:\/\/www.bagnoitalia.com\/fr","logo":{"@type":"ImageObject","inLanguage":"fr-FR","@id":"https:\/\/www.bagnoitalia.com\/fr#\/schema\/logo\/image\/","url":"https:\/\/img.bagnoitalia.com\/wp-content\/uploads\/logo-bagnoitalia.webp","contentUrl":"https:\/\/img.bagnoitalia.com\/wp-content\/uploads\/logo-bagnoitalia.webp","width":400,"height":70,"caption":"Bagno Italia"},"image":{"@id":"https:\/\/www.bagnoitalia.com\/fr#\/schema\/logo\/image\/"}}]}},"_links":{"self":[{"href":"https:\/\/www.bagnoitalia.com\/fr\/wp-json\/wp\/v2\/pages\/76759","targetHints":{"allow":["GET"]}}],"collection":[{"href":"https:\/\/www.bagnoitalia.com\/fr\/wp-json\/wp\/v2\/pages"}],"about":[{"href":"https:\/\/www.bagnoitalia.com\/fr\/wp-json\/wp\/v2\/types\/page"}],"author":[{"embeddable":true,"href":"https:\/\/www.bagnoitalia.com\/fr\/wp-json\/wp\/v2\/users\/1"}],"replies":[{"embeddable":true,"href":"https:\/\/www.bagnoitalia.com\/fr\/wp-json\/wp\/v2\/comments?post=76759"}],"version-history":[{"count":0,"href":"https:\/\/www.bagnoitalia.com\/fr\/wp-json\/wp\/v2\/pages\/76759\/revisions"}],"wp:featuredmedia":[{"embeddable":true,"href":"https:\/\/www.bagnoitalia.com\/fr\/wp-json\/wp\/v2\/media\/37598"}],"wp:attachment":[{"href":"https:\/\/www.bagnoitalia.com\/fr\/wp-json\/wp\/v2\/media?parent=76759"}],"wp:term":[{"taxonomy":"category","embeddable":true,"href":"https:\/\/www.bagnoitalia.com\/fr\/wp-json\/wp\/v2\/categories?post=76759"},{"taxonomy":"post_tag","embeddable":true,"href":"https:\/\/www.bagnoitalia.com\/fr\/wp-json\/wp\/v2\/tags?post=76759"}],"curies":[{"name":"wp","href":"https:\/\/api.w.org\/{rel}","templated":true}]}}