{"id":76753,"date":"2015-06-03T17:47:10","date_gmt":"2015-06-03T15:47:10","guid":{"rendered":"https:\/\/www.bagnoitalia.com\/cookie-policy-2"},"modified":"2025-12-29T11:37:37","modified_gmt":"2025-12-29T10:37:37","slug":"cookie-policy-2","status":"publish","type":"page","link":"https:\/\/www.bagnoitalia.com\/fr\/cookie-policy-2","title":{"rendered":"Politique des cookies"},"content":{"rendered":"\t\t<div data-elementor-type=\"wp-page\" data-elementor-id=\"76753\" class=\"elementor elementor-76753 elementor-76635\" data-elementor-post-type=\"page\">\n\t\t\t\t\t\t<section class=\"elementor-section elementor-top-section elementor-element elementor-element-133f91d5 elementor-section-boxed elementor-section-height-default elementor-section-height-default\" data-id=\"133f91d5\" data-element_type=\"section\">\n\t\t\t\t\t\t<div class=\"elementor-container elementor-column-gap-default\">\n\t\t\t\t\t<div class=\"elementor-column elementor-col-100 elementor-top-column elementor-element elementor-element-40486575\" data-id=\"40486575\" data-element_type=\"column\">\n\t\t\t<div class=\"elementor-widget-wrap elementor-element-populated\">\n\t\t\t\t\t\t<div class=\"elementor-element elementor-element-3799ff52 elementor-widget elementor-widget-text-editor\" data-id=\"3799ff52\" data-element_type=\"widget\" data-widget_type=\"text-editor.default\">\n\t\t\t\t<div class=\"elementor-widget-container\">\n\t\t\t\t\t\t\t\t\t<p>Ces informations ont pour but sp\u00e9cifique d&rsquo;illustrer les types, les m\u00e9thodes d&rsquo;utilisation ainsi que de fournir des indications sur les actions pour refuser ou \u00e9liminer les cookies sur le site.<\/p><h3>1. Que sont les cookies<\/h3><p>Cookies de petits fichiers texte contenant des informations qui sont enregistr\u00e9s directement sur l&rsquo;appareil de l&rsquo;utilisateur et automatiquement renvoy\u00e9s au serveur \u00e0 chaque occurrence ou acc\u00e8s ult\u00e9rieur au site. Habituellement, un cookie contient le nom du site Web dont provient le cookie, sa dur\u00e9e et une valeur. Par d\u00e9faut, presque tous les navigateurs Web sont configur\u00e9s pour accepter automatiquement les cookies.<\/p><h3>2. \u00c0 quoi servent les cookies<\/h3><p>Les cookies sont utilis\u00e9s pour authentifier, enregistrer et surveiller les sessions et pour stocker des informations. Gr\u00e2ce \u00e0 l&rsquo;utilisation de cookies, il est \u00e9galement possible de collecter et de surveiller des donn\u00e9es et des informations sur les habitudes des visiteurs du site Web afin de profiler les utilisateurs pour des activit\u00e9s promotionnelles ou des op\u00e9rations de marketing cibl\u00e9es.<\/p><h3>3. Origine des cookies<\/h3><p>Les cookies peuvent \u00eatre cr\u00e9\u00e9s et g\u00e9r\u00e9s directement \u00e0 partir du site Web que vous visitez ou ils peuvent \u00eatre cr\u00e9\u00e9s et g\u00e9r\u00e9s par des tiers.<\/p><h3>4. Quels cookies sont utilis\u00e9s dans <strong>bagnoitalia.com<\/strong><\/h3><p><strong>Propres cookies:<\/strong><\/p><p>Tous les cookies sp\u00e9cifiques \u00e0 <strong>bagnoitalia.com<\/strong> entrent dans la cat\u00e9gorie des cookies techniques pour lesquels les informations fournies sont obligatoires mais pas le consentement explicite de l&rsquo;utilisateur.<\/p><p>Cookies de <em>navigation ou de session<\/em> Cookies de <em>session<\/em> g\u00e9n\u00e9r\u00e9s automatiquement par le serveur. Cookies de<br \/><em>fonctionnalit\u00e9<\/em><br \/>Cookie pour afficher le message d&rsquo;avertissement de la politique de cookies.<\/p><p><strong>Cookies tiers:<\/strong><\/p><p><em>Google analytics<\/em><br \/>Ce service d&rsquo;analyse Web recueille des informations sur la mani\u00e8re dont les visiteurs utilisent notre site, sur le site d&rsquo;o\u00f9 provient l&rsquo;utilisateur, sur le nombre de visites de chaque utilisateur et sur la dur\u00e9e de s\u00e9jour de l&rsquo;utilisateur sur le site. Ces informations n&rsquo;enregistrent pas de d\u00e9tails sp\u00e9cifiques concernant l&rsquo;utilisateur unique et sont utilis\u00e9es pour cr\u00e9er des statistiques sur l&rsquo;utilisation du Web \u00e0 un niveau agr\u00e9g\u00e9. Utilisez un ensemble de cookies pour collecter les informations n\u00e9cessaires. Google peut utiliser les donn\u00e9es collect\u00e9es pour contextualiser et personnaliser les publicit\u00e9s de son r\u00e9seau publicitaire.<br \/><a href=\"https:\/\/translate.googleusercontent.com\/translate_c?depth=1&amp;pto=aue&amp;rurl=translate.google.it&amp;sl=it&amp;sp=nmt4&amp;tl=fr&amp;u=http:\/\/www.google.com\/intl\/it\/policies\/privacy\/&amp;usg=ALkJrhiFXQr33pkQNRQjGI3zm6WcyZUVbQ\" target=\"_blank\" rel=\"noopener noreferrer\">Lien vers la politique de confidentialit\u00e9<\/a><\/p><p><em>Google Ads<\/em><br \/>Google Ads est un service Google utilis\u00e9 pour le suivi des conversions et le remarketing. Google Ads utilise et g\u00e8re des cookies pour collecter les informations n\u00e9cessaires \u00e0 son fonctionnement.<br \/><a href=\"https:\/\/translate.googleusercontent.com\/translate_c?depth=1&amp;pto=aue&amp;rurl=translate.google.it&amp;sl=it&amp;sp=nmt4&amp;tl=fr&amp;u=http:\/\/www.google.com\/intl\/it\/policies\/privacy\/&amp;usg=ALkJrhiFXQr33pkQNRQjGI3zm6WcyZUVbQ\" target=\"_blank\" rel=\"noopener noreferrer\">Lien vers la politique de confidentialit\u00e9<\/a><\/p><p><em>Facebook Like and Share<\/em><br \/>Le bouton <em>Facebook Like and Share<\/em> vous permet d&rsquo;interagir avec le r\u00e9seau social Facebook. Ces fonctionnalit\u00e9s cr\u00e9ent des cookies sur votre navigateur par Facebook. Vous trouverez plus d&rsquo;informations et des formulaires de consentement de tiers sur le <a href=\"https:\/\/translate.googleusercontent.com\/translate_c?depth=1&amp;pto=aue&amp;rurl=translate.google.it&amp;sl=it&amp;sp=nmt4&amp;tl=fr&amp;u=https:\/\/www.facebook.com\/policy.php&amp;usg=ALkJrhgyS3vwoRUxCw-Y49rETlMgfCibgg\" target=\"_blank\" rel=\"noopener noreferrer\">lien vers<\/a> la <a href=\"https:\/\/translate.googleusercontent.com\/translate_c?depth=1&amp;pto=aue&amp;rurl=translate.google.it&amp;sl=it&amp;sp=nmt4&amp;tl=fr&amp;u=https:\/\/www.facebook.com\/policy.php&amp;usg=ALkJrhgyS3vwoRUxCw-Y49rETlMgfCibgg\" target=\"_blank\" rel=\"noopener noreferrer\">politique de confidentialit\u00e9<\/a> du fournisseur de services.<\/p><p>Reciblage des <em>pixels Facebook Le<\/em> reciblage ou le remarketing vous permet de personnaliser les publicit\u00e9s Facebook en fonction des pages pr\u00e9c\u00e9demment visit\u00e9es par les utilisateurs. Vous trouverez plus d&rsquo;informations et des formulaires de consentement de tiers sur le <a href=\"https:\/\/translate.googleusercontent.com\/translate_c?depth=1&amp;pto=aue&amp;rurl=translate.google.it&amp;sl=it&amp;sp=nmt4&amp;tl=fr&amp;u=https:\/\/www.facebook.com\/policy.php&amp;usg=ALkJrhgyS3vwoRUxCw-Y49rETlMgfCibgg\" target=\"_blank\" rel=\"noopener noreferrer\">lien vers<\/a> la <a href=\"https:\/\/translate.googleusercontent.com\/translate_c?depth=1&amp;pto=aue&amp;rurl=translate.google.it&amp;sl=it&amp;sp=nmt4&amp;tl=fr&amp;u=https:\/\/www.facebook.com\/policy.php&amp;usg=ALkJrhgyS3vwoRUxCw-Y49rETlMgfCibgg\" target=\"_blank\" rel=\"noopener noreferrer\">politique de confidentialit\u00e9<\/a> du fournisseur de services.<\/p><h3>5. Contr\u00f4le, annulation et interdiction des cookies<\/h3><p>En naviguant sur <strong>bagnoitalia.com,<\/strong> l&rsquo;utilisateur consent implicitement \u00e0 l&rsquo;utilisation de cookies. Par d\u00e9faut, les navigateurs acceptent g\u00e9n\u00e9ralement l&rsquo;utilisation de cookies des deux sites tiers.<br \/><strong>bagnoitalia.com<\/strong> Il est cependant possible de modifier ces param\u00e8tres avec diff\u00e9rents modes selon le type de navigateur utilis\u00e9.<br \/>Si diff\u00e9rents appareils sont utilis\u00e9s pour afficher et acc\u00e9der aux sites Internet (par exemple, des ordinateurs, des smartphones, des tablettes, etc.), il est n\u00e9cessaire de s&rsquo;assurer que chaque navigateur de chaque appareil est ajust\u00e9 pour refl\u00e9ter les pr\u00e9f\u00e9rences en mati\u00e8re de cookies.<br \/>La d\u00e9sactivation des cookies peut affecter l&rsquo;exp\u00e9rience utilisateur du site, par exemple, vous ne pourrez peut-\u00eatre pas visiter certaines sections sp\u00e9cifiques ou recevoir des informations personnalis\u00e9es.<br \/>Pour g\u00e9rer l&rsquo;utilisation des cookies, il est n\u00e9cessaire de modifier les param\u00e8tres du navigateur comme indiqu\u00e9 ci-dessous pour les navigateurs les plus populaires:<br \/>Internet Explorer: <a href=\"https:\/\/translate.googleusercontent.com\/translate_c?depth=1&amp;pto=aue&amp;rurl=translate.google.it&amp;sl=it&amp;sp=nmt4&amp;tl=fr&amp;u=http:\/\/windows.microsoft.com\/it-it\/internet-explorer\/delete-manage-cookies&amp;usg=ALkJrhh229KXDj9BQ5aom5E_pxpdUTffgA#ie=ie-11\" target=\"_blank\" rel=\"noopener noreferrer\">Gestion des cookies<\/a><br \/>Mozilla Firefox: <a href=\"https:\/\/translate.googleusercontent.com\/translate_c?depth=1&amp;pto=aue&amp;rurl=translate.google.it&amp;sl=it&amp;sp=nmt4&amp;tl=fr&amp;u=https:\/\/support.mozilla.org\/it\/kb\/Eliminare%2520i%2520cookie%3Fesab%3Da%26s%3Dcookie%26r%3D5%26as%3Ds&amp;usg=ALkJrhjWSA5bTSkEa9efFzC1t4q9cxJkzA\" target=\"_blank\" rel=\"noopener noreferrer\">Gestion des cookies<\/a><br \/>Google Chrome: <a href=\"https:\/\/translate.googleusercontent.com\/translate_c?depth=1&amp;pto=aue&amp;rurl=translate.google.it&amp;sl=it&amp;sp=nmt4&amp;tl=fr&amp;u=https:\/\/support.google.com\/chrome\/answer\/95647%3Fhl%3Dit&amp;usg=ALkJrhhdZ6fbInTwQqlOQHS6dxwdUzvMcA\" target=\"_blank\" rel=\"noopener noreferrer\">Gestion des cookies<\/a><br \/>Opera: <a href=\"https:\/\/translate.googleusercontent.com\/translate_c?depth=1&amp;pto=aue&amp;rurl=translate.google.it&amp;sl=it&amp;sp=nmt4&amp;tl=fr&amp;u=http:\/\/help.opera.com\/Windows\/12.10\/it\/cookies.html&amp;usg=ALkJrhhq3hLYxiMoLPQwlKJE6oeaWZ5pqA\" target=\"_blank\" rel=\"noopener noreferrer\">Gestion des cookies<\/a><br \/>Safari: <a href=\"https:\/\/translate.googleusercontent.com\/translate_c?depth=1&amp;pto=aue&amp;rurl=translate.google.it&amp;sl=it&amp;sp=nmt4&amp;tl=fr&amp;u=https:\/\/support.apple.com\/it-it\/HT201265&amp;usg=ALkJrhhjgi9nmIo4fiKUSS-kf6MfgIQ7sw\" target=\"_blank\" rel=\"noopener noreferrer\">Gestion Cookies<\/a><\/p><p>Autres outils de gestion des cookies:<br \/><a href=\"https:\/\/translate.googleusercontent.com\/translate_c?depth=1&amp;pto=aue&amp;rurl=translate.google.it&amp;sl=it&amp;sp=nmt4&amp;tl=fr&amp;u=https:\/\/tools.google.com\/dlpage\/gaoptout&amp;usg=ALkJrhihBXfcDhUd7wPBGfgYnBjwP4OlFA\" target=\"_blank\" rel=\"noopener noreferrer\">composant de navigateur suppl\u00e9mentaire pour d\u00e9sactiver Google Analytics<\/a><br \/><a href=\"https:\/\/translate.googleusercontent.com\/translate_c?depth=1&amp;pto=aue&amp;rurl=translate.google.it&amp;sl=it&amp;sp=nmt4&amp;tl=fr&amp;u=http:\/\/www.networkadvertising.org\/choices\/&amp;usg=ALkJrhjt_-XGARtaQHVpt2md_Q2KAWl2Ig#completed\" target=\"_blank\" rel=\"noopener noreferrer\">Outil pour le contr\u00f4le et la d\u00e9sactivation de certains cookies tiers (en anglais) <\/a><br \/><a href=\"https:\/\/translate.googleusercontent.com\/translate_c?depth=1&amp;pto=aue&amp;rurl=translate.google.it&amp;sl=it&amp;sp=nmt4&amp;tl=fr&amp;u=http:\/\/www.youronlinechoices.com\/it\/le-tue-scelte&amp;usg=ALkJrhjbDn7pn3rSN4ihTRegNZxoqCYe7A\" target=\"_blank\" rel=\"noopener noreferrer\">Outil pour le contr\u00f4le et la d\u00e9sactivation de certains cookies tiers<\/a><\/p>\t\t\t\t\t\t\t\t<\/div>\n\t\t\t\t<\/div>\n\t\t\t\t<div class=\"elementor-element elementor-element-27daadd elementor-widget elementor-widget-html\" data-id=\"27daadd\" data-element_type=\"widget\" data-widget_type=\"html.default\">\n\t\t\t\t<div class=\"elementor-widget-container\">\n\t\t\t\t\t<div id=\"cc-cookie-declaration-table\">Cookie declaration by Cookie Confirm<\/div>\t\t\t\t<\/div>\n\t\t\t\t<\/div>\n\t\t\t\t\t<\/div>\n\t\t<\/div>\n\t\t\t\t\t<\/div>\n\t\t<\/section>\n\t\t\t\t<\/div>\n\t\t","protected":false},"excerpt":{"rendered":"<p>Ces informations ont pour but sp\u00e9cifique d&rsquo;illustrer les types, les m\u00e9thodes d&rsquo;utilisation ainsi que de fournir des indications sur les actions pour refuser ou \u00e9liminer les cookies sur le site. 1. Que sont les cookies Cookies de petits fichiers texte contenant des informations qui sont enregistr\u00e9s directement sur l&rsquo;appareil de l&rsquo;utilisateur et automatiquement renvoy\u00e9s au [&hellip;]<\/p>\n","protected":false},"author":1,"featured_media":0,"parent":0,"menu_order":1,"comment_status":"closed","ping_status":"closed","template":"","meta":{"footnotes":""},"categories":[5041],"tags":[],"class_list":["post-76753","page","type-page","status-publish","hentry","category-base-2"],"yoast_head":"<!-- This site is optimized with the Yoast SEO plugin v26.7 - https:\/\/yoast.com\/wordpress\/plugins\/seo\/ -->\n<title>Politique des cookies - Bagno Italia<\/title>\n<meta name=\"robots\" content=\"index, follow, max-snippet:-1, max-image-preview:large, max-video-preview:-1\" \/>\n<link rel=\"canonical\" href=\"https:\/\/www.bagnoitalia.com\/fr\/cookie-policy-2\" \/>\n<meta property=\"og:locale\" content=\"fr_FR\" \/>\n<meta property=\"og:type\" content=\"article\" \/>\n<meta property=\"og:title\" content=\"Politique des cookies - Bagno Italia\" \/>\n<meta property=\"og:description\" content=\"Ces informations ont pour but sp\u00e9cifique d&rsquo;illustrer les types, les m\u00e9thodes d&rsquo;utilisation ainsi que de fournir des indications sur les actions pour refuser ou \u00e9liminer les cookies sur le site. 1. Que sont les cookies Cookies de petits fichiers texte contenant des informations qui sont enregistr\u00e9s directement sur l&rsquo;appareil de l&rsquo;utilisateur et automatiquement renvoy\u00e9s au [&hellip;]\" \/>\n<meta property=\"og:url\" content=\"https:\/\/www.bagnoitalia.com\/fr\/cookie-policy-2\" \/>\n<meta property=\"og:site_name\" content=\"Bagno Italia\" \/>\n<meta property=\"article:modified_time\" content=\"2025-12-29T10:37:37+00:00\" \/>\n<meta name=\"twitter:card\" content=\"summary_large_image\" \/>\n<meta name=\"twitter:label1\" content=\"Dur\u00e9e de lecture estim\u00e9e\" \/>\n\t<meta name=\"twitter:data1\" content=\"4 minutes\" \/>\n<script type=\"application\/ld+json\" class=\"yoast-schema-graph\">{\"@context\":\"https:\/\/schema.org\",\"@graph\":[{\"@type\":\"WebPage\",\"@id\":\"https:\/\/www.bagnoitalia.com\/fr\/cookie-policy-2\",\"url\":\"https:\/\/www.bagnoitalia.com\/fr\/cookie-policy-2\",\"name\":\"Politique des cookies - Bagno Italia\",\"isPartOf\":{\"@id\":\"https:\/\/www.bagnoitalia.com\/fr#website\"},\"datePublished\":\"2015-06-03T15:47:10+00:00\",\"dateModified\":\"2025-12-29T10:37:37+00:00\",\"breadcrumb\":{\"@id\":\"https:\/\/www.bagnoitalia.com\/fr\/cookie-policy-2#breadcrumb\"},\"inLanguage\":\"fr-FR\",\"potentialAction\":[{\"@type\":\"ReadAction\",\"target\":[\"https:\/\/www.bagnoitalia.com\/fr\/cookie-policy-2\"]}]},{\"@type\":\"BreadcrumbList\",\"@id\":\"https:\/\/www.bagnoitalia.com\/fr\/cookie-policy-2#breadcrumb\",\"itemListElement\":[{\"@type\":\"ListItem\",\"position\":1,\"name\":\"Home\",\"item\":\"https:\/\/www.bagnoitalia.com\/fr\"},{\"@type\":\"ListItem\",\"position\":2,\"name\":\"Politique des cookies\"}]},{\"@type\":\"WebSite\",\"@id\":\"https:\/\/www.bagnoitalia.com\/fr#website\",\"url\":\"https:\/\/www.bagnoitalia.com\/fr\",\"name\":\"Bagno Italia\",\"description\":\"\",\"publisher\":{\"@id\":\"https:\/\/www.bagnoitalia.com\/fr#organization\"},\"potentialAction\":[{\"@type\":\"SearchAction\",\"target\":{\"@type\":\"EntryPoint\",\"urlTemplate\":\"https:\/\/www.bagnoitalia.com\/fr?s={search_term_string}\"},\"query-input\":{\"@type\":\"PropertyValueSpecification\",\"valueRequired\":true,\"valueName\":\"search_term_string\"}}],\"inLanguage\":\"fr-FR\"},{\"@type\":\"Organization\",\"@id\":\"https:\/\/www.bagnoitalia.com\/fr#organization\",\"name\":\"Bagno Italia\",\"url\":\"https:\/\/www.bagnoitalia.com\/fr\",\"logo\":{\"@type\":\"ImageObject\",\"inLanguage\":\"fr-FR\",\"@id\":\"https:\/\/www.bagnoitalia.com\/fr#\/schema\/logo\/image\/\",\"url\":\"https:\/\/img.bagnoitalia.com\/wp-content\/uploads\/logo-bagnoitalia.webp\",\"contentUrl\":\"https:\/\/img.bagnoitalia.com\/wp-content\/uploads\/logo-bagnoitalia.webp\",\"width\":400,\"height\":70,\"caption\":\"Bagno Italia\"},\"image\":{\"@id\":\"https:\/\/www.bagnoitalia.com\/fr#\/schema\/logo\/image\/\"}}]}<\/script>\n<!-- \/ Yoast SEO plugin. -->","yoast_head_json":{"title":"Politique des cookies - Bagno Italia","robots":{"index":"index","follow":"follow","max-snippet":"max-snippet:-1","max-image-preview":"max-image-preview:large","max-video-preview":"max-video-preview:-1"},"canonical":"https:\/\/www.bagnoitalia.com\/fr\/cookie-policy-2","og_locale":"fr_FR","og_type":"article","og_title":"Politique des cookies - Bagno Italia","og_description":"Ces informations ont pour but sp\u00e9cifique d&rsquo;illustrer les types, les m\u00e9thodes d&rsquo;utilisation ainsi que de fournir des indications sur les actions pour refuser ou \u00e9liminer les cookies sur le site. 1. Que sont les cookies Cookies de petits fichiers texte contenant des informations qui sont enregistr\u00e9s directement sur l&rsquo;appareil de l&rsquo;utilisateur et automatiquement renvoy\u00e9s au [&hellip;]","og_url":"https:\/\/www.bagnoitalia.com\/fr\/cookie-policy-2","og_site_name":"Bagno Italia","article_modified_time":"2025-12-29T10:37:37+00:00","twitter_card":"summary_large_image","twitter_misc":{"Dur\u00e9e de lecture estim\u00e9e":"4 minutes"},"schema":{"@context":"https:\/\/schema.org","@graph":[{"@type":"WebPage","@id":"https:\/\/www.bagnoitalia.com\/fr\/cookie-policy-2","url":"https:\/\/www.bagnoitalia.com\/fr\/cookie-policy-2","name":"Politique des cookies - Bagno Italia","isPartOf":{"@id":"https:\/\/www.bagnoitalia.com\/fr#website"},"datePublished":"2015-06-03T15:47:10+00:00","dateModified":"2025-12-29T10:37:37+00:00","breadcrumb":{"@id":"https:\/\/www.bagnoitalia.com\/fr\/cookie-policy-2#breadcrumb"},"inLanguage":"fr-FR","potentialAction":[{"@type":"ReadAction","target":["https:\/\/www.bagnoitalia.com\/fr\/cookie-policy-2"]}]},{"@type":"BreadcrumbList","@id":"https:\/\/www.bagnoitalia.com\/fr\/cookie-policy-2#breadcrumb","itemListElement":[{"@type":"ListItem","position":1,"name":"Home","item":"https:\/\/www.bagnoitalia.com\/fr"},{"@type":"ListItem","position":2,"name":"Politique des cookies"}]},{"@type":"WebSite","@id":"https:\/\/www.bagnoitalia.com\/fr#website","url":"https:\/\/www.bagnoitalia.com\/fr","name":"Bagno Italia","description":"","publisher":{"@id":"https:\/\/www.bagnoitalia.com\/fr#organization"},"potentialAction":[{"@type":"SearchAction","target":{"@type":"EntryPoint","urlTemplate":"https:\/\/www.bagnoitalia.com\/fr?s={search_term_string}"},"query-input":{"@type":"PropertyValueSpecification","valueRequired":true,"valueName":"search_term_string"}}],"inLanguage":"fr-FR"},{"@type":"Organization","@id":"https:\/\/www.bagnoitalia.com\/fr#organization","name":"Bagno Italia","url":"https:\/\/www.bagnoitalia.com\/fr","logo":{"@type":"ImageObject","inLanguage":"fr-FR","@id":"https:\/\/www.bagnoitalia.com\/fr#\/schema\/logo\/image\/","url":"https:\/\/img.bagnoitalia.com\/wp-content\/uploads\/logo-bagnoitalia.webp","contentUrl":"https:\/\/img.bagnoitalia.com\/wp-content\/uploads\/logo-bagnoitalia.webp","width":400,"height":70,"caption":"Bagno Italia"},"image":{"@id":"https:\/\/www.bagnoitalia.com\/fr#\/schema\/logo\/image\/"}}]}},"_links":{"self":[{"href":"https:\/\/www.bagnoitalia.com\/fr\/wp-json\/wp\/v2\/pages\/76753","targetHints":{"allow":["GET"]}}],"collection":[{"href":"https:\/\/www.bagnoitalia.com\/fr\/wp-json\/wp\/v2\/pages"}],"about":[{"href":"https:\/\/www.bagnoitalia.com\/fr\/wp-json\/wp\/v2\/types\/page"}],"author":[{"embeddable":true,"href":"https:\/\/www.bagnoitalia.com\/fr\/wp-json\/wp\/v2\/users\/1"}],"replies":[{"embeddable":true,"href":"https:\/\/www.bagnoitalia.com\/fr\/wp-json\/wp\/v2\/comments?post=76753"}],"version-history":[{"count":3,"href":"https:\/\/www.bagnoitalia.com\/fr\/wp-json\/wp\/v2\/pages\/76753\/revisions"}],"predecessor-version":[{"id":115514,"href":"https:\/\/www.bagnoitalia.com\/fr\/wp-json\/wp\/v2\/pages\/76753\/revisions\/115514"}],"wp:attachment":[{"href":"https:\/\/www.bagnoitalia.com\/fr\/wp-json\/wp\/v2\/media?parent=76753"}],"wp:term":[{"taxonomy":"category","embeddable":true,"href":"https:\/\/www.bagnoitalia.com\/fr\/wp-json\/wp\/v2\/categories?post=76753"},{"taxonomy":"post_tag","embeddable":true,"href":"https:\/\/www.bagnoitalia.com\/fr\/wp-json\/wp\/v2\/tags?post=76753"}],"curies":[{"name":"wp","href":"https:\/\/api.w.org\/{rel}","templated":true}]}}