{"id":98012,"date":"2024-12-03T16:34:31","date_gmt":"2024-12-03T15:34:31","guid":{"rendered":"https:\/\/www.bagnoitalia.com\/axel5-bathroom-cabinet-100-or-120-cm-floor-standing-2-colours-with-washbasin-and-mirror.html"},"modified":"2024-12-03T16:38:29","modified_gmt":"2024-12-03T15:38:29","slug":"axel5-bathroom-cabinet-100-or-120-cm-floor-standing-2-colours-with-washbasin-and-mirror","status":"publish","type":"product","link":"https:\/\/www.bagnoitalia.com\/es\/producto\/axel5-bathroom-cabinet-100-or-120-cm-floor-standing-2-colours-with-washbasin-and-mirror.html","title":{"rendered":"Axel5 mueble de ba\u00f1o 100 o 120 cm apoyado en el suelo 2 colores con lavabo y espejo"},"content":{"rendered":"<p>AXEL5&#8242; Mueble de ba\u00f1o de pie con lavabo<\/p>\n<p>&nbsp;<\/p>\n<p>&nbsp;<\/p>\n<p>&nbsp;<\/p>\n<p>&nbsp;<\/p>\n<p>DETALLES DEL PRODUCTO<\/p>\n<p>&nbsp;<\/p>\n<p>&nbsp;<\/p>\n<p>&nbsp;<\/p>\n<p>Mueble de ba\u00f1o de pie, con lavabo de resina blanco mate<\/p>\n<p>con compartimento abierto<\/p>\n<p>de metal<\/p>\n<p>disponible en dos colores: totalmente negro mate o con estante de roble y estructura negro mate<\/p>\n<p>Longitudes disponibles<\/p>\n<p>100 cm (con espejo de 70&#215;90 cm)<br \/>\n120 cm (con espejo de 70&#215;110 cm)<\/p>\n<p>Profundidad 46 cm<\/p>\n<p>Altura total 70 cm<\/p>\n<p>Espejo filolucido reversible incluido (el aplique led no est\u00e1 incluido en el precio, se puede a\u00f1adir utilizando el men\u00fa desplegable de arriba)<\/p>\n<p>NB: el lavabo NO tiene agujero para el mezclador, pero est\u00e1 preparado para ser taladrado<\/p>\n<p>&nbsp;<\/p>\n<p>ATENCI\u00d3N: sif\u00f3n y grifer\u00eda NO incluidos en el precio<\/p>\n<p>&nbsp;<\/p>\n<p>&nbsp;<\/p>\n<p>&nbsp;<\/p>\n<p>&nbsp;<\/p>\n<p>&nbsp;<\/p>\n<p>&nbsp;<\/p>\n<p>&nbsp;<\/p>\n<p>&nbsp;<\/p>\n<p>&nbsp;<\/p>\n<p>&nbsp;<\/p>\n<p>&nbsp;<\/p>\n<p>&nbsp;<\/p>\n<p>&nbsp;<\/p>\n<p>&nbsp;<\/p>\n<p>&nbsp;<\/p>\n<p>&nbsp;<\/p>\n<p>&nbsp;<\/p>\n<p>&nbsp;<\/p>\n<p>&nbsp;<\/p>\n<p>&nbsp;<\/p>\n<p>&nbsp;<\/p>\n<p>&nbsp;<\/p>\n<p>&nbsp;<\/p>\n<p>&nbsp;<\/p>\n<p>&nbsp;<\/p>\n<p>&nbsp;<\/p>\n<p>&nbsp;<\/p>\n<p>&nbsp;<\/p>\n<p>&nbsp;<\/p>\n<p>&nbsp;<\/p>\n<p>&nbsp;<\/p>\n<p>&nbsp;<\/p>\n<p>&nbsp;<\/p>\n<p>Eje<\/p>\n<p>&nbsp;<\/p>\n<p>&nbsp;<\/p>\n","protected":false},"excerpt":{"rendered":"<p>Moderno mueble de ba\u00f1o de pie, disponible en 2 tama\u00f1os, con un compartimento abierto. Fabricado en metal, disponible completamente en negro mate o con estante de color roble y marco negro mate. La oferta incluye un espejo filolucido reversible y un lavabo sobre encimera de resina blanca mate.<\/p>\n","protected":false},"featured_media":97976,"comment_status":"open","ping_status":"closed","template":"","meta":[],"product_brand":[5006],"product_cat":[9721,9725],"product_tag":[],"class_list":{"0":"post-98012","1":"product","2":"type-product","3":"status-publish","4":"has-post-thumbnail","6":"product_brand-deghi","7":"product_cat-mueble-de-bano-de-71-a-100-cm-muebles-modernos","8":"product_cat-mueble-de-bano-de-101-a-220-cm-muebles-modernos","10":"first","11":"instock","12":"sale","13":"taxable","14":"shipping-taxable","15":"purchasable","16":"product-type-simple"},"exclude_global_add_ons":false,"addons":[{"name":"Tipo","type":"multiple_choice","position":0,"required":false,"title_format":"label","default":"","description_enable":false,"description":"","placeholder_enable":false,"placeholder":"","display":"select","restrictions_type":"any_text","adjust_price":false,"price":"","price_type":"flat_fee","restrictions":false,"min":"0","max":"0","options":[{"label":"100 cm negro","price":"","price_type":"flat_fee","image":0,"visibility":true},{"label":"100 cm roble y negro","price":"","price_type":"flat_fee","image":0,"visibility":true},{"label":"120 cm negro","price":"80","price_type":"flat_fee","image":0,"visibility":true},{"label":"120 cm roble y negro","price":"80","price_type":"flat_fee","image":0,"visibility":true}],"id":1733243673},{"name":"aplique","type":"multiple_choice","position":1,"required":false,"title_format":"label","default":"","description_enable":false,"description":"","placeholder_enable":false,"placeholder":"","display":"select","restrictions_type":"any_text","adjust_price":false,"price":"","price_type":"flat_fee","restrictions":false,"min":"0","max":"0","options":[{"label":"Sin","price":"","price_type":"flat_fee","image":0,"visibility":true},{"label":"Foco led cromo","price":"20","price_type":"flat_fee","image":0,"visibility":true},{"label":"Foco de led negro mate","price":"25","price_type":"flat_fee","image":0,"visibility":true}],"id":1733243674}],"yoast_head":"<!-- This site is optimized with the Yoast SEO plugin v26.7 - https:\/\/yoast.com\/wordpress\/plugins\/seo\/ -->\n<title>Axel5 mueble de ba\u00f1o 100 o 120 cm apoyado en el suelo 2 colores con lavabo y espejo - Bagno Italia<\/title>\n<meta name=\"robots\" content=\"index, follow, max-snippet:-1, max-image-preview:large, max-video-preview:-1\" \/>\n<link rel=\"canonical\" href=\"https:\/\/www.bagnoitalia.com\/es\/producto\/axel5-bathroom-cabinet-100-or-120-cm-floor-standing-2-colours-with-washbasin-and-mirror.html\" \/>\n<meta property=\"og:locale\" content=\"es_ES\" \/>\n<meta property=\"og:type\" content=\"article\" \/>\n<meta property=\"og:title\" content=\"Axel5 mueble de ba\u00f1o 100 o 120 cm apoyado en el suelo 2 colores con lavabo y espejo - Bagno Italia\" \/>\n<meta property=\"og:description\" content=\"Moderno mueble de ba\u00f1o de pie, disponible en 2 tama\u00f1os, con un compartimento abierto. Fabricado en metal, disponible completamente en negro mate o con estante de color roble y marco negro mate. La oferta incluye un espejo filolucido reversible y un lavabo sobre encimera de resina blanca mate.\" \/>\n<meta property=\"og:url\" content=\"https:\/\/www.bagnoitalia.com\/es\/producto\/axel5-bathroom-cabinet-100-or-120-cm-floor-standing-2-colours-with-washbasin-and-mirror.html\" \/>\n<meta property=\"og:site_name\" content=\"Bagno Italia\" \/>\n<meta property=\"article:modified_time\" content=\"2024-12-03T15:38:29+00:00\" \/>\n<meta property=\"og:image\" content=\"https:\/\/img.bagnoitalia.com\/wp-content\/uploads\/1-58.webp\" \/>\n\t<meta property=\"og:image:width\" content=\"1000\" \/>\n\t<meta property=\"og:image:height\" content=\"1000\" \/>\n\t<meta property=\"og:image:type\" content=\"image\/webp\" \/>\n<meta name=\"twitter:card\" content=\"summary_large_image\" \/>\n<meta name=\"twitter:label1\" content=\"Tiempo de lectura\" \/>\n\t<meta name=\"twitter:data1\" content=\"1 minuto\" \/>\n<script type=\"application\/ld+json\" class=\"yoast-schema-graph\">{\"@context\":\"https:\/\/schema.org\",\"@graph\":[{\"@type\":\"WebPage\",\"@id\":\"https:\/\/www.bagnoitalia.com\/es\/producto\/axel5-bathroom-cabinet-100-or-120-cm-floor-standing-2-colours-with-washbasin-and-mirror.html\",\"url\":\"https:\/\/www.bagnoitalia.com\/es\/producto\/axel5-bathroom-cabinet-100-or-120-cm-floor-standing-2-colours-with-washbasin-and-mirror.html\",\"name\":\"Axel5 mueble de ba\u00f1o 100 o 120 cm apoyado en el suelo 2 colores con lavabo y espejo - Bagno Italia\",\"isPartOf\":{\"@id\":\"https:\/\/www.bagnoitalia.com\/es#website\"},\"primaryImageOfPage\":{\"@id\":\"https:\/\/www.bagnoitalia.com\/es\/producto\/axel5-bathroom-cabinet-100-or-120-cm-floor-standing-2-colours-with-washbasin-and-mirror.html#primaryimage\"},\"image\":{\"@id\":\"https:\/\/www.bagnoitalia.com\/es\/producto\/axel5-bathroom-cabinet-100-or-120-cm-floor-standing-2-colours-with-washbasin-and-mirror.html#primaryimage\"},\"thumbnailUrl\":\"https:\/\/img.bagnoitalia.com\/wp-content\/uploads\/1-58.webp\",\"datePublished\":\"2024-12-03T15:34:31+00:00\",\"dateModified\":\"2024-12-03T15:38:29+00:00\",\"breadcrumb\":{\"@id\":\"https:\/\/www.bagnoitalia.com\/es\/producto\/axel5-bathroom-cabinet-100-or-120-cm-floor-standing-2-colours-with-washbasin-and-mirror.html#breadcrumb\"},\"inLanguage\":\"es\",\"potentialAction\":[{\"@type\":\"ReadAction\",\"target\":[\"https:\/\/www.bagnoitalia.com\/es\/producto\/axel5-bathroom-cabinet-100-or-120-cm-floor-standing-2-colours-with-washbasin-and-mirror.html\"]}]},{\"@type\":\"ImageObject\",\"inLanguage\":\"es\",\"@id\":\"https:\/\/www.bagnoitalia.com\/es\/producto\/axel5-bathroom-cabinet-100-or-120-cm-floor-standing-2-colours-with-washbasin-and-mirror.html#primaryimage\",\"url\":\"https:\/\/img.bagnoitalia.com\/wp-content\/uploads\/1-58.webp\",\"contentUrl\":\"https:\/\/img.bagnoitalia.com\/wp-content\/uploads\/1-58.webp\",\"width\":1000,\"height\":1000},{\"@type\":\"BreadcrumbList\",\"@id\":\"https:\/\/www.bagnoitalia.com\/es\/producto\/axel5-bathroom-cabinet-100-or-120-cm-floor-standing-2-colours-with-washbasin-and-mirror.html#breadcrumb\",\"itemListElement\":[{\"@type\":\"ListItem\",\"position\":1,\"name\":\"Home\",\"item\":\"https:\/\/www.bagnoitalia.com\/es\"},{\"@type\":\"ListItem\",\"position\":2,\"name\":\"Productos\",\"item\":\"https:\/\/www.bagnoitalia.com\/es\/shop\"},{\"@type\":\"ListItem\",\"position\":3,\"name\":\"Axel5 mueble de ba\u00f1o 100 o 120 cm apoyado en el suelo 2 colores con lavabo y espejo\"}]},{\"@type\":\"WebSite\",\"@id\":\"https:\/\/www.bagnoitalia.com\/es#website\",\"url\":\"https:\/\/www.bagnoitalia.com\/es\",\"name\":\"Bagno Italia\",\"description\":\"\",\"publisher\":{\"@id\":\"https:\/\/www.bagnoitalia.com\/es#organization\"},\"potentialAction\":[{\"@type\":\"SearchAction\",\"target\":{\"@type\":\"EntryPoint\",\"urlTemplate\":\"https:\/\/www.bagnoitalia.com\/es?s={search_term_string}\"},\"query-input\":{\"@type\":\"PropertyValueSpecification\",\"valueRequired\":true,\"valueName\":\"search_term_string\"}}],\"inLanguage\":\"es\"},{\"@type\":\"Organization\",\"@id\":\"https:\/\/www.bagnoitalia.com\/es#organization\",\"name\":\"Bagno Italia\",\"url\":\"https:\/\/www.bagnoitalia.com\/es\",\"logo\":{\"@type\":\"ImageObject\",\"inLanguage\":\"es\",\"@id\":\"https:\/\/www.bagnoitalia.com\/es#\/schema\/logo\/image\/\",\"url\":\"https:\/\/img.bagnoitalia.com\/wp-content\/uploads\/logo-bagnoitalia.webp\",\"contentUrl\":\"https:\/\/img.bagnoitalia.com\/wp-content\/uploads\/logo-bagnoitalia.webp\",\"width\":400,\"height\":70,\"caption\":\"Bagno Italia\"},\"image\":{\"@id\":\"https:\/\/www.bagnoitalia.com\/es#\/schema\/logo\/image\/\"}}]}<\/script>\n<!-- \/ Yoast SEO plugin. -->","yoast_head_json":{"title":"Axel5 mueble de ba\u00f1o 100 o 120 cm apoyado en el suelo 2 colores con lavabo y espejo - Bagno Italia","robots":{"index":"index","follow":"follow","max-snippet":"max-snippet:-1","max-image-preview":"max-image-preview:large","max-video-preview":"max-video-preview:-1"},"canonical":"https:\/\/www.bagnoitalia.com\/es\/producto\/axel5-bathroom-cabinet-100-or-120-cm-floor-standing-2-colours-with-washbasin-and-mirror.html","og_locale":"es_ES","og_type":"article","og_title":"Axel5 mueble de ba\u00f1o 100 o 120 cm apoyado en el suelo 2 colores con lavabo y espejo - Bagno Italia","og_description":"Moderno mueble de ba\u00f1o de pie, disponible en 2 tama\u00f1os, con un compartimento abierto. Fabricado en metal, disponible completamente en negro mate o con estante de color roble y marco negro mate. La oferta incluye un espejo filolucido reversible y un lavabo sobre encimera de resina blanca mate.","og_url":"https:\/\/www.bagnoitalia.com\/es\/producto\/axel5-bathroom-cabinet-100-or-120-cm-floor-standing-2-colours-with-washbasin-and-mirror.html","og_site_name":"Bagno Italia","article_modified_time":"2024-12-03T15:38:29+00:00","og_image":[{"width":1000,"height":1000,"url":"https:\/\/img.bagnoitalia.com\/wp-content\/uploads\/1-58.webp","type":"image\/webp"}],"twitter_card":"summary_large_image","twitter_misc":{"Tiempo de lectura":"1 minuto"},"schema":{"@context":"https:\/\/schema.org","@graph":[{"@type":"WebPage","@id":"https:\/\/www.bagnoitalia.com\/es\/producto\/axel5-bathroom-cabinet-100-or-120-cm-floor-standing-2-colours-with-washbasin-and-mirror.html","url":"https:\/\/www.bagnoitalia.com\/es\/producto\/axel5-bathroom-cabinet-100-or-120-cm-floor-standing-2-colours-with-washbasin-and-mirror.html","name":"Axel5 mueble de ba\u00f1o 100 o 120 cm apoyado en el suelo 2 colores con lavabo y espejo - Bagno Italia","isPartOf":{"@id":"https:\/\/www.bagnoitalia.com\/es#website"},"primaryImageOfPage":{"@id":"https:\/\/www.bagnoitalia.com\/es\/producto\/axel5-bathroom-cabinet-100-or-120-cm-floor-standing-2-colours-with-washbasin-and-mirror.html#primaryimage"},"image":{"@id":"https:\/\/www.bagnoitalia.com\/es\/producto\/axel5-bathroom-cabinet-100-or-120-cm-floor-standing-2-colours-with-washbasin-and-mirror.html#primaryimage"},"thumbnailUrl":"https:\/\/img.bagnoitalia.com\/wp-content\/uploads\/1-58.webp","datePublished":"2024-12-03T15:34:31+00:00","dateModified":"2024-12-03T15:38:29+00:00","breadcrumb":{"@id":"https:\/\/www.bagnoitalia.com\/es\/producto\/axel5-bathroom-cabinet-100-or-120-cm-floor-standing-2-colours-with-washbasin-and-mirror.html#breadcrumb"},"inLanguage":"es","potentialAction":[{"@type":"ReadAction","target":["https:\/\/www.bagnoitalia.com\/es\/producto\/axel5-bathroom-cabinet-100-or-120-cm-floor-standing-2-colours-with-washbasin-and-mirror.html"]}]},{"@type":"ImageObject","inLanguage":"es","@id":"https:\/\/www.bagnoitalia.com\/es\/producto\/axel5-bathroom-cabinet-100-or-120-cm-floor-standing-2-colours-with-washbasin-and-mirror.html#primaryimage","url":"https:\/\/img.bagnoitalia.com\/wp-content\/uploads\/1-58.webp","contentUrl":"https:\/\/img.bagnoitalia.com\/wp-content\/uploads\/1-58.webp","width":1000,"height":1000},{"@type":"BreadcrumbList","@id":"https:\/\/www.bagnoitalia.com\/es\/producto\/axel5-bathroom-cabinet-100-or-120-cm-floor-standing-2-colours-with-washbasin-and-mirror.html#breadcrumb","itemListElement":[{"@type":"ListItem","position":1,"name":"Home","item":"https:\/\/www.bagnoitalia.com\/es"},{"@type":"ListItem","position":2,"name":"Productos","item":"https:\/\/www.bagnoitalia.com\/es\/shop"},{"@type":"ListItem","position":3,"name":"Axel5 mueble de ba\u00f1o 100 o 120 cm apoyado en el suelo 2 colores con lavabo y espejo"}]},{"@type":"WebSite","@id":"https:\/\/www.bagnoitalia.com\/es#website","url":"https:\/\/www.bagnoitalia.com\/es","name":"Bagno Italia","description":"","publisher":{"@id":"https:\/\/www.bagnoitalia.com\/es#organization"},"potentialAction":[{"@type":"SearchAction","target":{"@type":"EntryPoint","urlTemplate":"https:\/\/www.bagnoitalia.com\/es?s={search_term_string}"},"query-input":{"@type":"PropertyValueSpecification","valueRequired":true,"valueName":"search_term_string"}}],"inLanguage":"es"},{"@type":"Organization","@id":"https:\/\/www.bagnoitalia.com\/es#organization","name":"Bagno Italia","url":"https:\/\/www.bagnoitalia.com\/es","logo":{"@type":"ImageObject","inLanguage":"es","@id":"https:\/\/www.bagnoitalia.com\/es#\/schema\/logo\/image\/","url":"https:\/\/img.bagnoitalia.com\/wp-content\/uploads\/logo-bagnoitalia.webp","contentUrl":"https:\/\/img.bagnoitalia.com\/wp-content\/uploads\/logo-bagnoitalia.webp","width":400,"height":70,"caption":"Bagno Italia"},"image":{"@id":"https:\/\/www.bagnoitalia.com\/es#\/schema\/logo\/image\/"}}]}},"_links":{"self":[{"href":"https:\/\/www.bagnoitalia.com\/es\/wp-json\/wp\/v2\/product\/98012","targetHints":{"allow":["GET"]}}],"collection":[{"href":"https:\/\/www.bagnoitalia.com\/es\/wp-json\/wp\/v2\/product"}],"about":[{"href":"https:\/\/www.bagnoitalia.com\/es\/wp-json\/wp\/v2\/types\/product"}],"replies":[{"embeddable":true,"href":"https:\/\/www.bagnoitalia.com\/es\/wp-json\/wp\/v2\/comments?post=98012"}],"version-history":[{"count":2,"href":"https:\/\/www.bagnoitalia.com\/es\/wp-json\/wp\/v2\/product\/98012\/revisions"}],"predecessor-version":[{"id":98016,"href":"https:\/\/www.bagnoitalia.com\/es\/wp-json\/wp\/v2\/product\/98012\/revisions\/98016"}],"wp:featuredmedia":[{"embeddable":true,"href":"https:\/\/www.bagnoitalia.com\/es\/wp-json\/wp\/v2\/media\/97976"}],"wp:attachment":[{"href":"https:\/\/www.bagnoitalia.com\/es\/wp-json\/wp\/v2\/media?parent=98012"}],"wp:term":[{"taxonomy":"product_brand","embeddable":true,"href":"https:\/\/www.bagnoitalia.com\/es\/wp-json\/wp\/v2\/product_brand?post=98012"},{"taxonomy":"product_cat","embeddable":true,"href":"https:\/\/www.bagnoitalia.com\/es\/wp-json\/wp\/v2\/product_cat?post=98012"},{"taxonomy":"product_tag","embeddable":true,"href":"https:\/\/www.bagnoitalia.com\/es\/wp-json\/wp\/v2\/product_tag?post=98012"}],"curies":[{"name":"wp","href":"https:\/\/api.w.org\/{rel}","templated":true}]}}