{"id":97220,"date":"2024-11-21T11:05:14","date_gmt":"2024-11-21T10:05:14","guid":{"rendered":"https:\/\/www.bagnoitalia.com\/180-cm-round-whirlpool-with-25-jets-heater-and-chromotherapy-mp61.html"},"modified":"2024-11-21T11:08:01","modified_gmt":"2024-11-21T10:08:01","slug":"180-cm-round-whirlpool-with-25-jets-heater-and-chromotherapy-mp61","status":"publish","type":"product","link":"https:\/\/www.bagnoitalia.com\/es\/producto\/180-cm-round-whirlpool-with-25-jets-heater-and-chromotherapy-mp61.html","title":{"rendered":"Ba\u00f1era de hidromasaje redonda de 180 cm con 25 chorros, calentador y cromoterapia MP61"},"content":{"rendered":"<p>PISCINA HIDROMASAJE ROTONDA &#8216;MP61&#8217; de 180 cm<\/p>\n<p>&nbsp;<\/p>\n<p>&nbsp;<\/p>\n<p>&nbsp;<\/p>\n<p>&nbsp;<\/p>\n<p>CARACTER\u00cdSTICAS DEL PRODUCTO<\/p>\n<p>&nbsp;<\/p>\n<p>&nbsp;<\/p>\n<p>&nbsp;<\/p>\n<p>Hidromasaje exterior circular<\/p>\n<p>Di\u00e1metro 180 cm<\/p>\n<p>Altura 75 cm<\/p>\n<p>4 plazas<\/p>\n<p>con 25 chorros de hidromasaje de intensidad regulable<\/p>\n<p>Cromoterapia con 20 LED multicolores<\/p>\n<p>Calentador<\/p>\n<p>&nbsp;<\/p>\n<p>NB: escalera y funda t\u00e9rmica NO incluidas en el precio, puede a\u00f1adir estas opciones a trav\u00e9s de los men\u00fas desplegables de arriba<\/p>\n<p>&nbsp;<\/p>\n<p>CARACTER\u00cdSTICAS T\u00c9CNICAS<\/p>\n<p>&nbsp;<\/p>\n<p>&nbsp;<\/p>\n<p>&nbsp;<\/p>\n<p>Peso: 230 kg<\/p>\n<p>Capacidad: 780 litros<\/p>\n<p>Sistema de control: Balboa<\/p>\n<p>Carcasa: Superficies Aristech<\/p>\n<p>Armaz\u00f3n: Acero inoxidable<\/p>\n<p>Protecci\u00f3n inferior: abs<\/p>\n<p>Aislamiento del cuerpo: 25 mm<\/p>\n<p>Calentador de 2 kW<\/p>\n<p>Bomba de recirculaci\u00f3n de 0,26 kW<\/p>\n<p>Bomba de hidromasaje de 1,5 kW<\/p>\n<p>Sistema de filtro de cartucho<\/p>\n<p>&nbsp;<\/p>\n<p>COLOR DE LA PISCINA<\/p>\n<p>interior: blanco<\/p>\n<p>exterior: gris<\/p>\n<p>&nbsp;<\/p>\n<p><img fetchpriority=\"high\" decoding=\"async\" class=\"alignnone size-full wp-image-108655\" src=\"https:\/\/www.bagnoitalia.it\/wp-content\/uploads\/colori-interni-esterni-minipiscine-idromassaggio.jpg\" alt=\"\" width=\"1000\" height=\"1000\" \/><\/p>\n","protected":false},"excerpt":{"rendered":"<p>Mini piscina spa exterior, circular, apta para 4 personas. Incluye: 25 chorros de hidromasaje con intensidad regulable, sistema de control Balboa, calentador, sistema de filtro de cartucho y 20 LED multicolor para cromoterapia.<\/p>\n","protected":false},"featured_media":97192,"comment_status":"open","ping_status":"closed","template":"","meta":[],"product_brand":[10111],"product_cat":[10071],"product_tag":[],"class_list":{"0":"post-97220","1":"product","2":"type-product","3":"status-publish","4":"has-post-thumbnail","6":"product_brand-joyee","7":"product_cat-piscinas-de-hidromasaje-al-aire-libre","9":"first","10":"instock","11":"sale","12":"taxable","13":"shipping-taxable","14":"purchasable","15":"product-type-simple"},"exclude_global_add_ons":false,"addons":[{"name":"escalera","type":"multiple_choice","position":0,"required":false,"title_format":"label","default":"","description_enable":false,"description":"","placeholder_enable":false,"placeholder":"","display":"select","restrictions_type":"any_text","adjust_price":false,"price":"","price_type":"flat_fee","restrictions":false,"min":"0","max":"0","options":[{"label":"sin","price":"","price_type":"flat_fee","image":0,"visibility":true},{"label":"Con escalera","price":"189","price_type":"flat_fee","image":0,"visibility":true}],"id":1732187115},{"name":"Cubierta","type":"multiple_choice","position":1,"required":false,"title_format":"label","default":"","description_enable":false,"description":"","placeholder_enable":false,"placeholder":"","display":"select","restrictions_type":"any_text","adjust_price":false,"price":"","price_type":"flat_fee","restrictions":false,"min":"0","max":"0","options":[{"label":"sin","price":"","price_type":"flat_fee","image":0,"visibility":true},{"label":"Con cubierta t\u00e9rmica","price":"319","price_type":"flat_fee","image":0,"visibility":true}],"id":1732187116}],"yoast_head":"<!-- This site is optimized with the Yoast SEO plugin v26.7 - https:\/\/yoast.com\/wordpress\/plugins\/seo\/ -->\n<title>Ba\u00f1era de hidromasaje redonda de 180 cm con 25 chorros, calentador y cromoterapia MP61 - Bagno Italia<\/title>\n<meta name=\"robots\" content=\"index, follow, max-snippet:-1, max-image-preview:large, max-video-preview:-1\" \/>\n<link rel=\"canonical\" href=\"https:\/\/www.bagnoitalia.com\/es\/producto\/180-cm-round-whirlpool-with-25-jets-heater-and-chromotherapy-mp61.html\" \/>\n<meta property=\"og:locale\" content=\"es_ES\" \/>\n<meta property=\"og:type\" content=\"article\" \/>\n<meta property=\"og:title\" content=\"Ba\u00f1era de hidromasaje redonda de 180 cm con 25 chorros, calentador y cromoterapia MP61 - Bagno Italia\" \/>\n<meta property=\"og:description\" content=\"Mini piscina spa exterior, circular, apta para 4 personas. Incluye: 25 chorros de hidromasaje con intensidad regulable, sistema de control Balboa, calentador, sistema de filtro de cartucho y 20 LED multicolor para cromoterapia.\" \/>\n<meta property=\"og:url\" content=\"https:\/\/www.bagnoitalia.com\/es\/producto\/180-cm-round-whirlpool-with-25-jets-heater-and-chromotherapy-mp61.html\" \/>\n<meta property=\"og:site_name\" content=\"Bagno Italia\" \/>\n<meta property=\"article:modified_time\" content=\"2024-11-21T10:08:01+00:00\" \/>\n<meta property=\"og:image\" content=\"https:\/\/img.bagnoitalia.com\/wp-content\/uploads\/1-46.webp\" \/>\n\t<meta property=\"og:image:width\" content=\"1000\" \/>\n\t<meta property=\"og:image:height\" content=\"1000\" \/>\n\t<meta property=\"og:image:type\" content=\"image\/webp\" \/>\n<meta name=\"twitter:card\" content=\"summary_large_image\" \/>\n<meta name=\"twitter:label1\" content=\"Tiempo de lectura\" \/>\n\t<meta name=\"twitter:data1\" content=\"1 minuto\" \/>\n<script type=\"application\/ld+json\" class=\"yoast-schema-graph\">{\"@context\":\"https:\/\/schema.org\",\"@graph\":[{\"@type\":\"WebPage\",\"@id\":\"https:\/\/www.bagnoitalia.com\/es\/producto\/180-cm-round-whirlpool-with-25-jets-heater-and-chromotherapy-mp61.html\",\"url\":\"https:\/\/www.bagnoitalia.com\/es\/producto\/180-cm-round-whirlpool-with-25-jets-heater-and-chromotherapy-mp61.html\",\"name\":\"Ba\u00f1era de hidromasaje redonda de 180 cm con 25 chorros, calentador y cromoterapia MP61 - Bagno Italia\",\"isPartOf\":{\"@id\":\"https:\/\/www.bagnoitalia.com\/es#website\"},\"primaryImageOfPage\":{\"@id\":\"https:\/\/www.bagnoitalia.com\/es\/producto\/180-cm-round-whirlpool-with-25-jets-heater-and-chromotherapy-mp61.html#primaryimage\"},\"image\":{\"@id\":\"https:\/\/www.bagnoitalia.com\/es\/producto\/180-cm-round-whirlpool-with-25-jets-heater-and-chromotherapy-mp61.html#primaryimage\"},\"thumbnailUrl\":\"https:\/\/img.bagnoitalia.com\/wp-content\/uploads\/1-46.webp\",\"datePublished\":\"2024-11-21T10:05:14+00:00\",\"dateModified\":\"2024-11-21T10:08:01+00:00\",\"breadcrumb\":{\"@id\":\"https:\/\/www.bagnoitalia.com\/es\/producto\/180-cm-round-whirlpool-with-25-jets-heater-and-chromotherapy-mp61.html#breadcrumb\"},\"inLanguage\":\"es\",\"potentialAction\":[{\"@type\":\"ReadAction\",\"target\":[\"https:\/\/www.bagnoitalia.com\/es\/producto\/180-cm-round-whirlpool-with-25-jets-heater-and-chromotherapy-mp61.html\"]}]},{\"@type\":\"ImageObject\",\"inLanguage\":\"es\",\"@id\":\"https:\/\/www.bagnoitalia.com\/es\/producto\/180-cm-round-whirlpool-with-25-jets-heater-and-chromotherapy-mp61.html#primaryimage\",\"url\":\"https:\/\/img.bagnoitalia.com\/wp-content\/uploads\/1-46.webp\",\"contentUrl\":\"https:\/\/img.bagnoitalia.com\/wp-content\/uploads\/1-46.webp\",\"width\":1000,\"height\":1000},{\"@type\":\"BreadcrumbList\",\"@id\":\"https:\/\/www.bagnoitalia.com\/es\/producto\/180-cm-round-whirlpool-with-25-jets-heater-and-chromotherapy-mp61.html#breadcrumb\",\"itemListElement\":[{\"@type\":\"ListItem\",\"position\":1,\"name\":\"Home\",\"item\":\"https:\/\/www.bagnoitalia.com\/es\"},{\"@type\":\"ListItem\",\"position\":2,\"name\":\"Productos\",\"item\":\"https:\/\/www.bagnoitalia.com\/es\/shop\"},{\"@type\":\"ListItem\",\"position\":3,\"name\":\"Ba\u00f1era de hidromasaje redonda de 180 cm con 25 chorros, calentador y cromoterapia MP61\"}]},{\"@type\":\"WebSite\",\"@id\":\"https:\/\/www.bagnoitalia.com\/es#website\",\"url\":\"https:\/\/www.bagnoitalia.com\/es\",\"name\":\"Bagno Italia\",\"description\":\"\",\"publisher\":{\"@id\":\"https:\/\/www.bagnoitalia.com\/es#organization\"},\"potentialAction\":[{\"@type\":\"SearchAction\",\"target\":{\"@type\":\"EntryPoint\",\"urlTemplate\":\"https:\/\/www.bagnoitalia.com\/es?s={search_term_string}\"},\"query-input\":{\"@type\":\"PropertyValueSpecification\",\"valueRequired\":true,\"valueName\":\"search_term_string\"}}],\"inLanguage\":\"es\"},{\"@type\":\"Organization\",\"@id\":\"https:\/\/www.bagnoitalia.com\/es#organization\",\"name\":\"Bagno Italia\",\"url\":\"https:\/\/www.bagnoitalia.com\/es\",\"logo\":{\"@type\":\"ImageObject\",\"inLanguage\":\"es\",\"@id\":\"https:\/\/www.bagnoitalia.com\/es#\/schema\/logo\/image\/\",\"url\":\"https:\/\/img.bagnoitalia.com\/wp-content\/uploads\/logo-bagnoitalia.webp\",\"contentUrl\":\"https:\/\/img.bagnoitalia.com\/wp-content\/uploads\/logo-bagnoitalia.webp\",\"width\":400,\"height\":70,\"caption\":\"Bagno Italia\"},\"image\":{\"@id\":\"https:\/\/www.bagnoitalia.com\/es#\/schema\/logo\/image\/\"}}]}<\/script>\n<!-- \/ Yoast SEO plugin. -->","yoast_head_json":{"title":"Ba\u00f1era de hidromasaje redonda de 180 cm con 25 chorros, calentador y cromoterapia MP61 - Bagno Italia","robots":{"index":"index","follow":"follow","max-snippet":"max-snippet:-1","max-image-preview":"max-image-preview:large","max-video-preview":"max-video-preview:-1"},"canonical":"https:\/\/www.bagnoitalia.com\/es\/producto\/180-cm-round-whirlpool-with-25-jets-heater-and-chromotherapy-mp61.html","og_locale":"es_ES","og_type":"article","og_title":"Ba\u00f1era de hidromasaje redonda de 180 cm con 25 chorros, calentador y cromoterapia MP61 - Bagno Italia","og_description":"Mini piscina spa exterior, circular, apta para 4 personas. Incluye: 25 chorros de hidromasaje con intensidad regulable, sistema de control Balboa, calentador, sistema de filtro de cartucho y 20 LED multicolor para cromoterapia.","og_url":"https:\/\/www.bagnoitalia.com\/es\/producto\/180-cm-round-whirlpool-with-25-jets-heater-and-chromotherapy-mp61.html","og_site_name":"Bagno Italia","article_modified_time":"2024-11-21T10:08:01+00:00","og_image":[{"width":1000,"height":1000,"url":"https:\/\/img.bagnoitalia.com\/wp-content\/uploads\/1-46.webp","type":"image\/webp"}],"twitter_card":"summary_large_image","twitter_misc":{"Tiempo de lectura":"1 minuto"},"schema":{"@context":"https:\/\/schema.org","@graph":[{"@type":"WebPage","@id":"https:\/\/www.bagnoitalia.com\/es\/producto\/180-cm-round-whirlpool-with-25-jets-heater-and-chromotherapy-mp61.html","url":"https:\/\/www.bagnoitalia.com\/es\/producto\/180-cm-round-whirlpool-with-25-jets-heater-and-chromotherapy-mp61.html","name":"Ba\u00f1era de hidromasaje redonda de 180 cm con 25 chorros, calentador y cromoterapia MP61 - Bagno Italia","isPartOf":{"@id":"https:\/\/www.bagnoitalia.com\/es#website"},"primaryImageOfPage":{"@id":"https:\/\/www.bagnoitalia.com\/es\/producto\/180-cm-round-whirlpool-with-25-jets-heater-and-chromotherapy-mp61.html#primaryimage"},"image":{"@id":"https:\/\/www.bagnoitalia.com\/es\/producto\/180-cm-round-whirlpool-with-25-jets-heater-and-chromotherapy-mp61.html#primaryimage"},"thumbnailUrl":"https:\/\/img.bagnoitalia.com\/wp-content\/uploads\/1-46.webp","datePublished":"2024-11-21T10:05:14+00:00","dateModified":"2024-11-21T10:08:01+00:00","breadcrumb":{"@id":"https:\/\/www.bagnoitalia.com\/es\/producto\/180-cm-round-whirlpool-with-25-jets-heater-and-chromotherapy-mp61.html#breadcrumb"},"inLanguage":"es","potentialAction":[{"@type":"ReadAction","target":["https:\/\/www.bagnoitalia.com\/es\/producto\/180-cm-round-whirlpool-with-25-jets-heater-and-chromotherapy-mp61.html"]}]},{"@type":"ImageObject","inLanguage":"es","@id":"https:\/\/www.bagnoitalia.com\/es\/producto\/180-cm-round-whirlpool-with-25-jets-heater-and-chromotherapy-mp61.html#primaryimage","url":"https:\/\/img.bagnoitalia.com\/wp-content\/uploads\/1-46.webp","contentUrl":"https:\/\/img.bagnoitalia.com\/wp-content\/uploads\/1-46.webp","width":1000,"height":1000},{"@type":"BreadcrumbList","@id":"https:\/\/www.bagnoitalia.com\/es\/producto\/180-cm-round-whirlpool-with-25-jets-heater-and-chromotherapy-mp61.html#breadcrumb","itemListElement":[{"@type":"ListItem","position":1,"name":"Home","item":"https:\/\/www.bagnoitalia.com\/es"},{"@type":"ListItem","position":2,"name":"Productos","item":"https:\/\/www.bagnoitalia.com\/es\/shop"},{"@type":"ListItem","position":3,"name":"Ba\u00f1era de hidromasaje redonda de 180 cm con 25 chorros, calentador y cromoterapia MP61"}]},{"@type":"WebSite","@id":"https:\/\/www.bagnoitalia.com\/es#website","url":"https:\/\/www.bagnoitalia.com\/es","name":"Bagno Italia","description":"","publisher":{"@id":"https:\/\/www.bagnoitalia.com\/es#organization"},"potentialAction":[{"@type":"SearchAction","target":{"@type":"EntryPoint","urlTemplate":"https:\/\/www.bagnoitalia.com\/es?s={search_term_string}"},"query-input":{"@type":"PropertyValueSpecification","valueRequired":true,"valueName":"search_term_string"}}],"inLanguage":"es"},{"@type":"Organization","@id":"https:\/\/www.bagnoitalia.com\/es#organization","name":"Bagno Italia","url":"https:\/\/www.bagnoitalia.com\/es","logo":{"@type":"ImageObject","inLanguage":"es","@id":"https:\/\/www.bagnoitalia.com\/es#\/schema\/logo\/image\/","url":"https:\/\/img.bagnoitalia.com\/wp-content\/uploads\/logo-bagnoitalia.webp","contentUrl":"https:\/\/img.bagnoitalia.com\/wp-content\/uploads\/logo-bagnoitalia.webp","width":400,"height":70,"caption":"Bagno Italia"},"image":{"@id":"https:\/\/www.bagnoitalia.com\/es#\/schema\/logo\/image\/"}}]}},"_links":{"self":[{"href":"https:\/\/www.bagnoitalia.com\/es\/wp-json\/wp\/v2\/product\/97220","targetHints":{"allow":["GET"]}}],"collection":[{"href":"https:\/\/www.bagnoitalia.com\/es\/wp-json\/wp\/v2\/product"}],"about":[{"href":"https:\/\/www.bagnoitalia.com\/es\/wp-json\/wp\/v2\/types\/product"}],"replies":[{"embeddable":true,"href":"https:\/\/www.bagnoitalia.com\/es\/wp-json\/wp\/v2\/comments?post=97220"}],"version-history":[{"count":2,"href":"https:\/\/www.bagnoitalia.com\/es\/wp-json\/wp\/v2\/product\/97220\/revisions"}],"predecessor-version":[{"id":97224,"href":"https:\/\/www.bagnoitalia.com\/es\/wp-json\/wp\/v2\/product\/97220\/revisions\/97224"}],"wp:featuredmedia":[{"embeddable":true,"href":"https:\/\/www.bagnoitalia.com\/es\/wp-json\/wp\/v2\/media\/97192"}],"wp:attachment":[{"href":"https:\/\/www.bagnoitalia.com\/es\/wp-json\/wp\/v2\/media?parent=97220"}],"wp:term":[{"taxonomy":"product_brand","embeddable":true,"href":"https:\/\/www.bagnoitalia.com\/es\/wp-json\/wp\/v2\/product_brand?post=97220"},{"taxonomy":"product_cat","embeddable":true,"href":"https:\/\/www.bagnoitalia.com\/es\/wp-json\/wp\/v2\/product_cat?post=97220"},{"taxonomy":"product_tag","embeddable":true,"href":"https:\/\/www.bagnoitalia.com\/es\/wp-json\/wp\/v2\/product_tag?post=97220"}],"curies":[{"name":"wp","href":"https:\/\/api.w.org\/{rel}","templated":true}]}}