{"id":96659,"date":"2024-11-19T16:41:04","date_gmt":"2024-11-19T15:41:04","guid":{"rendered":"https:\/\/www.bagnoitalia.com\/5-person-whirlpool-230x230-cm-with-120-chromotherapy-jets-and-bluetooth-mp50.html"},"modified":"2025-10-13T15:43:20","modified_gmt":"2025-10-13T13:43:20","slug":"5-person-whirlpool-230x230-cm-with-120-chromotherapy-jets-and-bluetooth-mp50","status":"publish","type":"product","link":"https:\/\/www.bagnoitalia.com\/es\/producto\/5-person-whirlpool-230x230-cm-with-120-chromotherapy-jets-and-bluetooth-mp50.html","title":{"rendered":"Ba\u00f1era de hidromasaje para 5 personas 230&#215;230 cm con 120 chorros de cromoterapia y Bluetooth MP50"},"content":{"rendered":"<p>PISCINA HIDROMASAJE 230&#215;230 cm &#8216;MP50<\/p>\n<p>&nbsp;<\/p>\n<p>&nbsp;<\/p>\n<p>&nbsp;<\/p>\n<p>&nbsp;<\/p>\n<p>CARACTER\u00cdSTICAS<\/p>\n<p>Hidromasaje exterior cuadrado<\/p>\n<p>dimensiones exteriores 230x230xH92 cm<\/p>\n<p>no. 120 chorros de hidromasaje de intensidad regulable<\/p>\n<p>5 asientos (3 asientos + 2 chaise longues)<\/p>\n<p>Cromoterapia con 12 LED multicolores<\/p>\n<p>Calefactor<\/p>\n<p>Chorro en cascada<\/p>\n<p>Chorros de fuente<\/p>\n<p>Sistema de audio Bluetooth y altavoces LED estancos<\/p>\n<p>&nbsp;<\/p>\n<p>NB: mediante el men\u00fa desplegable, puede a\u00f1adir la escalera y\/o la cubierta t\u00e9rmica<\/p>\n<p>&nbsp;<\/p>\n<p>CARACTER\u00cdSTICAS T\u00c9CNICAS<\/p>\n<p>&nbsp;<\/p>\n<p>Peso 370 kg<\/p>\n<p>1300 litros<\/p>\n<p>Sistema de control Balboa<\/p>\n<p>Carcasa Aristech Surfaces<\/p>\n<p>Armaz\u00f3n de acero inoxidable<\/p>\n<p>Fondo protector Abs<\/p>\n<p>Aislamiento del cuerpo 25 mm<\/p>\n<p>Conexi\u00f3n de ahorro de energ\u00eda incluida<\/p>\n<p>Calentador de 3 kW<\/p>\n<p>Bomba de recirculaci\u00f3n 0,26 kW<\/p>\n<p>Bomba de hidromasaje de 1,5 kW + 1,5 kW<\/p>\n<p>Sistema de filtro de cartucho<\/p>\n<p>&nbsp;<\/p>\n<p><strong><span dir=\"auto\">OPCI\u00d3N ADICIONAL:<\/span><\/strong><\/p>\n<p><span dir=\"auto\">FUNCI\u00d3N DE CONTROL REMOTO: Balboa BWA para control desde tel\u00e9fono inteligente<\/span><\/p>\n<p><span dir=\"auto\">Esta funci\u00f3n opcional le brinda la opci\u00f3n, a trav\u00e9s de una conexi\u00f3n Wi-Fi, de descargar una aplicaci\u00f3n en su tel\u00e9fono y administrar las funciones de forma remota, directamente desde la aplicaci\u00f3n.<\/span><\/p>\n<p>&nbsp;<\/p>\n<p>COLOR DE LA PISCINA<\/p>\n<p>interior: m\u00e1rmol blanco plateado<\/p>\n<p>exterior: marr\u00f3n o gris<\/p>\n<p>&nbsp;<\/p>\n<p><img fetchpriority=\"high\" decoding=\"async\" class=\"alignnone size-full wp-image-108655\" src=\"https:\/\/www.bagnoitalia.it\/wp-content\/uploads\/colori-interni-esterni-minipiscine-idromassaggio.jpg\" alt=\"\" width=\"1000\" height=\"1000\" \/><\/p>\n","protected":false},"excerpt":{"rendered":"<p>Spa exterior en miniatura con sistema de control Balboa, de forma cuadrada. Con nada menos que 120 chorros de hidromasaje de intensidad regulable, calentador, sistema de filtro de cartucho y 12 LED multicolor para cromoterapia.<\/p>\n","protected":false},"featured_media":96631,"comment_status":"open","ping_status":"closed","template":"","meta":[],"product_brand":[10111],"product_cat":[10071],"product_tag":[],"class_list":{"0":"post-96659","1":"product","2":"type-product","3":"status-publish","4":"has-post-thumbnail","6":"product_brand-joyee","7":"product_cat-piscinas-de-hidromasaje-al-aire-libre","9":"first","10":"instock","11":"sale","12":"taxable","13":"shipping-taxable","14":"purchasable","15":"product-type-simple"},"exclude_global_add_ons":false,"addons":[{"name":"escalera","type":"multiple_choice","position":0,"required":false,"title_format":"label","default":"","description_enable":false,"description":"","placeholder_enable":false,"placeholder":"","display":"select","restrictions_type":"any_text","adjust_price":false,"price":"","price_type":"flat_fee","restrictions":false,"min":"0","max":"0","options":[{"label":"sin","price":"","price_type":"flat_fee","image":0,"visibility":true},{"label":"Con escalera","price":"189","price_type":"flat_fee","image":0,"visibility":true}],"id":1732034465},{"name":"Cubierta","type":"multiple_choice","position":1,"required":false,"title_format":"label","default":"","description_enable":false,"description":"","placeholder_enable":false,"placeholder":"","display":"select","restrictions_type":"any_text","adjust_price":false,"price":"","price_type":"flat_fee","restrictions":false,"min":"0","max":"0","options":[{"label":"sin","price":"","price_type":"flat_fee","image":0,"visibility":true},{"label":"Con cubierta t\u00e9rmica","price":"319","price_type":"flat_fee","image":0,"visibility":true}],"id":1732034466},{"name":"Color del revestimiento exterior","type":"multiple_choice","position":2,"required":false,"title_format":"label","default":"","description_enable":false,"description":"","placeholder_enable":false,"placeholder":"","display":"select","restrictions_type":"any_text","adjust_price":false,"price":"","price_type":"flat_fee","restrictions":false,"min":"0","max":"0","options":[{"label":"marr\u00f3n","price":"","price_type":"flat_fee","image":0,"visibility":true},{"label":"gris","price":"","price_type":"flat_fee","image":0,"visibility":true}],"id":1732034467},{"name":"OPCI\u00d3N ADICIONAL","type":"multiple_choice","position":3,"required":false,"title_format":"label","default":"","description_enable":false,"description":"","placeholder_enable":false,"placeholder":"","display":"select","restrictions_type":"any_text","adjust_price":false,"price":"","price_type":"flat_fee","restrictions":false,"min":"0","max":"0","options":[{"label":"Ninguno","price":"","price_type":"flat_fee","image":0,"visibility":true},{"label":"Mando a distancia","price":"500","price_type":"flat_fee","image":0,"visibility":true}],"id":1760370201}],"yoast_head":"<!-- This site is optimized with the Yoast SEO plugin v26.7 - https:\/\/yoast.com\/wordpress\/plugins\/seo\/ -->\n<title>Ba\u00f1era de hidromasaje para 5 personas 230x230 cm con 120 chorros de cromoterapia y Bluetooth MP50 - Bagno Italia<\/title>\n<meta name=\"robots\" content=\"index, follow, max-snippet:-1, max-image-preview:large, max-video-preview:-1\" \/>\n<link rel=\"canonical\" href=\"https:\/\/www.bagnoitalia.com\/es\/producto\/5-person-whirlpool-230x230-cm-with-120-chromotherapy-jets-and-bluetooth-mp50.html\" \/>\n<meta property=\"og:locale\" content=\"es_ES\" \/>\n<meta property=\"og:type\" content=\"article\" \/>\n<meta property=\"og:title\" content=\"Ba\u00f1era de hidromasaje para 5 personas 230x230 cm con 120 chorros de cromoterapia y Bluetooth MP50 - Bagno Italia\" \/>\n<meta property=\"og:description\" content=\"Spa exterior en miniatura con sistema de control Balboa, de forma cuadrada. Con nada menos que 120 chorros de hidromasaje de intensidad regulable, calentador, sistema de filtro de cartucho y 12 LED multicolor para cromoterapia.\" \/>\n<meta property=\"og:url\" content=\"https:\/\/www.bagnoitalia.com\/es\/producto\/5-person-whirlpool-230x230-cm-with-120-chromotherapy-jets-and-bluetooth-mp50.html\" \/>\n<meta property=\"og:site_name\" content=\"Bagno Italia\" \/>\n<meta property=\"article:modified_time\" content=\"2025-10-13T13:43:20+00:00\" \/>\n<meta property=\"og:image\" content=\"https:\/\/img.bagnoitalia.com\/wp-content\/uploads\/1-34.webp\" \/>\n\t<meta property=\"og:image:width\" content=\"1200\" \/>\n\t<meta property=\"og:image:height\" content=\"1200\" \/>\n\t<meta property=\"og:image:type\" content=\"image\/webp\" \/>\n<meta name=\"twitter:card\" content=\"summary_large_image\" \/>\n<meta name=\"twitter:label1\" content=\"Tiempo de lectura\" \/>\n\t<meta name=\"twitter:data1\" content=\"2 minutos\" \/>\n<script type=\"application\/ld+json\" class=\"yoast-schema-graph\">{\"@context\":\"https:\/\/schema.org\",\"@graph\":[{\"@type\":\"WebPage\",\"@id\":\"https:\/\/www.bagnoitalia.com\/es\/producto\/5-person-whirlpool-230x230-cm-with-120-chromotherapy-jets-and-bluetooth-mp50.html\",\"url\":\"https:\/\/www.bagnoitalia.com\/es\/producto\/5-person-whirlpool-230x230-cm-with-120-chromotherapy-jets-and-bluetooth-mp50.html\",\"name\":\"Ba\u00f1era de hidromasaje para 5 personas 230x230 cm con 120 chorros de cromoterapia y Bluetooth MP50 - Bagno Italia\",\"isPartOf\":{\"@id\":\"https:\/\/www.bagnoitalia.com\/es#website\"},\"primaryImageOfPage\":{\"@id\":\"https:\/\/www.bagnoitalia.com\/es\/producto\/5-person-whirlpool-230x230-cm-with-120-chromotherapy-jets-and-bluetooth-mp50.html#primaryimage\"},\"image\":{\"@id\":\"https:\/\/www.bagnoitalia.com\/es\/producto\/5-person-whirlpool-230x230-cm-with-120-chromotherapy-jets-and-bluetooth-mp50.html#primaryimage\"},\"thumbnailUrl\":\"https:\/\/img.bagnoitalia.com\/wp-content\/uploads\/1-34.webp\",\"datePublished\":\"2024-11-19T15:41:04+00:00\",\"dateModified\":\"2025-10-13T13:43:20+00:00\",\"breadcrumb\":{\"@id\":\"https:\/\/www.bagnoitalia.com\/es\/producto\/5-person-whirlpool-230x230-cm-with-120-chromotherapy-jets-and-bluetooth-mp50.html#breadcrumb\"},\"inLanguage\":\"es\",\"potentialAction\":[{\"@type\":\"ReadAction\",\"target\":[\"https:\/\/www.bagnoitalia.com\/es\/producto\/5-person-whirlpool-230x230-cm-with-120-chromotherapy-jets-and-bluetooth-mp50.html\"]}]},{\"@type\":\"ImageObject\",\"inLanguage\":\"es\",\"@id\":\"https:\/\/www.bagnoitalia.com\/es\/producto\/5-person-whirlpool-230x230-cm-with-120-chromotherapy-jets-and-bluetooth-mp50.html#primaryimage\",\"url\":\"https:\/\/img.bagnoitalia.com\/wp-content\/uploads\/1-34.webp\",\"contentUrl\":\"https:\/\/img.bagnoitalia.com\/wp-content\/uploads\/1-34.webp\",\"width\":1200,\"height\":1200},{\"@type\":\"BreadcrumbList\",\"@id\":\"https:\/\/www.bagnoitalia.com\/es\/producto\/5-person-whirlpool-230x230-cm-with-120-chromotherapy-jets-and-bluetooth-mp50.html#breadcrumb\",\"itemListElement\":[{\"@type\":\"ListItem\",\"position\":1,\"name\":\"Home\",\"item\":\"https:\/\/www.bagnoitalia.com\/es\"},{\"@type\":\"ListItem\",\"position\":2,\"name\":\"Productos\",\"item\":\"https:\/\/www.bagnoitalia.com\/es\/shop\"},{\"@type\":\"ListItem\",\"position\":3,\"name\":\"Ba\u00f1era de hidromasaje para 5 personas 230&#215;230 cm con 120 chorros de cromoterapia y Bluetooth MP50\"}]},{\"@type\":\"WebSite\",\"@id\":\"https:\/\/www.bagnoitalia.com\/es#website\",\"url\":\"https:\/\/www.bagnoitalia.com\/es\",\"name\":\"Bagno Italia\",\"description\":\"\",\"publisher\":{\"@id\":\"https:\/\/www.bagnoitalia.com\/es#organization\"},\"potentialAction\":[{\"@type\":\"SearchAction\",\"target\":{\"@type\":\"EntryPoint\",\"urlTemplate\":\"https:\/\/www.bagnoitalia.com\/es?s={search_term_string}\"},\"query-input\":{\"@type\":\"PropertyValueSpecification\",\"valueRequired\":true,\"valueName\":\"search_term_string\"}}],\"inLanguage\":\"es\"},{\"@type\":\"Organization\",\"@id\":\"https:\/\/www.bagnoitalia.com\/es#organization\",\"name\":\"Bagno Italia\",\"url\":\"https:\/\/www.bagnoitalia.com\/es\",\"logo\":{\"@type\":\"ImageObject\",\"inLanguage\":\"es\",\"@id\":\"https:\/\/www.bagnoitalia.com\/es#\/schema\/logo\/image\/\",\"url\":\"https:\/\/img.bagnoitalia.com\/wp-content\/uploads\/logo-bagnoitalia.webp\",\"contentUrl\":\"https:\/\/img.bagnoitalia.com\/wp-content\/uploads\/logo-bagnoitalia.webp\",\"width\":400,\"height\":70,\"caption\":\"Bagno Italia\"},\"image\":{\"@id\":\"https:\/\/www.bagnoitalia.com\/es#\/schema\/logo\/image\/\"}}]}<\/script>\n<!-- \/ Yoast SEO plugin. -->","yoast_head_json":{"title":"Ba\u00f1era de hidromasaje para 5 personas 230x230 cm con 120 chorros de cromoterapia y Bluetooth MP50 - Bagno Italia","robots":{"index":"index","follow":"follow","max-snippet":"max-snippet:-1","max-image-preview":"max-image-preview:large","max-video-preview":"max-video-preview:-1"},"canonical":"https:\/\/www.bagnoitalia.com\/es\/producto\/5-person-whirlpool-230x230-cm-with-120-chromotherapy-jets-and-bluetooth-mp50.html","og_locale":"es_ES","og_type":"article","og_title":"Ba\u00f1era de hidromasaje para 5 personas 230x230 cm con 120 chorros de cromoterapia y Bluetooth MP50 - Bagno Italia","og_description":"Spa exterior en miniatura con sistema de control Balboa, de forma cuadrada. Con nada menos que 120 chorros de hidromasaje de intensidad regulable, calentador, sistema de filtro de cartucho y 12 LED multicolor para cromoterapia.","og_url":"https:\/\/www.bagnoitalia.com\/es\/producto\/5-person-whirlpool-230x230-cm-with-120-chromotherapy-jets-and-bluetooth-mp50.html","og_site_name":"Bagno Italia","article_modified_time":"2025-10-13T13:43:20+00:00","og_image":[{"width":1200,"height":1200,"url":"https:\/\/img.bagnoitalia.com\/wp-content\/uploads\/1-34.webp","type":"image\/webp"}],"twitter_card":"summary_large_image","twitter_misc":{"Tiempo de lectura":"2 minutos"},"schema":{"@context":"https:\/\/schema.org","@graph":[{"@type":"WebPage","@id":"https:\/\/www.bagnoitalia.com\/es\/producto\/5-person-whirlpool-230x230-cm-with-120-chromotherapy-jets-and-bluetooth-mp50.html","url":"https:\/\/www.bagnoitalia.com\/es\/producto\/5-person-whirlpool-230x230-cm-with-120-chromotherapy-jets-and-bluetooth-mp50.html","name":"Ba\u00f1era de hidromasaje para 5 personas 230x230 cm con 120 chorros de cromoterapia y Bluetooth MP50 - Bagno Italia","isPartOf":{"@id":"https:\/\/www.bagnoitalia.com\/es#website"},"primaryImageOfPage":{"@id":"https:\/\/www.bagnoitalia.com\/es\/producto\/5-person-whirlpool-230x230-cm-with-120-chromotherapy-jets-and-bluetooth-mp50.html#primaryimage"},"image":{"@id":"https:\/\/www.bagnoitalia.com\/es\/producto\/5-person-whirlpool-230x230-cm-with-120-chromotherapy-jets-and-bluetooth-mp50.html#primaryimage"},"thumbnailUrl":"https:\/\/img.bagnoitalia.com\/wp-content\/uploads\/1-34.webp","datePublished":"2024-11-19T15:41:04+00:00","dateModified":"2025-10-13T13:43:20+00:00","breadcrumb":{"@id":"https:\/\/www.bagnoitalia.com\/es\/producto\/5-person-whirlpool-230x230-cm-with-120-chromotherapy-jets-and-bluetooth-mp50.html#breadcrumb"},"inLanguage":"es","potentialAction":[{"@type":"ReadAction","target":["https:\/\/www.bagnoitalia.com\/es\/producto\/5-person-whirlpool-230x230-cm-with-120-chromotherapy-jets-and-bluetooth-mp50.html"]}]},{"@type":"ImageObject","inLanguage":"es","@id":"https:\/\/www.bagnoitalia.com\/es\/producto\/5-person-whirlpool-230x230-cm-with-120-chromotherapy-jets-and-bluetooth-mp50.html#primaryimage","url":"https:\/\/img.bagnoitalia.com\/wp-content\/uploads\/1-34.webp","contentUrl":"https:\/\/img.bagnoitalia.com\/wp-content\/uploads\/1-34.webp","width":1200,"height":1200},{"@type":"BreadcrumbList","@id":"https:\/\/www.bagnoitalia.com\/es\/producto\/5-person-whirlpool-230x230-cm-with-120-chromotherapy-jets-and-bluetooth-mp50.html#breadcrumb","itemListElement":[{"@type":"ListItem","position":1,"name":"Home","item":"https:\/\/www.bagnoitalia.com\/es"},{"@type":"ListItem","position":2,"name":"Productos","item":"https:\/\/www.bagnoitalia.com\/es\/shop"},{"@type":"ListItem","position":3,"name":"Ba\u00f1era de hidromasaje para 5 personas 230&#215;230 cm con 120 chorros de cromoterapia y Bluetooth MP50"}]},{"@type":"WebSite","@id":"https:\/\/www.bagnoitalia.com\/es#website","url":"https:\/\/www.bagnoitalia.com\/es","name":"Bagno Italia","description":"","publisher":{"@id":"https:\/\/www.bagnoitalia.com\/es#organization"},"potentialAction":[{"@type":"SearchAction","target":{"@type":"EntryPoint","urlTemplate":"https:\/\/www.bagnoitalia.com\/es?s={search_term_string}"},"query-input":{"@type":"PropertyValueSpecification","valueRequired":true,"valueName":"search_term_string"}}],"inLanguage":"es"},{"@type":"Organization","@id":"https:\/\/www.bagnoitalia.com\/es#organization","name":"Bagno Italia","url":"https:\/\/www.bagnoitalia.com\/es","logo":{"@type":"ImageObject","inLanguage":"es","@id":"https:\/\/www.bagnoitalia.com\/es#\/schema\/logo\/image\/","url":"https:\/\/img.bagnoitalia.com\/wp-content\/uploads\/logo-bagnoitalia.webp","contentUrl":"https:\/\/img.bagnoitalia.com\/wp-content\/uploads\/logo-bagnoitalia.webp","width":400,"height":70,"caption":"Bagno Italia"},"image":{"@id":"https:\/\/www.bagnoitalia.com\/es#\/schema\/logo\/image\/"}}]}},"_links":{"self":[{"href":"https:\/\/www.bagnoitalia.com\/es\/wp-json\/wp\/v2\/product\/96659","targetHints":{"allow":["GET"]}}],"collection":[{"href":"https:\/\/www.bagnoitalia.com\/es\/wp-json\/wp\/v2\/product"}],"about":[{"href":"https:\/\/www.bagnoitalia.com\/es\/wp-json\/wp\/v2\/types\/product"}],"replies":[{"embeddable":true,"href":"https:\/\/www.bagnoitalia.com\/es\/wp-json\/wp\/v2\/comments?post=96659"}],"version-history":[{"count":5,"href":"https:\/\/www.bagnoitalia.com\/es\/wp-json\/wp\/v2\/product\/96659\/revisions"}],"predecessor-version":[{"id":112762,"href":"https:\/\/www.bagnoitalia.com\/es\/wp-json\/wp\/v2\/product\/96659\/revisions\/112762"}],"wp:featuredmedia":[{"embeddable":true,"href":"https:\/\/www.bagnoitalia.com\/es\/wp-json\/wp\/v2\/media\/96631"}],"wp:attachment":[{"href":"https:\/\/www.bagnoitalia.com\/es\/wp-json\/wp\/v2\/media?parent=96659"}],"wp:term":[{"taxonomy":"product_brand","embeddable":true,"href":"https:\/\/www.bagnoitalia.com\/es\/wp-json\/wp\/v2\/product_brand?post=96659"},{"taxonomy":"product_cat","embeddable":true,"href":"https:\/\/www.bagnoitalia.com\/es\/wp-json\/wp\/v2\/product_cat?post=96659"},{"taxonomy":"product_tag","embeddable":true,"href":"https:\/\/www.bagnoitalia.com\/es\/wp-json\/wp\/v2\/product_tag?post=96659"}],"curies":[{"name":"wp","href":"https:\/\/api.w.org\/{rel}","templated":true}]}}