{"id":96551,"date":"2024-11-19T15:45:14","date_gmt":"2024-11-19T14:45:14","guid":{"rendered":"https:\/\/www.bagnoitalia.com\/dining-table-160x80-or-180x90-or-200x100-cm-white-metal-frame-wooden-top-in-7-colours-tl036.html"},"modified":"2024-11-19T15:51:30","modified_gmt":"2024-11-19T14:51:30","slug":"dining-table-160x80-or-180x90-or-200x100-cm-white-metal-frame-wooden-top-in-7-colours-tl036","status":"publish","type":"product","link":"https:\/\/www.bagnoitalia.com\/es\/producto\/dining-table-160x80-or-180x90-or-200x100-cm-white-metal-frame-wooden-top-in-7-colours-tl036.html","title":{"rendered":"Mesa de comedor 160&#215;80 o 180&#215;90 o 200&#215;100 cm estructura de metal blanco tablero de madera en 7 colores TL036"},"content":{"rendered":"<p>MESA DE COMEDOR 3 TAMA\u00d1OS 7 COLORES &#8216;TL036<\/p>\n<p>&nbsp;<\/p>\n<p>&nbsp;<\/p>\n<p>&nbsp;<\/p>\n<p>&nbsp;<\/p>\n<p>DIMENSIONES DISPONIBLES<\/p>\n<p>160&#215;80 cm (6 plazas) altura desde el suelo 74,4 cm<br \/>\n180&#215;90 cm (6-8 plazas) altura desde el suelo 74,4 cm<br \/>\n200&#215;100 cm (8 plazas) altura desde el suelo 74,4 cm<\/p>\n<p>&nbsp;<\/p>\n<p>COLORES DISPONIBLES DEL TABLERO<\/p>\n<p>bronce<br \/>\nantracita<br \/>\narcilla<br \/>\ngris piedra<br \/>\nroble blanco<br \/>\nroble dorado<br \/>\nroble gris<\/p>\n<p>&nbsp;<\/p>\n<p>CARACTER\u00cdSTICAS PRINCIPALES<\/p>\n<p>Mesa de comedor rectangular, dise\u00f1o moderno y refinado<\/p>\n<p>Tablero de madera pulida de 3,8 cm de grosor<\/p>\n<p>Armaz\u00f3n de metal, blanco con acabado mate<\/p>\n<p>Patas de 8&#215;2 cm<\/p>\n<p>&nbsp;<\/p>\n<p>NB: sillas NO INCLUIDAS en la oferta<\/p>\n<p>&nbsp;<\/p>\n<p>&nbsp;<\/p>\n<p>&nbsp;<\/p>\n<p>&nbsp;<\/p>\n<p>&nbsp;<\/p>\n<p>&nbsp;<\/p>\n<p>&nbsp;<\/p>\n<p>&nbsp;<\/p>\n<p>&nbsp;<\/p>\n<p>&nbsp;<\/p>\n<p>\u00danico<\/p>\n<p>&nbsp;<\/p>\n<p>&nbsp;<\/p>\n","protected":false},"excerpt":{"rendered":"<p>Mesa rectangular de dise\u00f1o moderno, disponible en 3 tama\u00f1os. Compuesta por patas met\u00e1licas en forma de U con acabado blanco mate. El tablero de la mesa es de madera y est\u00e1 disponible en 7 colores: bronce, antracita, arcilla, gris piedra, roble blanco, roble dorado, roble gris.<\/p>\n","protected":false},"featured_media":96503,"comment_status":"open","ping_status":"closed","template":"","meta":[],"product_brand":[5006],"product_cat":[10008],"product_tag":[],"class_list":{"0":"post-96551","1":"product","2":"type-product","3":"status-publish","4":"has-post-thumbnail","6":"product_brand-deghi","7":"product_cat-tablas","9":"first","10":"instock","11":"sale","12":"taxable","13":"shipping-taxable","14":"purchasable","15":"product-type-simple"},"exclude_global_add_ons":false,"addons":[{"name":"Tipo","type":"multiple_choice","position":0,"required":false,"title_format":"label","default":"","description_enable":false,"description":"","placeholder_enable":false,"placeholder":"","display":"select","restrictions_type":"any_text","adjust_price":false,"price":"","price_type":"flat_fee","restrictions":false,"min":"0","max":"0","options":[{"label":"160x80 con tapa de bronce","price":"","price_type":"flat_fee","image":0,"visibility":true},{"label":"160x80 con encimera antracita","price":"","price_type":"flat_fee","image":0,"visibility":true},{"label":"160x80 con encimera de arcilla","price":"","price_type":"flat_fee","image":0,"visibility":true},{"label":"160x80 con encimera gris piedra","price":"","price_type":"flat_fee","image":0,"visibility":true},{"label":"160x80 con encimera roble blanco","price":"","price_type":"flat_fee","image":0,"visibility":true},{"label":"160x80 con encimera roble dorado","price":"","price_type":"flat_fee","image":0,"visibility":true},{"label":"160x80 con encimera roble gris","price":"","price_type":"flat_fee","image":0,"visibility":true},{"label":"180x90 con tapa de bronce","price":"40","price_type":"flat_fee","image":0,"visibility":true},{"label":"180x90 con encimera antracita","price":"40","price_type":"flat_fee","image":0,"visibility":true},{"label":"180x90 con encimera de arcilla","price":"40","price_type":"flat_fee","image":0,"visibility":true},{"label":"180x90 con encimera gris piedra","price":"40","price_type":"flat_fee","image":0,"visibility":true},{"label":"180x90 con encimera roble blanco","price":"40","price_type":"flat_fee","image":0,"visibility":true},{"label":"180x90 con encimera roble dorado","price":"40","price_type":"flat_fee","image":0,"visibility":true},{"label":"180x90 con encimera roble gris","price":"40","price_type":"flat_fee","image":0,"visibility":true},{"label":"200x100 con tapa de bronce","price":"90","price_type":"flat_fee","image":0,"visibility":true},{"label":"200x100 con encimera antracita","price":"90","price_type":"flat_fee","image":0,"visibility":true},{"label":"200x100 con encimera de arcilla","price":"90","price_type":"flat_fee","image":0,"visibility":true},{"label":"200x100 con encimera gris piedra","price":"90","price_type":"flat_fee","image":0,"visibility":true},{"label":"200x100 con encimera roble blanco","price":"90","price_type":"flat_fee","image":0,"visibility":true},{"label":"200x100 con encimera roble dorado","price":"90","price_type":"flat_fee","image":0,"visibility":true},{"label":"200x100 con encimera roble gris","price":"90","price_type":"flat_fee","image":0,"visibility":true}],"id":1732031115}],"yoast_head":"<!-- This site is optimized with the Yoast SEO plugin v26.7 - https:\/\/yoast.com\/wordpress\/plugins\/seo\/ -->\n<title>Mesa de comedor 160x80 o 180x90 o 200x100 cm estructura de metal blanco tablero de madera en 7 colores TL036 - Bagno Italia<\/title>\n<meta name=\"robots\" content=\"index, follow, max-snippet:-1, max-image-preview:large, max-video-preview:-1\" \/>\n<link rel=\"canonical\" href=\"https:\/\/www.bagnoitalia.com\/es\/producto\/dining-table-160x80-or-180x90-or-200x100-cm-white-metal-frame-wooden-top-in-7-colours-tl036.html\" \/>\n<meta property=\"og:locale\" content=\"es_ES\" \/>\n<meta property=\"og:type\" content=\"article\" \/>\n<meta property=\"og:title\" content=\"Mesa de comedor 160x80 o 180x90 o 200x100 cm estructura de metal blanco tablero de madera en 7 colores TL036 - Bagno Italia\" \/>\n<meta property=\"og:description\" content=\"Mesa rectangular de dise\u00f1o moderno, disponible en 3 tama\u00f1os. Compuesta por patas met\u00e1licas en forma de U con acabado blanco mate. El tablero de la mesa es de madera y est\u00e1 disponible en 7 colores: bronce, antracita, arcilla, gris piedra, roble blanco, roble dorado, roble gris.\" \/>\n<meta property=\"og:url\" content=\"https:\/\/www.bagnoitalia.com\/es\/producto\/dining-table-160x80-or-180x90-or-200x100-cm-white-metal-frame-wooden-top-in-7-colours-tl036.html\" \/>\n<meta property=\"og:site_name\" content=\"Bagno Italia\" \/>\n<meta property=\"article:modified_time\" content=\"2024-11-19T14:51:30+00:00\" \/>\n<meta property=\"og:image\" content=\"https:\/\/img.bagnoitalia.com\/wp-content\/uploads\/1-32.webp\" \/>\n\t<meta property=\"og:image:width\" content=\"1000\" \/>\n\t<meta property=\"og:image:height\" content=\"1000\" \/>\n\t<meta property=\"og:image:type\" content=\"image\/webp\" \/>\n<meta name=\"twitter:card\" content=\"summary_large_image\" \/>\n<meta name=\"twitter:label1\" content=\"Tiempo de lectura\" \/>\n\t<meta name=\"twitter:data1\" content=\"1 minuto\" \/>\n<script type=\"application\/ld+json\" class=\"yoast-schema-graph\">{\"@context\":\"https:\/\/schema.org\",\"@graph\":[{\"@type\":\"WebPage\",\"@id\":\"https:\/\/www.bagnoitalia.com\/es\/producto\/dining-table-160x80-or-180x90-or-200x100-cm-white-metal-frame-wooden-top-in-7-colours-tl036.html\",\"url\":\"https:\/\/www.bagnoitalia.com\/es\/producto\/dining-table-160x80-or-180x90-or-200x100-cm-white-metal-frame-wooden-top-in-7-colours-tl036.html\",\"name\":\"Mesa de comedor 160x80 o 180x90 o 200x100 cm estructura de metal blanco tablero de madera en 7 colores TL036 - Bagno Italia\",\"isPartOf\":{\"@id\":\"https:\/\/www.bagnoitalia.com\/es#website\"},\"primaryImageOfPage\":{\"@id\":\"https:\/\/www.bagnoitalia.com\/es\/producto\/dining-table-160x80-or-180x90-or-200x100-cm-white-metal-frame-wooden-top-in-7-colours-tl036.html#primaryimage\"},\"image\":{\"@id\":\"https:\/\/www.bagnoitalia.com\/es\/producto\/dining-table-160x80-or-180x90-or-200x100-cm-white-metal-frame-wooden-top-in-7-colours-tl036.html#primaryimage\"},\"thumbnailUrl\":\"https:\/\/img.bagnoitalia.com\/wp-content\/uploads\/1-32.webp\",\"datePublished\":\"2024-11-19T14:45:14+00:00\",\"dateModified\":\"2024-11-19T14:51:30+00:00\",\"breadcrumb\":{\"@id\":\"https:\/\/www.bagnoitalia.com\/es\/producto\/dining-table-160x80-or-180x90-or-200x100-cm-white-metal-frame-wooden-top-in-7-colours-tl036.html#breadcrumb\"},\"inLanguage\":\"es\",\"potentialAction\":[{\"@type\":\"ReadAction\",\"target\":[\"https:\/\/www.bagnoitalia.com\/es\/producto\/dining-table-160x80-or-180x90-or-200x100-cm-white-metal-frame-wooden-top-in-7-colours-tl036.html\"]}]},{\"@type\":\"ImageObject\",\"inLanguage\":\"es\",\"@id\":\"https:\/\/www.bagnoitalia.com\/es\/producto\/dining-table-160x80-or-180x90-or-200x100-cm-white-metal-frame-wooden-top-in-7-colours-tl036.html#primaryimage\",\"url\":\"https:\/\/img.bagnoitalia.com\/wp-content\/uploads\/1-32.webp\",\"contentUrl\":\"https:\/\/img.bagnoitalia.com\/wp-content\/uploads\/1-32.webp\",\"width\":1000,\"height\":1000},{\"@type\":\"BreadcrumbList\",\"@id\":\"https:\/\/www.bagnoitalia.com\/es\/producto\/dining-table-160x80-or-180x90-or-200x100-cm-white-metal-frame-wooden-top-in-7-colours-tl036.html#breadcrumb\",\"itemListElement\":[{\"@type\":\"ListItem\",\"position\":1,\"name\":\"Home\",\"item\":\"https:\/\/www.bagnoitalia.com\/es\"},{\"@type\":\"ListItem\",\"position\":2,\"name\":\"Productos\",\"item\":\"https:\/\/www.bagnoitalia.com\/es\/shop\"},{\"@type\":\"ListItem\",\"position\":3,\"name\":\"Mesa de comedor 160&#215;80 o 180&#215;90 o 200&#215;100 cm estructura de metal blanco tablero de madera en 7 colores TL036\"}]},{\"@type\":\"WebSite\",\"@id\":\"https:\/\/www.bagnoitalia.com\/es#website\",\"url\":\"https:\/\/www.bagnoitalia.com\/es\",\"name\":\"Bagno Italia\",\"description\":\"\",\"publisher\":{\"@id\":\"https:\/\/www.bagnoitalia.com\/es#organization\"},\"potentialAction\":[{\"@type\":\"SearchAction\",\"target\":{\"@type\":\"EntryPoint\",\"urlTemplate\":\"https:\/\/www.bagnoitalia.com\/es?s={search_term_string}\"},\"query-input\":{\"@type\":\"PropertyValueSpecification\",\"valueRequired\":true,\"valueName\":\"search_term_string\"}}],\"inLanguage\":\"es\"},{\"@type\":\"Organization\",\"@id\":\"https:\/\/www.bagnoitalia.com\/es#organization\",\"name\":\"Bagno Italia\",\"url\":\"https:\/\/www.bagnoitalia.com\/es\",\"logo\":{\"@type\":\"ImageObject\",\"inLanguage\":\"es\",\"@id\":\"https:\/\/www.bagnoitalia.com\/es#\/schema\/logo\/image\/\",\"url\":\"https:\/\/img.bagnoitalia.com\/wp-content\/uploads\/logo-bagnoitalia.webp\",\"contentUrl\":\"https:\/\/img.bagnoitalia.com\/wp-content\/uploads\/logo-bagnoitalia.webp\",\"width\":400,\"height\":70,\"caption\":\"Bagno Italia\"},\"image\":{\"@id\":\"https:\/\/www.bagnoitalia.com\/es#\/schema\/logo\/image\/\"}}]}<\/script>\n<!-- \/ Yoast SEO plugin. -->","yoast_head_json":{"title":"Mesa de comedor 160x80 o 180x90 o 200x100 cm estructura de metal blanco tablero de madera en 7 colores TL036 - Bagno Italia","robots":{"index":"index","follow":"follow","max-snippet":"max-snippet:-1","max-image-preview":"max-image-preview:large","max-video-preview":"max-video-preview:-1"},"canonical":"https:\/\/www.bagnoitalia.com\/es\/producto\/dining-table-160x80-or-180x90-or-200x100-cm-white-metal-frame-wooden-top-in-7-colours-tl036.html","og_locale":"es_ES","og_type":"article","og_title":"Mesa de comedor 160x80 o 180x90 o 200x100 cm estructura de metal blanco tablero de madera en 7 colores TL036 - Bagno Italia","og_description":"Mesa rectangular de dise\u00f1o moderno, disponible en 3 tama\u00f1os. Compuesta por patas met\u00e1licas en forma de U con acabado blanco mate. El tablero de la mesa es de madera y est\u00e1 disponible en 7 colores: bronce, antracita, arcilla, gris piedra, roble blanco, roble dorado, roble gris.","og_url":"https:\/\/www.bagnoitalia.com\/es\/producto\/dining-table-160x80-or-180x90-or-200x100-cm-white-metal-frame-wooden-top-in-7-colours-tl036.html","og_site_name":"Bagno Italia","article_modified_time":"2024-11-19T14:51:30+00:00","og_image":[{"width":1000,"height":1000,"url":"https:\/\/img.bagnoitalia.com\/wp-content\/uploads\/1-32.webp","type":"image\/webp"}],"twitter_card":"summary_large_image","twitter_misc":{"Tiempo de lectura":"1 minuto"},"schema":{"@context":"https:\/\/schema.org","@graph":[{"@type":"WebPage","@id":"https:\/\/www.bagnoitalia.com\/es\/producto\/dining-table-160x80-or-180x90-or-200x100-cm-white-metal-frame-wooden-top-in-7-colours-tl036.html","url":"https:\/\/www.bagnoitalia.com\/es\/producto\/dining-table-160x80-or-180x90-or-200x100-cm-white-metal-frame-wooden-top-in-7-colours-tl036.html","name":"Mesa de comedor 160x80 o 180x90 o 200x100 cm estructura de metal blanco tablero de madera en 7 colores TL036 - Bagno Italia","isPartOf":{"@id":"https:\/\/www.bagnoitalia.com\/es#website"},"primaryImageOfPage":{"@id":"https:\/\/www.bagnoitalia.com\/es\/producto\/dining-table-160x80-or-180x90-or-200x100-cm-white-metal-frame-wooden-top-in-7-colours-tl036.html#primaryimage"},"image":{"@id":"https:\/\/www.bagnoitalia.com\/es\/producto\/dining-table-160x80-or-180x90-or-200x100-cm-white-metal-frame-wooden-top-in-7-colours-tl036.html#primaryimage"},"thumbnailUrl":"https:\/\/img.bagnoitalia.com\/wp-content\/uploads\/1-32.webp","datePublished":"2024-11-19T14:45:14+00:00","dateModified":"2024-11-19T14:51:30+00:00","breadcrumb":{"@id":"https:\/\/www.bagnoitalia.com\/es\/producto\/dining-table-160x80-or-180x90-or-200x100-cm-white-metal-frame-wooden-top-in-7-colours-tl036.html#breadcrumb"},"inLanguage":"es","potentialAction":[{"@type":"ReadAction","target":["https:\/\/www.bagnoitalia.com\/es\/producto\/dining-table-160x80-or-180x90-or-200x100-cm-white-metal-frame-wooden-top-in-7-colours-tl036.html"]}]},{"@type":"ImageObject","inLanguage":"es","@id":"https:\/\/www.bagnoitalia.com\/es\/producto\/dining-table-160x80-or-180x90-or-200x100-cm-white-metal-frame-wooden-top-in-7-colours-tl036.html#primaryimage","url":"https:\/\/img.bagnoitalia.com\/wp-content\/uploads\/1-32.webp","contentUrl":"https:\/\/img.bagnoitalia.com\/wp-content\/uploads\/1-32.webp","width":1000,"height":1000},{"@type":"BreadcrumbList","@id":"https:\/\/www.bagnoitalia.com\/es\/producto\/dining-table-160x80-or-180x90-or-200x100-cm-white-metal-frame-wooden-top-in-7-colours-tl036.html#breadcrumb","itemListElement":[{"@type":"ListItem","position":1,"name":"Home","item":"https:\/\/www.bagnoitalia.com\/es"},{"@type":"ListItem","position":2,"name":"Productos","item":"https:\/\/www.bagnoitalia.com\/es\/shop"},{"@type":"ListItem","position":3,"name":"Mesa de comedor 160&#215;80 o 180&#215;90 o 200&#215;100 cm estructura de metal blanco tablero de madera en 7 colores TL036"}]},{"@type":"WebSite","@id":"https:\/\/www.bagnoitalia.com\/es#website","url":"https:\/\/www.bagnoitalia.com\/es","name":"Bagno Italia","description":"","publisher":{"@id":"https:\/\/www.bagnoitalia.com\/es#organization"},"potentialAction":[{"@type":"SearchAction","target":{"@type":"EntryPoint","urlTemplate":"https:\/\/www.bagnoitalia.com\/es?s={search_term_string}"},"query-input":{"@type":"PropertyValueSpecification","valueRequired":true,"valueName":"search_term_string"}}],"inLanguage":"es"},{"@type":"Organization","@id":"https:\/\/www.bagnoitalia.com\/es#organization","name":"Bagno Italia","url":"https:\/\/www.bagnoitalia.com\/es","logo":{"@type":"ImageObject","inLanguage":"es","@id":"https:\/\/www.bagnoitalia.com\/es#\/schema\/logo\/image\/","url":"https:\/\/img.bagnoitalia.com\/wp-content\/uploads\/logo-bagnoitalia.webp","contentUrl":"https:\/\/img.bagnoitalia.com\/wp-content\/uploads\/logo-bagnoitalia.webp","width":400,"height":70,"caption":"Bagno Italia"},"image":{"@id":"https:\/\/www.bagnoitalia.com\/es#\/schema\/logo\/image\/"}}]}},"_links":{"self":[{"href":"https:\/\/www.bagnoitalia.com\/es\/wp-json\/wp\/v2\/product\/96551","targetHints":{"allow":["GET"]}}],"collection":[{"href":"https:\/\/www.bagnoitalia.com\/es\/wp-json\/wp\/v2\/product"}],"about":[{"href":"https:\/\/www.bagnoitalia.com\/es\/wp-json\/wp\/v2\/types\/product"}],"replies":[{"embeddable":true,"href":"https:\/\/www.bagnoitalia.com\/es\/wp-json\/wp\/v2\/comments?post=96551"}],"version-history":[{"count":2,"href":"https:\/\/www.bagnoitalia.com\/es\/wp-json\/wp\/v2\/product\/96551\/revisions"}],"predecessor-version":[{"id":96563,"href":"https:\/\/www.bagnoitalia.com\/es\/wp-json\/wp\/v2\/product\/96551\/revisions\/96563"}],"wp:featuredmedia":[{"embeddable":true,"href":"https:\/\/www.bagnoitalia.com\/es\/wp-json\/wp\/v2\/media\/96503"}],"wp:attachment":[{"href":"https:\/\/www.bagnoitalia.com\/es\/wp-json\/wp\/v2\/media?parent=96551"}],"wp:term":[{"taxonomy":"product_brand","embeddable":true,"href":"https:\/\/www.bagnoitalia.com\/es\/wp-json\/wp\/v2\/product_brand?post=96551"},{"taxonomy":"product_cat","embeddable":true,"href":"https:\/\/www.bagnoitalia.com\/es\/wp-json\/wp\/v2\/product_cat?post=96551"},{"taxonomy":"product_tag","embeddable":true,"href":"https:\/\/www.bagnoitalia.com\/es\/wp-json\/wp\/v2\/product_tag?post=96551"}],"curies":[{"name":"wp","href":"https:\/\/api.w.org\/{rel}","templated":true}]}}