{"id":94001,"date":"2024-11-04T15:00:57","date_gmt":"2024-11-04T14:00:57","guid":{"rendered":"https:\/\/www.bagnoitalia.com\/product\/master-double-container-bed-170x205-cm-in-knitted-fabric-or-velvet-4-colours-available"},"modified":"2024-12-03T12:27:14","modified_gmt":"2024-12-03T11:27:14","slug":"master-double-container-bed-170x205-cm-in-knitted-fabric-or-velvet-4-colours-available","status":"publish","type":"product","link":"https:\/\/www.bagnoitalia.com\/es\/producto\/master-double-container-bed-170x205-cm-in-knitted-fabric-or-velvet-4-colours-available.html","title":{"rendered":"Cama contenedor doble Master 170&#215;205 cm en tejido de punto o terciopelo 4 colores disponibles"},"content":{"rendered":"<p>Modelo CAMA DOBLE MASTER<\/p>\n<p>&nbsp;<\/p>\n<p>&nbsp;<\/p>\n<p>&nbsp;<\/p>\n<p>&nbsp;<\/p>\n<p>DIMENSIONES DEL PRODUCTO<\/p>\n<p>Dimensiones exteriores: 170&#215;205 cm<\/p>\n<p>Altura desde el suelo 42 cm<\/p>\n<p>Altura total (cabecero incluido) 114 cm<\/p>\n<p>Altura de los pies 13 cm<\/p>\n<p>Apto para colchones de 160&#215;190 ccm (colch\u00f3n NO incluido en el precio)<\/p>\n<p>&nbsp;<\/p>\n<p>TIPOS DISPONIBLES<\/p>\n<p>tejido de punto gris t\u00f3rtola con pies negros<br \/>\ntejido de punto verde salvia con pies negros<br \/>\nTejido de punto efecto blanco roto con pies dorados<br \/>\ntejido de punto verde salvia con pies dorados<br \/>\nterciopelo Gris paloma con pies Dorados<\/p>\n<p>Seleccione el tipo en el men\u00fa desplegable de arriba<\/p>\n<p>&nbsp;<\/p>\n<p>M\u00c1S DETALLES DEL PRODUCTO<\/p>\n<p>Cama doble<\/p>\n<p>Con compartimento de almacenaje<\/p>\n<p>Somier incluido (colch\u00f3n NO incluido)<\/p>\n<p>Armaz\u00f3n de polywood<\/p>\n<p>Capacidad de carga m\u00e1xima 220 kg<\/p>\n<p>&nbsp;<\/p>\n<p>&nbsp;<\/p>\n<p>&nbsp;<\/p>\n<p>&nbsp;<\/p>\n<p>&nbsp;<\/p>\n<p>&nbsp;<\/p>\n<p>&nbsp;<\/p>\n<p>&nbsp;<\/p>\n<p>&nbsp;<\/p>\n<p>&nbsp;<\/p>\n<p>&nbsp;<\/p>\n<p>&nbsp;<\/p>\n<p>&nbsp;<\/p>\n<p>Maverick<\/p>\n<p>&nbsp;<\/p>\n<p>&nbsp;<\/p>\n","protected":false},"excerpt":{"rendered":"<p>Cama de matrimonio, con pr\u00e1ctico compartimento de almacenaje, disponible con pies negros o dorados. Tapicer\u00eda a elegir: tejido de punto (gris t\u00f3rtola, verde salvia, blanco roto) o terciopelo (gris t\u00f3rtola). Adecuado para colchones de 160&#215;190 cm.<\/p>\n","protected":false},"featured_media":93953,"comment_status":"open","ping_status":"closed","template":"","meta":[],"product_brand":[5006],"product_cat":[9801],"product_tag":[],"class_list":{"0":"post-94001","1":"product","2":"type-product","3":"status-publish","4":"has-post-thumbnail","6":"product_brand-deghi","7":"product_cat-cama-muebles-de-interior","9":"first","10":"instock","11":"sale","12":"taxable","13":"shipping-taxable","14":"purchasable","15":"product-type-simple"},"exclude_global_add_ons":false,"addons":[{"name":"Tipo","type":"multiple_choice","position":0,"required":false,"title_format":"label","default":"","description_enable":false,"description":"","placeholder_enable":false,"placeholder":"","display":"select","restrictions_type":"any_text","adjust_price":false,"price":"","price_type":"flat_fee","restrictions":false,"min":"0","max":"0","options":[{"label":"tejido de punto efecto verde salvia - pies negros","price":"","price_type":"flat_fee","image":0,"visibility":true},{"label":"(No disponible)tejido de punto gris t\u00f3rtola - pies negros","price":"","price_type":"flat_fee","image":0,"visibility":true},{"label":"(No disponible)tejido de punto efecto blanco - pies Gold","price":"","price_type":"flat_fee","image":0,"visibility":true},{"label":"(No disponible)tejido de punto verde salvia efecto - pies Gold","price":"","price_type":"flat_fee","image":0,"visibility":true},{"label":"(No disponible)terciopelo gris t\u00f3rtola - pies Gold","price":"","price_type":"flat_fee","image":0,"visibility":true}],"id":1730732458}],"yoast_head":"<!-- This site is optimized with the Yoast SEO plugin v26.7 - https:\/\/yoast.com\/wordpress\/plugins\/seo\/ -->\n<title>Cama contenedor doble Master 170x205 cm en tejido de punto o terciopelo 4 colores disponibles - Bagno Italia<\/title>\n<meta name=\"robots\" content=\"index, follow, max-snippet:-1, max-image-preview:large, max-video-preview:-1\" \/>\n<link rel=\"canonical\" href=\"https:\/\/www.bagnoitalia.com\/es\/producto\/master-double-container-bed-170x205-cm-in-knitted-fabric-or-velvet-4-colours-available.html\" \/>\n<meta property=\"og:locale\" content=\"es_ES\" \/>\n<meta property=\"og:type\" content=\"article\" \/>\n<meta property=\"og:title\" content=\"Cama contenedor doble Master 170x205 cm en tejido de punto o terciopelo 4 colores disponibles - Bagno Italia\" \/>\n<meta property=\"og:description\" content=\"Cama de matrimonio, con pr\u00e1ctico compartimento de almacenaje, disponible con pies negros o dorados. Tapicer\u00eda a elegir: tejido de punto (gris t\u00f3rtola, verde salvia, blanco roto) o terciopelo (gris t\u00f3rtola). Adecuado para colchones de 160x190 cm.\" \/>\n<meta property=\"og:url\" content=\"https:\/\/www.bagnoitalia.com\/es\/producto\/master-double-container-bed-170x205-cm-in-knitted-fabric-or-velvet-4-colours-available.html\" \/>\n<meta property=\"og:site_name\" content=\"Bagno Italia\" \/>\n<meta property=\"article:modified_time\" content=\"2024-12-03T11:27:14+00:00\" \/>\n<meta property=\"og:image\" content=\"https:\/\/img.bagnoitalia.com\/wp-content\/uploads\/letto-matrimoniale-contenitore-vari-colori.webp-1.webp\" \/>\n\t<meta property=\"og:image:width\" content=\"1000\" \/>\n\t<meta property=\"og:image:height\" content=\"1000\" \/>\n\t<meta property=\"og:image:type\" content=\"image\/webp\" \/>\n<meta name=\"twitter:card\" content=\"summary_large_image\" \/>\n<meta name=\"twitter:label1\" content=\"Tiempo de lectura\" \/>\n\t<meta name=\"twitter:data1\" content=\"1 minuto\" \/>\n<script type=\"application\/ld+json\" class=\"yoast-schema-graph\">{\"@context\":\"https:\/\/schema.org\",\"@graph\":[{\"@type\":\"WebPage\",\"@id\":\"https:\/\/www.bagnoitalia.com\/es\/producto\/master-double-container-bed-170x205-cm-in-knitted-fabric-or-velvet-4-colours-available.html\",\"url\":\"https:\/\/www.bagnoitalia.com\/es\/producto\/master-double-container-bed-170x205-cm-in-knitted-fabric-or-velvet-4-colours-available.html\",\"name\":\"Cama contenedor doble Master 170x205 cm en tejido de punto o terciopelo 4 colores disponibles - Bagno Italia\",\"isPartOf\":{\"@id\":\"https:\/\/www.bagnoitalia.com\/es#website\"},\"primaryImageOfPage\":{\"@id\":\"https:\/\/www.bagnoitalia.com\/es\/producto\/master-double-container-bed-170x205-cm-in-knitted-fabric-or-velvet-4-colours-available.html#primaryimage\"},\"image\":{\"@id\":\"https:\/\/www.bagnoitalia.com\/es\/producto\/master-double-container-bed-170x205-cm-in-knitted-fabric-or-velvet-4-colours-available.html#primaryimage\"},\"thumbnailUrl\":\"https:\/\/img.bagnoitalia.com\/wp-content\/uploads\/letto-matrimoniale-contenitore-vari-colori.webp-1.webp\",\"datePublished\":\"2024-11-04T14:00:57+00:00\",\"dateModified\":\"2024-12-03T11:27:14+00:00\",\"breadcrumb\":{\"@id\":\"https:\/\/www.bagnoitalia.com\/es\/producto\/master-double-container-bed-170x205-cm-in-knitted-fabric-or-velvet-4-colours-available.html#breadcrumb\"},\"inLanguage\":\"es\",\"potentialAction\":[{\"@type\":\"ReadAction\",\"target\":[\"https:\/\/www.bagnoitalia.com\/es\/producto\/master-double-container-bed-170x205-cm-in-knitted-fabric-or-velvet-4-colours-available.html\"]}]},{\"@type\":\"ImageObject\",\"inLanguage\":\"es\",\"@id\":\"https:\/\/www.bagnoitalia.com\/es\/producto\/master-double-container-bed-170x205-cm-in-knitted-fabric-or-velvet-4-colours-available.html#primaryimage\",\"url\":\"https:\/\/img.bagnoitalia.com\/wp-content\/uploads\/letto-matrimoniale-contenitore-vari-colori.webp-1.webp\",\"contentUrl\":\"https:\/\/img.bagnoitalia.com\/wp-content\/uploads\/letto-matrimoniale-contenitore-vari-colori.webp-1.webp\",\"width\":1000,\"height\":1000},{\"@type\":\"BreadcrumbList\",\"@id\":\"https:\/\/www.bagnoitalia.com\/es\/producto\/master-double-container-bed-170x205-cm-in-knitted-fabric-or-velvet-4-colours-available.html#breadcrumb\",\"itemListElement\":[{\"@type\":\"ListItem\",\"position\":1,\"name\":\"Home\",\"item\":\"https:\/\/www.bagnoitalia.com\/es\"},{\"@type\":\"ListItem\",\"position\":2,\"name\":\"Productos\",\"item\":\"https:\/\/www.bagnoitalia.com\/es\/shop\"},{\"@type\":\"ListItem\",\"position\":3,\"name\":\"Cama contenedor doble Master 170&#215;205 cm en tejido de punto o terciopelo 4 colores disponibles\"}]},{\"@type\":\"WebSite\",\"@id\":\"https:\/\/www.bagnoitalia.com\/es#website\",\"url\":\"https:\/\/www.bagnoitalia.com\/es\",\"name\":\"Bagno Italia\",\"description\":\"\",\"publisher\":{\"@id\":\"https:\/\/www.bagnoitalia.com\/es#organization\"},\"potentialAction\":[{\"@type\":\"SearchAction\",\"target\":{\"@type\":\"EntryPoint\",\"urlTemplate\":\"https:\/\/www.bagnoitalia.com\/es?s={search_term_string}\"},\"query-input\":{\"@type\":\"PropertyValueSpecification\",\"valueRequired\":true,\"valueName\":\"search_term_string\"}}],\"inLanguage\":\"es\"},{\"@type\":\"Organization\",\"@id\":\"https:\/\/www.bagnoitalia.com\/es#organization\",\"name\":\"Bagno Italia\",\"url\":\"https:\/\/www.bagnoitalia.com\/es\",\"logo\":{\"@type\":\"ImageObject\",\"inLanguage\":\"es\",\"@id\":\"https:\/\/www.bagnoitalia.com\/es#\/schema\/logo\/image\/\",\"url\":\"https:\/\/img.bagnoitalia.com\/wp-content\/uploads\/logo-bagnoitalia.webp\",\"contentUrl\":\"https:\/\/img.bagnoitalia.com\/wp-content\/uploads\/logo-bagnoitalia.webp\",\"width\":400,\"height\":70,\"caption\":\"Bagno Italia\"},\"image\":{\"@id\":\"https:\/\/www.bagnoitalia.com\/es#\/schema\/logo\/image\/\"}}]}<\/script>\n<!-- \/ Yoast SEO plugin. -->","yoast_head_json":{"title":"Cama contenedor doble Master 170x205 cm en tejido de punto o terciopelo 4 colores disponibles - Bagno Italia","robots":{"index":"index","follow":"follow","max-snippet":"max-snippet:-1","max-image-preview":"max-image-preview:large","max-video-preview":"max-video-preview:-1"},"canonical":"https:\/\/www.bagnoitalia.com\/es\/producto\/master-double-container-bed-170x205-cm-in-knitted-fabric-or-velvet-4-colours-available.html","og_locale":"es_ES","og_type":"article","og_title":"Cama contenedor doble Master 170x205 cm en tejido de punto o terciopelo 4 colores disponibles - Bagno Italia","og_description":"Cama de matrimonio, con pr\u00e1ctico compartimento de almacenaje, disponible con pies negros o dorados. Tapicer\u00eda a elegir: tejido de punto (gris t\u00f3rtola, verde salvia, blanco roto) o terciopelo (gris t\u00f3rtola). Adecuado para colchones de 160x190 cm.","og_url":"https:\/\/www.bagnoitalia.com\/es\/producto\/master-double-container-bed-170x205-cm-in-knitted-fabric-or-velvet-4-colours-available.html","og_site_name":"Bagno Italia","article_modified_time":"2024-12-03T11:27:14+00:00","og_image":[{"width":1000,"height":1000,"url":"https:\/\/img.bagnoitalia.com\/wp-content\/uploads\/letto-matrimoniale-contenitore-vari-colori.webp-1.webp","type":"image\/webp"}],"twitter_card":"summary_large_image","twitter_misc":{"Tiempo de lectura":"1 minuto"},"schema":{"@context":"https:\/\/schema.org","@graph":[{"@type":"WebPage","@id":"https:\/\/www.bagnoitalia.com\/es\/producto\/master-double-container-bed-170x205-cm-in-knitted-fabric-or-velvet-4-colours-available.html","url":"https:\/\/www.bagnoitalia.com\/es\/producto\/master-double-container-bed-170x205-cm-in-knitted-fabric-or-velvet-4-colours-available.html","name":"Cama contenedor doble Master 170x205 cm en tejido de punto o terciopelo 4 colores disponibles - Bagno Italia","isPartOf":{"@id":"https:\/\/www.bagnoitalia.com\/es#website"},"primaryImageOfPage":{"@id":"https:\/\/www.bagnoitalia.com\/es\/producto\/master-double-container-bed-170x205-cm-in-knitted-fabric-or-velvet-4-colours-available.html#primaryimage"},"image":{"@id":"https:\/\/www.bagnoitalia.com\/es\/producto\/master-double-container-bed-170x205-cm-in-knitted-fabric-or-velvet-4-colours-available.html#primaryimage"},"thumbnailUrl":"https:\/\/img.bagnoitalia.com\/wp-content\/uploads\/letto-matrimoniale-contenitore-vari-colori.webp-1.webp","datePublished":"2024-11-04T14:00:57+00:00","dateModified":"2024-12-03T11:27:14+00:00","breadcrumb":{"@id":"https:\/\/www.bagnoitalia.com\/es\/producto\/master-double-container-bed-170x205-cm-in-knitted-fabric-or-velvet-4-colours-available.html#breadcrumb"},"inLanguage":"es","potentialAction":[{"@type":"ReadAction","target":["https:\/\/www.bagnoitalia.com\/es\/producto\/master-double-container-bed-170x205-cm-in-knitted-fabric-or-velvet-4-colours-available.html"]}]},{"@type":"ImageObject","inLanguage":"es","@id":"https:\/\/www.bagnoitalia.com\/es\/producto\/master-double-container-bed-170x205-cm-in-knitted-fabric-or-velvet-4-colours-available.html#primaryimage","url":"https:\/\/img.bagnoitalia.com\/wp-content\/uploads\/letto-matrimoniale-contenitore-vari-colori.webp-1.webp","contentUrl":"https:\/\/img.bagnoitalia.com\/wp-content\/uploads\/letto-matrimoniale-contenitore-vari-colori.webp-1.webp","width":1000,"height":1000},{"@type":"BreadcrumbList","@id":"https:\/\/www.bagnoitalia.com\/es\/producto\/master-double-container-bed-170x205-cm-in-knitted-fabric-or-velvet-4-colours-available.html#breadcrumb","itemListElement":[{"@type":"ListItem","position":1,"name":"Home","item":"https:\/\/www.bagnoitalia.com\/es"},{"@type":"ListItem","position":2,"name":"Productos","item":"https:\/\/www.bagnoitalia.com\/es\/shop"},{"@type":"ListItem","position":3,"name":"Cama contenedor doble Master 170&#215;205 cm en tejido de punto o terciopelo 4 colores disponibles"}]},{"@type":"WebSite","@id":"https:\/\/www.bagnoitalia.com\/es#website","url":"https:\/\/www.bagnoitalia.com\/es","name":"Bagno Italia","description":"","publisher":{"@id":"https:\/\/www.bagnoitalia.com\/es#organization"},"potentialAction":[{"@type":"SearchAction","target":{"@type":"EntryPoint","urlTemplate":"https:\/\/www.bagnoitalia.com\/es?s={search_term_string}"},"query-input":{"@type":"PropertyValueSpecification","valueRequired":true,"valueName":"search_term_string"}}],"inLanguage":"es"},{"@type":"Organization","@id":"https:\/\/www.bagnoitalia.com\/es#organization","name":"Bagno Italia","url":"https:\/\/www.bagnoitalia.com\/es","logo":{"@type":"ImageObject","inLanguage":"es","@id":"https:\/\/www.bagnoitalia.com\/es#\/schema\/logo\/image\/","url":"https:\/\/img.bagnoitalia.com\/wp-content\/uploads\/logo-bagnoitalia.webp","contentUrl":"https:\/\/img.bagnoitalia.com\/wp-content\/uploads\/logo-bagnoitalia.webp","width":400,"height":70,"caption":"Bagno Italia"},"image":{"@id":"https:\/\/www.bagnoitalia.com\/es#\/schema\/logo\/image\/"}}]}},"_links":{"self":[{"href":"https:\/\/www.bagnoitalia.com\/es\/wp-json\/wp\/v2\/product\/94001","targetHints":{"allow":["GET"]}}],"collection":[{"href":"https:\/\/www.bagnoitalia.com\/es\/wp-json\/wp\/v2\/product"}],"about":[{"href":"https:\/\/www.bagnoitalia.com\/es\/wp-json\/wp\/v2\/types\/product"}],"replies":[{"embeddable":true,"href":"https:\/\/www.bagnoitalia.com\/es\/wp-json\/wp\/v2\/comments?post=94001"}],"version-history":[{"count":2,"href":"https:\/\/www.bagnoitalia.com\/es\/wp-json\/wp\/v2\/product\/94001\/revisions"}],"predecessor-version":[{"id":94005,"href":"https:\/\/www.bagnoitalia.com\/es\/wp-json\/wp\/v2\/product\/94001\/revisions\/94005"}],"wp:featuredmedia":[{"embeddable":true,"href":"https:\/\/www.bagnoitalia.com\/es\/wp-json\/wp\/v2\/media\/93953"}],"wp:attachment":[{"href":"https:\/\/www.bagnoitalia.com\/es\/wp-json\/wp\/v2\/media?parent=94001"}],"wp:term":[{"taxonomy":"product_brand","embeddable":true,"href":"https:\/\/www.bagnoitalia.com\/es\/wp-json\/wp\/v2\/product_brand?post=94001"},{"taxonomy":"product_cat","embeddable":true,"href":"https:\/\/www.bagnoitalia.com\/es\/wp-json\/wp\/v2\/product_cat?post=94001"},{"taxonomy":"product_tag","embeddable":true,"href":"https:\/\/www.bagnoitalia.com\/es\/wp-json\/wp\/v2\/product_tag?post=94001"}],"curies":[{"name":"wp","href":"https:\/\/api.w.org\/{rel}","templated":true}]}}