{"id":93901,"date":"2024-06-20T14:38:24","date_gmt":"2024-06-20T12:38:24","guid":{"rendered":"https:\/\/www.bagnoitalia.com\/product\/lola3-bathroom-cabinet-80-or-100-cm-2-drawers-in-various-colours-resin-washbasin-and-mirror"},"modified":"2025-11-14T16:25:54","modified_gmt":"2025-11-14T15:25:54","slug":"lola3-bathroom-cabinet-80-or-100-cm-2-drawers-in-various-colours-resin-washbasin-and-mirror","status":"publish","type":"product","link":"https:\/\/www.bagnoitalia.com\/es\/producto\/lola3-bathroom-cabinet-80-or-100-cm-2-drawers-in-various-colours-resin-washbasin-and-mirror.html","title":{"rendered":"Mueble de ba\u00f1o Lola3, de 80 o 100 cm, con 2 cajones, en varios colores, con lavabo y espejo"},"content":{"rendered":"<p><strong><span dir=\"auto\">Mueble de ba\u00f1o LOLA3 de 80 o 100 cm<\/span><\/strong><\/p>\n<p>&nbsp;<\/p>\n<p>&nbsp;<\/p>\n<p><strong><span dir=\"auto\">CARACTER\u00cdSTICAS:<\/span><\/strong><\/p>\n<p><span dir=\"auto\">Muebles de ba\u00f1o suspendidos modernos con opci\u00f3n de dos tipos<\/span><\/p>\n<ul>\n<li><strong><span dir=\"auto\">80x45x50 cm<\/span><\/strong><span dir=\"auto\">\u00a0(con espejo de 70&#215;90 cm)<\/span><\/li>\n<li><strong><span dir=\"auto\">100x45x50 cm<\/span><\/strong><span dir=\"auto\">\u00a0(con espejo de 70&#215;100 cm)<\/span><\/li>\n<\/ul>\n<p><span dir=\"auto\">Base de lavabo en madera laminada<\/span><\/p>\n<p><span dir=\"auto\">Colores disponibles: blanco mate, papel de az\u00facar, verde cemento, antracita, roble oscuro, roble dorado<\/span><\/p>\n<p><span dir=\"auto\">Lavabo de cer\u00e1mica blanca brillante, con orificio de rebosadero y orificio para grifo<\/span><\/p>\n<p><span dir=\"auto\">Base compuesta por dos cajones con cierre suave y apertura mediante una ranura.<\/span><\/p>\n<p><span dir=\"auto\">Espejo reversible empotrado incluido<\/span><\/p>\n<p>&nbsp;<\/p>\n<p>&nbsp;<\/p>\n<p><span dir=\"auto\">ATENCI\u00d3N: Los grifos, el desag\u00fce y la luz de pared no est\u00e1n incluidos en el precio.<\/span><\/p>\n<p>&nbsp;<\/p>\n<p><span dir=\"auto\">Tambi\u00e9n puede completar la composici\u00f3n a\u00f1adiendo (a trav\u00e9s de los men\u00fas superiores) la l\u00e1mpara de pared (con estructura cromada o negra) y\/o una\u00a0\u00a0<\/span><strong><span dir=\"auto\">columna<\/span><\/strong><span dir=\"auto\">\u00a0reversible \u00a0de 30x30x100 cm de alto.<\/span><\/p>\n<p>&nbsp;<\/p>\n<p>&nbsp;<\/p>\n","protected":false},"excerpt":{"rendered":"<div class=\"woocommerce-product-details__short-description\">\n<p><span dir=\"auto\"><span class=\"VIpgJd-yAWNEb-VIpgJd-fmcmS-sn54Q\" dir=\"auto\">mueble de ba\u00f1o modernos, disponible en dos tama\u00f1os. base con dos cajones, un lavabo y un espejo. Disponible en blanco mate, papel de az\u00facar, verde cemento, antracita, roble oscuro y roble dorado.<\/span><\/span><\/p>\n<\/div>\n<div class=\"woocommerce-product-rating\"><\/div>\n","protected":false},"featured_media":114798,"comment_status":"open","ping_status":"closed","template":"","meta":[],"product_brand":[9884],"product_cat":[9721],"product_tag":[],"class_list":{"0":"post-93901","1":"product","2":"type-product","3":"status-publish","4":"has-post-thumbnail","6":"product_brand-deghi-es","7":"product_cat-mueble-de-bano-de-71-a-100-cm-muebles-modernos","9":"first","10":"instock","11":"sale","12":"taxable","13":"shipping-taxable","14":"purchasable","15":"product-type-simple"},"exclude_global_add_ons":false,"addons":[{"name":"Tipo","type":"multiple_choice","position":0,"required":false,"title_format":"label","default":"","description_enable":false,"description":"","placeholder_enable":false,"placeholder":"","display":"select","restrictions_type":"any_text","adjust_price":false,"price":"","price_type":"flat_fee","restrictions":false,"min":"0","max":"0","options":[{"label":"80 cm papel az\u00facar","price":"","price_type":"flat_fee","image":0,"visibility":true},{"label":"80 cm blanco mate","price":"","price_type":"flat_fee","image":0,"visibility":true},{"label":"80 cm verde cemento","price":"","price_type":"flat_fee","image":0,"visibility":true},{"label":"80 cm antracita","price":"","price_type":"flat_fee","image":0,"visibility":true},{"label":"80 cm roble oscuro","price":"","price_type":"flat_fee","image":0,"visibility":true},{"label":"80 cm roble dorado","price":"","price_type":"flat_fee","image":0,"visibility":true},{"label":"100 cm papel az\u00facar","price":"100","price_type":"flat_fee","image":0,"visibility":true},{"label":"100 cm blanco mate","price":"100","price_type":"flat_fee","image":0,"visibility":true},{"label":"100 cm verde cemento","price":"100","price_type":"flat_fee","image":0,"visibility":true},{"label":"100 cm antracita","price":"100","price_type":"flat_fee","image":0,"visibility":true},{"label":"100 cm roble oscuro","price":"100","price_type":"flat_fee","image":0,"visibility":true},{"label":"100 cm roble dorado","price":"100","price_type":"flat_fee","image":0,"visibility":true}],"id":1718894306},{"name":"Columna","type":"multiple_choice","position":1,"required":false,"title_format":"label","default":"","description_enable":false,"description":"","placeholder_enable":false,"placeholder":"","display":"select","restrictions_type":"any_text","adjust_price":false,"price":"","price_type":"flat_fee","restrictions":false,"min":"0","max":"0","options":[{"label":"no","price":"","price_type":"flat_fee","image":0,"visibility":true},{"label":"1 columna de 30x30xH100 cm","price":"220","price_type":"flat_fee","image":0,"visibility":true}],"id":1718894308},{"name":"Aplique","type":"multiple_choice","position":2,"required":false,"title_format":"label","default":"","description_enable":false,"description":"","placeholder_enable":false,"placeholder":"","display":"select","restrictions_type":"any_text","adjust_price":false,"price":"","price_type":"flat_fee","restrictions":false,"min":"0","max":"0","options":[{"label":"No","price":"","price_type":"flat_fee","image":0,"visibility":true},{"label":"Foco Led Cromo","price":"20","price_type":"flat_fee","image":0,"visibility":true},{"label":"Foco Led Negro Mate","price":"25","price_type":"flat_fee","image":0,"visibility":true}],"id":1718894309}],"yoast_head":"<!-- This site is optimized with the Yoast SEO plugin v26.7 - https:\/\/yoast.com\/wordpress\/plugins\/seo\/ -->\n<title>Mueble de ba\u00f1o Lola3, de 80 o 100 cm, con 2 cajones, en varios colores, con lavabo y espejo - Bagno Italia<\/title>\n<meta name=\"robots\" content=\"index, follow, max-snippet:-1, max-image-preview:large, max-video-preview:-1\" \/>\n<link rel=\"canonical\" href=\"https:\/\/www.bagnoitalia.com\/es\/producto\/lola3-bathroom-cabinet-80-or-100-cm-2-drawers-in-various-colours-resin-washbasin-and-mirror.html\" \/>\n<meta property=\"og:locale\" content=\"es_ES\" \/>\n<meta property=\"og:type\" content=\"article\" \/>\n<meta property=\"og:title\" content=\"Mueble de ba\u00f1o Lola3, de 80 o 100 cm, con 2 cajones, en varios colores, con lavabo y espejo - Bagno Italia\" \/>\n<meta property=\"og:description\" content=\"mueble de ba\u00f1o modernos, disponible en dos tama\u00f1os. base con dos cajones, un lavabo y un espejo. Disponible en blanco mate, papel de az\u00facar, verde cemento, antracita, roble oscuro y roble dorado.\" \/>\n<meta property=\"og:url\" content=\"https:\/\/www.bagnoitalia.com\/es\/producto\/lola3-bathroom-cabinet-80-or-100-cm-2-drawers-in-various-colours-resin-washbasin-and-mirror.html\" \/>\n<meta property=\"og:site_name\" content=\"Bagno Italia\" \/>\n<meta property=\"article:modified_time\" content=\"2025-11-14T15:25:54+00:00\" \/>\n<meta property=\"og:image\" content=\"https:\/\/img.bagnoitalia.com\/wp-content\/uploads\/mobile-bagno-lola-sospeso-80-100-colori.jpg\" \/>\n\t<meta property=\"og:image:width\" content=\"1000\" \/>\n\t<meta property=\"og:image:height\" content=\"1000\" \/>\n\t<meta property=\"og:image:type\" content=\"image\/jpeg\" \/>\n<meta name=\"twitter:card\" content=\"summary_large_image\" \/>\n<meta name=\"twitter:label1\" content=\"Tiempo de lectura\" \/>\n\t<meta name=\"twitter:data1\" content=\"1 minuto\" \/>\n<script type=\"application\/ld+json\" class=\"yoast-schema-graph\">{\"@context\":\"https:\/\/schema.org\",\"@graph\":[{\"@type\":\"WebPage\",\"@id\":\"https:\/\/www.bagnoitalia.com\/es\/producto\/lola3-bathroom-cabinet-80-or-100-cm-2-drawers-in-various-colours-resin-washbasin-and-mirror.html\",\"url\":\"https:\/\/www.bagnoitalia.com\/es\/producto\/lola3-bathroom-cabinet-80-or-100-cm-2-drawers-in-various-colours-resin-washbasin-and-mirror.html\",\"name\":\"Mueble de ba\u00f1o Lola3, de 80 o 100 cm, con 2 cajones, en varios colores, con lavabo y espejo - Bagno Italia\",\"isPartOf\":{\"@id\":\"https:\/\/www.bagnoitalia.com\/es#website\"},\"primaryImageOfPage\":{\"@id\":\"https:\/\/www.bagnoitalia.com\/es\/producto\/lola3-bathroom-cabinet-80-or-100-cm-2-drawers-in-various-colours-resin-washbasin-and-mirror.html#primaryimage\"},\"image\":{\"@id\":\"https:\/\/www.bagnoitalia.com\/es\/producto\/lola3-bathroom-cabinet-80-or-100-cm-2-drawers-in-various-colours-resin-washbasin-and-mirror.html#primaryimage\"},\"thumbnailUrl\":\"https:\/\/img.bagnoitalia.com\/wp-content\/uploads\/mobile-bagno-lola-sospeso-80-100-colori.jpg\",\"datePublished\":\"2024-06-20T12:38:24+00:00\",\"dateModified\":\"2025-11-14T15:25:54+00:00\",\"breadcrumb\":{\"@id\":\"https:\/\/www.bagnoitalia.com\/es\/producto\/lola3-bathroom-cabinet-80-or-100-cm-2-drawers-in-various-colours-resin-washbasin-and-mirror.html#breadcrumb\"},\"inLanguage\":\"es\",\"potentialAction\":[{\"@type\":\"ReadAction\",\"target\":[\"https:\/\/www.bagnoitalia.com\/es\/producto\/lola3-bathroom-cabinet-80-or-100-cm-2-drawers-in-various-colours-resin-washbasin-and-mirror.html\"]}]},{\"@type\":\"ImageObject\",\"inLanguage\":\"es\",\"@id\":\"https:\/\/www.bagnoitalia.com\/es\/producto\/lola3-bathroom-cabinet-80-or-100-cm-2-drawers-in-various-colours-resin-washbasin-and-mirror.html#primaryimage\",\"url\":\"https:\/\/img.bagnoitalia.com\/wp-content\/uploads\/mobile-bagno-lola-sospeso-80-100-colori.jpg\",\"contentUrl\":\"https:\/\/img.bagnoitalia.com\/wp-content\/uploads\/mobile-bagno-lola-sospeso-80-100-colori.jpg\",\"width\":1000,\"height\":1000},{\"@type\":\"BreadcrumbList\",\"@id\":\"https:\/\/www.bagnoitalia.com\/es\/producto\/lola3-bathroom-cabinet-80-or-100-cm-2-drawers-in-various-colours-resin-washbasin-and-mirror.html#breadcrumb\",\"itemListElement\":[{\"@type\":\"ListItem\",\"position\":1,\"name\":\"Home\",\"item\":\"https:\/\/www.bagnoitalia.com\/es\"},{\"@type\":\"ListItem\",\"position\":2,\"name\":\"Productos\",\"item\":\"https:\/\/www.bagnoitalia.com\/es\/shop\"},{\"@type\":\"ListItem\",\"position\":3,\"name\":\"Mueble de ba\u00f1o Lola3, de 80 o 100 cm, con 2 cajones, en varios colores, con lavabo y espejo\"}]},{\"@type\":\"WebSite\",\"@id\":\"https:\/\/www.bagnoitalia.com\/es#website\",\"url\":\"https:\/\/www.bagnoitalia.com\/es\",\"name\":\"Bagno Italia\",\"description\":\"\",\"publisher\":{\"@id\":\"https:\/\/www.bagnoitalia.com\/es#organization\"},\"potentialAction\":[{\"@type\":\"SearchAction\",\"target\":{\"@type\":\"EntryPoint\",\"urlTemplate\":\"https:\/\/www.bagnoitalia.com\/es?s={search_term_string}\"},\"query-input\":{\"@type\":\"PropertyValueSpecification\",\"valueRequired\":true,\"valueName\":\"search_term_string\"}}],\"inLanguage\":\"es\"},{\"@type\":\"Organization\",\"@id\":\"https:\/\/www.bagnoitalia.com\/es#organization\",\"name\":\"Bagno Italia\",\"url\":\"https:\/\/www.bagnoitalia.com\/es\",\"logo\":{\"@type\":\"ImageObject\",\"inLanguage\":\"es\",\"@id\":\"https:\/\/www.bagnoitalia.com\/es#\/schema\/logo\/image\/\",\"url\":\"https:\/\/img.bagnoitalia.com\/wp-content\/uploads\/logo-bagnoitalia.webp\",\"contentUrl\":\"https:\/\/img.bagnoitalia.com\/wp-content\/uploads\/logo-bagnoitalia.webp\",\"width\":400,\"height\":70,\"caption\":\"Bagno Italia\"},\"image\":{\"@id\":\"https:\/\/www.bagnoitalia.com\/es#\/schema\/logo\/image\/\"}}]}<\/script>\n<!-- \/ Yoast SEO plugin. -->","yoast_head_json":{"title":"Mueble de ba\u00f1o Lola3, de 80 o 100 cm, con 2 cajones, en varios colores, con lavabo y espejo - Bagno Italia","robots":{"index":"index","follow":"follow","max-snippet":"max-snippet:-1","max-image-preview":"max-image-preview:large","max-video-preview":"max-video-preview:-1"},"canonical":"https:\/\/www.bagnoitalia.com\/es\/producto\/lola3-bathroom-cabinet-80-or-100-cm-2-drawers-in-various-colours-resin-washbasin-and-mirror.html","og_locale":"es_ES","og_type":"article","og_title":"Mueble de ba\u00f1o Lola3, de 80 o 100 cm, con 2 cajones, en varios colores, con lavabo y espejo - Bagno Italia","og_description":"mueble de ba\u00f1o modernos, disponible en dos tama\u00f1os. base con dos cajones, un lavabo y un espejo. Disponible en blanco mate, papel de az\u00facar, verde cemento, antracita, roble oscuro y roble dorado.","og_url":"https:\/\/www.bagnoitalia.com\/es\/producto\/lola3-bathroom-cabinet-80-or-100-cm-2-drawers-in-various-colours-resin-washbasin-and-mirror.html","og_site_name":"Bagno Italia","article_modified_time":"2025-11-14T15:25:54+00:00","og_image":[{"width":1000,"height":1000,"url":"https:\/\/img.bagnoitalia.com\/wp-content\/uploads\/mobile-bagno-lola-sospeso-80-100-colori.jpg","type":"image\/jpeg"}],"twitter_card":"summary_large_image","twitter_misc":{"Tiempo de lectura":"1 minuto"},"schema":{"@context":"https:\/\/schema.org","@graph":[{"@type":"WebPage","@id":"https:\/\/www.bagnoitalia.com\/es\/producto\/lola3-bathroom-cabinet-80-or-100-cm-2-drawers-in-various-colours-resin-washbasin-and-mirror.html","url":"https:\/\/www.bagnoitalia.com\/es\/producto\/lola3-bathroom-cabinet-80-or-100-cm-2-drawers-in-various-colours-resin-washbasin-and-mirror.html","name":"Mueble de ba\u00f1o Lola3, de 80 o 100 cm, con 2 cajones, en varios colores, con lavabo y espejo - Bagno Italia","isPartOf":{"@id":"https:\/\/www.bagnoitalia.com\/es#website"},"primaryImageOfPage":{"@id":"https:\/\/www.bagnoitalia.com\/es\/producto\/lola3-bathroom-cabinet-80-or-100-cm-2-drawers-in-various-colours-resin-washbasin-and-mirror.html#primaryimage"},"image":{"@id":"https:\/\/www.bagnoitalia.com\/es\/producto\/lola3-bathroom-cabinet-80-or-100-cm-2-drawers-in-various-colours-resin-washbasin-and-mirror.html#primaryimage"},"thumbnailUrl":"https:\/\/img.bagnoitalia.com\/wp-content\/uploads\/mobile-bagno-lola-sospeso-80-100-colori.jpg","datePublished":"2024-06-20T12:38:24+00:00","dateModified":"2025-11-14T15:25:54+00:00","breadcrumb":{"@id":"https:\/\/www.bagnoitalia.com\/es\/producto\/lola3-bathroom-cabinet-80-or-100-cm-2-drawers-in-various-colours-resin-washbasin-and-mirror.html#breadcrumb"},"inLanguage":"es","potentialAction":[{"@type":"ReadAction","target":["https:\/\/www.bagnoitalia.com\/es\/producto\/lola3-bathroom-cabinet-80-or-100-cm-2-drawers-in-various-colours-resin-washbasin-and-mirror.html"]}]},{"@type":"ImageObject","inLanguage":"es","@id":"https:\/\/www.bagnoitalia.com\/es\/producto\/lola3-bathroom-cabinet-80-or-100-cm-2-drawers-in-various-colours-resin-washbasin-and-mirror.html#primaryimage","url":"https:\/\/img.bagnoitalia.com\/wp-content\/uploads\/mobile-bagno-lola-sospeso-80-100-colori.jpg","contentUrl":"https:\/\/img.bagnoitalia.com\/wp-content\/uploads\/mobile-bagno-lola-sospeso-80-100-colori.jpg","width":1000,"height":1000},{"@type":"BreadcrumbList","@id":"https:\/\/www.bagnoitalia.com\/es\/producto\/lola3-bathroom-cabinet-80-or-100-cm-2-drawers-in-various-colours-resin-washbasin-and-mirror.html#breadcrumb","itemListElement":[{"@type":"ListItem","position":1,"name":"Home","item":"https:\/\/www.bagnoitalia.com\/es"},{"@type":"ListItem","position":2,"name":"Productos","item":"https:\/\/www.bagnoitalia.com\/es\/shop"},{"@type":"ListItem","position":3,"name":"Mueble de ba\u00f1o Lola3, de 80 o 100 cm, con 2 cajones, en varios colores, con lavabo y espejo"}]},{"@type":"WebSite","@id":"https:\/\/www.bagnoitalia.com\/es#website","url":"https:\/\/www.bagnoitalia.com\/es","name":"Bagno Italia","description":"","publisher":{"@id":"https:\/\/www.bagnoitalia.com\/es#organization"},"potentialAction":[{"@type":"SearchAction","target":{"@type":"EntryPoint","urlTemplate":"https:\/\/www.bagnoitalia.com\/es?s={search_term_string}"},"query-input":{"@type":"PropertyValueSpecification","valueRequired":true,"valueName":"search_term_string"}}],"inLanguage":"es"},{"@type":"Organization","@id":"https:\/\/www.bagnoitalia.com\/es#organization","name":"Bagno Italia","url":"https:\/\/www.bagnoitalia.com\/es","logo":{"@type":"ImageObject","inLanguage":"es","@id":"https:\/\/www.bagnoitalia.com\/es#\/schema\/logo\/image\/","url":"https:\/\/img.bagnoitalia.com\/wp-content\/uploads\/logo-bagnoitalia.webp","contentUrl":"https:\/\/img.bagnoitalia.com\/wp-content\/uploads\/logo-bagnoitalia.webp","width":400,"height":70,"caption":"Bagno Italia"},"image":{"@id":"https:\/\/www.bagnoitalia.com\/es#\/schema\/logo\/image\/"}}]}},"_links":{"self":[{"href":"https:\/\/www.bagnoitalia.com\/es\/wp-json\/wp\/v2\/product\/93901","targetHints":{"allow":["GET"]}}],"collection":[{"href":"https:\/\/www.bagnoitalia.com\/es\/wp-json\/wp\/v2\/product"}],"about":[{"href":"https:\/\/www.bagnoitalia.com\/es\/wp-json\/wp\/v2\/types\/product"}],"replies":[{"embeddable":true,"href":"https:\/\/www.bagnoitalia.com\/es\/wp-json\/wp\/v2\/comments?post=93901"}],"version-history":[{"count":7,"href":"https:\/\/www.bagnoitalia.com\/es\/wp-json\/wp\/v2\/product\/93901\/revisions"}],"predecessor-version":[{"id":114863,"href":"https:\/\/www.bagnoitalia.com\/es\/wp-json\/wp\/v2\/product\/93901\/revisions\/114863"}],"wp:featuredmedia":[{"embeddable":true,"href":"https:\/\/www.bagnoitalia.com\/es\/wp-json\/wp\/v2\/media\/114798"}],"wp:attachment":[{"href":"https:\/\/www.bagnoitalia.com\/es\/wp-json\/wp\/v2\/media?parent=93901"}],"wp:term":[{"taxonomy":"product_brand","embeddable":true,"href":"https:\/\/www.bagnoitalia.com\/es\/wp-json\/wp\/v2\/product_brand?post=93901"},{"taxonomy":"product_cat","embeddable":true,"href":"https:\/\/www.bagnoitalia.com\/es\/wp-json\/wp\/v2\/product_cat?post=93901"},{"taxonomy":"product_tag","embeddable":true,"href":"https:\/\/www.bagnoitalia.com\/es\/wp-json\/wp\/v2\/product_tag?post=93901"}],"curies":[{"name":"wp","href":"https:\/\/api.w.org\/{rel}","templated":true}]}}