{"id":93892,"date":"2024-06-20T14:49:33","date_gmt":"2024-06-20T12:49:33","guid":{"rendered":"https:\/\/www.bagnoitalia.com\/product\/jacob-vanity-unit-60-80-or-100-cm-basin-base-with-drawer-in-various-colours-and-mirror"},"modified":"2025-03-12T15:31:50","modified_gmt":"2025-03-12T14:31:50","slug":"jacob-vanity-unit-60-80-or-100-cm-basin-base-with-drawer-in-various-colours-and-mirror","status":"publish","type":"product","link":"https:\/\/www.bagnoitalia.com\/es\/producto\/jacob-vanity-unit-60-80-or-100-cm-basin-base-with-drawer-in-various-colours-and-mirror.html","title":{"rendered":"Mueble de lavabo Jacob de 60, 80 o 100 cm con caj\u00f3n en varios colores y espejo"},"content":{"rendered":"<p>BASE DE SOPORTE PARA LAVABO modelo \u00abJACOB<\/p>\n<p>&nbsp;<\/p>\n<p>&nbsp;<\/p>\n<p>&nbsp;<\/p>\n<p>&nbsp;<\/p>\n<p>TIPOS y DIMENSIONES<\/p>\n<p>&nbsp;<\/p>\n<p>Utilice el men\u00fa superior para seleccionar la longitud y el color deseados entre las siguientes opciones:<\/p>\n<p>&nbsp;<\/p>\n<p>60 cm estructura blanca y frontal de nogal, con espejo de 60&#215;75 cm<\/p>\n<p>60 cm estructura blanca y frente roble, con espejo 60&#215;75 cm<\/p>\n<p>60 cm estructura antracita y frente nogal, con espejo 60&#215;75 cm<\/p>\n<p>60 cm estructura antracita y frente roble, con espejo 70&#215;80 cm<\/p>\n<p>60 cm estructura gris t\u00f3rtola efecto piedra y frente roble, con espejo 60&#215;75 cm<\/p>\n<p>80 cm estructura antracita y frente roble, con espejo 70&#215;80 cm<\/p>\n<p>80 cm estructura antracita y frente nogal, con espejo 70&#215;80 cm<\/p>\n<p>80 cm estructura blanca y frontal roble, con espejo 70&#215;80 cm<\/p>\n<p>80 cm estructura blanca y frente nogal, con espejo 70&#215;80 cm<\/p>\n<p>80 cm estructura gris t\u00f3rtola efecto piedra y frente roble, con espejo 70&#215;80 cm<\/p>\n<p>100 cm estructura antracita y frente nogal, con espejo 70&#215;100 cm<\/p>\n<p>100 cm estructura blanca y frontal nogal, con espejo 70&#215;100 cm<\/p>\n<p>100 cm estructura blanca y frente roble, con espejo 70&#215;100 cm<\/p>\n<p>100 cm estructura antracita y frontal roble, con espejo 70&#215;100 cm<\/p>\n<p>100 cm estructura gris t\u00f3rtola efecto piedra y frente roble, con espejo 70&#215;90 cm<\/p>\n<p>&nbsp;<\/p>\n<p>Profundidad del armario: 46 cm<\/p>\n<p>Altura del mueble: 41,8 cm<\/p>\n<p>&nbsp;<\/p>\n<p>ATENCI\u00d3N: lavabo y grifer\u00eda NO incluidos en el precio<\/p>\n<p>&nbsp;<\/p>\n<p>Haga clic aqu\u00ed para ver los lavabos de encimera a juego<\/p>\n<p>&nbsp;<\/p>\n<p>M\u00c1S DETALLES<\/p>\n<p>&nbsp;<\/p>\n<p>Mueble de ba\u00f1o moderno, adecuado para lavabos de encimera<\/p>\n<p>Instalaci\u00f3n suspendida<\/p>\n<p>Fabricado en madera MDF<\/p>\n<p>Con un caj\u00f3n sin tirador (apertura de ranura), cierre suave<\/p>\n<p>Con un espejo filolucido reversible (aplique no incluido en el precio, se puede a\u00f1adir desde el men\u00fa desplegable de arriba)<\/p>\n<p>&nbsp;<\/p>\n<p>&nbsp;<\/p>\n<p>&nbsp;<\/p>\n<p>&nbsp;<\/p>\n<p>&nbsp;<\/p>\n<p>&nbsp;<\/p>\n<p>&nbsp;<\/p>\n<p>&nbsp;<\/p>\n<p>&nbsp;<\/p>\n<p>&nbsp;<\/p>\n<p>&nbsp;<\/p>\n<p>&nbsp;<\/p>\n<p>&nbsp;<\/p>\n<p>&nbsp;<\/p>\n<p>&nbsp;<\/p>\n<p>&nbsp;<\/p>\n<p>&nbsp;<\/p>\n<p>&nbsp;<\/p>\n<p>&nbsp;<\/p>\n<p>&nbsp;<\/p>\n<p>&nbsp;<\/p>\n<p>&nbsp;<\/p>\n<p>&nbsp;<\/p>\n<p>&nbsp;<\/p>\n<p>Julia<\/p>\n<p>&nbsp;<\/p>\n<p>&nbsp;<\/p>\n","protected":false},"excerpt":{"rendered":"<p>Mueble suspendido para lavabos de encimera, en 3 tama\u00f1os, con espejo incluido en el precio. Bicolor, el marco est\u00e1 disponible en blanco o antracita y el frente de caj\u00f3n en nogal o roble.<\/p>\n","protected":false},"featured_media":91163,"comment_status":"open","ping_status":"closed","template":"","meta":[],"product_brand":[9884],"product_cat":[9717,9721],"product_tag":[],"class_list":{"0":"post-93892","1":"product","2":"type-product","3":"status-publish","4":"has-post-thumbnail","6":"product_brand-deghi-es","7":"product_cat-mueble-de-bano-de-40-a-70-cm-muebles-modernos","8":"product_cat-mueble-de-bano-de-71-a-100-cm-muebles-modernos","10":"first","11":"instock","12":"sale","13":"taxable","14":"shipping-taxable","15":"purchasable","16":"product-type-simple"},"exclude_global_add_ons":false,"addons":[{"name":"Tipo","type":"multiple_choice","position":0,"required":false,"title_format":"label","default":"","description_enable":false,"description":"","placeholder_enable":false,"placeholder":"","display":"select","restrictions_type":"any_text","adjust_price":false,"price":"","price_type":"flat_fee","restrictions":false,"min":"0","max":"0","options":[{"label":"60 cm frente antracita y roble","price":"","price_type":"flat_fee","image":0,"visibility":true},{"label":"(No disponible)60 cm frente blanco y nogal","price":"","price_type":"flat_fee","image":0,"visibility":true},{"label":"(No disponible)60 cm frente blanco y roble","price":"","price_type":"flat_fee","image":0,"visibility":true},{"label":"(No disponible)60 cm frente antracita y nogal","price":"","price_type":"flat_fee","image":0,"visibility":true},{"label":"(No disponible)Frente 60 cm gris t\u00f3rtola efecto piedra y roble","price":"20","price_type":"flat_fee","image":0,"visibility":true},{"label":"(No disponible)80 cm frente blanco y nogal","price":"60","price_type":"flat_fee","image":0,"visibility":true},{"label":"(No disponible)80 cm frente blanco y roble","price":"60","price_type":"flat_fee","image":0,"visibility":true},{"label":"(No disponible)Frente 80 cm antracita y nogal","price":"60","price_type":"flat_fee","image":0,"visibility":true},{"label":"(No disponible)80 cm frente antracita y roble","price":"60","price_type":"flat_fee","image":0,"visibility":true},{"label":"(No disponible)Frente 80 cm gris t\u00f3rtola efecto piedra y roble","price":"80","price_type":"flat_fee","image":0,"visibility":true},{"label":"(No disponible)100 cm frente blanco y nogal","price":"120","price_type":"flat_fee","image":0,"visibility":true},{"label":"(No disponible)100 cm frente blanco y roble","price":"120","price_type":"flat_fee","image":0,"visibility":true},{"label":"(No disponible)100 cm frente antracita y nogal","price":"120","price_type":"flat_fee","image":0,"visibility":true},{"label":"(No disponible)100 cm frente antracita y roble","price":"120","price_type":"flat_fee","image":0,"visibility":true},{"label":"(No disponible)100 cm frente gris t\u00f3rtola efecto piedra y roble","price":"130","price_type":"flat_fee","image":0,"visibility":true}],"id":1718894974},{"name":"Aplique","type":"multiple_choice","position":1,"required":false,"title_format":"label","default":"","description_enable":false,"description":"","placeholder_enable":false,"placeholder":"","display":"select","restrictions_type":"any_text","adjust_price":false,"price":"","price_type":"flat_fee","restrictions":false,"min":"0","max":"0","options":[{"label":"no","price":"","price_type":"flat_fee","image":0,"visibility":true},{"label":"Foco Led Cromo","price":"20","price_type":"flat_fee","image":0,"visibility":true},{"label":"Foco Led","price":"25","price_type":"flat_fee","image":0,"visibility":true}],"id":1718894975}],"yoast_head":"<!-- This site is optimized with the Yoast SEO plugin v26.7 - https:\/\/yoast.com\/wordpress\/plugins\/seo\/ -->\n<title>Mueble de lavabo Jacob de 60, 80 o 100 cm con caj\u00f3n en varios colores y espejo - Bagno Italia<\/title>\n<meta name=\"robots\" content=\"index, follow, max-snippet:-1, max-image-preview:large, max-video-preview:-1\" \/>\n<link rel=\"canonical\" href=\"https:\/\/www.bagnoitalia.com\/es\/producto\/jacob-vanity-unit-60-80-or-100-cm-basin-base-with-drawer-in-various-colours-and-mirror.html\" \/>\n<meta property=\"og:locale\" content=\"es_ES\" \/>\n<meta property=\"og:type\" content=\"article\" \/>\n<meta property=\"og:title\" content=\"Mueble de lavabo Jacob de 60, 80 o 100 cm con caj\u00f3n en varios colores y espejo - Bagno Italia\" \/>\n<meta property=\"og:description\" content=\"Mueble suspendido para lavabos de encimera, en 3 tama\u00f1os, con espejo incluido en el precio. Bicolor, el marco est\u00e1 disponible en blanco o antracita y el frente de caj\u00f3n en nogal o roble.\" \/>\n<meta property=\"og:url\" content=\"https:\/\/www.bagnoitalia.com\/es\/producto\/jacob-vanity-unit-60-80-or-100-cm-basin-base-with-drawer-in-various-colours-and-mirror.html\" \/>\n<meta property=\"og:site_name\" content=\"Bagno Italia\" \/>\n<meta property=\"article:modified_time\" content=\"2025-03-12T14:31:50+00:00\" \/>\n<meta property=\"og:image\" content=\"https:\/\/img.bagnoitalia.com\/wp-content\/uploads\/base-porta-lavabo-misure-colori-1.webp\" \/>\n\t<meta property=\"og:image:width\" content=\"550\" \/>\n\t<meta property=\"og:image:height\" content=\"550\" \/>\n\t<meta property=\"og:image:type\" content=\"image\/webp\" \/>\n<meta name=\"twitter:card\" content=\"summary_large_image\" \/>\n<meta name=\"twitter:label1\" content=\"Tiempo de lectura\" \/>\n\t<meta name=\"twitter:data1\" content=\"2 minutos\" \/>\n<script type=\"application\/ld+json\" class=\"yoast-schema-graph\">{\"@context\":\"https:\/\/schema.org\",\"@graph\":[{\"@type\":\"WebPage\",\"@id\":\"https:\/\/www.bagnoitalia.com\/es\/producto\/jacob-vanity-unit-60-80-or-100-cm-basin-base-with-drawer-in-various-colours-and-mirror.html\",\"url\":\"https:\/\/www.bagnoitalia.com\/es\/producto\/jacob-vanity-unit-60-80-or-100-cm-basin-base-with-drawer-in-various-colours-and-mirror.html\",\"name\":\"Mueble de lavabo Jacob de 60, 80 o 100 cm con caj\u00f3n en varios colores y espejo - Bagno Italia\",\"isPartOf\":{\"@id\":\"https:\/\/www.bagnoitalia.com\/es#website\"},\"primaryImageOfPage\":{\"@id\":\"https:\/\/www.bagnoitalia.com\/es\/producto\/jacob-vanity-unit-60-80-or-100-cm-basin-base-with-drawer-in-various-colours-and-mirror.html#primaryimage\"},\"image\":{\"@id\":\"https:\/\/www.bagnoitalia.com\/es\/producto\/jacob-vanity-unit-60-80-or-100-cm-basin-base-with-drawer-in-various-colours-and-mirror.html#primaryimage\"},\"thumbnailUrl\":\"https:\/\/img.bagnoitalia.com\/wp-content\/uploads\/base-porta-lavabo-misure-colori-1.webp\",\"datePublished\":\"2024-06-20T12:49:33+00:00\",\"dateModified\":\"2025-03-12T14:31:50+00:00\",\"breadcrumb\":{\"@id\":\"https:\/\/www.bagnoitalia.com\/es\/producto\/jacob-vanity-unit-60-80-or-100-cm-basin-base-with-drawer-in-various-colours-and-mirror.html#breadcrumb\"},\"inLanguage\":\"es\",\"potentialAction\":[{\"@type\":\"ReadAction\",\"target\":[\"https:\/\/www.bagnoitalia.com\/es\/producto\/jacob-vanity-unit-60-80-or-100-cm-basin-base-with-drawer-in-various-colours-and-mirror.html\"]}]},{\"@type\":\"ImageObject\",\"inLanguage\":\"es\",\"@id\":\"https:\/\/www.bagnoitalia.com\/es\/producto\/jacob-vanity-unit-60-80-or-100-cm-basin-base-with-drawer-in-various-colours-and-mirror.html#primaryimage\",\"url\":\"https:\/\/img.bagnoitalia.com\/wp-content\/uploads\/base-porta-lavabo-misure-colori-1.webp\",\"contentUrl\":\"https:\/\/img.bagnoitalia.com\/wp-content\/uploads\/base-porta-lavabo-misure-colori-1.webp\",\"width\":550,\"height\":550},{\"@type\":\"BreadcrumbList\",\"@id\":\"https:\/\/www.bagnoitalia.com\/es\/producto\/jacob-vanity-unit-60-80-or-100-cm-basin-base-with-drawer-in-various-colours-and-mirror.html#breadcrumb\",\"itemListElement\":[{\"@type\":\"ListItem\",\"position\":1,\"name\":\"Home\",\"item\":\"https:\/\/www.bagnoitalia.com\/es\"},{\"@type\":\"ListItem\",\"position\":2,\"name\":\"Productos\",\"item\":\"https:\/\/www.bagnoitalia.com\/es\/shop\"},{\"@type\":\"ListItem\",\"position\":3,\"name\":\"Mueble de lavabo Jacob de 60, 80 o 100 cm con caj\u00f3n en varios colores y espejo\"}]},{\"@type\":\"WebSite\",\"@id\":\"https:\/\/www.bagnoitalia.com\/es#website\",\"url\":\"https:\/\/www.bagnoitalia.com\/es\",\"name\":\"Bagno Italia\",\"description\":\"\",\"publisher\":{\"@id\":\"https:\/\/www.bagnoitalia.com\/es#organization\"},\"potentialAction\":[{\"@type\":\"SearchAction\",\"target\":{\"@type\":\"EntryPoint\",\"urlTemplate\":\"https:\/\/www.bagnoitalia.com\/es?s={search_term_string}\"},\"query-input\":{\"@type\":\"PropertyValueSpecification\",\"valueRequired\":true,\"valueName\":\"search_term_string\"}}],\"inLanguage\":\"es\"},{\"@type\":\"Organization\",\"@id\":\"https:\/\/www.bagnoitalia.com\/es#organization\",\"name\":\"Bagno Italia\",\"url\":\"https:\/\/www.bagnoitalia.com\/es\",\"logo\":{\"@type\":\"ImageObject\",\"inLanguage\":\"es\",\"@id\":\"https:\/\/www.bagnoitalia.com\/es#\/schema\/logo\/image\/\",\"url\":\"https:\/\/img.bagnoitalia.com\/wp-content\/uploads\/logo-bagnoitalia.webp\",\"contentUrl\":\"https:\/\/img.bagnoitalia.com\/wp-content\/uploads\/logo-bagnoitalia.webp\",\"width\":400,\"height\":70,\"caption\":\"Bagno Italia\"},\"image\":{\"@id\":\"https:\/\/www.bagnoitalia.com\/es#\/schema\/logo\/image\/\"}}]}<\/script>\n<!-- \/ Yoast SEO plugin. -->","yoast_head_json":{"title":"Mueble de lavabo Jacob de 60, 80 o 100 cm con caj\u00f3n en varios colores y espejo - Bagno Italia","robots":{"index":"index","follow":"follow","max-snippet":"max-snippet:-1","max-image-preview":"max-image-preview:large","max-video-preview":"max-video-preview:-1"},"canonical":"https:\/\/www.bagnoitalia.com\/es\/producto\/jacob-vanity-unit-60-80-or-100-cm-basin-base-with-drawer-in-various-colours-and-mirror.html","og_locale":"es_ES","og_type":"article","og_title":"Mueble de lavabo Jacob de 60, 80 o 100 cm con caj\u00f3n en varios colores y espejo - Bagno Italia","og_description":"Mueble suspendido para lavabos de encimera, en 3 tama\u00f1os, con espejo incluido en el precio. Bicolor, el marco est\u00e1 disponible en blanco o antracita y el frente de caj\u00f3n en nogal o roble.","og_url":"https:\/\/www.bagnoitalia.com\/es\/producto\/jacob-vanity-unit-60-80-or-100-cm-basin-base-with-drawer-in-various-colours-and-mirror.html","og_site_name":"Bagno Italia","article_modified_time":"2025-03-12T14:31:50+00:00","og_image":[{"width":550,"height":550,"url":"https:\/\/img.bagnoitalia.com\/wp-content\/uploads\/base-porta-lavabo-misure-colori-1.webp","type":"image\/webp"}],"twitter_card":"summary_large_image","twitter_misc":{"Tiempo de lectura":"2 minutos"},"schema":{"@context":"https:\/\/schema.org","@graph":[{"@type":"WebPage","@id":"https:\/\/www.bagnoitalia.com\/es\/producto\/jacob-vanity-unit-60-80-or-100-cm-basin-base-with-drawer-in-various-colours-and-mirror.html","url":"https:\/\/www.bagnoitalia.com\/es\/producto\/jacob-vanity-unit-60-80-or-100-cm-basin-base-with-drawer-in-various-colours-and-mirror.html","name":"Mueble de lavabo Jacob de 60, 80 o 100 cm con caj\u00f3n en varios colores y espejo - Bagno Italia","isPartOf":{"@id":"https:\/\/www.bagnoitalia.com\/es#website"},"primaryImageOfPage":{"@id":"https:\/\/www.bagnoitalia.com\/es\/producto\/jacob-vanity-unit-60-80-or-100-cm-basin-base-with-drawer-in-various-colours-and-mirror.html#primaryimage"},"image":{"@id":"https:\/\/www.bagnoitalia.com\/es\/producto\/jacob-vanity-unit-60-80-or-100-cm-basin-base-with-drawer-in-various-colours-and-mirror.html#primaryimage"},"thumbnailUrl":"https:\/\/img.bagnoitalia.com\/wp-content\/uploads\/base-porta-lavabo-misure-colori-1.webp","datePublished":"2024-06-20T12:49:33+00:00","dateModified":"2025-03-12T14:31:50+00:00","breadcrumb":{"@id":"https:\/\/www.bagnoitalia.com\/es\/producto\/jacob-vanity-unit-60-80-or-100-cm-basin-base-with-drawer-in-various-colours-and-mirror.html#breadcrumb"},"inLanguage":"es","potentialAction":[{"@type":"ReadAction","target":["https:\/\/www.bagnoitalia.com\/es\/producto\/jacob-vanity-unit-60-80-or-100-cm-basin-base-with-drawer-in-various-colours-and-mirror.html"]}]},{"@type":"ImageObject","inLanguage":"es","@id":"https:\/\/www.bagnoitalia.com\/es\/producto\/jacob-vanity-unit-60-80-or-100-cm-basin-base-with-drawer-in-various-colours-and-mirror.html#primaryimage","url":"https:\/\/img.bagnoitalia.com\/wp-content\/uploads\/base-porta-lavabo-misure-colori-1.webp","contentUrl":"https:\/\/img.bagnoitalia.com\/wp-content\/uploads\/base-porta-lavabo-misure-colori-1.webp","width":550,"height":550},{"@type":"BreadcrumbList","@id":"https:\/\/www.bagnoitalia.com\/es\/producto\/jacob-vanity-unit-60-80-or-100-cm-basin-base-with-drawer-in-various-colours-and-mirror.html#breadcrumb","itemListElement":[{"@type":"ListItem","position":1,"name":"Home","item":"https:\/\/www.bagnoitalia.com\/es"},{"@type":"ListItem","position":2,"name":"Productos","item":"https:\/\/www.bagnoitalia.com\/es\/shop"},{"@type":"ListItem","position":3,"name":"Mueble de lavabo Jacob de 60, 80 o 100 cm con caj\u00f3n en varios colores y espejo"}]},{"@type":"WebSite","@id":"https:\/\/www.bagnoitalia.com\/es#website","url":"https:\/\/www.bagnoitalia.com\/es","name":"Bagno Italia","description":"","publisher":{"@id":"https:\/\/www.bagnoitalia.com\/es#organization"},"potentialAction":[{"@type":"SearchAction","target":{"@type":"EntryPoint","urlTemplate":"https:\/\/www.bagnoitalia.com\/es?s={search_term_string}"},"query-input":{"@type":"PropertyValueSpecification","valueRequired":true,"valueName":"search_term_string"}}],"inLanguage":"es"},{"@type":"Organization","@id":"https:\/\/www.bagnoitalia.com\/es#organization","name":"Bagno Italia","url":"https:\/\/www.bagnoitalia.com\/es","logo":{"@type":"ImageObject","inLanguage":"es","@id":"https:\/\/www.bagnoitalia.com\/es#\/schema\/logo\/image\/","url":"https:\/\/img.bagnoitalia.com\/wp-content\/uploads\/logo-bagnoitalia.webp","contentUrl":"https:\/\/img.bagnoitalia.com\/wp-content\/uploads\/logo-bagnoitalia.webp","width":400,"height":70,"caption":"Bagno Italia"},"image":{"@id":"https:\/\/www.bagnoitalia.com\/es#\/schema\/logo\/image\/"}}]}},"_links":{"self":[{"href":"https:\/\/www.bagnoitalia.com\/es\/wp-json\/wp\/v2\/product\/93892","targetHints":{"allow":["GET"]}}],"collection":[{"href":"https:\/\/www.bagnoitalia.com\/es\/wp-json\/wp\/v2\/product"}],"about":[{"href":"https:\/\/www.bagnoitalia.com\/es\/wp-json\/wp\/v2\/types\/product"}],"replies":[{"embeddable":true,"href":"https:\/\/www.bagnoitalia.com\/es\/wp-json\/wp\/v2\/comments?post=93892"}],"version-history":[{"count":3,"href":"https:\/\/www.bagnoitalia.com\/es\/wp-json\/wp\/v2\/product\/93892\/revisions"}],"predecessor-version":[{"id":103784,"href":"https:\/\/www.bagnoitalia.com\/es\/wp-json\/wp\/v2\/product\/93892\/revisions\/103784"}],"wp:featuredmedia":[{"embeddable":true,"href":"https:\/\/www.bagnoitalia.com\/es\/wp-json\/wp\/v2\/media\/91163"}],"wp:attachment":[{"href":"https:\/\/www.bagnoitalia.com\/es\/wp-json\/wp\/v2\/media?parent=93892"}],"wp:term":[{"taxonomy":"product_brand","embeddable":true,"href":"https:\/\/www.bagnoitalia.com\/es\/wp-json\/wp\/v2\/product_brand?post=93892"},{"taxonomy":"product_cat","embeddable":true,"href":"https:\/\/www.bagnoitalia.com\/es\/wp-json\/wp\/v2\/product_cat?post=93892"},{"taxonomy":"product_tag","embeddable":true,"href":"https:\/\/www.bagnoitalia.com\/es\/wp-json\/wp\/v2\/product_tag?post=93892"}],"curies":[{"name":"wp","href":"https:\/\/api.w.org\/{rel}","templated":true}]}}