{"id":93568,"date":"2022-08-05T10:08:17","date_gmt":"2022-08-05T08:08:17","guid":{"rendered":"https:\/\/www.bagnoitalia.com\/product\/sagittario-floor-standing-ceramic-wc-and-bidet-in-contemporary-design"},"modified":"2024-10-25T16:45:19","modified_gmt":"2024-10-25T14:45:19","slug":"sagittario-floor-standing-ceramic-wc-and-bidet-in-contemporary-design","status":"publish","type":"product","link":"https:\/\/www.bagnoitalia.com\/es\/producto\/sagittario-floor-standing-ceramic-wc-and-bidet-in-contemporary-design.html","title":{"rendered":"Inodoro y bid\u00e9 cer\u00e1micos de pie Sagittario de dise\u00f1o contempor\u00e1neo"},"content":{"rendered":"<p>INODORO DE PIE \u00abSAGITTARIO<\/p>\n<p>&nbsp;<\/p>\n<p>La oferta incluye: inodoro, tapa de inodoro, bid\u00e9, curva t\u00e9cnica, fijaciones.<\/p>\n<p>&nbsp;<\/p>\n<p>CARACTER\u00cdSTICAS DEL PRODUCTO:<\/p>\n<p>Dimensiones del sanitario: 33,7 x 52,5 x 40h cm<\/p>\n<p>Material del sanitario: cer\u00e1mica<\/p>\n<p>Acabado: Blanco<\/p>\n<p>Material de la tapa del inodoro: termoestable<\/p>\n<p>Posibilidad de transformar el desag\u00fce de pared en desag\u00fce de suelo con una curva t\u00e9cnica especial INCLUIDA en el precio<\/p>\n<p>&nbsp;<\/p>\n<p>N.B. Grifos NO incluidos, se venden por separado. Puede ver nuestros productos haciendo clic aqu\u00ed<\/p>\n<p>&nbsp;<\/p>\n<p>&nbsp;<\/p>\n<p>&nbsp;<\/p>\n<p>&nbsp;<\/p>\n<p>&nbsp;<\/p>\n<p>&nbsp;<\/p>\n<p>&nbsp;<\/p>\n<p>&nbsp;<\/p>\n<p>&nbsp;<\/p>\n<p>&nbsp;<\/p>\n<p>RAMET<\/p>\n<p>&nbsp;<\/p>\n","protected":false},"excerpt":{"rendered":"<p>Pareja de sanitarios en cer\u00e1mica blanca a ras de suelo, WC con asiento y bid\u00e9. Dise\u00f1o contempor\u00e1neo. Incluido en el precio: WC, asiento de inodoro, bid\u00e9, curva t\u00e9cnica y fijaciones.<\/p>\n","protected":false},"featured_media":55377,"comment_status":"open","ping_status":"closed","template":"","meta":[],"product_brand":[5006],"product_cat":[9697],"product_tag":[],"class_list":{"0":"post-93568","1":"product","2":"type-product","3":"status-publish","4":"has-post-thumbnail","6":"product_brand-deghi","7":"product_cat-bano-sanitario","9":"first","10":"instock","11":"sale","12":"taxable","13":"shipping-taxable","14":"purchasable","15":"product-type-simple"},"exclude_global_add_ons":[],"addons":[],"yoast_head":"<!-- This site is optimized with the Yoast SEO plugin v26.7 - https:\/\/yoast.com\/wordpress\/plugins\/seo\/ -->\n<title>Sagittario floor-standing ceramic wc and bidet in contemporary design<\/title>\n<meta name=\"description\" content=\"Pair of flush floor-standing white ceramic sanitary fixtures, WC with toilet seat and bidet. Contemporary design. Included in the price: WC, toilet seat, bidet, technical curve and fixings.\" \/>\n<meta name=\"robots\" content=\"index, follow, max-snippet:-1, max-image-preview:large, max-video-preview:-1\" \/>\n<link rel=\"canonical\" href=\"https:\/\/www.bagnoitalia.com\/es\/producto\/sagittario-floor-standing-ceramic-wc-and-bidet-in-contemporary-design.html\" \/>\n<meta property=\"og:locale\" content=\"es_ES\" \/>\n<meta property=\"og:type\" content=\"article\" \/>\n<meta property=\"og:title\" content=\"Sagittario floor-standing ceramic wc and bidet in contemporary design\" \/>\n<meta property=\"og:description\" content=\"Pair of flush floor-standing white ceramic sanitary fixtures, WC with toilet seat and bidet. Contemporary design. Included in the price: WC, toilet seat, bidet, technical curve and fixings.\" \/>\n<meta property=\"og:url\" content=\"https:\/\/www.bagnoitalia.com\/es\/producto\/sagittario-floor-standing-ceramic-wc-and-bidet-in-contemporary-design.html\" \/>\n<meta property=\"og:site_name\" content=\"Bagno Italia\" \/>\n<meta property=\"article:modified_time\" content=\"2024-10-25T14:45:19+00:00\" \/>\n<meta property=\"og:image\" content=\"https:\/\/img.bagnoitalia.com\/wp-content\/uploads\/virtuemart\/product\/san0021-1.jpg\" \/>\n\t<meta property=\"og:image:width\" content=\"550\" \/>\n\t<meta property=\"og:image:height\" content=\"550\" \/>\n\t<meta property=\"og:image:type\" content=\"image\/jpeg\" \/>\n<meta name=\"twitter:card\" content=\"summary_large_image\" \/>\n<meta name=\"twitter:label1\" content=\"Tiempo de lectura\" \/>\n\t<meta name=\"twitter:data1\" content=\"1 minuto\" \/>\n<script type=\"application\/ld+json\" class=\"yoast-schema-graph\">{\"@context\":\"https:\/\/schema.org\",\"@graph\":[{\"@type\":\"WebPage\",\"@id\":\"https:\/\/www.bagnoitalia.com\/es\/producto\/sagittario-floor-standing-ceramic-wc-and-bidet-in-contemporary-design.html\",\"url\":\"https:\/\/www.bagnoitalia.com\/es\/producto\/sagittario-floor-standing-ceramic-wc-and-bidet-in-contemporary-design.html\",\"name\":\"Sagittario floor-standing ceramic wc and bidet in contemporary design\",\"isPartOf\":{\"@id\":\"https:\/\/www.bagnoitalia.com\/es#website\"},\"primaryImageOfPage\":{\"@id\":\"https:\/\/www.bagnoitalia.com\/es\/producto\/sagittario-floor-standing-ceramic-wc-and-bidet-in-contemporary-design.html#primaryimage\"},\"image\":{\"@id\":\"https:\/\/www.bagnoitalia.com\/es\/producto\/sagittario-floor-standing-ceramic-wc-and-bidet-in-contemporary-design.html#primaryimage\"},\"thumbnailUrl\":\"https:\/\/img.bagnoitalia.com\/wp-content\/uploads\/virtuemart\/product\/san0021-1.jpg\",\"datePublished\":\"2022-08-05T08:08:17+00:00\",\"dateModified\":\"2024-10-25T14:45:19+00:00\",\"description\":\"Pair of flush floor-standing white ceramic sanitary fixtures, WC with toilet seat and bidet. Contemporary design. Included in the price: WC, toilet seat, bidet, technical curve and fixings.\",\"breadcrumb\":{\"@id\":\"https:\/\/www.bagnoitalia.com\/es\/producto\/sagittario-floor-standing-ceramic-wc-and-bidet-in-contemporary-design.html#breadcrumb\"},\"inLanguage\":\"es\",\"potentialAction\":[{\"@type\":\"ReadAction\",\"target\":[\"https:\/\/www.bagnoitalia.com\/es\/producto\/sagittario-floor-standing-ceramic-wc-and-bidet-in-contemporary-design.html\"]}]},{\"@type\":\"ImageObject\",\"inLanguage\":\"es\",\"@id\":\"https:\/\/www.bagnoitalia.com\/es\/producto\/sagittario-floor-standing-ceramic-wc-and-bidet-in-contemporary-design.html#primaryimage\",\"url\":\"https:\/\/img.bagnoitalia.com\/wp-content\/uploads\/virtuemart\/product\/san0021-1.jpg\",\"contentUrl\":\"https:\/\/img.bagnoitalia.com\/wp-content\/uploads\/virtuemart\/product\/san0021-1.jpg\",\"width\":550,\"height\":550},{\"@type\":\"BreadcrumbList\",\"@id\":\"https:\/\/www.bagnoitalia.com\/es\/producto\/sagittario-floor-standing-ceramic-wc-and-bidet-in-contemporary-design.html#breadcrumb\",\"itemListElement\":[{\"@type\":\"ListItem\",\"position\":1,\"name\":\"Home\",\"item\":\"https:\/\/www.bagnoitalia.com\/es\"},{\"@type\":\"ListItem\",\"position\":2,\"name\":\"Productos\",\"item\":\"https:\/\/www.bagnoitalia.com\/es\/shop\"},{\"@type\":\"ListItem\",\"position\":3,\"name\":\"Inodoro y bid\u00e9 cer\u00e1micos de pie Sagittario de dise\u00f1o contempor\u00e1neo\"}]},{\"@type\":\"WebSite\",\"@id\":\"https:\/\/www.bagnoitalia.com\/es#website\",\"url\":\"https:\/\/www.bagnoitalia.com\/es\",\"name\":\"Bagno Italia\",\"description\":\"\",\"publisher\":{\"@id\":\"https:\/\/www.bagnoitalia.com\/es#organization\"},\"potentialAction\":[{\"@type\":\"SearchAction\",\"target\":{\"@type\":\"EntryPoint\",\"urlTemplate\":\"https:\/\/www.bagnoitalia.com\/es?s={search_term_string}\"},\"query-input\":{\"@type\":\"PropertyValueSpecification\",\"valueRequired\":true,\"valueName\":\"search_term_string\"}}],\"inLanguage\":\"es\"},{\"@type\":\"Organization\",\"@id\":\"https:\/\/www.bagnoitalia.com\/es#organization\",\"name\":\"Bagno Italia\",\"url\":\"https:\/\/www.bagnoitalia.com\/es\",\"logo\":{\"@type\":\"ImageObject\",\"inLanguage\":\"es\",\"@id\":\"https:\/\/www.bagnoitalia.com\/es#\/schema\/logo\/image\/\",\"url\":\"https:\/\/img.bagnoitalia.com\/wp-content\/uploads\/logo-bagnoitalia.webp\",\"contentUrl\":\"https:\/\/img.bagnoitalia.com\/wp-content\/uploads\/logo-bagnoitalia.webp\",\"width\":400,\"height\":70,\"caption\":\"Bagno Italia\"},\"image\":{\"@id\":\"https:\/\/www.bagnoitalia.com\/es#\/schema\/logo\/image\/\"}}]}<\/script>\n<!-- \/ Yoast SEO plugin. -->","yoast_head_json":{"title":"Sagittario floor-standing ceramic wc and bidet in contemporary design","description":"Pair of flush floor-standing white ceramic sanitary fixtures, WC with toilet seat and bidet. Contemporary design. Included in the price: WC, toilet seat, bidet, technical curve and fixings.","robots":{"index":"index","follow":"follow","max-snippet":"max-snippet:-1","max-image-preview":"max-image-preview:large","max-video-preview":"max-video-preview:-1"},"canonical":"https:\/\/www.bagnoitalia.com\/es\/producto\/sagittario-floor-standing-ceramic-wc-and-bidet-in-contemporary-design.html","og_locale":"es_ES","og_type":"article","og_title":"Sagittario floor-standing ceramic wc and bidet in contemporary design","og_description":"Pair of flush floor-standing white ceramic sanitary fixtures, WC with toilet seat and bidet. Contemporary design. Included in the price: WC, toilet seat, bidet, technical curve and fixings.","og_url":"https:\/\/www.bagnoitalia.com\/es\/producto\/sagittario-floor-standing-ceramic-wc-and-bidet-in-contemporary-design.html","og_site_name":"Bagno Italia","article_modified_time":"2024-10-25T14:45:19+00:00","og_image":[{"width":550,"height":550,"url":"https:\/\/img.bagnoitalia.com\/wp-content\/uploads\/virtuemart\/product\/san0021-1.jpg","type":"image\/jpeg"}],"twitter_card":"summary_large_image","twitter_misc":{"Tiempo de lectura":"1 minuto"},"schema":{"@context":"https:\/\/schema.org","@graph":[{"@type":"WebPage","@id":"https:\/\/www.bagnoitalia.com\/es\/producto\/sagittario-floor-standing-ceramic-wc-and-bidet-in-contemporary-design.html","url":"https:\/\/www.bagnoitalia.com\/es\/producto\/sagittario-floor-standing-ceramic-wc-and-bidet-in-contemporary-design.html","name":"Sagittario floor-standing ceramic wc and bidet in contemporary design","isPartOf":{"@id":"https:\/\/www.bagnoitalia.com\/es#website"},"primaryImageOfPage":{"@id":"https:\/\/www.bagnoitalia.com\/es\/producto\/sagittario-floor-standing-ceramic-wc-and-bidet-in-contemporary-design.html#primaryimage"},"image":{"@id":"https:\/\/www.bagnoitalia.com\/es\/producto\/sagittario-floor-standing-ceramic-wc-and-bidet-in-contemporary-design.html#primaryimage"},"thumbnailUrl":"https:\/\/img.bagnoitalia.com\/wp-content\/uploads\/virtuemart\/product\/san0021-1.jpg","datePublished":"2022-08-05T08:08:17+00:00","dateModified":"2024-10-25T14:45:19+00:00","description":"Pair of flush floor-standing white ceramic sanitary fixtures, WC with toilet seat and bidet. Contemporary design. Included in the price: WC, toilet seat, bidet, technical curve and fixings.","breadcrumb":{"@id":"https:\/\/www.bagnoitalia.com\/es\/producto\/sagittario-floor-standing-ceramic-wc-and-bidet-in-contemporary-design.html#breadcrumb"},"inLanguage":"es","potentialAction":[{"@type":"ReadAction","target":["https:\/\/www.bagnoitalia.com\/es\/producto\/sagittario-floor-standing-ceramic-wc-and-bidet-in-contemporary-design.html"]}]},{"@type":"ImageObject","inLanguage":"es","@id":"https:\/\/www.bagnoitalia.com\/es\/producto\/sagittario-floor-standing-ceramic-wc-and-bidet-in-contemporary-design.html#primaryimage","url":"https:\/\/img.bagnoitalia.com\/wp-content\/uploads\/virtuemart\/product\/san0021-1.jpg","contentUrl":"https:\/\/img.bagnoitalia.com\/wp-content\/uploads\/virtuemart\/product\/san0021-1.jpg","width":550,"height":550},{"@type":"BreadcrumbList","@id":"https:\/\/www.bagnoitalia.com\/es\/producto\/sagittario-floor-standing-ceramic-wc-and-bidet-in-contemporary-design.html#breadcrumb","itemListElement":[{"@type":"ListItem","position":1,"name":"Home","item":"https:\/\/www.bagnoitalia.com\/es"},{"@type":"ListItem","position":2,"name":"Productos","item":"https:\/\/www.bagnoitalia.com\/es\/shop"},{"@type":"ListItem","position":3,"name":"Inodoro y bid\u00e9 cer\u00e1micos de pie Sagittario de dise\u00f1o contempor\u00e1neo"}]},{"@type":"WebSite","@id":"https:\/\/www.bagnoitalia.com\/es#website","url":"https:\/\/www.bagnoitalia.com\/es","name":"Bagno Italia","description":"","publisher":{"@id":"https:\/\/www.bagnoitalia.com\/es#organization"},"potentialAction":[{"@type":"SearchAction","target":{"@type":"EntryPoint","urlTemplate":"https:\/\/www.bagnoitalia.com\/es?s={search_term_string}"},"query-input":{"@type":"PropertyValueSpecification","valueRequired":true,"valueName":"search_term_string"}}],"inLanguage":"es"},{"@type":"Organization","@id":"https:\/\/www.bagnoitalia.com\/es#organization","name":"Bagno Italia","url":"https:\/\/www.bagnoitalia.com\/es","logo":{"@type":"ImageObject","inLanguage":"es","@id":"https:\/\/www.bagnoitalia.com\/es#\/schema\/logo\/image\/","url":"https:\/\/img.bagnoitalia.com\/wp-content\/uploads\/logo-bagnoitalia.webp","contentUrl":"https:\/\/img.bagnoitalia.com\/wp-content\/uploads\/logo-bagnoitalia.webp","width":400,"height":70,"caption":"Bagno Italia"},"image":{"@id":"https:\/\/www.bagnoitalia.com\/es#\/schema\/logo\/image\/"}}]}},"_links":{"self":[{"href":"https:\/\/www.bagnoitalia.com\/es\/wp-json\/wp\/v2\/product\/93568","targetHints":{"allow":["GET"]}}],"collection":[{"href":"https:\/\/www.bagnoitalia.com\/es\/wp-json\/wp\/v2\/product"}],"about":[{"href":"https:\/\/www.bagnoitalia.com\/es\/wp-json\/wp\/v2\/types\/product"}],"replies":[{"embeddable":true,"href":"https:\/\/www.bagnoitalia.com\/es\/wp-json\/wp\/v2\/comments?post=93568"}],"version-history":[{"count":1,"href":"https:\/\/www.bagnoitalia.com\/es\/wp-json\/wp\/v2\/product\/93568\/revisions"}],"predecessor-version":[{"id":93570,"href":"https:\/\/www.bagnoitalia.com\/es\/wp-json\/wp\/v2\/product\/93568\/revisions\/93570"}],"wp:featuredmedia":[{"embeddable":true,"href":"https:\/\/www.bagnoitalia.com\/es\/wp-json\/wp\/v2\/media\/55377"}],"wp:attachment":[{"href":"https:\/\/www.bagnoitalia.com\/es\/wp-json\/wp\/v2\/media?parent=93568"}],"wp:term":[{"taxonomy":"product_brand","embeddable":true,"href":"https:\/\/www.bagnoitalia.com\/es\/wp-json\/wp\/v2\/product_brand?post=93568"},{"taxonomy":"product_cat","embeddable":true,"href":"https:\/\/www.bagnoitalia.com\/es\/wp-json\/wp\/v2\/product_cat?post=93568"},{"taxonomy":"product_tag","embeddable":true,"href":"https:\/\/www.bagnoitalia.com\/es\/wp-json\/wp\/v2\/product_tag?post=93568"}],"curies":[{"name":"wp","href":"https:\/\/api.w.org\/{rel}","templated":true}]}}