{"id":93505,"date":"2022-08-04T10:24:21","date_gmt":"2022-08-04T08:24:21","guid":{"rendered":"https:\/\/www.bagnoitalia.com\/product\/concrete-coloured-extending-dining-table-from-160-to-200-cm-with-black-legs-in-modern-industrial-design-tl018"},"modified":"2024-10-23T17:10:24","modified_gmt":"2024-10-23T15:10:24","slug":"concrete-coloured-extending-dining-table-from-160-to-200-cm-with-black-legs-in-modern-industrial-design-tl018","status":"publish","type":"product","link":"https:\/\/www.bagnoitalia.com\/es\/producto\/concrete-coloured-extending-dining-table-from-160-to-200-cm-with-black-legs-in-modern-industrial-design-tl018.html","title":{"rendered":"Mesa de comedor extensible de 160 a 200 cm en color hormig\u00f3n con patas negras de dise\u00f1o moderno e industrial TL018"},"content":{"rendered":"<p>MESA DE COMEDOR INDUSTRIAL EXTENSIBLE<\/p>\n<p>&nbsp;<\/p>\n<p>CARACTER\u00cdSTICAS DEL PRODUCTO:<\/p>\n<p>Mesa extensible de dise\u00f1o moderno e industrial.<\/p>\n<p>Dimensiones: 160x90cm (extensible a MAX 200x90cm)<\/p>\n<p>Altura: 72cm<\/p>\n<p>Material del tablero: madera<\/p>\n<p>Altura del tablero: 2,5cm<\/p>\n<p>Acabado: efecto hormig\u00f3n<\/p>\n<p>Material de la estructura: metal<\/p>\n<p>Acabado: pintura en polvo epoxi negra<\/p>\n<p>Tipo de extensi\u00f3n: Telesc\u00f3pica con extensi\u00f3n central<\/p>\n<p>N\u00famero de plazas: 6 a 8<\/p>\n<p>&nbsp;<\/p>\n<p>&nbsp;<\/p>\n<p>&nbsp;<\/p>\n<p>&nbsp;<\/p>\n<p>&nbsp;<\/p>\n<p>&nbsp;<\/p>\n<p>YUK-G<\/p>\n<p>&nbsp;<\/p>\n","protected":false},"excerpt":{"rendered":"<p>Mesa de comedor con tablero de madera y patas de metal. Dimensiones 160x90cm extensible hasta 200cm.<\/p>\n","protected":false},"featured_media":54278,"comment_status":"open","ping_status":"closed","template":"","meta":[],"product_brand":[5006],"product_cat":[10008],"product_tag":[],"class_list":{"0":"post-93505","1":"product","2":"type-product","3":"status-publish","4":"has-post-thumbnail","6":"product_brand-deghi","7":"product_cat-tablas","9":"first","10":"instock","11":"sale","12":"taxable","13":"shipping-taxable","14":"purchasable","15":"product-type-simple"},"exclude_global_add_ons":[],"addons":[],"yoast_head":"<!-- This site is optimized with the Yoast SEO plugin v26.7 - https:\/\/yoast.com\/wordpress\/plugins\/seo\/ -->\n<title>Concrete-coloured extending dining table from 160 to 200 cm with black legs in modern, industrial design TL018<\/title>\n<meta name=\"description\" content=\"Dining table with wooden top and metal legs. Dimensions 160x90cm extendable up to 200cm.\" \/>\n<meta name=\"robots\" content=\"index, follow, max-snippet:-1, max-image-preview:large, max-video-preview:-1\" \/>\n<link rel=\"canonical\" href=\"https:\/\/www.bagnoitalia.com\/es\/producto\/concrete-coloured-extending-dining-table-from-160-to-200-cm-with-black-legs-in-modern-industrial-design-tl018.html\" \/>\n<meta property=\"og:locale\" content=\"es_ES\" \/>\n<meta property=\"og:type\" content=\"article\" \/>\n<meta property=\"og:title\" content=\"Concrete-coloured extending dining table from 160 to 200 cm with black legs in modern, industrial design TL018\" \/>\n<meta property=\"og:description\" content=\"Dining table with wooden top and metal legs. Dimensions 160x90cm extendable up to 200cm.\" \/>\n<meta property=\"og:url\" content=\"https:\/\/www.bagnoitalia.com\/es\/producto\/concrete-coloured-extending-dining-table-from-160-to-200-cm-with-black-legs-in-modern-industrial-design-tl018.html\" \/>\n<meta property=\"og:site_name\" content=\"Bagno Italia\" \/>\n<meta property=\"article:modified_time\" content=\"2024-10-23T15:10:24+00:00\" \/>\n<meta property=\"og:image\" content=\"https:\/\/img.bagnoitalia.com\/wp-content\/uploads\/virtuemart\/product\/tav018-1.jpg\" \/>\n\t<meta property=\"og:image:width\" content=\"550\" \/>\n\t<meta property=\"og:image:height\" content=\"550\" \/>\n\t<meta property=\"og:image:type\" content=\"image\/jpeg\" \/>\n<meta name=\"twitter:card\" content=\"summary_large_image\" \/>\n<meta name=\"twitter:label1\" content=\"Tiempo de lectura\" \/>\n\t<meta name=\"twitter:data1\" content=\"1 minuto\" \/>\n<script type=\"application\/ld+json\" class=\"yoast-schema-graph\">{\"@context\":\"https:\/\/schema.org\",\"@graph\":[{\"@type\":\"WebPage\",\"@id\":\"https:\/\/www.bagnoitalia.com\/es\/producto\/concrete-coloured-extending-dining-table-from-160-to-200-cm-with-black-legs-in-modern-industrial-design-tl018.html\",\"url\":\"https:\/\/www.bagnoitalia.com\/es\/producto\/concrete-coloured-extending-dining-table-from-160-to-200-cm-with-black-legs-in-modern-industrial-design-tl018.html\",\"name\":\"Concrete-coloured extending dining table from 160 to 200 cm with black legs in modern, industrial design TL018\",\"isPartOf\":{\"@id\":\"https:\/\/www.bagnoitalia.com\/es#website\"},\"primaryImageOfPage\":{\"@id\":\"https:\/\/www.bagnoitalia.com\/es\/producto\/concrete-coloured-extending-dining-table-from-160-to-200-cm-with-black-legs-in-modern-industrial-design-tl018.html#primaryimage\"},\"image\":{\"@id\":\"https:\/\/www.bagnoitalia.com\/es\/producto\/concrete-coloured-extending-dining-table-from-160-to-200-cm-with-black-legs-in-modern-industrial-design-tl018.html#primaryimage\"},\"thumbnailUrl\":\"https:\/\/img.bagnoitalia.com\/wp-content\/uploads\/virtuemart\/product\/tav018-1.jpg\",\"datePublished\":\"2022-08-04T08:24:21+00:00\",\"dateModified\":\"2024-10-23T15:10:24+00:00\",\"description\":\"Dining table with wooden top and metal legs. Dimensions 160x90cm extendable up to 200cm.\",\"breadcrumb\":{\"@id\":\"https:\/\/www.bagnoitalia.com\/es\/producto\/concrete-coloured-extending-dining-table-from-160-to-200-cm-with-black-legs-in-modern-industrial-design-tl018.html#breadcrumb\"},\"inLanguage\":\"es\",\"potentialAction\":[{\"@type\":\"ReadAction\",\"target\":[\"https:\/\/www.bagnoitalia.com\/es\/producto\/concrete-coloured-extending-dining-table-from-160-to-200-cm-with-black-legs-in-modern-industrial-design-tl018.html\"]}]},{\"@type\":\"ImageObject\",\"inLanguage\":\"es\",\"@id\":\"https:\/\/www.bagnoitalia.com\/es\/producto\/concrete-coloured-extending-dining-table-from-160-to-200-cm-with-black-legs-in-modern-industrial-design-tl018.html#primaryimage\",\"url\":\"https:\/\/img.bagnoitalia.com\/wp-content\/uploads\/virtuemart\/product\/tav018-1.jpg\",\"contentUrl\":\"https:\/\/img.bagnoitalia.com\/wp-content\/uploads\/virtuemart\/product\/tav018-1.jpg\",\"width\":550,\"height\":550},{\"@type\":\"BreadcrumbList\",\"@id\":\"https:\/\/www.bagnoitalia.com\/es\/producto\/concrete-coloured-extending-dining-table-from-160-to-200-cm-with-black-legs-in-modern-industrial-design-tl018.html#breadcrumb\",\"itemListElement\":[{\"@type\":\"ListItem\",\"position\":1,\"name\":\"Home\",\"item\":\"https:\/\/www.bagnoitalia.com\/es\"},{\"@type\":\"ListItem\",\"position\":2,\"name\":\"Productos\",\"item\":\"https:\/\/www.bagnoitalia.com\/es\/shop\"},{\"@type\":\"ListItem\",\"position\":3,\"name\":\"Mesa de comedor extensible de 160 a 200 cm en color hormig\u00f3n con patas negras de dise\u00f1o moderno e industrial TL018\"}]},{\"@type\":\"WebSite\",\"@id\":\"https:\/\/www.bagnoitalia.com\/es#website\",\"url\":\"https:\/\/www.bagnoitalia.com\/es\",\"name\":\"Bagno Italia\",\"description\":\"\",\"publisher\":{\"@id\":\"https:\/\/www.bagnoitalia.com\/es#organization\"},\"potentialAction\":[{\"@type\":\"SearchAction\",\"target\":{\"@type\":\"EntryPoint\",\"urlTemplate\":\"https:\/\/www.bagnoitalia.com\/es?s={search_term_string}\"},\"query-input\":{\"@type\":\"PropertyValueSpecification\",\"valueRequired\":true,\"valueName\":\"search_term_string\"}}],\"inLanguage\":\"es\"},{\"@type\":\"Organization\",\"@id\":\"https:\/\/www.bagnoitalia.com\/es#organization\",\"name\":\"Bagno Italia\",\"url\":\"https:\/\/www.bagnoitalia.com\/es\",\"logo\":{\"@type\":\"ImageObject\",\"inLanguage\":\"es\",\"@id\":\"https:\/\/www.bagnoitalia.com\/es#\/schema\/logo\/image\/\",\"url\":\"https:\/\/img.bagnoitalia.com\/wp-content\/uploads\/logo-bagnoitalia.webp\",\"contentUrl\":\"https:\/\/img.bagnoitalia.com\/wp-content\/uploads\/logo-bagnoitalia.webp\",\"width\":400,\"height\":70,\"caption\":\"Bagno Italia\"},\"image\":{\"@id\":\"https:\/\/www.bagnoitalia.com\/es#\/schema\/logo\/image\/\"}}]}<\/script>\n<!-- \/ Yoast SEO plugin. -->","yoast_head_json":{"title":"Concrete-coloured extending dining table from 160 to 200 cm with black legs in modern, industrial design TL018","description":"Dining table with wooden top and metal legs. Dimensions 160x90cm extendable up to 200cm.","robots":{"index":"index","follow":"follow","max-snippet":"max-snippet:-1","max-image-preview":"max-image-preview:large","max-video-preview":"max-video-preview:-1"},"canonical":"https:\/\/www.bagnoitalia.com\/es\/producto\/concrete-coloured-extending-dining-table-from-160-to-200-cm-with-black-legs-in-modern-industrial-design-tl018.html","og_locale":"es_ES","og_type":"article","og_title":"Concrete-coloured extending dining table from 160 to 200 cm with black legs in modern, industrial design TL018","og_description":"Dining table with wooden top and metal legs. Dimensions 160x90cm extendable up to 200cm.","og_url":"https:\/\/www.bagnoitalia.com\/es\/producto\/concrete-coloured-extending-dining-table-from-160-to-200-cm-with-black-legs-in-modern-industrial-design-tl018.html","og_site_name":"Bagno Italia","article_modified_time":"2024-10-23T15:10:24+00:00","og_image":[{"width":550,"height":550,"url":"https:\/\/img.bagnoitalia.com\/wp-content\/uploads\/virtuemart\/product\/tav018-1.jpg","type":"image\/jpeg"}],"twitter_card":"summary_large_image","twitter_misc":{"Tiempo de lectura":"1 minuto"},"schema":{"@context":"https:\/\/schema.org","@graph":[{"@type":"WebPage","@id":"https:\/\/www.bagnoitalia.com\/es\/producto\/concrete-coloured-extending-dining-table-from-160-to-200-cm-with-black-legs-in-modern-industrial-design-tl018.html","url":"https:\/\/www.bagnoitalia.com\/es\/producto\/concrete-coloured-extending-dining-table-from-160-to-200-cm-with-black-legs-in-modern-industrial-design-tl018.html","name":"Concrete-coloured extending dining table from 160 to 200 cm with black legs in modern, industrial design TL018","isPartOf":{"@id":"https:\/\/www.bagnoitalia.com\/es#website"},"primaryImageOfPage":{"@id":"https:\/\/www.bagnoitalia.com\/es\/producto\/concrete-coloured-extending-dining-table-from-160-to-200-cm-with-black-legs-in-modern-industrial-design-tl018.html#primaryimage"},"image":{"@id":"https:\/\/www.bagnoitalia.com\/es\/producto\/concrete-coloured-extending-dining-table-from-160-to-200-cm-with-black-legs-in-modern-industrial-design-tl018.html#primaryimage"},"thumbnailUrl":"https:\/\/img.bagnoitalia.com\/wp-content\/uploads\/virtuemart\/product\/tav018-1.jpg","datePublished":"2022-08-04T08:24:21+00:00","dateModified":"2024-10-23T15:10:24+00:00","description":"Dining table with wooden top and metal legs. Dimensions 160x90cm extendable up to 200cm.","breadcrumb":{"@id":"https:\/\/www.bagnoitalia.com\/es\/producto\/concrete-coloured-extending-dining-table-from-160-to-200-cm-with-black-legs-in-modern-industrial-design-tl018.html#breadcrumb"},"inLanguage":"es","potentialAction":[{"@type":"ReadAction","target":["https:\/\/www.bagnoitalia.com\/es\/producto\/concrete-coloured-extending-dining-table-from-160-to-200-cm-with-black-legs-in-modern-industrial-design-tl018.html"]}]},{"@type":"ImageObject","inLanguage":"es","@id":"https:\/\/www.bagnoitalia.com\/es\/producto\/concrete-coloured-extending-dining-table-from-160-to-200-cm-with-black-legs-in-modern-industrial-design-tl018.html#primaryimage","url":"https:\/\/img.bagnoitalia.com\/wp-content\/uploads\/virtuemart\/product\/tav018-1.jpg","contentUrl":"https:\/\/img.bagnoitalia.com\/wp-content\/uploads\/virtuemart\/product\/tav018-1.jpg","width":550,"height":550},{"@type":"BreadcrumbList","@id":"https:\/\/www.bagnoitalia.com\/es\/producto\/concrete-coloured-extending-dining-table-from-160-to-200-cm-with-black-legs-in-modern-industrial-design-tl018.html#breadcrumb","itemListElement":[{"@type":"ListItem","position":1,"name":"Home","item":"https:\/\/www.bagnoitalia.com\/es"},{"@type":"ListItem","position":2,"name":"Productos","item":"https:\/\/www.bagnoitalia.com\/es\/shop"},{"@type":"ListItem","position":3,"name":"Mesa de comedor extensible de 160 a 200 cm en color hormig\u00f3n con patas negras de dise\u00f1o moderno e industrial TL018"}]},{"@type":"WebSite","@id":"https:\/\/www.bagnoitalia.com\/es#website","url":"https:\/\/www.bagnoitalia.com\/es","name":"Bagno Italia","description":"","publisher":{"@id":"https:\/\/www.bagnoitalia.com\/es#organization"},"potentialAction":[{"@type":"SearchAction","target":{"@type":"EntryPoint","urlTemplate":"https:\/\/www.bagnoitalia.com\/es?s={search_term_string}"},"query-input":{"@type":"PropertyValueSpecification","valueRequired":true,"valueName":"search_term_string"}}],"inLanguage":"es"},{"@type":"Organization","@id":"https:\/\/www.bagnoitalia.com\/es#organization","name":"Bagno Italia","url":"https:\/\/www.bagnoitalia.com\/es","logo":{"@type":"ImageObject","inLanguage":"es","@id":"https:\/\/www.bagnoitalia.com\/es#\/schema\/logo\/image\/","url":"https:\/\/img.bagnoitalia.com\/wp-content\/uploads\/logo-bagnoitalia.webp","contentUrl":"https:\/\/img.bagnoitalia.com\/wp-content\/uploads\/logo-bagnoitalia.webp","width":400,"height":70,"caption":"Bagno Italia"},"image":{"@id":"https:\/\/www.bagnoitalia.com\/es#\/schema\/logo\/image\/"}}]}},"_links":{"self":[{"href":"https:\/\/www.bagnoitalia.com\/es\/wp-json\/wp\/v2\/product\/93505","targetHints":{"allow":["GET"]}}],"collection":[{"href":"https:\/\/www.bagnoitalia.com\/es\/wp-json\/wp\/v2\/product"}],"about":[{"href":"https:\/\/www.bagnoitalia.com\/es\/wp-json\/wp\/v2\/types\/product"}],"replies":[{"embeddable":true,"href":"https:\/\/www.bagnoitalia.com\/es\/wp-json\/wp\/v2\/comments?post=93505"}],"version-history":[{"count":1,"href":"https:\/\/www.bagnoitalia.com\/es\/wp-json\/wp\/v2\/product\/93505\/revisions"}],"predecessor-version":[{"id":93507,"href":"https:\/\/www.bagnoitalia.com\/es\/wp-json\/wp\/v2\/product\/93505\/revisions\/93507"}],"wp:featuredmedia":[{"embeddable":true,"href":"https:\/\/www.bagnoitalia.com\/es\/wp-json\/wp\/v2\/media\/54278"}],"wp:attachment":[{"href":"https:\/\/www.bagnoitalia.com\/es\/wp-json\/wp\/v2\/media?parent=93505"}],"wp:term":[{"taxonomy":"product_brand","embeddable":true,"href":"https:\/\/www.bagnoitalia.com\/es\/wp-json\/wp\/v2\/product_brand?post=93505"},{"taxonomy":"product_cat","embeddable":true,"href":"https:\/\/www.bagnoitalia.com\/es\/wp-json\/wp\/v2\/product_cat?post=93505"},{"taxonomy":"product_tag","embeddable":true,"href":"https:\/\/www.bagnoitalia.com\/es\/wp-json\/wp\/v2\/product_tag?post=93505"}],"curies":[{"name":"wp","href":"https:\/\/api.w.org\/{rel}","templated":true}]}}