{"id":93500,"date":"2020-09-28T09:45:33","date_gmt":"2020-09-28T07:45:33","guid":{"rendered":"https:\/\/www.bagnoitalia.com\/product\/classic-style-sanitary-ware-with-floor-drain-or-wall-drain-ceramic-toilet-and-bidet"},"modified":"2024-10-23T17:04:41","modified_gmt":"2024-10-23T15:04:41","slug":"classic-style-sanitary-ware-with-floor-drain-or-wall-drain-ceramic-toilet-and-bidet","status":"publish","type":"product","link":"https:\/\/www.bagnoitalia.com\/es\/producto\/classic-style-sanitary-ware-with-floor-drain-or-wall-drain-ceramic-toilet-and-bidet.html","title":{"rendered":"Sanitarios de estilo cl\u00e1sico con desag\u00fce de suelo o de pared, inodoro y bid\u00e9 de cer\u00e1mica"},"content":{"rendered":"<p>INODORO Y BID\u00c9 OLD ENGLAND<\/p>\n<p>&nbsp;<\/p>\n<p>El precio anterior incluye:<\/p>\n<p>1 WC con desag\u00fce de pared o de suelo (seleccione el tipo en el men\u00fa)<\/p>\n<p>1 bid\u00e9<\/p>\n<p>1 asiento de inodoro de poli\u00e9ster con bisagras cromadas<\/p>\n<p>&nbsp;<\/p>\n<p>Sanitarios de cer\u00e1mica blanca de primera elecci\u00f3n.<\/p>\n<p>&nbsp;<\/p>\n<p>Nota: los grifos no est\u00e1n incluidos en el precio.<\/p>\n","protected":false},"excerpt":{"rendered":"<p>Serie completa de inodoro y bid\u00e9 estilo Old England, asiento de inodoro incluido en la oferta, disponible con desag\u00fce de pared o de suelo.<\/p>\n","protected":false},"featured_media":45952,"comment_status":"open","ping_status":"closed","template":"","meta":[],"product_brand":[5006],"product_cat":[9697],"product_tag":[],"class_list":{"0":"post-93500","1":"product","2":"type-product","3":"status-publish","4":"has-post-thumbnail","6":"product_brand-deghi","7":"product_cat-bano-sanitario","9":"first","10":"instock","11":"sale","12":"taxable","13":"shipping-taxable","14":"purchasable","15":"product-type-simple"},"exclude_global_add_ons":false,"addons":[{"name":"Tipo","type":"multiple_choice","position":0,"required":true,"title_format":"heading","default":"","description_enable":false,"description":"","placeholder_enable":false,"placeholder":"","display":"select","restrictions_type":"any_text","adjust_price":false,"price":"","price_type":"flat_fee","restrictions":false,"min":"0","max":"0","options":[{"label":"desag\u00fce de pared","price":"","price_type":"quantity_based","image":0,"visibility":true},{"label":"desag\u00fce de suelo","price":"","price_type":"quantity_based","image":0,"visibility":true}],"id":1717600559}],"yoast_head":"<!-- This site is optimized with the Yoast SEO plugin v26.7 - https:\/\/yoast.com\/wordpress\/plugins\/seo\/ -->\n<title>Classic style sanitary ware with floor drain or wall drain, ceramic toilet and bidet<\/title>\n<meta name=\"description\" content=\"Complete series of Old England style WC and Bidet, toilet seat included in the offer, available with wall or floor drain\" \/>\n<meta name=\"robots\" content=\"index, follow, max-snippet:-1, max-image-preview:large, max-video-preview:-1\" \/>\n<link rel=\"canonical\" href=\"https:\/\/www.bagnoitalia.com\/es\/producto\/classic-style-sanitary-ware-with-floor-drain-or-wall-drain-ceramic-toilet-and-bidet.html\" \/>\n<meta property=\"og:locale\" content=\"es_ES\" \/>\n<meta property=\"og:type\" content=\"article\" \/>\n<meta property=\"og:title\" content=\"Classic style sanitary ware with floor drain or wall drain, ceramic toilet and bidet\" \/>\n<meta property=\"og:description\" content=\"Complete series of Old England style WC and Bidet, toilet seat included in the offer, available with wall or floor drain\" \/>\n<meta property=\"og:url\" content=\"https:\/\/www.bagnoitalia.com\/es\/producto\/classic-style-sanitary-ware-with-floor-drain-or-wall-drain-ceramic-toilet-and-bidet.html\" \/>\n<meta property=\"og:site_name\" content=\"Bagno Italia\" \/>\n<meta property=\"article:modified_time\" content=\"2024-10-23T15:04:41+00:00\" \/>\n<meta property=\"og:image\" content=\"https:\/\/img.bagnoitalia.com\/wp-content\/uploads\/virtuemart\/product\/classic-style-sanitary-ware.jpg\" \/>\n\t<meta property=\"og:image:width\" content=\"550\" \/>\n\t<meta property=\"og:image:height\" content=\"550\" \/>\n\t<meta property=\"og:image:type\" content=\"image\/jpeg\" \/>\n<meta name=\"twitter:card\" content=\"summary_large_image\" \/>\n<meta name=\"twitter:label1\" content=\"Tiempo de lectura\" \/>\n\t<meta name=\"twitter:data1\" content=\"1 minuto\" \/>\n<script type=\"application\/ld+json\" class=\"yoast-schema-graph\">{\"@context\":\"https:\/\/schema.org\",\"@graph\":[{\"@type\":\"WebPage\",\"@id\":\"https:\/\/www.bagnoitalia.com\/es\/producto\/classic-style-sanitary-ware-with-floor-drain-or-wall-drain-ceramic-toilet-and-bidet.html\",\"url\":\"https:\/\/www.bagnoitalia.com\/es\/producto\/classic-style-sanitary-ware-with-floor-drain-or-wall-drain-ceramic-toilet-and-bidet.html\",\"name\":\"Classic style sanitary ware with floor drain or wall drain, ceramic toilet and bidet\",\"isPartOf\":{\"@id\":\"https:\/\/www.bagnoitalia.com\/es#website\"},\"primaryImageOfPage\":{\"@id\":\"https:\/\/www.bagnoitalia.com\/es\/producto\/classic-style-sanitary-ware-with-floor-drain-or-wall-drain-ceramic-toilet-and-bidet.html#primaryimage\"},\"image\":{\"@id\":\"https:\/\/www.bagnoitalia.com\/es\/producto\/classic-style-sanitary-ware-with-floor-drain-or-wall-drain-ceramic-toilet-and-bidet.html#primaryimage\"},\"thumbnailUrl\":\"https:\/\/img.bagnoitalia.com\/wp-content\/uploads\/virtuemart\/product\/classic-style-sanitary-ware.jpg\",\"datePublished\":\"2020-09-28T07:45:33+00:00\",\"dateModified\":\"2024-10-23T15:04:41+00:00\",\"description\":\"Complete series of Old England style WC and Bidet, toilet seat included in the offer, available with wall or floor drain\",\"breadcrumb\":{\"@id\":\"https:\/\/www.bagnoitalia.com\/es\/producto\/classic-style-sanitary-ware-with-floor-drain-or-wall-drain-ceramic-toilet-and-bidet.html#breadcrumb\"},\"inLanguage\":\"es\",\"potentialAction\":[{\"@type\":\"ReadAction\",\"target\":[\"https:\/\/www.bagnoitalia.com\/es\/producto\/classic-style-sanitary-ware-with-floor-drain-or-wall-drain-ceramic-toilet-and-bidet.html\"]}]},{\"@type\":\"ImageObject\",\"inLanguage\":\"es\",\"@id\":\"https:\/\/www.bagnoitalia.com\/es\/producto\/classic-style-sanitary-ware-with-floor-drain-or-wall-drain-ceramic-toilet-and-bidet.html#primaryimage\",\"url\":\"https:\/\/img.bagnoitalia.com\/wp-content\/uploads\/virtuemart\/product\/classic-style-sanitary-ware.jpg\",\"contentUrl\":\"https:\/\/img.bagnoitalia.com\/wp-content\/uploads\/virtuemart\/product\/classic-style-sanitary-ware.jpg\",\"width\":550,\"height\":550},{\"@type\":\"BreadcrumbList\",\"@id\":\"https:\/\/www.bagnoitalia.com\/es\/producto\/classic-style-sanitary-ware-with-floor-drain-or-wall-drain-ceramic-toilet-and-bidet.html#breadcrumb\",\"itemListElement\":[{\"@type\":\"ListItem\",\"position\":1,\"name\":\"Home\",\"item\":\"https:\/\/www.bagnoitalia.com\/es\"},{\"@type\":\"ListItem\",\"position\":2,\"name\":\"Productos\",\"item\":\"https:\/\/www.bagnoitalia.com\/es\/shop\"},{\"@type\":\"ListItem\",\"position\":3,\"name\":\"Sanitarios de estilo cl\u00e1sico con desag\u00fce de suelo o de pared, inodoro y bid\u00e9 de cer\u00e1mica\"}]},{\"@type\":\"WebSite\",\"@id\":\"https:\/\/www.bagnoitalia.com\/es#website\",\"url\":\"https:\/\/www.bagnoitalia.com\/es\",\"name\":\"Bagno Italia\",\"description\":\"\",\"publisher\":{\"@id\":\"https:\/\/www.bagnoitalia.com\/es#organization\"},\"potentialAction\":[{\"@type\":\"SearchAction\",\"target\":{\"@type\":\"EntryPoint\",\"urlTemplate\":\"https:\/\/www.bagnoitalia.com\/es?s={search_term_string}\"},\"query-input\":{\"@type\":\"PropertyValueSpecification\",\"valueRequired\":true,\"valueName\":\"search_term_string\"}}],\"inLanguage\":\"es\"},{\"@type\":\"Organization\",\"@id\":\"https:\/\/www.bagnoitalia.com\/es#organization\",\"name\":\"Bagno Italia\",\"url\":\"https:\/\/www.bagnoitalia.com\/es\",\"logo\":{\"@type\":\"ImageObject\",\"inLanguage\":\"es\",\"@id\":\"https:\/\/www.bagnoitalia.com\/es#\/schema\/logo\/image\/\",\"url\":\"https:\/\/img.bagnoitalia.com\/wp-content\/uploads\/logo-bagnoitalia.webp\",\"contentUrl\":\"https:\/\/img.bagnoitalia.com\/wp-content\/uploads\/logo-bagnoitalia.webp\",\"width\":400,\"height\":70,\"caption\":\"Bagno Italia\"},\"image\":{\"@id\":\"https:\/\/www.bagnoitalia.com\/es#\/schema\/logo\/image\/\"}}]}<\/script>\n<!-- \/ Yoast SEO plugin. -->","yoast_head_json":{"title":"Classic style sanitary ware with floor drain or wall drain, ceramic toilet and bidet","description":"Complete series of Old England style WC and Bidet, toilet seat included in the offer, available with wall or floor drain","robots":{"index":"index","follow":"follow","max-snippet":"max-snippet:-1","max-image-preview":"max-image-preview:large","max-video-preview":"max-video-preview:-1"},"canonical":"https:\/\/www.bagnoitalia.com\/es\/producto\/classic-style-sanitary-ware-with-floor-drain-or-wall-drain-ceramic-toilet-and-bidet.html","og_locale":"es_ES","og_type":"article","og_title":"Classic style sanitary ware with floor drain or wall drain, ceramic toilet and bidet","og_description":"Complete series of Old England style WC and Bidet, toilet seat included in the offer, available with wall or floor drain","og_url":"https:\/\/www.bagnoitalia.com\/es\/producto\/classic-style-sanitary-ware-with-floor-drain-or-wall-drain-ceramic-toilet-and-bidet.html","og_site_name":"Bagno Italia","article_modified_time":"2024-10-23T15:04:41+00:00","og_image":[{"width":550,"height":550,"url":"https:\/\/img.bagnoitalia.com\/wp-content\/uploads\/virtuemart\/product\/classic-style-sanitary-ware.jpg","type":"image\/jpeg"}],"twitter_card":"summary_large_image","twitter_misc":{"Tiempo de lectura":"1 minuto"},"schema":{"@context":"https:\/\/schema.org","@graph":[{"@type":"WebPage","@id":"https:\/\/www.bagnoitalia.com\/es\/producto\/classic-style-sanitary-ware-with-floor-drain-or-wall-drain-ceramic-toilet-and-bidet.html","url":"https:\/\/www.bagnoitalia.com\/es\/producto\/classic-style-sanitary-ware-with-floor-drain-or-wall-drain-ceramic-toilet-and-bidet.html","name":"Classic style sanitary ware with floor drain or wall drain, ceramic toilet and bidet","isPartOf":{"@id":"https:\/\/www.bagnoitalia.com\/es#website"},"primaryImageOfPage":{"@id":"https:\/\/www.bagnoitalia.com\/es\/producto\/classic-style-sanitary-ware-with-floor-drain-or-wall-drain-ceramic-toilet-and-bidet.html#primaryimage"},"image":{"@id":"https:\/\/www.bagnoitalia.com\/es\/producto\/classic-style-sanitary-ware-with-floor-drain-or-wall-drain-ceramic-toilet-and-bidet.html#primaryimage"},"thumbnailUrl":"https:\/\/img.bagnoitalia.com\/wp-content\/uploads\/virtuemart\/product\/classic-style-sanitary-ware.jpg","datePublished":"2020-09-28T07:45:33+00:00","dateModified":"2024-10-23T15:04:41+00:00","description":"Complete series of Old England style WC and Bidet, toilet seat included in the offer, available with wall or floor drain","breadcrumb":{"@id":"https:\/\/www.bagnoitalia.com\/es\/producto\/classic-style-sanitary-ware-with-floor-drain-or-wall-drain-ceramic-toilet-and-bidet.html#breadcrumb"},"inLanguage":"es","potentialAction":[{"@type":"ReadAction","target":["https:\/\/www.bagnoitalia.com\/es\/producto\/classic-style-sanitary-ware-with-floor-drain-or-wall-drain-ceramic-toilet-and-bidet.html"]}]},{"@type":"ImageObject","inLanguage":"es","@id":"https:\/\/www.bagnoitalia.com\/es\/producto\/classic-style-sanitary-ware-with-floor-drain-or-wall-drain-ceramic-toilet-and-bidet.html#primaryimage","url":"https:\/\/img.bagnoitalia.com\/wp-content\/uploads\/virtuemart\/product\/classic-style-sanitary-ware.jpg","contentUrl":"https:\/\/img.bagnoitalia.com\/wp-content\/uploads\/virtuemart\/product\/classic-style-sanitary-ware.jpg","width":550,"height":550},{"@type":"BreadcrumbList","@id":"https:\/\/www.bagnoitalia.com\/es\/producto\/classic-style-sanitary-ware-with-floor-drain-or-wall-drain-ceramic-toilet-and-bidet.html#breadcrumb","itemListElement":[{"@type":"ListItem","position":1,"name":"Home","item":"https:\/\/www.bagnoitalia.com\/es"},{"@type":"ListItem","position":2,"name":"Productos","item":"https:\/\/www.bagnoitalia.com\/es\/shop"},{"@type":"ListItem","position":3,"name":"Sanitarios de estilo cl\u00e1sico con desag\u00fce de suelo o de pared, inodoro y bid\u00e9 de cer\u00e1mica"}]},{"@type":"WebSite","@id":"https:\/\/www.bagnoitalia.com\/es#website","url":"https:\/\/www.bagnoitalia.com\/es","name":"Bagno Italia","description":"","publisher":{"@id":"https:\/\/www.bagnoitalia.com\/es#organization"},"potentialAction":[{"@type":"SearchAction","target":{"@type":"EntryPoint","urlTemplate":"https:\/\/www.bagnoitalia.com\/es?s={search_term_string}"},"query-input":{"@type":"PropertyValueSpecification","valueRequired":true,"valueName":"search_term_string"}}],"inLanguage":"es"},{"@type":"Organization","@id":"https:\/\/www.bagnoitalia.com\/es#organization","name":"Bagno Italia","url":"https:\/\/www.bagnoitalia.com\/es","logo":{"@type":"ImageObject","inLanguage":"es","@id":"https:\/\/www.bagnoitalia.com\/es#\/schema\/logo\/image\/","url":"https:\/\/img.bagnoitalia.com\/wp-content\/uploads\/logo-bagnoitalia.webp","contentUrl":"https:\/\/img.bagnoitalia.com\/wp-content\/uploads\/logo-bagnoitalia.webp","width":400,"height":70,"caption":"Bagno Italia"},"image":{"@id":"https:\/\/www.bagnoitalia.com\/es#\/schema\/logo\/image\/"}}]}},"_links":{"self":[{"href":"https:\/\/www.bagnoitalia.com\/es\/wp-json\/wp\/v2\/product\/93500","targetHints":{"allow":["GET"]}}],"collection":[{"href":"https:\/\/www.bagnoitalia.com\/es\/wp-json\/wp\/v2\/product"}],"about":[{"href":"https:\/\/www.bagnoitalia.com\/es\/wp-json\/wp\/v2\/types\/product"}],"replies":[{"embeddable":true,"href":"https:\/\/www.bagnoitalia.com\/es\/wp-json\/wp\/v2\/comments?post=93500"}],"version-history":[{"count":1,"href":"https:\/\/www.bagnoitalia.com\/es\/wp-json\/wp\/v2\/product\/93500\/revisions"}],"predecessor-version":[{"id":93502,"href":"https:\/\/www.bagnoitalia.com\/es\/wp-json\/wp\/v2\/product\/93500\/revisions\/93502"}],"wp:featuredmedia":[{"embeddable":true,"href":"https:\/\/www.bagnoitalia.com\/es\/wp-json\/wp\/v2\/media\/45952"}],"wp:attachment":[{"href":"https:\/\/www.bagnoitalia.com\/es\/wp-json\/wp\/v2\/media?parent=93500"}],"wp:term":[{"taxonomy":"product_brand","embeddable":true,"href":"https:\/\/www.bagnoitalia.com\/es\/wp-json\/wp\/v2\/product_brand?post=93500"},{"taxonomy":"product_cat","embeddable":true,"href":"https:\/\/www.bagnoitalia.com\/es\/wp-json\/wp\/v2\/product_cat?post=93500"},{"taxonomy":"product_tag","embeddable":true,"href":"https:\/\/www.bagnoitalia.com\/es\/wp-json\/wp\/v2\/product_tag?post=93500"}],"curies":[{"name":"wp","href":"https:\/\/api.w.org\/{rel}","templated":true}]}}