{"id":93235,"date":"2022-03-03T14:41:10","date_gmt":"2022-03-03T13:41:10","guid":{"rendered":"https:\/\/www.bagnoitalia.com\/product\/whirlpool-bath-175x132-cm-right-or-left-version-2-seats-with-chromotherapy-vs114"},"modified":"2024-10-21T15:41:39","modified_gmt":"2024-10-21T13:41:39","slug":"whirlpool-bath-175x132-cm-right-or-left-version-2-seats-with-chromotherapy-vs114","status":"publish","type":"product","link":"https:\/\/www.bagnoitalia.com\/es\/producto\/whirlpool-bath-175x132-cm-right-or-left-version-2-seats-with-chromotherapy-vs114.html","title":{"rendered":"Ba\u00f1era de hidromasaje 175&#215;132 cm versi\u00f3n derecha o izquierda 2 asientos con cromoterapia VS114"},"content":{"rendered":"<p>Ba\u00f1era de hidromasaje VS114<\/p>\n<p>Disponible en versi\u00f3n DERECHA o IZQUIERDA<\/p>\n<p>&nbsp;<\/p>\n<p>DETALLES DEL PRODUCTO<\/p>\n<p>dimensiones exteriores 175x132xH65 cm<\/p>\n<p>Bomba de agua de 1,25 CV<\/p>\n<p>14 jets de hidromasaje<\/p>\n<p>2 reposacabezas<\/p>\n<p>Grifos y desag\u00fce<\/p>\n<p>Radio FM<\/p>\n<p>altavoz<\/p>\n<p>pantalla de control<\/p>\n<p>Sistema de circulaci\u00f3n de agua, aspiraci\u00f3n y regulaci\u00f3n de la presi\u00f3n<\/p>\n<p>Funci\u00f3n de desinfecci\u00f3n y esterilizaci\u00f3n<\/p>\n<p>salvavidas autom\u00e1tico<\/p>\n<p>luz led para cromoterapia<\/p>\n<p>&nbsp;<\/p>\n<p>MATERIALES<\/p>\n<p>estructura de acero<\/p>\n<p>ba\u00f1era acr\u00edlica sanitaria<\/p>\n<p>&nbsp;<\/p>\n<p>&nbsp;<\/p>\n","protected":false},"excerpt":{"rendered":"<p>Ba\u00f1era 175x132xH65 cm, para dos personas, disponible en versiones izquierda y derecha. Incluye sistema de desinfecci\u00f3n y esterilizaci\u00f3n, cromoterapia y mezclador.<\/p>\n","protected":false},"featured_media":48593,"comment_status":"open","ping_status":"closed","template":"","meta":[],"product_brand":[9914],"product_cat":[9709,9745],"product_tag":[],"class_list":{"0":"post-93235","1":"product","2":"type-product","3":"status-publish","4":"has-post-thumbnail","6":"product_brand-simba-es","7":"product_cat-banera-de-hidromasaje","8":"product_cat-piscinas-de-hidromasaje","10":"first","11":"instock","12":"sale","13":"taxable","14":"shipping-taxable","15":"purchasable","16":"product-type-simple"},"exclude_global_add_ons":false,"addons":[{"name":"versi\u00f3n","type":"multiple_choice","position":0,"required":true,"title_format":"heading","default":"","description_enable":false,"description":"","placeholder_enable":false,"placeholder":"","display":"select","restrictions_type":"any_text","adjust_price":false,"price":"","price_type":"flat_fee","restrictions":false,"min":"0","max":"0","options":[{"label":"Versi\u00f3n izquierda","price":"","price_type":"quantity_based","image":0,"visibility":true},{"label":"Versi\u00f3n derecha","price":"","price_type":"quantity_based","image":0,"visibility":true}],"id":1716378453}],"yoast_head":"<!-- This site is optimized with the Yoast SEO plugin v26.7 - https:\/\/yoast.com\/wordpress\/plugins\/seo\/ -->\n<title>Whirlpool bath 175x132 cm right or left version 2 seats with chromotherapy VS114<\/title>\n<meta name=\"description\" content=\"Bathtub 175x132xH65 cm, for two people, available in left and right versions. Includes disinfection and sterilisation system, chromotherapy and mixer.\" \/>\n<meta name=\"robots\" content=\"index, follow, max-snippet:-1, max-image-preview:large, max-video-preview:-1\" \/>\n<link rel=\"canonical\" href=\"https:\/\/www.bagnoitalia.com\/es\/producto\/whirlpool-bath-175x132-cm-right-or-left-version-2-seats-with-chromotherapy-vs114.html\" \/>\n<meta property=\"og:locale\" content=\"es_ES\" \/>\n<meta property=\"og:type\" content=\"article\" \/>\n<meta property=\"og:title\" content=\"Whirlpool bath 175x132 cm right or left version 2 seats with chromotherapy VS114\" \/>\n<meta property=\"og:description\" content=\"Bathtub 175x132xH65 cm, for two people, available in left and right versions. Includes disinfection and sterilisation system, chromotherapy and mixer.\" \/>\n<meta property=\"og:url\" content=\"https:\/\/www.bagnoitalia.com\/es\/producto\/whirlpool-bath-175x132-cm-right-or-left-version-2-seats-with-chromotherapy-vs114.html\" \/>\n<meta property=\"og:site_name\" content=\"Bagno Italia\" \/>\n<meta property=\"article:modified_time\" content=\"2024-10-21T13:41:39+00:00\" \/>\n<meta property=\"og:image\" content=\"https:\/\/img.bagnoitalia.com\/wp-content\/uploads\/virtuemart\/product\/whirlpool-bath-175x132-right-left.jpg\" \/>\n\t<meta property=\"og:image:width\" content=\"550\" \/>\n\t<meta property=\"og:image:height\" content=\"550\" \/>\n\t<meta property=\"og:image:type\" content=\"image\/jpeg\" \/>\n<meta name=\"twitter:card\" content=\"summary_large_image\" \/>\n<meta name=\"twitter:label1\" content=\"Tiempo de lectura\" \/>\n\t<meta name=\"twitter:data1\" content=\"1 minuto\" \/>\n<script type=\"application\/ld+json\" class=\"yoast-schema-graph\">{\"@context\":\"https:\/\/schema.org\",\"@graph\":[{\"@type\":\"WebPage\",\"@id\":\"https:\/\/www.bagnoitalia.com\/es\/producto\/whirlpool-bath-175x132-cm-right-or-left-version-2-seats-with-chromotherapy-vs114.html\",\"url\":\"https:\/\/www.bagnoitalia.com\/es\/producto\/whirlpool-bath-175x132-cm-right-or-left-version-2-seats-with-chromotherapy-vs114.html\",\"name\":\"Whirlpool bath 175x132 cm right or left version 2 seats with chromotherapy VS114\",\"isPartOf\":{\"@id\":\"https:\/\/www.bagnoitalia.com\/es#website\"},\"primaryImageOfPage\":{\"@id\":\"https:\/\/www.bagnoitalia.com\/es\/producto\/whirlpool-bath-175x132-cm-right-or-left-version-2-seats-with-chromotherapy-vs114.html#primaryimage\"},\"image\":{\"@id\":\"https:\/\/www.bagnoitalia.com\/es\/producto\/whirlpool-bath-175x132-cm-right-or-left-version-2-seats-with-chromotherapy-vs114.html#primaryimage\"},\"thumbnailUrl\":\"https:\/\/img.bagnoitalia.com\/wp-content\/uploads\/virtuemart\/product\/whirlpool-bath-175x132-right-left.jpg\",\"datePublished\":\"2022-03-03T13:41:10+00:00\",\"dateModified\":\"2024-10-21T13:41:39+00:00\",\"description\":\"Bathtub 175x132xH65 cm, for two people, available in left and right versions. Includes disinfection and sterilisation system, chromotherapy and mixer.\",\"breadcrumb\":{\"@id\":\"https:\/\/www.bagnoitalia.com\/es\/producto\/whirlpool-bath-175x132-cm-right-or-left-version-2-seats-with-chromotherapy-vs114.html#breadcrumb\"},\"inLanguage\":\"es\",\"potentialAction\":[{\"@type\":\"ReadAction\",\"target\":[\"https:\/\/www.bagnoitalia.com\/es\/producto\/whirlpool-bath-175x132-cm-right-or-left-version-2-seats-with-chromotherapy-vs114.html\"]}]},{\"@type\":\"ImageObject\",\"inLanguage\":\"es\",\"@id\":\"https:\/\/www.bagnoitalia.com\/es\/producto\/whirlpool-bath-175x132-cm-right-or-left-version-2-seats-with-chromotherapy-vs114.html#primaryimage\",\"url\":\"https:\/\/img.bagnoitalia.com\/wp-content\/uploads\/virtuemart\/product\/whirlpool-bath-175x132-right-left.jpg\",\"contentUrl\":\"https:\/\/img.bagnoitalia.com\/wp-content\/uploads\/virtuemart\/product\/whirlpool-bath-175x132-right-left.jpg\",\"width\":550,\"height\":550},{\"@type\":\"BreadcrumbList\",\"@id\":\"https:\/\/www.bagnoitalia.com\/es\/producto\/whirlpool-bath-175x132-cm-right-or-left-version-2-seats-with-chromotherapy-vs114.html#breadcrumb\",\"itemListElement\":[{\"@type\":\"ListItem\",\"position\":1,\"name\":\"Home\",\"item\":\"https:\/\/www.bagnoitalia.com\/es\"},{\"@type\":\"ListItem\",\"position\":2,\"name\":\"Productos\",\"item\":\"https:\/\/www.bagnoitalia.com\/es\/shop\"},{\"@type\":\"ListItem\",\"position\":3,\"name\":\"Ba\u00f1era de hidromasaje 175&#215;132 cm versi\u00f3n derecha o izquierda 2 asientos con cromoterapia VS114\"}]},{\"@type\":\"WebSite\",\"@id\":\"https:\/\/www.bagnoitalia.com\/es#website\",\"url\":\"https:\/\/www.bagnoitalia.com\/es\",\"name\":\"Bagno Italia\",\"description\":\"\",\"publisher\":{\"@id\":\"https:\/\/www.bagnoitalia.com\/es#organization\"},\"potentialAction\":[{\"@type\":\"SearchAction\",\"target\":{\"@type\":\"EntryPoint\",\"urlTemplate\":\"https:\/\/www.bagnoitalia.com\/es?s={search_term_string}\"},\"query-input\":{\"@type\":\"PropertyValueSpecification\",\"valueRequired\":true,\"valueName\":\"search_term_string\"}}],\"inLanguage\":\"es\"},{\"@type\":\"Organization\",\"@id\":\"https:\/\/www.bagnoitalia.com\/es#organization\",\"name\":\"Bagno Italia\",\"url\":\"https:\/\/www.bagnoitalia.com\/es\",\"logo\":{\"@type\":\"ImageObject\",\"inLanguage\":\"es\",\"@id\":\"https:\/\/www.bagnoitalia.com\/es#\/schema\/logo\/image\/\",\"url\":\"https:\/\/img.bagnoitalia.com\/wp-content\/uploads\/logo-bagnoitalia.webp\",\"contentUrl\":\"https:\/\/img.bagnoitalia.com\/wp-content\/uploads\/logo-bagnoitalia.webp\",\"width\":400,\"height\":70,\"caption\":\"Bagno Italia\"},\"image\":{\"@id\":\"https:\/\/www.bagnoitalia.com\/es#\/schema\/logo\/image\/\"}}]}<\/script>\n<!-- \/ Yoast SEO plugin. -->","yoast_head_json":{"title":"Whirlpool bath 175x132 cm right or left version 2 seats with chromotherapy VS114","description":"Bathtub 175x132xH65 cm, for two people, available in left and right versions. Includes disinfection and sterilisation system, chromotherapy and mixer.","robots":{"index":"index","follow":"follow","max-snippet":"max-snippet:-1","max-image-preview":"max-image-preview:large","max-video-preview":"max-video-preview:-1"},"canonical":"https:\/\/www.bagnoitalia.com\/es\/producto\/whirlpool-bath-175x132-cm-right-or-left-version-2-seats-with-chromotherapy-vs114.html","og_locale":"es_ES","og_type":"article","og_title":"Whirlpool bath 175x132 cm right or left version 2 seats with chromotherapy VS114","og_description":"Bathtub 175x132xH65 cm, for two people, available in left and right versions. Includes disinfection and sterilisation system, chromotherapy and mixer.","og_url":"https:\/\/www.bagnoitalia.com\/es\/producto\/whirlpool-bath-175x132-cm-right-or-left-version-2-seats-with-chromotherapy-vs114.html","og_site_name":"Bagno Italia","article_modified_time":"2024-10-21T13:41:39+00:00","og_image":[{"width":550,"height":550,"url":"https:\/\/img.bagnoitalia.com\/wp-content\/uploads\/virtuemart\/product\/whirlpool-bath-175x132-right-left.jpg","type":"image\/jpeg"}],"twitter_card":"summary_large_image","twitter_misc":{"Tiempo de lectura":"1 minuto"},"schema":{"@context":"https:\/\/schema.org","@graph":[{"@type":"WebPage","@id":"https:\/\/www.bagnoitalia.com\/es\/producto\/whirlpool-bath-175x132-cm-right-or-left-version-2-seats-with-chromotherapy-vs114.html","url":"https:\/\/www.bagnoitalia.com\/es\/producto\/whirlpool-bath-175x132-cm-right-or-left-version-2-seats-with-chromotherapy-vs114.html","name":"Whirlpool bath 175x132 cm right or left version 2 seats with chromotherapy VS114","isPartOf":{"@id":"https:\/\/www.bagnoitalia.com\/es#website"},"primaryImageOfPage":{"@id":"https:\/\/www.bagnoitalia.com\/es\/producto\/whirlpool-bath-175x132-cm-right-or-left-version-2-seats-with-chromotherapy-vs114.html#primaryimage"},"image":{"@id":"https:\/\/www.bagnoitalia.com\/es\/producto\/whirlpool-bath-175x132-cm-right-or-left-version-2-seats-with-chromotherapy-vs114.html#primaryimage"},"thumbnailUrl":"https:\/\/img.bagnoitalia.com\/wp-content\/uploads\/virtuemart\/product\/whirlpool-bath-175x132-right-left.jpg","datePublished":"2022-03-03T13:41:10+00:00","dateModified":"2024-10-21T13:41:39+00:00","description":"Bathtub 175x132xH65 cm, for two people, available in left and right versions. Includes disinfection and sterilisation system, chromotherapy and mixer.","breadcrumb":{"@id":"https:\/\/www.bagnoitalia.com\/es\/producto\/whirlpool-bath-175x132-cm-right-or-left-version-2-seats-with-chromotherapy-vs114.html#breadcrumb"},"inLanguage":"es","potentialAction":[{"@type":"ReadAction","target":["https:\/\/www.bagnoitalia.com\/es\/producto\/whirlpool-bath-175x132-cm-right-or-left-version-2-seats-with-chromotherapy-vs114.html"]}]},{"@type":"ImageObject","inLanguage":"es","@id":"https:\/\/www.bagnoitalia.com\/es\/producto\/whirlpool-bath-175x132-cm-right-or-left-version-2-seats-with-chromotherapy-vs114.html#primaryimage","url":"https:\/\/img.bagnoitalia.com\/wp-content\/uploads\/virtuemart\/product\/whirlpool-bath-175x132-right-left.jpg","contentUrl":"https:\/\/img.bagnoitalia.com\/wp-content\/uploads\/virtuemart\/product\/whirlpool-bath-175x132-right-left.jpg","width":550,"height":550},{"@type":"BreadcrumbList","@id":"https:\/\/www.bagnoitalia.com\/es\/producto\/whirlpool-bath-175x132-cm-right-or-left-version-2-seats-with-chromotherapy-vs114.html#breadcrumb","itemListElement":[{"@type":"ListItem","position":1,"name":"Home","item":"https:\/\/www.bagnoitalia.com\/es"},{"@type":"ListItem","position":2,"name":"Productos","item":"https:\/\/www.bagnoitalia.com\/es\/shop"},{"@type":"ListItem","position":3,"name":"Ba\u00f1era de hidromasaje 175&#215;132 cm versi\u00f3n derecha o izquierda 2 asientos con cromoterapia VS114"}]},{"@type":"WebSite","@id":"https:\/\/www.bagnoitalia.com\/es#website","url":"https:\/\/www.bagnoitalia.com\/es","name":"Bagno Italia","description":"","publisher":{"@id":"https:\/\/www.bagnoitalia.com\/es#organization"},"potentialAction":[{"@type":"SearchAction","target":{"@type":"EntryPoint","urlTemplate":"https:\/\/www.bagnoitalia.com\/es?s={search_term_string}"},"query-input":{"@type":"PropertyValueSpecification","valueRequired":true,"valueName":"search_term_string"}}],"inLanguage":"es"},{"@type":"Organization","@id":"https:\/\/www.bagnoitalia.com\/es#organization","name":"Bagno Italia","url":"https:\/\/www.bagnoitalia.com\/es","logo":{"@type":"ImageObject","inLanguage":"es","@id":"https:\/\/www.bagnoitalia.com\/es#\/schema\/logo\/image\/","url":"https:\/\/img.bagnoitalia.com\/wp-content\/uploads\/logo-bagnoitalia.webp","contentUrl":"https:\/\/img.bagnoitalia.com\/wp-content\/uploads\/logo-bagnoitalia.webp","width":400,"height":70,"caption":"Bagno Italia"},"image":{"@id":"https:\/\/www.bagnoitalia.com\/es#\/schema\/logo\/image\/"}}]}},"_links":{"self":[{"href":"https:\/\/www.bagnoitalia.com\/es\/wp-json\/wp\/v2\/product\/93235","targetHints":{"allow":["GET"]}}],"collection":[{"href":"https:\/\/www.bagnoitalia.com\/es\/wp-json\/wp\/v2\/product"}],"about":[{"href":"https:\/\/www.bagnoitalia.com\/es\/wp-json\/wp\/v2\/types\/product"}],"replies":[{"embeddable":true,"href":"https:\/\/www.bagnoitalia.com\/es\/wp-json\/wp\/v2\/comments?post=93235"}],"version-history":[{"count":1,"href":"https:\/\/www.bagnoitalia.com\/es\/wp-json\/wp\/v2\/product\/93235\/revisions"}],"predecessor-version":[{"id":93238,"href":"https:\/\/www.bagnoitalia.com\/es\/wp-json\/wp\/v2\/product\/93235\/revisions\/93238"}],"wp:featuredmedia":[{"embeddable":true,"href":"https:\/\/www.bagnoitalia.com\/es\/wp-json\/wp\/v2\/media\/48593"}],"wp:attachment":[{"href":"https:\/\/www.bagnoitalia.com\/es\/wp-json\/wp\/v2\/media?parent=93235"}],"wp:term":[{"taxonomy":"product_brand","embeddable":true,"href":"https:\/\/www.bagnoitalia.com\/es\/wp-json\/wp\/v2\/product_brand?post=93235"},{"taxonomy":"product_cat","embeddable":true,"href":"https:\/\/www.bagnoitalia.com\/es\/wp-json\/wp\/v2\/product_cat?post=93235"},{"taxonomy":"product_tag","embeddable":true,"href":"https:\/\/www.bagnoitalia.com\/es\/wp-json\/wp\/v2\/product_tag?post=93235"}],"curies":[{"name":"wp","href":"https:\/\/api.w.org\/{rel}","templated":true}]}}