{"id":92855,"date":"2019-04-24T07:31:25","date_gmt":"2019-04-24T05:31:25","guid":{"rendered":"https:\/\/www.bagnoitalia.com\/product\/bathroom-vanity-75-or-100-cm-available-in-2-colors-ceramic-sink-egos-model"},"modified":"2024-10-25T09:53:51","modified_gmt":"2024-10-25T07:53:51","slug":"bathroom-vanity-75-or-100-cm-available-in-2-colors-ceramic-sink-egos-model","status":"publish","type":"product","link":"https:\/\/www.bagnoitalia.com\/es\/producto\/bathroom-vanity-75-or-100-cm-available-in-2-colors-ceramic-sink-egos-model.html","title":{"rendered":"Mueble de ba\u00f1o 75 o 100 cm disponible en 2 colores lavabo de cer\u00e1mica modelo Egos"},"content":{"rendered":"<p>Mueble de ba\u00f1o Egos<\/p>\n<p>&nbsp;<\/p>\n<p>Caracter\u00edsticas:<\/p>\n<p>N.1 Mueble de ba\u00f1o: 74x46xH55 cm (es posible seleccionar la versi\u00f3n de 100x46x55 cm en el men\u00fa lateral)<\/p>\n<p>N.1 Lavabo de cer\u00e1mica: 75x46x1,8 cm (o 101x46x1,8 cm)<\/p>\n<p>&nbsp;<\/p>\n<p>&nbsp;<\/p>\n<p>&nbsp;<\/p>\n<p>Es posible a\u00f1adir el armario columna de 140x35x20 cm en el men\u00fa lateral<\/p>\n<p>&nbsp;<\/p>\n<p>Espejo, aplique y grifer\u00eda no incluidos<\/p>\n<p>&nbsp;<\/p>\n<p>Materiales:<\/p>\n<p>Fabricado en madera MDF<\/p>\n<p>Cierre suave<\/p>\n<p>Cajones de MDF<\/p>\n<p>&nbsp;<\/p>\n<p>&nbsp;<\/p>\n<p>&nbsp;<\/p>\n","protected":false},"excerpt":{"rendered":"<p>Mueble de ba\u00f1o disponible en dos tama\u00f1os, lavabo de cer\u00e1mica, con dos cajones. Disponible en colores blanco roca o roble.<\/p>\n","protected":false},"featured_media":43248,"comment_status":"open","ping_status":"closed","template":"","meta":[],"product_brand":[5011],"product_cat":[9721],"product_tag":[],"class_list":{"0":"post-92855","1":"product","2":"type-product","3":"status-publish","4":"has-post-thumbnail","6":"product_brand-baden-haus","7":"product_cat-mueble-de-bano-de-71-a-100-cm-muebles-modernos","9":"first","10":"instock","11":"sale","12":"taxable","13":"shipping-taxable","14":"purchasable","15":"product-type-simple"},"exclude_global_add_ons":false,"addons":[{"name":"Base","type":"multiple_choice","position":0,"required":true,"title_format":"heading","default":"","description_enable":false,"description":"","placeholder_enable":false,"placeholder":"","display":"select","restrictions_type":"any_text","adjust_price":false,"price":"","price_type":"flat_fee","restrictions":false,"min":"0","max":"0","options":[{"label":"cm 75","price":"","price_type":"quantity_based","image":0,"visibility":true},{"label":"cm 100","price":"50","price_type":"quantity_based","image":0,"visibility":true}],"id":1716564415},{"name":"Color del armario","type":"multiple_choice","position":1,"required":true,"title_format":"heading","default":"","description_enable":false,"description":"","placeholder_enable":false,"placeholder":"","display":"select","restrictions_type":"any_text","adjust_price":false,"price":"","price_type":"flat_fee","restrictions":false,"min":"0","max":"0","options":[{"label":"color blanco roca","price":"","price_type":"quantity_based","image":0,"visibility":true},{"label":"roble","price":"","price_type":"quantity_based","image":0,"visibility":true}],"id":1716564416},{"name":"columna","type":"multiple_choice","position":2,"required":false,"title_format":"label","default":"","description_enable":false,"description":"","placeholder_enable":false,"placeholder":"","display":"select","restrictions_type":"any_text","adjust_price":false,"price":"","price_type":"flat_fee","restrictions":false,"min":"0","max":"0","options":[{"label":"no","price":"","price_type":"flat_fee","image":0,"visibility":true},{"label":"140x35x20 cm","price":"189","price_type":"flat_fee","image":0,"visibility":true}],"id":1729850032},{"name":"Espejo","type":"multiple_choice","position":3,"required":false,"title_format":"label","default":"","description_enable":false,"description":"","placeholder_enable":false,"placeholder":"","display":"select","restrictions_type":"any_text","adjust_price":false,"price":"","price_type":"flat_fee","restrictions":false,"min":"0","max":"0","options":[{"label":"Espejo NO","price":"","price_type":"flat_fee","image":0,"visibility":true},{"label":"80x60 cm con aplique cromado","price":"65","price_type":"flat_fee","image":0,"visibility":true},{"label":"80x60 cm con aplique negro","price":"65","price_type":"flat_fee","image":0,"visibility":true}],"id":1729850033}],"yoast_head":"<!-- This site is optimized with the Yoast SEO plugin v26.7 - https:\/\/yoast.com\/wordpress\/plugins\/seo\/ -->\n<title>Bathroom vanity 75 or 100 cm available in 2 colors ceramic sink Egos model<\/title>\n<meta name=\"description\" content=\"Bathroom furniture available in two sizes, ceramic washbasin, with two drawers. Available in rock white or oak colors.\" \/>\n<meta name=\"robots\" content=\"index, follow, max-snippet:-1, max-image-preview:large, max-video-preview:-1\" \/>\n<link rel=\"canonical\" href=\"https:\/\/www.bagnoitalia.com\/es\/producto\/bathroom-vanity-75-or-100-cm-available-in-2-colors-ceramic-sink-egos-model.html\" \/>\n<meta property=\"og:locale\" content=\"es_ES\" \/>\n<meta property=\"og:type\" content=\"article\" \/>\n<meta property=\"og:title\" content=\"Bathroom vanity 75 or 100 cm available in 2 colors ceramic sink Egos model\" \/>\n<meta property=\"og:description\" content=\"Bathroom furniture available in two sizes, ceramic washbasin, with two drawers. Available in rock white or oak colors.\" \/>\n<meta property=\"og:url\" content=\"https:\/\/www.bagnoitalia.com\/es\/producto\/bathroom-vanity-75-or-100-cm-available-in-2-colors-ceramic-sink-egos-model.html\" \/>\n<meta property=\"og:site_name\" content=\"Bagno Italia\" \/>\n<meta property=\"article:modified_time\" content=\"2024-10-25T07:53:51+00:00\" \/>\n<meta property=\"og:image\" content=\"https:\/\/img.bagnoitalia.com\/wp-content\/uploads\/virtuemart\/product\/bathroom-vanity-75-or-100-cm-egos-white-oak_1556091227_285.jpg\" \/>\n\t<meta property=\"og:image:width\" content=\"550\" \/>\n\t<meta property=\"og:image:height\" content=\"550\" \/>\n\t<meta property=\"og:image:type\" content=\"image\/jpeg\" \/>\n<meta name=\"twitter:card\" content=\"summary_large_image\" \/>\n<meta name=\"twitter:label1\" content=\"Tiempo de lectura\" \/>\n\t<meta name=\"twitter:data1\" content=\"1 minuto\" \/>\n<script type=\"application\/ld+json\" class=\"yoast-schema-graph\">{\"@context\":\"https:\/\/schema.org\",\"@graph\":[{\"@type\":\"WebPage\",\"@id\":\"https:\/\/www.bagnoitalia.com\/es\/producto\/bathroom-vanity-75-or-100-cm-available-in-2-colors-ceramic-sink-egos-model.html\",\"url\":\"https:\/\/www.bagnoitalia.com\/es\/producto\/bathroom-vanity-75-or-100-cm-available-in-2-colors-ceramic-sink-egos-model.html\",\"name\":\"Bathroom vanity 75 or 100 cm available in 2 colors ceramic sink Egos model\",\"isPartOf\":{\"@id\":\"https:\/\/www.bagnoitalia.com\/es#website\"},\"primaryImageOfPage\":{\"@id\":\"https:\/\/www.bagnoitalia.com\/es\/producto\/bathroom-vanity-75-or-100-cm-available-in-2-colors-ceramic-sink-egos-model.html#primaryimage\"},\"image\":{\"@id\":\"https:\/\/www.bagnoitalia.com\/es\/producto\/bathroom-vanity-75-or-100-cm-available-in-2-colors-ceramic-sink-egos-model.html#primaryimage\"},\"thumbnailUrl\":\"https:\/\/img.bagnoitalia.com\/wp-content\/uploads\/virtuemart\/product\/bathroom-vanity-75-or-100-cm-egos-white-oak_1556091227_285.jpg\",\"datePublished\":\"2019-04-24T05:31:25+00:00\",\"dateModified\":\"2024-10-25T07:53:51+00:00\",\"description\":\"Bathroom furniture available in two sizes, ceramic washbasin, with two drawers. Available in rock white or oak colors.\",\"breadcrumb\":{\"@id\":\"https:\/\/www.bagnoitalia.com\/es\/producto\/bathroom-vanity-75-or-100-cm-available-in-2-colors-ceramic-sink-egos-model.html#breadcrumb\"},\"inLanguage\":\"es\",\"potentialAction\":[{\"@type\":\"ReadAction\",\"target\":[\"https:\/\/www.bagnoitalia.com\/es\/producto\/bathroom-vanity-75-or-100-cm-available-in-2-colors-ceramic-sink-egos-model.html\"]}]},{\"@type\":\"ImageObject\",\"inLanguage\":\"es\",\"@id\":\"https:\/\/www.bagnoitalia.com\/es\/producto\/bathroom-vanity-75-or-100-cm-available-in-2-colors-ceramic-sink-egos-model.html#primaryimage\",\"url\":\"https:\/\/img.bagnoitalia.com\/wp-content\/uploads\/virtuemart\/product\/bathroom-vanity-75-or-100-cm-egos-white-oak_1556091227_285.jpg\",\"contentUrl\":\"https:\/\/img.bagnoitalia.com\/wp-content\/uploads\/virtuemart\/product\/bathroom-vanity-75-or-100-cm-egos-white-oak_1556091227_285.jpg\",\"width\":550,\"height\":550},{\"@type\":\"BreadcrumbList\",\"@id\":\"https:\/\/www.bagnoitalia.com\/es\/producto\/bathroom-vanity-75-or-100-cm-available-in-2-colors-ceramic-sink-egos-model.html#breadcrumb\",\"itemListElement\":[{\"@type\":\"ListItem\",\"position\":1,\"name\":\"Home\",\"item\":\"https:\/\/www.bagnoitalia.com\/es\"},{\"@type\":\"ListItem\",\"position\":2,\"name\":\"Productos\",\"item\":\"https:\/\/www.bagnoitalia.com\/es\/shop\"},{\"@type\":\"ListItem\",\"position\":3,\"name\":\"Mueble de ba\u00f1o 75 o 100 cm disponible en 2 colores lavabo de cer\u00e1mica modelo Egos\"}]},{\"@type\":\"WebSite\",\"@id\":\"https:\/\/www.bagnoitalia.com\/es#website\",\"url\":\"https:\/\/www.bagnoitalia.com\/es\",\"name\":\"Bagno Italia\",\"description\":\"\",\"publisher\":{\"@id\":\"https:\/\/www.bagnoitalia.com\/es#organization\"},\"potentialAction\":[{\"@type\":\"SearchAction\",\"target\":{\"@type\":\"EntryPoint\",\"urlTemplate\":\"https:\/\/www.bagnoitalia.com\/es?s={search_term_string}\"},\"query-input\":{\"@type\":\"PropertyValueSpecification\",\"valueRequired\":true,\"valueName\":\"search_term_string\"}}],\"inLanguage\":\"es\"},{\"@type\":\"Organization\",\"@id\":\"https:\/\/www.bagnoitalia.com\/es#organization\",\"name\":\"Bagno Italia\",\"url\":\"https:\/\/www.bagnoitalia.com\/es\",\"logo\":{\"@type\":\"ImageObject\",\"inLanguage\":\"es\",\"@id\":\"https:\/\/www.bagnoitalia.com\/es#\/schema\/logo\/image\/\",\"url\":\"https:\/\/img.bagnoitalia.com\/wp-content\/uploads\/logo-bagnoitalia.webp\",\"contentUrl\":\"https:\/\/img.bagnoitalia.com\/wp-content\/uploads\/logo-bagnoitalia.webp\",\"width\":400,\"height\":70,\"caption\":\"Bagno Italia\"},\"image\":{\"@id\":\"https:\/\/www.bagnoitalia.com\/es#\/schema\/logo\/image\/\"}}]}<\/script>\n<!-- \/ Yoast SEO plugin. -->","yoast_head_json":{"title":"Bathroom vanity 75 or 100 cm available in 2 colors ceramic sink Egos model","description":"Bathroom furniture available in two sizes, ceramic washbasin, with two drawers. Available in rock white or oak colors.","robots":{"index":"index","follow":"follow","max-snippet":"max-snippet:-1","max-image-preview":"max-image-preview:large","max-video-preview":"max-video-preview:-1"},"canonical":"https:\/\/www.bagnoitalia.com\/es\/producto\/bathroom-vanity-75-or-100-cm-available-in-2-colors-ceramic-sink-egos-model.html","og_locale":"es_ES","og_type":"article","og_title":"Bathroom vanity 75 or 100 cm available in 2 colors ceramic sink Egos model","og_description":"Bathroom furniture available in two sizes, ceramic washbasin, with two drawers. Available in rock white or oak colors.","og_url":"https:\/\/www.bagnoitalia.com\/es\/producto\/bathroom-vanity-75-or-100-cm-available-in-2-colors-ceramic-sink-egos-model.html","og_site_name":"Bagno Italia","article_modified_time":"2024-10-25T07:53:51+00:00","og_image":[{"width":550,"height":550,"url":"https:\/\/img.bagnoitalia.com\/wp-content\/uploads\/virtuemart\/product\/bathroom-vanity-75-or-100-cm-egos-white-oak_1556091227_285.jpg","type":"image\/jpeg"}],"twitter_card":"summary_large_image","twitter_misc":{"Tiempo de lectura":"1 minuto"},"schema":{"@context":"https:\/\/schema.org","@graph":[{"@type":"WebPage","@id":"https:\/\/www.bagnoitalia.com\/es\/producto\/bathroom-vanity-75-or-100-cm-available-in-2-colors-ceramic-sink-egos-model.html","url":"https:\/\/www.bagnoitalia.com\/es\/producto\/bathroom-vanity-75-or-100-cm-available-in-2-colors-ceramic-sink-egos-model.html","name":"Bathroom vanity 75 or 100 cm available in 2 colors ceramic sink Egos model","isPartOf":{"@id":"https:\/\/www.bagnoitalia.com\/es#website"},"primaryImageOfPage":{"@id":"https:\/\/www.bagnoitalia.com\/es\/producto\/bathroom-vanity-75-or-100-cm-available-in-2-colors-ceramic-sink-egos-model.html#primaryimage"},"image":{"@id":"https:\/\/www.bagnoitalia.com\/es\/producto\/bathroom-vanity-75-or-100-cm-available-in-2-colors-ceramic-sink-egos-model.html#primaryimage"},"thumbnailUrl":"https:\/\/img.bagnoitalia.com\/wp-content\/uploads\/virtuemart\/product\/bathroom-vanity-75-or-100-cm-egos-white-oak_1556091227_285.jpg","datePublished":"2019-04-24T05:31:25+00:00","dateModified":"2024-10-25T07:53:51+00:00","description":"Bathroom furniture available in two sizes, ceramic washbasin, with two drawers. Available in rock white or oak colors.","breadcrumb":{"@id":"https:\/\/www.bagnoitalia.com\/es\/producto\/bathroom-vanity-75-or-100-cm-available-in-2-colors-ceramic-sink-egos-model.html#breadcrumb"},"inLanguage":"es","potentialAction":[{"@type":"ReadAction","target":["https:\/\/www.bagnoitalia.com\/es\/producto\/bathroom-vanity-75-or-100-cm-available-in-2-colors-ceramic-sink-egos-model.html"]}]},{"@type":"ImageObject","inLanguage":"es","@id":"https:\/\/www.bagnoitalia.com\/es\/producto\/bathroom-vanity-75-or-100-cm-available-in-2-colors-ceramic-sink-egos-model.html#primaryimage","url":"https:\/\/img.bagnoitalia.com\/wp-content\/uploads\/virtuemart\/product\/bathroom-vanity-75-or-100-cm-egos-white-oak_1556091227_285.jpg","contentUrl":"https:\/\/img.bagnoitalia.com\/wp-content\/uploads\/virtuemart\/product\/bathroom-vanity-75-or-100-cm-egos-white-oak_1556091227_285.jpg","width":550,"height":550},{"@type":"BreadcrumbList","@id":"https:\/\/www.bagnoitalia.com\/es\/producto\/bathroom-vanity-75-or-100-cm-available-in-2-colors-ceramic-sink-egos-model.html#breadcrumb","itemListElement":[{"@type":"ListItem","position":1,"name":"Home","item":"https:\/\/www.bagnoitalia.com\/es"},{"@type":"ListItem","position":2,"name":"Productos","item":"https:\/\/www.bagnoitalia.com\/es\/shop"},{"@type":"ListItem","position":3,"name":"Mueble de ba\u00f1o 75 o 100 cm disponible en 2 colores lavabo de cer\u00e1mica modelo Egos"}]},{"@type":"WebSite","@id":"https:\/\/www.bagnoitalia.com\/es#website","url":"https:\/\/www.bagnoitalia.com\/es","name":"Bagno Italia","description":"","publisher":{"@id":"https:\/\/www.bagnoitalia.com\/es#organization"},"potentialAction":[{"@type":"SearchAction","target":{"@type":"EntryPoint","urlTemplate":"https:\/\/www.bagnoitalia.com\/es?s={search_term_string}"},"query-input":{"@type":"PropertyValueSpecification","valueRequired":true,"valueName":"search_term_string"}}],"inLanguage":"es"},{"@type":"Organization","@id":"https:\/\/www.bagnoitalia.com\/es#organization","name":"Bagno Italia","url":"https:\/\/www.bagnoitalia.com\/es","logo":{"@type":"ImageObject","inLanguage":"es","@id":"https:\/\/www.bagnoitalia.com\/es#\/schema\/logo\/image\/","url":"https:\/\/img.bagnoitalia.com\/wp-content\/uploads\/logo-bagnoitalia.webp","contentUrl":"https:\/\/img.bagnoitalia.com\/wp-content\/uploads\/logo-bagnoitalia.webp","width":400,"height":70,"caption":"Bagno Italia"},"image":{"@id":"https:\/\/www.bagnoitalia.com\/es#\/schema\/logo\/image\/"}}]}},"_links":{"self":[{"href":"https:\/\/www.bagnoitalia.com\/es\/wp-json\/wp\/v2\/product\/92855","targetHints":{"allow":["GET"]}}],"collection":[{"href":"https:\/\/www.bagnoitalia.com\/es\/wp-json\/wp\/v2\/product"}],"about":[{"href":"https:\/\/www.bagnoitalia.com\/es\/wp-json\/wp\/v2\/types\/product"}],"replies":[{"embeddable":true,"href":"https:\/\/www.bagnoitalia.com\/es\/wp-json\/wp\/v2\/comments?post=92855"}],"version-history":[{"count":2,"href":"https:\/\/www.bagnoitalia.com\/es\/wp-json\/wp\/v2\/product\/92855\/revisions"}],"predecessor-version":[{"id":92857,"href":"https:\/\/www.bagnoitalia.com\/es\/wp-json\/wp\/v2\/product\/92855\/revisions\/92857"}],"wp:featuredmedia":[{"embeddable":true,"href":"https:\/\/www.bagnoitalia.com\/es\/wp-json\/wp\/v2\/media\/43248"}],"wp:attachment":[{"href":"https:\/\/www.bagnoitalia.com\/es\/wp-json\/wp\/v2\/media?parent=92855"}],"wp:term":[{"taxonomy":"product_brand","embeddable":true,"href":"https:\/\/www.bagnoitalia.com\/es\/wp-json\/wp\/v2\/product_brand?post=92855"},{"taxonomy":"product_cat","embeddable":true,"href":"https:\/\/www.bagnoitalia.com\/es\/wp-json\/wp\/v2\/product_cat?post=92855"},{"taxonomy":"product_tag","embeddable":true,"href":"https:\/\/www.bagnoitalia.com\/es\/wp-json\/wp\/v2\/product_tag?post=92855"}],"curies":[{"name":"wp","href":"https:\/\/api.w.org\/{rel}","templated":true}]}}