{"id":92849,"date":"2022-11-18T07:47:47","date_gmt":"2022-11-18T06:47:47","guid":{"rendered":"https:\/\/www.bagnoitalia.com\/product\/pegaso-bidet-and-wc-with-front-opening-wall-or-floor-drain"},"modified":"2024-10-03T16:45:44","modified_gmt":"2024-10-03T14:45:44","slug":"pegaso-bidet-and-wc-with-front-opening-wall-or-floor-drain","status":"publish","type":"product","link":"https:\/\/www.bagnoitalia.com\/es\/producto\/pegaso-bidet-and-wc-with-front-opening-wall-or-floor-drain.html","title":{"rendered":"Bid\u00e9 e inodoro Pegaso con apertura frontal y desag\u00fce de pared o suelo"},"content":{"rendered":"<p>SANITARIOS \u00abPEGASO<\/p>\n<p>&nbsp;<\/p>\n<p>Par de sanitarios especialmente indicados para personas con dificultades de movilidad, con una altura de 49 cm y un inodoro con orificio frontal<\/p>\n<p>instalaci\u00f3n a ras de suelo, disponible en dos versiones<\/p>\n<p>con desag\u00fce de pared<br \/>\ncon desag\u00fce de suelo<br \/>\nInodoro con orificio frontal de 38xP50xH49 cm<\/p>\n<p>Bid\u00e9 de 37,5xP51xAl49 cm<\/p>\n<p>Fabricado en cer\u00e1mica blanca pulida<\/p>\n<p>Fijaciones incluidas<\/p>\n<p>Es posible a\u00f1adir la tapa de WC termoestable del men\u00fa superior<\/p>\n<p>&nbsp;<\/p>\n<p>ATENCI\u00d3N: grifer\u00eda y asa de apoyo lateral no incluidos en el precio<\/p>\n<p>&nbsp;<\/p>\n<p>&nbsp;<\/p>\n<p>&nbsp;<\/p>\n<p>&nbsp;<\/p>\n<p>&nbsp;<\/p>\n<p>&nbsp;<\/p>\n<p>&nbsp;<\/p>\n<p>&nbsp;<\/p>\n<p>&nbsp;<\/p>\n<p>&nbsp;<\/p>\n<p>&nbsp;<\/p>\n<p>&nbsp;<\/p>\n<p>&nbsp;<\/p>\n<p>&nbsp;<\/p>\n<p>&nbsp;<\/p>\n<p>&nbsp;<\/p>\n<p>AG-A14<br \/>\nAG-A15<br \/>\nMAGATS<br \/>\nMAG-AP<br \/>\nMAG-AT<br \/>\nMAGAPS<\/p>\n<p>&nbsp;<\/p>\n","protected":false},"excerpt":{"rendered":"<p>Sanitarios dise\u00f1ados y fabricados especialmente para personas con dificultades de movilidad. Productos cer\u00e1micos de alta calidad. Puede elegir entre una versi\u00f3n con desag\u00fce de pared o con desag\u00fce de suelo.<\/p>\n","protected":false},"featured_media":58163,"comment_status":"open","ping_status":"closed","template":"","meta":[],"product_brand":[5006],"product_cat":[9697],"product_tag":[],"class_list":{"0":"post-92849","1":"product","2":"type-product","3":"status-publish","4":"has-post-thumbnail","6":"product_brand-deghi","7":"product_cat-bano-sanitario","9":"first","10":"instock","11":"sale","12":"taxable","13":"shipping-taxable","14":"purchasable","15":"product-type-simple"},"exclude_global_add_ons":false,"addons":[{"name":"Tipo","type":"multiple_choice","position":0,"required":true,"title_format":"heading","default":"","description_enable":false,"description":"","placeholder_enable":false,"placeholder":"","display":"select","restrictions_type":"any_text","adjust_price":false,"price":"","price_type":"flat_fee","restrictions":false,"min":"0","max":"0","options":[{"label":"mural","price":"","price_type":"quantity_based","image":0,"visibility":true},{"label":"de pie","price":"","price_type":"quantity_based","image":0,"visibility":true}],"id":1716302688},{"name":"Tapa del inodoro","type":"multiple_choice","position":1,"required":true,"title_format":"heading","default":"","description_enable":false,"description":"","placeholder_enable":false,"placeholder":"","display":"select","restrictions_type":"any_text","adjust_price":false,"price":"","price_type":"flat_fee","restrictions":false,"min":"0","max":"0","options":[{"label":"no","price":"","price_type":"quantity_based","image":0,"visibility":true},{"label":"con tapa","price":"30","price_type":"quantity_based","image":0,"visibility":true}],"id":1716302689}],"yoast_head":"<!-- This site is optimized with the Yoast SEO plugin v26.7 - https:\/\/yoast.com\/wordpress\/plugins\/seo\/ -->\n<title>Pegaso bidet and wc with front opening wall or floor drain<\/title>\n<meta name=\"description\" content=\"Sanitaryware designed and manufactured especially for people with mobility difficulties. High-quality ceramic products. You can choose between a version with wall drain or with floor drain.\" \/>\n<meta name=\"robots\" content=\"index, follow, max-snippet:-1, max-image-preview:large, max-video-preview:-1\" \/>\n<link rel=\"canonical\" href=\"https:\/\/www.bagnoitalia.com\/es\/producto\/pegaso-bidet-and-wc-with-front-opening-wall-or-floor-drain.html\" \/>\n<meta property=\"og:locale\" content=\"es_ES\" \/>\n<meta property=\"og:type\" content=\"article\" \/>\n<meta property=\"og:title\" content=\"Pegaso bidet and wc with front opening wall or floor drain\" \/>\n<meta property=\"og:description\" content=\"Sanitaryware designed and manufactured especially for people with mobility difficulties. High-quality ceramic products. You can choose between a version with wall drain or with floor drain.\" \/>\n<meta property=\"og:url\" content=\"https:\/\/www.bagnoitalia.com\/es\/producto\/pegaso-bidet-and-wc-with-front-opening-wall-or-floor-drain.html\" \/>\n<meta property=\"og:site_name\" content=\"Bagno Italia\" \/>\n<meta property=\"article:modified_time\" content=\"2024-10-03T14:45:44+00:00\" \/>\n<meta property=\"og:image\" content=\"https:\/\/img.bagnoitalia.com\/wp-content\/uploads\/virtuemart\/product\/sanitary-high-drain-floor-wall-1.jpg\" \/>\n\t<meta property=\"og:image:width\" content=\"550\" \/>\n\t<meta property=\"og:image:height\" content=\"550\" \/>\n\t<meta property=\"og:image:type\" content=\"image\/jpeg\" \/>\n<meta name=\"twitter:card\" content=\"summary_large_image\" \/>\n<meta name=\"twitter:label1\" content=\"Tiempo de lectura\" \/>\n\t<meta name=\"twitter:data1\" content=\"1 minuto\" \/>\n<script type=\"application\/ld+json\" class=\"yoast-schema-graph\">{\"@context\":\"https:\/\/schema.org\",\"@graph\":[{\"@type\":\"WebPage\",\"@id\":\"https:\/\/www.bagnoitalia.com\/es\/producto\/pegaso-bidet-and-wc-with-front-opening-wall-or-floor-drain.html\",\"url\":\"https:\/\/www.bagnoitalia.com\/es\/producto\/pegaso-bidet-and-wc-with-front-opening-wall-or-floor-drain.html\",\"name\":\"Pegaso bidet and wc with front opening wall or floor drain\",\"isPartOf\":{\"@id\":\"https:\/\/www.bagnoitalia.com\/es#website\"},\"primaryImageOfPage\":{\"@id\":\"https:\/\/www.bagnoitalia.com\/es\/producto\/pegaso-bidet-and-wc-with-front-opening-wall-or-floor-drain.html#primaryimage\"},\"image\":{\"@id\":\"https:\/\/www.bagnoitalia.com\/es\/producto\/pegaso-bidet-and-wc-with-front-opening-wall-or-floor-drain.html#primaryimage\"},\"thumbnailUrl\":\"https:\/\/img.bagnoitalia.com\/wp-content\/uploads\/virtuemart\/product\/sanitary-high-drain-floor-wall-1.jpg\",\"datePublished\":\"2022-11-18T06:47:47+00:00\",\"dateModified\":\"2024-10-03T14:45:44+00:00\",\"description\":\"Sanitaryware designed and manufactured especially for people with mobility difficulties. High-quality ceramic products. You can choose between a version with wall drain or with floor drain.\",\"breadcrumb\":{\"@id\":\"https:\/\/www.bagnoitalia.com\/es\/producto\/pegaso-bidet-and-wc-with-front-opening-wall-or-floor-drain.html#breadcrumb\"},\"inLanguage\":\"es\",\"potentialAction\":[{\"@type\":\"ReadAction\",\"target\":[\"https:\/\/www.bagnoitalia.com\/es\/producto\/pegaso-bidet-and-wc-with-front-opening-wall-or-floor-drain.html\"]}]},{\"@type\":\"ImageObject\",\"inLanguage\":\"es\",\"@id\":\"https:\/\/www.bagnoitalia.com\/es\/producto\/pegaso-bidet-and-wc-with-front-opening-wall-or-floor-drain.html#primaryimage\",\"url\":\"https:\/\/img.bagnoitalia.com\/wp-content\/uploads\/virtuemart\/product\/sanitary-high-drain-floor-wall-1.jpg\",\"contentUrl\":\"https:\/\/img.bagnoitalia.com\/wp-content\/uploads\/virtuemart\/product\/sanitary-high-drain-floor-wall-1.jpg\",\"width\":550,\"height\":550},{\"@type\":\"BreadcrumbList\",\"@id\":\"https:\/\/www.bagnoitalia.com\/es\/producto\/pegaso-bidet-and-wc-with-front-opening-wall-or-floor-drain.html#breadcrumb\",\"itemListElement\":[{\"@type\":\"ListItem\",\"position\":1,\"name\":\"Home\",\"item\":\"https:\/\/www.bagnoitalia.com\/es\"},{\"@type\":\"ListItem\",\"position\":2,\"name\":\"Productos\",\"item\":\"https:\/\/www.bagnoitalia.com\/es\/shop\"},{\"@type\":\"ListItem\",\"position\":3,\"name\":\"Bid\u00e9 e inodoro Pegaso con apertura frontal y desag\u00fce de pared o suelo\"}]},{\"@type\":\"WebSite\",\"@id\":\"https:\/\/www.bagnoitalia.com\/es#website\",\"url\":\"https:\/\/www.bagnoitalia.com\/es\",\"name\":\"Bagno Italia\",\"description\":\"\",\"publisher\":{\"@id\":\"https:\/\/www.bagnoitalia.com\/es#organization\"},\"potentialAction\":[{\"@type\":\"SearchAction\",\"target\":{\"@type\":\"EntryPoint\",\"urlTemplate\":\"https:\/\/www.bagnoitalia.com\/es?s={search_term_string}\"},\"query-input\":{\"@type\":\"PropertyValueSpecification\",\"valueRequired\":true,\"valueName\":\"search_term_string\"}}],\"inLanguage\":\"es\"},{\"@type\":\"Organization\",\"@id\":\"https:\/\/www.bagnoitalia.com\/es#organization\",\"name\":\"Bagno Italia\",\"url\":\"https:\/\/www.bagnoitalia.com\/es\",\"logo\":{\"@type\":\"ImageObject\",\"inLanguage\":\"es\",\"@id\":\"https:\/\/www.bagnoitalia.com\/es#\/schema\/logo\/image\/\",\"url\":\"https:\/\/img.bagnoitalia.com\/wp-content\/uploads\/logo-bagnoitalia.webp\",\"contentUrl\":\"https:\/\/img.bagnoitalia.com\/wp-content\/uploads\/logo-bagnoitalia.webp\",\"width\":400,\"height\":70,\"caption\":\"Bagno Italia\"},\"image\":{\"@id\":\"https:\/\/www.bagnoitalia.com\/es#\/schema\/logo\/image\/\"}}]}<\/script>\n<!-- \/ Yoast SEO plugin. -->","yoast_head_json":{"title":"Pegaso bidet and wc with front opening wall or floor drain","description":"Sanitaryware designed and manufactured especially for people with mobility difficulties. High-quality ceramic products. You can choose between a version with wall drain or with floor drain.","robots":{"index":"index","follow":"follow","max-snippet":"max-snippet:-1","max-image-preview":"max-image-preview:large","max-video-preview":"max-video-preview:-1"},"canonical":"https:\/\/www.bagnoitalia.com\/es\/producto\/pegaso-bidet-and-wc-with-front-opening-wall-or-floor-drain.html","og_locale":"es_ES","og_type":"article","og_title":"Pegaso bidet and wc with front opening wall or floor drain","og_description":"Sanitaryware designed and manufactured especially for people with mobility difficulties. High-quality ceramic products. You can choose between a version with wall drain or with floor drain.","og_url":"https:\/\/www.bagnoitalia.com\/es\/producto\/pegaso-bidet-and-wc-with-front-opening-wall-or-floor-drain.html","og_site_name":"Bagno Italia","article_modified_time":"2024-10-03T14:45:44+00:00","og_image":[{"width":550,"height":550,"url":"https:\/\/img.bagnoitalia.com\/wp-content\/uploads\/virtuemart\/product\/sanitary-high-drain-floor-wall-1.jpg","type":"image\/jpeg"}],"twitter_card":"summary_large_image","twitter_misc":{"Tiempo de lectura":"1 minuto"},"schema":{"@context":"https:\/\/schema.org","@graph":[{"@type":"WebPage","@id":"https:\/\/www.bagnoitalia.com\/es\/producto\/pegaso-bidet-and-wc-with-front-opening-wall-or-floor-drain.html","url":"https:\/\/www.bagnoitalia.com\/es\/producto\/pegaso-bidet-and-wc-with-front-opening-wall-or-floor-drain.html","name":"Pegaso bidet and wc with front opening wall or floor drain","isPartOf":{"@id":"https:\/\/www.bagnoitalia.com\/es#website"},"primaryImageOfPage":{"@id":"https:\/\/www.bagnoitalia.com\/es\/producto\/pegaso-bidet-and-wc-with-front-opening-wall-or-floor-drain.html#primaryimage"},"image":{"@id":"https:\/\/www.bagnoitalia.com\/es\/producto\/pegaso-bidet-and-wc-with-front-opening-wall-or-floor-drain.html#primaryimage"},"thumbnailUrl":"https:\/\/img.bagnoitalia.com\/wp-content\/uploads\/virtuemart\/product\/sanitary-high-drain-floor-wall-1.jpg","datePublished":"2022-11-18T06:47:47+00:00","dateModified":"2024-10-03T14:45:44+00:00","description":"Sanitaryware designed and manufactured especially for people with mobility difficulties. High-quality ceramic products. You can choose between a version with wall drain or with floor drain.","breadcrumb":{"@id":"https:\/\/www.bagnoitalia.com\/es\/producto\/pegaso-bidet-and-wc-with-front-opening-wall-or-floor-drain.html#breadcrumb"},"inLanguage":"es","potentialAction":[{"@type":"ReadAction","target":["https:\/\/www.bagnoitalia.com\/es\/producto\/pegaso-bidet-and-wc-with-front-opening-wall-or-floor-drain.html"]}]},{"@type":"ImageObject","inLanguage":"es","@id":"https:\/\/www.bagnoitalia.com\/es\/producto\/pegaso-bidet-and-wc-with-front-opening-wall-or-floor-drain.html#primaryimage","url":"https:\/\/img.bagnoitalia.com\/wp-content\/uploads\/virtuemart\/product\/sanitary-high-drain-floor-wall-1.jpg","contentUrl":"https:\/\/img.bagnoitalia.com\/wp-content\/uploads\/virtuemart\/product\/sanitary-high-drain-floor-wall-1.jpg","width":550,"height":550},{"@type":"BreadcrumbList","@id":"https:\/\/www.bagnoitalia.com\/es\/producto\/pegaso-bidet-and-wc-with-front-opening-wall-or-floor-drain.html#breadcrumb","itemListElement":[{"@type":"ListItem","position":1,"name":"Home","item":"https:\/\/www.bagnoitalia.com\/es"},{"@type":"ListItem","position":2,"name":"Productos","item":"https:\/\/www.bagnoitalia.com\/es\/shop"},{"@type":"ListItem","position":3,"name":"Bid\u00e9 e inodoro Pegaso con apertura frontal y desag\u00fce de pared o suelo"}]},{"@type":"WebSite","@id":"https:\/\/www.bagnoitalia.com\/es#website","url":"https:\/\/www.bagnoitalia.com\/es","name":"Bagno Italia","description":"","publisher":{"@id":"https:\/\/www.bagnoitalia.com\/es#organization"},"potentialAction":[{"@type":"SearchAction","target":{"@type":"EntryPoint","urlTemplate":"https:\/\/www.bagnoitalia.com\/es?s={search_term_string}"},"query-input":{"@type":"PropertyValueSpecification","valueRequired":true,"valueName":"search_term_string"}}],"inLanguage":"es"},{"@type":"Organization","@id":"https:\/\/www.bagnoitalia.com\/es#organization","name":"Bagno Italia","url":"https:\/\/www.bagnoitalia.com\/es","logo":{"@type":"ImageObject","inLanguage":"es","@id":"https:\/\/www.bagnoitalia.com\/es#\/schema\/logo\/image\/","url":"https:\/\/img.bagnoitalia.com\/wp-content\/uploads\/logo-bagnoitalia.webp","contentUrl":"https:\/\/img.bagnoitalia.com\/wp-content\/uploads\/logo-bagnoitalia.webp","width":400,"height":70,"caption":"Bagno Italia"},"image":{"@id":"https:\/\/www.bagnoitalia.com\/es#\/schema\/logo\/image\/"}}]}},"_links":{"self":[{"href":"https:\/\/www.bagnoitalia.com\/es\/wp-json\/wp\/v2\/product\/92849","targetHints":{"allow":["GET"]}}],"collection":[{"href":"https:\/\/www.bagnoitalia.com\/es\/wp-json\/wp\/v2\/product"}],"about":[{"href":"https:\/\/www.bagnoitalia.com\/es\/wp-json\/wp\/v2\/types\/product"}],"replies":[{"embeddable":true,"href":"https:\/\/www.bagnoitalia.com\/es\/wp-json\/wp\/v2\/comments?post=92849"}],"version-history":[{"count":2,"href":"https:\/\/www.bagnoitalia.com\/es\/wp-json\/wp\/v2\/product\/92849\/revisions"}],"predecessor-version":[{"id":92853,"href":"https:\/\/www.bagnoitalia.com\/es\/wp-json\/wp\/v2\/product\/92849\/revisions\/92853"}],"wp:featuredmedia":[{"embeddable":true,"href":"https:\/\/www.bagnoitalia.com\/es\/wp-json\/wp\/v2\/media\/58163"}],"wp:attachment":[{"href":"https:\/\/www.bagnoitalia.com\/es\/wp-json\/wp\/v2\/media?parent=92849"}],"wp:term":[{"taxonomy":"product_brand","embeddable":true,"href":"https:\/\/www.bagnoitalia.com\/es\/wp-json\/wp\/v2\/product_brand?post=92849"},{"taxonomy":"product_cat","embeddable":true,"href":"https:\/\/www.bagnoitalia.com\/es\/wp-json\/wp\/v2\/product_cat?post=92849"},{"taxonomy":"product_tag","embeddable":true,"href":"https:\/\/www.bagnoitalia.com\/es\/wp-json\/wp\/v2\/product_tag?post=92849"}],"curies":[{"name":"wp","href":"https:\/\/api.w.org\/{rel}","templated":true}]}}