{"id":92654,"date":"2019-12-19T11:12:02","date_gmt":"2019-12-19T10:12:02","guid":{"rendered":"https:\/\/www.bagnoitalia.com\/product\/paffoni-built-in-wall-mixer-for-sink-or-bathtub-rb67-model"},"modified":"2024-10-02T14:43:08","modified_gmt":"2024-10-02T12:43:08","slug":"paffoni-built-in-wall-mixer-for-sink-or-bathtub-rb67-model","status":"publish","type":"product","link":"https:\/\/www.bagnoitalia.com\/es\/producto\/paffoni-built-in-wall-mixer-for-sink-or-bathtub-rb67-model.html","title":{"rendered":"Mezclador empotrado de acero inoxidable para lavabo o ba\u00f1era marca Paffoni RB67"},"content":{"rendered":"<p>MONOMANDO MURAL EMPOTRADO PAFFONI PARA LAVABO O BA\u00d1ERA RB67<\/p>\n<p>&nbsp;<\/p>\n<p>Una moderna l\u00ednea de mezcladores de la prestigiosa marca Paffoni, una excelencia Made in Italy en el sector de la grifer\u00eda. Su especial instalaci\u00f3n empotrada en la pared realzar\u00e1 el moderno dise\u00f1o de su cuarto de ba\u00f1o y le resultar\u00e1 muy pr\u00e1ctica y ahorradora de espacio.<\/p>\n<p>Su composici\u00f3n de acero inoxidable garantiza una gran resistencia al desgaste.<\/p>\n<p>&nbsp;<\/p>\n<p>MEZCLADOR DE LAVABO:<\/p>\n<p>Placa mural 18,5\u00d711 cm<\/p>\n<p>Ca\u00f1o con aireador M24x1<\/p>\n<p>Mangueras y fijaciones incluidas<\/p>\n<p>Pomo mezclador<\/p>\n<p>Conexiones 1\/2\u2033G<\/p>\n<p>Material: acero inoxidable<\/p>\n<p>FABRICADO EN ITALIA<\/p>\n<p>&nbsp;<\/p>\n<p>MEZCLADOR DE BA\u00d1ERA:<\/p>\n<p>Placa de pared 32,5\u00d712,2 cm<\/p>\n<p>Ca\u00f1o con aireador<\/p>\n<p>Mezclador<\/p>\n<p>Desviador<\/p>\n<p>Mangueras y otros accesorios de ducha NO INCLUIDOS<\/p>\n<p>Material: acero inoxidable<\/p>\n<p>FABRICADO EN ITALIA<\/p>\n<p>&nbsp;<\/p>\n<p>&nbsp;<\/p>\n<p>&nbsp;<\/p>\n<p>&nbsp;<\/p>\n<p>2172<\/p>\n<p>2175<\/p>\n<p>&nbsp;<\/p>\n<p>&nbsp;<\/p>\n","protected":false},"excerpt":{"rendered":"<p>Mezcladores Paffoni empotrados de acero inoxidable. Elecci\u00f3n de tipo lavabo o ba\u00f1era (con desviador) MADE IN ITALY<\/p>\n","protected":false},"featured_media":45087,"comment_status":"open","ping_status":"closed","template":"","meta":[],"product_brand":[9902,9956],"product_cat":[10038,10053],"product_tag":[],"class_list":{"0":"post-92654","1":"product","2":"type-product","3":"status-publish","4":"has-post-thumbnail","6":"product_brand-baritermo-es","7":"product_brand-thermo-professional-es","8":"product_cat-griferia-de-banera","9":"product_cat-griferias-de-lavabo","11":"first","12":"instock","13":"sale","14":"taxable","15":"shipping-taxable","16":"purchasable","17":"product-type-simple"},"exclude_global_add_ons":false,"addons":[{"name":"mezclador","type":"multiple_choice","position":0,"required":true,"title_format":"heading","default":"","description_enable":false,"description":"","placeholder_enable":false,"placeholder":"","display":"select","restrictions_type":"any_text","adjust_price":false,"price":"","price_type":"flat_fee","restrictions":false,"min":"0","max":"0","options":[{"label":"para fregadero","price":"","price_type":"quantity_based","image":0,"visibility":true},{"label":"No disponible - para ba\u00f1era","price":"81","price_type":"quantity_based","image":0,"visibility":true}],"id":1718116514}],"yoast_head":"<!-- This site is optimized with the Yoast SEO plugin v26.7 - https:\/\/yoast.com\/wordpress\/plugins\/seo\/ -->\n<title>Mezclador empotrado de acero inoxidable para lavabo o ba\u00f1era marca Paffoni RB67 - Bagno Italia<\/title>\n<meta name=\"robots\" content=\"index, follow, max-snippet:-1, max-image-preview:large, max-video-preview:-1\" \/>\n<link rel=\"canonical\" href=\"https:\/\/www.bagnoitalia.com\/es\/producto\/paffoni-built-in-wall-mixer-for-sink-or-bathtub-rb67-model.html\" \/>\n<meta property=\"og:locale\" content=\"es_ES\" \/>\n<meta property=\"og:type\" content=\"article\" \/>\n<meta property=\"og:title\" content=\"Mezclador empotrado de acero inoxidable para lavabo o ba\u00f1era marca Paffoni RB67 - Bagno Italia\" \/>\n<meta property=\"og:description\" content=\"Mezcladores Paffoni empotrados de acero inoxidable. Elecci\u00f3n de tipo lavabo o ba\u00f1era (con desviador) MADE IN ITALY\" \/>\n<meta property=\"og:url\" content=\"https:\/\/www.bagnoitalia.com\/es\/producto\/paffoni-built-in-wall-mixer-for-sink-or-bathtub-rb67-model.html\" \/>\n<meta property=\"og:site_name\" content=\"Bagno Italia\" \/>\n<meta property=\"article:modified_time\" content=\"2024-10-02T12:43:08+00:00\" \/>\n<meta property=\"og:image\" content=\"https:\/\/img.bagnoitalia.com\/wp-content\/uploads\/virtuemart\/product\/paffoni-built-in-wall-mixer-for-sink-or-bathtub-rb67_1576753990_524.jpg\" \/>\n\t<meta property=\"og:image:width\" content=\"550\" \/>\n\t<meta property=\"og:image:height\" content=\"550\" \/>\n\t<meta property=\"og:image:type\" content=\"image\/jpeg\" \/>\n<meta name=\"twitter:card\" content=\"summary_large_image\" \/>\n<meta name=\"twitter:label1\" content=\"Tiempo de lectura\" \/>\n\t<meta name=\"twitter:data1\" content=\"1 minuto\" \/>\n<script type=\"application\/ld+json\" class=\"yoast-schema-graph\">{\"@context\":\"https:\/\/schema.org\",\"@graph\":[{\"@type\":\"WebPage\",\"@id\":\"https:\/\/www.bagnoitalia.com\/es\/producto\/paffoni-built-in-wall-mixer-for-sink-or-bathtub-rb67-model.html\",\"url\":\"https:\/\/www.bagnoitalia.com\/es\/producto\/paffoni-built-in-wall-mixer-for-sink-or-bathtub-rb67-model.html\",\"name\":\"Mezclador empotrado de acero inoxidable para lavabo o ba\u00f1era marca Paffoni RB67 - Bagno Italia\",\"isPartOf\":{\"@id\":\"https:\/\/www.bagnoitalia.com\/es#website\"},\"primaryImageOfPage\":{\"@id\":\"https:\/\/www.bagnoitalia.com\/es\/producto\/paffoni-built-in-wall-mixer-for-sink-or-bathtub-rb67-model.html#primaryimage\"},\"image\":{\"@id\":\"https:\/\/www.bagnoitalia.com\/es\/producto\/paffoni-built-in-wall-mixer-for-sink-or-bathtub-rb67-model.html#primaryimage\"},\"thumbnailUrl\":\"https:\/\/img.bagnoitalia.com\/wp-content\/uploads\/virtuemart\/product\/paffoni-built-in-wall-mixer-for-sink-or-bathtub-rb67_1576753990_524.jpg\",\"datePublished\":\"2019-12-19T10:12:02+00:00\",\"dateModified\":\"2024-10-02T12:43:08+00:00\",\"breadcrumb\":{\"@id\":\"https:\/\/www.bagnoitalia.com\/es\/producto\/paffoni-built-in-wall-mixer-for-sink-or-bathtub-rb67-model.html#breadcrumb\"},\"inLanguage\":\"es\",\"potentialAction\":[{\"@type\":\"ReadAction\",\"target\":[\"https:\/\/www.bagnoitalia.com\/es\/producto\/paffoni-built-in-wall-mixer-for-sink-or-bathtub-rb67-model.html\"]}]},{\"@type\":\"ImageObject\",\"inLanguage\":\"es\",\"@id\":\"https:\/\/www.bagnoitalia.com\/es\/producto\/paffoni-built-in-wall-mixer-for-sink-or-bathtub-rb67-model.html#primaryimage\",\"url\":\"https:\/\/img.bagnoitalia.com\/wp-content\/uploads\/virtuemart\/product\/paffoni-built-in-wall-mixer-for-sink-or-bathtub-rb67_1576753990_524.jpg\",\"contentUrl\":\"https:\/\/img.bagnoitalia.com\/wp-content\/uploads\/virtuemart\/product\/paffoni-built-in-wall-mixer-for-sink-or-bathtub-rb67_1576753990_524.jpg\",\"width\":550,\"height\":550},{\"@type\":\"BreadcrumbList\",\"@id\":\"https:\/\/www.bagnoitalia.com\/es\/producto\/paffoni-built-in-wall-mixer-for-sink-or-bathtub-rb67-model.html#breadcrumb\",\"itemListElement\":[{\"@type\":\"ListItem\",\"position\":1,\"name\":\"Home\",\"item\":\"https:\/\/www.bagnoitalia.com\/es\"},{\"@type\":\"ListItem\",\"position\":2,\"name\":\"Productos\",\"item\":\"https:\/\/www.bagnoitalia.com\/es\/shop\"},{\"@type\":\"ListItem\",\"position\":3,\"name\":\"Mezclador empotrado de acero inoxidable para lavabo o ba\u00f1era marca Paffoni RB67\"}]},{\"@type\":\"WebSite\",\"@id\":\"https:\/\/www.bagnoitalia.com\/es#website\",\"url\":\"https:\/\/www.bagnoitalia.com\/es\",\"name\":\"Bagno Italia\",\"description\":\"\",\"publisher\":{\"@id\":\"https:\/\/www.bagnoitalia.com\/es#organization\"},\"potentialAction\":[{\"@type\":\"SearchAction\",\"target\":{\"@type\":\"EntryPoint\",\"urlTemplate\":\"https:\/\/www.bagnoitalia.com\/es?s={search_term_string}\"},\"query-input\":{\"@type\":\"PropertyValueSpecification\",\"valueRequired\":true,\"valueName\":\"search_term_string\"}}],\"inLanguage\":\"es\"},{\"@type\":\"Organization\",\"@id\":\"https:\/\/www.bagnoitalia.com\/es#organization\",\"name\":\"Bagno Italia\",\"url\":\"https:\/\/www.bagnoitalia.com\/es\",\"logo\":{\"@type\":\"ImageObject\",\"inLanguage\":\"es\",\"@id\":\"https:\/\/www.bagnoitalia.com\/es#\/schema\/logo\/image\/\",\"url\":\"https:\/\/img.bagnoitalia.com\/wp-content\/uploads\/logo-bagnoitalia.webp\",\"contentUrl\":\"https:\/\/img.bagnoitalia.com\/wp-content\/uploads\/logo-bagnoitalia.webp\",\"width\":400,\"height\":70,\"caption\":\"Bagno Italia\"},\"image\":{\"@id\":\"https:\/\/www.bagnoitalia.com\/es#\/schema\/logo\/image\/\"}}]}<\/script>\n<!-- \/ Yoast SEO plugin. -->","yoast_head_json":{"title":"Mezclador empotrado de acero inoxidable para lavabo o ba\u00f1era marca Paffoni RB67 - Bagno Italia","robots":{"index":"index","follow":"follow","max-snippet":"max-snippet:-1","max-image-preview":"max-image-preview:large","max-video-preview":"max-video-preview:-1"},"canonical":"https:\/\/www.bagnoitalia.com\/es\/producto\/paffoni-built-in-wall-mixer-for-sink-or-bathtub-rb67-model.html","og_locale":"es_ES","og_type":"article","og_title":"Mezclador empotrado de acero inoxidable para lavabo o ba\u00f1era marca Paffoni RB67 - Bagno Italia","og_description":"Mezcladores Paffoni empotrados de acero inoxidable. Elecci\u00f3n de tipo lavabo o ba\u00f1era (con desviador) MADE IN ITALY","og_url":"https:\/\/www.bagnoitalia.com\/es\/producto\/paffoni-built-in-wall-mixer-for-sink-or-bathtub-rb67-model.html","og_site_name":"Bagno Italia","article_modified_time":"2024-10-02T12:43:08+00:00","og_image":[{"width":550,"height":550,"url":"https:\/\/img.bagnoitalia.com\/wp-content\/uploads\/virtuemart\/product\/paffoni-built-in-wall-mixer-for-sink-or-bathtub-rb67_1576753990_524.jpg","type":"image\/jpeg"}],"twitter_card":"summary_large_image","twitter_misc":{"Tiempo de lectura":"1 minuto"},"schema":{"@context":"https:\/\/schema.org","@graph":[{"@type":"WebPage","@id":"https:\/\/www.bagnoitalia.com\/es\/producto\/paffoni-built-in-wall-mixer-for-sink-or-bathtub-rb67-model.html","url":"https:\/\/www.bagnoitalia.com\/es\/producto\/paffoni-built-in-wall-mixer-for-sink-or-bathtub-rb67-model.html","name":"Mezclador empotrado de acero inoxidable para lavabo o ba\u00f1era marca Paffoni RB67 - Bagno Italia","isPartOf":{"@id":"https:\/\/www.bagnoitalia.com\/es#website"},"primaryImageOfPage":{"@id":"https:\/\/www.bagnoitalia.com\/es\/producto\/paffoni-built-in-wall-mixer-for-sink-or-bathtub-rb67-model.html#primaryimage"},"image":{"@id":"https:\/\/www.bagnoitalia.com\/es\/producto\/paffoni-built-in-wall-mixer-for-sink-or-bathtub-rb67-model.html#primaryimage"},"thumbnailUrl":"https:\/\/img.bagnoitalia.com\/wp-content\/uploads\/virtuemart\/product\/paffoni-built-in-wall-mixer-for-sink-or-bathtub-rb67_1576753990_524.jpg","datePublished":"2019-12-19T10:12:02+00:00","dateModified":"2024-10-02T12:43:08+00:00","breadcrumb":{"@id":"https:\/\/www.bagnoitalia.com\/es\/producto\/paffoni-built-in-wall-mixer-for-sink-or-bathtub-rb67-model.html#breadcrumb"},"inLanguage":"es","potentialAction":[{"@type":"ReadAction","target":["https:\/\/www.bagnoitalia.com\/es\/producto\/paffoni-built-in-wall-mixer-for-sink-or-bathtub-rb67-model.html"]}]},{"@type":"ImageObject","inLanguage":"es","@id":"https:\/\/www.bagnoitalia.com\/es\/producto\/paffoni-built-in-wall-mixer-for-sink-or-bathtub-rb67-model.html#primaryimage","url":"https:\/\/img.bagnoitalia.com\/wp-content\/uploads\/virtuemart\/product\/paffoni-built-in-wall-mixer-for-sink-or-bathtub-rb67_1576753990_524.jpg","contentUrl":"https:\/\/img.bagnoitalia.com\/wp-content\/uploads\/virtuemart\/product\/paffoni-built-in-wall-mixer-for-sink-or-bathtub-rb67_1576753990_524.jpg","width":550,"height":550},{"@type":"BreadcrumbList","@id":"https:\/\/www.bagnoitalia.com\/es\/producto\/paffoni-built-in-wall-mixer-for-sink-or-bathtub-rb67-model.html#breadcrumb","itemListElement":[{"@type":"ListItem","position":1,"name":"Home","item":"https:\/\/www.bagnoitalia.com\/es"},{"@type":"ListItem","position":2,"name":"Productos","item":"https:\/\/www.bagnoitalia.com\/es\/shop"},{"@type":"ListItem","position":3,"name":"Mezclador empotrado de acero inoxidable para lavabo o ba\u00f1era marca Paffoni RB67"}]},{"@type":"WebSite","@id":"https:\/\/www.bagnoitalia.com\/es#website","url":"https:\/\/www.bagnoitalia.com\/es","name":"Bagno Italia","description":"","publisher":{"@id":"https:\/\/www.bagnoitalia.com\/es#organization"},"potentialAction":[{"@type":"SearchAction","target":{"@type":"EntryPoint","urlTemplate":"https:\/\/www.bagnoitalia.com\/es?s={search_term_string}"},"query-input":{"@type":"PropertyValueSpecification","valueRequired":true,"valueName":"search_term_string"}}],"inLanguage":"es"},{"@type":"Organization","@id":"https:\/\/www.bagnoitalia.com\/es#organization","name":"Bagno Italia","url":"https:\/\/www.bagnoitalia.com\/es","logo":{"@type":"ImageObject","inLanguage":"es","@id":"https:\/\/www.bagnoitalia.com\/es#\/schema\/logo\/image\/","url":"https:\/\/img.bagnoitalia.com\/wp-content\/uploads\/logo-bagnoitalia.webp","contentUrl":"https:\/\/img.bagnoitalia.com\/wp-content\/uploads\/logo-bagnoitalia.webp","width":400,"height":70,"caption":"Bagno Italia"},"image":{"@id":"https:\/\/www.bagnoitalia.com\/es#\/schema\/logo\/image\/"}}]}},"_links":{"self":[{"href":"https:\/\/www.bagnoitalia.com\/es\/wp-json\/wp\/v2\/product\/92654","targetHints":{"allow":["GET"]}}],"collection":[{"href":"https:\/\/www.bagnoitalia.com\/es\/wp-json\/wp\/v2\/product"}],"about":[{"href":"https:\/\/www.bagnoitalia.com\/es\/wp-json\/wp\/v2\/types\/product"}],"replies":[{"embeddable":true,"href":"https:\/\/www.bagnoitalia.com\/es\/wp-json\/wp\/v2\/comments?post=92654"}],"version-history":[{"count":2,"href":"https:\/\/www.bagnoitalia.com\/es\/wp-json\/wp\/v2\/product\/92654\/revisions"}],"predecessor-version":[{"id":92662,"href":"https:\/\/www.bagnoitalia.com\/es\/wp-json\/wp\/v2\/product\/92654\/revisions\/92662"}],"wp:featuredmedia":[{"embeddable":true,"href":"https:\/\/www.bagnoitalia.com\/es\/wp-json\/wp\/v2\/media\/45087"}],"wp:attachment":[{"href":"https:\/\/www.bagnoitalia.com\/es\/wp-json\/wp\/v2\/media?parent=92654"}],"wp:term":[{"taxonomy":"product_brand","embeddable":true,"href":"https:\/\/www.bagnoitalia.com\/es\/wp-json\/wp\/v2\/product_brand?post=92654"},{"taxonomy":"product_cat","embeddable":true,"href":"https:\/\/www.bagnoitalia.com\/es\/wp-json\/wp\/v2\/product_cat?post=92654"},{"taxonomy":"product_tag","embeddable":true,"href":"https:\/\/www.bagnoitalia.com\/es\/wp-json\/wp\/v2\/product_tag?post=92654"}],"curies":[{"name":"wp","href":"https:\/\/api.w.org\/{rel}","templated":true}]}}