{"id":92627,"date":"2019-07-12T15:13:56","date_gmt":"2019-07-12T13:13:56","guid":{"rendered":"https:\/\/www.bagnoitalia.com\/product\/wooden-shoe-rack-with-feet-in-3-colors-70x156-cm-with-4-shelves"},"modified":"2024-10-01T16:09:49","modified_gmt":"2024-10-01T14:09:49","slug":"wooden-shoe-rack-with-feet-in-3-colors-70x156-cm-with-4-shelves","status":"publish","type":"product","link":"https:\/\/www.bagnoitalia.com\/es\/producto\/wooden-shoe-rack-with-feet-in-3-colors-70x156-cm-with-4-shelves.html","title":{"rendered":"Zapatero de madera con patas en 3 colores 70&#215;156 cm con 4 estantes BM022"},"content":{"rendered":"<p>&nbsp;<\/p>\n<p>Pr\u00e1ctico mueble para guardar los zapatos en muy poco espacio. Hablamos de un zapatero ultrafino, de s\u00f3lo 29 cm de profundidad, cuya principal caracter\u00edstica es la doble balda para cada uno de los 4 compartimentos de los que se compone. Resistente a la humedad, es id\u00f3neo para guardarlo en el cuarto de ba\u00f1o, pero tambi\u00e9n en cualquier otra estancia de la casa gracias a su moderna estructura.<\/p>\n<p>&nbsp;<\/p>\n<p>CARACTER\u00cdSTICAS<\/p>\n<p>Zapatero de dimensiones 70xH156x29p cm<\/p>\n<p>Estructura de madera MDF<\/p>\n<p>Colores disponibles: alerce, gris, blanco brillante<\/p>\n<p>compuesto por 4 compartimentos de estantes dobles<\/p>\n<p>apertura con puerta abatible<\/p>\n<p>zapatero con patas<\/p>\n<p>&nbsp;<\/p>\n<p>&nbsp;<\/p>\n<p>&nbsp;<\/p>\n","protected":false},"excerpt":{"rendered":"<p>Mueble zapatero de madera disponible en alerce, gris, blanco brillante; 4 puertas con estante doble.<\/p>\n","protected":false},"featured_media":44549,"comment_status":"open","ping_status":"closed","template":"","meta":[],"product_brand":[5018],"product_cat":[9669,9665],"product_tag":[],"class_list":{"0":"post-92627","1":"product","2":"type-product","3":"status-publish","4":"has-post-thumbnail","6":"product_brand-brand-store","7":"product_cat-complementos-modernos","8":"product_cat-complementos-economicos","10":"first","11":"instock","12":"sale","13":"taxable","14":"shipping-taxable","15":"purchasable","16":"product-type-simple"},"exclude_global_add_ons":false,"addons":[{"name":"Color","type":"multiple_choice","position":0,"required":true,"title_format":"heading","default":"","description_enable":false,"description":"","placeholder_enable":false,"placeholder":"","display":"select","restrictions_type":"any_text","adjust_price":false,"price":"","price_type":"flat_fee","restrictions":false,"min":"0","max":"0","options":[{"label":"alerce","price":"","price_type":"quantity_based","image":0,"visibility":true},{"label":"Blanco brillante","price":"","price_type":"quantity_based","image":0,"visibility":true},{"label":"gris","price":"","price_type":"quantity_based","image":0,"visibility":true}],"id":1718016334}],"yoast_head":"<!-- This site is optimized with the Yoast SEO plugin v26.7 - https:\/\/yoast.com\/wordpress\/plugins\/seo\/ -->\n<title>Wooden shoe rack with feet in 3 colors 70x156 cm with 4 shelves<\/title>\n<meta name=\"description\" content=\"Wooden shoe cabinet available in larch, gray, glossy white; 4 doors with double shelf.\" \/>\n<meta name=\"robots\" content=\"index, follow, max-snippet:-1, max-image-preview:large, max-video-preview:-1\" \/>\n<link rel=\"canonical\" href=\"https:\/\/www.bagnoitalia.com\/es\/producto\/wooden-shoe-rack-with-feet-in-3-colors-70x156-cm-with-4-shelves.html\" \/>\n<meta property=\"og:locale\" content=\"es_ES\" \/>\n<meta property=\"og:type\" content=\"article\" \/>\n<meta property=\"og:title\" content=\"Wooden shoe rack with feet in 3 colors 70x156 cm with 4 shelves\" \/>\n<meta property=\"og:description\" content=\"Wooden shoe cabinet available in larch, gray, glossy white; 4 doors with double shelf.\" \/>\n<meta property=\"og:url\" content=\"https:\/\/www.bagnoitalia.com\/es\/producto\/wooden-shoe-rack-with-feet-in-3-colors-70x156-cm-with-4-shelves.html\" \/>\n<meta property=\"og:site_name\" content=\"Bagno Italia\" \/>\n<meta property=\"article:modified_time\" content=\"2024-10-01T14:09:49+00:00\" \/>\n<meta property=\"og:image\" content=\"https:\/\/img.bagnoitalia.com\/wp-content\/uploads\/virtuemart\/product\/wooden-shoe-rack-with-feet-3-colors_1562944504_326.jpg\" \/>\n\t<meta property=\"og:image:width\" content=\"550\" \/>\n\t<meta property=\"og:image:height\" content=\"550\" \/>\n\t<meta property=\"og:image:type\" content=\"image\/jpeg\" \/>\n<meta name=\"twitter:card\" content=\"summary_large_image\" \/>\n<meta name=\"twitter:label1\" content=\"Tiempo de lectura\" \/>\n\t<meta name=\"twitter:data1\" content=\"1 minuto\" \/>\n<script type=\"application\/ld+json\" class=\"yoast-schema-graph\">{\"@context\":\"https:\/\/schema.org\",\"@graph\":[{\"@type\":\"WebPage\",\"@id\":\"https:\/\/www.bagnoitalia.com\/es\/producto\/wooden-shoe-rack-with-feet-in-3-colors-70x156-cm-with-4-shelves.html\",\"url\":\"https:\/\/www.bagnoitalia.com\/es\/producto\/wooden-shoe-rack-with-feet-in-3-colors-70x156-cm-with-4-shelves.html\",\"name\":\"Wooden shoe rack with feet in 3 colors 70x156 cm with 4 shelves\",\"isPartOf\":{\"@id\":\"https:\/\/www.bagnoitalia.com\/es#website\"},\"primaryImageOfPage\":{\"@id\":\"https:\/\/www.bagnoitalia.com\/es\/producto\/wooden-shoe-rack-with-feet-in-3-colors-70x156-cm-with-4-shelves.html#primaryimage\"},\"image\":{\"@id\":\"https:\/\/www.bagnoitalia.com\/es\/producto\/wooden-shoe-rack-with-feet-in-3-colors-70x156-cm-with-4-shelves.html#primaryimage\"},\"thumbnailUrl\":\"https:\/\/img.bagnoitalia.com\/wp-content\/uploads\/virtuemart\/product\/wooden-shoe-rack-with-feet-3-colors_1562944504_326.jpg\",\"datePublished\":\"2019-07-12T13:13:56+00:00\",\"dateModified\":\"2024-10-01T14:09:49+00:00\",\"description\":\"Wooden shoe cabinet available in larch, gray, glossy white; 4 doors with double shelf.\",\"breadcrumb\":{\"@id\":\"https:\/\/www.bagnoitalia.com\/es\/producto\/wooden-shoe-rack-with-feet-in-3-colors-70x156-cm-with-4-shelves.html#breadcrumb\"},\"inLanguage\":\"es\",\"potentialAction\":[{\"@type\":\"ReadAction\",\"target\":[\"https:\/\/www.bagnoitalia.com\/es\/producto\/wooden-shoe-rack-with-feet-in-3-colors-70x156-cm-with-4-shelves.html\"]}]},{\"@type\":\"ImageObject\",\"inLanguage\":\"es\",\"@id\":\"https:\/\/www.bagnoitalia.com\/es\/producto\/wooden-shoe-rack-with-feet-in-3-colors-70x156-cm-with-4-shelves.html#primaryimage\",\"url\":\"https:\/\/img.bagnoitalia.com\/wp-content\/uploads\/virtuemart\/product\/wooden-shoe-rack-with-feet-3-colors_1562944504_326.jpg\",\"contentUrl\":\"https:\/\/img.bagnoitalia.com\/wp-content\/uploads\/virtuemart\/product\/wooden-shoe-rack-with-feet-3-colors_1562944504_326.jpg\",\"width\":550,\"height\":550},{\"@type\":\"BreadcrumbList\",\"@id\":\"https:\/\/www.bagnoitalia.com\/es\/producto\/wooden-shoe-rack-with-feet-in-3-colors-70x156-cm-with-4-shelves.html#breadcrumb\",\"itemListElement\":[{\"@type\":\"ListItem\",\"position\":1,\"name\":\"Home\",\"item\":\"https:\/\/www.bagnoitalia.com\/es\"},{\"@type\":\"ListItem\",\"position\":2,\"name\":\"Productos\",\"item\":\"https:\/\/www.bagnoitalia.com\/es\/shop\"},{\"@type\":\"ListItem\",\"position\":3,\"name\":\"Zapatero de madera con patas en 3 colores 70&#215;156 cm con 4 estantes BM022\"}]},{\"@type\":\"WebSite\",\"@id\":\"https:\/\/www.bagnoitalia.com\/es#website\",\"url\":\"https:\/\/www.bagnoitalia.com\/es\",\"name\":\"Bagno Italia\",\"description\":\"\",\"publisher\":{\"@id\":\"https:\/\/www.bagnoitalia.com\/es#organization\"},\"potentialAction\":[{\"@type\":\"SearchAction\",\"target\":{\"@type\":\"EntryPoint\",\"urlTemplate\":\"https:\/\/www.bagnoitalia.com\/es?s={search_term_string}\"},\"query-input\":{\"@type\":\"PropertyValueSpecification\",\"valueRequired\":true,\"valueName\":\"search_term_string\"}}],\"inLanguage\":\"es\"},{\"@type\":\"Organization\",\"@id\":\"https:\/\/www.bagnoitalia.com\/es#organization\",\"name\":\"Bagno Italia\",\"url\":\"https:\/\/www.bagnoitalia.com\/es\",\"logo\":{\"@type\":\"ImageObject\",\"inLanguage\":\"es\",\"@id\":\"https:\/\/www.bagnoitalia.com\/es#\/schema\/logo\/image\/\",\"url\":\"https:\/\/img.bagnoitalia.com\/wp-content\/uploads\/logo-bagnoitalia.webp\",\"contentUrl\":\"https:\/\/img.bagnoitalia.com\/wp-content\/uploads\/logo-bagnoitalia.webp\",\"width\":400,\"height\":70,\"caption\":\"Bagno Italia\"},\"image\":{\"@id\":\"https:\/\/www.bagnoitalia.com\/es#\/schema\/logo\/image\/\"}}]}<\/script>\n<!-- \/ Yoast SEO plugin. -->","yoast_head_json":{"title":"Wooden shoe rack with feet in 3 colors 70x156 cm with 4 shelves","description":"Wooden shoe cabinet available in larch, gray, glossy white; 4 doors with double shelf.","robots":{"index":"index","follow":"follow","max-snippet":"max-snippet:-1","max-image-preview":"max-image-preview:large","max-video-preview":"max-video-preview:-1"},"canonical":"https:\/\/www.bagnoitalia.com\/es\/producto\/wooden-shoe-rack-with-feet-in-3-colors-70x156-cm-with-4-shelves.html","og_locale":"es_ES","og_type":"article","og_title":"Wooden shoe rack with feet in 3 colors 70x156 cm with 4 shelves","og_description":"Wooden shoe cabinet available in larch, gray, glossy white; 4 doors with double shelf.","og_url":"https:\/\/www.bagnoitalia.com\/es\/producto\/wooden-shoe-rack-with-feet-in-3-colors-70x156-cm-with-4-shelves.html","og_site_name":"Bagno Italia","article_modified_time":"2024-10-01T14:09:49+00:00","og_image":[{"width":550,"height":550,"url":"https:\/\/img.bagnoitalia.com\/wp-content\/uploads\/virtuemart\/product\/wooden-shoe-rack-with-feet-3-colors_1562944504_326.jpg","type":"image\/jpeg"}],"twitter_card":"summary_large_image","twitter_misc":{"Tiempo de lectura":"1 minuto"},"schema":{"@context":"https:\/\/schema.org","@graph":[{"@type":"WebPage","@id":"https:\/\/www.bagnoitalia.com\/es\/producto\/wooden-shoe-rack-with-feet-in-3-colors-70x156-cm-with-4-shelves.html","url":"https:\/\/www.bagnoitalia.com\/es\/producto\/wooden-shoe-rack-with-feet-in-3-colors-70x156-cm-with-4-shelves.html","name":"Wooden shoe rack with feet in 3 colors 70x156 cm with 4 shelves","isPartOf":{"@id":"https:\/\/www.bagnoitalia.com\/es#website"},"primaryImageOfPage":{"@id":"https:\/\/www.bagnoitalia.com\/es\/producto\/wooden-shoe-rack-with-feet-in-3-colors-70x156-cm-with-4-shelves.html#primaryimage"},"image":{"@id":"https:\/\/www.bagnoitalia.com\/es\/producto\/wooden-shoe-rack-with-feet-in-3-colors-70x156-cm-with-4-shelves.html#primaryimage"},"thumbnailUrl":"https:\/\/img.bagnoitalia.com\/wp-content\/uploads\/virtuemart\/product\/wooden-shoe-rack-with-feet-3-colors_1562944504_326.jpg","datePublished":"2019-07-12T13:13:56+00:00","dateModified":"2024-10-01T14:09:49+00:00","description":"Wooden shoe cabinet available in larch, gray, glossy white; 4 doors with double shelf.","breadcrumb":{"@id":"https:\/\/www.bagnoitalia.com\/es\/producto\/wooden-shoe-rack-with-feet-in-3-colors-70x156-cm-with-4-shelves.html#breadcrumb"},"inLanguage":"es","potentialAction":[{"@type":"ReadAction","target":["https:\/\/www.bagnoitalia.com\/es\/producto\/wooden-shoe-rack-with-feet-in-3-colors-70x156-cm-with-4-shelves.html"]}]},{"@type":"ImageObject","inLanguage":"es","@id":"https:\/\/www.bagnoitalia.com\/es\/producto\/wooden-shoe-rack-with-feet-in-3-colors-70x156-cm-with-4-shelves.html#primaryimage","url":"https:\/\/img.bagnoitalia.com\/wp-content\/uploads\/virtuemart\/product\/wooden-shoe-rack-with-feet-3-colors_1562944504_326.jpg","contentUrl":"https:\/\/img.bagnoitalia.com\/wp-content\/uploads\/virtuemart\/product\/wooden-shoe-rack-with-feet-3-colors_1562944504_326.jpg","width":550,"height":550},{"@type":"BreadcrumbList","@id":"https:\/\/www.bagnoitalia.com\/es\/producto\/wooden-shoe-rack-with-feet-in-3-colors-70x156-cm-with-4-shelves.html#breadcrumb","itemListElement":[{"@type":"ListItem","position":1,"name":"Home","item":"https:\/\/www.bagnoitalia.com\/es"},{"@type":"ListItem","position":2,"name":"Productos","item":"https:\/\/www.bagnoitalia.com\/es\/shop"},{"@type":"ListItem","position":3,"name":"Zapatero de madera con patas en 3 colores 70&#215;156 cm con 4 estantes BM022"}]},{"@type":"WebSite","@id":"https:\/\/www.bagnoitalia.com\/es#website","url":"https:\/\/www.bagnoitalia.com\/es","name":"Bagno Italia","description":"","publisher":{"@id":"https:\/\/www.bagnoitalia.com\/es#organization"},"potentialAction":[{"@type":"SearchAction","target":{"@type":"EntryPoint","urlTemplate":"https:\/\/www.bagnoitalia.com\/es?s={search_term_string}"},"query-input":{"@type":"PropertyValueSpecification","valueRequired":true,"valueName":"search_term_string"}}],"inLanguage":"es"},{"@type":"Organization","@id":"https:\/\/www.bagnoitalia.com\/es#organization","name":"Bagno Italia","url":"https:\/\/www.bagnoitalia.com\/es","logo":{"@type":"ImageObject","inLanguage":"es","@id":"https:\/\/www.bagnoitalia.com\/es#\/schema\/logo\/image\/","url":"https:\/\/img.bagnoitalia.com\/wp-content\/uploads\/logo-bagnoitalia.webp","contentUrl":"https:\/\/img.bagnoitalia.com\/wp-content\/uploads\/logo-bagnoitalia.webp","width":400,"height":70,"caption":"Bagno Italia"},"image":{"@id":"https:\/\/www.bagnoitalia.com\/es#\/schema\/logo\/image\/"}}]}},"_links":{"self":[{"href":"https:\/\/www.bagnoitalia.com\/es\/wp-json\/wp\/v2\/product\/92627","targetHints":{"allow":["GET"]}}],"collection":[{"href":"https:\/\/www.bagnoitalia.com\/es\/wp-json\/wp\/v2\/product"}],"about":[{"href":"https:\/\/www.bagnoitalia.com\/es\/wp-json\/wp\/v2\/types\/product"}],"replies":[{"embeddable":true,"href":"https:\/\/www.bagnoitalia.com\/es\/wp-json\/wp\/v2\/comments?post=92627"}],"version-history":[{"count":2,"href":"https:\/\/www.bagnoitalia.com\/es\/wp-json\/wp\/v2\/product\/92627\/revisions"}],"predecessor-version":[{"id":92629,"href":"https:\/\/www.bagnoitalia.com\/es\/wp-json\/wp\/v2\/product\/92627\/revisions\/92629"}],"wp:featuredmedia":[{"embeddable":true,"href":"https:\/\/www.bagnoitalia.com\/es\/wp-json\/wp\/v2\/media\/44549"}],"wp:attachment":[{"href":"https:\/\/www.bagnoitalia.com\/es\/wp-json\/wp\/v2\/media?parent=92627"}],"wp:term":[{"taxonomy":"product_brand","embeddable":true,"href":"https:\/\/www.bagnoitalia.com\/es\/wp-json\/wp\/v2\/product_brand?post=92627"},{"taxonomy":"product_cat","embeddable":true,"href":"https:\/\/www.bagnoitalia.com\/es\/wp-json\/wp\/v2\/product_cat?post=92627"},{"taxonomy":"product_tag","embeddable":true,"href":"https:\/\/www.bagnoitalia.com\/es\/wp-json\/wp\/v2\/product_tag?post=92627"}],"curies":[{"name":"wp","href":"https:\/\/api.w.org\/{rel}","templated":true}]}}